{"id":379139,"date":"2025-12-11T10:04:37","date_gmt":"2025-12-11T10:04:37","guid":{"rendered":"https:\/\/dev.codekraft.it\/rotary-2024\/products\/uncategorized\/verbindungssatz-att-32\/"},"modified":"2025-12-11T10:04:37","modified_gmt":"2025-12-11T10:04:37","slug":"verbindungssatz-att-32","status":"publish","type":"product","link":"https:\/\/dev.codekraft.it\/rotary-2024\/produkte\/zubehor-hebebuhnen-de\/abstutzsysteme-de\/verbindungssatz-att-32\/","title":{"rendered":"Verbindungssatz ATT 3,2"},"content":{"rendered":"","protected":false},"excerpt":{"rendered":"<p>10 t, Zapfen-\u00d8 55 mm | zum sicheren Absetzen einer Achstraverse ATT 3,2 auf die Abst\u00fctzbr\u00fccke GS\/GSB<\/p>\n","protected":false},"featured_media":0,"template":"","meta":[],"product_cat":[1033970],"product_tag":[1034143,1034126,1034178,1034195],"product_approvals":[],"product_application":[],"class_list":{"0":"post-379139","1":"product","2":"type-product","3":"status-publish","5":"product_cat-abstutzsysteme-de","6":"product_tag-buses-de","7":"product_tag-trucks-de","8":"product_tag-light-commercial-de","9":"product_tag-motor-homes-de","11":"first","12":"instock","13":"shipping-taxable","14":"product-type-simple"},"approvals":[],"application":[],"brb_media_brochure":"","brb_media_drawing":"","brb_media_manuals":"","brb_media_safety_datasheets":"","brb_media_spare_parts":[],"_cdmm_p_id":"462870","_company":"Elektron","_gtin":"4057612133196","accessories":[{"id":377171,"cdmm_p_id":"169","name":"Zwischenst\u00fccke ZS 50","description":"1,5 t, 50 mm | 1 Satz \/ 2 St\u00fcck","thumbnail":"https:\/\/dev.codekraft.it\/rotary-2024\/wp-content\/uploads\/brb_media\/00023160_zs-100-ohne-text_web-150x150.png","url":"https:\/\/dev.codekraft.it\/rotary-2024\/produkte\/zubehor-hebebuhnen-de\/abstutzsysteme-de\/zwischenstucke-zs-50\/"},{"id":377165,"cdmm_p_id":"170","name":"Zwischenst\u00fccke ZS 100","description":"1,5 t, 100 mm | 1 Satz \/ 2 St\u00fcck","thumbnail":"https:\/\/dev.codekraft.it\/rotary-2024\/wp-content\/uploads\/brb_media\/00023160_zs-100-ohne-text_web-150x150.png","url":"https:\/\/dev.codekraft.it\/rotary-2024\/produkte\/zubehor-hebebuhnen-de\/abstutzsysteme-de\/zwischenstucke-zs-100\/"}],"components":[],"related":[],"similar":[],"lang":"de","translations":{"de":379139,"en":379138,"fr":379140,"it":379141,"es":379142,"ru":379143},"pll_sync_post":[],"_links":{"self":[{"href":"https:\/\/dev.codekraft.it\/rotary-2024\/wp-json\/wp\/v2\/product\/379139","targetHints":{"allow":["GET"]}}],"collection":[{"href":"https:\/\/dev.codekraft.it\/rotary-2024\/wp-json\/wp\/v2\/product"}],"about":[{"href":"https:\/\/dev.codekraft.it\/rotary-2024\/wp-json\/wp\/v2\/types\/product"}],"wp:attachment":[{"href":"https:\/\/dev.codekraft.it\/rotary-2024\/wp-json\/wp\/v2\/media?parent=379139"}],"wp:term":[{"taxonomy":"product_cat","embeddable":true,"href":"https:\/\/dev.codekraft.it\/rotary-2024\/wp-json\/wp\/v2\/product_cat?post=379139"},{"taxonomy":"product_tag","embeddable":true,"href":"https:\/\/dev.codekraft.it\/rotary-2024\/wp-json\/wp\/v2\/product_tag?post=379139"},{"taxonomy":"product_approvals","embeddable":true,"href":"https:\/\/dev.codekraft.it\/rotary-2024\/wp-json\/wp\/v2\/product_approvals?post=379139"},{"taxonomy":"product_application","embeddable":true,"href":"https:\/\/dev.codekraft.it\/rotary-2024\/wp-json\/wp\/v2\/product_application?post=379139"}],"curies":[{"name":"wp","href":"https:\/\/api.w.org\/{rel}","templated":true}]}}