{"id":379127,"date":"2025-12-11T10:04:37","date_gmt":"2025-12-11T10:04:37","guid":{"rendered":"https:\/\/dev.codekraft.it\/rotary-2024\/products\/uncategorized\/distanzrohr-dr-5\/"},"modified":"2025-12-11T10:04:37","modified_gmt":"2025-12-11T10:04:37","slug":"distanzrohr-dr-5","status":"publish","type":"product","link":"https:\/\/dev.codekraft.it\/rotary-2024\/produkte\/zubehor-hebebuhnen-de\/lastaufnahmemittel-de\/distanzrohr-dr-5\/","title":{"rendered":"Distanzrohr DR 5"},"content":{"rendered":"<ul>\n<li>Distanzrohre zum Ausgleich besonders gro\u00dfer H\u00f6henunterschiede zwischen Abst\u00fctzbr\u00fccken und Last, standardm\u00e4\u00dfig mit Durchfallsicherung, je St\u00fcck<\/li>\n<\/ul>\n","protected":false},"excerpt":{"rendered":"<p>10 t, Zapfen-\u00d8 35 mm, 500 mm | 1 St\u00fcck<\/p>\n","protected":false},"featured_media":374704,"template":"","meta":[],"product_cat":[1033958],"product_tag":[1034260,1034143,1034229,1034212,1034126,1034161,1034178,1034195],"product_approvals":[],"product_application":[],"class_list":{"0":"post-379127","1":"product","2":"type-product","3":"status-publish","4":"has-post-thumbnail","6":"product_cat-lastaufnahmemittel-de","7":"product_tag-anhanger-de","8":"product_tag-buses-de","9":"product_tag-tracked-vehicles-de","10":"product_tag-agricultural-machines-de","11":"product_tag-trucks-de","12":"product_tag-passenger-cars-de","13":"product_tag-light-commercial-de","14":"product_tag-motor-homes-de","16":"first","17":"instock","18":"shipping-taxable","19":"product-type-simple"},"approvals":[],"application":[],"brb_media_brochure":"","brb_media_drawing":"","brb_media_manuals":"","brb_media_safety_datasheets":"","brb_media_spare_parts":[],"_cdmm_p_id":"462842","_company":"Elektron","_gtin":"4057612303551","accessories":[],"components":[],"related":[],"similar":[{"id":377864,"cdmm_p_id":"193","name":"Distanzrohr DR 4","description":"10 t, Zapfen-\u00d8 35 mm, 400 mm | 1 St\u00fcck","thumbnail":"https:\/\/dev.codekraft.it\/rotary-2024\/wp-content\/uploads\/brb_media\/00023090_dr-4-ohne-text_web-54x150.png","url":"https:\/\/dev.codekraft.it\/rotary-2024\/produkte\/zubehor-hebebuhnen-de\/lastaufnahmemittel-de\/distanzrohr-dr-4-2\/"}],"lang":"de","translations":{"de":379127,"en":379126,"fr":379128,"it":379129,"es":379130,"ru":379131},"pll_sync_post":[],"_links":{"self":[{"href":"https:\/\/dev.codekraft.it\/rotary-2024\/wp-json\/wp\/v2\/product\/379127","targetHints":{"allow":["GET"]}}],"collection":[{"href":"https:\/\/dev.codekraft.it\/rotary-2024\/wp-json\/wp\/v2\/product"}],"about":[{"href":"https:\/\/dev.codekraft.it\/rotary-2024\/wp-json\/wp\/v2\/types\/product"}],"wp:featuredmedia":[{"embeddable":true,"href":"https:\/\/dev.codekraft.it\/rotary-2024\/wp-json\/wp\/v2\/media\/374704"}],"wp:attachment":[{"href":"https:\/\/dev.codekraft.it\/rotary-2024\/wp-json\/wp\/v2\/media?parent=379127"}],"wp:term":[{"taxonomy":"product_cat","embeddable":true,"href":"https:\/\/dev.codekraft.it\/rotary-2024\/wp-json\/wp\/v2\/product_cat?post=379127"},{"taxonomy":"product_tag","embeddable":true,"href":"https:\/\/dev.codekraft.it\/rotary-2024\/wp-json\/wp\/v2\/product_tag?post=379127"},{"taxonomy":"product_approvals","embeddable":true,"href":"https:\/\/dev.codekraft.it\/rotary-2024\/wp-json\/wp\/v2\/product_approvals?post=379127"},{"taxonomy":"product_application","embeddable":true,"href":"https:\/\/dev.codekraft.it\/rotary-2024\/wp-json\/wp\/v2\/product_application?post=379127"}],"curies":[{"name":"wp","href":"https:\/\/api.w.org\/{rel}","templated":true}]}}