{"id":379122,"date":"2025-12-11T10:10:53","date_gmt":"2025-12-11T10:10:53","guid":{"rendered":"https:\/\/dev.codekraft.it\/rotary-2024\/products\/uncategorized\/plate-forme-de-support\/"},"modified":"2025-12-11T10:10:53","modified_gmt":"2025-12-11T10:10:53","slug":"plate-forme-de-support","status":"publish","type":"product","link":"https:\/\/dev.codekraft.it\/rotary-2024\/fr\/produits\/accessoires-ponts-elevateurs-fr\/systemes-de-soutien-fr\/plate-forme-de-support\/","title":{"rendered":"Plate-forme de support"},"content":{"rendered":"","protected":false},"excerpt":{"rendered":"<p>15 t, mobile | destin\u00e9e \u00e0 \u00eatre utilis\u00e9e avec des supports en U, appr\u00eat\u00e9s et laqu\u00e9s, abaiss\u00e9e sous charge<\/p>\n","protected":false},"featured_media":374697,"template":"","meta":[],"product_cat":[1033972],"product_tag":[1034145,1034128,1034197,1034262,1034180,1034231,1034214,1034163],"product_approvals":[],"product_application":[],"class_list":{"0":"post-379122","1":"product","2":"type-product","3":"status-publish","4":"has-post-thumbnail","6":"product_cat-systemes-de-soutien-fr","7":"product_tag-buses-fr","8":"product_tag-trucks-fr","9":"product_tag-motor-homes-fr","10":"product_tag-remorques-fr","11":"product_tag-light-commercial-fr","12":"product_tag-tracked-vehicles-fr","13":"product_tag-agricultural-machines-fr","14":"product_tag-passenger-cars-fr","16":"first","17":"instock","18":"shipping-taxable","19":"product-type-simple"},"approvals":[],"application":[],"brb_media_brochure":"","brb_media_drawing":"","brb_media_manuals":[{"id":377177,"url":"https:\/\/dev.codekraft.it\/rotary-2024\/wp-content\/uploads\/brb_media\/00535454_supporting-device-om-sp-129500-multi-2024-10-revb.pdf","title":"supporting device om sp 129500 multi 2024 10 revb","thumbnail":"https:\/\/dev.codekraft.it\/rotary-2024\/wp-content\/uploads\/brb_media\/00535454_supporting-device-om-sp-129500-multi-2024-10-revb-pdf-106x150.png","description":""}],"brb_media_safety_datasheets":"","brb_media_spare_parts":[],"_cdmm_p_id":"462839","_company":"Elektron","_gtin":"4057612078220","accessories":[{"id":377637,"cdmm_p_id":"258","name":"Bloc support DB","description":"Bloc de bois 100 x 200 x 360 mm, capacit\u00e9 de charge 15 t | pour abaisser la traverse sur le pont support | 1 pi\u00e8ce","thumbnail":"https:\/\/dev.codekraft.it\/rotary-2024\/wp-content\/uploads\/brb_media\/00023088_db-ohne-text_web-150x150.png","url":"https:\/\/dev.codekraft.it\/rotary-2024\/fr\/produits\/accessoires-ponts-elevateurs-fr\/systemes-de-soutien-fr\/bloc-support-db\/"}],"components":[],"related":[],"similar":[],"lang":"fr","translations":{"fr":379122,"en":379120,"de":379121,"it":379123,"es":379124,"ru":379125},"pll_sync_post":[],"_links":{"self":[{"href":"https:\/\/dev.codekraft.it\/rotary-2024\/wp-json\/wp\/v2\/product\/379122","targetHints":{"allow":["GET"]}}],"collection":[{"href":"https:\/\/dev.codekraft.it\/rotary-2024\/wp-json\/wp\/v2\/product"}],"about":[{"href":"https:\/\/dev.codekraft.it\/rotary-2024\/wp-json\/wp\/v2\/types\/product"}],"wp:featuredmedia":[{"embeddable":true,"href":"https:\/\/dev.codekraft.it\/rotary-2024\/wp-json\/wp\/v2\/media\/374697"}],"wp:attachment":[{"href":"https:\/\/dev.codekraft.it\/rotary-2024\/wp-json\/wp\/v2\/media?parent=379122"}],"wp:term":[{"taxonomy":"product_cat","embeddable":true,"href":"https:\/\/dev.codekraft.it\/rotary-2024\/wp-json\/wp\/v2\/product_cat?post=379122"},{"taxonomy":"product_tag","embeddable":true,"href":"https:\/\/dev.codekraft.it\/rotary-2024\/wp-json\/wp\/v2\/product_tag?post=379122"},{"taxonomy":"product_approvals","embeddable":true,"href":"https:\/\/dev.codekraft.it\/rotary-2024\/wp-json\/wp\/v2\/product_approvals?post=379122"},{"taxonomy":"product_application","embeddable":true,"href":"https:\/\/dev.codekraft.it\/rotary-2024\/wp-json\/wp\/v2\/product_application?post=379122"}],"curies":[{"name":"wp","href":"https:\/\/api.w.org\/{rel}","templated":true}]}}