{"id":379112,"date":"2025-12-11T10:11:33","date_gmt":"2025-12-11T10:11:33","guid":{"rendered":"https:\/\/dev.codekraft.it\/rotary-2024\/products\/uncategorized\/c-clip-cdisk-4\/"},"modified":"2025-12-11T10:11:33","modified_gmt":"2025-12-11T10:11:33","slug":"c-clip-cdisk-4","status":"publish","type":"product","link":"https:\/\/dev.codekraft.it\/rotary-2024\/es\/productos\/accesorios-otros-productos-es\/accesorios-herramientas-especiales-es\/c-clip-cdisk-4\/","title":{"rendered":"C-clip cDISK"},"content":{"rendered":"","protected":false},"excerpt":{"rendered":"<p>Para el montaje y desmontaje de acoplamientos y discos de control en un espacio de instalaci\u00f3n restringida, (por ejemplo Cross-linking, conexi\u00f3n s\u00f3lo con cDISK b\u00e1sica 3745410) capacidad de 80 kg<\/p>\n","protected":false},"featured_media":350795,"template":"","meta":[],"product_brand":[],"product_cat":[1033416],"product_tag":[1034151,1034134],"product_approvals":[],"product_application":[],"class_list":{"0":"post-379112","1":"product","2":"type-product","3":"status-publish","4":"has-post-thumbnail","6":"product_cat-accesorios-herramientas-especiales-es","7":"product_tag-buses-es","8":"product_tag-trucks-es","10":"first","11":"instock","12":"shipping-taxable","13":"product-type-simple"},"approvals":[],"application":[],"brb_media_brochure":[{"id":348779,"url":"https:\/\/dev.codekraft.it\/rotary-2024\/wp-content\/uploads\/brb_media\/00117711_special-tool-cdisk-br-102361-de-2010-02-screen.pdf","title":"special tool cdisk br 102361 de 2010 02 screen","mpn":"","thumbnail":"https:\/\/dev.codekraft.it\/rotary-2024\/wp-content\/uploads\/brb_media\/00117711_special-tool-cdisk-br-102361-de-2010-02-screen-pdf-106x150.png","description":""},{"id":348780,"url":"https:\/\/dev.codekraft.it\/rotary-2024\/wp-content\/uploads\/brb_media\/00117712_special-tool-cdisk-br-1102362-en-2010-02-screen.pdf","title":"special tool cdisk br 1102362 en 2010 02 screen","mpn":"","thumbnail":"https:\/\/dev.codekraft.it\/rotary-2024\/wp-content\/uploads\/brb_media\/00117712_special-tool-cdisk-br-1102362-en-2010-02-screen-pdf-106x150.png","description":""},{"id":348781,"url":"https:\/\/dev.codekraft.it\/rotary-2024\/wp-content\/uploads\/brb_media\/00117713_special-tool-cdisk-br-102363-fr-2010-02-screen.pdf","title":"special tool cdisk br 102363 fr 2010 02 screen","mpn":"","thumbnail":"https:\/\/dev.codekraft.it\/rotary-2024\/wp-content\/uploads\/brb_media\/00117713_special-tool-cdisk-br-102363-fr-2010-02-screen-pdf-106x150.png","description":""},{"id":348782,"url":"https:\/\/dev.codekraft.it\/rotary-2024\/wp-content\/uploads\/brb_media\/00117714_special-tool-cdisk-br-102365-it-2010-02-screen.pdf","title":"special tool cdisk br 102365 it 2010 02 screen","mpn":"","thumbnail":"https:\/\/dev.codekraft.it\/rotary-2024\/wp-content\/uploads\/brb_media\/00117714_special-tool-cdisk-br-102365-it-2010-02-screen-pdf-106x150.png","description":""},{"id":348783,"url":"https:\/\/dev.codekraft.it\/rotary-2024\/wp-content\/uploads\/brb_media\/00117715_special-tool-cdisk-br-102364-es-2010-02-screen.pdf","title":"special tool cdisk br 102364 es 2010 02 screen","mpn":"","thumbnail":"https:\/\/dev.codekraft.it\/rotary-2024\/wp-content\/uploads\/brb_media\/00117715_special-tool-cdisk-br-102364-es-2010-02-screen-pdf-106x150.png","description":""},{"id":356550,"url":"https:\/\/dev.codekraft.it\/rotary-2024\/wp-content\/uploads\/brb_media\/00527943_special-tools-br-06-24-de-2024-06-screen.pdf","title":"Special tools BR 06 24 de 2024 06 screen","mpn":"","thumbnail":"https:\/\/dev.codekraft.it\/rotary-2024\/wp-content\/uploads\/brb_media\/00527943_special-tools-br-06-24-de-2024-06-screen-pdf-106x150.png","description":""},{"id":356551,"url":"https:\/\/dev.codekraft.it\/rotary-2024\/wp-content\/uploads\/brb_media\/00527944_special-tools-br-06-24-en-2024-06-screen.pdf","title":"Special tools BR 06 24 en 2024 06 screen","mpn":"","thumbnail":"https:\/\/dev.codekraft.it\/rotary-2024\/wp-content\/uploads\/brb_media\/00527944_special-tools-br-06-24-en-2024-06-screen-pdf-106x150.png","description":""}],"brb_media_drawing":"","brb_media_manuals":"","brb_media_safety_datasheets":"","brb_media_spare_parts":[],"_cdmm_p_id":"462741","_company":"Elektron","_gtin":"4057612251739","accessories":[{"id":378011,"mpn":"119539","name":"Adaptaci\u00f3n para el volante cDISK","description":"Ajuste positivo por medio de tornillos hexagonales, di\u00e1metro: 450 mm, cromado amarillo, peso: 1,5 kg, capacidad de carga: 80 kg, de paso adicional c\u00edrculo de di\u00e1metro 410 mm + 375 mm","thumbnail":"https:\/\/dev.codekraft.it\/rotary-2024\/wp-content\/uploads\/brb_media\/00023449_cdisk-schwungrad-adaption_web-150x150.png","url":"https:\/\/dev.codekraft.it\/rotary-2024\/es\/productos\/accesorios-otros-productos-es\/accesorios-herramientas-especiales-es\/adaptacion-para-el-volante-cdisk\/"},{"id":378005,"mpn":"100626","name":"Kit adicional EvoBus cDISK","description":"cromatizado en amarillo, carga admisible: 80 kg","thumbnail":"https:\/\/dev.codekraft.it\/rotary-2024\/wp-content\/uploads\/brb_media\/00023447_cdisk-evobus-zusatzkit_web-150x150.png","url":"https:\/\/dev.codekraft.it\/rotary-2024\/es\/productos\/accesorios-otros-productos-es\/accesorios-herramientas-especiales-es\/kit-adicional-evobus-cdisk\/"},{"id":377477,"mpn":"3745410","name":"Equipo de montaje platos de apriete (cami\u00f3n) cDISK","description":"incl. arco de transporte y brazo de montaje","thumbnail":"https:\/\/dev.codekraft.it\/rotary-2024\/wp-content\/uploads\/brb_media\/00023445_cdisk-druckplatten-montagevorrichtung-lkw_web-150x150.png","url":"https:\/\/dev.codekraft.it\/rotary-2024\/es\/productos\/otros-productos-es\/herramientas-especiales-es\/equipo-de-montaje-platos-de-apriete-camion-cdisk\/"}],"components":[],"related":[],"page_logo_src":"https:\/\/dev.codekraft.it\/rotary-2024\/wp-content\/uploads\/2024\/05\/cropped-rotary-logo-2022.png","lang":"es","translations":{"es":379112,"en":379108,"de":379109,"fr":379110,"it":379111,"ru":379113},"pll_sync_post":[],"_links":{"self":[{"href":"https:\/\/dev.codekraft.it\/rotary-2024\/wp-json\/wp\/v2\/product\/379112","targetHints":{"allow":["GET"]}}],"collection":[{"href":"https:\/\/dev.codekraft.it\/rotary-2024\/wp-json\/wp\/v2\/product"}],"about":[{"href":"https:\/\/dev.codekraft.it\/rotary-2024\/wp-json\/wp\/v2\/types\/product"}],"wp:featuredmedia":[{"embeddable":true,"href":"https:\/\/dev.codekraft.it\/rotary-2024\/wp-json\/wp\/v2\/media\/350795"}],"wp:attachment":[{"href":"https:\/\/dev.codekraft.it\/rotary-2024\/wp-json\/wp\/v2\/media?parent=379112"}],"wp:term":[{"taxonomy":"product_brand","embeddable":true,"href":"https:\/\/dev.codekraft.it\/rotary-2024\/wp-json\/wp\/v2\/product_brand?post=379112"},{"taxonomy":"product_cat","embeddable":true,"href":"https:\/\/dev.codekraft.it\/rotary-2024\/wp-json\/wp\/v2\/product_cat?post=379112"},{"taxonomy":"product_tag","embeddable":true,"href":"https:\/\/dev.codekraft.it\/rotary-2024\/wp-json\/wp\/v2\/product_tag?post=379112"},{"taxonomy":"product_approvals","embeddable":true,"href":"https:\/\/dev.codekraft.it\/rotary-2024\/wp-json\/wp\/v2\/product_approvals?post=379112"},{"taxonomy":"product_application","embeddable":true,"href":"https:\/\/dev.codekraft.it\/rotary-2024\/wp-json\/wp\/v2\/product_application?post=379112"}],"curies":[{"name":"wp","href":"https:\/\/api.w.org\/{rel}","templated":true}]}}