{"id":379087,"date":"2025-10-28T11:45:54","date_gmt":"2025-10-28T11:45:54","guid":{"rendered":"https:\/\/dev.codekraft.it\/rotary-2024\/products\/uncategorized\/ponte-sollevatore-a-2-colonne-spoa3ts-5-eh1-mb\/"},"modified":"2025-10-28T11:45:54","modified_gmt":"2025-10-28T11:45:54","slug":"ponte-sollevatore-a-2-colonne-spoa3ts-5-eh1-mb","status":"publish","type":"product","link":"https:\/\/dev.codekraft.it\/rotary-2024\/it\/prodotti\/ponti-sollevatori-it\/ponti-sollevatori-a-2-colonne-it\/ponte-sollevatore-a-2-colonne-spoa3ts-5-eh1-mb\/","title":{"rendered":"Ponte sollevatore a 2 colonne SPOA3TS-5-EH1-MB"},"content":{"rendered":"<p>Il sollevatore elettroidraulico a 2 colonne con bracci di supporto asimmetrici in 3 parti consente il sollevamento dalle autovetture (SMART) fino alla classe V grazie alla sua area di ricezione flessibile. Il controllo su entrambi i lati offre una serie di vantaggi pratici.<\/p>\n<ul>\n<li>Serie SPO: il sollevatore pi\u00f9 venduto al mondo<\/li>\n<li>Massima sicurezza con il concetto Rotary 3PSS<\/li>\n<li>Seconda unit\u00e0 di controllo inclusa<\/li>\n<\/ul>\n<ul>\n<li>Il concetto 3PSS (sistema di sicurezza a 3 fasi) include:\n<ul>\n<li>Dispositivi di sicurezza meccanici integrati con azionamento automatico su entrambi i lati.<\/li>\n<li>I paranchi a fune di sincronizzazione montati senza carico assicurano il carico durante le operazioni di sollevamento e abbassamento.<\/li>\n<li>Sistema idraulico assicurato da una valvola di ritegno che include cilindri ad alta pressione esenti da manutenzione in entrambe le colonne.<\/li>\n<\/ul>\n<\/li>\n<li>Il design asimmetrico della colonna e del braccio di supporto consente uno spazio libero ottimale per la porta.<\/li>\n<li>La combinazione di ampiezza libera massima con dimensioni esterne minime e una costruzione senza telaio di base assicura che la piattaforma di sollevamento possa essere percorsa senza problemi.<\/li>\n<li>I dischi rotanti sono inseribili e possono essere estesi o sostituiti con pezzi di fissaggio in modo stabile ed economico.<\/li>\n<\/ul>\n<ul>\n<li>Per una migliore ergonomia ed efficienza, \u00e8 incluso un secondo pannello di controllo. In questo caso, un pannello di controllo \u00e8 dotato di una presa da 220 V (con fusibile a 16 ampere per utensili elettrici) e la seconda con una preparazione dell&#8217;aria compressa.<\/li>\n<li>Durante il sollevamento, lo spegnimento di sicurezza superiore protegge efficacemente i veicoli con una maggiore altezza complessiva.<\/li>\n<li>La progettazione elettroidraulica con una sola unit\u00e0 garantisce un risparmio energetico con tempi di sollevamento e abbassamento rapidi (risparmi sui costi dell&#8217;elettricit\u00e0).<\/li>\n<li>Flangiata nella parte superiore della colonna di sollevamento, l&#8217;unit\u00e0 \u00e8 protetta da influenze esterne e consente una maggiore libert\u00e0 di movimento.<\/li>\n<li>L&#8217;idraulica rotante consente la massima facilit\u00e0 di manutenzione a costi operativi minimi.<\/li>\n<li>I bracci di supporto vengono automaticamente bloccati quando sono sollevati. Quando la piattaforma \u00e8 completamente abbassata, questo blocco viene rilasciato automaticamente. Facilit\u00e0 d&#8217;uso migliorata grazie alla griglia particolarmente fine e alla funzione di sblocco manuale.<\/li>\n<\/ul>\n","protected":false},"excerpt":{"rendered":"<p>3,5 t, elettroidraulico, azionamento a pulsante, bracci di supporto anteriori in 3 parti, asimmetrico, altezza totale 3765 mm<\/p>\n","protected":false},"featured_media":350766,"template":"","meta":[],"product_brand":[],"product_cat":[1033400],"product_tag":[1034166,1034183],"product_approvals":[1014536],"product_application":[],"class_list":{"0":"post-379087","1":"product","2":"type-product","3":"status-publish","4":"has-post-thumbnail","6":"product_cat-ponti-sollevatori-a-2-colonne-it","7":"product_tag-passenger-cars-it","8":"product_tag-light-commercial-it","9":"product_approvals-mercedes-benz-it","11":"first","12":"instock","13":"shipping-taxable","14":"product-type-simple"},"approvals":[{"term_id":1014536,"name":"Mercedes-Benz","slug":"mercedes-benz-it","term_group":0,"term_taxonomy_id":1014535,"taxonomy":"product_approvals","description":"","parent":0,"count":43,"filter":"raw"}],"application":[],"brb_media_brochure":[{"id":349056,"url":"https:\/\/dev.codekraft.it\/rotary-2024\/wp-content\/uploads\/brb_media\/00472565_mercedes-benz-portfolio-br-128719-de-2021-03_screen.pdf","title":"Mercedes Benz Portfolio BR 128719 de 2021 03 screen","mpn":"","thumbnail":"https:\/\/dev.codekraft.it\/rotary-2024\/wp-content\/uploads\/brb_media\/00472565_mercedes-benz-portfolio-br-128719-de-2021-03_screen-pdf-106x150.png","description":""},{"id":349057,"url":"https:\/\/dev.codekraft.it\/rotary-2024\/wp-content\/uploads\/brb_media\/00472566_mercedes-benz-portfolio-br-128720-en-2021-03_screen.pdf","title":"Mercedes Benz Portfolio BR 128720 en 2021 03 screen","mpn":"","thumbnail":"https:\/\/dev.codekraft.it\/rotary-2024\/wp-content\/uploads\/brb_media\/00472566_mercedes-benz-portfolio-br-128720-en-2021-03_screen-pdf-106x150.png","description":""},{"id":349058,"url":"https:\/\/dev.codekraft.it\/rotary-2024\/wp-content\/uploads\/brb_media\/00472570_mercedes-benz-portfolio-br-128721-fr-2021-03_screen.pdf","title":"Mercedes Benz Portfolio BR 128721 fr 2021 03 screen","mpn":"","thumbnail":"https:\/\/dev.codekraft.it\/rotary-2024\/wp-content\/uploads\/brb_media\/00472570_mercedes-benz-portfolio-br-128721-fr-2021-03_screen-pdf-106x150.png","description":""},{"id":349059,"url":"https:\/\/dev.codekraft.it\/rotary-2024\/wp-content\/uploads\/brb_media\/00472567_mercedes-benz-portfolio-br-128722-it-2021-03_screen.pdf","title":"Mercedes Benz Portfolio BR 128722 it 2021 03 screen","mpn":"","thumbnail":"https:\/\/dev.codekraft.it\/rotary-2024\/wp-content\/uploads\/brb_media\/00472567_mercedes-benz-portfolio-br-128722-it-2021-03_screen-pdf-106x150.png","description":""},{"id":349060,"url":"https:\/\/dev.codekraft.it\/rotary-2024\/wp-content\/uploads\/brb_media\/00472568_mercedes-benz-portfolio-br-128723-es-2021-03_screen.pdf","title":"Mercedes Benz Portfolio BR 128723 es 2021 03 screen","mpn":"","thumbnail":"https:\/\/dev.codekraft.it\/rotary-2024\/wp-content\/uploads\/brb_media\/00472568_mercedes-benz-portfolio-br-128723-es-2021-03_screen-pdf-106x150.png","description":""},{"id":349061,"url":"https:\/\/dev.codekraft.it\/rotary-2024\/wp-content\/uploads\/brb_media\/00472569_mercedes-benz-portfolio-br-128724-ru-2021-03_screen.pdf","title":"Mercedes Benz Portfolio BR 128724 ru 2021 03 screen","mpn":"","thumbnail":"https:\/\/dev.codekraft.it\/rotary-2024\/wp-content\/uploads\/brb_media\/00472569_mercedes-benz-portfolio-br-128724-ru-2021-03_screen-pdf-106x150.png","description":""}],"brb_media_drawing":[{"id":349865,"url":"https:\/\/dev.codekraft.it\/rotary-2024\/wp-content\/uploads\/brb_media\/00407615_spoa3ts-5_mit_bmw_1_3.pdf","title":"spoa3ts 5 mit bmw 1 3","mpn":"","thumbnail":"https:\/\/dev.codekraft.it\/rotary-2024\/wp-content\/uploads\/brb_media\/00407615_spoa3ts-5_mit_bmw_1_3-pdf-150x106.png","description":""},{"id":349866,"url":"https:\/\/dev.codekraft.it\/rotary-2024\/wp-content\/uploads\/brb_media\/00407403_2-post-lift_spoa3ts-5_8615.pdf","title":"2 post lift spoa3ts 5 8615","mpn":"","thumbnail":"https:\/\/dev.codekraft.it\/rotary-2024\/wp-content\/uploads\/brb_media\/00407403_2-post-lift_spoa3ts-5_8615-pdf-150x106.png","description":""},{"id":349867,"url":"https:\/\/dev.codekraft.it\/rotary-2024\/wp-content\/uploads\/brb_media\/00407406_2-post-lift_da_spoa3ts-5-ap_8569.pdf","title":"2 post lift da spoa3ts 5 ap 8569","mpn":"","thumbnail":"https:\/\/dev.codekraft.it\/rotary-2024\/wp-content\/uploads\/brb_media\/00407406_2-post-lift_da_spoa3ts-5-ap_8569-pdf-150x106.png","description":""},{"id":349868,"url":"https:\/\/dev.codekraft.it\/rotary-2024\/wp-content\/uploads\/brb_media\/00407407_2-post-lift_da_spoa3ts-5-sc_8684.pdf","title":"2 post lift da spoa3ts 5 sc 8684","mpn":"","thumbnail":"https:\/\/dev.codekraft.it\/rotary-2024\/wp-content\/uploads\/brb_media\/00407407_2-post-lift_da_spoa3ts-5-sc_8684-pdf-150x106.png","description":""},{"id":349869,"url":"https:\/\/dev.codekraft.it\/rotary-2024\/wp-content\/uploads\/brb_media\/00407405_2-post-lift-spoa3t-5-af_8834.pdf","title":"2 post lift spoa3t 5 af 8834","mpn":"","thumbnail":"https:\/\/dev.codekraft.it\/rotary-2024\/wp-content\/uploads\/brb_media\/00407405_2-post-lift-spoa3t-5-af_8834-pdf-150x106.png","description":""},{"id":349870,"url":"https:\/\/dev.codekraft.it\/rotary-2024\/wp-content\/uploads\/brb_media\/00407404_2-post-lift_spoa3ts-5_8640.pdf","title":"2 post lift spoa3ts 5 8640","mpn":"","thumbnail":"https:\/\/dev.codekraft.it\/rotary-2024\/wp-content\/uploads\/brb_media\/00407404_2-post-lift_spoa3ts-5_8640-pdf-150x106.png","description":""},{"id":349871,"url":"https:\/\/dev.codekraft.it\/rotary-2024\/wp-content\/uploads\/brb_media\/00407616_2-post-lift_spoa3ts-5-sc_8686.pdf","title":"2 post lift spoa3ts 5 sc 8686","mpn":"","thumbnail":"https:\/\/dev.codekraft.it\/rotary-2024\/wp-content\/uploads\/brb_media\/00407616_2-post-lift_spoa3ts-5-sc_8686-pdf-150x106.png","description":""},{"id":349872,"url":"https:\/\/dev.codekraft.it\/rotary-2024\/wp-content\/uploads\/brb_media\/00407617_2-post-lift-spoa3t-5-af_vw_8825.pdf","title":"2 post lift spoa3t 5 af vw 8825","mpn":"","thumbnail":"https:\/\/dev.codekraft.it\/rotary-2024\/wp-content\/uploads\/brb_media\/00407617_2-post-lift-spoa3t-5-af_vw_8825-pdf-150x106.png","description":""}],"brb_media_manuals":[{"id":378489,"url":"https:\/\/dev.codekraft.it\/rotary-2024\/wp-content\/uploads\/brb_media\/00550427_2-post-lift-spoa3t_om-sp-tb_spo-3-de_2025-03-rev-g.pdf","title":"2 Post Lift SPOA3T OM SP TB SPO 3 DE 2025 03 Rev G","mpn":"","thumbnail":"https:\/\/dev.codekraft.it\/rotary-2024\/wp-content\/uploads\/brb_media\/00550427_2-post-lift-spoa3t_om-sp-tb_spo-3-de_2025-03-rev-g-pdf-106x150.png","description":""},{"id":349856,"url":"https:\/\/dev.codekraft.it\/rotary-2024\/wp-content\/uploads\/brb_media\/00470985_2-post-lift-om-spo-3\uff08reva1en.pdf","title":"2 Post Lift OM SPO 3\uff08revA1)(en)","mpn":"","thumbnail":"https:\/\/dev.codekraft.it\/rotary-2024\/wp-content\/uploads\/brb_media\/00470985_2-post-lift-om-spo-3\uff08reva1en-pdf-116x150.png","description":""},{"id":349857,"url":"https:\/\/dev.codekraft.it\/rotary-2024\/wp-content\/uploads\/brb_media\/00466373_2-post-lift-om-spo-3-ef-bc-88reva1-fr-.pdf","title":"2 post lift om spo 3 EF BC 88reva1 fr","mpn":"","thumbnail":"https:\/\/dev.codekraft.it\/rotary-2024\/wp-content\/uploads\/brb_media\/00466373_2-post-lift-om-spo-3-ef-bc-88reva1-fr--pdf-116x150.png","description":""},{"id":349859,"url":"https:\/\/dev.codekraft.it\/rotary-2024\/wp-content\/uploads\/brb_media\/00466375_2-post-lift-om-spo-3-ef-bc-88reva1-it-.pdf","title":"2 post lift om spo 3 EF BC 88reva1 it","mpn":"","thumbnail":"https:\/\/dev.codekraft.it\/rotary-2024\/wp-content\/uploads\/brb_media\/00466375_2-post-lift-om-spo-3-ef-bc-88reva1-it--pdf-116x150.png","description":""},{"id":349858,"url":"https:\/\/dev.codekraft.it\/rotary-2024\/wp-content\/uploads\/brb_media\/00466372_2-post-lift-om-spo-3-ef-bc-88reva1-es-.pdf","title":"2 post lift om spo 3 EF BC 88reva1 es","mpn":"","thumbnail":"https:\/\/dev.codekraft.it\/rotary-2024\/wp-content\/uploads\/brb_media\/00466372_2-post-lift-om-spo-3-ef-bc-88reva1-es--pdf-116x150.png","description":""},{"id":349860,"url":"https:\/\/dev.codekraft.it\/rotary-2024\/wp-content\/uploads\/brb_media\/00466376_2-post-lift-om-spo-3-ef-bc-88reva1-rus-.pdf","title":"2 post lift om spo 3 EF BC 88reva1 rus","mpn":"","thumbnail":"https:\/\/dev.codekraft.it\/rotary-2024\/wp-content\/uploads\/brb_media\/00466376_2-post-lift-om-spo-3-ef-bc-88reva1-rus--pdf-116x150.png","description":""},{"id":349861,"url":"https:\/\/dev.codekraft.it\/rotary-2024\/wp-content\/uploads\/brb_media\/00466369_2-post-lift-om-spo-3-ef-bc-88reva1-cz-.pdf","title":"2 post lift om spo 3 EF BC 88reva1 cz","mpn":"","thumbnail":"https:\/\/dev.codekraft.it\/rotary-2024\/wp-content\/uploads\/brb_media\/00466369_2-post-lift-om-spo-3-ef-bc-88reva1-cz--pdf-116x150.png","description":""},{"id":349862,"url":"https:\/\/dev.codekraft.it\/rotary-2024\/wp-content\/uploads\/brb_media\/00466370_2-post-lift-om-spo-3-ef-bc-88reva1-dutch-.pdf","title":"2 post lift om spo 3 EF BC 88reva1 dutch","mpn":"","thumbnail":"https:\/\/dev.codekraft.it\/rotary-2024\/wp-content\/uploads\/brb_media\/00466370_2-post-lift-om-spo-3-ef-bc-88reva1-dutch--pdf-116x150.png","description":""},{"id":349863,"url":"https:\/\/dev.codekraft.it\/rotary-2024\/wp-content\/uploads\/brb_media\/00466378_2-post-lift-om-spo-3-ef-bc-88reva1-sw-.pdf","title":"2 post lift om spo 3 EF BC 88reva1 sw","mpn":"","thumbnail":"https:\/\/dev.codekraft.it\/rotary-2024\/wp-content\/uploads\/brb_media\/00466378_2-post-lift-om-spo-3-ef-bc-88reva1-sw--pdf-116x150.png","description":""},{"id":349864,"url":"https:\/\/dev.codekraft.it\/rotary-2024\/wp-content\/uploads\/brb_media\/00466377_2-post-lift-om-spo-3-ef-bc-88reva1-slov-.pdf","title":"2 post lift om spo 3 EF BC 88reva1 slov","mpn":"","thumbnail":"https:\/\/dev.codekraft.it\/rotary-2024\/wp-content\/uploads\/brb_media\/00466377_2-post-lift-om-spo-3-ef-bc-88reva1-slov--pdf-116x150.png","description":""}],"brb_media_safety_datasheets":"","brb_media_spare_parts":[],"_cdmm_p_id":"455828","_company":"Elektron","_gtin":"","accessories":[{"id":378990,"mpn":"CONTROL-SPOA3TC-NB","name":"Seconda centralina","description":"Per SPOA3TS - non adatto per EV | 1 pezzo","thumbnail":"https:\/\/dev.codekraft.it\/rotary-2024\/wp-content\/uploads\/brb_media\/00312548-150x150.png","url":"https:\/\/dev.codekraft.it\/rotary-2024\/it\/prodotti\/accessori-ponti-sollevatori-it\/accessori-ponti-sollevatori-a-2-colonne-it\/seconda-centralina\/"},{"id":378449,"mpn":"FJ6199","name":"Distanziali per tamponi per sollevatori elettroidraulico","description":"4 x 89 mm, 4 x 127 mm, incl. 2 staffe per il montaggio sui pilastri | 1 set \/ 8 pezzi","thumbnail":"https:\/\/dev.codekraft.it\/rotary-2024\/wp-content\/uploads\/brb_media\/00495751_2-post-lift-spoa3ts-ev-adapter-extension-89-127-di-150x150.png","url":"https:\/\/dev.codekraft.it\/rotary-2024\/it\/prodotti\/accessori-ponti-sollevatori-it\/accessori-ponti-sollevatori-a-2-colonne-it\/distanziali-per-tamponi-per-sollevatori-elettroidraulico\/"},{"id":383985,"mpn":"VSG.2CALL.902641","name":"Vaschette portautensili","description":"Magnetiche | 1 set \/ 2 pezzi","thumbnail":"https:\/\/dev.codekraft.it\/rotary-2024\/wp-content\/uploads\/brb_media\/00509504_2-post-lift-vsg2call902641-mi-150x150.png","url":"https:\/\/dev.codekraft.it\/rotary-2024\/it\/prodotti\/accessori-ponti-sollevatori-it\/accessori-ponti-sollevatori-a-2-colonne-it\/vaschette-portautensili\/"},{"id":381089,"mpn":"FJ6216C","name":"Kit tamponi","description":"Piastra di supporto, cuscinetto in gomma, rotondo | \u00d8 80 mm | 1 set \/ 4 pezzi","thumbnail":"https:\/\/dev.codekraft.it\/rotary-2024\/wp-content\/uploads\/brb_media\/00535980_2-post-lift-fj6216c-mi-150x150.png","url":"https:\/\/dev.codekraft.it\/rotary-2024\/it\/prodotti\/accessori-ponti-sollevatori-it\/dispositivi-di-trasporto-del-carico-it\/kit-tamponi-7\/"},{"id":382529,"mpn":"VSG.2CALL.901538","name":"Kit tamponi","description":"Piastra di supporto, cuscinetto in gomma, rettangolare | per Tesla | 1 set \/ 4 pezzi","thumbnail":"https:\/\/dev.codekraft.it\/rotary-2024\/wp-content\/uploads\/brb_media\/00505100_2-post-lift-vsg2call901538-mi-150x150.png","url":"https:\/\/dev.codekraft.it\/rotary-2024\/it\/prodotti\/accessori-ponti-sollevatori-it\/dispositivi-di-trasporto-del-carico-it\/kit-tamponi-8\/"},{"id":382535,"mpn":"VSG.2CALL.902023","name":"Kit tamponi","description":"Piastra di supporto, fungo di centraggio | per Fiat 500E, 500 ABARTH | a 2 stadi | 1 set \/ 4 pezzi","thumbnail":"https:\/\/dev.codekraft.it\/rotary-2024\/wp-content\/uploads\/brb_media\/00505105_2-post-lift-vsg2call902023-mi-150x150.png","url":"https:\/\/dev.codekraft.it\/rotary-2024\/it\/prodotti\/accessori-ponti-sollevatori-it\/dispositivi-di-trasporto-del-carico-it\/kit-tamponi-9\/"},{"id":382541,"mpn":"VSG.2CALL.902146","name":"Kit tamponi","description":"Prisma | per piattaforma VW MEB veicoli elettrici | 1 set \/ 4 pezzi","thumbnail":"https:\/\/dev.codekraft.it\/rotary-2024\/wp-content\/uploads\/brb_media\/00509505_2-post-lift-vsg2call902146-mi-150x150.png","url":"https:\/\/dev.codekraft.it\/rotary-2024\/it\/prodotti\/accessori-ponti-sollevatori-it\/dispositivi-di-trasporto-del-carico-it\/kit-tamponi-10\/"},{"id":382565,"mpn":"VSG.2CALL.901330","name":"Kit tamponi","description":"Disco di supporto, supporto a U | 1 set \/ 4 pezzi","thumbnail":"https:\/\/dev.codekraft.it\/rotary-2024\/wp-content\/uploads\/brb_media\/00505104_2-post-lift-vsg2call901330-mi-150x150.png","url":"https:\/\/dev.codekraft.it\/rotary-2024\/it\/prodotti\/accessori-ponti-sollevatori-it\/dispositivi-di-trasporto-del-carico-it\/kit-tamponi-11\/"},{"id":384185,"mpn":"VSG.2CALL.901859","name":"Kit tamponi","description":"Prisma | per Mercedes Classe G - anteriori e posteriori | 1 set \/ 4 pezzi","thumbnail":"https:\/\/dev.codekraft.it\/rotary-2024\/wp-content\/uploads\/brb_media\/00511001_2-post-lift-vsg2call901859-mi-150x150.png","url":"https:\/\/dev.codekraft.it\/rotary-2024\/it\/prodotti\/accessori-ponti-sollevatori-it\/dispositivi-di-trasporto-del-carico-it\/kit-tamponi-14\/"},{"id":384179,"mpn":"VSG.2CALL.901606","name":"Kit tamponi","description":"Mandrino | per Fiat Ducato, Peugeot Boxer, Citro\u00ebn Jumper - anteriori e posteriori | 1 set \/ 4 pezzi","thumbnail":"https:\/\/dev.codekraft.it\/rotary-2024\/wp-content\/uploads\/brb_media\/00510999_2-post-lift-vsg2call901606-mi-150x150.png","url":"https:\/\/dev.codekraft.it\/rotary-2024\/it\/prodotti\/accessori-ponti-sollevatori-it\/dispositivi-di-trasporto-del-carico-it\/kit-tamponi-13\/"},{"id":384173,"mpn":"VSG.2CALL.901712","name":"Kit tamponi","description":"Prisma, mandrino | per Mercedes Sprinter, VW Crafter | 1 set \/ 6 pezzi","thumbnail":"https:\/\/dev.codekraft.it\/rotary-2024\/wp-content\/uploads\/brb_media\/00511000_2-post-lift-vsg2call901712-mi-150x150.png","url":"https:\/\/dev.codekraft.it\/rotary-2024\/it\/prodotti\/accessori-ponti-sollevatori-it\/dispositivi-di-trasporto-del-carico-it\/kit-tamponi-12\/"},{"id":382559,"mpn":"VSG.2CALL.901163","name":"Kit adattatori","description":"Kit adattatori per tamponi per presa telaio \u00d8 120 mm (1 set, 2 pz), per piattaforma girevole","thumbnail":"https:\/\/dev.codekraft.it\/rotary-2024\/wp-content\/uploads\/brb_media\/00524050_2-post-lift-fj6353-1-mi-150x150.png","url":"https:\/\/dev.codekraft.it\/rotary-2024\/it\/prodotti\/accessori-ponti-sollevatori-it\/accessori-ponti-sollevatori-a-2-colonne-it\/kit-adattatori\/"},{"id":381257,"mpn":"GP-SPOA3T","name":"Supporto ausiliario","description":"Per piastra di base SPO3T | 1 set \/ 2 pezzi","thumbnail":"https:\/\/dev.codekraft.it\/rotary-2024\/wp-content\/uploads\/brb_media\/00524052_2-post-lift-gp-spoa3t-mi-150x150.png","url":"https:\/\/dev.codekraft.it\/rotary-2024\/it\/prodotti\/accessori-ponti-sollevatori-it\/accessori-ponti-sollevatori-a-2-colonne-it\/supporto-ausiliario\/"},{"id":382553,"mpn":"VSG.2CALL.901248","name":"Distanziali per tamponi","description":"4 x 200 mm, incl. staffa per il montaggio sui pilastri | 1 set \/ 4 pezzi","thumbnail":"https:\/\/dev.codekraft.it\/rotary-2024\/wp-content\/uploads\/brb_media\/00505099_2-post-lift-vsg2call901248-mi-150x150.png","url":"https:\/\/dev.codekraft.it\/rotary-2024\/it\/prodotti\/accessori-ponti-sollevatori-it\/accessori-ponti-sollevatori-a-2-colonne-it\/distanziali-per-tamponi-3\/"},{"id":383973,"mpn":"VSG.2CALL.902818","name":"Kit rampe innalzamento veicolo","description":"Altezza rampa 60 mm, per veicoli estremamente bassi | 1 set \/ 2 pezzi","thumbnail":"https:\/\/dev.codekraft.it\/rotary-2024\/wp-content\/uploads\/brb_media\/00509501_2-post-lift-vsg2call902818-mi-150x150.png","url":"https:\/\/dev.codekraft.it\/rotary-2024\/it\/prodotti\/accessori-ponti-sollevatori-it\/accessori-ponti-sollevatori-a-2-colonne-it\/kit-rampe-innalzamento-veicolo\/"},{"id":383979,"mpn":"VSG.2CALL.902085","name":"Kit cavalletti per assetto","description":"1 set \/ 4 pezzi","thumbnail":"https:\/\/dev.codekraft.it\/rotary-2024\/wp-content\/uploads\/brb_media\/00509503_2-post-lift-vsg2call902085-mi-150x150.png","url":"https:\/\/dev.codekraft.it\/rotary-2024\/it\/prodotti\/accessori-ponti-sollevatori-it\/accessori-ponti-sollevatori-a-2-colonne-it\/kit-cavalletti-per-assetto\/"},{"id":384191,"mpn":"VSG.2CALL.902511","name":"Supporto per utensili","description":"Supporto ergonomico per avvitatore pneumatico","thumbnail":"https:\/\/dev.codekraft.it\/rotary-2024\/wp-content\/uploads\/brb_media\/00511003_2-post-lift-vsg2call902511-mi-150x150.png","url":"https:\/\/dev.codekraft.it\/rotary-2024\/it\/prodotti\/accessori-ponti-sollevatori-it\/accessori-ponti-sollevatori-a-2-colonne-it\/supporto-per-utensili\/"}],"components":[],"related":[],"page_logo_src":"https:\/\/dev.codekraft.it\/rotary-2024\/wp-content\/uploads\/2024\/05\/cropped-rotary-logo-2022.png","lang":"it","translations":{"it":379087,"en":379084,"de":379085,"fr":379086,"es":379088,"ru":379089},"pll_sync_post":[],"_links":{"self":[{"href":"https:\/\/dev.codekraft.it\/rotary-2024\/wp-json\/wp\/v2\/product\/379087","targetHints":{"allow":["GET"]}}],"collection":[{"href":"https:\/\/dev.codekraft.it\/rotary-2024\/wp-json\/wp\/v2\/product"}],"about":[{"href":"https:\/\/dev.codekraft.it\/rotary-2024\/wp-json\/wp\/v2\/types\/product"}],"wp:featuredmedia":[{"embeddable":true,"href":"https:\/\/dev.codekraft.it\/rotary-2024\/wp-json\/wp\/v2\/media\/350766"}],"wp:attachment":[{"href":"https:\/\/dev.codekraft.it\/rotary-2024\/wp-json\/wp\/v2\/media?parent=379087"}],"wp:term":[{"taxonomy":"product_brand","embeddable":true,"href":"https:\/\/dev.codekraft.it\/rotary-2024\/wp-json\/wp\/v2\/product_brand?post=379087"},{"taxonomy":"product_cat","embeddable":true,"href":"https:\/\/dev.codekraft.it\/rotary-2024\/wp-json\/wp\/v2\/product_cat?post=379087"},{"taxonomy":"product_tag","embeddable":true,"href":"https:\/\/dev.codekraft.it\/rotary-2024\/wp-json\/wp\/v2\/product_tag?post=379087"},{"taxonomy":"product_approvals","embeddable":true,"href":"https:\/\/dev.codekraft.it\/rotary-2024\/wp-json\/wp\/v2\/product_approvals?post=379087"},{"taxonomy":"product_application","embeddable":true,"href":"https:\/\/dev.codekraft.it\/rotary-2024\/wp-json\/wp\/v2\/product_application?post=379087"}],"curies":[{"name":"wp","href":"https:\/\/api.w.org\/{rel}","templated":true}]}}