{"id":379033,"date":"2025-12-11T10:11:07","date_gmt":"2025-12-11T10:11:07","guid":{"rendered":"https:\/\/dev.codekraft.it\/rotary-2024\/products\/uncategorized\/ponte-sollevatore-a-doppia-forbice-ds32\/"},"modified":"2025-12-11T10:11:07","modified_gmt":"2025-12-11T10:11:07","slug":"ponte-sollevatore-a-doppia-forbice-ds32","status":"publish","type":"product","link":"https:\/\/dev.codekraft.it\/rotary-2024\/it\/prodotti\/ponti-sollevatori-it\/ponti-sollevatori-a-doppia-forbice-it\/ponte-sollevatore-a-doppia-forbice-ds32\/","title":{"rendered":"Ponte sollevatore a doppia forbice DS32"},"content":{"rendered":"<p>Il sollevatore a forbice doppia a basso profilo DS32 \u00e8 stato progettato appositamente per l&#8217;area service. Le piatteforme di carico flessibili consentono un&#8217;ampia capacit\u00e0 di portata.<\/p>\n<ul>\n<li>Forbici totalmente in materiale metallico<\/li>\n<li>Sistema completamente idraulico<\/li>\n<\/ul>\n<ul>\n<li>Funzionamento senza problemi del sistema di estensione con installazione a livello.<\/li>\n<li>\u00c8 possibile effettuare una semplice installazione fuori terra in quanto il sollevatore offre un&#8217;altezza libera ridotta.<\/li>\n<li>I tamponi di gomma inclusi nella fornitura offrono una protezione affidabile per il sottoscocca del veicolo.<\/li>\n<li>Il design intelligente consente il funzionamento pi\u00f9 semplice dell&#8217;estensione, anche con un veicolo sopra di esso.<\/li>\n<\/ul>\n<ul>\n<li>Con una lunghezza della piattaforma che arriva fino a 2160 mm, il DS32 pu\u00f2 ospitare veicoli fino al modello VW T5\/T6 a passo corto.<\/li>\n<li>La progettazione si contraddistingue per la sua massima stabilit\u00e0. Le forbici sono totalmente in materiale metallico.<\/li>\n<li>L&#8217;ingombro ridotto del sollevatore consente di sostenere i veicoli con un&#8217;altezza libera da terra ridotta<\/li>\n<li>Il sistema completamente idraulico con auto-spurgo integrato assicura un funzionamento affidabile anche in ambienti sporchi.<\/li>\n<li>La consolle di comando pre-assemblata \u00e8 dotata di un&#8217;unit\u00e0 idraulica e contribuisce quindi in modo significativo a ridurre i costi di installazione.<\/li>\n<li>I documenti o i tablet PC sono collocati nell&#8217;area di stoccaggio integrata. Perfettamente adatto anche come supporto per scrivere.<\/li>\n<li>I pulsanti disposti in modo razionale e ben organizzati garantiscono un funzionamento sicuro della piattaforma di sollevamento.<\/li>\n<li>Anche in questo caso la massima priorit\u00e0 \u00e8 la facilit\u00e0 d&#8217;uso, le parti laterali su tutti e 4 i lati sono rimovibili, i componenti elettrici si trovano sotto il pannello ribaltabile di comando e scrittura.<\/li>\n<li>Il posizionamento pu\u00f2 avvenire a sinistra o a destra, la lunghezza del condotto tra piattaforma di sollevamento e console \u00e8 di 2 m. Per consentire una sistemazione flessibile dei veicoli di piccole e grandi dimensioni, il DS32 \u00e8 dotato di prolunghe ripiegabili su entrambi i lati e facilmente bloccabili.<\/li>\n<li>Il doppio sistema idraulico Master-Slave ridondante permette di non utilizzare ulteriori dispositivi di bloccaggio di sicurezza. Raddoppia la sicurezza, evitando cos\u00ec il sollevamento o l&#8217;abbassamento su un solo lato.<\/li>\n<li>Tutti i pistoni idraulici sono a vite. Questo aumenta la facilit\u00e0 d&#8217;uso.<\/li>\n<li>Il dispositivo di arresto CE standard garantisce una protezione della base senza l&#8217;utilizzo di deflettori. Ci\u00f2 consente anche un&#8217;installazione a incasso.<\/li>\n<li>Una discesa di emergenza \u00e8 comodamente praticabile in caso di mancanza di corrente.<\/li>\n<\/ul>\n","protected":false},"excerpt":{"rendered":"<p>3,2 t, elettroidraulico<\/p>\n","protected":false},"featured_media":350699,"template":"","meta":[],"product_cat":[1033708],"product_tag":[1034166],"product_approvals":[],"product_application":[],"class_list":{"0":"post-379033","1":"product","2":"type-product","3":"status-publish","4":"has-post-thumbnail","6":"product_cat-ponti-sollevatori-a-doppia-forbice-it","7":"product_tag-passenger-cars-it","9":"first","10":"instock","11":"shipping-taxable","12":"product-type-simple"},"approvals":[],"application":[],"brb_media_brochure":[{"id":350700,"url":"https:\/\/dev.codekraft.it\/rotary-2024\/wp-content\/uploads\/brb_media\/00435030_double-scissor-lift-ds32-br-125885-de-2020-04_screen.pdf","title":"double scissor lift ds32 br 125885 de 2020 04 screen","thumbnail":"https:\/\/dev.codekraft.it\/rotary-2024\/wp-content\/uploads\/brb_media\/00435030_double-scissor-lift-ds32-br-125885-de-2020-04_screen-pdf-106x150.png","description":""},{"id":350701,"url":"https:\/\/dev.codekraft.it\/rotary-2024\/wp-content\/uploads\/brb_media\/00435031_double-scissor-lift-ds32-br-125886-en-2020-04_screen.pdf","title":"double scissor lift ds32 br 125886 en 2020 04 screen","thumbnail":"https:\/\/dev.codekraft.it\/rotary-2024\/wp-content\/uploads\/brb_media\/00435031_double-scissor-lift-ds32-br-125886-en-2020-04_screen-pdf-106x150.png","description":""},{"id":350702,"url":"https:\/\/dev.codekraft.it\/rotary-2024\/wp-content\/uploads\/brb_media\/00435032_double-scissor-lift-ds32-br-125887-fr-2020-04_screen.pdf","title":"double scissor lift ds32 br 125887 fr 2020 04 screen","thumbnail":"https:\/\/dev.codekraft.it\/rotary-2024\/wp-content\/uploads\/brb_media\/00435032_double-scissor-lift-ds32-br-125887-fr-2020-04_screen-pdf-106x150.png","description":""},{"id":350703,"url":"https:\/\/dev.codekraft.it\/rotary-2024\/wp-content\/uploads\/brb_media\/00435033_double-scissor-lift-ds32-br-125888-it-2020-04_screen.pdf","title":"double scissor lift ds32 br 125888 it 2020 04 screen","thumbnail":"https:\/\/dev.codekraft.it\/rotary-2024\/wp-content\/uploads\/brb_media\/00435033_double-scissor-lift-ds32-br-125888-it-2020-04_screen-pdf-106x150.png","description":""},{"id":350704,"url":"https:\/\/dev.codekraft.it\/rotary-2024\/wp-content\/uploads\/brb_media\/00435036_double-scissor-lift-ds32-br-125889-es-2020-04_screen.pdf","title":"double scissor lift ds32 br 125889 es 2020 04 screen","thumbnail":"https:\/\/dev.codekraft.it\/rotary-2024\/wp-content\/uploads\/brb_media\/00435036_double-scissor-lift-ds32-br-125889-es-2020-04_screen-pdf-106x150.png","description":""},{"id":350705,"url":"https:\/\/dev.codekraft.it\/rotary-2024\/wp-content\/uploads\/brb_media\/00435038_double-scissor-lift-ds32-br-125890-ru-2020-04_screen.pdf","title":"double scissor lift ds32 br 125890 ru 2020 04 screen","thumbnail":"https:\/\/dev.codekraft.it\/rotary-2024\/wp-content\/uploads\/brb_media\/00435038_double-scissor-lift-ds32-br-125890-ru-2020-04_screen-pdf-106x150.png","description":""}],"brb_media_drawing":[{"id":350706,"url":"https:\/\/dev.codekraft.it\/rotary-2024\/wp-content\/uploads\/brb_media\/00407438_scissor-lift-fp_ds32_8765.pdf","title":"scissor lift fp ds32 8765","thumbnail":"https:\/\/dev.codekraft.it\/rotary-2024\/wp-content\/uploads\/brb_media\/00407438_scissor-lift-fp_ds32_8765-pdf-150x106.png","description":""},{"id":350707,"url":"https:\/\/dev.codekraft.it\/rotary-2024\/wp-content\/uploads\/brb_media\/00407437_scissor-lift-da_ds32_8764.pdf","title":"scissor lift da ds32 8764","thumbnail":"https:\/\/dev.codekraft.it\/rotary-2024\/wp-content\/uploads\/brb_media\/00407437_scissor-lift-da_ds32_8764-pdf-150x106.png","description":""}],"brb_media_manuals":[{"id":375422,"url":"https:\/\/dev.codekraft.it\/rotary-2024\/wp-content\/uploads\/brb_media\/00535409_double-scissor-lift-ds35-om-dc-sp-de-2024-07-rev-c.pdf","title":"double scissor lift ds35 om dc sp de 2024 07 rev c","thumbnail":"https:\/\/dev.codekraft.it\/rotary-2024\/wp-content\/uploads\/brb_media\/00535409_double-scissor-lift-ds35-om-dc-sp-de-2024-07-rev-c-pdf-116x150.png","description":""},{"id":350519,"url":"https:\/\/dev.codekraft.it\/rotary-2024\/wp-content\/uploads\/brb_media\/00479456_double-scissor-lift-ds35-om-sp-en-2021-10-screen.pdf","title":"Double Scissor Lift DS35 OM SP en 2021 10 screen","thumbnail":"https:\/\/dev.codekraft.it\/rotary-2024\/wp-content\/uploads\/brb_media\/00479456_double-scissor-lift-ds35-om-sp-en-2021-10-screen-pdf-116x150.png","description":""},{"id":375423,"url":"https:\/\/dev.codekraft.it\/rotary-2024\/wp-content\/uploads\/brb_media\/00535410_double-scissor-lift-ds35-om-dc-sp-fr-2024-07-rev-c.pdf","title":"double scissor lift ds35 om dc sp fr 2024 07 rev c","thumbnail":"https:\/\/dev.codekraft.it\/rotary-2024\/wp-content\/uploads\/brb_media\/00535410_double-scissor-lift-ds35-om-dc-sp-fr-2024-07-rev-c-pdf-106x150.png","description":""},{"id":350520,"url":"https:\/\/dev.codekraft.it\/rotary-2024\/wp-content\/uploads\/brb_media\/00479457_double-scissor-lift-ds35-om-sp-it-2021-10-screen.pdf","title":"Double Scissor Lift DS35 OM SP it 2021 10 screen","thumbnail":"https:\/\/dev.codekraft.it\/rotary-2024\/wp-content\/uploads\/brb_media\/00479457_double-scissor-lift-ds35-om-sp-it-2021-10-screen-pdf-116x150.png","description":""}],"brb_media_safety_datasheets":"","brb_media_spare_parts":[],"_cdmm_p_id":"429583","_company":"Elektron","_gtin":"5063084195586","accessories":[{"id":378924,"cdmm_p_id":"418367","name":"Kit di alimentazione 230 V","description":"","thumbnail":"https:\/\/dev.codekraft.it\/rotary-2024\/wp-content\/uploads\/brb_media\/00287569_ds-35-power-kit-230v-mi-150x150.png","url":"https:\/\/dev.codekraft.it\/rotary-2024\/it\/prodotti\/accessori-ponti-sollevatori-it\/accessori-ponti-sollevatori-a-doppia-forbice-it\/kit-di-alimentazione-230-v\/"},{"id":379521,"cdmm_p_id":"471105","name":"Kit di rampe di salita per DS32\/35 CAT","description":"Lunghe, 860 mm, zincato a caldo e rivestito a polvere | per auto sportive | 1 set \/ 4 pezzi","thumbnail":"https:\/\/dev.codekraft.it\/rotary-2024\/wp-content\/uploads\/brb_media\/00287551-150x150.png","url":"https:\/\/dev.codekraft.it\/rotary-2024\/it\/prodotti\/accessori-ponti-sollevatori-it\/accessori-ponti-sollevatori-a-doppia-forbice-it\/kit-di-rampe-di-salita-per-ds32-35-cat\/"},{"id":379527,"cdmm_p_id":"471109","name":"Tamponi in gomma Piramide troncata","description":"30 mm, con rivestimenti ritentivi | 1 set \/ 4 pezzi","thumbnail":"https:\/\/dev.codekraft.it\/rotary-2024\/wp-content\/uploads\/brb_media\/00392090-150x150.png","url":"https:\/\/dev.codekraft.it\/rotary-2024\/it\/prodotti\/accessori-ponti-sollevatori-it\/accessori-ponti-sollevatori-a-doppia-forbice-it\/tamponi-in-gomma-piramide-troncata\/"},{"id":379533,"cdmm_p_id":"471110","name":"Tamponi in gomma Piramide troncata","description":"70 mm, con rivestimenti ritentivi | 1 set \/ 4 pezzi","thumbnail":"https:\/\/dev.codekraft.it\/rotary-2024\/wp-content\/uploads\/brb_media\/00392091_scissor-lift-ds-32-70-mm-rubber-pad-di-150x150.png","url":"https:\/\/dev.codekraft.it\/rotary-2024\/it\/prodotti\/accessori-ponti-sollevatori-it\/accessori-ponti-sollevatori-a-doppia-forbice-it\/tamponi-in-gomma-piramide-troncata-2\/"},{"id":381191,"cdmm_p_id":"497233","name":"Kit da incasso DS32\/35, con telaio","description":"Telaio di montaggio (zincato) e scatole di appoggio per rampe a scomparsa","thumbnail":"https:\/\/dev.codekraft.it\/rotary-2024\/wp-content\/uploads\/brb_media\/00489191_xx100003-mi-150x150.jpg","url":"https:\/\/dev.codekraft.it\/rotary-2024\/it\/prodotti\/accessori-ponti-sollevatori-it\/accessori-ponti-sollevatori-a-doppia-forbice-it\/kit-da-incasso-ds32-35-con-telaio\/"},{"id":381185,"cdmm_p_id":"497232","name":"Kit da incasso DS32\/35, senza telaio, ZP+7012","description":"Scatole di appoggio per rampe a scomparsa per installazione a incasso","thumbnail":"https:\/\/dev.codekraft.it\/rotary-2024\/wp-content\/uploads\/brb_media\/00489190_xx100014zpbg-mi-150x150.jpg","url":"https:\/\/dev.codekraft.it\/rotary-2024\/it\/prodotti\/accessori-ponti-sollevatori-it\/accessori-ponti-sollevatori-a-doppia-forbice-it\/kit-da-incasso-ds32-35-senza-telaio-zp-7012\/"},{"id":381179,"cdmm_p_id":"497231","name":"Set di traverse RAL 7016","description":"2 traverse e 4 adattatori (1 set)","thumbnail":"https:\/\/dev.codekraft.it\/rotary-2024\/wp-content\/uploads\/brb_media\/00489189_xx100050cg-mi-150x150.jpg","url":"https:\/\/dev.codekraft.it\/rotary-2024\/it\/prodotti\/accessori-ponti-sollevatori-it\/accessori-ponti-sollevatori-a-doppia-forbice-it\/set-di-traverse-ral-7016\/"},{"id":381197,"cdmm_p_id":"497234","name":"Set di prolunghe per tubi flessibili DS32\/35 | 1 m | incl. copertura tubo flessibile","description":"","thumbnail":"","url":"https:\/\/dev.codekraft.it\/rotary-2024\/it\/prodotti\/accessori-ponti-sollevatori-it\/accessori-ponti-sollevatori-a-doppia-forbice-it\/set-di-prolunghe-per-tubi-flessibili-ds32-35-1-m-incl-copertura-tubo-flessibile\/"}],"components":[],"related":[],"similar":[{"id":379515,"cdmm_p_id":"471103","name":"Ponte sollevatore a doppia forbice DS35","description":"3,5 t, elettroidraulico","thumbnail":"https:\/\/dev.codekraft.it\/rotary-2024\/wp-content\/uploads\/brb_media\/00285861-150x150.png","url":"https:\/\/dev.codekraft.it\/rotary-2024\/it\/prodotti\/ponti-sollevatori-it\/ponti-sollevatori-a-doppia-forbice-it\/ponte-sollevatore-a-doppia-forbice-ds35\/"}],"lang":"it","translations":{"it":379033,"en":379030,"de":379031,"fr":379032,"es":379034,"ru":379035},"pll_sync_post":[],"_links":{"self":[{"href":"https:\/\/dev.codekraft.it\/rotary-2024\/wp-json\/wp\/v2\/product\/379033","targetHints":{"allow":["GET"]}}],"collection":[{"href":"https:\/\/dev.codekraft.it\/rotary-2024\/wp-json\/wp\/v2\/product"}],"about":[{"href":"https:\/\/dev.codekraft.it\/rotary-2024\/wp-json\/wp\/v2\/types\/product"}],"wp:featuredmedia":[{"embeddable":true,"href":"https:\/\/dev.codekraft.it\/rotary-2024\/wp-json\/wp\/v2\/media\/350699"}],"wp:attachment":[{"href":"https:\/\/dev.codekraft.it\/rotary-2024\/wp-json\/wp\/v2\/media?parent=379033"}],"wp:term":[{"taxonomy":"product_cat","embeddable":true,"href":"https:\/\/dev.codekraft.it\/rotary-2024\/wp-json\/wp\/v2\/product_cat?post=379033"},{"taxonomy":"product_tag","embeddable":true,"href":"https:\/\/dev.codekraft.it\/rotary-2024\/wp-json\/wp\/v2\/product_tag?post=379033"},{"taxonomy":"product_approvals","embeddable":true,"href":"https:\/\/dev.codekraft.it\/rotary-2024\/wp-json\/wp\/v2\/product_approvals?post=379033"},{"taxonomy":"product_application","embeddable":true,"href":"https:\/\/dev.codekraft.it\/rotary-2024\/wp-json\/wp\/v2\/product_application?post=379033"}],"curies":[{"name":"wp","href":"https:\/\/api.w.org\/{rel}","templated":true}]}}