{"id":379032,"date":"2025-12-11T10:10:47","date_gmt":"2025-12-11T10:10:47","guid":{"rendered":"https:\/\/dev.codekraft.it\/rotary-2024\/products\/uncategorized\/pont-a-doubles-ciseaux-ds32\/"},"modified":"2025-12-11T10:10:47","modified_gmt":"2025-12-11T10:10:47","slug":"pont-a-doubles-ciseaux-ds32","status":"publish","type":"product","link":"https:\/\/dev.codekraft.it\/rotary-2024\/fr\/produits\/ponts-elevateurs-fr\/ponts-a-doubles-ciseaux-fr\/pont-a-doubles-ciseaux-ds32\/","title":{"rendered":"Pont \u00e0 doubles ciseaux DS32"},"content":{"rendered":"<p>Le pont \u00e9l\u00e9vateur \u00e0 doubles ciseaux et profil bas DS32 a \u00e9t\u00e9 particuli\u00e8rement con\u00e7u pour l&#8217;atelier de r\u00e9vision. Les plateformes de chargement flexibles permettent une large plage de chargement.<\/p>\n<ul>\n<li>Ciseaux en m\u00e9tal plein<\/li>\n<li>Syst\u00e8me enti\u00e8rement hydraulique<\/li>\n<\/ul>\n<ul>\n<li>Extension avec installation de niveau effectu\u00e9e sans probl\u00e8me.<\/li>\n<li>Une installation simple au-dessus du sol est possible car l&#8217;\u00e9l\u00e9vateur offre une faible hauteur de d\u00e9gagement.<\/li>\n<li>Les coussinets en caoutchouc inclus dans le champ de la livraison fournissent une protection fiable pour le bas de caisse du v\u00e9hicule.<\/li>\n<li>La conception intelligente permet de faciliter l&#8217;utilisation de l&#8217;extension, \u00e9galement avec un v\u00e9hicule au-dessus.<\/li>\n<\/ul>\n<ul>\n<li>Le DS32 CAT-A, avec une longueur de plateforme pouvant atteindre 2160 mm, est capable de supporter les v\u00e9hicules comme les VW T5\/T6 avec un empattement court.<\/li>\n<li>La conception se distingue par sa tr\u00e8s grande stabilit\u00e9. Les ciseaux sont en m\u00e9tal plein.<\/li>\n<li>La faible hauteur de d\u00e9gagement de l&#8217;\u00e9l\u00e9vateur permet de soutenir les v\u00e9hicules avec peu de d\u00e9gagement au sol.<\/li>\n<li>Le syst\u00e8me enti\u00e8rement hydraulique avec auto-ventilation int\u00e9gr\u00e9e garantit un fonctionnement fiable m\u00eame dans les environnements sales.<\/li>\n<li>La console de commande pr\u00e9-assembl\u00e9e est \u00e9quip\u00e9e d&#8217;une unit\u00e9 hydraulique silencieuse et contribue ainsi de mani\u00e8re significative \u00e0 une faible d\u00e9pense d&#8217;installation.<\/li>\n<li>Les documents ou les ordinateurs tablette ont leur place sur la zone de stockage int\u00e9gr\u00e9e. Convient \u00e9galement parfaitement comme support d&#8217;\u00e9criture.<\/li>\n<li>Des boutons poussoirs robustes et bien dispos\u00e9s permettent le fonctionnement s\u00e9curis\u00e9 de la plateforme de levage.<\/li>\n<li>La convivialit\u00e9 est la priorit\u00e9 absolue ici aussi, les pi\u00e8ces lat\u00e9rales sur les 4 c\u00f4t\u00e9s sont amovibles, les composants \u00e9lectriques sont situ\u00e9s sous le panneau de commande et d&#8217;\u00e9criture repliable.<\/li>\n<li>Le positionnement \u00e0 gauche ou \u00e0 droite est possible, la longueur du flexible entre la plateforme de levage et le tableau de commande est de 2 m.<\/li>\n<li>Le DS32 CAT-A\u00a0dispose d\u2019extensions de plateforme repliables des deux c\u00f4t\u00e9s et facilement verrouillables afin de s\u2019adapter aux petits v\u00e9hicules comme aux grands.<\/li>\n<li>Le circuit hydraulique double ma\u00eetre-esclave superflu permet de renoncer aux linguets de s\u00e9curit\u00e9 suppl\u00e9mentaires. S\u00e9curit\u00e9 doubl\u00e9e, emp\u00eachant ainsi la lev\u00e9e ou l&#8217;abaissement unilat\u00e9ral.<\/li>\n<li>Tous les v\u00e9rins hydrauliques sont vissables. Cela augmente la convivialit\u00e9 du syst\u00e8me.<\/li>\n<li>L&#8217;arr\u00eat CE de s\u00e9rie garantit une protection de base sans d\u00e9flecteurs. Ceci permet \u00e9galement une installation encastr\u00e9e.<\/li>\n<li>En cas de panne, l\u2019abaissement d\u2019urgence peut \u00eatre effectu\u00e9 sans probl\u00e8me.<\/li>\n<\/ul>\n","protected":false},"excerpt":{"rendered":"<p>3,2 t, \u00e9lectrohydraulique<\/p>\n","protected":false},"featured_media":350699,"template":"","meta":[],"product_cat":[1033692],"product_tag":[1034163],"product_approvals":[],"product_application":[],"class_list":{"0":"post-379032","1":"product","2":"type-product","3":"status-publish","4":"has-post-thumbnail","6":"product_cat-ponts-a-doubles-ciseaux-fr","7":"product_tag-passenger-cars-fr","9":"first","10":"instock","11":"shipping-taxable","12":"product-type-simple"},"approvals":[],"application":[],"brb_media_brochure":[{"id":350700,"url":"https:\/\/dev.codekraft.it\/rotary-2024\/wp-content\/uploads\/brb_media\/00435030_double-scissor-lift-ds32-br-125885-de-2020-04_screen.pdf","title":"double scissor lift ds32 br 125885 de 2020 04 screen","thumbnail":"https:\/\/dev.codekraft.it\/rotary-2024\/wp-content\/uploads\/brb_media\/00435030_double-scissor-lift-ds32-br-125885-de-2020-04_screen-pdf-106x150.png","description":""},{"id":350701,"url":"https:\/\/dev.codekraft.it\/rotary-2024\/wp-content\/uploads\/brb_media\/00435031_double-scissor-lift-ds32-br-125886-en-2020-04_screen.pdf","title":"double scissor lift ds32 br 125886 en 2020 04 screen","thumbnail":"https:\/\/dev.codekraft.it\/rotary-2024\/wp-content\/uploads\/brb_media\/00435031_double-scissor-lift-ds32-br-125886-en-2020-04_screen-pdf-106x150.png","description":""},{"id":350702,"url":"https:\/\/dev.codekraft.it\/rotary-2024\/wp-content\/uploads\/brb_media\/00435032_double-scissor-lift-ds32-br-125887-fr-2020-04_screen.pdf","title":"double scissor lift ds32 br 125887 fr 2020 04 screen","thumbnail":"https:\/\/dev.codekraft.it\/rotary-2024\/wp-content\/uploads\/brb_media\/00435032_double-scissor-lift-ds32-br-125887-fr-2020-04_screen-pdf-106x150.png","description":""},{"id":350703,"url":"https:\/\/dev.codekraft.it\/rotary-2024\/wp-content\/uploads\/brb_media\/00435033_double-scissor-lift-ds32-br-125888-it-2020-04_screen.pdf","title":"double scissor lift ds32 br 125888 it 2020 04 screen","thumbnail":"https:\/\/dev.codekraft.it\/rotary-2024\/wp-content\/uploads\/brb_media\/00435033_double-scissor-lift-ds32-br-125888-it-2020-04_screen-pdf-106x150.png","description":""},{"id":350704,"url":"https:\/\/dev.codekraft.it\/rotary-2024\/wp-content\/uploads\/brb_media\/00435036_double-scissor-lift-ds32-br-125889-es-2020-04_screen.pdf","title":"double scissor lift ds32 br 125889 es 2020 04 screen","thumbnail":"https:\/\/dev.codekraft.it\/rotary-2024\/wp-content\/uploads\/brb_media\/00435036_double-scissor-lift-ds32-br-125889-es-2020-04_screen-pdf-106x150.png","description":""},{"id":350705,"url":"https:\/\/dev.codekraft.it\/rotary-2024\/wp-content\/uploads\/brb_media\/00435038_double-scissor-lift-ds32-br-125890-ru-2020-04_screen.pdf","title":"double scissor lift ds32 br 125890 ru 2020 04 screen","thumbnail":"https:\/\/dev.codekraft.it\/rotary-2024\/wp-content\/uploads\/brb_media\/00435038_double-scissor-lift-ds32-br-125890-ru-2020-04_screen-pdf-106x150.png","description":""}],"brb_media_drawing":[{"id":350706,"url":"https:\/\/dev.codekraft.it\/rotary-2024\/wp-content\/uploads\/brb_media\/00407438_scissor-lift-fp_ds32_8765.pdf","title":"scissor lift fp ds32 8765","thumbnail":"https:\/\/dev.codekraft.it\/rotary-2024\/wp-content\/uploads\/brb_media\/00407438_scissor-lift-fp_ds32_8765-pdf-150x106.png","description":""},{"id":350707,"url":"https:\/\/dev.codekraft.it\/rotary-2024\/wp-content\/uploads\/brb_media\/00407437_scissor-lift-da_ds32_8764.pdf","title":"scissor lift da ds32 8764","thumbnail":"https:\/\/dev.codekraft.it\/rotary-2024\/wp-content\/uploads\/brb_media\/00407437_scissor-lift-da_ds32_8764-pdf-150x106.png","description":""}],"brb_media_manuals":[{"id":375422,"url":"https:\/\/dev.codekraft.it\/rotary-2024\/wp-content\/uploads\/brb_media\/00535409_double-scissor-lift-ds35-om-dc-sp-de-2024-07-rev-c.pdf","title":"double scissor lift ds35 om dc sp de 2024 07 rev c","thumbnail":"https:\/\/dev.codekraft.it\/rotary-2024\/wp-content\/uploads\/brb_media\/00535409_double-scissor-lift-ds35-om-dc-sp-de-2024-07-rev-c-pdf-116x150.png","description":""},{"id":350519,"url":"https:\/\/dev.codekraft.it\/rotary-2024\/wp-content\/uploads\/brb_media\/00479456_double-scissor-lift-ds35-om-sp-en-2021-10-screen.pdf","title":"Double Scissor Lift DS35 OM SP en 2021 10 screen","thumbnail":"https:\/\/dev.codekraft.it\/rotary-2024\/wp-content\/uploads\/brb_media\/00479456_double-scissor-lift-ds35-om-sp-en-2021-10-screen-pdf-116x150.png","description":""},{"id":375423,"url":"https:\/\/dev.codekraft.it\/rotary-2024\/wp-content\/uploads\/brb_media\/00535410_double-scissor-lift-ds35-om-dc-sp-fr-2024-07-rev-c.pdf","title":"double scissor lift ds35 om dc sp fr 2024 07 rev c","thumbnail":"https:\/\/dev.codekraft.it\/rotary-2024\/wp-content\/uploads\/brb_media\/00535410_double-scissor-lift-ds35-om-dc-sp-fr-2024-07-rev-c-pdf-106x150.png","description":""},{"id":350520,"url":"https:\/\/dev.codekraft.it\/rotary-2024\/wp-content\/uploads\/brb_media\/00479457_double-scissor-lift-ds35-om-sp-it-2021-10-screen.pdf","title":"Double Scissor Lift DS35 OM SP it 2021 10 screen","thumbnail":"https:\/\/dev.codekraft.it\/rotary-2024\/wp-content\/uploads\/brb_media\/00479457_double-scissor-lift-ds35-om-sp-it-2021-10-screen-pdf-116x150.png","description":""}],"brb_media_safety_datasheets":"","brb_media_spare_parts":[],"_cdmm_p_id":"429583","_company":"Elektron","_gtin":"5063084195586","accessories":[{"id":378923,"cdmm_p_id":"418367","name":"Kit d\u2018alimentation 230 V","description":"","thumbnail":"https:\/\/dev.codekraft.it\/rotary-2024\/wp-content\/uploads\/brb_media\/00287569_ds-35-power-kit-230v-mi-150x150.png","url":"https:\/\/dev.codekraft.it\/rotary-2024\/fr\/produits\/accessoires-ponts-elevateurs-fr\/accessoires-ponts-a-doubles-ciseaux-fr\/kit-dalimentation-230-v\/"},{"id":379520,"cdmm_p_id":"471105","name":"Kit de rampes d&#039;acc\u00e8s pour DS32\/35 CAT","description":"Longues, 860 mm, galvanis\u00e9 \u00e0 chaud et rev\u00eatement en poudre | pour voitures de sport | 1 jeu \/ 4 pi\u00e8ces","thumbnail":"https:\/\/dev.codekraft.it\/rotary-2024\/wp-content\/uploads\/brb_media\/00287551-150x150.png","url":"https:\/\/dev.codekraft.it\/rotary-2024\/fr\/produits\/accessoires-ponts-elevateurs-fr\/accessoires-ponts-a-doubles-ciseaux-fr\/kit-de-rampes-dacces-pour-ds32-35-cat\/"},{"id":379526,"cdmm_p_id":"471109","name":"Tampons en caoutchouc Pyramide tronqu\u00e9e","description":"30 mm, avec rev\u00eatements antid\u00e9rapants | 1 jeu \/ 4 pi\u00e8ces","thumbnail":"https:\/\/dev.codekraft.it\/rotary-2024\/wp-content\/uploads\/brb_media\/00392090-150x150.png","url":"https:\/\/dev.codekraft.it\/rotary-2024\/fr\/produits\/accessoires-ponts-elevateurs-fr\/accessoires-ponts-a-doubles-ciseaux-fr\/tampons-en-caoutchouc-pyramide-tronquee\/"},{"id":379532,"cdmm_p_id":"471110","name":"Tampons en caoutchouc Pyramide tronqu\u00e9e","description":"70 mm, avec rev\u00eatements antid\u00e9rapants | 1 jeu \/ 4 pi\u00e8ces","thumbnail":"https:\/\/dev.codekraft.it\/rotary-2024\/wp-content\/uploads\/brb_media\/00392091_scissor-lift-ds-32-70-mm-rubber-pad-di-150x150.png","url":"https:\/\/dev.codekraft.it\/rotary-2024\/fr\/produits\/accessoires-ponts-elevateurs-fr\/accessoires-ponts-a-doubles-ciseaux-fr\/tampons-en-caoutchouc-pyramide-tronquee-2\/"},{"id":381190,"cdmm_p_id":"497233","name":"Kit encastr\u00e9 DS32\/35, avec cadre","description":"Cadre de montage (zingu\u00e9) et bo\u00eetes de support pour rampes pliantes","thumbnail":"https:\/\/dev.codekraft.it\/rotary-2024\/wp-content\/uploads\/brb_media\/00489191_xx100003-mi-150x150.jpg","url":"https:\/\/dev.codekraft.it\/rotary-2024\/fr\/produits\/accessoires-ponts-elevateurs-fr\/accessoires-ponts-a-doubles-ciseaux-fr\/kit-encastre-ds32-35-avec-cadre\/"},{"id":381184,"cdmm_p_id":"497232","name":"Kit encastr\u00e9 DS32\/35, sans cadre, ZP+7012","description":"Bo\u00eetes de support pour rampes pliantes avec une installation encastr\u00e9e","thumbnail":"https:\/\/dev.codekraft.it\/rotary-2024\/wp-content\/uploads\/brb_media\/00489190_xx100014zpbg-mi-150x150.jpg","url":"https:\/\/dev.codekraft.it\/rotary-2024\/fr\/produits\/accessoires-ponts-elevateurs-fr\/accessoires-ponts-a-doubles-ciseaux-fr\/kit-encastre-ds32-35-sans-cadre-zp-7012\/"},{"id":381178,"cdmm_p_id":"497231","name":"Jeu de traverses RAL 7016","description":"2 traverses et 4 adaptateurs de fixation (1 jeu)","thumbnail":"https:\/\/dev.codekraft.it\/rotary-2024\/wp-content\/uploads\/brb_media\/00489189_xx100050cg-mi-150x150.jpg","url":"https:\/\/dev.codekraft.it\/rotary-2024\/fr\/produits\/accessoires-ponts-elevateurs-fr\/accessoires-ponts-a-doubles-ciseaux-fr\/jeu-de-traverses-ral-7016\/"},{"id":381196,"cdmm_p_id":"497234","name":"Jeu prolongateur de flexible DS32\/35 | 1 m | incl. recouvrement de flexible","description":"","thumbnail":"","url":"https:\/\/dev.codekraft.it\/rotary-2024\/fr\/produits\/accessoires-ponts-elevateurs-fr\/accessoires-ponts-a-doubles-ciseaux-fr\/jeu-prolongateur-de-flexible-ds32-35-1-m-incl-recouvrement-de-flexible\/"}],"components":[],"related":[],"similar":[{"id":379514,"cdmm_p_id":"471103","name":"Pont \u00e0 doubles ciseaux DS35","description":"3,5 t, \u00e9lectrohydraulique","thumbnail":"https:\/\/dev.codekraft.it\/rotary-2024\/wp-content\/uploads\/brb_media\/00285861-150x150.png","url":"https:\/\/dev.codekraft.it\/rotary-2024\/fr\/produits\/ponts-elevateurs-fr\/ponts-a-doubles-ciseaux-fr\/pont-a-doubles-ciseaux-ds35\/"}],"lang":"fr","translations":{"fr":379032,"en":379030,"de":379031,"it":379033,"es":379034,"ru":379035},"pll_sync_post":[],"_links":{"self":[{"href":"https:\/\/dev.codekraft.it\/rotary-2024\/wp-json\/wp\/v2\/product\/379032","targetHints":{"allow":["GET"]}}],"collection":[{"href":"https:\/\/dev.codekraft.it\/rotary-2024\/wp-json\/wp\/v2\/product"}],"about":[{"href":"https:\/\/dev.codekraft.it\/rotary-2024\/wp-json\/wp\/v2\/types\/product"}],"wp:featuredmedia":[{"embeddable":true,"href":"https:\/\/dev.codekraft.it\/rotary-2024\/wp-json\/wp\/v2\/media\/350699"}],"wp:attachment":[{"href":"https:\/\/dev.codekraft.it\/rotary-2024\/wp-json\/wp\/v2\/media?parent=379032"}],"wp:term":[{"taxonomy":"product_cat","embeddable":true,"href":"https:\/\/dev.codekraft.it\/rotary-2024\/wp-json\/wp\/v2\/product_cat?post=379032"},{"taxonomy":"product_tag","embeddable":true,"href":"https:\/\/dev.codekraft.it\/rotary-2024\/wp-json\/wp\/v2\/product_tag?post=379032"},{"taxonomy":"product_approvals","embeddable":true,"href":"https:\/\/dev.codekraft.it\/rotary-2024\/wp-json\/wp\/v2\/product_approvals?post=379032"},{"taxonomy":"product_application","embeddable":true,"href":"https:\/\/dev.codekraft.it\/rotary-2024\/wp-json\/wp\/v2\/product_application?post=379032"}],"curies":[{"name":"wp","href":"https:\/\/api.w.org\/{rel}","templated":true}]}}