{"id":379031,"date":"2025-12-11T10:04:36","date_gmt":"2025-12-11T10:04:36","guid":{"rendered":"https:\/\/dev.codekraft.it\/rotary-2024\/products\/uncategorized\/doppelscheren-hebebuhne-ds32\/"},"modified":"2025-12-11T10:04:36","modified_gmt":"2025-12-11T10:04:36","slug":"doppelscheren-hebebuhne-ds32","status":"publish","type":"product","link":"https:\/\/dev.codekraft.it\/rotary-2024\/produkte\/hebebuhnen-de\/doppelscheren-hebebuhnen-de\/doppelscheren-hebebuhne-ds32\/","title":{"rendered":"Doppelscheren-Hebeb\u00fchne DS32"},"content":{"rendered":"<p>Speziell f\u00fcr den Service-Bereich ist die Low-Profile Doppelscheren-Hebeb\u00fchne DS32 konzipiert. Die flexiblen Aufnahmeplattformen erm\u00f6glichen ein breites Aufnahmespektrum.<\/p>\n<ul>\n<li>Scheren aus Vollmaterial<\/li>\n<li>Vollhydraulisches System<\/li>\n<\/ul>\n<ul>\n<li>Bei bodenebenem Einbau problemlose Bedienung des Auszuges m\u00f6glich.<\/li>\n<li>Eine einfache \u00dcberflurmontage ist m\u00f6glich, da die B\u00fchne \u00fcber eine geringe \u00dcberfahrh\u00f6he verf\u00fcgt.<\/li>\n<li>Im Lieferumfang enthaltene Gummipads sch\u00fctzen den Unterboden des Fahrzeugs zuverl\u00e4ssig.<\/li>\n<li>Die intelligente Konstruktion erlaubt einfachste Handhabung des Auszugs auch bei dar\u00fcber stehendem Fahrzeug.<\/li>\n<\/ul>\n<ul>\n<li>Mit einer Plattforml\u00e4nge bis 2160 mm kann die DS32 Fahrzeuge bis VW T5\/T6 mit kurzem Radstand aufnehmen.<\/li>\n<li>Die Konstruktion \u00fcberzeugt durch h\u00f6chste Stabilit\u00e4t. Die Scheren sind aus Vollmaterial.<\/li>\n<li>Die geringe \u00dcberfahrh\u00f6he erleichtert die Aufnahme von Fahrzeugen mit geringer Bodenfreiheit.<\/li>\n<li>Das vollhydraulische System mit integrierter Selbstentl\u00fcftung sorgt f\u00fcr eine zuverl\u00e4ssige Funktion auch bei verschmutzter Umgebung.<\/li>\n<li>Das vormontierte Bedienpult besitzt ein leise laufendes Hydraulikaggregat und tr\u00e4gt damit ma\u00dfgeblich zu einem geringen Installationsaufwand bei.<\/li>\n<li>Dokumente oder auch Tablet-Computer finden ihren Platz auf der integrierten Ablagem\u00f6glichkeit. Auch als Schreibunterlage perfekt geeignet.<\/li>\n<li>Sauber angeordnete und stabile Drucktasten sorgen f\u00fcr eine sichere Bedienung der Hebeb\u00fchne.<\/li>\n<li>Servicefreundlichkeit steht auch hier an erster Stelle, die Seitenteile sind an allen 4 Seiten abnehmbar, die elektrischen Bauteile befinden sich unter dem klappbaren Bedien- und Schreibtableau.<\/li>\n<li>Die Platzierung kann links oder rechts erfolgen, die Schlauchl\u00e4nge zwischen Hebeb\u00fchne und Pult betr\u00e4gt 2 m.<\/li>\n<li>Um eine flexible Aufnahme sowohl kleiner als auch gro\u00dfer Fahrzeuge zu erm\u00f6glichen, besitzt die DS32 beidseitig ausklappbare und leicht arretierbare Plattformverl\u00e4ngerungen.<\/li>\n<li>Das redundante doppelte Master-Slave-Hydrauliksystem erm\u00f6glicht den Verzicht auf zus\u00e4tzliche Sicherheitsklinken.<\/li>\n<li>Doppelte Sicherheit, die ein einseitiges Anheben bzw. Absenken verhindert.<\/li>\n<li>Alle Hydraulikzylinder sind schraubbar ausgef\u00fchrt. Damit wird die Servicefreundlichkeit erh\u00f6ht.<\/li>\n<li>Der serienm\u00e4\u00dfige CE-Stopp gew\u00e4hrleistet einen Fu\u00dfschutz ohne Fu\u00dfabweiser. Auch ein Unterflureinbau wird damit erm\u00f6glicht.<\/li>\n<li>Eine Notabsenkung bei Stromausfall ist problemlos m\u00f6glich.<\/li>\n<\/ul>\n","protected":false},"excerpt":{"rendered":"<p>3,2 t, elektrohydraulisch<\/p>\n","protected":false},"featured_media":350699,"template":"","meta":[],"product_cat":[1033676],"product_tag":[1034161],"product_approvals":[],"product_application":[],"class_list":{"0":"post-379031","1":"product","2":"type-product","3":"status-publish","4":"has-post-thumbnail","6":"product_cat-doppelscheren-hebebuhnen-de","7":"product_tag-passenger-cars-de","9":"first","10":"instock","11":"shipping-taxable","12":"product-type-simple"},"approvals":[],"application":[],"brb_media_brochure":[{"id":350700,"url":"https:\/\/dev.codekraft.it\/rotary-2024\/wp-content\/uploads\/brb_media\/00435030_double-scissor-lift-ds32-br-125885-de-2020-04_screen.pdf","title":"double scissor lift ds32 br 125885 de 2020 04 screen","thumbnail":"https:\/\/dev.codekraft.it\/rotary-2024\/wp-content\/uploads\/brb_media\/00435030_double-scissor-lift-ds32-br-125885-de-2020-04_screen-pdf-106x150.png","description":""},{"id":350701,"url":"https:\/\/dev.codekraft.it\/rotary-2024\/wp-content\/uploads\/brb_media\/00435031_double-scissor-lift-ds32-br-125886-en-2020-04_screen.pdf","title":"double scissor lift ds32 br 125886 en 2020 04 screen","thumbnail":"https:\/\/dev.codekraft.it\/rotary-2024\/wp-content\/uploads\/brb_media\/00435031_double-scissor-lift-ds32-br-125886-en-2020-04_screen-pdf-106x150.png","description":""},{"id":350702,"url":"https:\/\/dev.codekraft.it\/rotary-2024\/wp-content\/uploads\/brb_media\/00435032_double-scissor-lift-ds32-br-125887-fr-2020-04_screen.pdf","title":"double scissor lift ds32 br 125887 fr 2020 04 screen","thumbnail":"https:\/\/dev.codekraft.it\/rotary-2024\/wp-content\/uploads\/brb_media\/00435032_double-scissor-lift-ds32-br-125887-fr-2020-04_screen-pdf-106x150.png","description":""},{"id":350703,"url":"https:\/\/dev.codekraft.it\/rotary-2024\/wp-content\/uploads\/brb_media\/00435033_double-scissor-lift-ds32-br-125888-it-2020-04_screen.pdf","title":"double scissor lift ds32 br 125888 it 2020 04 screen","thumbnail":"https:\/\/dev.codekraft.it\/rotary-2024\/wp-content\/uploads\/brb_media\/00435033_double-scissor-lift-ds32-br-125888-it-2020-04_screen-pdf-106x150.png","description":""},{"id":350704,"url":"https:\/\/dev.codekraft.it\/rotary-2024\/wp-content\/uploads\/brb_media\/00435036_double-scissor-lift-ds32-br-125889-es-2020-04_screen.pdf","title":"double scissor lift ds32 br 125889 es 2020 04 screen","thumbnail":"https:\/\/dev.codekraft.it\/rotary-2024\/wp-content\/uploads\/brb_media\/00435036_double-scissor-lift-ds32-br-125889-es-2020-04_screen-pdf-106x150.png","description":""},{"id":350705,"url":"https:\/\/dev.codekraft.it\/rotary-2024\/wp-content\/uploads\/brb_media\/00435038_double-scissor-lift-ds32-br-125890-ru-2020-04_screen.pdf","title":"double scissor lift ds32 br 125890 ru 2020 04 screen","thumbnail":"https:\/\/dev.codekraft.it\/rotary-2024\/wp-content\/uploads\/brb_media\/00435038_double-scissor-lift-ds32-br-125890-ru-2020-04_screen-pdf-106x150.png","description":""}],"brb_media_drawing":[{"id":350706,"url":"https:\/\/dev.codekraft.it\/rotary-2024\/wp-content\/uploads\/brb_media\/00407438_scissor-lift-fp_ds32_8765.pdf","title":"scissor lift fp ds32 8765","thumbnail":"https:\/\/dev.codekraft.it\/rotary-2024\/wp-content\/uploads\/brb_media\/00407438_scissor-lift-fp_ds32_8765-pdf-150x106.png","description":""},{"id":350707,"url":"https:\/\/dev.codekraft.it\/rotary-2024\/wp-content\/uploads\/brb_media\/00407437_scissor-lift-da_ds32_8764.pdf","title":"scissor lift da ds32 8764","thumbnail":"https:\/\/dev.codekraft.it\/rotary-2024\/wp-content\/uploads\/brb_media\/00407437_scissor-lift-da_ds32_8764-pdf-150x106.png","description":""}],"brb_media_manuals":[{"id":375422,"url":"https:\/\/dev.codekraft.it\/rotary-2024\/wp-content\/uploads\/brb_media\/00535409_double-scissor-lift-ds35-om-dc-sp-de-2024-07-rev-c.pdf","title":"double scissor lift ds35 om dc sp de 2024 07 rev c","thumbnail":"https:\/\/dev.codekraft.it\/rotary-2024\/wp-content\/uploads\/brb_media\/00535409_double-scissor-lift-ds35-om-dc-sp-de-2024-07-rev-c-pdf-116x150.png","description":""},{"id":350519,"url":"https:\/\/dev.codekraft.it\/rotary-2024\/wp-content\/uploads\/brb_media\/00479456_double-scissor-lift-ds35-om-sp-en-2021-10-screen.pdf","title":"Double Scissor Lift DS35 OM SP en 2021 10 screen","thumbnail":"https:\/\/dev.codekraft.it\/rotary-2024\/wp-content\/uploads\/brb_media\/00479456_double-scissor-lift-ds35-om-sp-en-2021-10-screen-pdf-116x150.png","description":""},{"id":375423,"url":"https:\/\/dev.codekraft.it\/rotary-2024\/wp-content\/uploads\/brb_media\/00535410_double-scissor-lift-ds35-om-dc-sp-fr-2024-07-rev-c.pdf","title":"double scissor lift ds35 om dc sp fr 2024 07 rev c","thumbnail":"https:\/\/dev.codekraft.it\/rotary-2024\/wp-content\/uploads\/brb_media\/00535410_double-scissor-lift-ds35-om-dc-sp-fr-2024-07-rev-c-pdf-106x150.png","description":""},{"id":350520,"url":"https:\/\/dev.codekraft.it\/rotary-2024\/wp-content\/uploads\/brb_media\/00479457_double-scissor-lift-ds35-om-sp-it-2021-10-screen.pdf","title":"Double Scissor Lift DS35 OM SP it 2021 10 screen","thumbnail":"https:\/\/dev.codekraft.it\/rotary-2024\/wp-content\/uploads\/brb_media\/00479457_double-scissor-lift-ds35-om-sp-it-2021-10-screen-pdf-116x150.png","description":""}],"brb_media_safety_datasheets":"","brb_media_spare_parts":[],"_cdmm_p_id":"429583","_company":"Elektron","_gtin":"5063084195586","accessories":[{"id":378922,"cdmm_p_id":"418367","name":"Power-Kit 230 V","description":"","thumbnail":"https:\/\/dev.codekraft.it\/rotary-2024\/wp-content\/uploads\/brb_media\/00287569_ds-35-power-kit-230v-mi-150x150.png","url":"https:\/\/dev.codekraft.it\/rotary-2024\/produkte\/zubehor-hebebuhnen-de\/zubehor-doppelscheren-hebebuhnen-de\/power-kit-230-v-2\/"},{"id":379519,"cdmm_p_id":"471105","name":"Auffahrrampen-Kit f\u00fcr DS32\/35 CAT","description":"Lang, 860 mm, feuerverzinkt und pulverbeschichtet | f\u00fcr Sportwagen | 1 Satz \/ 4 St\u00fcck","thumbnail":"https:\/\/dev.codekraft.it\/rotary-2024\/wp-content\/uploads\/brb_media\/00287551-150x150.png","url":"https:\/\/dev.codekraft.it\/rotary-2024\/produkte\/zubehor-hebebuhnen-de\/zubehor-doppelscheren-hebebuhnen-de\/auffahrrampen-kit-fur-ds32-35-cat\/"},{"id":379525,"cdmm_p_id":"471109","name":"Gummikl\u00f6tze Pyramidenstumpf","description":"30 mm, mit Grippauflagen | 1 Satz \/ 4 St\u00fcck","thumbnail":"https:\/\/dev.codekraft.it\/rotary-2024\/wp-content\/uploads\/brb_media\/00392090-150x150.png","url":"https:\/\/dev.codekraft.it\/rotary-2024\/produkte\/zubehor-hebebuhnen-de\/zubehor-doppelscheren-hebebuhnen-de\/gummiklotze-pyramidenstumpf\/"},{"id":379531,"cdmm_p_id":"471110","name":"Gummikl\u00f6tze Pyramidenstumpf","description":"70 mm, mit Grippauflagen | 1 Satz \/ 4 St\u00fcck","thumbnail":"https:\/\/dev.codekraft.it\/rotary-2024\/wp-content\/uploads\/brb_media\/00392091_scissor-lift-ds-32-70-mm-rubber-pad-di-150x150.png","url":"https:\/\/dev.codekraft.it\/rotary-2024\/produkte\/zubehor-hebebuhnen-de\/zubehor-doppelscheren-hebebuhnen-de\/gummiklotze-pyramidenstumpf-2\/"},{"id":381189,"cdmm_p_id":"497233","name":"Unterflur-Kit DS32\/35, mit Rahmen","description":"Einbaurahmen (verzinkt) und Auflagek\u00e4sten f\u00fcr Klapprampen","thumbnail":"https:\/\/dev.codekraft.it\/rotary-2024\/wp-content\/uploads\/brb_media\/00489191_xx100003-mi-150x150.jpg","url":"https:\/\/dev.codekraft.it\/rotary-2024\/produkte\/zubehor-hebebuhnen-de\/zubehor-doppelscheren-hebebuhnen-de\/unterflur-kit-ds32-35-mit-rahmen\/"},{"id":381183,"cdmm_p_id":"497232","name":"Unterflur-Kit DS32\/35, ohne Rahmen, ZP+7012","description":"Auflagek\u00e4sten f\u00fcr Klapprampen bei Unterflur-Installation","thumbnail":"https:\/\/dev.codekraft.it\/rotary-2024\/wp-content\/uploads\/brb_media\/00489190_xx100014zpbg-mi-150x150.jpg","url":"https:\/\/dev.codekraft.it\/rotary-2024\/produkte\/zubehor-hebebuhnen-de\/zubehor-doppelscheren-hebebuhnen-de\/unterflur-kit-ds32-35-ohne-rahmen-zp-7012\/"},{"id":381177,"cdmm_p_id":"497231","name":"Quertraversesatz RAL 7016","description":"2 Quertraversen und 4 Aufnahmeadapter","thumbnail":"https:\/\/dev.codekraft.it\/rotary-2024\/wp-content\/uploads\/brb_media\/00489189_xx100050cg-mi-150x150.jpg","url":"https:\/\/dev.codekraft.it\/rotary-2024\/produkte\/zubehor-hebebuhnen-de\/zubehor-doppelscheren-hebebuhnen-de\/quertraversesatz-ral-7016\/"},{"id":381195,"cdmm_p_id":"497234","name":"Schlauchverl\u00e4ngerungssatz DS32\/35 | 1 m | inkl. Schlauchabdeckung","description":"","thumbnail":"","url":"https:\/\/dev.codekraft.it\/rotary-2024\/produkte\/zubehor-hebebuhnen-de\/zubehor-doppelscheren-hebebuhnen-de\/schlauchverlangerungssatz-ds32-35-1-m-inkl-schlauchabdeckung\/"}],"components":[],"related":[],"similar":[{"id":379513,"cdmm_p_id":"471103","name":"Doppelscheren-Hebeb\u00fchne DS35","description":"3,5 t, elektrohydraulisch","thumbnail":"https:\/\/dev.codekraft.it\/rotary-2024\/wp-content\/uploads\/brb_media\/00285861-150x150.png","url":"https:\/\/dev.codekraft.it\/rotary-2024\/produkte\/hebebuhnen-de\/doppelscheren-hebebuhnen-de\/doppelscheren-hebebuhne-ds35\/"}],"lang":"de","translations":{"de":379031,"en":379030,"fr":379032,"it":379033,"es":379034,"ru":379035},"pll_sync_post":[],"_links":{"self":[{"href":"https:\/\/dev.codekraft.it\/rotary-2024\/wp-json\/wp\/v2\/product\/379031","targetHints":{"allow":["GET"]}}],"collection":[{"href":"https:\/\/dev.codekraft.it\/rotary-2024\/wp-json\/wp\/v2\/product"}],"about":[{"href":"https:\/\/dev.codekraft.it\/rotary-2024\/wp-json\/wp\/v2\/types\/product"}],"wp:featuredmedia":[{"embeddable":true,"href":"https:\/\/dev.codekraft.it\/rotary-2024\/wp-json\/wp\/v2\/media\/350699"}],"wp:attachment":[{"href":"https:\/\/dev.codekraft.it\/rotary-2024\/wp-json\/wp\/v2\/media?parent=379031"}],"wp:term":[{"taxonomy":"product_cat","embeddable":true,"href":"https:\/\/dev.codekraft.it\/rotary-2024\/wp-json\/wp\/v2\/product_cat?post=379031"},{"taxonomy":"product_tag","embeddable":true,"href":"https:\/\/dev.codekraft.it\/rotary-2024\/wp-json\/wp\/v2\/product_tag?post=379031"},{"taxonomy":"product_approvals","embeddable":true,"href":"https:\/\/dev.codekraft.it\/rotary-2024\/wp-json\/wp\/v2\/product_approvals?post=379031"},{"taxonomy":"product_application","embeddable":true,"href":"https:\/\/dev.codekraft.it\/rotary-2024\/wp-json\/wp\/v2\/product_application?post=379031"}],"curies":[{"name":"wp","href":"https:\/\/api.w.org\/{rel}","templated":true}]}}