{"id":379019,"date":"2025-12-11T10:04:35","date_gmt":"2025-12-11T10:04:35","guid":{"rendered":"https:\/\/dev.codekraft.it\/rotary-2024\/products\/uncategorized\/2-saulen-hebebuhne-spo65e-eh2-lwb\/"},"modified":"2025-12-11T10:04:35","modified_gmt":"2025-12-11T10:04:35","slug":"2-saulen-hebebuhne-spo65e-eh2-lwb","status":"publish","type":"product","link":"https:\/\/dev.codekraft.it\/rotary-2024\/produkte\/hebebuhnen-de\/2-saulen-hebebuhnen-de\/2-saulen-hebebuhne-spo65e-eh2-lwb\/","title":{"rendered":"2-S\u00e4ulen-Hebeb\u00fchne SPO65E-EH2-LWB"},"content":{"rendered":"<p>Die elektro-hydraulische 2-S\u00e4ulen Hebeb\u00fchnen der SPO65-Serie \u00fcberzeugen durch einen \u00fcberragenden Aufnahmebereich, sie eignen sich insbesondere f\u00fcr Transporter Arbeitspl\u00e4tze. Es stehen 2 verschiedene S\u00e4ulenh\u00f6hen zur Auswahl.<\/p>\n<ul>\n<li>SPO-Serie &#8211; die meist verkaufte Hebeb\u00fchne der Welt<\/li>\n<li>Maximale Sicherheit mit Rotary 3PSS-Concept<\/li>\n<li>Aufnahmebereich Transporter, Einsatzfahrzeuge und Wohnmobile<\/li>\n<\/ul>\n<ul>\n<li>Die besonders gro\u00dfz\u00fcgig dimensionierten Tragarme erlauben die sichere Aufnahme von schweren Transportern, Einsatzfahrzeugen und Wohnmobilen<\/li>\n<\/ul>\n<ul>\n<li>3PSS Concept (3 Phase Security System) beinhaltet:\n<ul>\n<li>Beidseitig integrierte mechanische Sicherheitsklinken mit automatischer Bet\u00e4tigung<\/li>\n<li>Lastfrei gelagerte Synchronisations-Seilz\u00fcge sichern die Last w\u00e4hrend des Hub- und Senkvorgangs<\/li>\n<li>Durch R\u00fcckschlagventil gesichertes Hydrauliksystem inklusive wartungsfreier Hochdruckzylinder in beiden S\u00e4ulen<\/li>\n<\/ul>\n<\/li>\n<\/ul>\n<ul>\n<li>Die maximale Durchfahrbreite bei minimalen Au\u00dfenabmessungen sowie die grundrahmenfreie Konstruktion gew\u00e4hrleisten ein problemloses Befahren der Hebeb\u00fchne<\/li>\n<li>Das Doppel S-Profil der Hubs\u00e4ulen erm\u00f6glicht h\u00f6chste Stabilit\u00e4t bei minimalem Raumbedarf. Die Kontaktfl\u00e4che der in den Hubs\u00e4ulen gef\u00fchrten Hubschlitten wird dar\u00fcber hinaus deutlich vergr\u00f6\u00dfert.<\/li>\n<li>Die Drehteller sind steckbar und k\u00f6nnen mit Aufsatzst\u00fccken stabil und kosteng\u00fcnstig verl\u00e4ngert oder ersetzt werden.<\/li>\n<\/ul>\n<ul>\n<li>F\u00fcr ein Plus an Ergonomie und Wirtschaftlichkeit ist das 2. Bedienteil bei der SPO65 serienm\u00e4\u00dfig. Eine Bedieneinheit ist mit einem 220 V Anschluss (mit 16 Ampere f\u00fcr elektrische Handwerkzeuge abgesichert) und die zweite mit einer Druckluftvorbereitung ausgestattet.<\/li>\n<li>Die obere Sicherheitsabschaltung sch\u00fctzt Fahrzeuge mit gr\u00f6\u00dferer Bauh\u00f6he wirkungsvoll vor Besch\u00e4digungen beim Heben.<\/li>\n<li>Die elektro-hydraulische Bauweise mit lediglich einem Aggregat sorgt f\u00fcr einen energiesparenden Betrieb bei schnellen Hub- und Senkzeiten.<\/li>\n<li>Angeflanscht am oberen Bereich der Hubs\u00e4ule ist das Aggregat gesch\u00fctzt vor \u00e4u\u00dferen Einfl\u00fcssen und erm\u00f6glicht mehr Bewegungsfreiheit.<\/li>\n<li>Rotary Hydraulik steht f\u00fcr maximale Servicefreundlichkeit bei minimalen Betriebskosten<\/li>\n<li>Die Tragarme werden beim Anheben automatisch arretiert. Ist die B\u00fchne vollst\u00e4ndig abgesenkt wird diese Arretierung selbst\u00e4ndig gel\u00f6st. Die besonders feine Rasterung und eine manuelle Entriegelungs-Funktion erweitern den Bedienungskomfort.<\/li>\n<\/ul>\n","protected":false},"excerpt":{"rendered":"<p>6,5 t, elektrohydraulisch, Doppelsteuerpult, Tragarme 3-teilig, symmetrisch, Gesamth\u00f6he 5432 mm<\/p>\n","protected":false},"featured_media":349772,"template":"","meta":[],"product_brand":[],"product_cat":[1033360],"product_tag":[1034178,1034195],"product_approvals":[],"product_application":[],"class_list":{"0":"post-379019","1":"product","2":"type-product","3":"status-publish","4":"has-post-thumbnail","6":"product_cat-2-saulen-hebebuhnen-de","7":"product_tag-light-commercial-de","8":"product_tag-motor-homes-de","10":"first","11":"instock","12":"shipping-taxable","13":"product-type-simple"},"approvals":[],"application":[],"brb_media_brochure":[{"id":349773,"url":"https:\/\/dev.codekraft.it\/rotary-2024\/wp-content\/uploads\/brb_media\/00409806_2-post-lift-spo65e-br-126503-de-2019-04-screen.pdf","title":"2 post lift spo65e br 126503 de 2019 04 screen","mpn":"","thumbnail":"https:\/\/dev.codekraft.it\/rotary-2024\/wp-content\/uploads\/brb_media\/00409806_2-post-lift-spo65e-br-126503-de-2019-04-screen-pdf-106x150.png","description":""},{"id":349774,"url":"https:\/\/dev.codekraft.it\/rotary-2024\/wp-content\/uploads\/brb_media\/00409807_2-post-lift-spo65e-br-126504-en-2019-04-screen.pdf","title":"2 post lift spo65e br 126504 en 2019 04 screen","mpn":"","thumbnail":"https:\/\/dev.codekraft.it\/rotary-2024\/wp-content\/uploads\/brb_media\/00409807_2-post-lift-spo65e-br-126504-en-2019-04-screen-pdf-106x150.png","description":""},{"id":349775,"url":"https:\/\/dev.codekraft.it\/rotary-2024\/wp-content\/uploads\/brb_media\/00409808_2-post-lift-spo65e-br-126505-fr-2019-04-screen.pdf","title":"2 post lift spo65e br 126505 fr 2019 04 screen","mpn":"","thumbnail":"https:\/\/dev.codekraft.it\/rotary-2024\/wp-content\/uploads\/brb_media\/00409808_2-post-lift-spo65e-br-126505-fr-2019-04-screen-pdf-106x150.png","description":""},{"id":349776,"url":"https:\/\/dev.codekraft.it\/rotary-2024\/wp-content\/uploads\/brb_media\/00409809_2-post-lift-spo65e-br-126506-it-2019-04-screen.pdf","title":"2 post lift spo65e br 126506 it 2019 04 screen","mpn":"","thumbnail":"https:\/\/dev.codekraft.it\/rotary-2024\/wp-content\/uploads\/brb_media\/00409809_2-post-lift-spo65e-br-126506-it-2019-04-screen-pdf-106x150.png","description":""},{"id":349777,"url":"https:\/\/dev.codekraft.it\/rotary-2024\/wp-content\/uploads\/brb_media\/00409810_2-post-lift-spo65e-br-126507-es-2019-04-screen.pdf","title":"2 post lift spo65e br 126507 es 2019 04 screen","mpn":"","thumbnail":"https:\/\/dev.codekraft.it\/rotary-2024\/wp-content\/uploads\/brb_media\/00409810_2-post-lift-spo65e-br-126507-es-2019-04-screen-pdf-106x150.png","description":""},{"id":349778,"url":"https:\/\/dev.codekraft.it\/rotary-2024\/wp-content\/uploads\/brb_media\/00409811_2-post-lift-spo65e-br-126508-ru-2019-04-screen.pdf","title":"2 post lift spo65e br 126508 ru 2019 04 screen","mpn":"","thumbnail":"https:\/\/dev.codekraft.it\/rotary-2024\/wp-content\/uploads\/brb_media\/00409811_2-post-lift-spo65e-br-126508-ru-2019-04-screen-pdf-106x150.png","description":""}],"brb_media_drawing":[{"id":349799,"url":"https:\/\/dev.codekraft.it\/rotary-2024\/wp-content\/uploads\/brb_media\/00469296_2-post-lift_spo65e-lwb_8614.pdf","title":"2 Post Lift SPO65E LWB 8614","mpn":"","thumbnail":"https:\/\/dev.codekraft.it\/rotary-2024\/wp-content\/uploads\/brb_media\/00469296_2-post-lift_spo65e-lwb_8614-pdf-150x105.png","description":""},{"id":349800,"url":"https:\/\/dev.codekraft.it\/rotary-2024\/wp-content\/uploads\/brb_media\/00407435_2-post-lift_spo65e-lwb_8680.pdf","title":"2 post lift spo65e lwb 8680","mpn":"","thumbnail":"https:\/\/dev.codekraft.it\/rotary-2024\/wp-content\/uploads\/brb_media\/00407435_2-post-lift_spo65e-lwb_8680-pdf-150x105.png","description":""},{"id":349801,"url":"https:\/\/dev.codekraft.it\/rotary-2024\/wp-content\/uploads\/brb_media\/00407433_2-post-lift_spo65-lwb_bo_8904.pdf","title":"2 post lift spo65 lwb bo 8904","mpn":"","thumbnail":"https:\/\/dev.codekraft.it\/rotary-2024\/wp-content\/uploads\/brb_media\/00407433_2-post-lift_spo65-lwb_bo_8904-pdf-150x106.png","description":""}],"brb_media_manuals":[{"id":349779,"url":"https:\/\/dev.codekraft.it\/rotary-2024\/wp-content\/uploads\/brb_media\/00265248_2-post-lift-spo-65-om-om20166-de-2013-03.pdf","title":"2 post lift spo 65 om om20166 de 2013 03","mpn":"","thumbnail":"https:\/\/dev.codekraft.it\/rotary-2024\/wp-content\/uploads\/brb_media\/00265248_2-post-lift-spo-65-om-om20166-de-2013-03-pdf-116x150.png","description":""},{"id":349780,"url":"https:\/\/dev.codekraft.it\/rotary-2024\/wp-content\/uploads\/brb_media\/00265249_2-post-lift-spo-65-om-om20166-en-2013-03.pdf","title":"2 post lift spo 65 om om20166 en 2013 03","mpn":"","thumbnail":"https:\/\/dev.codekraft.it\/rotary-2024\/wp-content\/uploads\/brb_media\/00265249_2-post-lift-spo-65-om-om20166-en-2013-03-pdf-116x150.png","description":""},{"id":349781,"url":"https:\/\/dev.codekraft.it\/rotary-2024\/wp-content\/uploads\/brb_media\/00265251_2-post-lift-spo-65-om-om20166-fr-2013-03.pdf","title":"2 post lift spo 65 om om20166 fr 2013 03","mpn":"","thumbnail":"https:\/\/dev.codekraft.it\/rotary-2024\/wp-content\/uploads\/brb_media\/00265251_2-post-lift-spo-65-om-om20166-fr-2013-03-pdf-116x150.png","description":""},{"id":349782,"url":"https:\/\/dev.codekraft.it\/rotary-2024\/wp-content\/uploads\/brb_media\/00265252_2-post-lift-spo-65-om-om20166-it-2013-03.pdf","title":"2 post lift spo 65 om om20166 it 2013 03","mpn":"","thumbnail":"https:\/\/dev.codekraft.it\/rotary-2024\/wp-content\/uploads\/brb_media\/00265252_2-post-lift-spo-65-om-om20166-it-2013-03-pdf-116x150.png","description":""},{"id":349783,"url":"https:\/\/dev.codekraft.it\/rotary-2024\/wp-content\/uploads\/brb_media\/00265250_2-post-lift-spo-65-om-om20166-es-2013-03.pdf","title":"2 post lift spo 65 om om20166 es 2013 03","mpn":"","thumbnail":"https:\/\/dev.codekraft.it\/rotary-2024\/wp-content\/uploads\/brb_media\/00265250_2-post-lift-spo-65-om-om20166-es-2013-03-pdf-116x150.png","description":""},{"id":349784,"url":"https:\/\/dev.codekraft.it\/rotary-2024\/wp-content\/uploads\/brb_media\/00158695_2-post-lift-spo-65-e-sp-pb26013-de-2011-07.pdf","title":"2 post lift spo 65 e sp pb26013 de 2011 07","mpn":"","thumbnail":"https:\/\/dev.codekraft.it\/rotary-2024\/wp-content\/uploads\/brb_media\/00158695_2-post-lift-spo-65-e-sp-pb26013-de-2011-07-pdf-116x150.png","description":""},{"id":349785,"url":"https:\/\/dev.codekraft.it\/rotary-2024\/wp-content\/uploads\/brb_media\/00158696_2-post-lift-spo-65-e-sp-pb26013-en-2011-07.pdf","title":"2 post lift spo 65 e sp pb26013 en 2011 07","mpn":"","thumbnail":"https:\/\/dev.codekraft.it\/rotary-2024\/wp-content\/uploads\/brb_media\/00158696_2-post-lift-spo-65-e-sp-pb26013-en-2011-07-pdf-116x150.png","description":""},{"id":349786,"url":"https:\/\/dev.codekraft.it\/rotary-2024\/wp-content\/uploads\/brb_media\/00158698_2-post-lift-spo-65-e-sp-pb26013-fr-2011-07.pdf","title":"2 post lift spo 65 e sp pb26013 fr 2011 07","mpn":"","thumbnail":"https:\/\/dev.codekraft.it\/rotary-2024\/wp-content\/uploads\/brb_media\/00158698_2-post-lift-spo-65-e-sp-pb26013-fr-2011-07-pdf-116x150.png","description":""},{"id":349787,"url":"https:\/\/dev.codekraft.it\/rotary-2024\/wp-content\/uploads\/brb_media\/00158699_2-post-lift-spo-65-e-sp-pb26013-it-2011-07.pdf","title":"2 post lift spo 65 e sp pb26013 it 2011 07","mpn":"","thumbnail":"https:\/\/dev.codekraft.it\/rotary-2024\/wp-content\/uploads\/brb_media\/00158699_2-post-lift-spo-65-e-sp-pb26013-it-2011-07-pdf-116x150.png","description":""},{"id":349788,"url":"https:\/\/dev.codekraft.it\/rotary-2024\/wp-content\/uploads\/brb_media\/00158697_2-post-lift-spo-65-e-sp-pb26013-es-2011-07.pdf","title":"2 post lift spo 65 e sp pb26013 es 2011 07","mpn":"","thumbnail":"https:\/\/dev.codekraft.it\/rotary-2024\/wp-content\/uploads\/brb_media\/00158697_2-post-lift-spo-65-e-sp-pb26013-es-2011-07-pdf-116x150.png","description":""},{"id":349789,"url":"https:\/\/dev.codekraft.it\/rotary-2024\/wp-content\/uploads\/brb_media\/00335076_2-post-lift-spo65e-im-in20334-de-2016-03.pdf","title":"2 post lift spo65e im in20334 de 2016 03","mpn":"","thumbnail":"https:\/\/dev.codekraft.it\/rotary-2024\/wp-content\/uploads\/brb_media\/00335076_2-post-lift-spo65e-im-in20334-de-2016-03-pdf-116x150.png","description":""},{"id":349790,"url":"https:\/\/dev.codekraft.it\/rotary-2024\/wp-content\/uploads\/brb_media\/00335077_2-post-lift-spo65e-im-in20334-en-2016-03.pdf","title":"2 post lift spo65e im in20334 en 2016 03","mpn":"","thumbnail":"https:\/\/dev.codekraft.it\/rotary-2024\/wp-content\/uploads\/brb_media\/00335077_2-post-lift-spo65e-im-in20334-en-2016-03-pdf-116x150.png","description":""},{"id":349791,"url":"https:\/\/dev.codekraft.it\/rotary-2024\/wp-content\/uploads\/brb_media\/00335078_2-post-lift-spo65e-im-in20334-fr-2016-03.pdf","title":"2 post lift spo65e im in20334 fr 2016 03","mpn":"","thumbnail":"https:\/\/dev.codekraft.it\/rotary-2024\/wp-content\/uploads\/brb_media\/00335078_2-post-lift-spo65e-im-in20334-fr-2016-03-pdf-116x150.png","description":""},{"id":349792,"url":"https:\/\/dev.codekraft.it\/rotary-2024\/wp-content\/uploads\/brb_media\/00335079_2-post-lift-spo65e-im-in20334-it-2016-03.pdf","title":"2 post lift spo65e im in20334 it 2016 03","mpn":"","thumbnail":"https:\/\/dev.codekraft.it\/rotary-2024\/wp-content\/uploads\/brb_media\/00335079_2-post-lift-spo65e-im-in20334-it-2016-03-pdf-116x150.png","description":""},{"id":349793,"url":"https:\/\/dev.codekraft.it\/rotary-2024\/wp-content\/uploads\/brb_media\/00335080_2-post-lift-spo65e-im-in20334-es-2016-03.pdf","title":"2 post lift spo65e im in20334 es 2016 03","mpn":"","thumbnail":"https:\/\/dev.codekraft.it\/rotary-2024\/wp-content\/uploads\/brb_media\/00335080_2-post-lift-spo65e-im-in20334-es-2016-03-pdf-116x150.png","description":""},{"id":349794,"url":"https:\/\/dev.codekraft.it\/rotary-2024\/wp-content\/uploads\/brb_media\/00116906_2-post-lift-spo-65-m-om-om20166-ru-2005-04-screen.pdf","title":"2 post lift spo 65 m om om20166 ru 2005 04 screen","mpn":"","thumbnail":"https:\/\/dev.codekraft.it\/rotary-2024\/wp-content\/uploads\/brb_media\/00116906_2-post-lift-spo-65-m-om-om20166-ru-2005-04-screen-pdf-116x150.png","description":""},{"id":349795,"url":"https:\/\/dev.codekraft.it\/rotary-2024\/wp-content\/uploads\/brb_media\/00117108_2-post-lift-spo-65-m-sp-pb26013-ru-2005-12-screen.pdf","title":"2 post lift spo 65 m sp pb26013 ru 2005 12 screen","mpn":"","thumbnail":"https:\/\/dev.codekraft.it\/rotary-2024\/wp-content\/uploads\/brb_media\/00117108_2-post-lift-spo-65-m-sp-pb26013-ru-2005-12-screen-pdf-116x150.png","description":""},{"id":349796,"url":"https:\/\/dev.codekraft.it\/rotary-2024\/wp-content\/uploads\/brb_media\/00117109_2-post-lift-spo-65-m-im-in20334-ru-2005-12-screen.pdf","title":"2 post lift spo 65 m im in20334 ru 2005 12 screen","mpn":"","thumbnail":"https:\/\/dev.codekraft.it\/rotary-2024\/wp-content\/uploads\/brb_media\/00117109_2-post-lift-spo-65-m-im-in20334-ru-2005-12-screen-pdf-116x150.png","description":""},{"id":349797,"url":"https:\/\/dev.codekraft.it\/rotary-2024\/wp-content\/uploads\/brb_media\/00521375_2-post-lifts-spo65e-om-en-2022-02.pdf","title":"2 post lifts SPO65E OM en 2022 02","mpn":"","thumbnail":"https:\/\/dev.codekraft.it\/rotary-2024\/wp-content\/uploads\/brb_media\/00521375_2-post-lifts-spo65e-om-en-2022-02-pdf-116x150.png","description":""},{"id":349798,"url":"https:\/\/dev.codekraft.it\/rotary-2024\/wp-content\/uploads\/brb_media\/00494820_om-spo-4-enrevb.pdf","title":"OM SPO 4 EN(revB)","mpn":"","thumbnail":"https:\/\/dev.codekraft.it\/rotary-2024\/wp-content\/uploads\/brb_media\/00494820_om-spo-4-enrevb-pdf-116x150.png","description":""}],"brb_media_safety_datasheets":"","brb_media_spare_parts":[],"_cdmm_p_id":"423426","_company":"Elektron","_gtin":"4057612627954","accessories":[{"id":378732,"mpn":"FJ6216MB","name":"Aufnahmeadapter","description":"Dorn, lang | f\u00fcr Mercedes Sprinter, VW Crafter - vorn \/ f\u00fcr SPO65 | 1 Satz \/ 2 St\u00fcck","thumbnail":"https:\/\/dev.codekraft.it\/rotary-2024\/wp-content\/uploads\/brb_media\/00209398_sprinter-crafter-support-mi-150x150.png","url":"https:\/\/dev.codekraft.it\/rotary-2024\/produkte\/zubehor-hebebuhnen-de\/lastaufnahmemittel-de\/aufnahmeadapter-2\/"},{"id":378738,"mpn":"FJ6217MB","name":"Aufnahmeadapter","description":"Tragteller, Gummiauflage, rund | f\u00fcr SPO65 | 1 Satz \/ 4 St\u00fcck","thumbnail":"https:\/\/dev.codekraft.it\/rotary-2024\/wp-content\/uploads\/brb_media\/00209395_spo-65-turntables-set-mi-150x150.png","url":"https:\/\/dev.codekraft.it\/rotary-2024\/produkte\/zubehor-hebebuhnen-de\/lastaufnahmemittel-de\/aufnahmeadapter-3\/"},{"id":383983,"mpn":"VSG.2CALL.902641","name":"Werkzeug-Ablageschalen","description":"Magnetisch | 1 Satz \/ 2 St\u00fcck","thumbnail":"https:\/\/dev.codekraft.it\/rotary-2024\/wp-content\/uploads\/brb_media\/00509504_2-post-lift-vsg2call902641-mi-150x150.png","url":"https:\/\/dev.codekraft.it\/rotary-2024\/produkte\/zubehor-hebebuhnen-de\/zubehor-2-saulen-hebebuhnen-de\/werkzeug-ablageschalen\/"},{"id":379103,"mpn":"FJ6211C","name":"Aufnahmeadapter","description":"Prisma | f\u00fcr Mercedes Sprinter, VW Crafter - hinten \/ f\u00fcr SPO65E | 1 Satz \/ 2 St\u00fcck","thumbnail":"https:\/\/dev.codekraft.it\/rotary-2024\/wp-content\/uploads\/brb_media\/00398116_spo55-vehicle-safety-catch-adapter-mi-fj6210c-150x150.png","url":"https:\/\/dev.codekraft.it\/rotary-2024\/produkte\/zubehor-hebebuhnen-de\/lastaufnahmemittel-de\/aufnahmeadapter-4\/"},{"id":381117,"mpn":"128667","name":"Radgreiferaufnahmen","description":"Komplett, 4 x 1300 kg | f\u00fcr SPO65E | 1 Satz \/ 4 St\u00fcck","thumbnail":"https:\/\/dev.codekraft.it\/rotary-2024\/wp-content\/uploads\/brb_media\/00524047_2-post-lift-128667-mi-150x150.png","url":"https:\/\/dev.codekraft.it\/rotary-2024\/produkte\/zubehor-hebebuhnen-de\/zubehor-2-saulen-hebebuhnen-de\/radgreiferaufnahmen-2\/"},{"id":381093,"mpn":"FJ6212C","name":"Adapterverl\u00e4ngerungen","description":"80 mm | f\u00fcr SPO65E | 1 Satz \/ 4 St\u00fcck","thumbnail":"https:\/\/dev.codekraft.it\/rotary-2024\/wp-content\/uploads\/brb_media\/00489180_fj6212c-mi-150x150.jpg","url":"https:\/\/dev.codekraft.it\/rotary-2024\/produkte\/zubehor-hebebuhnen-de\/zubehor-2-saulen-hebebuhnen-de\/adapterverlangerungen-2\/"},{"id":379055,"mpn":"115684","name":"Reduzierst\u00fcck","description":"\u00d8 2,75\u2033 auf 2\u2033, Adapter zur Aufnahme von Zubeh\u00f6r SPOA3T\/SP040\/SPO55 | f\u00fcr SPO65 | 1 St\u00fcck","thumbnail":"https:\/\/dev.codekraft.it\/rotary-2024\/wp-content\/uploads\/brb_media\/00524045_2-post-lift-115684-mi-150x150.png","url":"https:\/\/dev.codekraft.it\/rotary-2024\/produkte\/zubehor-hebebuhnen-de\/lastaufnahmemittel-de\/reduzierstuck\/"},{"id":383971,"mpn":"VSG.2CALL.902818","name":"Rampen","description":"Rampenh\u00f6he 60 mm, f\u00fcr extrem niedrige Fahrzeuge | 1 Satz \/ 4 St\u00fcck","thumbnail":"https:\/\/dev.codekraft.it\/rotary-2024\/wp-content\/uploads\/brb_media\/00509501_2-post-lift-vsg2call902818-mi-150x150.png","url":"https:\/\/dev.codekraft.it\/rotary-2024\/produkte\/zubehor-hebebuhnen-de\/zubehor-2-saulen-hebebuhnen-de\/rampen\/"},{"id":383977,"mpn":"VSG.2CALL.902085","name":"Achsmessb\u00f6cke","description":"1 Satz \/ 4 St\u00fcck","thumbnail":"https:\/\/dev.codekraft.it\/rotary-2024\/wp-content\/uploads\/brb_media\/00509503_2-post-lift-vsg2call902085-mi-150x150.png","url":"https:\/\/dev.codekraft.it\/rotary-2024\/produkte\/zubehor-hebebuhnen-de\/zubehor-2-saulen-hebebuhnen-de\/achsmessbocke\/"},{"id":384189,"mpn":"VSG.2CALL.902511","name":"Werkzeughalterung","description":"Ergonomische Halterung f\u00fcr Druckluftschrauber","thumbnail":"https:\/\/dev.codekraft.it\/rotary-2024\/wp-content\/uploads\/brb_media\/00511003_2-post-lift-vsg2call902511-mi-150x150.png","url":"https:\/\/dev.codekraft.it\/rotary-2024\/produkte\/zubehor-hebebuhnen-de\/zubehor-2-saulen-hebebuhnen-de\/werkzeughalterung\/"}],"components":[],"related":[],"page_logo_src":"https:\/\/dev.codekraft.it\/rotary-2024\/wp-content\/uploads\/2024\/05\/cropped-rotary-logo-2022.png","lang":"de","translations":{"de":379019,"en":379018,"fr":379020,"it":379021,"es":379022,"ru":379023},"pll_sync_post":[],"_links":{"self":[{"href":"https:\/\/dev.codekraft.it\/rotary-2024\/wp-json\/wp\/v2\/product\/379019","targetHints":{"allow":["GET"]}}],"collection":[{"href":"https:\/\/dev.codekraft.it\/rotary-2024\/wp-json\/wp\/v2\/product"}],"about":[{"href":"https:\/\/dev.codekraft.it\/rotary-2024\/wp-json\/wp\/v2\/types\/product"}],"wp:featuredmedia":[{"embeddable":true,"href":"https:\/\/dev.codekraft.it\/rotary-2024\/wp-json\/wp\/v2\/media\/349772"}],"wp:attachment":[{"href":"https:\/\/dev.codekraft.it\/rotary-2024\/wp-json\/wp\/v2\/media?parent=379019"}],"wp:term":[{"taxonomy":"product_brand","embeddable":true,"href":"https:\/\/dev.codekraft.it\/rotary-2024\/wp-json\/wp\/v2\/product_brand?post=379019"},{"taxonomy":"product_cat","embeddable":true,"href":"https:\/\/dev.codekraft.it\/rotary-2024\/wp-json\/wp\/v2\/product_cat?post=379019"},{"taxonomy":"product_tag","embeddable":true,"href":"https:\/\/dev.codekraft.it\/rotary-2024\/wp-json\/wp\/v2\/product_tag?post=379019"},{"taxonomy":"product_approvals","embeddable":true,"href":"https:\/\/dev.codekraft.it\/rotary-2024\/wp-json\/wp\/v2\/product_approvals?post=379019"},{"taxonomy":"product_application","embeddable":true,"href":"https:\/\/dev.codekraft.it\/rotary-2024\/wp-json\/wp\/v2\/product_application?post=379019"}],"curies":[{"name":"wp","href":"https:\/\/api.w.org\/{rel}","templated":true}]}}