{"id":379001,"date":"2025-12-11T10:04:35","date_gmt":"2025-12-11T10:04:35","guid":{"rendered":"https:\/\/dev.codekraft.it\/rotary-2024\/products\/uncategorized\/2-saulen-hebebuhne-spo55e-eh1gr\/"},"modified":"2025-12-11T10:04:35","modified_gmt":"2025-12-11T10:04:35","slug":"2-saulen-hebebuhne-spo55e-eh1gr","status":"publish","type":"product","link":"https:\/\/dev.codekraft.it\/rotary-2024\/produkte\/hebebuhnen-de\/2-saulen-hebebuhnen-de\/2-saulen-hebebuhne-spo55e-eh1gr\/","title":{"rendered":"2-S\u00e4ulen-Hebeb\u00fchne SPO55E-EH1GR"},"content":{"rendered":"<p>Die elektro-hydraulische 2-S\u00e4ulen Hebeb\u00fchnen der SPO55-Serie \u00fcberzeugen durch einen \u00fcberragenden Aufnahmebereich, sie eignen sich insbesondere f\u00fcr Transporter-Arbeitspl\u00e4tze. Es stehen 4 verschiedene S\u00e4ulenh\u00f6hen zur Auswahl.<\/p>\n<ul>\n<li>SPO-Serie &#8211; die meist verkaufte Hebeb\u00fchne der Welt<\/li>\n<li>Maximale Sicherheit mit Rotary 3PSS-Concept<\/li>\n<li>Aufnahmebereich von Pkw bis Transporter mit langem Radstand<\/li>\n<\/ul>\n<ul>\n<li>Die durchdachte Tragarmkonstruktion erm\u00f6glicht sowohl eine symmetrische als auch eine asymmetrische Aufnahme der Fahrzeuge &#8211; ohne nachpositionieren.<\/li>\n<li>Durch die optionale Verwendung der Tragarmverl\u00e4ngerung AE250 k\u00f6nnen lange Transporter auch an den vom Hersteller empfohlenen Punkten aufgenommen werden<\/li>\n<\/ul>\n<ul>\n<li>3PSS Concept (3 Phase Security System) beinhaltet:\n<ul>\n<li>Beidseitig integrierte mechanische Sicherheitsklinken mit automatischer Bet\u00e4tigung<\/li>\n<li>Lastfrei gelagerte Synchronisations-Seilz\u00fcge sichern die Last w\u00e4hrend des Hub- und Senkvorgangs<\/li>\n<li>Durch R\u00fcckschlagventil gesichertes Hydrauliksystem inklusive wartungsfreier Hochdruckzylinder in beiden S\u00e4ulen<\/li>\n<\/ul>\n<\/li>\n<\/ul>\n<ul>\n<li>Die maximale Durchfahrbreite bei minimalen Au\u00dfenabmessungen sowie die grundrahmenfreie Konstruktion gew\u00e4hrleisten ein problemloses Befahren der Hebeb\u00fchne<\/li>\n<li>Das Doppel S-Profil der Hubs\u00e4ulen erm\u00f6glicht h\u00f6chste Stabilit\u00e4t bei minimalem Raumbedarf. Die Kontaktfl\u00e4che der in den Hubs\u00e4ulen gef\u00fchrten Hubschlitten wird dar\u00fcber hinaus deutlich vergr\u00f6\u00dfert.<\/li>\n<li>Die Drehteller sind steckbar und k\u00f6nnen mit Aufsatzst\u00fccken stabil und kosteng\u00fcnstig verl\u00e4ngert oder ersetzt werden.<\/li>\n<\/ul>\n<ul>\n<li>F\u00fcr ein Plus an Ergonomie und Wirtschaftlichkeit ist das 2. Bedienteil bei der SPO55 serienm\u00e4\u00dfig. Eine Bedieneinheit ist mit einem 220 V Anschluss (mit 16 Ampere f\u00fcr elektrische Handwerkzeuge abgesichert) und das zweite mit einer Druckluftvorbereitung ausgestattet.<\/li>\n<li>Die obere Sicherheitsabschaltung sch\u00fctzt Fahrzeuge mit gr\u00f6\u00dferer Bauh\u00f6he wirkungsvoll vor Besch\u00e4digungen beim Heben.<\/li>\n<li>Die elektro-hydraulische Bauweise mit lediglich einem Aggregat sorgt f\u00fcr einen energiesparenden Betrieb bei schnellen Hub- und Senkzeiten.<\/li>\n<li>Angeflanscht am oberen Bereich der Hubs\u00e4ule ist das Aggregat gesch\u00fctzt vor \u00e4u\u00dferen Einfl\u00fcssen und erm\u00f6glicht mehr Bewegungsfreiheit.<\/li>\n<li>Rotary Hydraulik steht f\u00fcr maximale Servicefreundlichkeit bei minimalen Betriebskosten<\/li>\n<li>Die Tragarme werden beim Anheben automatisch arretiert. Ist die B\u00fchne vollst\u00e4ndig abgesenkt wird diese Arretierung selbst\u00e4ndig gel\u00f6st. Die besonders feine Rasterung und eine manuelle Entriegelungs-Funktion erweitern den Bedienungskomfort.<\/li>\n<\/ul>\n","protected":false},"excerpt":{"rendered":"<p>5,5 t, elektrohydraulisch, 3-teilige Tragarme, symmetrisch, Doppelsteuerpult, Bauh\u00f6he 4475 mm<\/p>\n","protected":false},"featured_media":349892,"template":"","meta":[],"product_brand":[],"product_cat":[1033360],"product_tag":[1034161,1034178,1034195],"product_approvals":[],"product_application":[],"class_list":{"0":"post-379001","1":"product","2":"type-product","3":"status-publish","4":"has-post-thumbnail","6":"product_cat-2-saulen-hebebuhnen-de","7":"product_tag-passenger-cars-de","8":"product_tag-light-commercial-de","9":"product_tag-motor-homes-de","11":"first","12":"instock","13":"shipping-taxable","14":"product-type-simple"},"approvals":[],"application":[],"brb_media_brochure":[{"id":350635,"url":"https:\/\/dev.codekraft.it\/rotary-2024\/wp-content\/uploads\/brb_media\/00409888_2-post-lift-spo55e-br-126541-de-2019-04-screen.pdf","title":"2 post lift spo55e br 126541 de 2019 04 screen","mpn":"","thumbnail":"https:\/\/dev.codekraft.it\/rotary-2024\/wp-content\/uploads\/brb_media\/00409888_2-post-lift-spo55e-br-126541-de-2019-04-screen-pdf-106x150.png","description":""},{"id":350636,"url":"https:\/\/dev.codekraft.it\/rotary-2024\/wp-content\/uploads\/brb_media\/00409889_2-post-lift-spo55e-br-126542-en-2019-04-screen.pdf","title":"2 post lift spo55e br 126542 en 2019 04 screen","mpn":"","thumbnail":"https:\/\/dev.codekraft.it\/rotary-2024\/wp-content\/uploads\/brb_media\/00409889_2-post-lift-spo55e-br-126542-en-2019-04-screen-pdf-106x150.png","description":""},{"id":350637,"url":"https:\/\/dev.codekraft.it\/rotary-2024\/wp-content\/uploads\/brb_media\/00398115_2-post-lift-spo55e-br-126543-fr-2018-08-screen.pdf","title":"2 post lift spo55e br 126543 fr 2018 08 screen","mpn":"","thumbnail":"https:\/\/dev.codekraft.it\/rotary-2024\/wp-content\/uploads\/brb_media\/00398115_2-post-lift-spo55e-br-126543-fr-2018-08-screen-pdf-106x150.png","description":""},{"id":350638,"url":"https:\/\/dev.codekraft.it\/rotary-2024\/wp-content\/uploads\/brb_media\/00409891_2-post-lift-spo55e-br-126544-it-2019-04-screen.pdf","title":"2 post lift spo55e br 126544 it 2019 04 screen","mpn":"","thumbnail":"https:\/\/dev.codekraft.it\/rotary-2024\/wp-content\/uploads\/brb_media\/00409891_2-post-lift-spo55e-br-126544-it-2019-04-screen-pdf-106x150.png","description":""},{"id":350639,"url":"https:\/\/dev.codekraft.it\/rotary-2024\/wp-content\/uploads\/brb_media\/00396820_2-post-lift-spo55e-br-126545-es-2018-03-screen.pdf","title":"2 post lift spo55e br 126545 es 2018 03 screen","mpn":"","thumbnail":"https:\/\/dev.codekraft.it\/rotary-2024\/wp-content\/uploads\/brb_media\/00396820_2-post-lift-spo55e-br-126545-es-2018-03-screen-pdf-106x150.png","description":""},{"id":350640,"url":"https:\/\/dev.codekraft.it\/rotary-2024\/wp-content\/uploads\/brb_media\/00396821_2-post-lift-spo55e-br-126546-ru-2018-03-screen.pdf","title":"2 post lift spo55e br 126546 ru 2018 03 screen","mpn":"","thumbnail":"https:\/\/dev.codekraft.it\/rotary-2024\/wp-content\/uploads\/brb_media\/00396821_2-post-lift-spo55e-br-126546-ru-2018-03-screen-pdf-106x150.png","description":""}],"brb_media_drawing":[{"id":350642,"url":"https:\/\/dev.codekraft.it\/rotary-2024\/wp-content\/uploads\/brb_media\/00407430_2-post-lift_spo55e_8546.pdf","title":"2 post lift spo55e 8546","mpn":"","thumbnail":"https:\/\/dev.codekraft.it\/rotary-2024\/wp-content\/uploads\/brb_media\/00407430_2-post-lift_spo55e_8546-pdf-150x106.png","description":""},{"id":350643,"url":"https:\/\/dev.codekraft.it\/rotary-2024\/wp-content\/uploads\/brb_media\/00407431_2-post-lift_spo55e_8716.pdf","title":"2 post lift spo55e 8716","mpn":"","thumbnail":"https:\/\/dev.codekraft.it\/rotary-2024\/wp-content\/uploads\/brb_media\/00407431_2-post-lift_spo55e_8716-pdf-150x105.png","description":""},{"id":350644,"url":"https:\/\/dev.codekraft.it\/rotary-2024\/wp-content\/uploads\/brb_media\/00407432_2-post-lift_bo_spo55e_8649.pdf","title":"2 post lift bo spo55e 8649","mpn":"","thumbnail":"https:\/\/dev.codekraft.it\/rotary-2024\/wp-content\/uploads\/brb_media\/00407432_2-post-lift_bo_spo55e_8649-pdf-150x105.png","description":""}],"brb_media_manuals":[{"id":378994,"url":"https:\/\/dev.codekraft.it\/rotary-2024\/wp-content\/uploads\/brb_media\/00550474_2-post-lift-spo55_om-dc_om-spo-1-de_2025-03-rev-d.pdf","title":"2 Post Lift SPO55 OM DC OM SPO 1 DE 2025 03 Rev D","mpn":"","thumbnail":"https:\/\/dev.codekraft.it\/rotary-2024\/wp-content\/uploads\/brb_media\/00550474_2-post-lift-spo55_om-dc_om-spo-1-de_2025-03-rev-d-pdf-106x150.png","description":""},{"id":375421,"url":"https:\/\/dev.codekraft.it\/rotary-2024\/wp-content\/uploads\/brb_media\/00535394_2-post-lift-spo55-om-spo-1-revc-06-2023.pdf","title":"2 post lift spo55 om spo 1 revc 06 2023","mpn":"","thumbnail":"https:\/\/dev.codekraft.it\/rotary-2024\/wp-content\/uploads\/brb_media\/00535394_2-post-lift-spo55-om-spo-1-revc-06-2023-pdf-116x150.png","description":""}],"brb_media_safety_datasheets":"","brb_media_spare_parts":[],"_cdmm_p_id":"423422","_company":"Elektron","_gtin":"4057612624052","accessories":[{"id":378606,"mpn":"FJ6216","name":"Aufnahmeadapter","description":"Dorn, kurz | f\u00fcr Mercedes Sprinter, VW Crafter - vorn \/ f\u00fcr SPO54 | 1 Satz \/ 2 St\u00fcck","thumbnail":"https:\/\/dev.codekraft.it\/rotary-2024\/wp-content\/uploads\/brb_media\/00170442_spoa-40-support-kit-mercedes-sprinter-mi-150x150.png","url":"https:\/\/dev.codekraft.it\/rotary-2024\/produkte\/zubehor-hebebuhnen-de\/lastaufnahmemittel-de\/aufnahmeadapter\/"},{"id":378453,"mpn":"FJ7880BBK","name":"Adapterverl\u00e4ngerungen","description":"4 x 89 mm, 4 x 127 mm, inkl. 2 Haltern zur Montage an den S\u00e4ulen | f\u00fcr SPOA40 | 1 Satz \/ 8 St\u00fcck","thumbnail":"https:\/\/dev.codekraft.it\/rotary-2024\/wp-content\/uploads\/brb_media\/00040944_spoa-40-adapter-extension-set-02-89mm-127mm-mi-150x150.png","url":"https:\/\/dev.codekraft.it\/rotary-2024\/produkte\/zubehor-hebebuhnen-de\/zubehor-2-saulen-hebebuhnen-de\/adapterverlangerungen\/"},{"id":383983,"mpn":"VSG.2CALL.902641","name":"Werkzeug-Ablageschalen","description":"Magnetisch | 1 Satz \/ 2 St\u00fcck","thumbnail":"https:\/\/dev.codekraft.it\/rotary-2024\/wp-content\/uploads\/brb_media\/00509504_2-post-lift-vsg2call902641-mi-150x150.png","url":"https:\/\/dev.codekraft.it\/rotary-2024\/produkte\/zubehor-hebebuhnen-de\/zubehor-2-saulen-hebebuhnen-de\/werkzeug-ablageschalen\/"},{"id":381087,"mpn":"FJ6216C","name":"Aufnahmeadapter","description":"Tragteller, Gummiauflage, rund | \u00d8 80 mm | 1 Satz \/ 4 St\u00fcck","thumbnail":"https:\/\/dev.codekraft.it\/rotary-2024\/wp-content\/uploads\/brb_media\/00535980_2-post-lift-fj6216c-mi-150x150.png","url":"https:\/\/dev.codekraft.it\/rotary-2024\/produkte\/zubehor-hebebuhnen-de\/lastaufnahmemittel-de\/aufnahmeadapter-7\/"},{"id":382527,"mpn":"VSG.2CALL.901538","name":"Aufnahmeadapter","description":"Tragteller, Gummiauflage, rechteckig | f\u00fcr Tesla | 1 Satz \/ 4 St\u00fcck","thumbnail":"https:\/\/dev.codekraft.it\/rotary-2024\/wp-content\/uploads\/brb_media\/00505100_2-post-lift-vsg2call901538-mi-150x150.png","url":"https:\/\/dev.codekraft.it\/rotary-2024\/produkte\/zubehor-hebebuhnen-de\/lastaufnahmemittel-de\/aufnahmeadapter-8\/"},{"id":382533,"mpn":"VSG.2CALL.902023","name":"Aufnahmeadapter","description":"Tragteller, Zentrierpilz | f\u00fcr Fiat 500E, 500 ABARTH | 2-stufig | 1 Satz \/ 4 St\u00fcck","thumbnail":"https:\/\/dev.codekraft.it\/rotary-2024\/wp-content\/uploads\/brb_media\/00505105_2-post-lift-vsg2call902023-mi-150x150.png","url":"https:\/\/dev.codekraft.it\/rotary-2024\/produkte\/zubehor-hebebuhnen-de\/lastaufnahmemittel-de\/aufnahmeadapter-9\/"},{"id":382539,"mpn":"VSG.2CALL.902146","name":"Aufnahmeadapter","description":"Prisma | f\u00fcr VW-MEB-Plattform-E-Fahrzeuge | 1 Satz \/ 4 St\u00fcck","thumbnail":"https:\/\/dev.codekraft.it\/rotary-2024\/wp-content\/uploads\/brb_media\/00509505_2-post-lift-vsg2call902146-mi-150x150.png","url":"https:\/\/dev.codekraft.it\/rotary-2024\/produkte\/zubehor-hebebuhnen-de\/lastaufnahmemittel-de\/aufnahmeadapter-10\/"},{"id":382563,"mpn":"VSG.2CALL.901330","name":"Aufnahmeadapter","description":"Tragteller, U-Aufnahme | 1 Satz \/ 4 St\u00fcck","thumbnail":"https:\/\/dev.codekraft.it\/rotary-2024\/wp-content\/uploads\/brb_media\/00505104_2-post-lift-vsg2call901330-mi-150x150.png","url":"https:\/\/dev.codekraft.it\/rotary-2024\/produkte\/zubehor-hebebuhnen-de\/lastaufnahmemittel-de\/aufnahmeadapter-11\/"},{"id":384183,"mpn":"VSG.2CALL.901859","name":"Aufnahmeadapter","description":"Prisma | f\u00fcr Mercedes G-Klasse - vorn und hinten | 1 Satz \/ 4 St\u00fcck","thumbnail":"https:\/\/dev.codekraft.it\/rotary-2024\/wp-content\/uploads\/brb_media\/00511001_2-post-lift-vsg2call901859-mi-150x150.png","url":"https:\/\/dev.codekraft.it\/rotary-2024\/produkte\/zubehor-hebebuhnen-de\/lastaufnahmemittel-de\/aufnahmeadapter-14\/"},{"id":379824,"mpn":"FJ6210C","name":"Aufnahmeadapter","description":"Prisma | f\u00fcr Mercedes Sprinter, VW Crafter - hinten \/ f\u00fcr SPO54\/55 | 1 Satz \/ 2 St\u00fcck","thumbnail":"https:\/\/dev.codekraft.it\/rotary-2024\/wp-content\/uploads\/brb_media\/00528243_spo55-vehicle-safety-catch-adapter-mi-fj6210c-150x150.png","url":"https:\/\/dev.codekraft.it\/rotary-2024\/produkte\/zubehor-hebebuhnen-de\/lastaufnahmemittel-de\/aufnahmeadapter-5\/"},{"id":384177,"mpn":"VSG.2CALL.901606","name":"Aufnahmeadapter","description":"Dorn | f\u00fcr Fiat Ducato, Peugeot Boxer, Citro\u00ebn Jumper - vorn und hinten | 1 Satz \/ 4 St\u00fcck","thumbnail":"https:\/\/dev.codekraft.it\/rotary-2024\/wp-content\/uploads\/brb_media\/00510999_2-post-lift-vsg2call901606-mi-150x150.png","url":"https:\/\/dev.codekraft.it\/rotary-2024\/produkte\/zubehor-hebebuhnen-de\/lastaufnahmemittel-de\/aufnahmeadapter-13\/"},{"id":384171,"mpn":"VSG.2CALL.901712","name":"Aufnahmeadapter","description":"Prisma, Dorn | f\u00fcr Mercedes Sprinter, VW Crafter | 1 Satz \/ 6 St\u00fcck","thumbnail":"https:\/\/dev.codekraft.it\/rotary-2024\/wp-content\/uploads\/brb_media\/00511000_2-post-lift-vsg2call901712-mi-150x150.png","url":"https:\/\/dev.codekraft.it\/rotary-2024\/produkte\/zubehor-hebebuhnen-de\/lastaufnahmemittel-de\/aufnahmeadapter-12\/"},{"id":379067,"mpn":"AE-250","name":"Tragarmverl\u00e4ngerungen","description":"250 mm | f\u00fcr SPO55 | 1 Satz \/ 4 St\u00fcck","thumbnail":"https:\/\/dev.codekraft.it\/rotary-2024\/wp-content\/uploads\/brb_media\/00398124_spoa-40-support-arm-sports-car-mi-150x150.png","url":"https:\/\/dev.codekraft.it\/rotary-2024\/produkte\/zubehor-hebebuhnen-de\/zubehor-2-saulen-hebebuhnen-de\/tragarmverlangerungen\/"},{"id":381105,"mpn":"117571","name":"Radgreiferaufnahmen","description":"4 x 1000 kg, Rad-\u00d8 450 - 900 mm, nur in Verbindung mit Querverbindungsadapter 126825 | f\u00fcr SPO55E | 1 Satz \/ 4 St\u00fcck","thumbnail":"https:\/\/dev.codekraft.it\/rotary-2024\/wp-content\/uploads\/brb_media\/00519885_2-post-lift-117571-mi-03-150x150.png","url":"https:\/\/dev.codekraft.it\/rotary-2024\/produkte\/zubehor-hebebuhnen-de\/zubehor-2-saulen-hebebuhnen-de\/radgreiferaufnahmen\/"},{"id":381111,"mpn":"126825","name":"Querverbindungsadapter","description":"Nur in Verbindung mit Radgreiferaufnahmen 117571 | f\u00fcr SPO55E | 1 St\u00fcck","thumbnail":"https:\/\/dev.codekraft.it\/rotary-2024\/wp-content\/uploads\/brb_media\/00524046_2-post-lift-126825-mi-150x150.png","url":"https:\/\/dev.codekraft.it\/rotary-2024\/produkte\/zubehor-hebebuhnen-de\/zubehor-2-saulen-hebebuhnen-de\/querverbindungsadapter\/"},{"id":382557,"mpn":"VSG.2CALL.901163","name":"Adapter-Satz","description":"Adapter-Satz f\u00fcr Tragteller zur Rahmenaufnahme \u00d8 120 mm (1 Satz, 2 St.)","thumbnail":"https:\/\/dev.codekraft.it\/rotary-2024\/wp-content\/uploads\/brb_media\/00524050_2-post-lift-fj6353-1-mi-150x150.png","url":"https:\/\/dev.codekraft.it\/rotary-2024\/produkte\/zubehor-hebebuhnen-de\/zubehor-2-saulen-hebebuhnen-de\/adapter-satz\/"},{"id":382551,"mpn":"VSG.2CALL.901248","name":"Adapterverl\u00e4ngerungen","description":"4 x 200 mm, inkl. Halterung zur Montage an den S\u00e4ulen | 1 Satz \/ 4 St\u00fcck","thumbnail":"https:\/\/dev.codekraft.it\/rotary-2024\/wp-content\/uploads\/brb_media\/00505099_2-post-lift-vsg2call901248-mi-150x150.png","url":"https:\/\/dev.codekraft.it\/rotary-2024\/produkte\/zubehor-hebebuhnen-de\/zubehor-2-saulen-hebebuhnen-de\/adapterverlangerungen-3\/"},{"id":383971,"mpn":"VSG.2CALL.902818","name":"Rampen","description":"Rampenh\u00f6he 60 mm, f\u00fcr extrem niedrige Fahrzeuge | 1 Satz \/ 4 St\u00fcck","thumbnail":"https:\/\/dev.codekraft.it\/rotary-2024\/wp-content\/uploads\/brb_media\/00509501_2-post-lift-vsg2call902818-mi-150x150.png","url":"https:\/\/dev.codekraft.it\/rotary-2024\/produkte\/zubehor-hebebuhnen-de\/zubehor-2-saulen-hebebuhnen-de\/rampen\/"},{"id":383977,"mpn":"VSG.2CALL.902085","name":"Achsmessb\u00f6cke","description":"1 Satz \/ 4 St\u00fcck","thumbnail":"https:\/\/dev.codekraft.it\/rotary-2024\/wp-content\/uploads\/brb_media\/00509503_2-post-lift-vsg2call902085-mi-150x150.png","url":"https:\/\/dev.codekraft.it\/rotary-2024\/produkte\/zubehor-hebebuhnen-de\/zubehor-2-saulen-hebebuhnen-de\/achsmessbocke\/"},{"id":384189,"mpn":"VSG.2CALL.902511","name":"Werkzeughalterung","description":"Ergonomische Halterung f\u00fcr Druckluftschrauber","thumbnail":"https:\/\/dev.codekraft.it\/rotary-2024\/wp-content\/uploads\/brb_media\/00511003_2-post-lift-vsg2call902511-mi-150x150.png","url":"https:\/\/dev.codekraft.it\/rotary-2024\/produkte\/zubehor-hebebuhnen-de\/zubehor-2-saulen-hebebuhnen-de\/werkzeughalterung\/"}],"components":[],"related":[],"page_logo_src":"https:\/\/dev.codekraft.it\/rotary-2024\/wp-content\/uploads\/2024\/05\/cropped-rotary-logo-2022.png","lang":"de","translations":{"de":379001,"en":379000,"fr":379002,"it":379003,"es":379004,"ru":379005},"pll_sync_post":[],"_links":{"self":[{"href":"https:\/\/dev.codekraft.it\/rotary-2024\/wp-json\/wp\/v2\/product\/379001","targetHints":{"allow":["GET"]}}],"collection":[{"href":"https:\/\/dev.codekraft.it\/rotary-2024\/wp-json\/wp\/v2\/product"}],"about":[{"href":"https:\/\/dev.codekraft.it\/rotary-2024\/wp-json\/wp\/v2\/types\/product"}],"wp:featuredmedia":[{"embeddable":true,"href":"https:\/\/dev.codekraft.it\/rotary-2024\/wp-json\/wp\/v2\/media\/349892"}],"wp:attachment":[{"href":"https:\/\/dev.codekraft.it\/rotary-2024\/wp-json\/wp\/v2\/media?parent=379001"}],"wp:term":[{"taxonomy":"product_brand","embeddable":true,"href":"https:\/\/dev.codekraft.it\/rotary-2024\/wp-json\/wp\/v2\/product_brand?post=379001"},{"taxonomy":"product_cat","embeddable":true,"href":"https:\/\/dev.codekraft.it\/rotary-2024\/wp-json\/wp\/v2\/product_cat?post=379001"},{"taxonomy":"product_tag","embeddable":true,"href":"https:\/\/dev.codekraft.it\/rotary-2024\/wp-json\/wp\/v2\/product_tag?post=379001"},{"taxonomy":"product_approvals","embeddable":true,"href":"https:\/\/dev.codekraft.it\/rotary-2024\/wp-json\/wp\/v2\/product_approvals?post=379001"},{"taxonomy":"product_application","embeddable":true,"href":"https:\/\/dev.codekraft.it\/rotary-2024\/wp-json\/wp\/v2\/product_application?post=379001"}],"curies":[{"name":"wp","href":"https:\/\/api.w.org\/{rel}","templated":true}]}}