{"id":378997,"date":"2025-12-11T10:11:05","date_gmt":"2025-12-11T10:11:05","guid":{"rendered":"https:\/\/dev.codekraft.it\/rotary-2024\/products\/uncategorized\/ponte-sollevatore-a-2-colonne-spo55e-gr\/"},"modified":"2025-12-11T10:11:05","modified_gmt":"2025-12-11T10:11:05","slug":"ponte-sollevatore-a-2-colonne-spo55e-gr","status":"publish","type":"product","link":"https:\/\/dev.codekraft.it\/rotary-2024\/it\/prodotti\/ponti-sollevatori-it\/ponti-sollevatori-a-2-colonne-it\/ponte-sollevatore-a-2-colonne-spo55e-gr\/","title":{"rendered":"Ponte sollevatore a 2 colonne SPO55E-GR"},"content":{"rendered":"<p>I ponti sollevatori elettroidraulici a 2 colonne della serie SPO55 convince per l&#8217;incredibile area di sollevamento, essi sono particolarmente adatti per postazioni da lavoro con furgoni. E&#8217; possibile scegliere tra 4 altezze diverse per le colonne.<\/p>\n<ul>\n<li>Gamma di sollevamento per autoveicoli fino a furgoni<\/li>\n<li>Massima sicurezza con il design rotativo 3PSS<\/li>\n<li>Serie SPO &#8211; il ponte sollevatore pi\u00f9 venduto al mondo<\/li>\n<li>La struttura accuratamente studiata dei bracci di supporto consente sia il sollevamento simmetrico che asimmetrico dei veicoli &#8211; senza riposizionamento.<\/li>\n<li>Utilizzando l&#8217;estensione opzionale AE250 per il braccio di supporto, i furgoni lunghi possono essere sollevati nei punti consigliati dal produttore.<\/li>\n<\/ul>\n<ul>\n<li>Il design 3PSS (Sistema di sicurezza a 3 fasi) include:\n<ul>\n<li>Fermi di sicurezza meccanici integrati su entrambi i lati con azionamento automatico<\/li>\n<li>Pulegge sincrone senza carico per fissare il carico durante il processo di sollevamento e abbassamento<\/li>\n<li>Sistema idraulico fissato dalla valvola di non ritorno e dal cilindro ad alta pressione su entrambe le colonne esente da manutenzione<\/li>\n<\/ul>\n<\/li>\n<\/ul>\n<ul>\n<li>La massima ampiezza carrabile con dimensioni esterne minime e la struttura priva del telaio di base garantisce l&#8217;accesso senza problemi alla piattaforma di sollevamento.<\/li>\n<li>Il doppio profilo a S delle colonne di sollevamento garantisce la massima stabilit\u00e0 con ingombro ridotto. Anche l&#8217;area di contatto dei carrelli di sollevamento guidati nelle colonne di sollevamento \u00e8 stata notevolmente aumentata.<\/li>\n<li>Le piastre rotative sono integrabili e possono essere estese o sostituite con degli accessori in maniera stabile ed economica.<\/li>\n<\/ul>\n<ul>\n<li>Per un vantaggio in termini ergonomici ed economici, il secondo pannello di controllo sull&#8217;SP055 \u00e8 standard. Una centralina \u00e8 dotata di collegamento a 220 V (combinato con quello a 16 ampere per utensili elettrici) e la seconda \u00e8 dotata della preparazione dell&#8217;aria compressa.<\/li>\n<li>L&#8217;arresto di sicurezza superiore protegge in maniera efficace i veicoli aventi un&#8217;altezza complessiva superiore da eventuali danni durante il sollevamento.<\/li>\n<li>Il design elettroidraulico con solamente un&#8217;unit\u00e0 garantisce il funzionamento a risparmio energetico con tempi rapidi di sollevamento e abbassamento.<\/li>\n<li>L&#8217;unit\u00e0, flangiata nella parte superiore della colonna di sollevamento \u00e8 protetta dalle influenze esterne e consente pi\u00f9 libert\u00e0 di movimento.<\/li>\n<li>Supporti idraulici rotativi per una manutenzione facilitata con costi operativi minimi<\/li>\n<li>I bracci di supporto vengono bloccati automaticamente durante il sollevamento. Una volta che la piattaforma \u00e8 stata completamente abbassata, tale dispositivo di bloccaggio viene rilasciato automaticamente. La griglia particolarmente sottile e la funzione di sbloccaggio manuale amplificano la semplicit\u00e0 del funzionamento.<\/li>\n<\/ul>\n","protected":false},"excerpt":{"rendered":"<p>5,5 t, elettroidraulico, bracci di supporto anteriori a 3 sezioni, simmetrico, doppio quadro comandi, altezza complessiva 4170 mm<\/p>\n","protected":false},"featured_media":349892,"template":"","meta":[],"product_cat":[1033400],"product_tag":[1034166,1034200,1034183],"product_approvals":[],"product_application":[],"class_list":{"0":"post-378997","1":"product","2":"type-product","3":"status-publish","4":"has-post-thumbnail","6":"product_cat-ponti-sollevatori-a-2-colonne-it","7":"product_tag-passenger-cars-it","8":"product_tag-motor-homes-it","9":"product_tag-light-commercial-it","11":"first","12":"instock","13":"shipping-taxable","14":"product-type-simple"},"approvals":[],"application":[],"brb_media_brochure":[{"id":350635,"url":"https:\/\/dev.codekraft.it\/rotary-2024\/wp-content\/uploads\/brb_media\/00409888_2-post-lift-spo55e-br-126541-de-2019-04-screen.pdf","title":"2 post lift spo55e br 126541 de 2019 04 screen","thumbnail":"https:\/\/dev.codekraft.it\/rotary-2024\/wp-content\/uploads\/brb_media\/00409888_2-post-lift-spo55e-br-126541-de-2019-04-screen-pdf-106x150.png","description":""},{"id":350636,"url":"https:\/\/dev.codekraft.it\/rotary-2024\/wp-content\/uploads\/brb_media\/00409889_2-post-lift-spo55e-br-126542-en-2019-04-screen.pdf","title":"2 post lift spo55e br 126542 en 2019 04 screen","thumbnail":"https:\/\/dev.codekraft.it\/rotary-2024\/wp-content\/uploads\/brb_media\/00409889_2-post-lift-spo55e-br-126542-en-2019-04-screen-pdf-106x150.png","description":""},{"id":350637,"url":"https:\/\/dev.codekraft.it\/rotary-2024\/wp-content\/uploads\/brb_media\/00398115_2-post-lift-spo55e-br-126543-fr-2018-08-screen.pdf","title":"2 post lift spo55e br 126543 fr 2018 08 screen","thumbnail":"https:\/\/dev.codekraft.it\/rotary-2024\/wp-content\/uploads\/brb_media\/00398115_2-post-lift-spo55e-br-126543-fr-2018-08-screen-pdf-106x150.png","description":""},{"id":350638,"url":"https:\/\/dev.codekraft.it\/rotary-2024\/wp-content\/uploads\/brb_media\/00409891_2-post-lift-spo55e-br-126544-it-2019-04-screen.pdf","title":"2 post lift spo55e br 126544 it 2019 04 screen","thumbnail":"https:\/\/dev.codekraft.it\/rotary-2024\/wp-content\/uploads\/brb_media\/00409891_2-post-lift-spo55e-br-126544-it-2019-04-screen-pdf-106x150.png","description":""},{"id":350639,"url":"https:\/\/dev.codekraft.it\/rotary-2024\/wp-content\/uploads\/brb_media\/00396820_2-post-lift-spo55e-br-126545-es-2018-03-screen.pdf","title":"2 post lift spo55e br 126545 es 2018 03 screen","thumbnail":"https:\/\/dev.codekraft.it\/rotary-2024\/wp-content\/uploads\/brb_media\/00396820_2-post-lift-spo55e-br-126545-es-2018-03-screen-pdf-106x150.png","description":""},{"id":350640,"url":"https:\/\/dev.codekraft.it\/rotary-2024\/wp-content\/uploads\/brb_media\/00396821_2-post-lift-spo55e-br-126546-ru-2018-03-screen.pdf","title":"2 post lift spo55e br 126546 ru 2018 03 screen","thumbnail":"https:\/\/dev.codekraft.it\/rotary-2024\/wp-content\/uploads\/brb_media\/00396821_2-post-lift-spo55e-br-126546-ru-2018-03-screen-pdf-106x150.png","description":""}],"brb_media_drawing":[{"id":350642,"url":"https:\/\/dev.codekraft.it\/rotary-2024\/wp-content\/uploads\/brb_media\/00407430_2-post-lift_spo55e_8546.pdf","title":"2 post lift spo55e 8546","thumbnail":"https:\/\/dev.codekraft.it\/rotary-2024\/wp-content\/uploads\/brb_media\/00407430_2-post-lift_spo55e_8546-pdf-150x106.png","description":""},{"id":350643,"url":"https:\/\/dev.codekraft.it\/rotary-2024\/wp-content\/uploads\/brb_media\/00407431_2-post-lift_spo55e_8716.pdf","title":"2 post lift spo55e 8716","thumbnail":"https:\/\/dev.codekraft.it\/rotary-2024\/wp-content\/uploads\/brb_media\/00407431_2-post-lift_spo55e_8716-pdf-150x105.png","description":""},{"id":350644,"url":"https:\/\/dev.codekraft.it\/rotary-2024\/wp-content\/uploads\/brb_media\/00407432_2-post-lift_bo_spo55e_8649.pdf","title":"2 post lift bo spo55e 8649","thumbnail":"https:\/\/dev.codekraft.it\/rotary-2024\/wp-content\/uploads\/brb_media\/00407432_2-post-lift_bo_spo55e_8649-pdf-150x105.png","description":""}],"brb_media_manuals":[{"id":378994,"url":"https:\/\/dev.codekraft.it\/rotary-2024\/wp-content\/uploads\/brb_media\/00550474_2-post-lift-spo55_om-dc_om-spo-1-de_2025-03-rev-d.pdf","title":"2 Post Lift SPO55 OM DC OM SPO 1 DE 2025 03 Rev D","thumbnail":"https:\/\/dev.codekraft.it\/rotary-2024\/wp-content\/uploads\/brb_media\/00550474_2-post-lift-spo55_om-dc_om-spo-1-de_2025-03-rev-d-pdf-106x150.png","description":""},{"id":375421,"url":"https:\/\/dev.codekraft.it\/rotary-2024\/wp-content\/uploads\/brb_media\/00535394_2-post-lift-spo55-om-spo-1-revc-06-2023.pdf","title":"2 post lift spo55 om spo 1 revc 06 2023","thumbnail":"https:\/\/dev.codekraft.it\/rotary-2024\/wp-content\/uploads\/brb_media\/00535394_2-post-lift-spo55-om-spo-1-revc-06-2023-pdf-116x150.png","description":""}],"brb_media_safety_datasheets":"","brb_media_spare_parts":[],"_cdmm_p_id":"423421","_company":"Elektron","_gtin":"4057612628784","accessories":[{"id":378608,"cdmm_p_id":"302194","name":"Kit tamponi","description":"Mandrino, corta | per Mercedes Sprinter, VW Crafter - anteriore \/ per SPO54 | 1 set \/ 2 pezzi","thumbnail":"https:\/\/dev.codekraft.it\/rotary-2024\/wp-content\/uploads\/brb_media\/00170442_spoa-40-support-kit-mercedes-sprinter-mi-150x150.png","url":"https:\/\/dev.codekraft.it\/rotary-2024\/it\/prodotti\/accessori-ponti-sollevatori-it\/dispositivi-di-trasporto-del-carico-it\/kit-tamponi\/"},{"id":378455,"cdmm_p_id":"40658","name":"Distanziali per tamponi","description":"4 x 89 mm, 4 x 127 mm, incl. 2 staffe per il montaggio sui pilastri | per SPOA40 | 1 set \/ 8 pezzi","thumbnail":"https:\/\/dev.codekraft.it\/rotary-2024\/wp-content\/uploads\/brb_media\/00040944_spoa-40-adapter-extension-set-02-89mm-127mm-mi-150x150.png","url":"https:\/\/dev.codekraft.it\/rotary-2024\/it\/prodotti\/accessori-ponti-sollevatori-it\/accessori-ponti-sollevatori-a-2-colonne-it\/distanziali-per-tamponi\/"},{"id":383985,"cdmm_p_id":"502815","name":"Vaschette portautensili","description":"Magnetiche | 1 set \/ 2 pezzi","thumbnail":"https:\/\/dev.codekraft.it\/rotary-2024\/wp-content\/uploads\/brb_media\/00509504_2-post-lift-vsg2call902641-mi-150x150.png","url":"https:\/\/dev.codekraft.it\/rotary-2024\/it\/prodotti\/accessori-ponti-sollevatori-it\/accessori-ponti-sollevatori-a-2-colonne-it\/vaschette-portautensili\/"},{"id":381089,"cdmm_p_id":"497214","name":"Kit tamponi","description":"Piastra di supporto, cuscinetto in gomma, rotondo | \u00d8 80 mm | 1 set \/ 4 pezzi","thumbnail":"https:\/\/dev.codekraft.it\/rotary-2024\/wp-content\/uploads\/brb_media\/00535980_2-post-lift-fj6216c-mi-150x150.png","url":"https:\/\/dev.codekraft.it\/rotary-2024\/it\/prodotti\/accessori-ponti-sollevatori-it\/dispositivi-di-trasporto-del-carico-it\/kit-tamponi-7\/"},{"id":382529,"cdmm_p_id":"500905","name":"Kit tamponi","description":"Piastra di supporto, cuscinetto in gomma, rettangolare | per Tesla | 1 set \/ 4 pezzi","thumbnail":"https:\/\/dev.codekraft.it\/rotary-2024\/wp-content\/uploads\/brb_media\/00505100_2-post-lift-vsg2call901538-mi-150x150.png","url":"https:\/\/dev.codekraft.it\/rotary-2024\/it\/prodotti\/accessori-ponti-sollevatori-it\/dispositivi-di-trasporto-del-carico-it\/kit-tamponi-8\/"},{"id":382535,"cdmm_p_id":"500906","name":"Kit tamponi","description":"Piastra di supporto, fungo di centraggio | per Fiat 500E, 500 ABARTH | a 2 stadi | 1 set \/ 4 pezzi","thumbnail":"https:\/\/dev.codekraft.it\/rotary-2024\/wp-content\/uploads\/brb_media\/00505105_2-post-lift-vsg2call902023-mi-150x150.png","url":"https:\/\/dev.codekraft.it\/rotary-2024\/it\/prodotti\/accessori-ponti-sollevatori-it\/dispositivi-di-trasporto-del-carico-it\/kit-tamponi-9\/"},{"id":382541,"cdmm_p_id":"500907","name":"Kit tamponi","description":"Prisma | per piattaforma VW MEB veicoli elettrici | 1 set \/ 4 pezzi","thumbnail":"https:\/\/dev.codekraft.it\/rotary-2024\/wp-content\/uploads\/brb_media\/00509505_2-post-lift-vsg2call902146-mi-150x150.png","url":"https:\/\/dev.codekraft.it\/rotary-2024\/it\/prodotti\/accessori-ponti-sollevatori-it\/dispositivi-di-trasporto-del-carico-it\/kit-tamponi-10\/"},{"id":382565,"cdmm_p_id":"500912","name":"Kit tamponi","description":"Disco di supporto, supporto a U | 1 set \/ 4 pezzi","thumbnail":"https:\/\/dev.codekraft.it\/rotary-2024\/wp-content\/uploads\/brb_media\/00505104_2-post-lift-vsg2call901330-mi-150x150.png","url":"https:\/\/dev.codekraft.it\/rotary-2024\/it\/prodotti\/accessori-ponti-sollevatori-it\/dispositivi-di-trasporto-del-carico-it\/kit-tamponi-11\/"},{"id":384185,"cdmm_p_id":"503070","name":"Kit tamponi","description":"Prisma | per Mercedes Classe G - anteriori e posteriori | 1 set \/ 4 pezzi","thumbnail":"https:\/\/dev.codekraft.it\/rotary-2024\/wp-content\/uploads\/brb_media\/00511001_2-post-lift-vsg2call901859-mi-150x150.png","url":"https:\/\/dev.codekraft.it\/rotary-2024\/it\/prodotti\/accessori-ponti-sollevatori-it\/dispositivi-di-trasporto-del-carico-it\/kit-tamponi-14\/"},{"id":379826,"cdmm_p_id":"472439","name":"Kit tamponi","description":"Prisma | per Mercedes Sprinter, VW Crafter - posteriore \/ per SPO54\/55 | 1 set \/ 2 pezzi","thumbnail":"https:\/\/dev.codekraft.it\/rotary-2024\/wp-content\/uploads\/brb_media\/00528243_spo55-vehicle-safety-catch-adapter-mi-fj6210c-150x150.png","url":"https:\/\/dev.codekraft.it\/rotary-2024\/it\/prodotti\/accessori-ponti-sollevatori-it\/dispositivi-di-trasporto-del-carico-it\/kit-tamponi-5\/"},{"id":384179,"cdmm_p_id":"503068","name":"Kit tamponi","description":"Mandrino | per Fiat Ducato, Peugeot Boxer, Citro\u00ebn Jumper - anteriori e posteriori | 1 set \/ 4 pezzi","thumbnail":"https:\/\/dev.codekraft.it\/rotary-2024\/wp-content\/uploads\/brb_media\/00510999_2-post-lift-vsg2call901606-mi-150x150.png","url":"https:\/\/dev.codekraft.it\/rotary-2024\/it\/prodotti\/accessori-ponti-sollevatori-it\/dispositivi-di-trasporto-del-carico-it\/kit-tamponi-13\/"},{"id":384173,"cdmm_p_id":"503067","name":"Kit tamponi","description":"Prisma, mandrino | per Mercedes Sprinter, VW Crafter | 1 set \/ 6 pezzi","thumbnail":"https:\/\/dev.codekraft.it\/rotary-2024\/wp-content\/uploads\/brb_media\/00511000_2-post-lift-vsg2call901712-mi-150x150.png","url":"https:\/\/dev.codekraft.it\/rotary-2024\/it\/prodotti\/accessori-ponti-sollevatori-it\/dispositivi-di-trasporto-del-carico-it\/kit-tamponi-12\/"},{"id":379069,"cdmm_p_id":"444639","name":"Kit estensione bracci","description":"250 mm | per SPO55 | 1 set \/ 4 pezzi","thumbnail":"https:\/\/dev.codekraft.it\/rotary-2024\/wp-content\/uploads\/brb_media\/00398124_spoa-40-support-arm-sports-car-mi-150x150.png","url":"https:\/\/dev.codekraft.it\/rotary-2024\/it\/prodotti\/accessori-ponti-sollevatori-it\/accessori-ponti-sollevatori-a-2-colonne-it\/kit-estensione-bracci\/"},{"id":381107,"cdmm_p_id":"497217","name":"Supporti per morsetto ruota","description":"4 x 1000 kg, ruota \u00d8 450 - 900 mm, solo in combinazione con l'adattatore di collegamento trasversale 126825 | per SPO55E | 1 set \/ 4 pezzi","thumbnail":"https:\/\/dev.codekraft.it\/rotary-2024\/wp-content\/uploads\/brb_media\/00519885_2-post-lift-117571-mi-03-150x150.png","url":"https:\/\/dev.codekraft.it\/rotary-2024\/it\/prodotti\/accessori-ponti-sollevatori-it\/accessori-ponti-sollevatori-a-2-colonne-it\/supporti-per-morsetto-ruota\/"},{"id":381113,"cdmm_p_id":"497218","name":"Adattatore per connessione incrociata","description":"Solo in combinazione con l'adattatore per morsetto ruota 117571 | per SPO55E | 1 pezzo","thumbnail":"https:\/\/dev.codekraft.it\/rotary-2024\/wp-content\/uploads\/brb_media\/00524046_2-post-lift-126825-mi-150x150.png","url":"https:\/\/dev.codekraft.it\/rotary-2024\/it\/prodotti\/accessori-ponti-sollevatori-it\/accessori-ponti-sollevatori-a-2-colonne-it\/adattatore-per-connessione-incrociata\/"},{"id":382559,"cdmm_p_id":"500910","name":"Kit adattatori","description":"Kit adattatori per tamponi per presa telaio \u00d8 120 mm (1 set, 2 pz), per piattaforma girevole","thumbnail":"https:\/\/dev.codekraft.it\/rotary-2024\/wp-content\/uploads\/brb_media\/00524050_2-post-lift-fj6353-1-mi-150x150.png","url":"https:\/\/dev.codekraft.it\/rotary-2024\/it\/prodotti\/accessori-ponti-sollevatori-it\/accessori-ponti-sollevatori-a-2-colonne-it\/kit-adattatori\/"},{"id":382553,"cdmm_p_id":"500909","name":"Distanziali per tamponi","description":"4 x 200 mm, incl. staffa per il montaggio sui pilastri | 1 set \/ 4 pezzi","thumbnail":"https:\/\/dev.codekraft.it\/rotary-2024\/wp-content\/uploads\/brb_media\/00505099_2-post-lift-vsg2call901248-mi-150x150.png","url":"https:\/\/dev.codekraft.it\/rotary-2024\/it\/prodotti\/accessori-ponti-sollevatori-it\/accessori-ponti-sollevatori-a-2-colonne-it\/distanziali-per-tamponi-3\/"},{"id":383973,"cdmm_p_id":"502811","name":"Kit rampe innalzamento veicolo","description":"Altezza rampa 60 mm, per veicoli estremamente bassi | 1 set \/ 2 pezzi","thumbnail":"https:\/\/dev.codekraft.it\/rotary-2024\/wp-content\/uploads\/brb_media\/00509501_2-post-lift-vsg2call902818-mi-150x150.png","url":"https:\/\/dev.codekraft.it\/rotary-2024\/it\/prodotti\/accessori-ponti-sollevatori-it\/accessori-ponti-sollevatori-a-2-colonne-it\/kit-rampe-innalzamento-veicolo\/"},{"id":383979,"cdmm_p_id":"502814","name":"Kit cavalletti per assetto","description":"1 set \/ 4 pezzi","thumbnail":"https:\/\/dev.codekraft.it\/rotary-2024\/wp-content\/uploads\/brb_media\/00509503_2-post-lift-vsg2call902085-mi-150x150.png","url":"https:\/\/dev.codekraft.it\/rotary-2024\/it\/prodotti\/accessori-ponti-sollevatori-it\/accessori-ponti-sollevatori-a-2-colonne-it\/kit-cavalletti-per-assetto\/"},{"id":384191,"cdmm_p_id":"503071","name":"Supporto per utensili","description":"Supporto ergonomico per avvitatore pneumatico","thumbnail":"https:\/\/dev.codekraft.it\/rotary-2024\/wp-content\/uploads\/brb_media\/00511003_2-post-lift-vsg2call902511-mi-150x150.png","url":"https:\/\/dev.codekraft.it\/rotary-2024\/it\/prodotti\/accessori-ponti-sollevatori-it\/accessori-ponti-sollevatori-a-2-colonne-it\/supporto-per-utensili\/"}],"components":[],"related":[],"similar":[{"id":379003,"cdmm_p_id":"423422","name":"Ponte sollevatore a 2 colonne SPO55E-EH1GR","description":"5,5 t, elettroidraulico, bracci di supporto anteriori a 3 sezioni, simmetrico, doppio quadro comandi, altezza complessiva 4475 mm","thumbnail":"https:\/\/dev.codekraft.it\/rotary-2024\/wp-content\/uploads\/brb_media\/00040939_2-post-lift-spo-40-54-mi-150x150.png","url":"https:\/\/dev.codekraft.it\/rotary-2024\/it\/prodotti\/ponti-sollevatori-it\/ponti-sollevatori-a-2-colonne-it\/ponte-sollevatore-a-2-colonne-spo55e-eh1gr\/"},{"id":379009,"cdmm_p_id":"423423","name":"Ponte sollevatore a 2 colonne SPO55E-EH2GR","description":"5,5 t, elettroidraulico, bracci di supporto anteriori a 3 sezioni, simmetrico, doppio quadro comandi, altezza complessiva 4780 mm","thumbnail":"https:\/\/dev.codekraft.it\/rotary-2024\/wp-content\/uploads\/brb_media\/00040939_2-post-lift-spo-40-54-mi-150x150.png","url":"https:\/\/dev.codekraft.it\/rotary-2024\/it\/prodotti\/ponti-sollevatori-it\/ponti-sollevatori-a-2-colonne-it\/ponte-sollevatore-a-2-colonne-spo55e-eh2gr\/"},{"id":379015,"cdmm_p_id":"423425","name":"Ponte sollevatore a 2 colonne SPO55E-EH4GR","description":"5,5 t, elettroidraulico, bracci di supporto anteriori a 3 sezioni, simmetrico, doppio quadro comandi, altezza complessiva 5432 mm","thumbnail":"https:\/\/dev.codekraft.it\/rotary-2024\/wp-content\/uploads\/brb_media\/00040939_2-post-lift-spo-40-54-mi-150x150.png","url":"https:\/\/dev.codekraft.it\/rotary-2024\/it\/prodotti\/ponti-sollevatori-it\/ponti-sollevatori-a-2-colonne-it\/ponte-sollevatore-a-2-colonne-spo55e-eh4gr\/"}],"lang":"it","translations":{"it":378997,"en":378993,"de":378995,"fr":378996,"es":378998,"ru":378999},"pll_sync_post":[],"_links":{"self":[{"href":"https:\/\/dev.codekraft.it\/rotary-2024\/wp-json\/wp\/v2\/product\/378997","targetHints":{"allow":["GET"]}}],"collection":[{"href":"https:\/\/dev.codekraft.it\/rotary-2024\/wp-json\/wp\/v2\/product"}],"about":[{"href":"https:\/\/dev.codekraft.it\/rotary-2024\/wp-json\/wp\/v2\/types\/product"}],"wp:featuredmedia":[{"embeddable":true,"href":"https:\/\/dev.codekraft.it\/rotary-2024\/wp-json\/wp\/v2\/media\/349892"}],"wp:attachment":[{"href":"https:\/\/dev.codekraft.it\/rotary-2024\/wp-json\/wp\/v2\/media?parent=378997"}],"wp:term":[{"taxonomy":"product_cat","embeddable":true,"href":"https:\/\/dev.codekraft.it\/rotary-2024\/wp-json\/wp\/v2\/product_cat?post=378997"},{"taxonomy":"product_tag","embeddable":true,"href":"https:\/\/dev.codekraft.it\/rotary-2024\/wp-json\/wp\/v2\/product_tag?post=378997"},{"taxonomy":"product_approvals","embeddable":true,"href":"https:\/\/dev.codekraft.it\/rotary-2024\/wp-json\/wp\/v2\/product_approvals?post=378997"},{"taxonomy":"product_application","embeddable":true,"href":"https:\/\/dev.codekraft.it\/rotary-2024\/wp-json\/wp\/v2\/product_application?post=378997"}],"curies":[{"name":"wp","href":"https:\/\/api.w.org\/{rel}","templated":true}]}}