{"id":378996,"date":"2025-12-11T10:10:45","date_gmt":"2025-12-11T10:10:45","guid":{"rendered":"https:\/\/dev.codekraft.it\/rotary-2024\/products\/uncategorized\/pont-elevateur-a-2-colonnes-spo55e-gr\/"},"modified":"2025-12-11T10:10:45","modified_gmt":"2025-12-11T10:10:45","slug":"pont-elevateur-a-2-colonnes-spo55e-gr","status":"publish","type":"product","link":"https:\/\/dev.codekraft.it\/rotary-2024\/fr\/produits\/ponts-elevateurs-fr\/ponts-elevateurs-a-2-colonnes-fr\/pont-elevateur-a-2-colonnes-spo55e-gr\/","title":{"rendered":"Pont \u00e9l\u00e9vateur \u00e0 2 colonnes SPO55E-GR"},"content":{"rendered":"<p>Les ponts \u00e9l\u00e9vateurs \u00e0 2 colonnes \u00e9lectrohydrauliques de la s\u00e9rie SPO55 sont convaincants par une \u00e9tonnante surface de prise, et sont particuli\u00e8rement con\u00e7us comme espace de travail pour camionnettes. 4 hauteurs de levage diff\u00e9rentes sont \u00e0 disposition.<\/p>\n<ul>\n<li>S\u00e9rie SPO &#8211; le pont \u00e9l\u00e9vateur le plus vendu dans le monde<\/li>\n<li>S\u00e9curit\u00e9 maximum avec le concept 3PSS rotatif<\/li>\n<li>Plage de prise du v\u00e9hicule de tourisme \u00e0 la camionnette<\/li>\n<\/ul>\n<ul>\n<li>La construction du bras porteur bien pens\u00e9e assure une prise asym\u00e9trique et sym\u00e9trique des v\u00e9hicules &#8211; sans repositionner.<\/li>\n<li>\u00c0 l\u2019aide de l\u2019extension de bras porteur AE250 en option, les camionnettes longues peuvent \u00e9galement \u00eatre prises aux points recommand\u00e9s par le constructeur<\/li>\n<\/ul>\n<ul>\n<li>Le concept 3PSS (Syst\u00e8me de s\u00e9curit\u00e9 de phase 3) inclut :\n<ul>\n<li>Des linguets de s\u00e9curit\u00e9 m\u00e9caniques sur les deux c\u00f4t\u00e9s avec actionnement automatique<\/li>\n<li>Des poulies de synchronisation sans charge qui s\u00e9curisent la charge pendant le levage et l\u2019abaissement<\/li>\n<li>Syst\u00e8me hydraulique s\u00e9curis\u00e9 par valve de non-retour avec cylindre haute pression ne n\u00e9cessitant aucune maintenance dans les deux colonnes<\/li>\n<\/ul>\n<\/li>\n<\/ul>\n<ul>\n<li>a largeur de retrait maximum avec des dimensions externes minimum et la construction sans ch\u00e2ssis assurent un acc\u00e8s facile \u00e0 la plateforme de levage<\/li>\n<li>Le profil double S des colonnes \u00e9l\u00e9vatrices permet une stabilit\u00e9 maximum avec un encombrement minimum. La surface de contact des chariots de levage guid\u00e9s dans les colonnes \u00e9l\u00e9vatrices s\u2019accro\u00eet consid\u00e9rablement aussi.<\/li>\n<li>Les plateaux tournants sont enfichables et peuvent \u00eatre \u00e9tendus ou remplac\u00e9s par des accessoires de mani\u00e8re stable et \u00e0 peu de frais.<\/li>\n<\/ul>\n<ul>\n<li>Pour une ergonomie et une \u00e9conomie suppl\u00e9mentaires, le 2nd panneau de commande est en s\u00e9rie sur le SPO55. Une unit\u00e9 de commande est \u00e9quip\u00e9e d\u2019une connexion 220 V (associ\u00e9e \u00e0 16 amp\u00e8res pour les outils manuels \u00e9lectriques) et la deuxi\u00e8me unit\u00e9 de commande, d\u2019un dispositif de pr\u00e9paration \u00e0 air comprim\u00e9.<\/li>\n<li>La coupure de s\u00e9curit\u00e9 sup\u00e9rieure prot\u00e8ge avec efficacit\u00e9 les v\u00e9hicules d\u2019une hauteur globale \u00e9lev\u00e9e de tout risque de dommages pendant le levage.<\/li>\n<li>La conception \u00e9lectrohydraulique avec une seule unit\u00e9 garantit un fonctionnement \u00e0 faible consommation d\u2018\u00e9nergie et des temps de levage et d\u2019abaissement rapides.<\/li>\n<li>Fix\u00e9e \u00e0 la partie sup\u00e9rieure de la colonne \u00e9l\u00e9vatrice, l\u2019unit\u00e9 est prot\u00e9g\u00e9e des influences externes et permet plus de libert\u00e9 de mouvement.<\/li>\n<li>L\u2019unit\u00e9 hydraulique rotative garantit une facilit\u00e9 d\u2019entretien maximum ainsi que des co\u00fbts de fonctionnement moindres<\/li>\n<li>Les bras porteurs sont automtiquement verrouill\u00e9s pendant le levage. Une fois la plateforme compl\u00e8tement abaiss\u00e9e, ce dispositif de verrouillage se rel\u00e2che automatiquement. La grille particuli\u00e8rement fine et une fonction de d\u00e9verrouillage manuelle contribuent \u00e0 faciliter le fonctionnement.<\/li>\n<\/ul>\n","protected":false},"excerpt":{"rendered":"<p>5,5 t, \u00e9lectrohydraulique, bras porteurs 3-pi\u00e8ces, sym\u00e9trique, double panneau de commande, hauteur de 4170 mm<\/p>\n","protected":false},"featured_media":349892,"template":"","meta":[],"product_cat":[1033380],"product_tag":[1034197,1034180,1034163],"product_approvals":[],"product_application":[],"class_list":{"0":"post-378996","1":"product","2":"type-product","3":"status-publish","4":"has-post-thumbnail","6":"product_cat-ponts-elevateurs-a-2-colonnes-fr","7":"product_tag-motor-homes-fr","8":"product_tag-light-commercial-fr","9":"product_tag-passenger-cars-fr","11":"first","12":"instock","13":"shipping-taxable","14":"product-type-simple"},"approvals":[],"application":[],"brb_media_brochure":[{"id":350635,"url":"https:\/\/dev.codekraft.it\/rotary-2024\/wp-content\/uploads\/brb_media\/00409888_2-post-lift-spo55e-br-126541-de-2019-04-screen.pdf","title":"2 post lift spo55e br 126541 de 2019 04 screen","thumbnail":"https:\/\/dev.codekraft.it\/rotary-2024\/wp-content\/uploads\/brb_media\/00409888_2-post-lift-spo55e-br-126541-de-2019-04-screen-pdf-106x150.png","description":""},{"id":350636,"url":"https:\/\/dev.codekraft.it\/rotary-2024\/wp-content\/uploads\/brb_media\/00409889_2-post-lift-spo55e-br-126542-en-2019-04-screen.pdf","title":"2 post lift spo55e br 126542 en 2019 04 screen","thumbnail":"https:\/\/dev.codekraft.it\/rotary-2024\/wp-content\/uploads\/brb_media\/00409889_2-post-lift-spo55e-br-126542-en-2019-04-screen-pdf-106x150.png","description":""},{"id":350637,"url":"https:\/\/dev.codekraft.it\/rotary-2024\/wp-content\/uploads\/brb_media\/00398115_2-post-lift-spo55e-br-126543-fr-2018-08-screen.pdf","title":"2 post lift spo55e br 126543 fr 2018 08 screen","thumbnail":"https:\/\/dev.codekraft.it\/rotary-2024\/wp-content\/uploads\/brb_media\/00398115_2-post-lift-spo55e-br-126543-fr-2018-08-screen-pdf-106x150.png","description":""},{"id":350638,"url":"https:\/\/dev.codekraft.it\/rotary-2024\/wp-content\/uploads\/brb_media\/00409891_2-post-lift-spo55e-br-126544-it-2019-04-screen.pdf","title":"2 post lift spo55e br 126544 it 2019 04 screen","thumbnail":"https:\/\/dev.codekraft.it\/rotary-2024\/wp-content\/uploads\/brb_media\/00409891_2-post-lift-spo55e-br-126544-it-2019-04-screen-pdf-106x150.png","description":""},{"id":350639,"url":"https:\/\/dev.codekraft.it\/rotary-2024\/wp-content\/uploads\/brb_media\/00396820_2-post-lift-spo55e-br-126545-es-2018-03-screen.pdf","title":"2 post lift spo55e br 126545 es 2018 03 screen","thumbnail":"https:\/\/dev.codekraft.it\/rotary-2024\/wp-content\/uploads\/brb_media\/00396820_2-post-lift-spo55e-br-126545-es-2018-03-screen-pdf-106x150.png","description":""},{"id":350640,"url":"https:\/\/dev.codekraft.it\/rotary-2024\/wp-content\/uploads\/brb_media\/00396821_2-post-lift-spo55e-br-126546-ru-2018-03-screen.pdf","title":"2 post lift spo55e br 126546 ru 2018 03 screen","thumbnail":"https:\/\/dev.codekraft.it\/rotary-2024\/wp-content\/uploads\/brb_media\/00396821_2-post-lift-spo55e-br-126546-ru-2018-03-screen-pdf-106x150.png","description":""}],"brb_media_drawing":[{"id":350642,"url":"https:\/\/dev.codekraft.it\/rotary-2024\/wp-content\/uploads\/brb_media\/00407430_2-post-lift_spo55e_8546.pdf","title":"2 post lift spo55e 8546","thumbnail":"https:\/\/dev.codekraft.it\/rotary-2024\/wp-content\/uploads\/brb_media\/00407430_2-post-lift_spo55e_8546-pdf-150x106.png","description":""},{"id":350643,"url":"https:\/\/dev.codekraft.it\/rotary-2024\/wp-content\/uploads\/brb_media\/00407431_2-post-lift_spo55e_8716.pdf","title":"2 post lift spo55e 8716","thumbnail":"https:\/\/dev.codekraft.it\/rotary-2024\/wp-content\/uploads\/brb_media\/00407431_2-post-lift_spo55e_8716-pdf-150x105.png","description":""},{"id":350644,"url":"https:\/\/dev.codekraft.it\/rotary-2024\/wp-content\/uploads\/brb_media\/00407432_2-post-lift_bo_spo55e_8649.pdf","title":"2 post lift bo spo55e 8649","thumbnail":"https:\/\/dev.codekraft.it\/rotary-2024\/wp-content\/uploads\/brb_media\/00407432_2-post-lift_bo_spo55e_8649-pdf-150x105.png","description":""}],"brb_media_manuals":[{"id":378994,"url":"https:\/\/dev.codekraft.it\/rotary-2024\/wp-content\/uploads\/brb_media\/00550474_2-post-lift-spo55_om-dc_om-spo-1-de_2025-03-rev-d.pdf","title":"2 Post Lift SPO55 OM DC OM SPO 1 DE 2025 03 Rev D","thumbnail":"https:\/\/dev.codekraft.it\/rotary-2024\/wp-content\/uploads\/brb_media\/00550474_2-post-lift-spo55_om-dc_om-spo-1-de_2025-03-rev-d-pdf-106x150.png","description":""},{"id":375421,"url":"https:\/\/dev.codekraft.it\/rotary-2024\/wp-content\/uploads\/brb_media\/00535394_2-post-lift-spo55-om-spo-1-revc-06-2023.pdf","title":"2 post lift spo55 om spo 1 revc 06 2023","thumbnail":"https:\/\/dev.codekraft.it\/rotary-2024\/wp-content\/uploads\/brb_media\/00535394_2-post-lift-spo55-om-spo-1-revc-06-2023-pdf-116x150.png","description":""}],"brb_media_safety_datasheets":"","brb_media_spare_parts":[],"_cdmm_p_id":"423421","_company":"Elektron","_gtin":"4057612628784","accessories":[{"id":378607,"cdmm_p_id":"302194","name":"Kit tampons","description":"Goujon, courte | pour Mercedes Sprinter, VW Crafter - avant \/ pour SPO54 | 1 jeu \/ 2 pi\u00e8ces","thumbnail":"https:\/\/dev.codekraft.it\/rotary-2024\/wp-content\/uploads\/brb_media\/00170442_spoa-40-support-kit-mercedes-sprinter-mi-150x150.png","url":"https:\/\/dev.codekraft.it\/rotary-2024\/fr\/produits\/accessoires-ponts-elevateurs-fr\/systemes-de-transport-prise-de-charge-fr\/kit-tampons\/"},{"id":378454,"cdmm_p_id":"40658","name":"Rallonges d&#039;adaptateur","description":"4 x 89 mm, 4 x 127 mm, y compris 2 supports pour le montage sur les colonnes | pour SPOA40 | 1 jeu \/ 8 pi\u00e8ces","thumbnail":"https:\/\/dev.codekraft.it\/rotary-2024\/wp-content\/uploads\/brb_media\/00040944_spoa-40-adapter-extension-set-02-89mm-127mm-mi-150x150.png","url":"https:\/\/dev.codekraft.it\/rotary-2024\/fr\/produits\/accessoires-ponts-elevateurs-fr\/accessoires-ponts-elevateurs-a-2-colonnes-fr\/rallonges-dadaptateur\/"},{"id":383984,"cdmm_p_id":"502815","name":"Bac pour les outils","description":"Aimant\u00e9es | ensemble de plateaux | 1 jeu \/ 4 pi\u00e8ces","thumbnail":"https:\/\/dev.codekraft.it\/rotary-2024\/wp-content\/uploads\/brb_media\/00509504_2-post-lift-vsg2call902641-mi-150x150.png","url":"https:\/\/dev.codekraft.it\/rotary-2024\/fr\/produits\/accessoires-ponts-elevateurs-fr\/accessoires-ponts-elevateurs-a-2-colonnes-fr\/bac-pour-les-outils\/"},{"id":381088,"cdmm_p_id":"497214","name":"Kit tampons","description":"Plaque de support, support en caoutchouc, rond | \u00d8 80 mm | 1 jeu \/ 4 pi\u00e8ces","thumbnail":"https:\/\/dev.codekraft.it\/rotary-2024\/wp-content\/uploads\/brb_media\/00535980_2-post-lift-fj6216c-mi-150x150.png","url":"https:\/\/dev.codekraft.it\/rotary-2024\/fr\/produits\/accessoires-ponts-elevateurs-fr\/systemes-de-transport-prise-de-charge-fr\/kit-tampons-7\/"},{"id":382528,"cdmm_p_id":"500905","name":"Kit tampons","description":"Plaque de support, support en caoutchouc, rectangulaire | pour Tesla | 1 jeu \/ 4 pi\u00e8ces","thumbnail":"https:\/\/dev.codekraft.it\/rotary-2024\/wp-content\/uploads\/brb_media\/00505100_2-post-lift-vsg2call901538-mi-150x150.png","url":"https:\/\/dev.codekraft.it\/rotary-2024\/fr\/produits\/accessoires-ponts-elevateurs-fr\/systemes-de-transport-prise-de-charge-fr\/kit-tampons-8\/"},{"id":382534,"cdmm_p_id":"500906","name":"Kit tampons","description":"Plateau, champignon de centrage | pour Fiat 500E, 500 ABARTH | 2 niveaux | 1 jeu \/ 4 pi\u00e8ces","thumbnail":"https:\/\/dev.codekraft.it\/rotary-2024\/wp-content\/uploads\/brb_media\/00505105_2-post-lift-vsg2call902023-mi-150x150.png","url":"https:\/\/dev.codekraft.it\/rotary-2024\/fr\/produits\/accessoires-ponts-elevateurs-fr\/systemes-de-transport-prise-de-charge-fr\/kit-tampons-9\/"},{"id":382540,"cdmm_p_id":"500907","name":"Kit tampons","description":"Prisme | pour VW-MEB-Platform-V\u00e9hicules \u00e9lectriques | 1 jeu \/ 4 pi\u00e8ce","thumbnail":"https:\/\/dev.codekraft.it\/rotary-2024\/wp-content\/uploads\/brb_media\/00509505_2-post-lift-vsg2call902146-mi-150x150.png","url":"https:\/\/dev.codekraft.it\/rotary-2024\/fr\/produits\/accessoires-ponts-elevateurs-fr\/systemes-de-transport-prise-de-charge-fr\/kit-tampons-10\/"},{"id":382564,"cdmm_p_id":"500912","name":"Kit tampons","description":"Plateau, logement en U | 1 jeu \/ 4 pi\u00e8ces","thumbnail":"https:\/\/dev.codekraft.it\/rotary-2024\/wp-content\/uploads\/brb_media\/00505104_2-post-lift-vsg2call901330-mi-150x150.png","url":"https:\/\/dev.codekraft.it\/rotary-2024\/fr\/produits\/accessoires-ponts-elevateurs-fr\/systemes-de-transport-prise-de-charge-fr\/kit-tampons-11\/"},{"id":384184,"cdmm_p_id":"503070","name":"Kit tampons","description":"Prisme | pour Mercedes Classe G - l'avant et l'arri\u00e8re | 1 jeu \/ 4 pi\u00e8ces","thumbnail":"https:\/\/dev.codekraft.it\/rotary-2024\/wp-content\/uploads\/brb_media\/00511001_2-post-lift-vsg2call901859-mi-150x150.png","url":"https:\/\/dev.codekraft.it\/rotary-2024\/fr\/produits\/accessoires-ponts-elevateurs-fr\/systemes-de-transport-prise-de-charge-fr\/kit-tampons-14\/"},{"id":379825,"cdmm_p_id":"472439","name":"Kit tampons","description":"Prisme | pour Mercedes Sprinter, VW Crafter - arri\u00e8re \/ pour SPO54\/55 | 1 jeu \/ 2 pi\u00e8ces","thumbnail":"https:\/\/dev.codekraft.it\/rotary-2024\/wp-content\/uploads\/brb_media\/00528243_spo55-vehicle-safety-catch-adapter-mi-fj6210c-150x150.png","url":"https:\/\/dev.codekraft.it\/rotary-2024\/fr\/produits\/accessoires-ponts-elevateurs-fr\/systemes-de-transport-prise-de-charge-fr\/kit-tampons-5\/"},{"id":384178,"cdmm_p_id":"503068","name":"Kit tampons","description":"Mandrin | pour Fiat Ducato, Peugeot Boxer, Citro\u00ebn Jumper - avant et arri\u00e8re | 1 jeu \/ 4 pi\u00e8ces","thumbnail":"https:\/\/dev.codekraft.it\/rotary-2024\/wp-content\/uploads\/brb_media\/00510999_2-post-lift-vsg2call901606-mi-150x150.png","url":"https:\/\/dev.codekraft.it\/rotary-2024\/fr\/produits\/accessoires-ponts-elevateurs-fr\/systemes-de-transport-prise-de-charge-fr\/kit-tampons-13\/"},{"id":384172,"cdmm_p_id":"503067","name":"Kit tampons","description":"Prisme, mandrin | pour Mercedes Sprinter, VW Crafter | 1 jeu \/ 6 pi\u00e8ces","thumbnail":"https:\/\/dev.codekraft.it\/rotary-2024\/wp-content\/uploads\/brb_media\/00511000_2-post-lift-vsg2call901712-mi-150x150.png","url":"https:\/\/dev.codekraft.it\/rotary-2024\/fr\/produits\/accessoires-ponts-elevateurs-fr\/systemes-de-transport-prise-de-charge-fr\/kit-tampons-12\/"},{"id":379068,"cdmm_p_id":"444639","name":"Rallonges de bras","description":"250 mm | pour SPO55 | 1 jeu \/ 4 pi\u00e8ces","thumbnail":"https:\/\/dev.codekraft.it\/rotary-2024\/wp-content\/uploads\/brb_media\/00398124_spoa-40-support-arm-sports-car-mi-150x150.png","url":"https:\/\/dev.codekraft.it\/rotary-2024\/fr\/produits\/accessoires-ponts-elevateurs-fr\/accessoires-ponts-elevateurs-a-2-colonnes-fr\/rallonges-de-bras\/"},{"id":381106,"cdmm_p_id":"497217","name":"Logements des griffes de roues","description":"4 x 1000 kg, roues \u00d8 450 - 900 mm, uniquement en combinaison avec adaptateur de liaison transversalern126825 | pour SPO55E | 1 jeu \/ 4 pi\u00e8ces","thumbnail":"https:\/\/dev.codekraft.it\/rotary-2024\/wp-content\/uploads\/brb_media\/00519885_2-post-lift-117571-mi-03-150x150.png","url":"https:\/\/dev.codekraft.it\/rotary-2024\/fr\/produits\/accessoires-ponts-elevateurs-fr\/accessoires-ponts-elevateurs-a-2-colonnes-fr\/logements-des-griffes-de-roues\/"},{"id":381112,"cdmm_p_id":"497218","name":"Adaptateur de connexion transversale","description":"Uniquement en combinaison avec logement de pince de roue 117571 | pour SPO55E | 1 pi\u00e8ce","thumbnail":"https:\/\/dev.codekraft.it\/rotary-2024\/wp-content\/uploads\/brb_media\/00524046_2-post-lift-126825-mi-150x150.png","url":"https:\/\/dev.codekraft.it\/rotary-2024\/fr\/produits\/accessoires-ponts-elevateurs-fr\/accessoires-ponts-elevateurs-a-2-colonnes-fr\/adaptateur-de-connexion-transversale\/"},{"id":382558,"cdmm_p_id":"500910","name":"Kit adaptateurs","description":"Kit adaptateurs pour tampons pour prise chassis \u00d8 120 mm (1 jeu, 2 pi\u00e8ces), pour plateau tournant","thumbnail":"https:\/\/dev.codekraft.it\/rotary-2024\/wp-content\/uploads\/brb_media\/00524050_2-post-lift-fj6353-1-mi-150x150.png","url":"https:\/\/dev.codekraft.it\/rotary-2024\/fr\/produits\/accessoires-ponts-elevateurs-fr\/accessoires-ponts-elevateurs-a-2-colonnes-fr\/kit-adaptateurs\/"},{"id":382552,"cdmm_p_id":"500909","name":"Entretoises pour tampons","description":"4 x 200 mm, y compris support pour le montage sur les colonnes | 1 jeu \/ 4 pi\u00e8ces","thumbnail":"https:\/\/dev.codekraft.it\/rotary-2024\/wp-content\/uploads\/brb_media\/00505099_2-post-lift-vsg2call901248-mi-150x150.png","url":"https:\/\/dev.codekraft.it\/rotary-2024\/fr\/produits\/accessoires-ponts-elevateurs-fr\/accessoires-ponts-elevateurs-a-2-colonnes-fr\/entretoises-pour-tampons\/"},{"id":383972,"cdmm_p_id":"502811","name":"Kit de supports pour rehausser les v\u00e9hicules","description":"Hauteur de rampe 60 mm, pour v\u00e9hicules extr\u00eamement bas | 1 jeu \/ 2 pi\u00e8ces","thumbnail":"https:\/\/dev.codekraft.it\/rotary-2024\/wp-content\/uploads\/brb_media\/00509501_2-post-lift-vsg2call902818-mi-150x150.png","url":"https:\/\/dev.codekraft.it\/rotary-2024\/fr\/produits\/accessoires-ponts-elevateurs-fr\/accessoires-ponts-elevateurs-a-2-colonnes-fr\/kit-de-supports-pour-rehausser-les-vehicules\/"},{"id":383978,"cdmm_p_id":"502814","name":"Kit de supports pour le contr\u00f4le de g\u00e9om\u00e9trie","description":"1 jeu \/ 4 pi\u00e8ces","thumbnail":"https:\/\/dev.codekraft.it\/rotary-2024\/wp-content\/uploads\/brb_media\/00509503_2-post-lift-vsg2call902085-mi-150x150.png","url":"https:\/\/dev.codekraft.it\/rotary-2024\/fr\/produits\/accessoires-ponts-elevateurs-fr\/accessoires-ponts-elevateurs-a-2-colonnes-fr\/kit-de-supports-pour-le-controle-de-geometrie\/"},{"id":384190,"cdmm_p_id":"503071","name":"Support d&#039;outil","description":"Support pour outillage pneumatique, ergonomique","thumbnail":"https:\/\/dev.codekraft.it\/rotary-2024\/wp-content\/uploads\/brb_media\/00511003_2-post-lift-vsg2call902511-mi-150x150.png","url":"https:\/\/dev.codekraft.it\/rotary-2024\/fr\/produits\/accessoires-ponts-elevateurs-fr\/accessoires-ponts-elevateurs-a-2-colonnes-fr\/support-doutil\/"}],"components":[],"related":[],"similar":[{"id":379002,"cdmm_p_id":"423422","name":"Pont \u00e9l\u00e9vateur \u00e0 2 colonnes SPO55E-EH1GR","description":"5,5 t, \u00e9lectrohydraulique, bras porteurs 3-pi\u00e8ces, sym\u00e9trique, double panneau de commande, hauteur de 4475 mm","thumbnail":"https:\/\/dev.codekraft.it\/rotary-2024\/wp-content\/uploads\/brb_media\/00040939_2-post-lift-spo-40-54-mi-150x150.png","url":"https:\/\/dev.codekraft.it\/rotary-2024\/fr\/produits\/ponts-elevateurs-fr\/ponts-elevateurs-a-2-colonnes-fr\/pont-elevateur-a-2-colonnes-spo55e-eh1gr\/"},{"id":379008,"cdmm_p_id":"423423","name":"Pont \u00e9l\u00e9vateur \u00e0 2 colonnes SPO55E-EH2GR","description":"5,5 t, \u00e9lectrohydraulique, bras porteurs 3-pi\u00e8ces, sym\u00e9trique, double panneau de commande, hauteur de 4780 mm","thumbnail":"https:\/\/dev.codekraft.it\/rotary-2024\/wp-content\/uploads\/brb_media\/00040939_2-post-lift-spo-40-54-mi-150x150.png","url":"https:\/\/dev.codekraft.it\/rotary-2024\/fr\/produits\/ponts-elevateurs-fr\/ponts-elevateurs-a-2-colonnes-fr\/pont-elevateur-a-2-colonnes-spo55e-eh2gr\/"},{"id":379014,"cdmm_p_id":"423425","name":"Pont \u00e9l\u00e9vateur \u00e0 2 colonnes SPO55E-EH4GR","description":"5,5 t, \u00e9lectrohydraulique, bras porteurs 3-pi\u00e8ces, sym\u00e9trique, double panneau de commande, hauteur de 5432 mm","thumbnail":"https:\/\/dev.codekraft.it\/rotary-2024\/wp-content\/uploads\/brb_media\/00040939_2-post-lift-spo-40-54-mi-150x150.png","url":"https:\/\/dev.codekraft.it\/rotary-2024\/fr\/produits\/ponts-elevateurs-fr\/ponts-elevateurs-a-2-colonnes-fr\/pont-elevateur-a-2-colonnes-spo55e-eh4gr\/"}],"lang":"fr","translations":{"fr":378996,"en":378993,"de":378995,"it":378997,"es":378998,"ru":378999},"pll_sync_post":[],"_links":{"self":[{"href":"https:\/\/dev.codekraft.it\/rotary-2024\/wp-json\/wp\/v2\/product\/378996","targetHints":{"allow":["GET"]}}],"collection":[{"href":"https:\/\/dev.codekraft.it\/rotary-2024\/wp-json\/wp\/v2\/product"}],"about":[{"href":"https:\/\/dev.codekraft.it\/rotary-2024\/wp-json\/wp\/v2\/types\/product"}],"wp:featuredmedia":[{"embeddable":true,"href":"https:\/\/dev.codekraft.it\/rotary-2024\/wp-json\/wp\/v2\/media\/349892"}],"wp:attachment":[{"href":"https:\/\/dev.codekraft.it\/rotary-2024\/wp-json\/wp\/v2\/media?parent=378996"}],"wp:term":[{"taxonomy":"product_cat","embeddable":true,"href":"https:\/\/dev.codekraft.it\/rotary-2024\/wp-json\/wp\/v2\/product_cat?post=378996"},{"taxonomy":"product_tag","embeddable":true,"href":"https:\/\/dev.codekraft.it\/rotary-2024\/wp-json\/wp\/v2\/product_tag?post=378996"},{"taxonomy":"product_approvals","embeddable":true,"href":"https:\/\/dev.codekraft.it\/rotary-2024\/wp-json\/wp\/v2\/product_approvals?post=378996"},{"taxonomy":"product_application","embeddable":true,"href":"https:\/\/dev.codekraft.it\/rotary-2024\/wp-json\/wp\/v2\/product_application?post=378996"}],"curies":[{"name":"wp","href":"https:\/\/api.w.org\/{rel}","templated":true}]}}