{"id":378953,"date":"2025-12-11T10:10:46","date_gmt":"2025-12-11T10:10:46","guid":{"rendered":"https:\/\/dev.codekraft.it\/rotary-2024\/products\/uncategorized\/kit-dalignement-des-roues-std-for-sm40-47\/"},"modified":"2025-12-11T10:10:46","modified_gmt":"2025-12-11T10:10:46","slug":"kit-dalignement-des-roues-std-for-sm40-47","status":"publish","type":"product","link":"https:\/\/dev.codekraft.it\/rotary-2024\/fr\/produits\/accessoires-ponts-elevateurs-fr\/accessoires-ponts-elevateurs-a-4-colonnes-fr\/kit-dalignement-des-roues-std-for-sm40-47\/","title":{"rendered":"Kit d\u2019alignement des roues STD for SM40-47"},"content":{"rendered":"","protected":false},"excerpt":{"rendered":"<p>Standard | Type N, incl. 2 plaques mouvantes | pour pont \u00e9l\u00e9vateur \u00e0 4 colonnes SM40-47 | Gris (RAL 7040)<\/p>\n","protected":false},"featured_media":350348,"template":"","meta":[],"product_cat":[1033502],"product_tag":[],"product_approvals":[],"product_application":[],"class_list":{"0":"post-378953","1":"product","2":"type-product","3":"status-publish","4":"has-post-thumbnail","6":"product_cat-accessoires-ponts-elevateurs-a-4-colonnes-fr","8":"first","9":"instock","10":"shipping-taxable","11":"product-type-simple"},"approvals":[],"application":[],"brb_media_brochure":"","brb_media_drawing":"","brb_media_manuals":"","brb_media_safety_datasheets":"","brb_media_spare_parts":[],"_cdmm_p_id":"421935","_company":"Elektron","_gtin":"4057612467895","accessories":[],"components":[],"related":[],"similar":[],"lang":"fr","translations":{"fr":378953,"en":378951,"de":378952,"it":378954,"es":378955,"ru":378956},"pll_sync_post":[],"_links":{"self":[{"href":"https:\/\/dev.codekraft.it\/rotary-2024\/wp-json\/wp\/v2\/product\/378953","targetHints":{"allow":["GET"]}}],"collection":[{"href":"https:\/\/dev.codekraft.it\/rotary-2024\/wp-json\/wp\/v2\/product"}],"about":[{"href":"https:\/\/dev.codekraft.it\/rotary-2024\/wp-json\/wp\/v2\/types\/product"}],"wp:featuredmedia":[{"embeddable":true,"href":"https:\/\/dev.codekraft.it\/rotary-2024\/wp-json\/wp\/v2\/media\/350348"}],"wp:attachment":[{"href":"https:\/\/dev.codekraft.it\/rotary-2024\/wp-json\/wp\/v2\/media?parent=378953"}],"wp:term":[{"taxonomy":"product_cat","embeddable":true,"href":"https:\/\/dev.codekraft.it\/rotary-2024\/wp-json\/wp\/v2\/product_cat?post=378953"},{"taxonomy":"product_tag","embeddable":true,"href":"https:\/\/dev.codekraft.it\/rotary-2024\/wp-json\/wp\/v2\/product_tag?post=378953"},{"taxonomy":"product_approvals","embeddable":true,"href":"https:\/\/dev.codekraft.it\/rotary-2024\/wp-json\/wp\/v2\/product_approvals?post=378953"},{"taxonomy":"product_application","embeddable":true,"href":"https:\/\/dev.codekraft.it\/rotary-2024\/wp-json\/wp\/v2\/product_application?post=378953"}],"curies":[{"name":"wp","href":"https:\/\/api.w.org\/{rel}","templated":true}]}}