{"id":378912,"date":"2025-04-01T06:23:31","date_gmt":"2025-04-01T06:23:31","guid":{"rendered":"https:\/\/dev.codekraft.it\/rotary-2024\/products\/uncategorized\/ponte-sollevatore-a-doppia-forbice-vas-791017\/"},"modified":"2025-04-01T06:23:31","modified_gmt":"2025-04-01T06:23:31","slug":"ponte-sollevatore-a-doppia-forbice-vas-791017","status":"publish","type":"product","link":"https:\/\/dev.codekraft.it\/rotary-2024\/it\/prodotti\/ponti-sollevatori-it\/ponti-sollevatori-a-doppia-forbice-it\/ponte-sollevatore-a-doppia-forbice-vas-791017\/","title":{"rendered":"Ponte sollevatore a doppia forbice VAS 791017"},"content":{"rendered":"<p>Il sollevatore a forbice doppio a basso profilo VAS 791017 \u00e8 stato progettato specificamente per il settore di assistenza e riparazione. Le nuove piattaforme di montaggio dal design flessibile consentono un\u2019ampia gamma di montaggio.<\/p>\n<ul>\n<li>Migliore protezione come standard<\/li>\n<li>Struttura in acciaio incredibilmente robusta<\/li>\n<li>Idraulica affidabile completamente testata<\/li>\n<\/ul>\n<ul>\n<li>Zincatura a caldo standard con ulteriore rivestimento in polvere della piattaforma e base del telaio.<\/li>\n<li>Bloccaggio semplice delle rampe per estendere l\u2019area di montaggio.<\/li>\n<li>Il sistema idraulico master\u00adslave doppio ridondante rende possibile fornire ulteriori prese di sicurezza. Doppia sicurezza che impedisce il sollevamento e l\u2019abbassamento su un lato.<\/li>\n<li>Ampio range di montaggio grazie alle nuove piattaforme di montaggio dal design flessibile.<\/li>\n<li>L\u2019utilizzo semplice del sistema di rimozione \u00e8 possibile con un\u2019installazione a livello del pavimento.<\/li>\n<li>Manipolazione pi\u00f9 semplice del sistema di rimozione, anche nel caso in cui i veicoli siano sopra, grazie al design intelligente.<\/li>\n<li>L\u2019installazione su pavimento \u00e8 possibile dal momento che la piattaforma ha un\u2019altezza libera bassa.<\/li>\n<li>I cuscinetti in gomma forniti proteggono il pianale del veicolo in modo affidabile.<\/li>\n<\/ul>\n<ul>\n<li>Il CE\u00adstop fornito in dotazione come standard garantisce la protezione del piede senza deflettore per i piedi, senza deflettore per i piedi. Questo consente anche l\u2019installazione sotto il pavimento.<\/li>\n<li>Il basso spazio in altezza rende pi\u00f9 semplice sollevare veicoli con poca altezza da terra.<\/li>\n<li>La costruzione \u00e8 ideale grazie alla sua massima stabilit\u00e0. Essa \u00e8 composta da solide forbici.<\/li>\n<li>Tutti i cilindri idraulici sono a vite. Questo consente un\u2019assistenza semplificata.<\/li>\n<li>Il sistema completamente idraulico con auto\u00adspurgo integrato assicura un funzio namento affidabile anche in ambienti sporchi.<\/li>\n<li>Una discesa di emergenza \u00e8 comodamente praticabile in caso di mancanza di corrente.<\/li>\n<\/ul>\n","protected":false},"excerpt":{"rendered":"<p>3,5 t, elettroidraulico<\/p>\n","protected":false},"featured_media":350517,"template":"","meta":[],"product_cat":[1033708],"product_tag":[1034166],"product_approvals":[1013893,1013876,1013910,1013995,1013927,1013978,1013961,1013944],"product_application":[],"class_list":{"0":"post-378912","1":"product","2":"type-product","3":"status-publish","4":"has-post-thumbnail","6":"product_cat-ponti-sollevatori-a-doppia-forbice-it","7":"product_tag-passenger-cars-it","8":"product_approvals-audi-it","9":"product_approvals-bentley-it","10":"product_approvals-bugatti-it","11":"product_approvals-lamborghini-it","12":"product_approvals-porsche-it","13":"product_approvals-seat-it","14":"product_approvals-skoda-it","15":"product_approvals-vw-it","17":"first","18":"instock","19":"shipping-taxable","20":"product-type-simple"},"approvals":[{"term_id":1013893,"name":"Audi","slug":"audi-it","term_group":0,"term_taxonomy_id":1013892,"taxonomy":"product_approvals","description":"","parent":0,"count":26,"filter":"raw"},{"term_id":1013876,"name":"Bentley","slug":"bentley-it","term_group":0,"term_taxonomy_id":1013875,"taxonomy":"product_approvals","description":"","parent":0,"count":26,"filter":"raw"},{"term_id":1013910,"name":"Bugatti","slug":"bugatti-it","term_group":0,"term_taxonomy_id":1013909,"taxonomy":"product_approvals","description":"","parent":0,"count":26,"filter":"raw"},{"term_id":1013995,"name":"Lamborghini","slug":"lamborghini-it","term_group":0,"term_taxonomy_id":1013994,"taxonomy":"product_approvals","description":"","parent":0,"count":26,"filter":"raw"},{"term_id":1013927,"name":"Porsche","slug":"porsche-it","term_group":0,"term_taxonomy_id":1013926,"taxonomy":"product_approvals","description":"","parent":0,"count":24,"filter":"raw"},{"term_id":1013978,"name":"Seat","slug":"seat-it","term_group":0,"term_taxonomy_id":1013977,"taxonomy":"product_approvals","description":"","parent":0,"count":26,"filter":"raw"},{"term_id":1013961,"name":"Skoda","slug":"skoda-it","term_group":0,"term_taxonomy_id":1013960,"taxonomy":"product_approvals","description":"","parent":0,"count":23,"filter":"raw"},{"term_id":1013944,"name":"VW","slug":"vw-it","term_group":0,"term_taxonomy_id":1013943,"taxonomy":"product_approvals","description":"","parent":0,"count":26,"filter":"raw"}],"application":[],"brb_media_brochure":[{"id":350312,"url":"https:\/\/dev.codekraft.it\/rotary-2024\/wp-content\/uploads\/brb_media\/00409949_vw-approvals-br-127168-de-2019-04-screen.pdf","title":"vw approvals br 127168 de 2019 04 screen","thumbnail":"https:\/\/dev.codekraft.it\/rotary-2024\/wp-content\/uploads\/brb_media\/00409949_vw-approvals-br-127168-de-2019-04-screen-pdf-106x150.png","description":""},{"id":350313,"url":"https:\/\/dev.codekraft.it\/rotary-2024\/wp-content\/uploads\/brb_media\/00409950_vw-approvals-br-127169-en-2019-04-screen.pdf","title":"vw approvals br 127169 en 2019 04 screen","thumbnail":"https:\/\/dev.codekraft.it\/rotary-2024\/wp-content\/uploads\/brb_media\/00409950_vw-approvals-br-127169-en-2019-04-screen-pdf-106x150.png","description":""},{"id":350314,"url":"https:\/\/dev.codekraft.it\/rotary-2024\/wp-content\/uploads\/brb_media\/00409951_vw-approvals-br-127170-fr-2019-04-screen.pdf","title":"vw approvals br 127170 fr 2019 04 screen","thumbnail":"https:\/\/dev.codekraft.it\/rotary-2024\/wp-content\/uploads\/brb_media\/00409951_vw-approvals-br-127170-fr-2019-04-screen-pdf-106x150.png","description":""},{"id":350315,"url":"https:\/\/dev.codekraft.it\/rotary-2024\/wp-content\/uploads\/brb_media\/00409952_vw-approvals-br-127171-it-2019-04-screen.pdf","title":"vw approvals br 127171 it 2019 04 screen","thumbnail":"https:\/\/dev.codekraft.it\/rotary-2024\/wp-content\/uploads\/brb_media\/00409952_vw-approvals-br-127171-it-2019-04-screen-pdf-106x150.png","description":""},{"id":350316,"url":"https:\/\/dev.codekraft.it\/rotary-2024\/wp-content\/uploads\/brb_media\/00409953_vw-approvals-br-127172-es-2019-04-screen.pdf","title":"vw approvals br 127172 es 2019 04 screen","thumbnail":"https:\/\/dev.codekraft.it\/rotary-2024\/wp-content\/uploads\/brb_media\/00409953_vw-approvals-br-127172-es-2019-04-screen-pdf-106x150.png","description":""},{"id":350317,"url":"https:\/\/dev.codekraft.it\/rotary-2024\/wp-content\/uploads\/brb_media\/00409954_vw-approvals-br-127173-ru-2019-04-screen.pdf","title":"vw approvals br 127173 ru 2019 04 screen","thumbnail":"https:\/\/dev.codekraft.it\/rotary-2024\/wp-content\/uploads\/brb_media\/00409954_vw-approvals-br-127173-ru-2019-04-screen-pdf-106x150.png","description":""}],"brb_media_drawing":[{"id":350521,"url":"https:\/\/dev.codekraft.it\/rotary-2024\/wp-content\/uploads\/brb_media\/00407624_scissor-lift-fp_ds35hg-a_8741.pdf","title":"scissor lift fp ds35hg a 8741","thumbnail":"https:\/\/dev.codekraft.it\/rotary-2024\/wp-content\/uploads\/brb_media\/00407624_scissor-lift-fp_ds35hg-a_8741-pdf-150x106.png","description":""},{"id":350522,"url":"https:\/\/dev.codekraft.it\/rotary-2024\/wp-content\/uploads\/brb_media\/00407623_scissor-lift-da_ds35hg-a_8740.pdf","title":"scissor lift da ds35hg a 8740","thumbnail":"https:\/\/dev.codekraft.it\/rotary-2024\/wp-content\/uploads\/brb_media\/00407623_scissor-lift-da_ds35hg-a_8740-pdf-150x106.png","description":""}],"brb_media_manuals":[{"id":350518,"url":"https:\/\/dev.codekraft.it\/rotary-2024\/wp-content\/uploads\/brb_media\/00494819_double-scissor-lift-ds35-om-sp-de-2022-03-rev-c.pdf","title":"Double Scissor Lift DS35 OM SP de 2022 03 Rev C","thumbnail":"https:\/\/dev.codekraft.it\/rotary-2024\/wp-content\/uploads\/brb_media\/00494819_double-scissor-lift-ds35-om-sp-de-2022-03-rev-c-pdf-116x150.png","description":""},{"id":350519,"url":"https:\/\/dev.codekraft.it\/rotary-2024\/wp-content\/uploads\/brb_media\/00479456_double-scissor-lift-ds35-om-sp-en-2021-10-screen.pdf","title":"Double Scissor Lift DS35 OM SP en 2021 10 screen","thumbnail":"https:\/\/dev.codekraft.it\/rotary-2024\/wp-content\/uploads\/brb_media\/00479456_double-scissor-lift-ds35-om-sp-en-2021-10-screen-pdf-116x150.png","description":""},{"id":350520,"url":"https:\/\/dev.codekraft.it\/rotary-2024\/wp-content\/uploads\/brb_media\/00479457_double-scissor-lift-ds35-om-sp-it-2021-10-screen.pdf","title":"Double Scissor Lift DS35 OM SP it 2021 10 screen","thumbnail":"https:\/\/dev.codekraft.it\/rotary-2024\/wp-content\/uploads\/brb_media\/00479457_double-scissor-lift-ds35-om-sp-it-2021-10-screen-pdf-116x150.png","description":""}],"brb_media_safety_datasheets":"","brb_media_spare_parts":[],"_cdmm_p_id":"409907","_company":"Elektron","_gtin":"","accessories":[{"id":379521,"cdmm_p_id":"471105","name":"Kit di rampe di salita per DS32\/35 CAT","description":"Lunghe, 860 mm, zincato a caldo e rivestito a polvere | per auto sportive | 1 set \/ 4 pezzi","thumbnail":"https:\/\/dev.codekraft.it\/rotary-2024\/wp-content\/uploads\/brb_media\/00287551-150x150.png","url":"https:\/\/dev.codekraft.it\/rotary-2024\/it\/prodotti\/accessori-ponti-sollevatori-it\/accessori-ponti-sollevatori-a-doppia-forbice-it\/kit-di-rampe-di-salita-per-ds32-35-cat\/"},{"id":379527,"cdmm_p_id":"471109","name":"Tamponi in gomma Piramide troncata","description":"30 mm, con rivestimenti ritentivi | 1 set \/ 4 pezzi","thumbnail":"https:\/\/dev.codekraft.it\/rotary-2024\/wp-content\/uploads\/brb_media\/00392090-150x150.png","url":"https:\/\/dev.codekraft.it\/rotary-2024\/it\/prodotti\/accessori-ponti-sollevatori-it\/accessori-ponti-sollevatori-a-doppia-forbice-it\/tamponi-in-gomma-piramide-troncata\/"},{"id":379533,"cdmm_p_id":"471110","name":"Tamponi in gomma Piramide troncata","description":"70 mm, con rivestimenti ritentivi | 1 set \/ 4 pezzi","thumbnail":"https:\/\/dev.codekraft.it\/rotary-2024\/wp-content\/uploads\/brb_media\/00392091_scissor-lift-ds-32-70-mm-rubber-pad-di-150x150.png","url":"https:\/\/dev.codekraft.it\/rotary-2024\/it\/prodotti\/accessori-ponti-sollevatori-it\/accessori-ponti-sollevatori-a-doppia-forbice-it\/tamponi-in-gomma-piramide-troncata-2\/"}],"components":[],"related":[],"similar":[{"id":380012,"cdmm_p_id":"475878","name":"Ponte sollevatore a doppia forbice VAS 791025","description":"3,5 t, elettroidraulico","thumbnail":"https:\/\/dev.codekraft.it\/rotary-2024\/wp-content\/uploads\/brb_media\/00400339_scissor-lift-vas-791025-mi-150x150.png","url":"https:\/\/dev.codekraft.it\/rotary-2024\/it\/prodotti\/ponti-sollevatori-it\/ponti-sollevatori-a-doppia-forbice-it\/ponte-sollevatore-a-doppia-forbice-vas-791025\/"}],"lang":"it","translations":{"it":378912,"en":378909,"de":378910,"fr":378911,"es":378913,"ru":378914},"pll_sync_post":[],"_links":{"self":[{"href":"https:\/\/dev.codekraft.it\/rotary-2024\/wp-json\/wp\/v2\/product\/378912","targetHints":{"allow":["GET"]}}],"collection":[{"href":"https:\/\/dev.codekraft.it\/rotary-2024\/wp-json\/wp\/v2\/product"}],"about":[{"href":"https:\/\/dev.codekraft.it\/rotary-2024\/wp-json\/wp\/v2\/types\/product"}],"wp:featuredmedia":[{"embeddable":true,"href":"https:\/\/dev.codekraft.it\/rotary-2024\/wp-json\/wp\/v2\/media\/350517"}],"wp:attachment":[{"href":"https:\/\/dev.codekraft.it\/rotary-2024\/wp-json\/wp\/v2\/media?parent=378912"}],"wp:term":[{"taxonomy":"product_cat","embeddable":true,"href":"https:\/\/dev.codekraft.it\/rotary-2024\/wp-json\/wp\/v2\/product_cat?post=378912"},{"taxonomy":"product_tag","embeddable":true,"href":"https:\/\/dev.codekraft.it\/rotary-2024\/wp-json\/wp\/v2\/product_tag?post=378912"},{"taxonomy":"product_approvals","embeddable":true,"href":"https:\/\/dev.codekraft.it\/rotary-2024\/wp-json\/wp\/v2\/product_approvals?post=378912"},{"taxonomy":"product_application","embeddable":true,"href":"https:\/\/dev.codekraft.it\/rotary-2024\/wp-json\/wp\/v2\/product_application?post=378912"}],"curies":[{"name":"wp","href":"https:\/\/api.w.org\/{rel}","templated":true}]}}