{"id":378910,"date":"2025-04-01T06:23:30","date_gmt":"2025-04-01T06:23:30","guid":{"rendered":"https:\/\/dev.codekraft.it\/rotary-2024\/products\/uncategorized\/doppelscheren-hebebuhne-vas-791017\/"},"modified":"2025-04-01T06:23:30","modified_gmt":"2025-04-01T06:23:30","slug":"doppelscheren-hebebuhne-vas-791017","status":"publish","type":"product","link":"https:\/\/dev.codekraft.it\/rotary-2024\/produkte\/hebebuhnen-de\/doppelscheren-hebebuhnen-de\/doppelscheren-hebebuhne-vas-791017\/","title":{"rendered":"Doppelscheren-Hebeb\u00fchne VAS 791017"},"content":{"rendered":"<p>Speziell f\u00fcr den Service- und Reparaturbereich ist die Low-Profile Doppelscheren-Hebeb\u00fchne VAS 791017 konzipiert. Die neu konzipierten flexiblen Aufnahmeplattformen erm\u00f6glichen ein breites Aufnahmespektrum.<\/p>\n<ul>\n<li>Korrosionsschutz serienm\u00e4\u00dfig<\/li>\n<li>Stabiler Stahlbau<\/li>\n<li>Ausgereiftes Hydrauliksystem<\/li>\n<\/ul>\n<ul>\n<li>Serienm\u00e4\u00dfige Feuerverzinkung mit zus\u00e4tzlicher Pulverbeschichtung von Plattform und Grundrahmen.<\/li>\n<li>Einfache Arretierung der Auffahrrampen zur Verl\u00e4ngerung des Aufnahmebereichs.<\/li>\n<li>Redundantes doppeltes Master-Slave-Hydraulikystem erm\u00f6glicht Verzicht auf zus\u00e4tzliche Sicherheitsklinken. Einseitiges Anheben bzw. Absenken wird verhindert.<\/li>\n<li>Breites Aufnahmespektrum durch neu konzipierte flexible Aufnahmeplattformen.<\/li>\n<li>Bei bodenebenem Einbau problemlose Bedienung des Auszugs m\u00f6glich.<\/li>\n<li>Einfachste Handhabung des Auszugs auch bei dar\u00fcberstehendem Fahrzeug durch intelligente Konstruktion.<\/li>\n<li>Einfache \u00dcberflurmontage m\u00f6glich, da die B\u00fchne \u00fcber geringe \u00dcberfahrh\u00f6he verf\u00fcgt.<\/li>\n<li>Mitgelieferte Gummipads sch\u00fctzen den Fahrzeugunterboden zuverl\u00e4ssig.<\/li>\n<\/ul>\n<ul>\n<li>Der serienm\u00e4\u00dfige CE-Stop gew\u00e4hrleistet einen Fu\u00dfschutz ohne Fu\u00dfabweiser. Auch ein Unterflureinbau wird damit erm\u00f6glicht.<\/li>\n<li>Die geringe \u00dcberfahrh\u00f6he erleichtert die Aufnahme von Fahrzeugen mit geringer Bodenfreiheit.<\/li>\n<li>Die Konstruktion \u00fcberzeugt durch h\u00f6chste Stabilit\u00e4t. Die sind aus Scheren aus Vollmaterial.<\/li>\n<li>Alle Hydraulikzylinder sind schraubbar ausgef\u00fchrt. Damit wird die Servicefreundlichkeit erh\u00f6ht.<\/li>\n<li>Das vollhydraulische System mit integrierter Selbstentl\u00fcftung sorgt f\u00fcr eine zuverl\u00e4ssige Funktion auch bei verschmutzter Umgebung.<\/li>\n<li>Eine Notabsenkung bei Stromausfall ist problemlos m\u00f6glich.<\/li>\n<\/ul>\n","protected":false},"excerpt":{"rendered":"<p>3,5 t, elektrohydraulisch<\/p>\n","protected":false},"featured_media":350517,"template":"","meta":[],"product_brand":[],"product_cat":[1033676],"product_tag":[1034161],"product_approvals":[1013887,1013870,1013904,1013989,1013921,1013972,1013955,1013938],"product_application":[],"class_list":{"0":"post-378910","1":"product","2":"type-product","3":"status-publish","4":"has-post-thumbnail","6":"product_cat-doppelscheren-hebebuhnen-de","7":"product_tag-passenger-cars-de","8":"product_approvals-audi-de","9":"product_approvals-bentley-de","10":"product_approvals-bugatti-de","11":"product_approvals-lamborghini-de","12":"product_approvals-porsche-de","13":"product_approvals-seat-de","14":"product_approvals-skoda-de","15":"product_approvals-vw-de","17":"first","18":"instock","19":"shipping-taxable","20":"product-type-simple"},"approvals":[{"term_id":1013887,"name":"Audi","slug":"audi-de","term_group":0,"term_taxonomy_id":1013886,"taxonomy":"product_approvals","description":"","parent":0,"count":26,"filter":"raw"},{"term_id":1013870,"name":"Bentley","slug":"bentley-de","term_group":0,"term_taxonomy_id":1013869,"taxonomy":"product_approvals","description":"","parent":0,"count":26,"filter":"raw"},{"term_id":1013904,"name":"Bugatti","slug":"bugatti-de","term_group":0,"term_taxonomy_id":1013903,"taxonomy":"product_approvals","description":"","parent":0,"count":26,"filter":"raw"},{"term_id":1013989,"name":"Lamborghini","slug":"lamborghini-de","term_group":0,"term_taxonomy_id":1013988,"taxonomy":"product_approvals","description":"","parent":0,"count":26,"filter":"raw"},{"term_id":1013921,"name":"Porsche","slug":"porsche-de","term_group":0,"term_taxonomy_id":1013920,"taxonomy":"product_approvals","description":"","parent":0,"count":24,"filter":"raw"},{"term_id":1013972,"name":"Seat","slug":"seat-de","term_group":0,"term_taxonomy_id":1013971,"taxonomy":"product_approvals","description":"","parent":0,"count":26,"filter":"raw"},{"term_id":1013955,"name":"Skoda","slug":"skoda-de","term_group":0,"term_taxonomy_id":1013954,"taxonomy":"product_approvals","description":"","parent":0,"count":23,"filter":"raw"},{"term_id":1013938,"name":"VW","slug":"vw-de","term_group":0,"term_taxonomy_id":1013937,"taxonomy":"product_approvals","description":"","parent":0,"count":26,"filter":"raw"}],"application":[],"brb_media_brochure":[{"id":350312,"url":"https:\/\/dev.codekraft.it\/rotary-2024\/wp-content\/uploads\/brb_media\/00409949_vw-approvals-br-127168-de-2019-04-screen.pdf","title":"vw approvals br 127168 de 2019 04 screen","mpn":"","thumbnail":"https:\/\/dev.codekraft.it\/rotary-2024\/wp-content\/uploads\/brb_media\/00409949_vw-approvals-br-127168-de-2019-04-screen-pdf-106x150.png","description":""},{"id":350313,"url":"https:\/\/dev.codekraft.it\/rotary-2024\/wp-content\/uploads\/brb_media\/00409950_vw-approvals-br-127169-en-2019-04-screen.pdf","title":"vw approvals br 127169 en 2019 04 screen","mpn":"","thumbnail":"https:\/\/dev.codekraft.it\/rotary-2024\/wp-content\/uploads\/brb_media\/00409950_vw-approvals-br-127169-en-2019-04-screen-pdf-106x150.png","description":""},{"id":350314,"url":"https:\/\/dev.codekraft.it\/rotary-2024\/wp-content\/uploads\/brb_media\/00409951_vw-approvals-br-127170-fr-2019-04-screen.pdf","title":"vw approvals br 127170 fr 2019 04 screen","mpn":"","thumbnail":"https:\/\/dev.codekraft.it\/rotary-2024\/wp-content\/uploads\/brb_media\/00409951_vw-approvals-br-127170-fr-2019-04-screen-pdf-106x150.png","description":""},{"id":350315,"url":"https:\/\/dev.codekraft.it\/rotary-2024\/wp-content\/uploads\/brb_media\/00409952_vw-approvals-br-127171-it-2019-04-screen.pdf","title":"vw approvals br 127171 it 2019 04 screen","mpn":"","thumbnail":"https:\/\/dev.codekraft.it\/rotary-2024\/wp-content\/uploads\/brb_media\/00409952_vw-approvals-br-127171-it-2019-04-screen-pdf-106x150.png","description":""},{"id":350316,"url":"https:\/\/dev.codekraft.it\/rotary-2024\/wp-content\/uploads\/brb_media\/00409953_vw-approvals-br-127172-es-2019-04-screen.pdf","title":"vw approvals br 127172 es 2019 04 screen","mpn":"","thumbnail":"https:\/\/dev.codekraft.it\/rotary-2024\/wp-content\/uploads\/brb_media\/00409953_vw-approvals-br-127172-es-2019-04-screen-pdf-106x150.png","description":""},{"id":350317,"url":"https:\/\/dev.codekraft.it\/rotary-2024\/wp-content\/uploads\/brb_media\/00409954_vw-approvals-br-127173-ru-2019-04-screen.pdf","title":"vw approvals br 127173 ru 2019 04 screen","mpn":"","thumbnail":"https:\/\/dev.codekraft.it\/rotary-2024\/wp-content\/uploads\/brb_media\/00409954_vw-approvals-br-127173-ru-2019-04-screen-pdf-106x150.png","description":""}],"brb_media_drawing":[{"id":350521,"url":"https:\/\/dev.codekraft.it\/rotary-2024\/wp-content\/uploads\/brb_media\/00407624_scissor-lift-fp_ds35hg-a_8741.pdf","title":"scissor lift fp ds35hg a 8741","mpn":"","thumbnail":"https:\/\/dev.codekraft.it\/rotary-2024\/wp-content\/uploads\/brb_media\/00407624_scissor-lift-fp_ds35hg-a_8741-pdf-150x106.png","description":""},{"id":350522,"url":"https:\/\/dev.codekraft.it\/rotary-2024\/wp-content\/uploads\/brb_media\/00407623_scissor-lift-da_ds35hg-a_8740.pdf","title":"scissor lift da ds35hg a 8740","mpn":"","thumbnail":"https:\/\/dev.codekraft.it\/rotary-2024\/wp-content\/uploads\/brb_media\/00407623_scissor-lift-da_ds35hg-a_8740-pdf-150x106.png","description":""}],"brb_media_manuals":[{"id":350518,"url":"https:\/\/dev.codekraft.it\/rotary-2024\/wp-content\/uploads\/brb_media\/00494819_double-scissor-lift-ds35-om-sp-de-2022-03-rev-c.pdf","title":"Double Scissor Lift DS35 OM SP de 2022 03 Rev C","mpn":"","thumbnail":"https:\/\/dev.codekraft.it\/rotary-2024\/wp-content\/uploads\/brb_media\/00494819_double-scissor-lift-ds35-om-sp-de-2022-03-rev-c-pdf-116x150.png","description":""},{"id":350519,"url":"https:\/\/dev.codekraft.it\/rotary-2024\/wp-content\/uploads\/brb_media\/00479456_double-scissor-lift-ds35-om-sp-en-2021-10-screen.pdf","title":"Double Scissor Lift DS35 OM SP en 2021 10 screen","mpn":"","thumbnail":"https:\/\/dev.codekraft.it\/rotary-2024\/wp-content\/uploads\/brb_media\/00479456_double-scissor-lift-ds35-om-sp-en-2021-10-screen-pdf-116x150.png","description":""},{"id":350520,"url":"https:\/\/dev.codekraft.it\/rotary-2024\/wp-content\/uploads\/brb_media\/00479457_double-scissor-lift-ds35-om-sp-it-2021-10-screen.pdf","title":"Double Scissor Lift DS35 OM SP it 2021 10 screen","mpn":"","thumbnail":"https:\/\/dev.codekraft.it\/rotary-2024\/wp-content\/uploads\/brb_media\/00479457_double-scissor-lift-ds35-om-sp-it-2021-10-screen-pdf-116x150.png","description":""}],"brb_media_safety_datasheets":"","brb_media_spare_parts":[],"_cdmm_p_id":"409907","_company":"Elektron","_gtin":"","accessories":[{"id":379519,"mpn":"SPRMP-DS35CPBG","name":"Auffahrrampen-Kit f\u00fcr DS32\/35 CAT","description":"Lang, 860 mm, feuerverzinkt und pulverbeschichtet | f\u00fcr Sportwagen | 1 Satz \/ 4 St\u00fcck","thumbnail":"https:\/\/dev.codekraft.it\/rotary-2024\/wp-content\/uploads\/brb_media\/00287551-150x150.png","url":"https:\/\/dev.codekraft.it\/rotary-2024\/produkte\/zubehor-hebebuhnen-de\/zubehor-doppelscheren-hebebuhnen-de\/auffahrrampen-kit-fur-ds32-35-cat\/"},{"id":379525,"mpn":"XX140075","name":"Gummikl\u00f6tze Pyramidenstumpf","description":"30 mm, mit Grippauflagen | 1 Satz \/ 4 St\u00fcck","thumbnail":"https:\/\/dev.codekraft.it\/rotary-2024\/wp-content\/uploads\/brb_media\/00392090-150x150.png","url":"https:\/\/dev.codekraft.it\/rotary-2024\/produkte\/zubehor-hebebuhnen-de\/zubehor-doppelscheren-hebebuhnen-de\/gummiklotze-pyramidenstumpf\/"},{"id":379531,"mpn":"XX140076","name":"Gummikl\u00f6tze Pyramidenstumpf","description":"70 mm, mit Grippauflagen | 1 Satz \/ 4 St\u00fcck","thumbnail":"https:\/\/dev.codekraft.it\/rotary-2024\/wp-content\/uploads\/brb_media\/00392091_scissor-lift-ds-32-70-mm-rubber-pad-di-150x150.png","url":"https:\/\/dev.codekraft.it\/rotary-2024\/produkte\/zubehor-hebebuhnen-de\/zubehor-doppelscheren-hebebuhnen-de\/gummiklotze-pyramidenstumpf-2\/"}],"components":[],"related":[],"page_logo_src":"https:\/\/dev.codekraft.it\/rotary-2024\/wp-content\/uploads\/2024\/05\/cropped-rotary-logo-2022.png","lang":"de","translations":{"de":378910,"en":378909,"fr":378911,"it":378912,"es":378913,"ru":378914},"pll_sync_post":[],"_links":{"self":[{"href":"https:\/\/dev.codekraft.it\/rotary-2024\/wp-json\/wp\/v2\/product\/378910","targetHints":{"allow":["GET"]}}],"collection":[{"href":"https:\/\/dev.codekraft.it\/rotary-2024\/wp-json\/wp\/v2\/product"}],"about":[{"href":"https:\/\/dev.codekraft.it\/rotary-2024\/wp-json\/wp\/v2\/types\/product"}],"wp:featuredmedia":[{"embeddable":true,"href":"https:\/\/dev.codekraft.it\/rotary-2024\/wp-json\/wp\/v2\/media\/350517"}],"wp:attachment":[{"href":"https:\/\/dev.codekraft.it\/rotary-2024\/wp-json\/wp\/v2\/media?parent=378910"}],"wp:term":[{"taxonomy":"product_brand","embeddable":true,"href":"https:\/\/dev.codekraft.it\/rotary-2024\/wp-json\/wp\/v2\/product_brand?post=378910"},{"taxonomy":"product_cat","embeddable":true,"href":"https:\/\/dev.codekraft.it\/rotary-2024\/wp-json\/wp\/v2\/product_cat?post=378910"},{"taxonomy":"product_tag","embeddable":true,"href":"https:\/\/dev.codekraft.it\/rotary-2024\/wp-json\/wp\/v2\/product_tag?post=378910"},{"taxonomy":"product_approvals","embeddable":true,"href":"https:\/\/dev.codekraft.it\/rotary-2024\/wp-json\/wp\/v2\/product_approvals?post=378910"},{"taxonomy":"product_application","embeddable":true,"href":"https:\/\/dev.codekraft.it\/rotary-2024\/wp-json\/wp\/v2\/product_application?post=378910"}],"curies":[{"name":"wp","href":"https:\/\/api.w.org\/{rel}","templated":true}]}}