{"id":378905,"date":"2025-12-11T10:10:47","date_gmt":"2025-12-11T10:10:47","guid":{"rendered":"https:\/\/dev.codekraft.it\/rotary-2024\/products\/uncategorized\/pont-elevateur-a-ciseaux-a-course-reduite-xs30n\/"},"modified":"2025-12-11T10:10:47","modified_gmt":"2025-12-11T10:10:47","slug":"pont-elevateur-a-ciseaux-a-course-reduite-xs30n","status":"publish","type":"product","link":"https:\/\/dev.codekraft.it\/rotary-2024\/fr\/produits\/ponts-elevateurs-fr\/ponts-elevateurs-basse-levee-fr\/pont-elevateur-a-ciseaux-a-course-reduite-xs30n\/","title":{"rendered":"Pont \u00e9l\u00e9vateur \u00e0 ciseaux \u00e0 course r\u00e9duite XS30N"},"content":{"rendered":"<p>Le nouveau pont \u00e9l\u00e9vateur \u00e0 ciseaux \u00e0 course courte XS30N impressionne par sa longueur et sa largeur de plate-forme g\u00e9n\u00e9reusement dimensionn\u00e9es, qui permet d&#8217;accueillir une large gamme de v\u00e9hicules. Il couvre les besoins dans le domaine de l&#8217;entretien et la r\u00e9paration des pneus et des travaux de carrosserie et il est id\u00e9al pour l&#8217;entretien et le travail \u00e0 l&#8217;int\u00e9rieur du v\u00e9hicule.<\/p>\n<ul>\n<li>Longueur et largeur de plate-forme adapt\u00e9es aux SUV et fourgonnettes modernes<\/li>\n<li>Extension de plate-forme &#8211; verrouillable \u00e0 une seule main<\/li>\n<li>Stable et s\u00e9curis\u00e9e<\/li>\n<\/ul>\n<ul>\n<li>Le pont \u00e9l\u00e9vateur a un double circuit hydraulique et deux axes de torsion qui peuvent maintenir la charge sans risque dans n&#8217;importe quelle situation.<\/li>\n<li>La but\u00e9e de norme CE garantit la protection des pieds sans plaque de protection des pieds. Cela permet \u00e9galement l&#8217;installation en fosse.<\/li>\n<li>Pour permettre le levage de petits et de grands v\u00e9hicules, la XS30N dispose de rampes qui peuvent \u00eatre d\u00e9pli\u00e9es des deux c\u00f4t\u00e9s, ce qui garantit une longueur totale de levage de 2150 mm et elle est verrouillable d&#8217;une seule main. Cela garantit \u00e9galement que les limousines ainsi que les grands SUV peuvent \u00eatre mont\u00e9s.<\/li>\n<li>Le pont \u00e9l\u00e9vateur est compl\u00e8tement assembl\u00e9 et pr\u00eat \u00e0 l&#8217;emploi imm\u00e9diatement apr\u00e8s le raccordement du syst\u00e8me hydraulique sans effort d&#8217;installation majeur.<\/li>\n<li>Les rampes avec des rouleaux en plastique assurent un faible frottement et d\u00e9placement sans effort sur le sol du garage.<\/li>\n<\/ul>\n<ul>\n<li>Pour permettre une installation des petits et des grands v\u00e9hicules, le XS30N a des extensions de plate-forme qui peuvent \u00eatre pli\u00e9es des deux c\u00f4t\u00e9s et facilement verrouill\u00e9es.<\/li>\n<li>Deux circuits hydrauliques ind\u00e9pendants avec un total de 4 v\u00e9rins de levage rendent inutiles des syst\u00e8mes de s\u00e9curit\u00e9 suppl\u00e9mentaires.<\/li>\n<li>Le XS30N peut \u00eatre install\u00e9 sur n&#8217;importe quelle surface b\u00e9tonn\u00e9e sans travaux de fondation, l&#8217;ancrage au sol est possible mais pas n\u00e9cessaire. Le pont \u00e9l\u00e9vateur peut \u00eatre facilement d\u00e9plac\u00e9 dans le garage avec le kit mobile fourni.<\/li>\n<li>La faible hauteur d&#8217;acc\u00e8s facilite le levage de v\u00e9hicules avec moins de garde au sol.<\/li>\n<\/ul>\n","protected":false},"excerpt":{"rendered":"<p>3,0 t, \u00e9lectrohydraulique<\/p>\n","protected":false},"featured_media":350493,"template":"","meta":[],"product_brand":[],"product_cat":[1033598],"product_tag":[1034163],"product_approvals":[],"product_application":[],"class_list":{"0":"post-378905","1":"product","2":"type-product","3":"status-publish","4":"has-post-thumbnail","6":"product_cat-ponts-elevateurs-basse-levee-fr","7":"product_tag-passenger-cars-fr","9":"first","10":"instock","11":"shipping-taxable","12":"product-type-simple"},"approvals":[],"application":[],"brb_media_brochure":[{"id":378898,"url":"https:\/\/dev.codekraft.it\/rotary-2024\/wp-content\/uploads\/brb_media\/00548883_low-rise-scissor-lift-xs30n-cat-br-128783-de-2025-04-screen.pdf","title":"Low Rise Scissor Lift XS30N CAT BR 128783 de 2025 04 screen","mpn":"","thumbnail":"https:\/\/dev.codekraft.it\/rotary-2024\/wp-content\/uploads\/brb_media\/00548883_low-rise-scissor-lift-xs30n-cat-br-128783-de-2025-04-screen-pdf-106x150.png","description":""},{"id":378899,"url":"https:\/\/dev.codekraft.it\/rotary-2024\/wp-content\/uploads\/brb_media\/00548884_low-rise-scissor-lift-xs30n-cat-br-128784-en-2025-04-screen.pdf","title":"Low Rise Scissor Lift XS30N CAT BR 128784 en 2025 04 screen","mpn":"","thumbnail":"https:\/\/dev.codekraft.it\/rotary-2024\/wp-content\/uploads\/brb_media\/00548884_low-rise-scissor-lift-xs30n-cat-br-128784-en-2025-04-screen-pdf-106x150.png","description":""},{"id":378900,"url":"https:\/\/dev.codekraft.it\/rotary-2024\/wp-content\/uploads\/brb_media\/00548885_low-rise-scissor-lift-xs30n-cat-br-128785-fr-2025-04-screen.pdf","title":"Low Rise Scissor Lift XS30N CAT BR 128785 fr 2025 04 screen","mpn":"","thumbnail":"https:\/\/dev.codekraft.it\/rotary-2024\/wp-content\/uploads\/brb_media\/00548885_low-rise-scissor-lift-xs30n-cat-br-128785-fr-2025-04-screen-pdf-106x150.png","description":""},{"id":378901,"url":"https:\/\/dev.codekraft.it\/rotary-2024\/wp-content\/uploads\/brb_media\/00548886_low-rise-scissor-lift-xs30n-cat-br-128786-it-2025-04-screen.pdf","title":"Low Rise Scissor Lift XS30N CAT BR 128786 it 2025 04 screen","mpn":"","thumbnail":"https:\/\/dev.codekraft.it\/rotary-2024\/wp-content\/uploads\/brb_media\/00548886_low-rise-scissor-lift-xs30n-cat-br-128786-it-2025-04-screen-pdf-106x150.png","description":""},{"id":378902,"url":"https:\/\/dev.codekraft.it\/rotary-2024\/wp-content\/uploads\/brb_media\/00548887_low-rise-scissor-lift-xs30n-cat-br-128787-es-2025-04-screen.pdf","title":"Low Rise Scissor Lift XS30N CAT BR 128787 es 2025 04 screen","mpn":"","thumbnail":"https:\/\/dev.codekraft.it\/rotary-2024\/wp-content\/uploads\/brb_media\/00548887_low-rise-scissor-lift-xs30n-cat-br-128787-es-2025-04-screen-pdf-106x150.png","description":""},{"id":378903,"url":"https:\/\/dev.codekraft.it\/rotary-2024\/wp-content\/uploads\/brb_media\/00548888_low-rise-scissor-lift-xs30n-cat-br-128788-ru-2025-04-screen.pdf","title":"Low Rise Scissor Lift XS30N CAT BR 128788 ru 2025 04 screen","mpn":"","thumbnail":"https:\/\/dev.codekraft.it\/rotary-2024\/wp-content\/uploads\/brb_media\/00548888_low-rise-scissor-lift-xs30n-cat-br-128788-ru-2025-04-screen-pdf-106x150.png","description":""}],"brb_media_drawing":[{"id":350506,"url":"https:\/\/dev.codekraft.it\/rotary-2024\/wp-content\/uploads\/brb_media\/00407481_scissor-lift_rfp_xs30_8717.pdf","title":"scissor lift rfp xs30 8717","mpn":"","thumbnail":"https:\/\/dev.codekraft.it\/rotary-2024\/wp-content\/uploads\/brb_media\/00407481_scissor-lift_rfp_xs30_8717-pdf-150x105.png","description":""}],"brb_media_manuals":[{"id":350500,"url":"https:\/\/dev.codekraft.it\/rotary-2024\/wp-content\/uploads\/brb_media\/00438679_scissor-lift-xs30n-om-de-2020-09-screen.pdf","title":"scissor lift xs30n om de 2020 09 screen","mpn":"","thumbnail":"https:\/\/dev.codekraft.it\/rotary-2024\/wp-content\/uploads\/brb_media\/00438679_scissor-lift-xs30n-om-de-2020-09-screen-pdf-116x150.png","description":""},{"id":350501,"url":"https:\/\/dev.codekraft.it\/rotary-2024\/wp-content\/uploads\/brb_media\/00438680_scissor-lift-xs30n-om-en-2020-09-screen.pdf","title":"scissor lift xs30n om en 2020 09 screen","mpn":"","thumbnail":"https:\/\/dev.codekraft.it\/rotary-2024\/wp-content\/uploads\/brb_media\/00438680_scissor-lift-xs30n-om-en-2020-09-screen-pdf-116x150.png","description":""},{"id":350502,"url":"https:\/\/dev.codekraft.it\/rotary-2024\/wp-content\/uploads\/brb_media\/00438681_scissor-lift-xs30n-om-fr-2020-09-screen.pdf","title":"scissor lift xs30n om fr 2020 09 screen","mpn":"","thumbnail":"https:\/\/dev.codekraft.it\/rotary-2024\/wp-content\/uploads\/brb_media\/00438681_scissor-lift-xs30n-om-fr-2020-09-screen-pdf-116x150.png","description":""},{"id":350503,"url":"https:\/\/dev.codekraft.it\/rotary-2024\/wp-content\/uploads\/brb_media\/00438682_scissor-lift-xs30n-om-it-2020-09-screen.pdf","title":"scissor lift xs30n om it 2020 09 screen","mpn":"","thumbnail":"https:\/\/dev.codekraft.it\/rotary-2024\/wp-content\/uploads\/brb_media\/00438682_scissor-lift-xs30n-om-it-2020-09-screen-pdf-116x150.png","description":""},{"id":350504,"url":"https:\/\/dev.codekraft.it\/rotary-2024\/wp-content\/uploads\/brb_media\/00438683_scissor-lift-xs30n-om-es-2020-09-screen.pdf","title":"scissor lift xs30n om es 2020 09 screen","mpn":"","thumbnail":"https:\/\/dev.codekraft.it\/rotary-2024\/wp-content\/uploads\/brb_media\/00438683_scissor-lift-xs30n-om-es-2020-09-screen-pdf-116x150.png","description":""},{"id":350505,"url":"https:\/\/dev.codekraft.it\/rotary-2024\/wp-content\/uploads\/brb_media\/00438684_scissor-lift-xs30n-om-ru-2020-09-screen.pdf","title":"scissor lift xs30n om ru 2020 09 screen","mpn":"","thumbnail":"https:\/\/dev.codekraft.it\/rotary-2024\/wp-content\/uploads\/brb_media\/00438684_scissor-lift-xs30n-om-ru-2020-09-screen-pdf-116x150.png","description":""}],"brb_media_safety_datasheets":"","brb_media_spare_parts":[],"_cdmm_p_id":"409900","_company":"Elektron","_gtin":"5063084193230","accessories":[{"id":378466,"mpn":"T4","name":"Tampons en caoutchouc","description":"160 x 120 x 80 mm | 1 jeu \/ 4 pi\u00e8ces","thumbnail":"https:\/\/dev.codekraft.it\/rotary-2024\/wp-content\/uploads\/brb_media\/00287553-150x150.png","url":"https:\/\/dev.codekraft.it\/rotary-2024\/fr\/produits\/accessoires-ponts-elevateurs-fr\/accessoires-ponts-a-doubles-ciseaux-fr\/tampons-en-caoutchouc\/"},{"id":379897,"mpn":"XS30NCP003","name":"Bo\u00eete d\u2019installation pour montage au sol, avec cadre de montage","description":"Galvanis\u00e9","thumbnail":"https:\/\/dev.codekraft.it\/rotary-2024\/wp-content\/uploads\/brb_media\/00400291_low-rise-scissor-lift-xs30-installation-box-incl-mounting-frame-drawing-150x150.png","url":"https:\/\/dev.codekraft.it\/rotary-2024\/fr\/produits\/accessoires-ponts-elevateurs-fr\/accessoires-ponts-elevateurs-basse-levee-fr\/boite-dinstallation-pour-montage-au-sol-avec-cadre-de-montage\/"},{"id":379891,"mpn":"XS30NCP014","name":"Bo\u00eete d\u2019installation pour montage au sol","description":"Bo\u00eetes de support pour rampes pliantes","thumbnail":"https:\/\/dev.codekraft.it\/rotary-2024\/wp-content\/uploads\/brb_media\/00400290_low-rise-scissor-lift-xs30-installation-box-drawing-150x150.png","url":"https:\/\/dev.codekraft.it\/rotary-2024\/fr\/produits\/accessoires-ponts-elevateurs-fr\/accessoires-ponts-elevateurs-basse-levee-fr\/boite-dinstallation-pour-montage-au-sol\/"},{"id":379520,"mpn":"SPRMP-DS35CPBG","name":"Kit de rampes d&#039;acc\u00e8s pour DS32\/35 CAT","description":"Longues, 860 mm, galvanis\u00e9 \u00e0 chaud et rev\u00eatement en poudre | pour voitures de sport | 1 jeu \/ 4 pi\u00e8ces","thumbnail":"https:\/\/dev.codekraft.it\/rotary-2024\/wp-content\/uploads\/brb_media\/00287551-150x150.png","url":"https:\/\/dev.codekraft.it\/rotary-2024\/fr\/produits\/accessoires-ponts-elevateurs-fr\/accessoires-ponts-a-doubles-ciseaux-fr\/kit-de-rampes-dacces-pour-ds32-35-cat\/"},{"id":378917,"mpn":"T4B","name":"Tampons en caoutchouc","description":"160 x 120 x 40 mm | 1 jeu \/ 4 pi\u00e8ces","thumbnail":"https:\/\/dev.codekraft.it\/rotary-2024\/wp-content\/uploads\/brb_media\/00393013_4-post-lift-rubber-pads-40mm-150x150.png","url":"https:\/\/dev.codekraft.it\/rotary-2024\/fr\/produits\/accessoires-ponts-elevateurs-fr\/accessoires-ponts-elevateurs-basse-levee-fr\/tampons-en-caoutchouc-2\/"},{"id":381178,"mpn":"XX100050CG","name":"Jeu de traverses RAL 7016","description":"2 traverses et 4 adaptateurs de fixation (1 jeu)","thumbnail":"https:\/\/dev.codekraft.it\/rotary-2024\/wp-content\/uploads\/brb_media\/00489189_xx100050cg-mi-150x150.jpg","url":"https:\/\/dev.codekraft.it\/rotary-2024\/fr\/produits\/accessoires-ponts-elevateurs-fr\/accessoires-ponts-a-doubles-ciseaux-fr\/jeu-de-traverses-ral-7016\/"}],"components":[],"related":[],"page_logo_src":"https:\/\/dev.codekraft.it\/rotary-2024\/wp-content\/uploads\/2024\/05\/cropped-rotary-logo-2022.png","lang":"fr","translations":{"fr":378905,"en":378897,"de":378904,"it":378906,"es":378907,"ru":378908},"pll_sync_post":[],"_links":{"self":[{"href":"https:\/\/dev.codekraft.it\/rotary-2024\/wp-json\/wp\/v2\/product\/378905","targetHints":{"allow":["GET"]}}],"collection":[{"href":"https:\/\/dev.codekraft.it\/rotary-2024\/wp-json\/wp\/v2\/product"}],"about":[{"href":"https:\/\/dev.codekraft.it\/rotary-2024\/wp-json\/wp\/v2\/types\/product"}],"wp:featuredmedia":[{"embeddable":true,"href":"https:\/\/dev.codekraft.it\/rotary-2024\/wp-json\/wp\/v2\/media\/350493"}],"wp:attachment":[{"href":"https:\/\/dev.codekraft.it\/rotary-2024\/wp-json\/wp\/v2\/media?parent=378905"}],"wp:term":[{"taxonomy":"product_brand","embeddable":true,"href":"https:\/\/dev.codekraft.it\/rotary-2024\/wp-json\/wp\/v2\/product_brand?post=378905"},{"taxonomy":"product_cat","embeddable":true,"href":"https:\/\/dev.codekraft.it\/rotary-2024\/wp-json\/wp\/v2\/product_cat?post=378905"},{"taxonomy":"product_tag","embeddable":true,"href":"https:\/\/dev.codekraft.it\/rotary-2024\/wp-json\/wp\/v2\/product_tag?post=378905"},{"taxonomy":"product_approvals","embeddable":true,"href":"https:\/\/dev.codekraft.it\/rotary-2024\/wp-json\/wp\/v2\/product_approvals?post=378905"},{"taxonomy":"product_application","embeddable":true,"href":"https:\/\/dev.codekraft.it\/rotary-2024\/wp-json\/wp\/v2\/product_application?post=378905"}],"curies":[{"name":"wp","href":"https:\/\/api.w.org\/{rel}","templated":true}]}}