{"id":378904,"date":"2025-12-11T10:04:36","date_gmt":"2025-12-11T10:04:36","guid":{"rendered":"https:\/\/dev.codekraft.it\/rotary-2024\/products\/uncategorized\/kurzhub-scherenhebebuhne-xs30n\/"},"modified":"2025-12-11T10:04:36","modified_gmt":"2025-12-11T10:04:36","slug":"kurzhub-scherenhebebuhne-xs30n","status":"publish","type":"product","link":"https:\/\/dev.codekraft.it\/rotary-2024\/produkte\/hebebuhnen-de\/kurzhub-hebebuhnen-de\/kurzhub-scherenhebebuhne-xs30n\/","title":{"rendered":"Kurzhub-Scherenhebeb\u00fchne XS30N"},"content":{"rendered":"<p>Die neue Kurzhub-Scherenhebeb\u00fchne XS30N \u00fcberzeugt durch eine gro\u00dfz\u00fcgig dimensionierte Plattforml\u00e4nge und -breite, die die Aufnahme eines breiten Fahrzeugspektrums gew\u00e4hrleistet. Sie deckt die Anforderungen im Bereich des Reifen- und Karosserie-Service ab und eignet sich hervorragend f\u00fcr Wartungen und Arbeiten im Fahrzeuginnenraum.<\/p>\n<ul>\n<li>Plattforml\u00e4nge und -breite auf moderne SUV und Vans abgestimmt<\/li>\n<li>Plattformverl\u00e4ngerung &#8211; Mit einem Handgriff arretierbar<\/li>\n<li>Stabil und standsicher<\/li>\n<\/ul>\n<ul>\n<li>Die Hebeb\u00fchne verf\u00fcgt \u00fcber ein doppeltes Hydrauliksystem und zwei Torsionswellen, die die Last in jeder Situation sicher halten.<\/li>\n<li>Der serienm\u00e4\u00dfige CE-Stopp gew\u00e4hrleistet den Fu\u00dfschutz ohne Fu\u00dfabweiser. Auch der Unterflureinbau wird damit erm\u00f6glicht.<\/li>\n<li>Um eine flexible Aufnahme sowohl kleiner als auch gro\u00dfer Fahrzeuge zu erm\u00f6glichen, besitzt die XS30N beidseitig ausklappbare Rampen, die eine Gesamtaufnahmel\u00e4nge von 2150 mm gew\u00e4hrleisten und sich mit einem Handgriff arretieren lassen. Damit ist auch die Aufnahme von Limousinen und breiten SUV sichergestellt.<\/li>\n<li>Die Hebeb\u00fchne ist komplett montiert und nach dem Anschluss der Hydraulik ohne gr\u00f6\u00dferen Installationsaufwand sofort einsatzbereit.<\/li>\n<li>Die mit Kunststoffrollen versehenen Rampen erm\u00f6glichen ein reibungsarmes und schonendes Abrollen am Werkstattboden.<\/li>\n<\/ul>\n<ul>\n<li>Um eine flexible Ausnahme sowohl kleiner als auch gro\u00dfer Fahrzeuge zu erm\u00f6glichen, besitzt die XS30N beidseitig ausklappbare und leicht arretierbare Plattformverl\u00e4ngerungen.<\/li>\n<li>Zwei voneinander unabh\u00e4ngig arbeitende Hydraulikkreisl\u00e4ufe mit insgesamt 4 Hubzylindern erm\u00f6glichen den Verzicht auf zus\u00e4tzliche Sicherheitsklinken.<\/li>\n<li>Die XS30N ist ohne Fundamentarbeiten auf jedem befestigten Untergrund aufstellbar, eine Verankerung am Boden ist m\u00f6glich, aber nicht erforderlich. Die Hebeb\u00fchne l\u00e4sst sich mit dem serienm\u00e4\u00dfig mitgelieferten Mobil-Kit einfach in der Werkstatt bewegen.<\/li>\n<li>Die geringe \u00dcberfahrh\u00f6he erleichtert die Aufnahme von Fahrzeugen mit weniger Bodenfreiheit.<\/li>\n<\/ul>\n","protected":false},"excerpt":{"rendered":"<p>3,0 t, elektrohydraulisch<\/p>\n","protected":false},"featured_media":350493,"template":"","meta":[],"product_brand":[],"product_cat":[1033582],"product_tag":[1034161],"product_approvals":[],"product_application":[],"class_list":{"0":"post-378904","1":"product","2":"type-product","3":"status-publish","4":"has-post-thumbnail","6":"product_cat-kurzhub-hebebuhnen-de","7":"product_tag-passenger-cars-de","9":"first","10":"instock","11":"shipping-taxable","12":"product-type-simple"},"approvals":[],"application":[],"brb_media_brochure":[{"id":378898,"url":"https:\/\/dev.codekraft.it\/rotary-2024\/wp-content\/uploads\/brb_media\/00548883_low-rise-scissor-lift-xs30n-cat-br-128783-de-2025-04-screen.pdf","title":"Low Rise Scissor Lift XS30N CAT BR 128783 de 2025 04 screen","mpn":"","thumbnail":"https:\/\/dev.codekraft.it\/rotary-2024\/wp-content\/uploads\/brb_media\/00548883_low-rise-scissor-lift-xs30n-cat-br-128783-de-2025-04-screen-pdf-106x150.png","description":""},{"id":378899,"url":"https:\/\/dev.codekraft.it\/rotary-2024\/wp-content\/uploads\/brb_media\/00548884_low-rise-scissor-lift-xs30n-cat-br-128784-en-2025-04-screen.pdf","title":"Low Rise Scissor Lift XS30N CAT BR 128784 en 2025 04 screen","mpn":"","thumbnail":"https:\/\/dev.codekraft.it\/rotary-2024\/wp-content\/uploads\/brb_media\/00548884_low-rise-scissor-lift-xs30n-cat-br-128784-en-2025-04-screen-pdf-106x150.png","description":""},{"id":378900,"url":"https:\/\/dev.codekraft.it\/rotary-2024\/wp-content\/uploads\/brb_media\/00548885_low-rise-scissor-lift-xs30n-cat-br-128785-fr-2025-04-screen.pdf","title":"Low Rise Scissor Lift XS30N CAT BR 128785 fr 2025 04 screen","mpn":"","thumbnail":"https:\/\/dev.codekraft.it\/rotary-2024\/wp-content\/uploads\/brb_media\/00548885_low-rise-scissor-lift-xs30n-cat-br-128785-fr-2025-04-screen-pdf-106x150.png","description":""},{"id":378901,"url":"https:\/\/dev.codekraft.it\/rotary-2024\/wp-content\/uploads\/brb_media\/00548886_low-rise-scissor-lift-xs30n-cat-br-128786-it-2025-04-screen.pdf","title":"Low Rise Scissor Lift XS30N CAT BR 128786 it 2025 04 screen","mpn":"","thumbnail":"https:\/\/dev.codekraft.it\/rotary-2024\/wp-content\/uploads\/brb_media\/00548886_low-rise-scissor-lift-xs30n-cat-br-128786-it-2025-04-screen-pdf-106x150.png","description":""},{"id":378902,"url":"https:\/\/dev.codekraft.it\/rotary-2024\/wp-content\/uploads\/brb_media\/00548887_low-rise-scissor-lift-xs30n-cat-br-128787-es-2025-04-screen.pdf","title":"Low Rise Scissor Lift XS30N CAT BR 128787 es 2025 04 screen","mpn":"","thumbnail":"https:\/\/dev.codekraft.it\/rotary-2024\/wp-content\/uploads\/brb_media\/00548887_low-rise-scissor-lift-xs30n-cat-br-128787-es-2025-04-screen-pdf-106x150.png","description":""},{"id":378903,"url":"https:\/\/dev.codekraft.it\/rotary-2024\/wp-content\/uploads\/brb_media\/00548888_low-rise-scissor-lift-xs30n-cat-br-128788-ru-2025-04-screen.pdf","title":"Low Rise Scissor Lift XS30N CAT BR 128788 ru 2025 04 screen","mpn":"","thumbnail":"https:\/\/dev.codekraft.it\/rotary-2024\/wp-content\/uploads\/brb_media\/00548888_low-rise-scissor-lift-xs30n-cat-br-128788-ru-2025-04-screen-pdf-106x150.png","description":""}],"brb_media_drawing":[{"id":350506,"url":"https:\/\/dev.codekraft.it\/rotary-2024\/wp-content\/uploads\/brb_media\/00407481_scissor-lift_rfp_xs30_8717.pdf","title":"scissor lift rfp xs30 8717","mpn":"","thumbnail":"https:\/\/dev.codekraft.it\/rotary-2024\/wp-content\/uploads\/brb_media\/00407481_scissor-lift_rfp_xs30_8717-pdf-150x105.png","description":""}],"brb_media_manuals":[{"id":350500,"url":"https:\/\/dev.codekraft.it\/rotary-2024\/wp-content\/uploads\/brb_media\/00438679_scissor-lift-xs30n-om-de-2020-09-screen.pdf","title":"scissor lift xs30n om de 2020 09 screen","mpn":"","thumbnail":"https:\/\/dev.codekraft.it\/rotary-2024\/wp-content\/uploads\/brb_media\/00438679_scissor-lift-xs30n-om-de-2020-09-screen-pdf-116x150.png","description":""},{"id":350501,"url":"https:\/\/dev.codekraft.it\/rotary-2024\/wp-content\/uploads\/brb_media\/00438680_scissor-lift-xs30n-om-en-2020-09-screen.pdf","title":"scissor lift xs30n om en 2020 09 screen","mpn":"","thumbnail":"https:\/\/dev.codekraft.it\/rotary-2024\/wp-content\/uploads\/brb_media\/00438680_scissor-lift-xs30n-om-en-2020-09-screen-pdf-116x150.png","description":""},{"id":350502,"url":"https:\/\/dev.codekraft.it\/rotary-2024\/wp-content\/uploads\/brb_media\/00438681_scissor-lift-xs30n-om-fr-2020-09-screen.pdf","title":"scissor lift xs30n om fr 2020 09 screen","mpn":"","thumbnail":"https:\/\/dev.codekraft.it\/rotary-2024\/wp-content\/uploads\/brb_media\/00438681_scissor-lift-xs30n-om-fr-2020-09-screen-pdf-116x150.png","description":""},{"id":350503,"url":"https:\/\/dev.codekraft.it\/rotary-2024\/wp-content\/uploads\/brb_media\/00438682_scissor-lift-xs30n-om-it-2020-09-screen.pdf","title":"scissor lift xs30n om it 2020 09 screen","mpn":"","thumbnail":"https:\/\/dev.codekraft.it\/rotary-2024\/wp-content\/uploads\/brb_media\/00438682_scissor-lift-xs30n-om-it-2020-09-screen-pdf-116x150.png","description":""},{"id":350504,"url":"https:\/\/dev.codekraft.it\/rotary-2024\/wp-content\/uploads\/brb_media\/00438683_scissor-lift-xs30n-om-es-2020-09-screen.pdf","title":"scissor lift xs30n om es 2020 09 screen","mpn":"","thumbnail":"https:\/\/dev.codekraft.it\/rotary-2024\/wp-content\/uploads\/brb_media\/00438683_scissor-lift-xs30n-om-es-2020-09-screen-pdf-116x150.png","description":""},{"id":350505,"url":"https:\/\/dev.codekraft.it\/rotary-2024\/wp-content\/uploads\/brb_media\/00438684_scissor-lift-xs30n-om-ru-2020-09-screen.pdf","title":"scissor lift xs30n om ru 2020 09 screen","mpn":"","thumbnail":"https:\/\/dev.codekraft.it\/rotary-2024\/wp-content\/uploads\/brb_media\/00438684_scissor-lift-xs30n-om-ru-2020-09-screen-pdf-116x150.png","description":""}],"brb_media_safety_datasheets":"","brb_media_spare_parts":[],"_cdmm_p_id":"409900","_company":"Elektron","_gtin":"5063084193230","accessories":[{"id":378465,"mpn":"T4","name":"Gummikl\u00f6tze","description":"Hartgummi-Auflagen, 160 x 120 x 80 mm | 1 Satz \/ 4 St\u00fcck","thumbnail":"https:\/\/dev.codekraft.it\/rotary-2024\/wp-content\/uploads\/brb_media\/00287553-150x150.png","url":"https:\/\/dev.codekraft.it\/rotary-2024\/produkte\/zubehor-hebebuhnen-de\/zubehor-doppelscheren-hebebuhnen-de\/gummiklotze\/"},{"id":379896,"mpn":"XS30NCP003","name":"Einbaukasten f\u00fcr bodenebenen Einbau, inkl. Einbaurahmen","description":"Verzinkt","thumbnail":"https:\/\/dev.codekraft.it\/rotary-2024\/wp-content\/uploads\/brb_media\/00400291_low-rise-scissor-lift-xs30-installation-box-incl-mounting-frame-drawing-150x150.png","url":"https:\/\/dev.codekraft.it\/rotary-2024\/produkte\/zubehor-hebebuhnen-de\/zubehor-kurzhub-hebebuhnen-de\/einbaukasten-fur-bodenebenen-einbau-inkl-einbaurahmen\/"},{"id":379890,"mpn":"XS30NCP014","name":"Einbaukasten f\u00fcr bodenebenen Einbau","description":"Auflagek\u00e4sten f\u00fcr Klapprampen","thumbnail":"https:\/\/dev.codekraft.it\/rotary-2024\/wp-content\/uploads\/brb_media\/00400290_low-rise-scissor-lift-xs30-installation-box-drawing-150x150.png","url":"https:\/\/dev.codekraft.it\/rotary-2024\/produkte\/zubehor-hebebuhnen-de\/zubehor-kurzhub-hebebuhnen-de\/einbaukasten-fur-bodenebenen-einbau\/"},{"id":379519,"mpn":"SPRMP-DS35CPBG","name":"Auffahrrampen-Kit f\u00fcr DS32\/35 CAT","description":"Lang, 860 mm, feuerverzinkt und pulverbeschichtet | f\u00fcr Sportwagen | 1 Satz \/ 4 St\u00fcck","thumbnail":"https:\/\/dev.codekraft.it\/rotary-2024\/wp-content\/uploads\/brb_media\/00287551-150x150.png","url":"https:\/\/dev.codekraft.it\/rotary-2024\/produkte\/zubehor-hebebuhnen-de\/zubehor-doppelscheren-hebebuhnen-de\/auffahrrampen-kit-fur-ds32-35-cat\/"},{"id":378916,"mpn":"T4B","name":"Gummikl\u00f6tze","description":"Hartgummi-Auflagen, 160 x 120 x 40 mm | 1 Satz \/ 4 St\u00fcck","thumbnail":"https:\/\/dev.codekraft.it\/rotary-2024\/wp-content\/uploads\/brb_media\/00393013_4-post-lift-rubber-pads-40mm-150x150.png","url":"https:\/\/dev.codekraft.it\/rotary-2024\/produkte\/zubehor-hebebuhnen-de\/zubehor-kurzhub-hebebuhnen-de\/gummiklotze-2\/"},{"id":381177,"mpn":"XX100050CG","name":"Quertraversesatz RAL 7016","description":"2 Quertraversen und 4 Aufnahmeadapter","thumbnail":"https:\/\/dev.codekraft.it\/rotary-2024\/wp-content\/uploads\/brb_media\/00489189_xx100050cg-mi-150x150.jpg","url":"https:\/\/dev.codekraft.it\/rotary-2024\/produkte\/zubehor-hebebuhnen-de\/zubehor-doppelscheren-hebebuhnen-de\/quertraversesatz-ral-7016\/"}],"components":[],"related":[],"page_logo_src":"https:\/\/dev.codekraft.it\/rotary-2024\/wp-content\/uploads\/2024\/05\/cropped-rotary-logo-2022.png","lang":"de","translations":{"de":378904,"en":378897,"fr":378905,"it":378906,"es":378907,"ru":378908},"pll_sync_post":[],"_links":{"self":[{"href":"https:\/\/dev.codekraft.it\/rotary-2024\/wp-json\/wp\/v2\/product\/378904","targetHints":{"allow":["GET"]}}],"collection":[{"href":"https:\/\/dev.codekraft.it\/rotary-2024\/wp-json\/wp\/v2\/product"}],"about":[{"href":"https:\/\/dev.codekraft.it\/rotary-2024\/wp-json\/wp\/v2\/types\/product"}],"wp:featuredmedia":[{"embeddable":true,"href":"https:\/\/dev.codekraft.it\/rotary-2024\/wp-json\/wp\/v2\/media\/350493"}],"wp:attachment":[{"href":"https:\/\/dev.codekraft.it\/rotary-2024\/wp-json\/wp\/v2\/media?parent=378904"}],"wp:term":[{"taxonomy":"product_brand","embeddable":true,"href":"https:\/\/dev.codekraft.it\/rotary-2024\/wp-json\/wp\/v2\/product_brand?post=378904"},{"taxonomy":"product_cat","embeddable":true,"href":"https:\/\/dev.codekraft.it\/rotary-2024\/wp-json\/wp\/v2\/product_cat?post=378904"},{"taxonomy":"product_tag","embeddable":true,"href":"https:\/\/dev.codekraft.it\/rotary-2024\/wp-json\/wp\/v2\/product_tag?post=378904"},{"taxonomy":"product_approvals","embeddable":true,"href":"https:\/\/dev.codekraft.it\/rotary-2024\/wp-json\/wp\/v2\/product_approvals?post=378904"},{"taxonomy":"product_application","embeddable":true,"href":"https:\/\/dev.codekraft.it\/rotary-2024\/wp-json\/wp\/v2\/product_application?post=378904"}],"curies":[{"name":"wp","href":"https:\/\/api.w.org\/{rel}","templated":true}]}}