{"id":378893,"date":"2025-10-29T09:04:51","date_gmt":"2025-10-29T09:04:51","guid":{"rendered":"https:\/\/dev.codekraft.it\/rotary-2024\/products\/uncategorized\/pont-elevateur-a-2-colonnes-spoa40e-eh2-mb\/"},"modified":"2025-10-29T09:04:51","modified_gmt":"2025-10-29T09:04:51","slug":"pont-elevateur-a-2-colonnes-spoa40e-eh2-mb","status":"publish","type":"product","link":"https:\/\/dev.codekraft.it\/rotary-2024\/fr\/produits\/ponts-elevateurs-fr\/ponts-elevateurs-a-2-colonnes-fr\/pont-elevateur-a-2-colonnes-spoa40e-eh2-mb\/","title":{"rendered":"Pont \u00e9l\u00e9vateur \u00e0 2 colonnes SPOA40E-EH2-MB"},"content":{"rendered":"<p>Les ponts \u00e9l\u00e9vateurs \u00e0 deux colonnes \u00e9lectro-hydrauliques de la s\u00e9rie SPO peuvent \u00eatre ajust\u00e9s de mani\u00e8re optimale \u00e0 leur environnement. Il est possible de combiner deux charges admissibles diff\u00e9rentes et quatre hauteurs de colonne au maximum. La commande est soit manuelle soit \u00e9lectronique .<\/p>\n<ul>\n<li>Les commandes par c\u00e2bles de synchronisation sur palier sans charge garantissent le synchronisme des bras porteurs.<\/li>\n<li>La coupure sup\u00e9rieure emp\u00eache un soul\u00e8vement trop important de la charge. Les v\u00e9hicules avec une hauteur de construction plus importante sont ainsi prot\u00e9g\u00e9s efficacement des endommagements.<\/li>\n<li>La conception \u00e9lectro-hydraulique garantit un faible d\u00e9veloppement de bruits et un travail efficace.<\/li>\n<li>En outre, sur tous les mod\u00e8les E, les deux colonnes \u00e9l\u00e9vatrices sont en plus \u00e9quip\u00e9es d\u2019une unit\u00e9 de commande ind\u00e9pendante, ce qui entra\u00eene d\u2019avantage d\u2019ergonomie et de rentabilit\u00e9. Les touches de pression peuvent \u00eatre \u00e9galement activ\u00e9es lorsque l\u2019on porte des gants, ce qui satisfait aux exigences des ateliers.<\/li>\n<li>Les deux unit\u00e9s de commande (mod\u00e8les E) sont \u00e9quip\u00e9es d\u2019une prise 220 V permettant de brancher d\u2019autres consommateurs. Un raccordement d\u2019air comprim\u00e9 est pr\u00e9vu en option.<\/li>\n<li>Le double profil en S des colonnes \u00e9l\u00e9vatrices assure une tr\u00e8s grande stabilit\u00e9 avec un encombrement minimal. La surface de contact des chariots \u00e9l\u00e9vateurs passant dans les colonnes \u00e9l\u00e9vatrices est en cons\u00e9quence nettement augment\u00e9e.<\/li>\n<li>La construction sans embase au sol \u00e9vite de tr\u00e9bucher et diminue les co\u00fbts d\u2019installation.<\/li>\n<li>L\u2019\u00e9crou de s\u00fbret\u00e9 m\u00e9canique int\u00e9gr\u00e9 de chaque c\u00f4t\u00e9 bloque le chariot \u00e9l\u00e9vateur en cas d\u2019urgence et garantit une tr\u00e8s grande s\u00e9curit\u00e9 sur le poste de travail.<\/li>\n<li>Un cylindre haute pression ne n\u00e9cessitant aucune maintenance se trouve dans chaque colonne \u00e9l\u00e9vatrice.<\/li>\n<li>Les bras porteurs sont automatiquement arr\u00eat\u00e9s lors de la mont\u00e9e. Lorsque la plate-forme est compl\u00e8tement abaiss\u00e9e, ce dispositif d\u2019arr\u00eat se r\u00e9tracte de mani\u00e8re autonome. Ce syst\u00e8me de cran tr\u00e8s pr\u00e9cis et une fonction manuelle de d\u00e9verrouillage facilitent encore plus la commande.<\/li>\n<li>Le groupe hydraulique tr\u00e8s puissant est fix\u00e9 en haut de la colonne \u00e9l\u00e9vatrice sur tous les mod\u00e8les E. Le moteur est \u00e9quip\u00e9 d\u2019un commutateur thermique pour le prot\u00e9ger de toute surcharge. En \u00e9tant prot\u00e9g\u00e9 des influences ext\u00e9rieures, le moteur garantit en cons\u00e9quence d\u2019avantage de libert\u00e9 de mouvement et peu de bruits sur le poste de travail.<\/li>\n<li>Commande manuelle<\/li>\n<li>Commande conventionnelle \u00e0 deux mains.<\/li>\n<li>Arr\u00eat de s\u00e9curit\u00e9 manuel.<\/li>\n<\/ul>\n","protected":false},"excerpt":{"rendered":"<p>4,0 t, \u00e9lectrohydraulique, bras porteurs courts 3 pi\u00e8ces, asym\u00e9trique<\/p>\n","protected":false},"featured_media":350473,"template":"","meta":[],"product_cat":[1033380],"product_tag":[1034163],"product_approvals":[],"product_application":[],"class_list":{"0":"post-378893","1":"product","2":"type-product","3":"status-publish","4":"has-post-thumbnail","6":"product_cat-ponts-elevateurs-a-2-colonnes-fr","7":"product_tag-passenger-cars-fr","9":"first","10":"instock","11":"shipping-taxable","12":"product-type-simple"},"approvals":[],"application":[],"brb_media_brochure":[{"id":349056,"url":"https:\/\/dev.codekraft.it\/rotary-2024\/wp-content\/uploads\/brb_media\/00472565_mercedes-benz-portfolio-br-128719-de-2021-03_screen.pdf","title":"Mercedes Benz Portfolio BR 128719 de 2021 03 screen","thumbnail":"https:\/\/dev.codekraft.it\/rotary-2024\/wp-content\/uploads\/brb_media\/00472565_mercedes-benz-portfolio-br-128719-de-2021-03_screen-pdf-106x150.png","description":""},{"id":349057,"url":"https:\/\/dev.codekraft.it\/rotary-2024\/wp-content\/uploads\/brb_media\/00472566_mercedes-benz-portfolio-br-128720-en-2021-03_screen.pdf","title":"Mercedes Benz Portfolio BR 128720 en 2021 03 screen","thumbnail":"https:\/\/dev.codekraft.it\/rotary-2024\/wp-content\/uploads\/brb_media\/00472566_mercedes-benz-portfolio-br-128720-en-2021-03_screen-pdf-106x150.png","description":""},{"id":349058,"url":"https:\/\/dev.codekraft.it\/rotary-2024\/wp-content\/uploads\/brb_media\/00472570_mercedes-benz-portfolio-br-128721-fr-2021-03_screen.pdf","title":"Mercedes Benz Portfolio BR 128721 fr 2021 03 screen","thumbnail":"https:\/\/dev.codekraft.it\/rotary-2024\/wp-content\/uploads\/brb_media\/00472570_mercedes-benz-portfolio-br-128721-fr-2021-03_screen-pdf-106x150.png","description":""},{"id":349059,"url":"https:\/\/dev.codekraft.it\/rotary-2024\/wp-content\/uploads\/brb_media\/00472567_mercedes-benz-portfolio-br-128722-it-2021-03_screen.pdf","title":"Mercedes Benz Portfolio BR 128722 it 2021 03 screen","thumbnail":"https:\/\/dev.codekraft.it\/rotary-2024\/wp-content\/uploads\/brb_media\/00472567_mercedes-benz-portfolio-br-128722-it-2021-03_screen-pdf-106x150.png","description":""},{"id":349060,"url":"https:\/\/dev.codekraft.it\/rotary-2024\/wp-content\/uploads\/brb_media\/00472568_mercedes-benz-portfolio-br-128723-es-2021-03_screen.pdf","title":"Mercedes Benz Portfolio BR 128723 es 2021 03 screen","thumbnail":"https:\/\/dev.codekraft.it\/rotary-2024\/wp-content\/uploads\/brb_media\/00472568_mercedes-benz-portfolio-br-128723-es-2021-03_screen-pdf-106x150.png","description":""},{"id":349061,"url":"https:\/\/dev.codekraft.it\/rotary-2024\/wp-content\/uploads\/brb_media\/00472569_mercedes-benz-portfolio-br-128724-ru-2021-03_screen.pdf","title":"Mercedes Benz Portfolio BR 128724 ru 2021 03 screen","thumbnail":"https:\/\/dev.codekraft.it\/rotary-2024\/wp-content\/uploads\/brb_media\/00472569_mercedes-benz-portfolio-br-128724-ru-2021-03_screen-pdf-106x150.png","description":""}],"brb_media_drawing":[{"id":349917,"url":"https:\/\/dev.codekraft.it\/rotary-2024\/wp-content\/uploads\/brb_media\/00407423_2-post-lift-spoa40e-5_8806.pdf","title":"2 post lift spoa40e 5 8806","thumbnail":"https:\/\/dev.codekraft.it\/rotary-2024\/wp-content\/uploads\/brb_media\/00407423_2-post-lift-spoa40e-5_8806-pdf-150x106.png","description":""},{"id":349918,"url":"https:\/\/dev.codekraft.it\/rotary-2024\/wp-content\/uploads\/brb_media\/00407424_2-post-lift-spoa40e-5_8807.pdf","title":"2 post lift spoa40e 5 8807","thumbnail":"https:\/\/dev.codekraft.it\/rotary-2024\/wp-content\/uploads\/brb_media\/00407424_2-post-lift-spoa40e-5_8807-pdf-150x105.png","description":""}],"brb_media_manuals":[{"id":349909,"url":"https:\/\/dev.codekraft.it\/rotary-2024\/wp-content\/uploads\/brb_media\/00116895_2-post-lift-spoa-30-40-spo-40-54-m-e-600-with-inspection-book-om-om20183-de-2005-10-screen.pdf","title":"2 post lift spoa 30 40 spo 40 54 m e 600 with inspection book om om20183 de 2005 10 screen","thumbnail":"https:\/\/dev.codekraft.it\/rotary-2024\/wp-content\/uploads\/brb_media\/00116895_2-post-lift-spoa-30-40-spo-40-54-m-e-600-with-inspection-book-om-om20183-de-2005-10-screen-pdf-116x150.png","description":""},{"id":349910,"url":"https:\/\/dev.codekraft.it\/rotary-2024\/wp-content\/uploads\/brb_media\/00116896_2-post-lift-spoa-30-40-spo-40-54-m-e-600-om-om20183-en-2005-10-screen.pdf","title":"2 post lift spoa 30 40 spo 40 54 m e 600 om om20183 en 2005 10 screen","thumbnail":"https:\/\/dev.codekraft.it\/rotary-2024\/wp-content\/uploads\/brb_media\/00116896_2-post-lift-spoa-30-40-spo-40-54-m-e-600-om-om20183-en-2005-10-screen-pdf-116x150.png","description":""},{"id":349911,"url":"https:\/\/dev.codekraft.it\/rotary-2024\/wp-content\/uploads\/brb_media\/00116897_2-post-lift-spoa-30-40-spo-40-54-m-e-600-om-om20183-fr-2005-10-screen.pdf","title":"2 post lift spoa 30 40 spo 40 54 m e 600 om om20183 fr 2005 10 screen","thumbnail":"https:\/\/dev.codekraft.it\/rotary-2024\/wp-content\/uploads\/brb_media\/00116897_2-post-lift-spoa-30-40-spo-40-54-m-e-600-om-om20183-fr-2005-10-screen-pdf-116x150.png","description":""},{"id":349912,"url":"https:\/\/dev.codekraft.it\/rotary-2024\/wp-content\/uploads\/brb_media\/00116898_2-post-lift-spoa-30-40-spo-40-54-m-e-600-om-om20183-it-2005-10-screen.pdf","title":"2 post lift spoa 30 40 spo 40 54 m e 600 om om20183 it 2005 10 screen","thumbnail":"https:\/\/dev.codekraft.it\/rotary-2024\/wp-content\/uploads\/brb_media\/00116898_2-post-lift-spoa-30-40-spo-40-54-m-e-600-om-om20183-it-2005-10-screen-pdf-116x150.png","description":""},{"id":349913,"url":"https:\/\/dev.codekraft.it\/rotary-2024\/wp-content\/uploads\/brb_media\/00116899_2-post-lift-spoa-30-40-spo-40-54-m-e-600-om-om20183-es-2005-10-screen.pdf","title":"2 post lift spoa 30 40 spo 40 54 m e 600 om om20183 es 2005 10 screen","thumbnail":"https:\/\/dev.codekraft.it\/rotary-2024\/wp-content\/uploads\/brb_media\/00116899_2-post-lift-spoa-30-40-spo-40-54-m-e-600-om-om20183-es-2005-10-screen-pdf-116x150.png","description":""},{"id":349914,"url":"https:\/\/dev.codekraft.it\/rotary-2024\/wp-content\/uploads\/brb_media\/00116900_2-post-lift-spoa-30-40-spo-40-54-m-e-600-om-om20183-ru-2005-10-screen.pdf","title":"2 post lift spoa 30 40 spo 40 54 m e 600 om om20183 ru 2005 10 screen","thumbnail":"https:\/\/dev.codekraft.it\/rotary-2024\/wp-content\/uploads\/brb_media\/00116900_2-post-lift-spoa-30-40-spo-40-54-m-e-600-om-om20183-ru-2005-10-screen-pdf-116x150.png","description":""}],"brb_media_safety_datasheets":"","brb_media_spare_parts":[],"_cdmm_p_id":"396001","_company":"Elektron","_gtin":"","accessories":[{"id":383984,"cdmm_p_id":"502815","name":"Bac pour les outils","description":"Aimant\u00e9es | ensemble de plateaux | 1 jeu \/ 4 pi\u00e8ces","thumbnail":"https:\/\/dev.codekraft.it\/rotary-2024\/wp-content\/uploads\/brb_media\/00509504_2-post-lift-vsg2call902641-mi-150x150.png","url":"https:\/\/dev.codekraft.it\/rotary-2024\/fr\/produits\/accessoires-ponts-elevateurs-fr\/accessoires-ponts-elevateurs-a-2-colonnes-fr\/bac-pour-les-outils\/"},{"id":381088,"cdmm_p_id":"497214","name":"Kit tampons","description":"Plaque de support, support en caoutchouc, rond | \u00d8 80 mm | 1 jeu \/ 4 pi\u00e8ces","thumbnail":"https:\/\/dev.codekraft.it\/rotary-2024\/wp-content\/uploads\/brb_media\/00535980_2-post-lift-fj6216c-mi-150x150.png","url":"https:\/\/dev.codekraft.it\/rotary-2024\/fr\/produits\/accessoires-ponts-elevateurs-fr\/systemes-de-transport-prise-de-charge-fr\/kit-tampons-7\/"},{"id":382528,"cdmm_p_id":"500905","name":"Kit tampons","description":"Plaque de support, support en caoutchouc, rectangulaire | pour Tesla | 1 jeu \/ 4 pi\u00e8ces","thumbnail":"https:\/\/dev.codekraft.it\/rotary-2024\/wp-content\/uploads\/brb_media\/00505100_2-post-lift-vsg2call901538-mi-150x150.png","url":"https:\/\/dev.codekraft.it\/rotary-2024\/fr\/produits\/accessoires-ponts-elevateurs-fr\/systemes-de-transport-prise-de-charge-fr\/kit-tampons-8\/"},{"id":382534,"cdmm_p_id":"500906","name":"Kit tampons","description":"Plateau, champignon de centrage | pour Fiat 500E, 500 ABARTH | 2 niveaux | 1 jeu \/ 4 pi\u00e8ces","thumbnail":"https:\/\/dev.codekraft.it\/rotary-2024\/wp-content\/uploads\/brb_media\/00505105_2-post-lift-vsg2call902023-mi-150x150.png","url":"https:\/\/dev.codekraft.it\/rotary-2024\/fr\/produits\/accessoires-ponts-elevateurs-fr\/systemes-de-transport-prise-de-charge-fr\/kit-tampons-9\/"},{"id":382540,"cdmm_p_id":"500907","name":"Kit tampons","description":"Prisme | pour VW-MEB-Platform-V\u00e9hicules \u00e9lectriques | 1 jeu \/ 4 pi\u00e8ce","thumbnail":"https:\/\/dev.codekraft.it\/rotary-2024\/wp-content\/uploads\/brb_media\/00509505_2-post-lift-vsg2call902146-mi-150x150.png","url":"https:\/\/dev.codekraft.it\/rotary-2024\/fr\/produits\/accessoires-ponts-elevateurs-fr\/systemes-de-transport-prise-de-charge-fr\/kit-tampons-10\/"},{"id":382564,"cdmm_p_id":"500912","name":"Kit tampons","description":"Plateau, logement en U | 1 jeu \/ 4 pi\u00e8ces","thumbnail":"https:\/\/dev.codekraft.it\/rotary-2024\/wp-content\/uploads\/brb_media\/00505104_2-post-lift-vsg2call901330-mi-150x150.png","url":"https:\/\/dev.codekraft.it\/rotary-2024\/fr\/produits\/accessoires-ponts-elevateurs-fr\/systemes-de-transport-prise-de-charge-fr\/kit-tampons-11\/"},{"id":384184,"cdmm_p_id":"503070","name":"Kit tampons","description":"Prisme | pour Mercedes Classe G - l'avant et l'arri\u00e8re | 1 jeu \/ 4 pi\u00e8ces","thumbnail":"https:\/\/dev.codekraft.it\/rotary-2024\/wp-content\/uploads\/brb_media\/00511001_2-post-lift-vsg2call901859-mi-150x150.png","url":"https:\/\/dev.codekraft.it\/rotary-2024\/fr\/produits\/accessoires-ponts-elevateurs-fr\/systemes-de-transport-prise-de-charge-fr\/kit-tampons-14\/"},{"id":384178,"cdmm_p_id":"503068","name":"Kit tampons","description":"Mandrin | pour Fiat Ducato, Peugeot Boxer, Citro\u00ebn Jumper - avant et arri\u00e8re | 1 jeu \/ 4 pi\u00e8ces","thumbnail":"https:\/\/dev.codekraft.it\/rotary-2024\/wp-content\/uploads\/brb_media\/00510999_2-post-lift-vsg2call901606-mi-150x150.png","url":"https:\/\/dev.codekraft.it\/rotary-2024\/fr\/produits\/accessoires-ponts-elevateurs-fr\/systemes-de-transport-prise-de-charge-fr\/kit-tampons-13\/"},{"id":384172,"cdmm_p_id":"503067","name":"Kit tampons","description":"Prisme, mandrin | pour Mercedes Sprinter, VW Crafter | 1 jeu \/ 6 pi\u00e8ces","thumbnail":"https:\/\/dev.codekraft.it\/rotary-2024\/wp-content\/uploads\/brb_media\/00511000_2-post-lift-vsg2call901712-mi-150x150.png","url":"https:\/\/dev.codekraft.it\/rotary-2024\/fr\/produits\/accessoires-ponts-elevateurs-fr\/systemes-de-transport-prise-de-charge-fr\/kit-tampons-12\/"},{"id":382163,"cdmm_p_id":"499831","name":"Arceau auxiliaire","description":"Pour plaque de base SPO\/A40 | 1 jeu \/ 2 pi\u00e8ces","thumbnail":"https:\/\/dev.codekraft.it\/rotary-2024\/wp-content\/uploads\/brb_media\/00524051_2-post-lift-gp-spo40y-mi-150x150.png","url":"https:\/\/dev.codekraft.it\/rotary-2024\/fr\/produits\/accessoires-ponts-elevateurs-fr\/accessoires-ponts-elevateurs-a-2-colonnes-fr\/arceau-auxiliaire-2\/"},{"id":385082,"cdmm_p_id":"504739","name":"Rallonges d&#039;adaptateur","description":"4 x 90 mm, 4 x 127 mm, y compris 2 supports pour le montage sur les colonnes | Uniquement pour les bras AV | 1 jeu \/ 8 pi\u00e8ces","thumbnail":"https:\/\/dev.codekraft.it\/rotary-2024\/wp-content\/uploads\/brb_media\/00531425_2-post-lift-vsg2call899996-mi-150x150.png","url":"https:\/\/dev.codekraft.it\/rotary-2024\/fr\/produits\/accessoires-ponts-elevateurs-fr\/accessoires-ponts-elevateurs-a-2-colonnes-fr\/rallonges-dadaptateur-3\/"},{"id":382552,"cdmm_p_id":"500909","name":"Entretoises pour tampons","description":"4 x 200 mm, y compris support pour le montage sur les colonnes | 1 jeu \/ 4 pi\u00e8ces","thumbnail":"https:\/\/dev.codekraft.it\/rotary-2024\/wp-content\/uploads\/brb_media\/00505099_2-post-lift-vsg2call901248-mi-150x150.png","url":"https:\/\/dev.codekraft.it\/rotary-2024\/fr\/produits\/accessoires-ponts-elevateurs-fr\/accessoires-ponts-elevateurs-a-2-colonnes-fr\/entretoises-pour-tampons\/"},{"id":382558,"cdmm_p_id":"500910","name":"Kit adaptateurs","description":"Kit adaptateurs pour tampons pour prise chassis \u00d8 120 mm (1 jeu, 2 pi\u00e8ces), pour plateau tournant","thumbnail":"https:\/\/dev.codekraft.it\/rotary-2024\/wp-content\/uploads\/brb_media\/00524050_2-post-lift-fj6353-1-mi-150x150.png","url":"https:\/\/dev.codekraft.it\/rotary-2024\/fr\/produits\/accessoires-ponts-elevateurs-fr\/accessoires-ponts-elevateurs-a-2-colonnes-fr\/kit-adaptateurs\/"},{"id":383972,"cdmm_p_id":"502811","name":"Kit de supports pour rehausser les v\u00e9hicules","description":"Hauteur de rampe 60 mm, pour v\u00e9hicules extr\u00eamement bas | 1 jeu \/ 2 pi\u00e8ces","thumbnail":"https:\/\/dev.codekraft.it\/rotary-2024\/wp-content\/uploads\/brb_media\/00509501_2-post-lift-vsg2call902818-mi-150x150.png","url":"https:\/\/dev.codekraft.it\/rotary-2024\/fr\/produits\/accessoires-ponts-elevateurs-fr\/accessoires-ponts-elevateurs-a-2-colonnes-fr\/kit-de-supports-pour-rehausser-les-vehicules\/"},{"id":383978,"cdmm_p_id":"502814","name":"Kit de supports pour le contr\u00f4le de g\u00e9om\u00e9trie","description":"1 jeu \/ 4 pi\u00e8ces","thumbnail":"https:\/\/dev.codekraft.it\/rotary-2024\/wp-content\/uploads\/brb_media\/00509503_2-post-lift-vsg2call902085-mi-150x150.png","url":"https:\/\/dev.codekraft.it\/rotary-2024\/fr\/produits\/accessoires-ponts-elevateurs-fr\/accessoires-ponts-elevateurs-a-2-colonnes-fr\/kit-de-supports-pour-le-controle-de-geometrie\/"},{"id":384190,"cdmm_p_id":"503071","name":"Support d&#039;outil","description":"Support pour outillage pneumatique, ergonomique","thumbnail":"https:\/\/dev.codekraft.it\/rotary-2024\/wp-content\/uploads\/brb_media\/00511003_2-post-lift-vsg2call902511-mi-150x150.png","url":"https:\/\/dev.codekraft.it\/rotary-2024\/fr\/produits\/accessoires-ponts-elevateurs-fr\/accessoires-ponts-elevateurs-a-2-colonnes-fr\/support-doutil\/"}],"components":[],"related":[],"similar":[{"id":378887,"cdmm_p_id":"396000","name":"Pont \u00e9l\u00e9vateur \u00e0 2 colonnes SPOA40E-EH1-MB","description":"4,0 t, \u00e9lectrohydraulique, double panneau de commande, bras porteurs 3-pi\u00e8ces \u00e0 l'avant, asym\u00e9trique, hauteur totale de 3865 mm","thumbnail":"https:\/\/dev.codekraft.it\/rotary-2024\/wp-content\/uploads\/brb_media\/00472790_spo40_54i_2020-150x150.png","url":"https:\/\/dev.codekraft.it\/rotary-2024\/fr\/produits\/ponts-elevateurs-fr\/ponts-elevateurs-a-2-colonnes-fr\/pont-elevateur-a-2-colonnes-spoa40e-eh1-mb\/"}],"page_logo_src":"https:\/\/dev.codekraft.it\/rotary-2024\/wp-content\/uploads\/2024\/05\/cropped-rotary-logo-2022.png","lang":"fr","translations":{"fr":378893,"en":378891,"de":378892,"it":378894,"es":378895,"ru":378896},"pll_sync_post":[],"_links":{"self":[{"href":"https:\/\/dev.codekraft.it\/rotary-2024\/wp-json\/wp\/v2\/product\/378893","targetHints":{"allow":["GET"]}}],"collection":[{"href":"https:\/\/dev.codekraft.it\/rotary-2024\/wp-json\/wp\/v2\/product"}],"about":[{"href":"https:\/\/dev.codekraft.it\/rotary-2024\/wp-json\/wp\/v2\/types\/product"}],"wp:featuredmedia":[{"embeddable":true,"href":"https:\/\/dev.codekraft.it\/rotary-2024\/wp-json\/wp\/v2\/media\/350473"}],"wp:attachment":[{"href":"https:\/\/dev.codekraft.it\/rotary-2024\/wp-json\/wp\/v2\/media?parent=378893"}],"wp:term":[{"taxonomy":"product_cat","embeddable":true,"href":"https:\/\/dev.codekraft.it\/rotary-2024\/wp-json\/wp\/v2\/product_cat?post=378893"},{"taxonomy":"product_tag","embeddable":true,"href":"https:\/\/dev.codekraft.it\/rotary-2024\/wp-json\/wp\/v2\/product_tag?post=378893"},{"taxonomy":"product_approvals","embeddable":true,"href":"https:\/\/dev.codekraft.it\/rotary-2024\/wp-json\/wp\/v2\/product_approvals?post=378893"},{"taxonomy":"product_application","embeddable":true,"href":"https:\/\/dev.codekraft.it\/rotary-2024\/wp-json\/wp\/v2\/product_application?post=378893"}],"curies":[{"name":"wp","href":"https:\/\/api.w.org\/{rel}","templated":true}]}}