{"id":378892,"date":"2025-10-29T09:04:51","date_gmt":"2025-10-29T09:04:51","guid":{"rendered":"https:\/\/dev.codekraft.it\/rotary-2024\/products\/uncategorized\/2-saulen-hebebuhne-spoa40e-eh2-mb\/"},"modified":"2025-10-29T09:04:51","modified_gmt":"2025-10-29T09:04:51","slug":"2-saulen-hebebuhne-spoa40e-eh2-mb","status":"publish","type":"product","link":"https:\/\/dev.codekraft.it\/rotary-2024\/produkte\/hebebuhnen-de\/2-saulen-hebebuhnen-de\/2-saulen-hebebuhne-spoa40e-eh2-mb\/","title":{"rendered":"2-S\u00e4ulen-Hebeb\u00fchne SPOA40E-EH2-MB"},"content":{"rendered":"<p>Elektro-Hydraulische 2-S\u00e4ulen Hebeb\u00fchnen der SPO-Serie lassen sich perfekt auf das Anwendungsumfeld anpassen. Zwei unterschiedliche Tragf\u00e4higkeiten lassen sich mit bis zu vier verschiedenen S\u00e4ulenh\u00f6hen kombinieren. Bei der Steuerung stehen eine manuelle und eine elektronische Variante zur Auswahl.<\/p>\n<ul>\n<li>Lastfrei gelagerte Synchronisations-Seilz\u00fcge stellen den Gleichlauf der Tragarme sicher.<\/li>\n<li>Die obere Abschaltung verhindert das zu hohe Anheben der Last. Fahrzeuge mit gr\u00f6\u00dferer Bauh\u00f6he sind dadurch wirksam vor Besch\u00e4digungen gesch\u00fctzt.<\/li>\n<li>Die elektro-hydraulische Bauweise sorgt f\u00fcr eine geringe Ger\u00e4uschentwicklung und effektives Arbeiten.<\/li>\n<li>Das Doppel S-Profil der Hubs\u00e4ulen erm\u00f6glicht h\u00f6chste Stabilit\u00e4t bei minimalem Raumbedarf. Die Kontaktfl\u00e4che der in den Hubs\u00e4ulen gef\u00fchrten Hubschlitten wird dar\u00fcber hinaus deutlich vergr\u00f6\u00dfert.<\/li>\n<li>F\u00fcr ein Plus an Ergonomie und Wirtschaftlichkeit sind beide Hubs\u00e4ulen bei allen E-Modellen mit einer eigenen Bedieneinheit ausgestattet. Die Drucktasten sind werkstattgerecht auch mit Handschuhen bedienbar.<\/li>\n<li>Zum Anschlu\u00df weiterer Verbraucher sind beide Bedieneinheiten (E-Modelle) mit einem 220 V Anschlu\u00df ausgestattet. Ein optionaler Druckluftanschlu\u00df ist vorgesehen.<\/li>\n<li>Die Grundrahmenfreie Konstruktion vermeidet Stolperfallen am Werkstattboden und senkt die Installationskosten.<\/li>\n<li>Die beidseitig integrierte mechanische Sicherheitsklinke fixiert den Hubschlitten im Notfall und sorgt damit f\u00fcr Sicherheit am Arbeitsplatz.<\/li>\n<li>In jeder Hubs\u00e4ule befindet sich ein wartungsfreier Hochdruckzylinder.<\/li>\n<li>Lastfrei gelagerte Synchronisations-Seilz\u00fcge stellen den Gleichlauf der Tragarme sicher.<\/li>\n<li>Die Tragarme werden beim Anheben automatisch arretiert. Ist die B\u00fchne vollst\u00e4ndig abgesenkt wird diese Arretierung selbst\u00e4ndig gel\u00f6st. Die besonders feine Rasterung und eine manuelle Entriegelungs-Funktion erweitern den Bedienungskomfort.<\/li>\n<li>Das leistungsstarke Hydraulikaggregat ist bei allen E-Modellen im oberen Bereich der Hubs\u00e4ule angeflanscht. Zum Schutz vor \u00dcberlastung ist der Motor mit einem Thermoschalter ausgestattet. Gesch\u00fctzt vor \u00e4u\u00dferen Einfl\u00fcssen sorgt es f\u00fcr mehr Bewegungsfreiheit und ein geringes Arbeitsger\u00e4usch am Arbeitsplatz.<\/li>\n<li>Manuelle Steuerung<\/li>\n<li>Konventionelle Zwei-Hand Bedienung<\/li>\n<li>Manuelle Sicherheitsarretierung<\/li>\n<\/ul>\n","protected":false},"excerpt":{"rendered":"<p>4,0 t, elektrohydraulisch, Tragarme 3-teilig, asymmetrisch<\/p>\n","protected":false},"featured_media":350473,"template":"","meta":[],"product_cat":[1033360],"product_tag":[1034161],"product_approvals":[],"product_application":[],"class_list":{"0":"post-378892","1":"product","2":"type-product","3":"status-publish","4":"has-post-thumbnail","6":"product_cat-2-saulen-hebebuhnen-de","7":"product_tag-passenger-cars-de","9":"first","10":"instock","11":"shipping-taxable","12":"product-type-simple"},"approvals":[],"application":[],"brb_media_brochure":[{"id":349056,"url":"https:\/\/dev.codekraft.it\/rotary-2024\/wp-content\/uploads\/brb_media\/00472565_mercedes-benz-portfolio-br-128719-de-2021-03_screen.pdf","title":"Mercedes Benz Portfolio BR 128719 de 2021 03 screen","thumbnail":"https:\/\/dev.codekraft.it\/rotary-2024\/wp-content\/uploads\/brb_media\/00472565_mercedes-benz-portfolio-br-128719-de-2021-03_screen-pdf-106x150.png","description":""},{"id":349057,"url":"https:\/\/dev.codekraft.it\/rotary-2024\/wp-content\/uploads\/brb_media\/00472566_mercedes-benz-portfolio-br-128720-en-2021-03_screen.pdf","title":"Mercedes Benz Portfolio BR 128720 en 2021 03 screen","thumbnail":"https:\/\/dev.codekraft.it\/rotary-2024\/wp-content\/uploads\/brb_media\/00472566_mercedes-benz-portfolio-br-128720-en-2021-03_screen-pdf-106x150.png","description":""},{"id":349058,"url":"https:\/\/dev.codekraft.it\/rotary-2024\/wp-content\/uploads\/brb_media\/00472570_mercedes-benz-portfolio-br-128721-fr-2021-03_screen.pdf","title":"Mercedes Benz Portfolio BR 128721 fr 2021 03 screen","thumbnail":"https:\/\/dev.codekraft.it\/rotary-2024\/wp-content\/uploads\/brb_media\/00472570_mercedes-benz-portfolio-br-128721-fr-2021-03_screen-pdf-106x150.png","description":""},{"id":349059,"url":"https:\/\/dev.codekraft.it\/rotary-2024\/wp-content\/uploads\/brb_media\/00472567_mercedes-benz-portfolio-br-128722-it-2021-03_screen.pdf","title":"Mercedes Benz Portfolio BR 128722 it 2021 03 screen","thumbnail":"https:\/\/dev.codekraft.it\/rotary-2024\/wp-content\/uploads\/brb_media\/00472567_mercedes-benz-portfolio-br-128722-it-2021-03_screen-pdf-106x150.png","description":""},{"id":349060,"url":"https:\/\/dev.codekraft.it\/rotary-2024\/wp-content\/uploads\/brb_media\/00472568_mercedes-benz-portfolio-br-128723-es-2021-03_screen.pdf","title":"Mercedes Benz Portfolio BR 128723 es 2021 03 screen","thumbnail":"https:\/\/dev.codekraft.it\/rotary-2024\/wp-content\/uploads\/brb_media\/00472568_mercedes-benz-portfolio-br-128723-es-2021-03_screen-pdf-106x150.png","description":""},{"id":349061,"url":"https:\/\/dev.codekraft.it\/rotary-2024\/wp-content\/uploads\/brb_media\/00472569_mercedes-benz-portfolio-br-128724-ru-2021-03_screen.pdf","title":"Mercedes Benz Portfolio BR 128724 ru 2021 03 screen","thumbnail":"https:\/\/dev.codekraft.it\/rotary-2024\/wp-content\/uploads\/brb_media\/00472569_mercedes-benz-portfolio-br-128724-ru-2021-03_screen-pdf-106x150.png","description":""}],"brb_media_drawing":[{"id":349917,"url":"https:\/\/dev.codekraft.it\/rotary-2024\/wp-content\/uploads\/brb_media\/00407423_2-post-lift-spoa40e-5_8806.pdf","title":"2 post lift spoa40e 5 8806","thumbnail":"https:\/\/dev.codekraft.it\/rotary-2024\/wp-content\/uploads\/brb_media\/00407423_2-post-lift-spoa40e-5_8806-pdf-150x106.png","description":""},{"id":349918,"url":"https:\/\/dev.codekraft.it\/rotary-2024\/wp-content\/uploads\/brb_media\/00407424_2-post-lift-spoa40e-5_8807.pdf","title":"2 post lift spoa40e 5 8807","thumbnail":"https:\/\/dev.codekraft.it\/rotary-2024\/wp-content\/uploads\/brb_media\/00407424_2-post-lift-spoa40e-5_8807-pdf-150x105.png","description":""}],"brb_media_manuals":[{"id":349909,"url":"https:\/\/dev.codekraft.it\/rotary-2024\/wp-content\/uploads\/brb_media\/00116895_2-post-lift-spoa-30-40-spo-40-54-m-e-600-with-inspection-book-om-om20183-de-2005-10-screen.pdf","title":"2 post lift spoa 30 40 spo 40 54 m e 600 with inspection book om om20183 de 2005 10 screen","thumbnail":"https:\/\/dev.codekraft.it\/rotary-2024\/wp-content\/uploads\/brb_media\/00116895_2-post-lift-spoa-30-40-spo-40-54-m-e-600-with-inspection-book-om-om20183-de-2005-10-screen-pdf-116x150.png","description":""},{"id":349910,"url":"https:\/\/dev.codekraft.it\/rotary-2024\/wp-content\/uploads\/brb_media\/00116896_2-post-lift-spoa-30-40-spo-40-54-m-e-600-om-om20183-en-2005-10-screen.pdf","title":"2 post lift spoa 30 40 spo 40 54 m e 600 om om20183 en 2005 10 screen","thumbnail":"https:\/\/dev.codekraft.it\/rotary-2024\/wp-content\/uploads\/brb_media\/00116896_2-post-lift-spoa-30-40-spo-40-54-m-e-600-om-om20183-en-2005-10-screen-pdf-116x150.png","description":""},{"id":349911,"url":"https:\/\/dev.codekraft.it\/rotary-2024\/wp-content\/uploads\/brb_media\/00116897_2-post-lift-spoa-30-40-spo-40-54-m-e-600-om-om20183-fr-2005-10-screen.pdf","title":"2 post lift spoa 30 40 spo 40 54 m e 600 om om20183 fr 2005 10 screen","thumbnail":"https:\/\/dev.codekraft.it\/rotary-2024\/wp-content\/uploads\/brb_media\/00116897_2-post-lift-spoa-30-40-spo-40-54-m-e-600-om-om20183-fr-2005-10-screen-pdf-116x150.png","description":""},{"id":349912,"url":"https:\/\/dev.codekraft.it\/rotary-2024\/wp-content\/uploads\/brb_media\/00116898_2-post-lift-spoa-30-40-spo-40-54-m-e-600-om-om20183-it-2005-10-screen.pdf","title":"2 post lift spoa 30 40 spo 40 54 m e 600 om om20183 it 2005 10 screen","thumbnail":"https:\/\/dev.codekraft.it\/rotary-2024\/wp-content\/uploads\/brb_media\/00116898_2-post-lift-spoa-30-40-spo-40-54-m-e-600-om-om20183-it-2005-10-screen-pdf-116x150.png","description":""},{"id":349913,"url":"https:\/\/dev.codekraft.it\/rotary-2024\/wp-content\/uploads\/brb_media\/00116899_2-post-lift-spoa-30-40-spo-40-54-m-e-600-om-om20183-es-2005-10-screen.pdf","title":"2 post lift spoa 30 40 spo 40 54 m e 600 om om20183 es 2005 10 screen","thumbnail":"https:\/\/dev.codekraft.it\/rotary-2024\/wp-content\/uploads\/brb_media\/00116899_2-post-lift-spoa-30-40-spo-40-54-m-e-600-om-om20183-es-2005-10-screen-pdf-116x150.png","description":""},{"id":349914,"url":"https:\/\/dev.codekraft.it\/rotary-2024\/wp-content\/uploads\/brb_media\/00116900_2-post-lift-spoa-30-40-spo-40-54-m-e-600-om-om20183-ru-2005-10-screen.pdf","title":"2 post lift spoa 30 40 spo 40 54 m e 600 om om20183 ru 2005 10 screen","thumbnail":"https:\/\/dev.codekraft.it\/rotary-2024\/wp-content\/uploads\/brb_media\/00116900_2-post-lift-spoa-30-40-spo-40-54-m-e-600-om-om20183-ru-2005-10-screen-pdf-116x150.png","description":""}],"brb_media_safety_datasheets":"","brb_media_spare_parts":[],"_cdmm_p_id":"396001","_company":"Elektron","_gtin":"","accessories":[{"id":383983,"cdmm_p_id":"502815","name":"Werkzeug-Ablageschalen","description":"Magnetisch | 1 Satz \/ 2 St\u00fcck","thumbnail":"https:\/\/dev.codekraft.it\/rotary-2024\/wp-content\/uploads\/brb_media\/00509504_2-post-lift-vsg2call902641-mi-150x150.png","url":"https:\/\/dev.codekraft.it\/rotary-2024\/produkte\/zubehor-hebebuhnen-de\/zubehor-2-saulen-hebebuhnen-de\/werkzeug-ablageschalen\/"},{"id":381087,"cdmm_p_id":"497214","name":"Aufnahmeadapter","description":"Tragteller, Gummiauflage, rund | \u00d8 80 mm | 1 Satz \/ 4 St\u00fcck","thumbnail":"https:\/\/dev.codekraft.it\/rotary-2024\/wp-content\/uploads\/brb_media\/00535980_2-post-lift-fj6216c-mi-150x150.png","url":"https:\/\/dev.codekraft.it\/rotary-2024\/produkte\/zubehor-hebebuhnen-de\/lastaufnahmemittel-de\/aufnahmeadapter-7\/"},{"id":382527,"cdmm_p_id":"500905","name":"Aufnahmeadapter","description":"Tragteller, Gummiauflage, rechteckig | f\u00fcr Tesla | 1 Satz \/ 4 St\u00fcck","thumbnail":"https:\/\/dev.codekraft.it\/rotary-2024\/wp-content\/uploads\/brb_media\/00505100_2-post-lift-vsg2call901538-mi-150x150.png","url":"https:\/\/dev.codekraft.it\/rotary-2024\/produkte\/zubehor-hebebuhnen-de\/lastaufnahmemittel-de\/aufnahmeadapter-8\/"},{"id":382533,"cdmm_p_id":"500906","name":"Aufnahmeadapter","description":"Tragteller, Zentrierpilz | f\u00fcr Fiat 500E, 500 ABARTH | 2-stufig | 1 Satz \/ 4 St\u00fcck","thumbnail":"https:\/\/dev.codekraft.it\/rotary-2024\/wp-content\/uploads\/brb_media\/00505105_2-post-lift-vsg2call902023-mi-150x150.png","url":"https:\/\/dev.codekraft.it\/rotary-2024\/produkte\/zubehor-hebebuhnen-de\/lastaufnahmemittel-de\/aufnahmeadapter-9\/"},{"id":382539,"cdmm_p_id":"500907","name":"Aufnahmeadapter","description":"Prisma | f\u00fcr VW-MEB-Plattform-E-Fahrzeuge | 1 Satz \/ 4 St\u00fcck","thumbnail":"https:\/\/dev.codekraft.it\/rotary-2024\/wp-content\/uploads\/brb_media\/00509505_2-post-lift-vsg2call902146-mi-150x150.png","url":"https:\/\/dev.codekraft.it\/rotary-2024\/produkte\/zubehor-hebebuhnen-de\/lastaufnahmemittel-de\/aufnahmeadapter-10\/"},{"id":382563,"cdmm_p_id":"500912","name":"Aufnahmeadapter","description":"Tragteller, U-Aufnahme | 1 Satz \/ 4 St\u00fcck","thumbnail":"https:\/\/dev.codekraft.it\/rotary-2024\/wp-content\/uploads\/brb_media\/00505104_2-post-lift-vsg2call901330-mi-150x150.png","url":"https:\/\/dev.codekraft.it\/rotary-2024\/produkte\/zubehor-hebebuhnen-de\/lastaufnahmemittel-de\/aufnahmeadapter-11\/"},{"id":384183,"cdmm_p_id":"503070","name":"Aufnahmeadapter","description":"Prisma | f\u00fcr Mercedes G-Klasse - vorn und hinten | 1 Satz \/ 4 St\u00fcck","thumbnail":"https:\/\/dev.codekraft.it\/rotary-2024\/wp-content\/uploads\/brb_media\/00511001_2-post-lift-vsg2call901859-mi-150x150.png","url":"https:\/\/dev.codekraft.it\/rotary-2024\/produkte\/zubehor-hebebuhnen-de\/lastaufnahmemittel-de\/aufnahmeadapter-14\/"},{"id":384177,"cdmm_p_id":"503068","name":"Aufnahmeadapter","description":"Dorn | f\u00fcr Fiat Ducato, Peugeot Boxer, Citro\u00ebn Jumper - vorn und hinten | 1 Satz \/ 4 St\u00fcck","thumbnail":"https:\/\/dev.codekraft.it\/rotary-2024\/wp-content\/uploads\/brb_media\/00510999_2-post-lift-vsg2call901606-mi-150x150.png","url":"https:\/\/dev.codekraft.it\/rotary-2024\/produkte\/zubehor-hebebuhnen-de\/lastaufnahmemittel-de\/aufnahmeadapter-13\/"},{"id":384171,"cdmm_p_id":"503067","name":"Aufnahmeadapter","description":"Prisma, Dorn | f\u00fcr Mercedes Sprinter, VW Crafter | 1 Satz \/ 6 St\u00fcck","thumbnail":"https:\/\/dev.codekraft.it\/rotary-2024\/wp-content\/uploads\/brb_media\/00511000_2-post-lift-vsg2call901712-mi-150x150.png","url":"https:\/\/dev.codekraft.it\/rotary-2024\/produkte\/zubehor-hebebuhnen-de\/lastaufnahmemittel-de\/aufnahmeadapter-12\/"},{"id":382162,"cdmm_p_id":"499831","name":"Hilfsb\u00fcgel","description":"F\u00fcr Grundplatten SPO\/A40 | 1 Satz \/ 2 St\u00fcck","thumbnail":"https:\/\/dev.codekraft.it\/rotary-2024\/wp-content\/uploads\/brb_media\/00524051_2-post-lift-gp-spo40y-mi-150x150.png","url":"https:\/\/dev.codekraft.it\/rotary-2024\/produkte\/zubehor-hebebuhnen-de\/zubehor-2-saulen-hebebuhnen-de\/hilfsbugel-2\/"},{"id":385081,"cdmm_p_id":"504739","name":"Adapterverl\u00e4ngerungen","description":"4 x 90 mm, 4 x 127 mm, inkl. 2 Haltern zur Montage an den S\u00e4ulen | Nur f\u00fcr AV-Arme | 1 Satz \/ 8 St\u00fcck","thumbnail":"https:\/\/dev.codekraft.it\/rotary-2024\/wp-content\/uploads\/brb_media\/00531425_2-post-lift-vsg2call899996-mi-150x150.png","url":"https:\/\/dev.codekraft.it\/rotary-2024\/produkte\/zubehor-hebebuhnen-de\/zubehor-2-saulen-hebebuhnen-de\/adapterverlangerungen-4\/"},{"id":382551,"cdmm_p_id":"500909","name":"Adapterverl\u00e4ngerungen","description":"4 x 200 mm, inkl. Halterung zur Montage an den S\u00e4ulen | 1 Satz \/ 4 St\u00fcck","thumbnail":"https:\/\/dev.codekraft.it\/rotary-2024\/wp-content\/uploads\/brb_media\/00505099_2-post-lift-vsg2call901248-mi-150x150.png","url":"https:\/\/dev.codekraft.it\/rotary-2024\/produkte\/zubehor-hebebuhnen-de\/zubehor-2-saulen-hebebuhnen-de\/adapterverlangerungen-3\/"},{"id":382557,"cdmm_p_id":"500910","name":"Adapter-Satz","description":"Adapter-Satz f\u00fcr Tragteller zur Rahmenaufnahme \u00d8 120 mm (1 Satz, 2 St.)","thumbnail":"https:\/\/dev.codekraft.it\/rotary-2024\/wp-content\/uploads\/brb_media\/00524050_2-post-lift-fj6353-1-mi-150x150.png","url":"https:\/\/dev.codekraft.it\/rotary-2024\/produkte\/zubehor-hebebuhnen-de\/zubehor-2-saulen-hebebuhnen-de\/adapter-satz\/"},{"id":383971,"cdmm_p_id":"502811","name":"Rampen","description":"Rampenh\u00f6he 60 mm, f\u00fcr extrem niedrige Fahrzeuge | 1 Satz \/ 4 St\u00fcck","thumbnail":"https:\/\/dev.codekraft.it\/rotary-2024\/wp-content\/uploads\/brb_media\/00509501_2-post-lift-vsg2call902818-mi-150x150.png","url":"https:\/\/dev.codekraft.it\/rotary-2024\/produkte\/zubehor-hebebuhnen-de\/zubehor-2-saulen-hebebuhnen-de\/rampen\/"},{"id":383977,"cdmm_p_id":"502814","name":"Achsmessb\u00f6cke","description":"1 Satz \/ 4 St\u00fcck","thumbnail":"https:\/\/dev.codekraft.it\/rotary-2024\/wp-content\/uploads\/brb_media\/00509503_2-post-lift-vsg2call902085-mi-150x150.png","url":"https:\/\/dev.codekraft.it\/rotary-2024\/produkte\/zubehor-hebebuhnen-de\/zubehor-2-saulen-hebebuhnen-de\/achsmessbocke\/"},{"id":384189,"cdmm_p_id":"503071","name":"Werkzeughalterung","description":"Ergonomische Halterung f\u00fcr Druckluftschrauber","thumbnail":"https:\/\/dev.codekraft.it\/rotary-2024\/wp-content\/uploads\/brb_media\/00511003_2-post-lift-vsg2call902511-mi-150x150.png","url":"https:\/\/dev.codekraft.it\/rotary-2024\/produkte\/zubehor-hebebuhnen-de\/zubehor-2-saulen-hebebuhnen-de\/werkzeughalterung\/"}],"components":[],"related":[],"similar":[{"id":378886,"cdmm_p_id":"396000","name":"2-S\u00e4ulen-Hebeb\u00fchne SPOA40E-EH1-MB","description":"4,0 t, elektrohydraulisch, Doppelsteuerpult, Tragarme vorne 3-teilig, asymmetrisch, Gesamth\u00f6he 3865 mm","thumbnail":"https:\/\/dev.codekraft.it\/rotary-2024\/wp-content\/uploads\/brb_media\/00472790_spo40_54i_2020-150x150.png","url":"https:\/\/dev.codekraft.it\/rotary-2024\/produkte\/hebebuhnen-de\/2-saulen-hebebuhnen-de\/2-saulen-hebebuhne-spoa40e-eh1-mb\/"}],"page_logo_src":"https:\/\/dev.codekraft.it\/rotary-2024\/wp-content\/uploads\/2024\/05\/cropped-rotary-logo-2022.png","lang":"de","translations":{"de":378892,"en":378891,"fr":378893,"it":378894,"es":378895,"ru":378896},"pll_sync_post":[],"_links":{"self":[{"href":"https:\/\/dev.codekraft.it\/rotary-2024\/wp-json\/wp\/v2\/product\/378892","targetHints":{"allow":["GET"]}}],"collection":[{"href":"https:\/\/dev.codekraft.it\/rotary-2024\/wp-json\/wp\/v2\/product"}],"about":[{"href":"https:\/\/dev.codekraft.it\/rotary-2024\/wp-json\/wp\/v2\/types\/product"}],"wp:featuredmedia":[{"embeddable":true,"href":"https:\/\/dev.codekraft.it\/rotary-2024\/wp-json\/wp\/v2\/media\/350473"}],"wp:attachment":[{"href":"https:\/\/dev.codekraft.it\/rotary-2024\/wp-json\/wp\/v2\/media?parent=378892"}],"wp:term":[{"taxonomy":"product_cat","embeddable":true,"href":"https:\/\/dev.codekraft.it\/rotary-2024\/wp-json\/wp\/v2\/product_cat?post=378892"},{"taxonomy":"product_tag","embeddable":true,"href":"https:\/\/dev.codekraft.it\/rotary-2024\/wp-json\/wp\/v2\/product_tag?post=378892"},{"taxonomy":"product_approvals","embeddable":true,"href":"https:\/\/dev.codekraft.it\/rotary-2024\/wp-json\/wp\/v2\/product_approvals?post=378892"},{"taxonomy":"product_application","embeddable":true,"href":"https:\/\/dev.codekraft.it\/rotary-2024\/wp-json\/wp\/v2\/product_application?post=378892"}],"curies":[{"name":"wp","href":"https:\/\/api.w.org\/{rel}","templated":true}]}}