{"id":378888,"date":"2025-10-29T09:03:40","date_gmt":"2025-10-29T09:03:40","guid":{"rendered":"https:\/\/dev.codekraft.it\/rotary-2024\/products\/uncategorized\/ponte-sollevatore-a-2-colonne-spoa40e-eh1-mb\/"},"modified":"2025-10-29T09:03:40","modified_gmt":"2025-10-29T09:03:40","slug":"ponte-sollevatore-a-2-colonne-spoa40e-eh1-mb","status":"publish","type":"product","link":"https:\/\/dev.codekraft.it\/rotary-2024\/it\/prodotti\/ponti-sollevatori-it\/ponti-sollevatori-a-2-colonne-it\/ponte-sollevatore-a-2-colonne-spoa40e-eh1-mb\/","title":{"rendered":"Ponte sollevatore a 2 colonne SPOA40E-EH1-MB"},"content":{"rendered":"<p>Il ponte sollevatore elletroidraulico a 2 colonne della serie SPO convince per la sua incredibile area di sollevamento. Il sistema di controllo \u00e8 disponibile sia in versione manuale che elettronica, nonch\u00e9 differenti altezze per le colonne.<\/p>\n<p>SPOA40-5 la variante del braccio di supporto per autoveicoli blindati<\/p>\n<ul>\n<li>Serie SPO &#8211; il ponte sollevatore pi\u00f9 venduto al mondo<\/li>\n<li>Massima sicurezza con il design rotativo 3PSS<\/li>\n<li>Gamma di sollevamento dalle SMART ai trasportatori (SPO40)<\/li>\n<\/ul>\n<ul>\n<li>Il design 3PSS (Sistema di sicurezza a 3 fasi) include:\n<ul>\n<li>Fermi di sicurezza meccanici integrati su entrambi i lati ad azionamento automatico<\/li>\n<li>Pulegge di sincronizzazione senza carico per fissare il carico durante il processo di sollevamento e abbassamento<\/li>\n<li>Sistema idraulico fissato dalla valvola di non ritorno e dal cilindro ad alta pressione esente da manutenzione su entrambe le colonne<\/li>\n<\/ul>\n<\/li>\n<\/ul>\n<ul>\n<li>La massima ampiezza carrabile con le dimensioni esterne minime e la struttura senza telaio di base garantiscono un accesso senza problemi alla piattaforma di sollevamento.<\/li>\n<li>Il doppio profilo a S delle colonne di sollevamento garantisce la massima stabilit\u00e0 con ingombro ridotto. Anche l&#8217;area di contatto dei carrelli di sollevamento guidati nelle colonne di sollevamento \u00e8 stata notevolmente aumentata .<\/li>\n<li>Le piastre rotative sono integrabili e possono essere estese o sostituite con degli accessori in maniera stabile ed economica.<\/li>\n<\/ul>\n<ul>\n<li>Per un vantaggio in termini ergonomici ed economici, il secondo pannello di controllo sull&#8217;SP040 \u00e8 standard. Una centralina \u00e8 dotata di collegamento a 220 V (combinato con quello a 16 ampere per utensili elettrici) e la seconda \u00e8 dotata della preparazione dell&#8217;aria compressa.<\/li>\n<li>L&#8217;arresto di sicurezza superiore protegge in maniera efficace i veicoli aventi un&#8217;altezza complessiva superiore da eventuali danni durante il sollevamento.<\/li>\n<li>Il design elettroidraulico con solamente un&#8217;unit\u00e0 garantisce il funzionamento a risparmio energetico con tempi rapidi di sollevamento e abbassamento.<\/li>\n<li>L&#8217;unit\u00e0, flangiata nella parte superiore della colonna di sollevamento \u00e8 protetta dalle influenze esterne e consente pi\u00f9 libert\u00e0 di movimento.<\/li>\n<li>Supporti idraulici rotativi per una manutenzione facilitata con costi operativi minimi<\/li>\n<li>I bracci di supporto vengono bloccati automaticamente durante il sollevamento. Una volta che la piattaforma \u00e8 stata completamente abbassata, tale dispositivo di bloccaggio viene rilasciato automaticamente. La griglia particolarmente sottile e la funzione di sbloccaggio manuale amplificano la semplicit\u00e0 del funzionamento.<\/li>\n<\/ul>\n","protected":false},"excerpt":{"rendered":"<p>4,0 t, elettroidraulico, azionamento a pulsante su entrambi i lati, bracci di supporto anteriori in 3 parti, asimmetrico, altezza totale 3865 mm<\/p>\n","protected":false},"featured_media":350473,"template":"","meta":[],"product_cat":[1033400],"product_tag":[1034166],"product_approvals":[1014570,1014536,1014553],"product_application":[],"class_list":{"0":"post-378888","1":"product","2":"type-product","3":"status-publish","4":"has-post-thumbnail","6":"product_cat-ponti-sollevatori-a-2-colonne-it","7":"product_tag-passenger-cars-it","8":"product_approvals-maybach-it","9":"product_approvals-mercedes-benz-it","10":"product_approvals-smart-it","12":"first","13":"instock","14":"shipping-taxable","15":"product-type-simple"},"approvals":[{"term_id":1014570,"name":"Maybach","slug":"maybach-it","term_group":0,"term_taxonomy_id":1014569,"taxonomy":"product_approvals","description":"","parent":0,"count":33,"filter":"raw"},{"term_id":1014536,"name":"Mercedes-Benz","slug":"mercedes-benz-it","term_group":0,"term_taxonomy_id":1014535,"taxonomy":"product_approvals","description":"","parent":0,"count":43,"filter":"raw"},{"term_id":1014553,"name":"Smart","slug":"smart-it","term_group":0,"term_taxonomy_id":1014552,"taxonomy":"product_approvals","description":"","parent":0,"count":33,"filter":"raw"}],"application":[],"brb_media_brochure":[{"id":349056,"url":"https:\/\/dev.codekraft.it\/rotary-2024\/wp-content\/uploads\/brb_media\/00472565_mercedes-benz-portfolio-br-128719-de-2021-03_screen.pdf","title":"Mercedes Benz Portfolio BR 128719 de 2021 03 screen","thumbnail":"https:\/\/dev.codekraft.it\/rotary-2024\/wp-content\/uploads\/brb_media\/00472565_mercedes-benz-portfolio-br-128719-de-2021-03_screen-pdf-106x150.png","description":""},{"id":349057,"url":"https:\/\/dev.codekraft.it\/rotary-2024\/wp-content\/uploads\/brb_media\/00472566_mercedes-benz-portfolio-br-128720-en-2021-03_screen.pdf","title":"Mercedes Benz Portfolio BR 128720 en 2021 03 screen","thumbnail":"https:\/\/dev.codekraft.it\/rotary-2024\/wp-content\/uploads\/brb_media\/00472566_mercedes-benz-portfolio-br-128720-en-2021-03_screen-pdf-106x150.png","description":""},{"id":349058,"url":"https:\/\/dev.codekraft.it\/rotary-2024\/wp-content\/uploads\/brb_media\/00472570_mercedes-benz-portfolio-br-128721-fr-2021-03_screen.pdf","title":"Mercedes Benz Portfolio BR 128721 fr 2021 03 screen","thumbnail":"https:\/\/dev.codekraft.it\/rotary-2024\/wp-content\/uploads\/brb_media\/00472570_mercedes-benz-portfolio-br-128721-fr-2021-03_screen-pdf-106x150.png","description":""},{"id":349059,"url":"https:\/\/dev.codekraft.it\/rotary-2024\/wp-content\/uploads\/brb_media\/00472567_mercedes-benz-portfolio-br-128722-it-2021-03_screen.pdf","title":"Mercedes Benz Portfolio BR 128722 it 2021 03 screen","thumbnail":"https:\/\/dev.codekraft.it\/rotary-2024\/wp-content\/uploads\/brb_media\/00472567_mercedes-benz-portfolio-br-128722-it-2021-03_screen-pdf-106x150.png","description":""},{"id":349060,"url":"https:\/\/dev.codekraft.it\/rotary-2024\/wp-content\/uploads\/brb_media\/00472568_mercedes-benz-portfolio-br-128723-es-2021-03_screen.pdf","title":"Mercedes Benz Portfolio BR 128723 es 2021 03 screen","thumbnail":"https:\/\/dev.codekraft.it\/rotary-2024\/wp-content\/uploads\/brb_media\/00472568_mercedes-benz-portfolio-br-128723-es-2021-03_screen-pdf-106x150.png","description":""},{"id":349061,"url":"https:\/\/dev.codekraft.it\/rotary-2024\/wp-content\/uploads\/brb_media\/00472569_mercedes-benz-portfolio-br-128724-ru-2021-03_screen.pdf","title":"Mercedes Benz Portfolio BR 128724 ru 2021 03 screen","thumbnail":"https:\/\/dev.codekraft.it\/rotary-2024\/wp-content\/uploads\/brb_media\/00472569_mercedes-benz-portfolio-br-128724-ru-2021-03_screen-pdf-106x150.png","description":""}],"brb_media_drawing":[{"id":349917,"url":"https:\/\/dev.codekraft.it\/rotary-2024\/wp-content\/uploads\/brb_media\/00407423_2-post-lift-spoa40e-5_8806.pdf","title":"2 post lift spoa40e 5 8806","thumbnail":"https:\/\/dev.codekraft.it\/rotary-2024\/wp-content\/uploads\/brb_media\/00407423_2-post-lift-spoa40e-5_8806-pdf-150x106.png","description":""},{"id":349918,"url":"https:\/\/dev.codekraft.it\/rotary-2024\/wp-content\/uploads\/brb_media\/00407424_2-post-lift-spoa40e-5_8807.pdf","title":"2 post lift spoa40e 5 8807","thumbnail":"https:\/\/dev.codekraft.it\/rotary-2024\/wp-content\/uploads\/brb_media\/00407424_2-post-lift-spoa40e-5_8807-pdf-150x105.png","description":""}],"brb_media_manuals":[{"id":349909,"url":"https:\/\/dev.codekraft.it\/rotary-2024\/wp-content\/uploads\/brb_media\/00116895_2-post-lift-spoa-30-40-spo-40-54-m-e-600-with-inspection-book-om-om20183-de-2005-10-screen.pdf","title":"2 post lift spoa 30 40 spo 40 54 m e 600 with inspection book om om20183 de 2005 10 screen","thumbnail":"https:\/\/dev.codekraft.it\/rotary-2024\/wp-content\/uploads\/brb_media\/00116895_2-post-lift-spoa-30-40-spo-40-54-m-e-600-with-inspection-book-om-om20183-de-2005-10-screen-pdf-116x150.png","description":""},{"id":349910,"url":"https:\/\/dev.codekraft.it\/rotary-2024\/wp-content\/uploads\/brb_media\/00116896_2-post-lift-spoa-30-40-spo-40-54-m-e-600-om-om20183-en-2005-10-screen.pdf","title":"2 post lift spoa 30 40 spo 40 54 m e 600 om om20183 en 2005 10 screen","thumbnail":"https:\/\/dev.codekraft.it\/rotary-2024\/wp-content\/uploads\/brb_media\/00116896_2-post-lift-spoa-30-40-spo-40-54-m-e-600-om-om20183-en-2005-10-screen-pdf-116x150.png","description":""},{"id":349911,"url":"https:\/\/dev.codekraft.it\/rotary-2024\/wp-content\/uploads\/brb_media\/00116897_2-post-lift-spoa-30-40-spo-40-54-m-e-600-om-om20183-fr-2005-10-screen.pdf","title":"2 post lift spoa 30 40 spo 40 54 m e 600 om om20183 fr 2005 10 screen","thumbnail":"https:\/\/dev.codekraft.it\/rotary-2024\/wp-content\/uploads\/brb_media\/00116897_2-post-lift-spoa-30-40-spo-40-54-m-e-600-om-om20183-fr-2005-10-screen-pdf-116x150.png","description":""},{"id":349912,"url":"https:\/\/dev.codekraft.it\/rotary-2024\/wp-content\/uploads\/brb_media\/00116898_2-post-lift-spoa-30-40-spo-40-54-m-e-600-om-om20183-it-2005-10-screen.pdf","title":"2 post lift spoa 30 40 spo 40 54 m e 600 om om20183 it 2005 10 screen","thumbnail":"https:\/\/dev.codekraft.it\/rotary-2024\/wp-content\/uploads\/brb_media\/00116898_2-post-lift-spoa-30-40-spo-40-54-m-e-600-om-om20183-it-2005-10-screen-pdf-116x150.png","description":""},{"id":349913,"url":"https:\/\/dev.codekraft.it\/rotary-2024\/wp-content\/uploads\/brb_media\/00116899_2-post-lift-spoa-30-40-spo-40-54-m-e-600-om-om20183-es-2005-10-screen.pdf","title":"2 post lift spoa 30 40 spo 40 54 m e 600 om om20183 es 2005 10 screen","thumbnail":"https:\/\/dev.codekraft.it\/rotary-2024\/wp-content\/uploads\/brb_media\/00116899_2-post-lift-spoa-30-40-spo-40-54-m-e-600-om-om20183-es-2005-10-screen-pdf-116x150.png","description":""},{"id":349914,"url":"https:\/\/dev.codekraft.it\/rotary-2024\/wp-content\/uploads\/brb_media\/00116900_2-post-lift-spoa-30-40-spo-40-54-m-e-600-om-om20183-ru-2005-10-screen.pdf","title":"2 post lift spoa 30 40 spo 40 54 m e 600 om om20183 ru 2005 10 screen","thumbnail":"https:\/\/dev.codekraft.it\/rotary-2024\/wp-content\/uploads\/brb_media\/00116900_2-post-lift-spoa-30-40-spo-40-54-m-e-600-om-om20183-ru-2005-10-screen-pdf-116x150.png","description":""}],"brb_media_safety_datasheets":"","brb_media_spare_parts":[],"_cdmm_p_id":"396000","_company":"Elektron","_gtin":"","accessories":[{"id":383985,"cdmm_p_id":"502815","name":"Vaschette portautensili","description":"Magnetiche | 1 set \/ 2 pezzi","thumbnail":"https:\/\/dev.codekraft.it\/rotary-2024\/wp-content\/uploads\/brb_media\/00509504_2-post-lift-vsg2call902641-mi-150x150.png","url":"https:\/\/dev.codekraft.it\/rotary-2024\/it\/prodotti\/accessori-ponti-sollevatori-it\/accessori-ponti-sollevatori-a-2-colonne-it\/vaschette-portautensili\/"},{"id":381089,"cdmm_p_id":"497214","name":"Kit tamponi","description":"Piastra di supporto, cuscinetto in gomma, rotondo | \u00d8 80 mm | 1 set \/ 4 pezzi","thumbnail":"https:\/\/dev.codekraft.it\/rotary-2024\/wp-content\/uploads\/brb_media\/00535980_2-post-lift-fj6216c-mi-150x150.png","url":"https:\/\/dev.codekraft.it\/rotary-2024\/it\/prodotti\/accessori-ponti-sollevatori-it\/dispositivi-di-trasporto-del-carico-it\/kit-tamponi-7\/"},{"id":382529,"cdmm_p_id":"500905","name":"Kit tamponi","description":"Piastra di supporto, cuscinetto in gomma, rettangolare | per Tesla | 1 set \/ 4 pezzi","thumbnail":"https:\/\/dev.codekraft.it\/rotary-2024\/wp-content\/uploads\/brb_media\/00505100_2-post-lift-vsg2call901538-mi-150x150.png","url":"https:\/\/dev.codekraft.it\/rotary-2024\/it\/prodotti\/accessori-ponti-sollevatori-it\/dispositivi-di-trasporto-del-carico-it\/kit-tamponi-8\/"},{"id":382535,"cdmm_p_id":"500906","name":"Kit tamponi","description":"Piastra di supporto, fungo di centraggio | per Fiat 500E, 500 ABARTH | a 2 stadi | 1 set \/ 4 pezzi","thumbnail":"https:\/\/dev.codekraft.it\/rotary-2024\/wp-content\/uploads\/brb_media\/00505105_2-post-lift-vsg2call902023-mi-150x150.png","url":"https:\/\/dev.codekraft.it\/rotary-2024\/it\/prodotti\/accessori-ponti-sollevatori-it\/dispositivi-di-trasporto-del-carico-it\/kit-tamponi-9\/"},{"id":382541,"cdmm_p_id":"500907","name":"Kit tamponi","description":"Prisma | per piattaforma VW MEB veicoli elettrici | 1 set \/ 4 pezzi","thumbnail":"https:\/\/dev.codekraft.it\/rotary-2024\/wp-content\/uploads\/brb_media\/00509505_2-post-lift-vsg2call902146-mi-150x150.png","url":"https:\/\/dev.codekraft.it\/rotary-2024\/it\/prodotti\/accessori-ponti-sollevatori-it\/dispositivi-di-trasporto-del-carico-it\/kit-tamponi-10\/"},{"id":382565,"cdmm_p_id":"500912","name":"Kit tamponi","description":"Disco di supporto, supporto a U | 1 set \/ 4 pezzi","thumbnail":"https:\/\/dev.codekraft.it\/rotary-2024\/wp-content\/uploads\/brb_media\/00505104_2-post-lift-vsg2call901330-mi-150x150.png","url":"https:\/\/dev.codekraft.it\/rotary-2024\/it\/prodotti\/accessori-ponti-sollevatori-it\/dispositivi-di-trasporto-del-carico-it\/kit-tamponi-11\/"},{"id":384185,"cdmm_p_id":"503070","name":"Kit tamponi","description":"Prisma | per Mercedes Classe G - anteriori e posteriori | 1 set \/ 4 pezzi","thumbnail":"https:\/\/dev.codekraft.it\/rotary-2024\/wp-content\/uploads\/brb_media\/00511001_2-post-lift-vsg2call901859-mi-150x150.png","url":"https:\/\/dev.codekraft.it\/rotary-2024\/it\/prodotti\/accessori-ponti-sollevatori-it\/dispositivi-di-trasporto-del-carico-it\/kit-tamponi-14\/"},{"id":384179,"cdmm_p_id":"503068","name":"Kit tamponi","description":"Mandrino | per Fiat Ducato, Peugeot Boxer, Citro\u00ebn Jumper - anteriori e posteriori | 1 set \/ 4 pezzi","thumbnail":"https:\/\/dev.codekraft.it\/rotary-2024\/wp-content\/uploads\/brb_media\/00510999_2-post-lift-vsg2call901606-mi-150x150.png","url":"https:\/\/dev.codekraft.it\/rotary-2024\/it\/prodotti\/accessori-ponti-sollevatori-it\/dispositivi-di-trasporto-del-carico-it\/kit-tamponi-13\/"},{"id":384173,"cdmm_p_id":"503067","name":"Kit tamponi","description":"Prisma, mandrino | per Mercedes Sprinter, VW Crafter | 1 set \/ 6 pezzi","thumbnail":"https:\/\/dev.codekraft.it\/rotary-2024\/wp-content\/uploads\/brb_media\/00511000_2-post-lift-vsg2call901712-mi-150x150.png","url":"https:\/\/dev.codekraft.it\/rotary-2024\/it\/prodotti\/accessori-ponti-sollevatori-it\/dispositivi-di-trasporto-del-carico-it\/kit-tamponi-12\/"},{"id":382164,"cdmm_p_id":"499831","name":"Supporto ausiliario","description":"Per piastra di base SPO\/A40 | 1 set \/ 2 pezzi","thumbnail":"https:\/\/dev.codekraft.it\/rotary-2024\/wp-content\/uploads\/brb_media\/00524051_2-post-lift-gp-spo40y-mi-150x150.png","url":"https:\/\/dev.codekraft.it\/rotary-2024\/it\/prodotti\/accessori-ponti-sollevatori-it\/accessori-ponti-sollevatori-a-2-colonne-it\/supporto-ausiliario-2\/"},{"id":385083,"cdmm_p_id":"504739","name":"Distanziali per tamponi","description":"4 x 90 mm, 4 x 127 mm, incl. 2 staffe per il montaggio sui pilastri | Solo per bracci AV | 1 set \/ 8 pezzi","thumbnail":"https:\/\/dev.codekraft.it\/rotary-2024\/wp-content\/uploads\/brb_media\/00531425_2-post-lift-vsg2call899996-mi-150x150.png","url":"https:\/\/dev.codekraft.it\/rotary-2024\/it\/prodotti\/accessori-ponti-sollevatori-it\/accessori-ponti-sollevatori-a-2-colonne-it\/distanziali-per-tamponi-4\/"},{"id":382553,"cdmm_p_id":"500909","name":"Distanziali per tamponi","description":"4 x 200 mm, incl. staffa per il montaggio sui pilastri | 1 set \/ 4 pezzi","thumbnail":"https:\/\/dev.codekraft.it\/rotary-2024\/wp-content\/uploads\/brb_media\/00505099_2-post-lift-vsg2call901248-mi-150x150.png","url":"https:\/\/dev.codekraft.it\/rotary-2024\/it\/prodotti\/accessori-ponti-sollevatori-it\/accessori-ponti-sollevatori-a-2-colonne-it\/distanziali-per-tamponi-3\/"},{"id":382559,"cdmm_p_id":"500910","name":"Kit adattatori","description":"Kit adattatori per tamponi per presa telaio \u00d8 120 mm (1 set, 2 pz), per piattaforma girevole","thumbnail":"https:\/\/dev.codekraft.it\/rotary-2024\/wp-content\/uploads\/brb_media\/00524050_2-post-lift-fj6353-1-mi-150x150.png","url":"https:\/\/dev.codekraft.it\/rotary-2024\/it\/prodotti\/accessori-ponti-sollevatori-it\/accessori-ponti-sollevatori-a-2-colonne-it\/kit-adattatori\/"},{"id":383973,"cdmm_p_id":"502811","name":"Kit rampe innalzamento veicolo","description":"Altezza rampa 60 mm, per veicoli estremamente bassi | 1 set \/ 2 pezzi","thumbnail":"https:\/\/dev.codekraft.it\/rotary-2024\/wp-content\/uploads\/brb_media\/00509501_2-post-lift-vsg2call902818-mi-150x150.png","url":"https:\/\/dev.codekraft.it\/rotary-2024\/it\/prodotti\/accessori-ponti-sollevatori-it\/accessori-ponti-sollevatori-a-2-colonne-it\/kit-rampe-innalzamento-veicolo\/"},{"id":383979,"cdmm_p_id":"502814","name":"Kit cavalletti per assetto","description":"1 set \/ 4 pezzi","thumbnail":"https:\/\/dev.codekraft.it\/rotary-2024\/wp-content\/uploads\/brb_media\/00509503_2-post-lift-vsg2call902085-mi-150x150.png","url":"https:\/\/dev.codekraft.it\/rotary-2024\/it\/prodotti\/accessori-ponti-sollevatori-it\/accessori-ponti-sollevatori-a-2-colonne-it\/kit-cavalletti-per-assetto\/"},{"id":384191,"cdmm_p_id":"503071","name":"Supporto per utensili","description":"Supporto ergonomico per avvitatore pneumatico","thumbnail":"https:\/\/dev.codekraft.it\/rotary-2024\/wp-content\/uploads\/brb_media\/00511003_2-post-lift-vsg2call902511-mi-150x150.png","url":"https:\/\/dev.codekraft.it\/rotary-2024\/it\/prodotti\/accessori-ponti-sollevatori-it\/accessori-ponti-sollevatori-a-2-colonne-it\/supporto-per-utensili\/"}],"components":[],"related":[],"similar":[{"id":378894,"cdmm_p_id":"396001","name":"Ponte sollevatore a 2 colonne SPOA40E-EH2-MB","description":"4,0 t, elettroidraulico, bracci portata a 3 pezzi, asimmetrico","thumbnail":"https:\/\/dev.codekraft.it\/rotary-2024\/wp-content\/uploads\/brb_media\/00472790_spo40_54i_2020-150x150.png","url":"https:\/\/dev.codekraft.it\/rotary-2024\/it\/prodotti\/ponti-sollevatori-it\/ponti-sollevatori-a-2-colonne-it\/ponte-sollevatore-a-2-colonne-spoa40e-eh2-mb\/"}],"page_logo_src":"https:\/\/dev.codekraft.it\/rotary-2024\/wp-content\/uploads\/2024\/05\/cropped-rotary-logo-2022.png","lang":"it","translations":{"it":378888,"en":378885,"de":378886,"fr":378887,"es":378889,"ru":378890},"pll_sync_post":[],"_links":{"self":[{"href":"https:\/\/dev.codekraft.it\/rotary-2024\/wp-json\/wp\/v2\/product\/378888","targetHints":{"allow":["GET"]}}],"collection":[{"href":"https:\/\/dev.codekraft.it\/rotary-2024\/wp-json\/wp\/v2\/product"}],"about":[{"href":"https:\/\/dev.codekraft.it\/rotary-2024\/wp-json\/wp\/v2\/types\/product"}],"wp:featuredmedia":[{"embeddable":true,"href":"https:\/\/dev.codekraft.it\/rotary-2024\/wp-json\/wp\/v2\/media\/350473"}],"wp:attachment":[{"href":"https:\/\/dev.codekraft.it\/rotary-2024\/wp-json\/wp\/v2\/media?parent=378888"}],"wp:term":[{"taxonomy":"product_cat","embeddable":true,"href":"https:\/\/dev.codekraft.it\/rotary-2024\/wp-json\/wp\/v2\/product_cat?post=378888"},{"taxonomy":"product_tag","embeddable":true,"href":"https:\/\/dev.codekraft.it\/rotary-2024\/wp-json\/wp\/v2\/product_tag?post=378888"},{"taxonomy":"product_approvals","embeddable":true,"href":"https:\/\/dev.codekraft.it\/rotary-2024\/wp-json\/wp\/v2\/product_approvals?post=378888"},{"taxonomy":"product_application","embeddable":true,"href":"https:\/\/dev.codekraft.it\/rotary-2024\/wp-json\/wp\/v2\/product_application?post=378888"}],"curies":[{"name":"wp","href":"https:\/\/api.w.org\/{rel}","templated":true}]}}