{"id":378880,"date":"2025-09-08T08:40:13","date_gmt":"2025-09-08T08:40:13","guid":{"rendered":"https:\/\/dev.codekraft.it\/rotary-2024\/products\/uncategorized\/4-saulen-hebebuhne-sm65-55-mb\/"},"modified":"2025-09-08T08:40:13","modified_gmt":"2025-09-08T08:40:13","slug":"4-saulen-hebebuhne-sm65-55-mb","status":"publish","type":"product","link":"https:\/\/dev.codekraft.it\/rotary-2024\/produkte\/hebebuhnen-de\/4-saulen-hebebuhnen-de\/4-saulen-hebebuhne-sm65-55-mb\/","title":{"rendered":"4-S\u00e4ulen-Hebeb\u00fchne SM65-55-MB"},"content":{"rendered":"<p>Die elektro-hydraulische 4-S\u00e4ulen Hebeb\u00fchne der SM65-55-MB entspricht den technischen Vorgaben von Mercedes-Benz zur optimalen Achsvermessung und ist geeignet f\u00fcr den Aufnahmebereich der Fahrzeuge Pkw bis leichte Nutzfahrzeuge.<\/p>\n<ul>\n<li>Breite, stabile Fahrbahnen<\/li>\n<li>Pr\u00e4zises Achsvermessungs-Kit inklusive<\/li>\n<li>Geeignet f\u00fcr alle Pkw und Tranporter mit langem Radstand<\/li>\n<\/ul>\n<ul>\n<li>Das kaltgeformte Fahrfl\u00e4chenprofil bietet eine hohe Steifigkeit.<\/li>\n<li>Die integrierte Laufschiene bietet den optimalen Einsatz des im Lieferumfang enthaltenen Achsfreihebers.<\/li>\n<li>Das Premium Achsmesskit erm\u00f6glicht die Verwendung aller von Mercedes-Benz empfohlenen Drehteller. Wird kein Drehteller verwendet, lassen sich die Aussparungen mit serienm\u00e4\u00dfig mitgelieferten F\u00fcllst\u00fccken vollst\u00e4ndig verschlie\u00dfen.<\/li>\n<li>Einstellbare Klinkenleisten in den Hubs\u00e4ulen erm\u00f6glichen eine absolut waagerechte Ausrichtung der Hebeb\u00fchne &#8211; wichtig f\u00fcr pr\u00e4zises Arbeiten beim Einsatz als Achsvermessungs-Hebeb\u00fchne. Eine exakte Achsvermessung und ein hohes Ma\u00df an Arbeitsplatz-Sicherheit sind damit garantiert.<\/li>\n<\/ul>\n<ul>\n<li>Alle 4-S\u00e4ulen Hebeb\u00fchnen sind mit einer pneumatisch verriegelbaren Absetzvorrichtung ausger\u00fcstet.<\/li>\n<li>Breite Fahrbahnen erlauben das sichere und bequeme Auffahren von kleinen Pkw (Smart) bis V-Klasse, SUV und Sprintern, ohne die Spurweite der Fahrbahn ver\u00e4ndern zu m\u00fcssen.<\/li>\n<li>Die Funktionen Auf, Ab und Absenken auf die Absetzvorrichtung lassen sich komfortabel \u00fcber Bedientasten steuern.<\/li>\n<li>Vor \u00e4u\u00dferen Einfl\u00fcssen gesch\u00fctzt, ist der wartungsfreie Hub-Zylinder unter der Fahrfl\u00e4che positioniert.<\/li>\n<li>Das leistungsf\u00e4hige Hydraulikaggregat sorgt f\u00fcr einen kr\u00e4ftigen Hub und kurze Hub- und Senkzeiten.<\/li>\n<\/ul>\n","protected":false},"excerpt":{"rendered":"<p>6,5 t, elektrohydraulisch, Fahrbahnl\u00e4nge 5500 mm, zur Achsvermessung<\/p>\n","protected":false},"featured_media":350458,"template":"","meta":[],"product_brand":[],"product_cat":[1033478],"product_tag":[1034161],"product_approvals":[1014564,1014530,1014547],"product_application":[1037901],"class_list":{"0":"post-378880","1":"product","2":"type-product","3":"status-publish","4":"has-post-thumbnail","6":"product_cat-4-saulen-hebebuhnen-de","7":"product_tag-passenger-cars-de","8":"product_approvals-maybach-de","9":"product_approvals-mercedes-benz-de","10":"product_approvals-smart-de","11":"product_application-achsvermessung-de","13":"first","14":"instock","15":"shipping-taxable","16":"product-type-simple"},"approvals":[{"term_id":1014564,"name":"Maybach","slug":"maybach-de","term_group":0,"term_taxonomy_id":1014563,"taxonomy":"product_approvals","description":"","parent":0,"count":33,"filter":"raw"},{"term_id":1014530,"name":"Mercedes-Benz","slug":"mercedes-benz-de","term_group":0,"term_taxonomy_id":1014529,"taxonomy":"product_approvals","description":"","parent":0,"count":43,"filter":"raw"},{"term_id":1014547,"name":"Smart","slug":"smart-de","term_group":0,"term_taxonomy_id":1014546,"taxonomy":"product_approvals","description":"","parent":0,"count":33,"filter":"raw"}],"application":[{"term_id":1037901,"name":"Achsvermessung","slug":"achsvermessung-de","term_group":0,"term_taxonomy_id":1037900,"taxonomy":"product_application","description":"","parent":0,"count":1,"filter":"raw","tax_image_id":""}],"brb_media_brochure":[{"id":350018,"url":"https:\/\/dev.codekraft.it\/rotary-2024\/wp-content\/uploads\/brb_media\/00409857_4-post-lift-sm55lt-sm65-br-126515-de-2019-04-screen.pdf","title":"4 post lift sm55lt sm65 br 126515 de 2019 04 screen","mpn":"","thumbnail":"https:\/\/dev.codekraft.it\/rotary-2024\/wp-content\/uploads\/brb_media\/00409857_4-post-lift-sm55lt-sm65-br-126515-de-2019-04-screen-pdf-106x150.png","description":""},{"id":350019,"url":"https:\/\/dev.codekraft.it\/rotary-2024\/wp-content\/uploads\/brb_media\/00409858_4-post-lift-sm55lt-sm65-br-126516-en-2019-04-screen.pdf","title":"4 post lift sm55lt sm65 br 126516 en 2019 04 screen","mpn":"","thumbnail":"https:\/\/dev.codekraft.it\/rotary-2024\/wp-content\/uploads\/brb_media\/00409858_4-post-lift-sm55lt-sm65-br-126516-en-2019-04-screen-pdf-106x150.png","description":""},{"id":350020,"url":"https:\/\/dev.codekraft.it\/rotary-2024\/wp-content\/uploads\/brb_media\/00409859_4-post-lift-sm55lt-sm65-br-126517-fr-2019-04-screen.pdf","title":"4 post lift sm55lt sm65 br 126517 fr 2019 04 screen","mpn":"","thumbnail":"https:\/\/dev.codekraft.it\/rotary-2024\/wp-content\/uploads\/brb_media\/00409859_4-post-lift-sm55lt-sm65-br-126517-fr-2019-04-screen-pdf-106x150.png","description":""},{"id":350021,"url":"https:\/\/dev.codekraft.it\/rotary-2024\/wp-content\/uploads\/brb_media\/00409860_4-post-lift-sm55lt-sm65-br-126518-it-2019-04-screen.pdf","title":"4 post lift sm55lt sm65 br 126518 it 2019 04 screen","mpn":"","thumbnail":"https:\/\/dev.codekraft.it\/rotary-2024\/wp-content\/uploads\/brb_media\/00409860_4-post-lift-sm55lt-sm65-br-126518-it-2019-04-screen-pdf-106x150.png","description":""},{"id":350022,"url":"https:\/\/dev.codekraft.it\/rotary-2024\/wp-content\/uploads\/brb_media\/00409861_4-post-lift-sm55lt-sm65-br-126519-es-2019-04-screen.pdf","title":"4 post lift sm55lt sm65 br 126519 es 2019 04 screen","mpn":"","thumbnail":"https:\/\/dev.codekraft.it\/rotary-2024\/wp-content\/uploads\/brb_media\/00409861_4-post-lift-sm55lt-sm65-br-126519-es-2019-04-screen-pdf-106x150.png","description":""},{"id":350023,"url":"https:\/\/dev.codekraft.it\/rotary-2024\/wp-content\/uploads\/brb_media\/00409862_4-post-lift-sm55lt-sm65-br-126520-ru-2019-04-screen.pdf","title":"4 post lift sm55lt sm65 br 126520 ru 2019 04 screen","mpn":"","thumbnail":"https:\/\/dev.codekraft.it\/rotary-2024\/wp-content\/uploads\/brb_media\/00409862_4-post-lift-sm55lt-sm65-br-126520-ru-2019-04-screen-pdf-106x150.png","description":""},{"id":349056,"url":"https:\/\/dev.codekraft.it\/rotary-2024\/wp-content\/uploads\/brb_media\/00472565_mercedes-benz-portfolio-br-128719-de-2021-03_screen.pdf","title":"Mercedes Benz Portfolio BR 128719 de 2021 03 screen","mpn":"","thumbnail":"https:\/\/dev.codekraft.it\/rotary-2024\/wp-content\/uploads\/brb_media\/00472565_mercedes-benz-portfolio-br-128719-de-2021-03_screen-pdf-106x150.png","description":""},{"id":349057,"url":"https:\/\/dev.codekraft.it\/rotary-2024\/wp-content\/uploads\/brb_media\/00472566_mercedes-benz-portfolio-br-128720-en-2021-03_screen.pdf","title":"Mercedes Benz Portfolio BR 128720 en 2021 03 screen","mpn":"","thumbnail":"https:\/\/dev.codekraft.it\/rotary-2024\/wp-content\/uploads\/brb_media\/00472566_mercedes-benz-portfolio-br-128720-en-2021-03_screen-pdf-106x150.png","description":""},{"id":349058,"url":"https:\/\/dev.codekraft.it\/rotary-2024\/wp-content\/uploads\/brb_media\/00472570_mercedes-benz-portfolio-br-128721-fr-2021-03_screen.pdf","title":"Mercedes Benz Portfolio BR 128721 fr 2021 03 screen","mpn":"","thumbnail":"https:\/\/dev.codekraft.it\/rotary-2024\/wp-content\/uploads\/brb_media\/00472570_mercedes-benz-portfolio-br-128721-fr-2021-03_screen-pdf-106x150.png","description":""},{"id":349059,"url":"https:\/\/dev.codekraft.it\/rotary-2024\/wp-content\/uploads\/brb_media\/00472567_mercedes-benz-portfolio-br-128722-it-2021-03_screen.pdf","title":"Mercedes Benz Portfolio BR 128722 it 2021 03 screen","mpn":"","thumbnail":"https:\/\/dev.codekraft.it\/rotary-2024\/wp-content\/uploads\/brb_media\/00472567_mercedes-benz-portfolio-br-128722-it-2021-03_screen-pdf-106x150.png","description":""},{"id":349060,"url":"https:\/\/dev.codekraft.it\/rotary-2024\/wp-content\/uploads\/brb_media\/00472568_mercedes-benz-portfolio-br-128723-es-2021-03_screen.pdf","title":"Mercedes Benz Portfolio BR 128723 es 2021 03 screen","mpn":"","thumbnail":"https:\/\/dev.codekraft.it\/rotary-2024\/wp-content\/uploads\/brb_media\/00472568_mercedes-benz-portfolio-br-128723-es-2021-03_screen-pdf-106x150.png","description":""},{"id":349061,"url":"https:\/\/dev.codekraft.it\/rotary-2024\/wp-content\/uploads\/brb_media\/00472569_mercedes-benz-portfolio-br-128724-ru-2021-03_screen.pdf","title":"Mercedes Benz Portfolio BR 128724 ru 2021 03 screen","mpn":"","thumbnail":"https:\/\/dev.codekraft.it\/rotary-2024\/wp-content\/uploads\/brb_media\/00472569_mercedes-benz-portfolio-br-128724-ru-2021-03_screen-pdf-106x150.png","description":""}],"brb_media_drawing":[{"id":350067,"url":"https:\/\/dev.codekraft.it\/rotary-2024\/wp-content\/uploads\/brb_media\/00407456_da_sm65_55b_8566.pdf","title":"da sm65 55b 8566","mpn":"","thumbnail":"https:\/\/dev.codekraft.it\/rotary-2024\/wp-content\/uploads\/brb_media\/00407456_da_sm65_55b_8566-pdf-150x106.png","description":""},{"id":350068,"url":"https:\/\/dev.codekraft.it\/rotary-2024\/wp-content\/uploads\/brb_media\/00407457_4-post-lift-bfp-sm65-55b_8703.pdf","title":"4 post lift bfp sm65 55b 8703","mpn":"","thumbnail":"https:\/\/dev.codekraft.it\/rotary-2024\/wp-content\/uploads\/brb_media\/00407457_4-post-lift-bfp-sm65-55b_8703-pdf-150x106.png","description":""},{"id":350069,"url":"https:\/\/dev.codekraft.it\/rotary-2024\/wp-content\/uploads\/brb_media\/00407458_kfp_sm65-55b_8570.pdf","title":"kfp sm65 55b 8570","mpn":"","thumbnail":"https:\/\/dev.codekraft.it\/rotary-2024\/wp-content\/uploads\/brb_media\/00407458_kfp_sm65-55b_8570-pdf-150x105.png","description":""},{"id":350070,"url":"https:\/\/dev.codekraft.it\/rotary-2024\/wp-content\/uploads\/brb_media\/00407459_rfp_sm65_55b_8563.pdf","title":"rfp sm65 55b 8563","mpn":"","thumbnail":"https:\/\/dev.codekraft.it\/rotary-2024\/wp-content\/uploads\/brb_media\/00407459_rfp_sm65_55b_8563-pdf-150x106.png","description":""},{"id":350071,"url":"https:\/\/dev.codekraft.it\/rotary-2024\/wp-content\/uploads\/brb_media\/00407622_4-post-lift-rfp_sm65_55mb_8568.pdf","title":"4 post lift rfp sm65 55mb 8568","mpn":"","thumbnail":"https:\/\/dev.codekraft.it\/rotary-2024\/wp-content\/uploads\/brb_media\/00407622_4-post-lift-rfp_sm65_55mb_8568-pdf-150x106.png","description":""}],"brb_media_manuals":[{"id":350024,"url":"https:\/\/dev.codekraft.it\/rotary-2024\/wp-content\/uploads\/brb_media\/00505061_4-post-lift-sm65-sm55lt-om-dc-sp-de_2023_01_revf.pdf","title":"4 post lift SM65 SM55LT OM DC SP de 2023 01 RevF","mpn":"","thumbnail":"https:\/\/dev.codekraft.it\/rotary-2024\/wp-content\/uploads\/brb_media\/00505061_4-post-lift-sm65-sm55lt-om-dc-sp-de_2023_01_revf-pdf-106x150.png","description":""},{"id":350053,"url":"https:\/\/dev.codekraft.it\/rotary-2024\/wp-content\/uploads\/brb_media\/00374106_4-post-lift-sm-55lt-65-om-en-2014-10-revd-screen.pdf","title":"4 post lift sm 55lt 65 om en 2014 10 revd screen","mpn":"","thumbnail":"https:\/\/dev.codekraft.it\/rotary-2024\/wp-content\/uploads\/brb_media\/00374106_4-post-lift-sm-55lt-65-om-en-2014-10-revd-screen-pdf-116x150.png","description":""},{"id":350054,"url":"https:\/\/dev.codekraft.it\/rotary-2024\/wp-content\/uploads\/brb_media\/00374107_4-post-lift-sm-55lt-65-sp-de-2017-05.pdf","title":"4 post lift sm 55lt 65 sp de 2017 05","mpn":"","thumbnail":"https:\/\/dev.codekraft.it\/rotary-2024\/wp-content\/uploads\/brb_media\/00374107_4-post-lift-sm-55lt-65-sp-de-2017-05-pdf-106x150.png","description":""}],"brb_media_safety_datasheets":"","brb_media_spare_parts":[],"_cdmm_p_id":"395987","_company":"Elektron","_gtin":"","accessories":[{"id":378459,"mpn":"RJ-X26-2","name":"Achsfreiheber f\u00fcr SM40-SM65 | 2,6 t","description":"2,6 t","thumbnail":"https:\/\/dev.codekraft.it\/rotary-2024\/wp-content\/uploads\/brb_media\/00041709_jacking-beam-rj-x26-1-mi-150x150.png","url":"https:\/\/dev.codekraft.it\/rotary-2024\/produkte\/zubehor-hebebuhnen-de\/zubehor-4-saulen-hebebuhnen-de\/achsfreiheber-fur-sm40-sm65-26-t\/"},{"id":378465,"mpn":"T4","name":"Gummikl\u00f6tze","description":"Hartgummi-Auflagen, 160 x 120 x 80 mm | 1 Satz \/ 4 St\u00fcck","thumbnail":"https:\/\/dev.codekraft.it\/rotary-2024\/wp-content\/uploads\/brb_media\/00287553-150x150.png","url":"https:\/\/dev.codekraft.it\/rotary-2024\/produkte\/zubehor-hebebuhnen-de\/zubehor-doppelscheren-hebebuhnen-de\/gummiklotze\/"},{"id":379043,"mpn":"AK-SM65-55N-7040","name":"Achsvermessungskit Standard | f\u00fcr SM65-55","description":"N-Type, H\u00f6he 50 mm, bestehend aus F\u00fcllblechen und 4 Verschiebeplatten, ohne Drehteller | f\u00fcr 4-S\u00e4ulen-Hebeb\u00fchne SM65-55 | Grau (RAL 7040) | Rampenverl\u00e4ngerung EXRMP-SM40N empfohlen","thumbnail":"https:\/\/dev.codekraft.it\/rotary-2024\/wp-content\/uploads\/brb_media\/00309598_sm-65-alignment-kit-mi-150x150.png","url":"https:\/\/dev.codekraft.it\/rotary-2024\/produkte\/zubehor-hebebuhnen-de\/zubehor-scheren-hebebuhnen-de\/achsvermessungskit-standard-fur-sm65-55\/"},{"id":379884,"mpn":"AK-P-SM65-55N-7015","name":"Achsvermessungskit Premium | f\u00fcr SM65-55","description":"N-Type, f\u00fcr ebene Fahrbahn, ohne Drehteller | f\u00fcr 4-S\u00e4ulen-Hebeb\u00fchne SM65-55 | Grau (RAL 7015)","thumbnail":"https:\/\/dev.codekraft.it\/rotary-2024\/wp-content\/uploads\/brb_media\/00393008_4-post-lift-wheel-alignment-kit-di-150x150.png","url":"https:\/\/dev.codekraft.it\/rotary-2024\/produkte\/zubehor-hebebuhnen-de\/zubehor-4-saulen-hebebuhnen-de\/achsvermessungskit-premium-fur-sm65-55\/"},{"id":381147,"mpn":"FJ6171-2KIT","name":"Aufnahme-Verl\u00e4ngerungen 130 mm, f\u00fcr Achsheber 2,6 t","description":"Adapter f\u00fcr RJ-X26-2F\/3F (1 Satz \/ 2 St\u00fcck)","thumbnail":"https:\/\/dev.codekraft.it\/rotary-2024\/wp-content\/uploads\/brb_media\/00489186_fj6171-2kit-mi-150x150.jpg","url":"https:\/\/dev.codekraft.it\/rotary-2024\/produkte\/zubehor-hebebuhnen-de\/zubehor-4-saulen-hebebuhnen-de\/aufnahme-verlangerungen-130-mm-fur-achsheber-26-t\/"},{"id":378982,"mpn":"RJ-X40-2","name":"Achsfreiheber f\u00fcr SM65 | 4,0 t","description":"4,0 t","thumbnail":"https:\/\/dev.codekraft.it\/rotary-2024\/wp-content\/uploads\/brb_media\/00309601_jacking-beam-rj-x40-1-mi-150x150.png","url":"https:\/\/dev.codekraft.it\/rotary-2024\/produkte\/zubehor-hebebuhnen-de\/zubehor-4-saulen-hebebuhnen-de\/achsfreiheber-fur-sm65-40-t\/"},{"id":378958,"mpn":"AIRKIT-RJ01","name":"Nachr\u00fcstsatz Luftversorgungskit","description":"F\u00fcr Achsfreiheber","thumbnail":"https:\/\/dev.codekraft.it\/rotary-2024\/wp-content\/uploads\/brb_media\/00312549_4-post-lift-air-supply-di-150x150.png","url":"https:\/\/dev.codekraft.it\/rotary-2024\/produkte\/zubehor-hebebuhnen-de\/zubehor-4-saulen-hebebuhnen-de\/nachrustsatz-luftversorgungskit\/"},{"id":378946,"mpn":"LED-KIT-480","name":"LED-Beleuchtungs-Kit 4-fach, 24 V, 4800 mm","description":"","thumbnail":"https:\/\/dev.codekraft.it\/rotary-2024\/wp-content\/uploads\/brb_media\/00287577_s-40-50-lighting-set-mi-150x150.png","url":"https:\/\/dev.codekraft.it\/rotary-2024\/produkte\/zubehor-hebebuhnen-de\/zubehor-4-saulen-hebebuhnen-de\/led-beleuchtungs-kit-4-fach-24-v-4800-mm\/"},{"id":378976,"mpn":"RMP-SM40N","name":"Auffahrrampen-Kit","description":"Zusatzauffahrtsrampen, 900 mm","thumbnail":"https:\/\/dev.codekraft.it\/rotary-2024\/wp-content\/uploads\/brb_media\/00309599-150x150.png","url":"https:\/\/dev.codekraft.it\/rotary-2024\/produkte\/zubehor-hebebuhnen-de\/zubehor-4-saulen-hebebuhnen-de\/auffahrrampen-kit\/"},{"id":378964,"mpn":"EXRMP-SM40N","name":"Verl\u00e4ngerungskit f\u00fcr Auffahrrampe","description":"","thumbnail":"https:\/\/dev.codekraft.it\/rotary-2024\/wp-content\/uploads\/brb_media\/00393015_4-post-lift-extension-kit-for-ramps-di-150x150.png","url":"https:\/\/dev.codekraft.it\/rotary-2024\/produkte\/zubehor-hebebuhnen-de\/zubehor-4-saulen-hebebuhnen-de\/verlangerungskit-fur-auffahrrampe\/"},{"id":381123,"mpn":"DZRMP-SM1NC","name":"Unterflureinbausatz SMxxN\/B, mit CE-Stopp, ohne Achsvermessungskit","description":"4 kurze Rampen, f\u00fcr SM40-SM65","thumbnail":"https:\/\/dev.codekraft.it\/rotary-2024\/wp-content\/uploads\/brb_media\/00489182_dzrmp-sm1nc-mi-150x150.jpg","url":"https:\/\/dev.codekraft.it\/rotary-2024\/produkte\/zubehor-hebebuhnen-de\/zubehor-4-saulen-hebebuhnen-de\/unterflureinbausatz-smxxn-b-mit-ce-stopp-ohne-achsvermessungskit\/"},{"id":381135,"mpn":"DZRMP-SM6NC","name":"Unterflureinbausatz SM55LT\/65\/N\/B, mit CE-Stopp, mit Achsvermessungskit","description":"4 kurze Rampen, f\u00fcr SM55LT\/65\/N\/B","thumbnail":"https:\/\/dev.codekraft.it\/rotary-2024\/wp-content\/uploads\/brb_media\/00489184_dzrmp-sm6nc-mi-150x150.jpg","url":"https:\/\/dev.codekraft.it\/rotary-2024\/produkte\/zubehor-hebebuhnen-de\/zubehor-4-saulen-hebebuhnen-de\/unterflureinbausatz-sm55lt-65-n-b-mit-ce-stopp-mit-achsvermessungskit\/"},{"id":378916,"mpn":"T4B","name":"Gummikl\u00f6tze","description":"Hartgummi-Auflagen, 160 x 120 x 40 mm | 1 Satz \/ 4 St\u00fcck","thumbnail":"https:\/\/dev.codekraft.it\/rotary-2024\/wp-content\/uploads\/brb_media\/00393013_4-post-lift-rubber-pads-40mm-150x150.png","url":"https:\/\/dev.codekraft.it\/rotary-2024\/produkte\/zubehor-hebebuhnen-de\/zubehor-kurzhub-hebebuhnen-de\/gummiklotze-2\/"}],"components":[],"related":[],"page_logo_src":"https:\/\/dev.codekraft.it\/rotary-2024\/wp-content\/uploads\/2024\/05\/cropped-rotary-logo-2022.png","lang":"de","translations":{"de":378880,"en":378879,"fr":378881,"it":378882,"es":378883,"ru":378884},"pll_sync_post":[],"_links":{"self":[{"href":"https:\/\/dev.codekraft.it\/rotary-2024\/wp-json\/wp\/v2\/product\/378880","targetHints":{"allow":["GET"]}}],"collection":[{"href":"https:\/\/dev.codekraft.it\/rotary-2024\/wp-json\/wp\/v2\/product"}],"about":[{"href":"https:\/\/dev.codekraft.it\/rotary-2024\/wp-json\/wp\/v2\/types\/product"}],"wp:featuredmedia":[{"embeddable":true,"href":"https:\/\/dev.codekraft.it\/rotary-2024\/wp-json\/wp\/v2\/media\/350458"}],"wp:attachment":[{"href":"https:\/\/dev.codekraft.it\/rotary-2024\/wp-json\/wp\/v2\/media?parent=378880"}],"wp:term":[{"taxonomy":"product_brand","embeddable":true,"href":"https:\/\/dev.codekraft.it\/rotary-2024\/wp-json\/wp\/v2\/product_brand?post=378880"},{"taxonomy":"product_cat","embeddable":true,"href":"https:\/\/dev.codekraft.it\/rotary-2024\/wp-json\/wp\/v2\/product_cat?post=378880"},{"taxonomy":"product_tag","embeddable":true,"href":"https:\/\/dev.codekraft.it\/rotary-2024\/wp-json\/wp\/v2\/product_tag?post=378880"},{"taxonomy":"product_approvals","embeddable":true,"href":"https:\/\/dev.codekraft.it\/rotary-2024\/wp-json\/wp\/v2\/product_approvals?post=378880"},{"taxonomy":"product_application","embeddable":true,"href":"https:\/\/dev.codekraft.it\/rotary-2024\/wp-json\/wp\/v2\/product_application?post=378880"}],"curies":[{"name":"wp","href":"https:\/\/api.w.org\/{rel}","templated":true}]}}