{"id":378857,"date":"2025-12-11T10:10:51","date_gmt":"2025-12-11T10:10:51","guid":{"rendered":"https:\/\/dev.codekraft.it\/rotary-2024\/products\/uncategorized\/traverse-pour-hydrolift-62\/"},"modified":"2025-12-11T10:10:51","modified_gmt":"2025-12-11T10:10:51","slug":"traverse-pour-hydrolift-62","status":"publish","type":"product","link":"https:\/\/dev.codekraft.it\/rotary-2024\/fr\/produits\/accessoires-ponts-elevateurs-fr\/accessoires-ponts-elevateurs-a-colonnes-mobiles-fr\/traverse-pour-hydrolift-62\/","title":{"rendered":"Traverse pour HydroLift 6,2"},"content":{"rendered":"<ul>\n<li>Extra mince faisceau traverse mobile pour le levage roue-libre des v\u00e9hicules \u00e0 ch\u00e2ssis<\/li>\n<\/ul>\n<p><strong>\u00c9tendue de la prestation :<\/strong><\/p>\n<ul>\n<li>Traverse<\/li>\n<li>4 roues pivotantes<\/li>\n<li>2 mobiles supports de plaques d&#8217;aluminium<\/li>\n<li>2 entretoises<\/li>\n<li>2 plaques de support<\/li>\n<\/ul>\n","protected":false},"excerpt":{"rendered":"<p>12,4 t<\/p>\n","protected":false},"featured_media":350432,"template":"","meta":[],"product_cat":[1033810],"product_tag":[1034145,1034128,1034197,1034262,1034180,1034231,1034214,1034163],"product_approvals":[],"product_application":[],"class_list":{"0":"post-378857","1":"product","2":"type-product","3":"status-publish","4":"has-post-thumbnail","6":"product_cat-accessoires-ponts-elevateurs-a-colonnes-mobiles-fr","7":"product_tag-buses-fr","8":"product_tag-trucks-fr","9":"product_tag-motor-homes-fr","10":"product_tag-remorques-fr","11":"product_tag-light-commercial-fr","12":"product_tag-tracked-vehicles-fr","13":"product_tag-agricultural-machines-fr","14":"product_tag-passenger-cars-fr","16":"first","17":"instock","18":"shipping-taxable","19":"product-type-simple"},"approvals":[],"application":[],"brb_media_brochure":"","brb_media_drawing":"","brb_media_manuals":[{"id":378854,"url":"https:\/\/dev.codekraft.it\/rotary-2024\/wp-content\/uploads\/brb_media\/00550407_hydrolift-supporting-om-132144-de-2024-12-rev-0.pdf","title":"Hydrolift Supporting OM 132144 de 2024 12 Rev 0","thumbnail":"https:\/\/dev.codekraft.it\/rotary-2024\/wp-content\/uploads\/brb_media\/00550407_hydrolift-supporting-om-132144-de-2024-12-rev-0-pdf-106x150.png","description":""}],"brb_media_safety_datasheets":"","brb_media_spare_parts":[],"_cdmm_p_id":"395107","_company":"Elektron","_gtin":"4057612285185","accessories":[{"id":378869,"cdmm_p_id":"395166","name":"Traverse pour HydroLift 6,2","description":"Capacit\u00e9 de charge max. 12,4 t, traverse de pivot de fus\u00e9e | uniquement en combinaison avec traverse (N\u00b0 article 120204)","thumbnail":"https:\/\/dev.codekraft.it\/rotary-2024\/wp-content\/uploads\/brb_media\/00263259_hydrolift-s2-mounting-agrar-150x150.png","url":"https:\/\/dev.codekraft.it\/rotary-2024\/fr\/produits\/accessoires-ponts-elevateurs-fr\/accessoires-ponts-elevateurs-a-colonnes-mobiles-fr\/traverse-pour-hydrolift-62-3\/"}],"components":[],"related":[],"similar":[],"lang":"fr","translations":{"fr":378857,"en":378853,"de":378856,"it":378858,"es":378859,"ru":378860},"pll_sync_post":[],"_links":{"self":[{"href":"https:\/\/dev.codekraft.it\/rotary-2024\/wp-json\/wp\/v2\/product\/378857","targetHints":{"allow":["GET"]}}],"collection":[{"href":"https:\/\/dev.codekraft.it\/rotary-2024\/wp-json\/wp\/v2\/product"}],"about":[{"href":"https:\/\/dev.codekraft.it\/rotary-2024\/wp-json\/wp\/v2\/types\/product"}],"wp:featuredmedia":[{"embeddable":true,"href":"https:\/\/dev.codekraft.it\/rotary-2024\/wp-json\/wp\/v2\/media\/350432"}],"wp:attachment":[{"href":"https:\/\/dev.codekraft.it\/rotary-2024\/wp-json\/wp\/v2\/media?parent=378857"}],"wp:term":[{"taxonomy":"product_cat","embeddable":true,"href":"https:\/\/dev.codekraft.it\/rotary-2024\/wp-json\/wp\/v2\/product_cat?post=378857"},{"taxonomy":"product_tag","embeddable":true,"href":"https:\/\/dev.codekraft.it\/rotary-2024\/wp-json\/wp\/v2\/product_tag?post=378857"},{"taxonomy":"product_approvals","embeddable":true,"href":"https:\/\/dev.codekraft.it\/rotary-2024\/wp-json\/wp\/v2\/product_approvals?post=378857"},{"taxonomy":"product_application","embeddable":true,"href":"https:\/\/dev.codekraft.it\/rotary-2024\/wp-json\/wp\/v2\/product_application?post=378857"}],"curies":[{"name":"wp","href":"https:\/\/api.w.org\/{rel}","templated":true}]}}