{"id":378834,"date":"2025-09-08T08:40:13","date_gmt":"2025-09-08T08:40:13","guid":{"rendered":"https:\/\/dev.codekraft.it\/rotary-2024\/products\/uncategorized\/2-saulen-hebebuhne-spoa40e-bmw\/"},"modified":"2025-09-08T08:40:13","modified_gmt":"2025-09-08T08:40:13","slug":"2-saulen-hebebuhne-spoa40e-bmw","status":"publish","type":"product","link":"https:\/\/dev.codekraft.it\/rotary-2024\/produkte\/hebebuhnen-de\/2-saulen-hebebuhnen-de\/2-saulen-hebebuhne-spoa40e-bmw\/","title":{"rendered":"2-S\u00e4ulen-Hebeb\u00fchne SPOA40E-BMW"},"content":{"rendered":"<p>Die elektro-hydraulische 2-S\u00e4ulen Hebeb\u00fchnen der SPO-Serie \u00fcberzeugen durch einen \u00fcberragenden Aufnahmebereich. Bei der Steuerung stehen eine manuelle und eine elektrische Variante zur Auswahl, ebenso verschiedene S\u00e4ulenh\u00f6hen.<\/p>\n<ul>\n<li>SPOA40-5 die Tragarmvariante f\u00fcr gepanzerte Pkw<\/li>\n<\/ul>\n<ul>\n<li>SPO-Serie &#8211; die meist verkaufte Hebeb\u00fchne der Welt<\/li>\n<li>Maximale Sicherheit mit Rotary 3PSS-Concept<\/li>\n<li>Aufnahmebereich von SMART bis Transporter (SPO40)<\/li>\n<\/ul>\n<ul>\n<li>Beidseitig integrierte mechanische Sicherheitsklinken mit automatischer Bet\u00e4tigung<\/li>\n<li>Lastfrei gelagerte Synchronisations-Seilz\u00fcge sichern die Last w\u00e4hrend des Hub- und Senkvorgangs<\/li>\n<li>Durch R\u00fcckschlagventil gesichertes Hydrauliksystem inklusive wartungsfreier Hochdruckzylinder in beiden S\u00e4ulen<\/li>\n<\/ul>\n<ul>\n<li>3PSS Concept (3 Phase Security System) beinhaltet:\n<ul>\n<li>Die maximale Durchfahrbreite bei minimalen Au\u00dfenabmessungen sowie die grundrahmenfreie Konstruktion gew\u00e4hrleisten ein problemloses Befahren der Hebeb\u00fchne<\/li>\n<li>Das Doppel S-Profil der Hubs\u00e4ulen erm\u00f6glicht h\u00f6chste Stabilit\u00e4t bei minimalem Raumbedarf. Die Kontaktfl\u00e4che der in den Hubs\u00e4ulen gef\u00fchrten Hubschlitten wird dar\u00fcber hinaus deutlich vergr\u00f6\u00dfert.<\/li>\n<li>Die Drehteller sind steckbar und k\u00f6nnen mit Aufsatzst\u00fccken stabil und kosteng\u00fcnstig verl\u00e4ngert oder ersetzt werden.<\/li>\n<\/ul>\n<\/li>\n<\/ul>\n<ul>\n<li>F\u00fcr ein Plus an Ergonomie und Wirtschaftlichkeit ist das 2. Bedienteil bei der SPO40 serienm\u00e4\u00dfig. Eine Bedieneinheit ist mit einem 220 V Anschluss (mit 16 Ampere f\u00fcr elektrische Handwerkzeuge abgesichert) und die zweite mit einer Druckluftvorbereitung ausgestattet.<\/li>\n<li>Die obere Sicherheitsabschaltung sch\u00fctzt Fahrzeuge mit gr\u00f6\u00dferer Bauh\u00f6he wirkungsvoll vor Besch\u00e4digungen beim Heben.<\/li>\n<li>Die elektro-hydraulische Bauweise mit lediglich einem Aggregat sorgt f\u00fcr einen energiesparenden Betrieb bei schnellen Hub- und Senkzeiten.<\/li>\n<li>Angeflanscht am oberen Bereich der Hubs\u00e4ule ist das Aggregat gesch\u00fctzt vor \u00e4u\u00dferen Einfl\u00fcssen und erm\u00f6glicht mehr Bewegungsfreiheit.<\/li>\n<li>Rotary Hydraulik steht f\u00fcr maximale Servicefreundlichkeit bei minimalen Betriebskosten<\/li>\n<li>Die Tragarme werden beim Anheben automatisch arretiert. Ist die B\u00fchne vollst\u00e4ndig abgesenkt wird diese Arretierung selbst\u00e4ndig gel\u00f6st. Die besonders feine Rasterung und eine manuelle Entriegelungs-Funktion erweitern den Bedienungskomfort.<\/li>\n<\/ul>\n","protected":false},"excerpt":{"rendered":"<p>4,5 t, elektrohydraulisch, Doppelsteuerpult, Tragarme vorne 3-teilig, asymmetrisch, Gesamth\u00f6he 4170 mm<\/p>\n","protected":false},"featured_media":349892,"template":"","meta":[],"product_brand":[],"product_cat":[1033360],"product_tag":[1034161],"product_approvals":[1017575,1014904,1014887],"product_application":[],"class_list":{"0":"post-378834","1":"product","2":"type-product","3":"status-publish","4":"has-post-thumbnail","6":"product_cat-2-saulen-hebebuhnen-de","7":"product_tag-passenger-cars-de","8":"product_approvals-bmw-de","9":"product_approvals-mini-de","10":"product_approvals-rolls-royce-de","12":"first","13":"instock","14":"shipping-taxable","15":"product-type-simple"},"approvals":[{"term_id":1017575,"name":"BMW","slug":"bmw-de","term_group":0,"term_taxonomy_id":1017574,"taxonomy":"product_approvals","description":"","parent":0,"count":8,"filter":"raw"},{"term_id":1014904,"name":"Mini","slug":"mini-de","term_group":0,"term_taxonomy_id":1014903,"taxonomy":"product_approvals","description":"","parent":0,"count":8,"filter":"raw"},{"term_id":1014887,"name":"Rolls Royce","slug":"rolls-royce-de","term_group":0,"term_taxonomy_id":1014886,"taxonomy":"product_approvals","description":"","parent":0,"count":8,"filter":"raw"}],"application":[],"brb_media_brochure":[{"id":350362,"url":"https:\/\/dev.codekraft.it\/rotary-2024\/wp-content\/uploads\/brb_media\/00392468_2-post-lift-spo-a-40m-spo-a-40e-br-126497-de-2018-02-screen.pdf","title":"2 post lift spo a 40m spo a 40e br 126497 de 2018 02 screen","mpn":"","thumbnail":"https:\/\/dev.codekraft.it\/rotary-2024\/wp-content\/uploads\/brb_media\/00392468_2-post-lift-spo-a-40m-spo-a-40e-br-126497-de-2018-02-screen-pdf-106x150.png","description":""},{"id":350363,"url":"https:\/\/dev.codekraft.it\/rotary-2024\/wp-content\/uploads\/brb_media\/00396822_2-post-lift-spo-a-40m-spo-a-40e-br-126498-en-2018-03-screen.pdf","title":"2 post lift spo a 40m spo a 40e br 126498 en 2018 03 screen","mpn":"","thumbnail":"https:\/\/dev.codekraft.it\/rotary-2024\/wp-content\/uploads\/brb_media\/00396822_2-post-lift-spo-a-40m-spo-a-40e-br-126498-en-2018-03-screen-pdf-106x150.png","description":""},{"id":350364,"url":"https:\/\/dev.codekraft.it\/rotary-2024\/wp-content\/uploads\/brb_media\/00396823_2-post-lift-spo-a-40m-spo-a-40e-br-126499-fr-2018-03-screen.pdf","title":"2 post lift spo a 40m spo a 40e br 126499 fr 2018 03 screen","mpn":"","thumbnail":"https:\/\/dev.codekraft.it\/rotary-2024\/wp-content\/uploads\/brb_media\/00396823_2-post-lift-spo-a-40m-spo-a-40e-br-126499-fr-2018-03-screen-pdf-106x150.png","description":""},{"id":350365,"url":"https:\/\/dev.codekraft.it\/rotary-2024\/wp-content\/uploads\/brb_media\/00396824_2-post-lift-spo-a-40m-spo-a-40e-br-126500-it-2018-03-screen.pdf","title":"2 post lift spo a 40m spo a 40e br 126500 it 2018 03 screen","mpn":"","thumbnail":"https:\/\/dev.codekraft.it\/rotary-2024\/wp-content\/uploads\/brb_media\/00396824_2-post-lift-spo-a-40m-spo-a-40e-br-126500-it-2018-03-screen-pdf-106x150.png","description":""},{"id":350366,"url":"https:\/\/dev.codekraft.it\/rotary-2024\/wp-content\/uploads\/brb_media\/00396825_2-post-lift-spo-a-40m-spo-a-40e-br-126501-es-2018-03-screen.pdf","title":"2 post lift spo a 40m spo a 40e br 126501 es 2018 03 screen","mpn":"","thumbnail":"https:\/\/dev.codekraft.it\/rotary-2024\/wp-content\/uploads\/brb_media\/00396825_2-post-lift-spo-a-40m-spo-a-40e-br-126501-es-2018-03-screen-pdf-106x150.png","description":""},{"id":350367,"url":"https:\/\/dev.codekraft.it\/rotary-2024\/wp-content\/uploads\/brb_media\/00396826_2-post-lift-spo-a-40m-spo-a-40e-br-126502-ru-2018-03-screen.pdf","title":"2 post lift spo a 40m spo a 40e br 126502 ru 2018 03 screen","mpn":"","thumbnail":"https:\/\/dev.codekraft.it\/rotary-2024\/wp-content\/uploads\/brb_media\/00396826_2-post-lift-spo-a-40m-spo-a-40e-br-126502-ru-2018-03-screen-pdf-106x150.png","description":""}],"brb_media_drawing":[{"id":349917,"url":"https:\/\/dev.codekraft.it\/rotary-2024\/wp-content\/uploads\/brb_media\/00407423_2-post-lift-spoa40e-5_8806.pdf","title":"2 post lift spoa40e 5 8806","mpn":"","thumbnail":"https:\/\/dev.codekraft.it\/rotary-2024\/wp-content\/uploads\/brb_media\/00407423_2-post-lift-spoa40e-5_8806-pdf-150x106.png","description":""},{"id":349918,"url":"https:\/\/dev.codekraft.it\/rotary-2024\/wp-content\/uploads\/brb_media\/00407424_2-post-lift-spoa40e-5_8807.pdf","title":"2 post lift spoa40e 5 8807","mpn":"","thumbnail":"https:\/\/dev.codekraft.it\/rotary-2024\/wp-content\/uploads\/brb_media\/00407424_2-post-lift-spoa40e-5_8807-pdf-150x105.png","description":""}],"brb_media_manuals":[{"id":349900,"url":"https:\/\/dev.codekraft.it\/rotary-2024\/wp-content\/uploads\/brb_media\/00073727_2-post-lift-spoa-30-40-spo-40-600m-700e-sp-pb23230-de-2007-01-screen.pdf","title":"2 post lift spoa 30 40 spo 40 600m 700e sp pb23230 de 2007 01 screen","mpn":"","thumbnail":"https:\/\/dev.codekraft.it\/rotary-2024\/wp-content\/uploads\/brb_media\/00073727_2-post-lift-spoa-30-40-spo-40-600m-700e-sp-pb23230-de-2007-01-screen-pdf-116x150.png","description":""},{"id":349899,"url":"https:\/\/dev.codekraft.it\/rotary-2024\/wp-content\/uploads\/brb_media\/00073728_2-post-lift-spoa-30-40-spo-40-600m-700e-sp-pb23230-en-2007-01-screen.pdf","title":"2 post lift spoa 30 40 spo 40 600m 700e sp pb23230 en 2007 01 screen","mpn":"","thumbnail":"https:\/\/dev.codekraft.it\/rotary-2024\/wp-content\/uploads\/brb_media\/00073728_2-post-lift-spoa-30-40-spo-40-600m-700e-sp-pb23230-en-2007-01-screen-pdf-116x150.png","description":""},{"id":349901,"url":"https:\/\/dev.codekraft.it\/rotary-2024\/wp-content\/uploads\/brb_media\/00073729_2-post-lift-spoa-30-40-spo-40-600m-700e-sp-pb23230-fr-2007-01-screen.pdf","title":"2 post lift spoa 30 40 spo 40 600m 700e sp pb23230 fr 2007 01 screen","mpn":"","thumbnail":"https:\/\/dev.codekraft.it\/rotary-2024\/wp-content\/uploads\/brb_media\/00073729_2-post-lift-spoa-30-40-spo-40-600m-700e-sp-pb23230-fr-2007-01-screen-pdf-116x150.png","description":""},{"id":349902,"url":"https:\/\/dev.codekraft.it\/rotary-2024\/wp-content\/uploads\/brb_media\/00073730_2-post-lift-spoa-30-40-spo-40-600m-700e-sp-pb23230-it-2007-01-screen.pdf","title":"2 post lift spoa 30 40 spo 40 600m 700e sp pb23230 it 2007 01 screen","mpn":"","thumbnail":"https:\/\/dev.codekraft.it\/rotary-2024\/wp-content\/uploads\/brb_media\/00073730_2-post-lift-spoa-30-40-spo-40-600m-700e-sp-pb23230-it-2007-01-screen-pdf-116x150.png","description":""},{"id":349903,"url":"https:\/\/dev.codekraft.it\/rotary-2024\/wp-content\/uploads\/brb_media\/00073731_2-post-lift-spoa-30-40-spo-40-600m-700e-sp-pb23230-es-2007-01-screen.pdf","title":"2 post lift spoa 30 40 spo 40 600m 700e sp pb23230 es 2007 01 screen","mpn":"","thumbnail":"https:\/\/dev.codekraft.it\/rotary-2024\/wp-content\/uploads\/brb_media\/00073731_2-post-lift-spoa-30-40-spo-40-600m-700e-sp-pb23230-es-2007-01-screen-pdf-116x150.png","description":""},{"id":349904,"url":"https:\/\/dev.codekraft.it\/rotary-2024\/wp-content\/uploads\/brb_media\/00272950_2-post-lift-spoa-30-40-spo-40-600m-700e-im-in20412-de-2015-03.pdf","title":"2 post lift spoa 30 40 spo 40 600m 700e im in20412 de 2015 03","mpn":"","thumbnail":"https:\/\/dev.codekraft.it\/rotary-2024\/wp-content\/uploads\/brb_media\/00272950_2-post-lift-spoa-30-40-spo-40-600m-700e-im-in20412-de-2015-03-pdf-116x150.png","description":""},{"id":349905,"url":"https:\/\/dev.codekraft.it\/rotary-2024\/wp-content\/uploads\/brb_media\/00272951_2-post-lift-spoa-30-40-spo-40-600m-700e-im-in20412-en-2015-03.pdf","title":"2 post lift spoa 30 40 spo 40 600m 700e im in20412 en 2015 03","mpn":"","thumbnail":"https:\/\/dev.codekraft.it\/rotary-2024\/wp-content\/uploads\/brb_media\/00272951_2-post-lift-spoa-30-40-spo-40-600m-700e-im-in20412-en-2015-03-pdf-116x150.png","description":""},{"id":349906,"url":"https:\/\/dev.codekraft.it\/rotary-2024\/wp-content\/uploads\/brb_media\/00272953_2-post-lift-spoa-30-40-spo-40-600m-700e-im-in20412-fr-2015-03.pdf","title":"2 post lift spoa 30 40 spo 40 600m 700e im in20412 fr 2015 03","mpn":"","thumbnail":"https:\/\/dev.codekraft.it\/rotary-2024\/wp-content\/uploads\/brb_media\/00272953_2-post-lift-spoa-30-40-spo-40-600m-700e-im-in20412-fr-2015-03-pdf-116x150.png","description":""},{"id":349907,"url":"https:\/\/dev.codekraft.it\/rotary-2024\/wp-content\/uploads\/brb_media\/00272954_2-post-lift-spoa-30-40-spo-40-600m-700e-im-in20412-it-2015-03.pdf","title":"2 post lift spoa 30 40 spo 40 600m 700e im in20412 it 2015 03","mpn":"","thumbnail":"https:\/\/dev.codekraft.it\/rotary-2024\/wp-content\/uploads\/brb_media\/00272954_2-post-lift-spoa-30-40-spo-40-600m-700e-im-in20412-it-2015-03-pdf-116x150.png","description":""},{"id":349908,"url":"https:\/\/dev.codekraft.it\/rotary-2024\/wp-content\/uploads\/brb_media\/00272952_2-post-lift-spoa-30-40-spo-40-600m-700e-im-in20412-es-2015-03.pdf","title":"2 post lift spoa 30 40 spo 40 600m 700e im in20412 es 2015 03","mpn":"","thumbnail":"https:\/\/dev.codekraft.it\/rotary-2024\/wp-content\/uploads\/brb_media\/00272952_2-post-lift-spoa-30-40-spo-40-600m-700e-im-in20412-es-2015-03-pdf-116x150.png","description":""},{"id":349909,"url":"https:\/\/dev.codekraft.it\/rotary-2024\/wp-content\/uploads\/brb_media\/00116895_2-post-lift-spoa-30-40-spo-40-54-m-e-600-with-inspection-book-om-om20183-de-2005-10-screen.pdf","title":"2 post lift spoa 30 40 spo 40 54 m e 600 with inspection book om om20183 de 2005 10 screen","mpn":"","thumbnail":"https:\/\/dev.codekraft.it\/rotary-2024\/wp-content\/uploads\/brb_media\/00116895_2-post-lift-spoa-30-40-spo-40-54-m-e-600-with-inspection-book-om-om20183-de-2005-10-screen-pdf-116x150.png","description":""},{"id":349910,"url":"https:\/\/dev.codekraft.it\/rotary-2024\/wp-content\/uploads\/brb_media\/00116896_2-post-lift-spoa-30-40-spo-40-54-m-e-600-om-om20183-en-2005-10-screen.pdf","title":"2 post lift spoa 30 40 spo 40 54 m e 600 om om20183 en 2005 10 screen","mpn":"","thumbnail":"https:\/\/dev.codekraft.it\/rotary-2024\/wp-content\/uploads\/brb_media\/00116896_2-post-lift-spoa-30-40-spo-40-54-m-e-600-om-om20183-en-2005-10-screen-pdf-116x150.png","description":""},{"id":349913,"url":"https:\/\/dev.codekraft.it\/rotary-2024\/wp-content\/uploads\/brb_media\/00116899_2-post-lift-spoa-30-40-spo-40-54-m-e-600-om-om20183-es-2005-10-screen.pdf","title":"2 post lift spoa 30 40 spo 40 54 m e 600 om om20183 es 2005 10 screen","mpn":"","thumbnail":"https:\/\/dev.codekraft.it\/rotary-2024\/wp-content\/uploads\/brb_media\/00116899_2-post-lift-spoa-30-40-spo-40-54-m-e-600-om-om20183-es-2005-10-screen-pdf-116x150.png","description":""},{"id":349911,"url":"https:\/\/dev.codekraft.it\/rotary-2024\/wp-content\/uploads\/brb_media\/00116897_2-post-lift-spoa-30-40-spo-40-54-m-e-600-om-om20183-fr-2005-10-screen.pdf","title":"2 post lift spoa 30 40 spo 40 54 m e 600 om om20183 fr 2005 10 screen","mpn":"","thumbnail":"https:\/\/dev.codekraft.it\/rotary-2024\/wp-content\/uploads\/brb_media\/00116897_2-post-lift-spoa-30-40-spo-40-54-m-e-600-om-om20183-fr-2005-10-screen-pdf-116x150.png","description":""},{"id":349912,"url":"https:\/\/dev.codekraft.it\/rotary-2024\/wp-content\/uploads\/brb_media\/00116898_2-post-lift-spoa-30-40-spo-40-54-m-e-600-om-om20183-it-2005-10-screen.pdf","title":"2 post lift spoa 30 40 spo 40 54 m e 600 om om20183 it 2005 10 screen","mpn":"","thumbnail":"https:\/\/dev.codekraft.it\/rotary-2024\/wp-content\/uploads\/brb_media\/00116898_2-post-lift-spoa-30-40-spo-40-54-m-e-600-om-om20183-it-2005-10-screen-pdf-116x150.png","description":""},{"id":349914,"url":"https:\/\/dev.codekraft.it\/rotary-2024\/wp-content\/uploads\/brb_media\/00116900_2-post-lift-spoa-30-40-spo-40-54-m-e-600-om-om20183-ru-2005-10-screen.pdf","title":"2 post lift spoa 30 40 spo 40 54 m e 600 om om20183 ru 2005 10 screen","mpn":"","thumbnail":"https:\/\/dev.codekraft.it\/rotary-2024\/wp-content\/uploads\/brb_media\/00116900_2-post-lift-spoa-30-40-spo-40-54-m-e-600-om-om20183-ru-2005-10-screen-pdf-116x150.png","description":""},{"id":349915,"url":"https:\/\/dev.codekraft.it\/rotary-2024\/wp-content\/uploads\/brb_media\/00116915_2-post-lift-spoa-30-40-spo-40-600m-700e-sp-pb23230-ru-2007-01-screen.pdf","title":"2 post lift spoa 30 40 spo 40 600m 700e sp pb23230 ru 2007 01 screen","mpn":"","thumbnail":"https:\/\/dev.codekraft.it\/rotary-2024\/wp-content\/uploads\/brb_media\/00116915_2-post-lift-spoa-30-40-spo-40-600m-700e-sp-pb23230-ru-2007-01-screen-pdf-116x150.png","description":""},{"id":349916,"url":"https:\/\/dev.codekraft.it\/rotary-2024\/wp-content\/uploads\/brb_media\/00116916_2-post-lift-spoa-30-40-spo-40-600m-700e-im-in20412-ru-2007-01-screen.pdf","title":"2 post lift spoa 30 40 spo 40 600m 700e im in20412 ru 2007 01 screen","mpn":"","thumbnail":"https:\/\/dev.codekraft.it\/rotary-2024\/wp-content\/uploads\/brb_media\/00116916_2-post-lift-spoa-30-40-spo-40-600m-700e-im-in20412-ru-2007-01-screen-pdf-116x150.png","description":""}],"brb_media_safety_datasheets":"","brb_media_spare_parts":[],"_cdmm_p_id":"372467","_company":"Elektron","_gtin":"","accessories":[{"id":378606,"mpn":"FJ6216","name":"Aufnahmeadapter","description":"Dorn, kurz | f\u00fcr Mercedes Sprinter, VW Crafter - vorn \/ f\u00fcr SPO54 | 1 Satz \/ 2 St\u00fcck","thumbnail":"https:\/\/dev.codekraft.it\/rotary-2024\/wp-content\/uploads\/brb_media\/00170442_spoa-40-support-kit-mercedes-sprinter-mi-150x150.png","url":"https:\/\/dev.codekraft.it\/rotary-2024\/produkte\/zubehor-hebebuhnen-de\/lastaufnahmemittel-de\/aufnahmeadapter\/"},{"id":378453,"mpn":"FJ7880BBK","name":"Adapterverl\u00e4ngerungen","description":"4 x 89 mm, 4 x 127 mm, inkl. 2 Haltern zur Montage an den S\u00e4ulen | f\u00fcr SPOA40 | 1 Satz \/ 8 St\u00fcck","thumbnail":"https:\/\/dev.codekraft.it\/rotary-2024\/wp-content\/uploads\/brb_media\/00040944_spoa-40-adapter-extension-set-02-89mm-127mm-mi-150x150.png","url":"https:\/\/dev.codekraft.it\/rotary-2024\/produkte\/zubehor-hebebuhnen-de\/zubehor-2-saulen-hebebuhnen-de\/adapterverlangerungen\/"},{"id":383983,"mpn":"VSG.2CALL.902641","name":"Werkzeug-Ablageschalen","description":"Magnetisch | 1 Satz \/ 2 St\u00fcck","thumbnail":"https:\/\/dev.codekraft.it\/rotary-2024\/wp-content\/uploads\/brb_media\/00509504_2-post-lift-vsg2call902641-mi-150x150.png","url":"https:\/\/dev.codekraft.it\/rotary-2024\/produkte\/zubehor-hebebuhnen-de\/zubehor-2-saulen-hebebuhnen-de\/werkzeug-ablageschalen\/"},{"id":381087,"mpn":"FJ6216C","name":"Aufnahmeadapter","description":"Tragteller, Gummiauflage, rund | \u00d8 80 mm | 1 Satz \/ 4 St\u00fcck","thumbnail":"https:\/\/dev.codekraft.it\/rotary-2024\/wp-content\/uploads\/brb_media\/00535980_2-post-lift-fj6216c-mi-150x150.png","url":"https:\/\/dev.codekraft.it\/rotary-2024\/produkte\/zubehor-hebebuhnen-de\/lastaufnahmemittel-de\/aufnahmeadapter-7\/"},{"id":382527,"mpn":"VSG.2CALL.901538","name":"Aufnahmeadapter","description":"Tragteller, Gummiauflage, rechteckig | f\u00fcr Tesla | 1 Satz \/ 4 St\u00fcck","thumbnail":"https:\/\/dev.codekraft.it\/rotary-2024\/wp-content\/uploads\/brb_media\/00505100_2-post-lift-vsg2call901538-mi-150x150.png","url":"https:\/\/dev.codekraft.it\/rotary-2024\/produkte\/zubehor-hebebuhnen-de\/lastaufnahmemittel-de\/aufnahmeadapter-8\/"},{"id":382533,"mpn":"VSG.2CALL.902023","name":"Aufnahmeadapter","description":"Tragteller, Zentrierpilz | f\u00fcr Fiat 500E, 500 ABARTH | 2-stufig | 1 Satz \/ 4 St\u00fcck","thumbnail":"https:\/\/dev.codekraft.it\/rotary-2024\/wp-content\/uploads\/brb_media\/00505105_2-post-lift-vsg2call902023-mi-150x150.png","url":"https:\/\/dev.codekraft.it\/rotary-2024\/produkte\/zubehor-hebebuhnen-de\/lastaufnahmemittel-de\/aufnahmeadapter-9\/"},{"id":382539,"mpn":"VSG.2CALL.902146","name":"Aufnahmeadapter","description":"Prisma | f\u00fcr VW-MEB-Plattform-E-Fahrzeuge | 1 Satz \/ 4 St\u00fcck","thumbnail":"https:\/\/dev.codekraft.it\/rotary-2024\/wp-content\/uploads\/brb_media\/00509505_2-post-lift-vsg2call902146-mi-150x150.png","url":"https:\/\/dev.codekraft.it\/rotary-2024\/produkte\/zubehor-hebebuhnen-de\/lastaufnahmemittel-de\/aufnahmeadapter-10\/"},{"id":382563,"mpn":"VSG.2CALL.901330","name":"Aufnahmeadapter","description":"Tragteller, U-Aufnahme | 1 Satz \/ 4 St\u00fcck","thumbnail":"https:\/\/dev.codekraft.it\/rotary-2024\/wp-content\/uploads\/brb_media\/00505104_2-post-lift-vsg2call901330-mi-150x150.png","url":"https:\/\/dev.codekraft.it\/rotary-2024\/produkte\/zubehor-hebebuhnen-de\/lastaufnahmemittel-de\/aufnahmeadapter-11\/"},{"id":384183,"mpn":"VSG.2CALL.901859","name":"Aufnahmeadapter","description":"Prisma | f\u00fcr Mercedes G-Klasse - vorn und hinten | 1 Satz \/ 4 St\u00fcck","thumbnail":"https:\/\/dev.codekraft.it\/rotary-2024\/wp-content\/uploads\/brb_media\/00511001_2-post-lift-vsg2call901859-mi-150x150.png","url":"https:\/\/dev.codekraft.it\/rotary-2024\/produkte\/zubehor-hebebuhnen-de\/lastaufnahmemittel-de\/aufnahmeadapter-14\/"},{"id":379824,"mpn":"FJ6210C","name":"Aufnahmeadapter","description":"Prisma | f\u00fcr Mercedes Sprinter, VW Crafter - hinten \/ f\u00fcr SPO54\/55 | 1 Satz \/ 2 St\u00fcck","thumbnail":"https:\/\/dev.codekraft.it\/rotary-2024\/wp-content\/uploads\/brb_media\/00528243_spo55-vehicle-safety-catch-adapter-mi-fj6210c-150x150.png","url":"https:\/\/dev.codekraft.it\/rotary-2024\/produkte\/zubehor-hebebuhnen-de\/lastaufnahmemittel-de\/aufnahmeadapter-5\/"},{"id":384177,"mpn":"VSG.2CALL.901606","name":"Aufnahmeadapter","description":"Dorn | f\u00fcr Fiat Ducato, Peugeot Boxer, Citro\u00ebn Jumper - vorn und hinten | 1 Satz \/ 4 St\u00fcck","thumbnail":"https:\/\/dev.codekraft.it\/rotary-2024\/wp-content\/uploads\/brb_media\/00510999_2-post-lift-vsg2call901606-mi-150x150.png","url":"https:\/\/dev.codekraft.it\/rotary-2024\/produkte\/zubehor-hebebuhnen-de\/lastaufnahmemittel-de\/aufnahmeadapter-13\/"},{"id":384171,"mpn":"VSG.2CALL.901712","name":"Aufnahmeadapter","description":"Prisma, Dorn | f\u00fcr Mercedes Sprinter, VW Crafter | 1 Satz \/ 6 St\u00fcck","thumbnail":"https:\/\/dev.codekraft.it\/rotary-2024\/wp-content\/uploads\/brb_media\/00511000_2-post-lift-vsg2call901712-mi-150x150.png","url":"https:\/\/dev.codekraft.it\/rotary-2024\/produkte\/zubehor-hebebuhnen-de\/lastaufnahmemittel-de\/aufnahmeadapter-12\/"},{"id":382162,"mpn":"GP-SPO40Y","name":"Hilfsb\u00fcgel","description":"F\u00fcr Grundplatten SPO\/A40 | 1 Satz \/ 2 St\u00fcck","thumbnail":"https:\/\/dev.codekraft.it\/rotary-2024\/wp-content\/uploads\/brb_media\/00524051_2-post-lift-gp-spo40y-mi-150x150.png","url":"https:\/\/dev.codekraft.it\/rotary-2024\/produkte\/zubehor-hebebuhnen-de\/zubehor-2-saulen-hebebuhnen-de\/hilfsbugel-2\/"},{"id":382545,"mpn":"VSG.2CALL.901071","name":"Adapterverl\u00e4ngerungen f\u00fcr elektromechanische Hebeb\u00fchnen","description":"4 x 89 mm, 4 x 127 mm, inkl. 2 Halterungen zur Montage an den S\u00e4ulen | 1 Satz \/ 8 St\u00fcck","thumbnail":"https:\/\/dev.codekraft.it\/rotary-2024\/wp-content\/uploads\/brb_media\/00508736_2-post-lift-vsg2call901071-mi-150x150.png","url":"https:\/\/dev.codekraft.it\/rotary-2024\/produkte\/zubehor-hebebuhnen-de\/zubehor-2-saulen-hebebuhnen-de\/adapterverlangerungen-fur-elektromechanische-hebebuhnen\/"},{"id":382551,"mpn":"VSG.2CALL.901248","name":"Adapterverl\u00e4ngerungen","description":"4 x 200 mm, inkl. Halterung zur Montage an den S\u00e4ulen | 1 Satz \/ 4 St\u00fcck","thumbnail":"https:\/\/dev.codekraft.it\/rotary-2024\/wp-content\/uploads\/brb_media\/00505099_2-post-lift-vsg2call901248-mi-150x150.png","url":"https:\/\/dev.codekraft.it\/rotary-2024\/produkte\/zubehor-hebebuhnen-de\/zubehor-2-saulen-hebebuhnen-de\/adapterverlangerungen-3\/"},{"id":383971,"mpn":"VSG.2CALL.902818","name":"Rampen","description":"Rampenh\u00f6he 60 mm, f\u00fcr extrem niedrige Fahrzeuge | 1 Satz \/ 4 St\u00fcck","thumbnail":"https:\/\/dev.codekraft.it\/rotary-2024\/wp-content\/uploads\/brb_media\/00509501_2-post-lift-vsg2call902818-mi-150x150.png","url":"https:\/\/dev.codekraft.it\/rotary-2024\/produkte\/zubehor-hebebuhnen-de\/zubehor-2-saulen-hebebuhnen-de\/rampen\/"},{"id":383977,"mpn":"VSG.2CALL.902085","name":"Achsmessb\u00f6cke","description":"1 Satz \/ 4 St\u00fcck","thumbnail":"https:\/\/dev.codekraft.it\/rotary-2024\/wp-content\/uploads\/brb_media\/00509503_2-post-lift-vsg2call902085-mi-150x150.png","url":"https:\/\/dev.codekraft.it\/rotary-2024\/produkte\/zubehor-hebebuhnen-de\/zubehor-2-saulen-hebebuhnen-de\/achsmessbocke\/"},{"id":384189,"mpn":"VSG.2CALL.902511","name":"Werkzeughalterung","description":"Ergonomische Halterung f\u00fcr Druckluftschrauber","thumbnail":"https:\/\/dev.codekraft.it\/rotary-2024\/wp-content\/uploads\/brb_media\/00511003_2-post-lift-vsg2call902511-mi-150x150.png","url":"https:\/\/dev.codekraft.it\/rotary-2024\/produkte\/zubehor-hebebuhnen-de\/zubehor-2-saulen-hebebuhnen-de\/werkzeughalterung\/"}],"components":[],"related":[],"page_logo_src":"https:\/\/dev.codekraft.it\/rotary-2024\/wp-content\/uploads\/2024\/05\/cropped-rotary-logo-2022.png","lang":"de","translations":{"de":378834,"en":378833,"fr":378835,"it":378836,"es":378837,"ru":378838},"pll_sync_post":[],"_links":{"self":[{"href":"https:\/\/dev.codekraft.it\/rotary-2024\/wp-json\/wp\/v2\/product\/378834","targetHints":{"allow":["GET"]}}],"collection":[{"href":"https:\/\/dev.codekraft.it\/rotary-2024\/wp-json\/wp\/v2\/product"}],"about":[{"href":"https:\/\/dev.codekraft.it\/rotary-2024\/wp-json\/wp\/v2\/types\/product"}],"wp:featuredmedia":[{"embeddable":true,"href":"https:\/\/dev.codekraft.it\/rotary-2024\/wp-json\/wp\/v2\/media\/349892"}],"wp:attachment":[{"href":"https:\/\/dev.codekraft.it\/rotary-2024\/wp-json\/wp\/v2\/media?parent=378834"}],"wp:term":[{"taxonomy":"product_brand","embeddable":true,"href":"https:\/\/dev.codekraft.it\/rotary-2024\/wp-json\/wp\/v2\/product_brand?post=378834"},{"taxonomy":"product_cat","embeddable":true,"href":"https:\/\/dev.codekraft.it\/rotary-2024\/wp-json\/wp\/v2\/product_cat?post=378834"},{"taxonomy":"product_tag","embeddable":true,"href":"https:\/\/dev.codekraft.it\/rotary-2024\/wp-json\/wp\/v2\/product_tag?post=378834"},{"taxonomy":"product_approvals","embeddable":true,"href":"https:\/\/dev.codekraft.it\/rotary-2024\/wp-json\/wp\/v2\/product_approvals?post=378834"},{"taxonomy":"product_application","embeddable":true,"href":"https:\/\/dev.codekraft.it\/rotary-2024\/wp-json\/wp\/v2\/product_application?post=378834"}],"curies":[{"name":"wp","href":"https:\/\/api.w.org\/{rel}","templated":true}]}}