{"id":378822,"date":"2025-04-01T06:23:30","date_gmt":"2025-04-01T06:23:30","guid":{"rendered":"https:\/\/dev.codekraft.it\/rotary-2024\/products\/uncategorized\/4-saulen-hebebuhne-vas-6639\/"},"modified":"2025-04-01T06:23:30","modified_gmt":"2025-04-01T06:23:30","slug":"4-saulen-hebebuhne-vas-6639","status":"publish","type":"product","link":"https:\/\/dev.codekraft.it\/rotary-2024\/produkte\/hebebuhnen-de\/4-saulen-hebebuhnen-de\/4-saulen-hebebuhne-vas-6639\/","title":{"rendered":"4-S\u00e4ulen-Hebeb\u00fchne VAS 6639"},"content":{"rendered":"<p>Die elektro-hydraulische 4-S\u00e4ulen Hebeb\u00fchne VAS 6639 eignet sich zum Anheben aller Pkw und Transporter \/ Caravelle (T5\/T6). Die Hebeb\u00fchne ist zur Achsvermessung geeignet.<\/p>\n<ul>\n<li>Breite, stabile Fahrbahnen<\/li>\n<li>Pr\u00e4zises Achsvermessungs-Kit optional verf\u00fcgbar<\/li>\n<li>Geeignet f\u00fcr alle Pkw und Transporter (T5\/T6)<\/li>\n<\/ul>\n<ul>\n<li>Alle 4-S\u00e4ulen Hebeb\u00fchnen sind mit einer pneumatisch verriegelbaren Absetzvorrichtung ausger\u00fcstet.<\/li>\n<li>Breite Fahrbahnen erlauben das sichere und bequeme Auffahren von kleinen Pkw bis Vans oder SUV ohne die Spurweite der Fahrbahn ver\u00e4ndern zu m\u00fcssen.<\/li>\n<li>Das kaltgeformte Fahrfl\u00e4chenprofil bietet eine hohe Steifigkeit.<\/li>\n<li>Integrierte Laufschienen erlauben den Einsatz von Achsfreihebern<\/li>\n<li>Speziell f\u00fcr pr\u00e4zise Achsvermessungsarbeiten steht ein Premium Achsvermessungs-Kit (AK) mit Verschiebeplatten zur Verf\u00fcgung.<\/li>\n<li>Integrierte Aussparungen in der Fahrfl\u00e4che erm\u00f6glichen die Aufnahme aller handels\u00fcblicher Drehteller. Wird kein Drehteller verwendet, lassen sich die Aussparungen mit serienm\u00e4\u00dfig mitgelieferten F\u00fcllst\u00fccken vollst\u00e4ndig verschlie\u00dfen.<\/li>\n<li>Einstellbare Klinkenleisten in den Hubs\u00e4ulen erm\u00f6glichen eine absolut waagerechte Ausrichtung der Hebeb\u00fchne &#8211; wichtig f\u00fcr pr\u00e4zises Arbeiten beim Einsatz als Achsvermessungs-Hebeb\u00fchne. Eine exakte Achsvermessung und ein hohes Ma\u00df an Arbeitsplatz-Sicherheit sind damit garantiert.<\/li>\n<\/ul>\n<ul>\n<li>Die Funktionen Auf, Ab und Absenken auf die Absetzvorrichtung lassen sich komfortabel \u00fcber Bedientasten steuern.<\/li>\n<li>Vor \u00e4u\u00dferen Einfl\u00fcssen gesch\u00fctzt, ist der wartungsfreie Hub-Zylinder unter der Fahrfl\u00e4che positioniert.<\/li>\n<li>Das leise laufende leistungsf\u00e4hige Hydraulikaggregat sorgt f\u00fcr einen kr\u00e4ftigen Hub und kurze Hub und Senkzeiten.<\/li>\n<\/ul>\n<ul>\n<li>Abbildung zeigt VAS 6639 mit Premium AK-Kit.<\/li>\n<\/ul>\n","protected":false},"excerpt":{"rendered":"<p>4,0 t, elektrohydraulisch, Fahrbahnl\u00e4nge 4700 mm, Achsvermessung optional<\/p>\n","protected":false},"featured_media":350346,"template":"","meta":[],"product_brand":[],"product_cat":[1033478],"product_tag":[1034161],"product_approvals":[1013887,1013870,1013904,1013989,1013921,1013972,1013955,1013938],"product_application":[],"class_list":{"0":"post-378822","1":"product","2":"type-product","3":"status-publish","4":"has-post-thumbnail","6":"product_cat-4-saulen-hebebuhnen-de","7":"product_tag-passenger-cars-de","8":"product_approvals-audi-de","9":"product_approvals-bentley-de","10":"product_approvals-bugatti-de","11":"product_approvals-lamborghini-de","12":"product_approvals-porsche-de","13":"product_approvals-seat-de","14":"product_approvals-skoda-de","15":"product_approvals-vw-de","17":"first","18":"instock","19":"shipping-taxable","20":"product-type-simple"},"approvals":[{"term_id":1013887,"name":"Audi","slug":"audi-de","term_group":0,"term_taxonomy_id":1013886,"taxonomy":"product_approvals","description":"","parent":0,"count":26,"filter":"raw"},{"term_id":1013870,"name":"Bentley","slug":"bentley-de","term_group":0,"term_taxonomy_id":1013869,"taxonomy":"product_approvals","description":"","parent":0,"count":26,"filter":"raw"},{"term_id":1013904,"name":"Bugatti","slug":"bugatti-de","term_group":0,"term_taxonomy_id":1013903,"taxonomy":"product_approvals","description":"","parent":0,"count":26,"filter":"raw"},{"term_id":1013989,"name":"Lamborghini","slug":"lamborghini-de","term_group":0,"term_taxonomy_id":1013988,"taxonomy":"product_approvals","description":"","parent":0,"count":26,"filter":"raw"},{"term_id":1013921,"name":"Porsche","slug":"porsche-de","term_group":0,"term_taxonomy_id":1013920,"taxonomy":"product_approvals","description":"","parent":0,"count":24,"filter":"raw"},{"term_id":1013972,"name":"Seat","slug":"seat-de","term_group":0,"term_taxonomy_id":1013971,"taxonomy":"product_approvals","description":"","parent":0,"count":26,"filter":"raw"},{"term_id":1013955,"name":"Skoda","slug":"skoda-de","term_group":0,"term_taxonomy_id":1013954,"taxonomy":"product_approvals","description":"","parent":0,"count":23,"filter":"raw"},{"term_id":1013938,"name":"VW","slug":"vw-de","term_group":0,"term_taxonomy_id":1013937,"taxonomy":"product_approvals","description":"","parent":0,"count":26,"filter":"raw"}],"application":[],"brb_media_brochure":[{"id":350312,"url":"https:\/\/dev.codekraft.it\/rotary-2024\/wp-content\/uploads\/brb_media\/00409949_vw-approvals-br-127168-de-2019-04-screen.pdf","title":"vw approvals br 127168 de 2019 04 screen","mpn":"","thumbnail":"https:\/\/dev.codekraft.it\/rotary-2024\/wp-content\/uploads\/brb_media\/00409949_vw-approvals-br-127168-de-2019-04-screen-pdf-106x150.png","description":""},{"id":350313,"url":"https:\/\/dev.codekraft.it\/rotary-2024\/wp-content\/uploads\/brb_media\/00409950_vw-approvals-br-127169-en-2019-04-screen.pdf","title":"vw approvals br 127169 en 2019 04 screen","mpn":"","thumbnail":"https:\/\/dev.codekraft.it\/rotary-2024\/wp-content\/uploads\/brb_media\/00409950_vw-approvals-br-127169-en-2019-04-screen-pdf-106x150.png","description":""},{"id":350314,"url":"https:\/\/dev.codekraft.it\/rotary-2024\/wp-content\/uploads\/brb_media\/00409951_vw-approvals-br-127170-fr-2019-04-screen.pdf","title":"vw approvals br 127170 fr 2019 04 screen","mpn":"","thumbnail":"https:\/\/dev.codekraft.it\/rotary-2024\/wp-content\/uploads\/brb_media\/00409951_vw-approvals-br-127170-fr-2019-04-screen-pdf-106x150.png","description":""},{"id":350315,"url":"https:\/\/dev.codekraft.it\/rotary-2024\/wp-content\/uploads\/brb_media\/00409952_vw-approvals-br-127171-it-2019-04-screen.pdf","title":"vw approvals br 127171 it 2019 04 screen","mpn":"","thumbnail":"https:\/\/dev.codekraft.it\/rotary-2024\/wp-content\/uploads\/brb_media\/00409952_vw-approvals-br-127171-it-2019-04-screen-pdf-106x150.png","description":""},{"id":350316,"url":"https:\/\/dev.codekraft.it\/rotary-2024\/wp-content\/uploads\/brb_media\/00409953_vw-approvals-br-127172-es-2019-04-screen.pdf","title":"vw approvals br 127172 es 2019 04 screen","mpn":"","thumbnail":"https:\/\/dev.codekraft.it\/rotary-2024\/wp-content\/uploads\/brb_media\/00409953_vw-approvals-br-127172-es-2019-04-screen-pdf-106x150.png","description":""},{"id":350317,"url":"https:\/\/dev.codekraft.it\/rotary-2024\/wp-content\/uploads\/brb_media\/00409954_vw-approvals-br-127173-ru-2019-04-screen.pdf","title":"vw approvals br 127173 ru 2019 04 screen","mpn":"","thumbnail":"https:\/\/dev.codekraft.it\/rotary-2024\/wp-content\/uploads\/brb_media\/00409954_vw-approvals-br-127173-ru-2019-04-screen-pdf-106x150.png","description":""}],"brb_media_drawing":[{"id":350043,"url":"https:\/\/dev.codekraft.it\/rotary-2024\/wp-content\/uploads\/brb_media\/00407445_4-post-lift_da_sm40_47n_8631.pdf","title":"4 post lift da sm40 47n 8631","mpn":"","thumbnail":"https:\/\/dev.codekraft.it\/rotary-2024\/wp-content\/uploads\/brb_media\/00407445_4-post-lift_da_sm40_47n_8631-pdf-150x105.png","description":""},{"id":350042,"url":"https:\/\/dev.codekraft.it\/rotary-2024\/wp-content\/uploads\/brb_media\/00407444_4-post-lift_bfp_sm40_47n_8831.pdf","title":"4 post lift bfp sm40 47n 8831","mpn":"","thumbnail":"https:\/\/dev.codekraft.it\/rotary-2024\/wp-content\/uploads\/brb_media\/00407444_4-post-lift_bfp_sm40_47n_8831-pdf-150x105.png","description":""},{"id":350044,"url":"https:\/\/dev.codekraft.it\/rotary-2024\/wp-content\/uploads\/brb_media\/00407446_4-post-lift_kfp_sm40_47n_8789.pdf","title":"4 post lift kfp sm40 47n 8789","mpn":"","thumbnail":"https:\/\/dev.codekraft.it\/rotary-2024\/wp-content\/uploads\/brb_media\/00407446_4-post-lift_kfp_sm40_47n_8789-pdf-150x105.png","description":""},{"id":350045,"url":"https:\/\/dev.codekraft.it\/rotary-2024\/wp-content\/uploads\/brb_media\/00407447_4-post-lift_rfp_sm40_47n_8629.pdf","title":"4 post lift rfp sm40 47n 8629","mpn":"","thumbnail":"https:\/\/dev.codekraft.it\/rotary-2024\/wp-content\/uploads\/brb_media\/00407447_4-post-lift_rfp_sm40_47n_8629-pdf-150x106.png","description":""}],"brb_media_manuals":"","brb_media_safety_datasheets":"","brb_media_spare_parts":[],"_cdmm_p_id":"372455","_company":"Elektron","_gtin":"","accessories":[{"id":378459,"mpn":"RJ-X26-2","name":"Achsfreiheber f\u00fcr SM40-SM65 | 2,6 t","description":"2,6 t","thumbnail":"https:\/\/dev.codekraft.it\/rotary-2024\/wp-content\/uploads\/brb_media\/00041709_jacking-beam-rj-x26-1-mi-150x150.png","url":"https:\/\/dev.codekraft.it\/rotary-2024\/produkte\/zubehor-hebebuhnen-de\/zubehor-4-saulen-hebebuhnen-de\/achsfreiheber-fur-sm40-sm65-26-t\/"},{"id":381147,"mpn":"FJ6171-2KIT","name":"Aufnahme-Verl\u00e4ngerungen 130 mm, f\u00fcr Achsheber 2,6 t","description":"Adapter f\u00fcr RJ-X26-2F\/3F (1 Satz \/ 2 St\u00fcck)","thumbnail":"https:\/\/dev.codekraft.it\/rotary-2024\/wp-content\/uploads\/brb_media\/00489186_fj6171-2kit-mi-150x150.jpg","url":"https:\/\/dev.codekraft.it\/rotary-2024\/produkte\/zubehor-hebebuhnen-de\/zubehor-4-saulen-hebebuhnen-de\/aufnahme-verlangerungen-130-mm-fur-achsheber-26-t\/"},{"id":378958,"mpn":"AIRKIT-RJ01","name":"Nachr\u00fcstsatz Luftversorgungskit","description":"F\u00fcr Achsfreiheber","thumbnail":"https:\/\/dev.codekraft.it\/rotary-2024\/wp-content\/uploads\/brb_media\/00312549_4-post-lift-air-supply-di-150x150.png","url":"https:\/\/dev.codekraft.it\/rotary-2024\/produkte\/zubehor-hebebuhnen-de\/zubehor-4-saulen-hebebuhnen-de\/nachrustsatz-luftversorgungskit\/"},{"id":381123,"mpn":"DZRMP-SM1NC","name":"Unterflureinbausatz SMxxN\/B, mit CE-Stopp, ohne Achsvermessungskit","description":"4 kurze Rampen, f\u00fcr SM40-SM65","thumbnail":"https:\/\/dev.codekraft.it\/rotary-2024\/wp-content\/uploads\/brb_media\/00489182_dzrmp-sm1nc-mi-150x150.jpg","url":"https:\/\/dev.codekraft.it\/rotary-2024\/produkte\/zubehor-hebebuhnen-de\/zubehor-4-saulen-hebebuhnen-de\/unterflureinbausatz-smxxn-b-mit-ce-stopp-ohne-achsvermessungskit\/"},{"id":381135,"mpn":"DZRMP-SM6NC","name":"Unterflureinbausatz SM55LT\/65\/N\/B, mit CE-Stopp, mit Achsvermessungskit","description":"4 kurze Rampen, f\u00fcr SM55LT\/65\/N\/B","thumbnail":"https:\/\/dev.codekraft.it\/rotary-2024\/wp-content\/uploads\/brb_media\/00489184_dzrmp-sm6nc-mi-150x150.jpg","url":"https:\/\/dev.codekraft.it\/rotary-2024\/produkte\/zubehor-hebebuhnen-de\/zubehor-4-saulen-hebebuhnen-de\/unterflureinbausatz-sm55lt-65-n-b-mit-ce-stopp-mit-achsvermessungskit\/"},{"id":381129,"mpn":"DZRMP-SM3NC","name":"Unterflureinbausatz SM40N\/B, mit CE-Stopp, mit Achsvermessungskit","description":"4 kurze Rampen, f\u00fcr SM40","thumbnail":"https:\/\/dev.codekraft.it\/rotary-2024\/wp-content\/uploads\/brb_media\/00489183_dzrmp-sm3nc-mi-150x150.png","url":"https:\/\/dev.codekraft.it\/rotary-2024\/produkte\/zubehor-hebebuhnen-de\/zubehor-4-saulen-hebebuhnen-de\/unterflureinbausatz-sm40n-b-mit-ce-stopp-mit-achsvermessungskit\/"},{"id":378940,"mpn":"LED-KIT-430","name":"LED-Beleuchtungs-Kit 4-fach, 24 V, 4300 mm","description":"","thumbnail":"https:\/\/dev.codekraft.it\/rotary-2024\/wp-content\/uploads\/brb_media\/00309594_s40_50_detail-beleuchtungskit_web-150x150.png","url":"https:\/\/dev.codekraft.it\/rotary-2024\/produkte\/zubehor-hebebuhnen-de\/zubehor-4-saulen-hebebuhnen-de\/led-beleuchtungs-kit-4-fach-24-v-4300-mm\/"},{"id":378946,"mpn":"LED-KIT-480","name":"LED-Beleuchtungs-Kit 4-fach, 24 V, 4800 mm","description":"","thumbnail":"https:\/\/dev.codekraft.it\/rotary-2024\/wp-content\/uploads\/brb_media\/00287577_s-40-50-lighting-set-mi-150x150.png","url":"https:\/\/dev.codekraft.it\/rotary-2024\/produkte\/zubehor-hebebuhnen-de\/zubehor-4-saulen-hebebuhnen-de\/led-beleuchtungs-kit-4-fach-24-v-4800-mm\/"},{"id":378976,"mpn":"RMP-SM40N","name":"Auffahrrampen-Kit","description":"Zusatzauffahrtsrampen, 900 mm","thumbnail":"https:\/\/dev.codekraft.it\/rotary-2024\/wp-content\/uploads\/brb_media\/00309599-150x150.png","url":"https:\/\/dev.codekraft.it\/rotary-2024\/produkte\/zubehor-hebebuhnen-de\/zubehor-4-saulen-hebebuhnen-de\/auffahrrampen-kit\/"},{"id":378964,"mpn":"EXRMP-SM40N","name":"Verl\u00e4ngerungskit f\u00fcr Auffahrrampe","description":"","thumbnail":"https:\/\/dev.codekraft.it\/rotary-2024\/wp-content\/uploads\/brb_media\/00393015_4-post-lift-extension-kit-for-ramps-di-150x150.png","url":"https:\/\/dev.codekraft.it\/rotary-2024\/produkte\/zubehor-hebebuhnen-de\/zubehor-4-saulen-hebebuhnen-de\/verlangerungskit-fur-auffahrrampe\/"}],"components":[],"related":[],"page_logo_src":"https:\/\/dev.codekraft.it\/rotary-2024\/wp-content\/uploads\/2024\/05\/cropped-rotary-logo-2022.png","lang":"de","translations":{"de":378822,"en":378821,"fr":378823,"it":378824,"es":378825,"ru":378826},"pll_sync_post":[],"_links":{"self":[{"href":"https:\/\/dev.codekraft.it\/rotary-2024\/wp-json\/wp\/v2\/product\/378822","targetHints":{"allow":["GET"]}}],"collection":[{"href":"https:\/\/dev.codekraft.it\/rotary-2024\/wp-json\/wp\/v2\/product"}],"about":[{"href":"https:\/\/dev.codekraft.it\/rotary-2024\/wp-json\/wp\/v2\/types\/product"}],"wp:featuredmedia":[{"embeddable":true,"href":"https:\/\/dev.codekraft.it\/rotary-2024\/wp-json\/wp\/v2\/media\/350346"}],"wp:attachment":[{"href":"https:\/\/dev.codekraft.it\/rotary-2024\/wp-json\/wp\/v2\/media?parent=378822"}],"wp:term":[{"taxonomy":"product_brand","embeddable":true,"href":"https:\/\/dev.codekraft.it\/rotary-2024\/wp-json\/wp\/v2\/product_brand?post=378822"},{"taxonomy":"product_cat","embeddable":true,"href":"https:\/\/dev.codekraft.it\/rotary-2024\/wp-json\/wp\/v2\/product_cat?post=378822"},{"taxonomy":"product_tag","embeddable":true,"href":"https:\/\/dev.codekraft.it\/rotary-2024\/wp-json\/wp\/v2\/product_tag?post=378822"},{"taxonomy":"product_approvals","embeddable":true,"href":"https:\/\/dev.codekraft.it\/rotary-2024\/wp-json\/wp\/v2\/product_approvals?post=378822"},{"taxonomy":"product_application","embeddable":true,"href":"https:\/\/dev.codekraft.it\/rotary-2024\/wp-json\/wp\/v2\/product_application?post=378822"}],"curies":[{"name":"wp","href":"https:\/\/api.w.org\/{rel}","templated":true}]}}