{"id":378819,"date":"2025-04-01T06:23:32","date_gmt":"2025-04-01T06:23:32","guid":{"rendered":"https:\/\/dev.codekraft.it\/rotary-2024\/products\/uncategorized\/elevador-de-2-columnas-vas-6355a\/"},"modified":"2025-04-01T06:23:32","modified_gmt":"2025-04-01T06:23:32","slug":"elevador-de-2-columnas-vas-6355a","status":"publish","type":"product","link":"https:\/\/dev.codekraft.it\/rotary-2024\/es\/productos\/elevadores-es\/elevadores-de-2-columnas-es\/elevador-de-2-columnas-vas-6355a\/","title":{"rendered":"Elevador de 2 columnas VAS 6355A"},"content":{"rendered":"<p>Los elevadores de 2 columnas electro-hidr\u00e1ulicos de la serie VAS 6355 A convencen con un \u00e1rea de recogida sobresaliente, son particularmente adecuados para lugares de trabajo para furgoneta.<\/p>\n<ul>\n<li>M\u00e1xima seguridad con el concepto Rotary 3PSS<\/li>\n<li>Alcance de recogida desde furgonetas, veh\u00edculos de emergencia y caravanas<\/li>\n<\/ul>\n<ul>\n<li>Los brazos de soporte dimensionados de manera particularmente generosa permiten una recogida segura de transportadores pesados, veh\u00edculos de emergencia y caravanas<\/li>\n<\/ul>\n<ul>\n<li>El concepto 3PSS (Sistema de Seguridad de 3 Fases) incluye:\n<ul>\n<li>Enganches de seguridad mec\u00e1nicos integrados en ambos lados con accionamiento autom\u00e1tico<\/li>\n<li>Poleas de sincronizaci\u00f3n de carga libre aseguran la carga durante el proceso de elevaci\u00f3n y descenso<\/li>\n<li>Sistema hidr\u00e1ulico asegurado por v\u00e1lvula antirretorno que incluye cilindro de alta presi\u00f3n sin mantenimiento en ambos columnas<\/li>\n<\/ul>\n<\/li>\n<\/ul>\n<ul>\n<li>La anchura de conducci\u00f3n m\u00e1xima con dimensiones externas m\u00ednimas y la construcci\u00f3n sin un bastidor de base aseguran un acceso sin problema a la plataforma elevadora.<\/li>\n<li>El doble perfil en S de los columnas de elevaci\u00f3n permite m\u00e1xima estabilidad con m\u00ednimo requisito de espacio. El \u00e1rea de contacto de los carros de elevaci\u00f3n guiados en los columnas de elevaci\u00f3n tambi\u00e9n se aumenta significativamente.<\/li>\n<li>Las placas rotatorias son enchufables y pueden ser extendidas o sustituidas con implementos de una manera estable y rentable<\/li>\n<\/ul>\n<ul>\n<li>Para un plus en ergonom\u00eda y econom\u00eda, el 2\u00ba panel de control es est\u00e1ndar en el VAS 6355 A. Se equipa una unidad de control con una conexi\u00f3n de 220 V (con fusible de 16 amperios para herramientas de mano el\u00e9ctricas) y la segunda con preparaci\u00f3n de aire comprimido.<\/li>\n<li>El apagado de seguridad superior protege eficazmente los veh\u00edculos con una mayor altura total contra da\u00f1os durante la elevaci\u00f3n.<\/li>\n<li>La dise\u00f1o electrohidr\u00e1ulico con \u00fanicamente una unidad asegura funcionamiento con ahorro de energ\u00eda con r\u00e1pidos tiempos de elevaci\u00f3n y descenso.<\/li>\n<li>Embridada a la parte superior de la de columna de elevaci\u00f3n, la unidad est\u00e1 protegida de las influencias externas y permite m\u00e1s libertad de movimiento.<\/li>\n<li>Pedestales hidr\u00e1ulicos rotatorios para m\u00e1xima facilidad de servicio con m\u00ednimos costes operativos<\/li>\n<li>Los brazos de soporte se bloquean autom\u00e1ticamente durante la elevaci\u00f3n. Una vez la plataforma est\u00e1 completamente bajada, este dispositivo de bloqueo se libera autom\u00e1ticamente. La rejilla particularmente fina y una funci\u00f3n de desbloqueo manual mejoran la facilidad de funcionamiento.<\/li>\n<\/ul>\n","protected":false},"excerpt":{"rendered":"<p>6,5 t, electrohidr\u00e1ulico, panel de control doble, brazos de soporte 4 x 3 secciones, asim\u00e9trico, altura total 5432 mm<\/p>\n","protected":false},"featured_media":350338,"template":"","meta":[],"product_brand":[],"product_cat":[1033420],"product_tag":[1034203,1034186],"product_approvals":[],"product_application":[],"class_list":{"0":"post-378819","1":"product","2":"type-product","3":"status-publish","4":"has-post-thumbnail","6":"product_cat-elevadores-de-2-columnas-es","7":"product_tag-motor-homes-es","8":"product_tag-light-commercial-es","10":"first","11":"instock","12":"shipping-taxable","13":"product-type-simple"},"approvals":[],"application":[],"brb_media_brochure":[{"id":350312,"url":"https:\/\/dev.codekraft.it\/rotary-2024\/wp-content\/uploads\/brb_media\/00409949_vw-approvals-br-127168-de-2019-04-screen.pdf","title":"vw approvals br 127168 de 2019 04 screen","mpn":"","thumbnail":"https:\/\/dev.codekraft.it\/rotary-2024\/wp-content\/uploads\/brb_media\/00409949_vw-approvals-br-127168-de-2019-04-screen-pdf-106x150.png","description":""},{"id":350313,"url":"https:\/\/dev.codekraft.it\/rotary-2024\/wp-content\/uploads\/brb_media\/00409950_vw-approvals-br-127169-en-2019-04-screen.pdf","title":"vw approvals br 127169 en 2019 04 screen","mpn":"","thumbnail":"https:\/\/dev.codekraft.it\/rotary-2024\/wp-content\/uploads\/brb_media\/00409950_vw-approvals-br-127169-en-2019-04-screen-pdf-106x150.png","description":""},{"id":350314,"url":"https:\/\/dev.codekraft.it\/rotary-2024\/wp-content\/uploads\/brb_media\/00409951_vw-approvals-br-127170-fr-2019-04-screen.pdf","title":"vw approvals br 127170 fr 2019 04 screen","mpn":"","thumbnail":"https:\/\/dev.codekraft.it\/rotary-2024\/wp-content\/uploads\/brb_media\/00409951_vw-approvals-br-127170-fr-2019-04-screen-pdf-106x150.png","description":""},{"id":350315,"url":"https:\/\/dev.codekraft.it\/rotary-2024\/wp-content\/uploads\/brb_media\/00409952_vw-approvals-br-127171-it-2019-04-screen.pdf","title":"vw approvals br 127171 it 2019 04 screen","mpn":"","thumbnail":"https:\/\/dev.codekraft.it\/rotary-2024\/wp-content\/uploads\/brb_media\/00409952_vw-approvals-br-127171-it-2019-04-screen-pdf-106x150.png","description":""},{"id":350316,"url":"https:\/\/dev.codekraft.it\/rotary-2024\/wp-content\/uploads\/brb_media\/00409953_vw-approvals-br-127172-es-2019-04-screen.pdf","title":"vw approvals br 127172 es 2019 04 screen","mpn":"","thumbnail":"https:\/\/dev.codekraft.it\/rotary-2024\/wp-content\/uploads\/brb_media\/00409953_vw-approvals-br-127172-es-2019-04-screen-pdf-106x150.png","description":""},{"id":350317,"url":"https:\/\/dev.codekraft.it\/rotary-2024\/wp-content\/uploads\/brb_media\/00409954_vw-approvals-br-127173-ru-2019-04-screen.pdf","title":"vw approvals br 127173 ru 2019 04 screen","mpn":"","thumbnail":"https:\/\/dev.codekraft.it\/rotary-2024\/wp-content\/uploads\/brb_media\/00409954_vw-approvals-br-127173-ru-2019-04-screen-pdf-106x150.png","description":""}],"brb_media_drawing":[{"id":349799,"url":"https:\/\/dev.codekraft.it\/rotary-2024\/wp-content\/uploads\/brb_media\/00469296_2-post-lift_spo65e-lwb_8614.pdf","title":"2 Post Lift SPO65E LWB 8614","mpn":"","thumbnail":"https:\/\/dev.codekraft.it\/rotary-2024\/wp-content\/uploads\/brb_media\/00469296_2-post-lift_spo65e-lwb_8614-pdf-150x105.png","description":""},{"id":349801,"url":"https:\/\/dev.codekraft.it\/rotary-2024\/wp-content\/uploads\/brb_media\/00407433_2-post-lift_spo65-lwb_bo_8904.pdf","title":"2 post lift spo65 lwb bo 8904","mpn":"","thumbnail":"https:\/\/dev.codekraft.it\/rotary-2024\/wp-content\/uploads\/brb_media\/00407433_2-post-lift_spo65-lwb_bo_8904-pdf-150x106.png","description":""},{"id":349800,"url":"https:\/\/dev.codekraft.it\/rotary-2024\/wp-content\/uploads\/brb_media\/00407435_2-post-lift_spo65e-lwb_8680.pdf","title":"2 post lift spo65e lwb 8680","mpn":"","thumbnail":"https:\/\/dev.codekraft.it\/rotary-2024\/wp-content\/uploads\/brb_media\/00407435_2-post-lift_spo65e-lwb_8680-pdf-150x105.png","description":""}],"brb_media_manuals":[{"id":349779,"url":"https:\/\/dev.codekraft.it\/rotary-2024\/wp-content\/uploads\/brb_media\/00265248_2-post-lift-spo-65-om-om20166-de-2013-03.pdf","title":"2 post lift spo 65 om om20166 de 2013 03","mpn":"","thumbnail":"https:\/\/dev.codekraft.it\/rotary-2024\/wp-content\/uploads\/brb_media\/00265248_2-post-lift-spo-65-om-om20166-de-2013-03-pdf-116x150.png","description":""},{"id":349780,"url":"https:\/\/dev.codekraft.it\/rotary-2024\/wp-content\/uploads\/brb_media\/00265249_2-post-lift-spo-65-om-om20166-en-2013-03.pdf","title":"2 post lift spo 65 om om20166 en 2013 03","mpn":"","thumbnail":"https:\/\/dev.codekraft.it\/rotary-2024\/wp-content\/uploads\/brb_media\/00265249_2-post-lift-spo-65-om-om20166-en-2013-03-pdf-116x150.png","description":""},{"id":349781,"url":"https:\/\/dev.codekraft.it\/rotary-2024\/wp-content\/uploads\/brb_media\/00265251_2-post-lift-spo-65-om-om20166-fr-2013-03.pdf","title":"2 post lift spo 65 om om20166 fr 2013 03","mpn":"","thumbnail":"https:\/\/dev.codekraft.it\/rotary-2024\/wp-content\/uploads\/brb_media\/00265251_2-post-lift-spo-65-om-om20166-fr-2013-03-pdf-116x150.png","description":""},{"id":349782,"url":"https:\/\/dev.codekraft.it\/rotary-2024\/wp-content\/uploads\/brb_media\/00265252_2-post-lift-spo-65-om-om20166-it-2013-03.pdf","title":"2 post lift spo 65 om om20166 it 2013 03","mpn":"","thumbnail":"https:\/\/dev.codekraft.it\/rotary-2024\/wp-content\/uploads\/brb_media\/00265252_2-post-lift-spo-65-om-om20166-it-2013-03-pdf-116x150.png","description":""},{"id":349783,"url":"https:\/\/dev.codekraft.it\/rotary-2024\/wp-content\/uploads\/brb_media\/00265250_2-post-lift-spo-65-om-om20166-es-2013-03.pdf","title":"2 post lift spo 65 om om20166 es 2013 03","mpn":"","thumbnail":"https:\/\/dev.codekraft.it\/rotary-2024\/wp-content\/uploads\/brb_media\/00265250_2-post-lift-spo-65-om-om20166-es-2013-03-pdf-116x150.png","description":""},{"id":349784,"url":"https:\/\/dev.codekraft.it\/rotary-2024\/wp-content\/uploads\/brb_media\/00158695_2-post-lift-spo-65-e-sp-pb26013-de-2011-07.pdf","title":"2 post lift spo 65 e sp pb26013 de 2011 07","mpn":"","thumbnail":"https:\/\/dev.codekraft.it\/rotary-2024\/wp-content\/uploads\/brb_media\/00158695_2-post-lift-spo-65-e-sp-pb26013-de-2011-07-pdf-116x150.png","description":""},{"id":349785,"url":"https:\/\/dev.codekraft.it\/rotary-2024\/wp-content\/uploads\/brb_media\/00158696_2-post-lift-spo-65-e-sp-pb26013-en-2011-07.pdf","title":"2 post lift spo 65 e sp pb26013 en 2011 07","mpn":"","thumbnail":"https:\/\/dev.codekraft.it\/rotary-2024\/wp-content\/uploads\/brb_media\/00158696_2-post-lift-spo-65-e-sp-pb26013-en-2011-07-pdf-116x150.png","description":""},{"id":349786,"url":"https:\/\/dev.codekraft.it\/rotary-2024\/wp-content\/uploads\/brb_media\/00158698_2-post-lift-spo-65-e-sp-pb26013-fr-2011-07.pdf","title":"2 post lift spo 65 e sp pb26013 fr 2011 07","mpn":"","thumbnail":"https:\/\/dev.codekraft.it\/rotary-2024\/wp-content\/uploads\/brb_media\/00158698_2-post-lift-spo-65-e-sp-pb26013-fr-2011-07-pdf-116x150.png","description":""},{"id":349787,"url":"https:\/\/dev.codekraft.it\/rotary-2024\/wp-content\/uploads\/brb_media\/00158699_2-post-lift-spo-65-e-sp-pb26013-it-2011-07.pdf","title":"2 post lift spo 65 e sp pb26013 it 2011 07","mpn":"","thumbnail":"https:\/\/dev.codekraft.it\/rotary-2024\/wp-content\/uploads\/brb_media\/00158699_2-post-lift-spo-65-e-sp-pb26013-it-2011-07-pdf-116x150.png","description":""},{"id":349788,"url":"https:\/\/dev.codekraft.it\/rotary-2024\/wp-content\/uploads\/brb_media\/00158697_2-post-lift-spo-65-e-sp-pb26013-es-2011-07.pdf","title":"2 post lift spo 65 e sp pb26013 es 2011 07","mpn":"","thumbnail":"https:\/\/dev.codekraft.it\/rotary-2024\/wp-content\/uploads\/brb_media\/00158697_2-post-lift-spo-65-e-sp-pb26013-es-2011-07-pdf-116x150.png","description":""},{"id":349789,"url":"https:\/\/dev.codekraft.it\/rotary-2024\/wp-content\/uploads\/brb_media\/00335076_2-post-lift-spo65e-im-in20334-de-2016-03.pdf","title":"2 post lift spo65e im in20334 de 2016 03","mpn":"","thumbnail":"https:\/\/dev.codekraft.it\/rotary-2024\/wp-content\/uploads\/brb_media\/00335076_2-post-lift-spo65e-im-in20334-de-2016-03-pdf-116x150.png","description":""},{"id":349790,"url":"https:\/\/dev.codekraft.it\/rotary-2024\/wp-content\/uploads\/brb_media\/00335077_2-post-lift-spo65e-im-in20334-en-2016-03.pdf","title":"2 post lift spo65e im in20334 en 2016 03","mpn":"","thumbnail":"https:\/\/dev.codekraft.it\/rotary-2024\/wp-content\/uploads\/brb_media\/00335077_2-post-lift-spo65e-im-in20334-en-2016-03-pdf-116x150.png","description":""},{"id":349791,"url":"https:\/\/dev.codekraft.it\/rotary-2024\/wp-content\/uploads\/brb_media\/00335078_2-post-lift-spo65e-im-in20334-fr-2016-03.pdf","title":"2 post lift spo65e im in20334 fr 2016 03","mpn":"","thumbnail":"https:\/\/dev.codekraft.it\/rotary-2024\/wp-content\/uploads\/brb_media\/00335078_2-post-lift-spo65e-im-in20334-fr-2016-03-pdf-116x150.png","description":""},{"id":349792,"url":"https:\/\/dev.codekraft.it\/rotary-2024\/wp-content\/uploads\/brb_media\/00335079_2-post-lift-spo65e-im-in20334-it-2016-03.pdf","title":"2 post lift spo65e im in20334 it 2016 03","mpn":"","thumbnail":"https:\/\/dev.codekraft.it\/rotary-2024\/wp-content\/uploads\/brb_media\/00335079_2-post-lift-spo65e-im-in20334-it-2016-03-pdf-116x150.png","description":""},{"id":349793,"url":"https:\/\/dev.codekraft.it\/rotary-2024\/wp-content\/uploads\/brb_media\/00335080_2-post-lift-spo65e-im-in20334-es-2016-03.pdf","title":"2 post lift spo65e im in20334 es 2016 03","mpn":"","thumbnail":"https:\/\/dev.codekraft.it\/rotary-2024\/wp-content\/uploads\/brb_media\/00335080_2-post-lift-spo65e-im-in20334-es-2016-03-pdf-116x150.png","description":""},{"id":349794,"url":"https:\/\/dev.codekraft.it\/rotary-2024\/wp-content\/uploads\/brb_media\/00116906_2-post-lift-spo-65-m-om-om20166-ru-2005-04-screen.pdf","title":"2 post lift spo 65 m om om20166 ru 2005 04 screen","mpn":"","thumbnail":"https:\/\/dev.codekraft.it\/rotary-2024\/wp-content\/uploads\/brb_media\/00116906_2-post-lift-spo-65-m-om-om20166-ru-2005-04-screen-pdf-116x150.png","description":""},{"id":349795,"url":"https:\/\/dev.codekraft.it\/rotary-2024\/wp-content\/uploads\/brb_media\/00117108_2-post-lift-spo-65-m-sp-pb26013-ru-2005-12-screen.pdf","title":"2 post lift spo 65 m sp pb26013 ru 2005 12 screen","mpn":"","thumbnail":"https:\/\/dev.codekraft.it\/rotary-2024\/wp-content\/uploads\/brb_media\/00117108_2-post-lift-spo-65-m-sp-pb26013-ru-2005-12-screen-pdf-116x150.png","description":""},{"id":349796,"url":"https:\/\/dev.codekraft.it\/rotary-2024\/wp-content\/uploads\/brb_media\/00117109_2-post-lift-spo-65-m-im-in20334-ru-2005-12-screen.pdf","title":"2 post lift spo 65 m im in20334 ru 2005 12 screen","mpn":"","thumbnail":"https:\/\/dev.codekraft.it\/rotary-2024\/wp-content\/uploads\/brb_media\/00117109_2-post-lift-spo-65-m-im-in20334-ru-2005-12-screen-pdf-116x150.png","description":""},{"id":349797,"url":"https:\/\/dev.codekraft.it\/rotary-2024\/wp-content\/uploads\/brb_media\/00521375_2-post-lifts-spo65e-om-en-2022-02.pdf","title":"2 post lifts SPO65E OM en 2022 02","mpn":"","thumbnail":"https:\/\/dev.codekraft.it\/rotary-2024\/wp-content\/uploads\/brb_media\/00521375_2-post-lifts-spo65e-om-en-2022-02-pdf-116x150.png","description":""},{"id":349798,"url":"https:\/\/dev.codekraft.it\/rotary-2024\/wp-content\/uploads\/brb_media\/00494820_om-spo-4-enrevb.pdf","title":"OM SPO 4 EN(revB)","mpn":"","thumbnail":"https:\/\/dev.codekraft.it\/rotary-2024\/wp-content\/uploads\/brb_media\/00494820_om-spo-4-enrevb-pdf-116x150.png","description":""}],"brb_media_safety_datasheets":"","brb_media_spare_parts":[],"_cdmm_p_id":"372454","_company":"Elektron","_gtin":"","accessories":[{"id":378735,"mpn":"FJ6216MB","name":"Juego de tacos","description":"Mandril, larga | para Mercedes Sprinter, VW Crafter - delantero \/ para SPO65 | 1 juego \/ 2 piezas","thumbnail":"https:\/\/dev.codekraft.it\/rotary-2024\/wp-content\/uploads\/brb_media\/00209398_sprinter-crafter-support-mi-150x150.png","url":"https:\/\/dev.codekraft.it\/rotary-2024\/es\/productos\/accesorios-elevadores-es\/dispositivos-de-transporte-de-carga-es\/juego-de-tacos-2\/"},{"id":378741,"mpn":"FJ6217MB","name":"Juego de tacos","description":"Placa de soporte, almohadilla de goma, redondo | para SPO65 | 1 juego \/ 4 piezas","thumbnail":"https:\/\/dev.codekraft.it\/rotary-2024\/wp-content\/uploads\/brb_media\/00209395_spo-65-turntables-set-mi-150x150.png","url":"https:\/\/dev.codekraft.it\/rotary-2024\/es\/productos\/accesorios-elevadores-es\/dispositivos-de-transporte-de-carga-es\/juego-de-tacos-3\/"},{"id":379106,"mpn":"FJ6211C","name":"Juego de tacos","description":"Prisma | para Mercedes Sprinter, VW Crafter - trasero \/ para SPO65E | 1 juego \/ 2 piezas","thumbnail":"https:\/\/dev.codekraft.it\/rotary-2024\/wp-content\/uploads\/brb_media\/00398116_spo55-vehicle-safety-catch-adapter-mi-fj6210c-150x150.png","url":"https:\/\/dev.codekraft.it\/rotary-2024\/es\/productos\/accesorios-elevadores-es\/dispositivos-de-transporte-de-carga-es\/juego-de-tacos-4\/"},{"id":381120,"mpn":"128667","name":"Soportes para abrazaderas de rueda","description":"Completo, 4 x 1300 kg | para SPO55E | 1 juego \/ 4 piezas","thumbnail":"https:\/\/dev.codekraft.it\/rotary-2024\/wp-content\/uploads\/brb_media\/00524047_2-post-lift-128667-mi-150x150.png","url":"https:\/\/dev.codekraft.it\/rotary-2024\/es\/productos\/accesorios-elevadores-es\/accesorios-elevadores-de-2-columnas-es\/soportes-para-abrazaderas-de-rueda-2\/"},{"id":382560,"mpn":"VSG.2CALL.901163","name":"Juego de adaptadores","description":"Juego de adaptadores para tacos para levantamiento del chasis \u00d8 120 mm (1 juego con 2 unidades), para plataforma giratoria","thumbnail":"https:\/\/dev.codekraft.it\/rotary-2024\/wp-content\/uploads\/brb_media\/00524050_2-post-lift-fj6353-1-mi-150x150.png","url":"https:\/\/dev.codekraft.it\/rotary-2024\/es\/productos\/accesorios-elevadores-es\/accesorios-elevadores-de-2-columnas-es\/juego-de-adaptadores\/"},{"id":381096,"mpn":"FJ6212C","name":"Extensiones de adaptadores","description":"80 mm | para SPO65E | 1 juego \/ 4 piezas","thumbnail":"https:\/\/dev.codekraft.it\/rotary-2024\/wp-content\/uploads\/brb_media\/00489180_fj6212c-mi-150x150.jpg","url":"https:\/\/dev.codekraft.it\/rotary-2024\/es\/productos\/accesorios-elevadores-es\/accesorios-elevadores-de-2-columnas-es\/extensiones-de-adaptadores-2\/"},{"id":379058,"mpn":"115684","name":"Reductor","description":"\u00d8 2,75\u2033 a 2\u2033, adaptador para montaje de accesorios SPOA3T\/SP040\/SPO55 | para SPO65 | 1 pieza","thumbnail":"https:\/\/dev.codekraft.it\/rotary-2024\/wp-content\/uploads\/brb_media\/00524045_2-post-lift-115684-mi-150x150.png","url":"https:\/\/dev.codekraft.it\/rotary-2024\/es\/productos\/accesorios-elevadores-es\/dispositivos-de-transporte-de-carga-es\/reductor\/"},{"id":383974,"mpn":"VSG.2CALL.902818","name":"Juego de rampitas","description":"Altura de rampa 60 mm, para veh\u00edculos extremadamente bajos | 1 juego \/ 2 piezas","thumbnail":"https:\/\/dev.codekraft.it\/rotary-2024\/wp-content\/uploads\/brb_media\/00509501_2-post-lift-vsg2call902818-mi-150x150.png","url":"https:\/\/dev.codekraft.it\/rotary-2024\/es\/productos\/accesorios-elevadores-es\/accesorios-elevadores-de-2-columnas-es\/juego-de-rampitas\/"},{"id":383980,"mpn":"VSG.2CALL.902085","name":"Soportes de alineaci\u00f3n de ruedas","description":"1 juego \/ 4 piezas","thumbnail":"https:\/\/dev.codekraft.it\/rotary-2024\/wp-content\/uploads\/brb_media\/00509503_2-post-lift-vsg2call902085-mi-150x150.png","url":"https:\/\/dev.codekraft.it\/rotary-2024\/es\/productos\/accesorios-elevadores-es\/accesorios-elevadores-de-2-columnas-es\/soportes-de-alineacion-de-ruedas\/"},{"id":384192,"mpn":"VSG.2CALL.902511","name":"Soporte para herramientas","description":"Soporte ergon\u00f3mico para destornillador neum\u00e1tico","thumbnail":"https:\/\/dev.codekraft.it\/rotary-2024\/wp-content\/uploads\/brb_media\/00511003_2-post-lift-vsg2call902511-mi-150x150.png","url":"https:\/\/dev.codekraft.it\/rotary-2024\/es\/productos\/accesorios-elevadores-es\/accesorios-elevadores-de-2-columnas-es\/soporte-para-herramientas\/"}],"components":[],"related":[],"page_logo_src":"https:\/\/dev.codekraft.it\/rotary-2024\/wp-content\/uploads\/2026\/04\/rotary-negative-logo.png","pll_sync_post":{},"lang":"es","translations":{"es":378819,"en":378815,"de":378816,"fr":378817,"it":378818,"ru":378820},"_links":{"self":[{"href":"https:\/\/dev.codekraft.it\/rotary-2024\/wp-json\/wp\/v2\/product\/378819","targetHints":{"allow":["GET"]}}],"collection":[{"href":"https:\/\/dev.codekraft.it\/rotary-2024\/wp-json\/wp\/v2\/product"}],"about":[{"href":"https:\/\/dev.codekraft.it\/rotary-2024\/wp-json\/wp\/v2\/types\/product"}],"wp:featuredmedia":[{"embeddable":true,"href":"https:\/\/dev.codekraft.it\/rotary-2024\/wp-json\/wp\/v2\/media\/350338"}],"wp:attachment":[{"href":"https:\/\/dev.codekraft.it\/rotary-2024\/wp-json\/wp\/v2\/media?parent=378819"}],"wp:term":[{"taxonomy":"product_brand","embeddable":true,"href":"https:\/\/dev.codekraft.it\/rotary-2024\/wp-json\/wp\/v2\/product_brand?post=378819"},{"taxonomy":"product_cat","embeddable":true,"href":"https:\/\/dev.codekraft.it\/rotary-2024\/wp-json\/wp\/v2\/product_cat?post=378819"},{"taxonomy":"product_tag","embeddable":true,"href":"https:\/\/dev.codekraft.it\/rotary-2024\/wp-json\/wp\/v2\/product_tag?post=378819"},{"taxonomy":"product_approvals","embeddable":true,"href":"https:\/\/dev.codekraft.it\/rotary-2024\/wp-json\/wp\/v2\/product_approvals?post=378819"},{"taxonomy":"product_application","embeddable":true,"href":"https:\/\/dev.codekraft.it\/rotary-2024\/wp-json\/wp\/v2\/product_application?post=378819"}],"curies":[{"name":"wp","href":"https:\/\/api.w.org\/{rel}","templated":true}]}}