{"id":378818,"date":"2025-04-01T06:23:31","date_gmt":"2025-04-01T06:23:31","guid":{"rendered":"https:\/\/dev.codekraft.it\/rotary-2024\/products\/uncategorized\/ponte-sollevatore-a-2-colonne-vas-6355a\/"},"modified":"2025-04-01T06:23:31","modified_gmt":"2025-04-01T06:23:31","slug":"ponte-sollevatore-a-2-colonne-vas-6355a","status":"publish","type":"product","link":"https:\/\/dev.codekraft.it\/rotary-2024\/it\/prodotti\/ponti-sollevatori-it\/ponti-sollevatori-a-2-colonne-it\/ponte-sollevatore-a-2-colonne-vas-6355a\/","title":{"rendered":"Ponte sollevatore a 2 colonne VAS 6355A"},"content":{"rendered":"<p>I ponti sollevatori elettroidraulici a 2 colonne della serie VAS 6355 A convince per l&#8217;incredibile area di sollevamento, essi sono particolarmente adatti per postazioni da lavoro con furgoni. <\/p>\n<ul>\n<li>Massima sicurezza con il design rotativo 3PSS<\/li>\n<li>Gamma di sollevamento dagli autoveicoli,ai veicoli di emergenza fino ai caravan<\/li>\n<\/ul>\n<ul>\n<li>I bracci di supporto di dimensioni particolarmente generose consentono il sollevamento sicuro di trasportatori pesanti, veicoli di emrgenza e caravan<\/li>\n<\/ul>\n<ul>\n<li>Il design 3PSS (Sistema di sicurezza a 3 fasi) include:\n<ul>\n<li>Fermi di sicurezza meccanici integrati su entrambi i lati con azionamento automatico<\/li>\n<li>Pulegge sincrone senza carico per fissare il carico durante il processo di sollevamento e abbassamento<\/li>\n<li>Sistema idraulico fissato dalla valvola di non ritorno e dal cilindro ad alta pressione su entrambe le colonne esente da manutenzione<\/li>\n<\/ul>\n<\/li>\n<\/ul>\n<ul>\n<li>La massima ampiezza carrabile con dimensioni esterne minime e la struttura priva del telaio di base garantisce l&#8217;accesso senza problemi alla piattaforma di sollevamento.<\/li>\n<li>Il doppio profilo a S delle colonne di sollevamento garantisce la massima stabilit\u00e0 con ingombro ridotto. Anche l&#8217;area di contatto dei carrelli di sollevamento guidati nelle colonne di sollevamento \u00e8 stata notevolmente aumentata .<\/li>\n<li>Le piastre rotative sono integrabili e possono essere estese o sostituite con degli accessori in maniera stabile ed economica.<\/li>\n<\/ul>\n<ul>\n<li>Per un vantaggio in termini ergonomici ed economici, il secondo pannello di controllo sull&#8217;VAS 6355 A \u00e8 standard. Una centralina \u00e8 dotata di collegamento a 220 V (combinato con quello a 16 ampere per utensili elettrici) e la seconda \u00e8 dotata della preparazione dell&#8217;aria compressa.<\/li>\n<li>L&#8217;arresto di sicurezza superiore protegge in maniera efficace i veicoli aventi un&#8217;altezza complessiva superiore da eventuali danni durante il sollevamento.<\/li>\n<li>Il design elettroidraulico con solamente un&#8217;unit\u00e0 garantisce il funzionamento a risparmio energetico con tempi rapidi di sollevamento e abbassamento.<\/li>\n<li>L&#8217;unit\u00e0, flangiata nella parte superiore della colonna di sollevamento \u00e8 protetta dalle influenze esterne e consente pi\u00f9 libert\u00e0 di movimento.<\/li>\n<li>Supporti idraulici rotativi per una manutenzione facilitata con costi operativi minimi<\/li>\n<li>I bracci di supporto vengono bloccati automaticamente durante il sollevamento. Una volta che la piattaforma \u00e8 stata completamente abbassata, tale dispositivo di bloccaggio viene rilasciato automaticamente. La griglia particolarmente sottile e la funzione di sbloccaggio manuale amplificano la semplicit\u00e0 del funzionamento.<\/li>\n<\/ul>\n","protected":false},"excerpt":{"rendered":"<p>6,5 t, elettroidraulico, doppio quadro comandi, bracci di supporto anteriori a 4 x 3 sezioni, asimmetrico, altezza complessiva 5432 mm<\/p>\n","protected":false},"featured_media":350338,"template":"","meta":[],"product_brand":[],"product_cat":[1033400],"product_tag":[1034200,1034183],"product_approvals":[1013893,1013876,1013910,1013995,1013927,1013978,1013961,1013944],"product_application":[],"class_list":{"0":"post-378818","1":"product","2":"type-product","3":"status-publish","4":"has-post-thumbnail","6":"product_cat-ponti-sollevatori-a-2-colonne-it","7":"product_tag-motor-homes-it","8":"product_tag-light-commercial-it","9":"product_approvals-audi-it","10":"product_approvals-bentley-it","11":"product_approvals-bugatti-it","12":"product_approvals-lamborghini-it","13":"product_approvals-porsche-it","14":"product_approvals-seat-it","15":"product_approvals-skoda-it","16":"product_approvals-vw-it","18":"first","19":"instock","20":"shipping-taxable","21":"product-type-simple"},"approvals":[{"term_id":1013893,"name":"Audi","slug":"audi-it","term_group":0,"term_taxonomy_id":1013892,"taxonomy":"product_approvals","description":"","parent":0,"count":26,"filter":"raw"},{"term_id":1013876,"name":"Bentley","slug":"bentley-it","term_group":0,"term_taxonomy_id":1013875,"taxonomy":"product_approvals","description":"","parent":0,"count":26,"filter":"raw"},{"term_id":1013910,"name":"Bugatti","slug":"bugatti-it","term_group":0,"term_taxonomy_id":1013909,"taxonomy":"product_approvals","description":"","parent":0,"count":26,"filter":"raw"},{"term_id":1013995,"name":"Lamborghini","slug":"lamborghini-it","term_group":0,"term_taxonomy_id":1013994,"taxonomy":"product_approvals","description":"","parent":0,"count":26,"filter":"raw"},{"term_id":1013927,"name":"Porsche","slug":"porsche-it","term_group":0,"term_taxonomy_id":1013926,"taxonomy":"product_approvals","description":"","parent":0,"count":24,"filter":"raw"},{"term_id":1013978,"name":"Seat","slug":"seat-it","term_group":0,"term_taxonomy_id":1013977,"taxonomy":"product_approvals","description":"","parent":0,"count":26,"filter":"raw"},{"term_id":1013961,"name":"Skoda","slug":"skoda-it","term_group":0,"term_taxonomy_id":1013960,"taxonomy":"product_approvals","description":"","parent":0,"count":23,"filter":"raw"},{"term_id":1013944,"name":"VW","slug":"vw-it","term_group":0,"term_taxonomy_id":1013943,"taxonomy":"product_approvals","description":"","parent":0,"count":26,"filter":"raw"}],"application":[],"brb_media_brochure":[{"id":350312,"url":"https:\/\/dev.codekraft.it\/rotary-2024\/wp-content\/uploads\/brb_media\/00409949_vw-approvals-br-127168-de-2019-04-screen.pdf","title":"vw approvals br 127168 de 2019 04 screen","mpn":"","thumbnail":"https:\/\/dev.codekraft.it\/rotary-2024\/wp-content\/uploads\/brb_media\/00409949_vw-approvals-br-127168-de-2019-04-screen-pdf-106x150.png","description":""},{"id":350313,"url":"https:\/\/dev.codekraft.it\/rotary-2024\/wp-content\/uploads\/brb_media\/00409950_vw-approvals-br-127169-en-2019-04-screen.pdf","title":"vw approvals br 127169 en 2019 04 screen","mpn":"","thumbnail":"https:\/\/dev.codekraft.it\/rotary-2024\/wp-content\/uploads\/brb_media\/00409950_vw-approvals-br-127169-en-2019-04-screen-pdf-106x150.png","description":""},{"id":350314,"url":"https:\/\/dev.codekraft.it\/rotary-2024\/wp-content\/uploads\/brb_media\/00409951_vw-approvals-br-127170-fr-2019-04-screen.pdf","title":"vw approvals br 127170 fr 2019 04 screen","mpn":"","thumbnail":"https:\/\/dev.codekraft.it\/rotary-2024\/wp-content\/uploads\/brb_media\/00409951_vw-approvals-br-127170-fr-2019-04-screen-pdf-106x150.png","description":""},{"id":350315,"url":"https:\/\/dev.codekraft.it\/rotary-2024\/wp-content\/uploads\/brb_media\/00409952_vw-approvals-br-127171-it-2019-04-screen.pdf","title":"vw approvals br 127171 it 2019 04 screen","mpn":"","thumbnail":"https:\/\/dev.codekraft.it\/rotary-2024\/wp-content\/uploads\/brb_media\/00409952_vw-approvals-br-127171-it-2019-04-screen-pdf-106x150.png","description":""},{"id":350316,"url":"https:\/\/dev.codekraft.it\/rotary-2024\/wp-content\/uploads\/brb_media\/00409953_vw-approvals-br-127172-es-2019-04-screen.pdf","title":"vw approvals br 127172 es 2019 04 screen","mpn":"","thumbnail":"https:\/\/dev.codekraft.it\/rotary-2024\/wp-content\/uploads\/brb_media\/00409953_vw-approvals-br-127172-es-2019-04-screen-pdf-106x150.png","description":""},{"id":350317,"url":"https:\/\/dev.codekraft.it\/rotary-2024\/wp-content\/uploads\/brb_media\/00409954_vw-approvals-br-127173-ru-2019-04-screen.pdf","title":"vw approvals br 127173 ru 2019 04 screen","mpn":"","thumbnail":"https:\/\/dev.codekraft.it\/rotary-2024\/wp-content\/uploads\/brb_media\/00409954_vw-approvals-br-127173-ru-2019-04-screen-pdf-106x150.png","description":""}],"brb_media_drawing":[{"id":349799,"url":"https:\/\/dev.codekraft.it\/rotary-2024\/wp-content\/uploads\/brb_media\/00469296_2-post-lift_spo65e-lwb_8614.pdf","title":"2 Post Lift SPO65E LWB 8614","mpn":"","thumbnail":"https:\/\/dev.codekraft.it\/rotary-2024\/wp-content\/uploads\/brb_media\/00469296_2-post-lift_spo65e-lwb_8614-pdf-150x105.png","description":""},{"id":349801,"url":"https:\/\/dev.codekraft.it\/rotary-2024\/wp-content\/uploads\/brb_media\/00407433_2-post-lift_spo65-lwb_bo_8904.pdf","title":"2 post lift spo65 lwb bo 8904","mpn":"","thumbnail":"https:\/\/dev.codekraft.it\/rotary-2024\/wp-content\/uploads\/brb_media\/00407433_2-post-lift_spo65-lwb_bo_8904-pdf-150x106.png","description":""},{"id":349800,"url":"https:\/\/dev.codekraft.it\/rotary-2024\/wp-content\/uploads\/brb_media\/00407435_2-post-lift_spo65e-lwb_8680.pdf","title":"2 post lift spo65e lwb 8680","mpn":"","thumbnail":"https:\/\/dev.codekraft.it\/rotary-2024\/wp-content\/uploads\/brb_media\/00407435_2-post-lift_spo65e-lwb_8680-pdf-150x105.png","description":""}],"brb_media_manuals":[{"id":349779,"url":"https:\/\/dev.codekraft.it\/rotary-2024\/wp-content\/uploads\/brb_media\/00265248_2-post-lift-spo-65-om-om20166-de-2013-03.pdf","title":"2 post lift spo 65 om om20166 de 2013 03","mpn":"","thumbnail":"https:\/\/dev.codekraft.it\/rotary-2024\/wp-content\/uploads\/brb_media\/00265248_2-post-lift-spo-65-om-om20166-de-2013-03-pdf-116x150.png","description":""},{"id":349780,"url":"https:\/\/dev.codekraft.it\/rotary-2024\/wp-content\/uploads\/brb_media\/00265249_2-post-lift-spo-65-om-om20166-en-2013-03.pdf","title":"2 post lift spo 65 om om20166 en 2013 03","mpn":"","thumbnail":"https:\/\/dev.codekraft.it\/rotary-2024\/wp-content\/uploads\/brb_media\/00265249_2-post-lift-spo-65-om-om20166-en-2013-03-pdf-116x150.png","description":""},{"id":349781,"url":"https:\/\/dev.codekraft.it\/rotary-2024\/wp-content\/uploads\/brb_media\/00265251_2-post-lift-spo-65-om-om20166-fr-2013-03.pdf","title":"2 post lift spo 65 om om20166 fr 2013 03","mpn":"","thumbnail":"https:\/\/dev.codekraft.it\/rotary-2024\/wp-content\/uploads\/brb_media\/00265251_2-post-lift-spo-65-om-om20166-fr-2013-03-pdf-116x150.png","description":""},{"id":349782,"url":"https:\/\/dev.codekraft.it\/rotary-2024\/wp-content\/uploads\/brb_media\/00265252_2-post-lift-spo-65-om-om20166-it-2013-03.pdf","title":"2 post lift spo 65 om om20166 it 2013 03","mpn":"","thumbnail":"https:\/\/dev.codekraft.it\/rotary-2024\/wp-content\/uploads\/brb_media\/00265252_2-post-lift-spo-65-om-om20166-it-2013-03-pdf-116x150.png","description":""},{"id":349783,"url":"https:\/\/dev.codekraft.it\/rotary-2024\/wp-content\/uploads\/brb_media\/00265250_2-post-lift-spo-65-om-om20166-es-2013-03.pdf","title":"2 post lift spo 65 om om20166 es 2013 03","mpn":"","thumbnail":"https:\/\/dev.codekraft.it\/rotary-2024\/wp-content\/uploads\/brb_media\/00265250_2-post-lift-spo-65-om-om20166-es-2013-03-pdf-116x150.png","description":""},{"id":349784,"url":"https:\/\/dev.codekraft.it\/rotary-2024\/wp-content\/uploads\/brb_media\/00158695_2-post-lift-spo-65-e-sp-pb26013-de-2011-07.pdf","title":"2 post lift spo 65 e sp pb26013 de 2011 07","mpn":"","thumbnail":"https:\/\/dev.codekraft.it\/rotary-2024\/wp-content\/uploads\/brb_media\/00158695_2-post-lift-spo-65-e-sp-pb26013-de-2011-07-pdf-116x150.png","description":""},{"id":349785,"url":"https:\/\/dev.codekraft.it\/rotary-2024\/wp-content\/uploads\/brb_media\/00158696_2-post-lift-spo-65-e-sp-pb26013-en-2011-07.pdf","title":"2 post lift spo 65 e sp pb26013 en 2011 07","mpn":"","thumbnail":"https:\/\/dev.codekraft.it\/rotary-2024\/wp-content\/uploads\/brb_media\/00158696_2-post-lift-spo-65-e-sp-pb26013-en-2011-07-pdf-116x150.png","description":""},{"id":349786,"url":"https:\/\/dev.codekraft.it\/rotary-2024\/wp-content\/uploads\/brb_media\/00158698_2-post-lift-spo-65-e-sp-pb26013-fr-2011-07.pdf","title":"2 post lift spo 65 e sp pb26013 fr 2011 07","mpn":"","thumbnail":"https:\/\/dev.codekraft.it\/rotary-2024\/wp-content\/uploads\/brb_media\/00158698_2-post-lift-spo-65-e-sp-pb26013-fr-2011-07-pdf-116x150.png","description":""},{"id":349787,"url":"https:\/\/dev.codekraft.it\/rotary-2024\/wp-content\/uploads\/brb_media\/00158699_2-post-lift-spo-65-e-sp-pb26013-it-2011-07.pdf","title":"2 post lift spo 65 e sp pb26013 it 2011 07","mpn":"","thumbnail":"https:\/\/dev.codekraft.it\/rotary-2024\/wp-content\/uploads\/brb_media\/00158699_2-post-lift-spo-65-e-sp-pb26013-it-2011-07-pdf-116x150.png","description":""},{"id":349788,"url":"https:\/\/dev.codekraft.it\/rotary-2024\/wp-content\/uploads\/brb_media\/00158697_2-post-lift-spo-65-e-sp-pb26013-es-2011-07.pdf","title":"2 post lift spo 65 e sp pb26013 es 2011 07","mpn":"","thumbnail":"https:\/\/dev.codekraft.it\/rotary-2024\/wp-content\/uploads\/brb_media\/00158697_2-post-lift-spo-65-e-sp-pb26013-es-2011-07-pdf-116x150.png","description":""},{"id":349789,"url":"https:\/\/dev.codekraft.it\/rotary-2024\/wp-content\/uploads\/brb_media\/00335076_2-post-lift-spo65e-im-in20334-de-2016-03.pdf","title":"2 post lift spo65e im in20334 de 2016 03","mpn":"","thumbnail":"https:\/\/dev.codekraft.it\/rotary-2024\/wp-content\/uploads\/brb_media\/00335076_2-post-lift-spo65e-im-in20334-de-2016-03-pdf-116x150.png","description":""},{"id":349790,"url":"https:\/\/dev.codekraft.it\/rotary-2024\/wp-content\/uploads\/brb_media\/00335077_2-post-lift-spo65e-im-in20334-en-2016-03.pdf","title":"2 post lift spo65e im in20334 en 2016 03","mpn":"","thumbnail":"https:\/\/dev.codekraft.it\/rotary-2024\/wp-content\/uploads\/brb_media\/00335077_2-post-lift-spo65e-im-in20334-en-2016-03-pdf-116x150.png","description":""},{"id":349791,"url":"https:\/\/dev.codekraft.it\/rotary-2024\/wp-content\/uploads\/brb_media\/00335078_2-post-lift-spo65e-im-in20334-fr-2016-03.pdf","title":"2 post lift spo65e im in20334 fr 2016 03","mpn":"","thumbnail":"https:\/\/dev.codekraft.it\/rotary-2024\/wp-content\/uploads\/brb_media\/00335078_2-post-lift-spo65e-im-in20334-fr-2016-03-pdf-116x150.png","description":""},{"id":349792,"url":"https:\/\/dev.codekraft.it\/rotary-2024\/wp-content\/uploads\/brb_media\/00335079_2-post-lift-spo65e-im-in20334-it-2016-03.pdf","title":"2 post lift spo65e im in20334 it 2016 03","mpn":"","thumbnail":"https:\/\/dev.codekraft.it\/rotary-2024\/wp-content\/uploads\/brb_media\/00335079_2-post-lift-spo65e-im-in20334-it-2016-03-pdf-116x150.png","description":""},{"id":349793,"url":"https:\/\/dev.codekraft.it\/rotary-2024\/wp-content\/uploads\/brb_media\/00335080_2-post-lift-spo65e-im-in20334-es-2016-03.pdf","title":"2 post lift spo65e im in20334 es 2016 03","mpn":"","thumbnail":"https:\/\/dev.codekraft.it\/rotary-2024\/wp-content\/uploads\/brb_media\/00335080_2-post-lift-spo65e-im-in20334-es-2016-03-pdf-116x150.png","description":""},{"id":349794,"url":"https:\/\/dev.codekraft.it\/rotary-2024\/wp-content\/uploads\/brb_media\/00116906_2-post-lift-spo-65-m-om-om20166-ru-2005-04-screen.pdf","title":"2 post lift spo 65 m om om20166 ru 2005 04 screen","mpn":"","thumbnail":"https:\/\/dev.codekraft.it\/rotary-2024\/wp-content\/uploads\/brb_media\/00116906_2-post-lift-spo-65-m-om-om20166-ru-2005-04-screen-pdf-116x150.png","description":""},{"id":349795,"url":"https:\/\/dev.codekraft.it\/rotary-2024\/wp-content\/uploads\/brb_media\/00117108_2-post-lift-spo-65-m-sp-pb26013-ru-2005-12-screen.pdf","title":"2 post lift spo 65 m sp pb26013 ru 2005 12 screen","mpn":"","thumbnail":"https:\/\/dev.codekraft.it\/rotary-2024\/wp-content\/uploads\/brb_media\/00117108_2-post-lift-spo-65-m-sp-pb26013-ru-2005-12-screen-pdf-116x150.png","description":""},{"id":349796,"url":"https:\/\/dev.codekraft.it\/rotary-2024\/wp-content\/uploads\/brb_media\/00117109_2-post-lift-spo-65-m-im-in20334-ru-2005-12-screen.pdf","title":"2 post lift spo 65 m im in20334 ru 2005 12 screen","mpn":"","thumbnail":"https:\/\/dev.codekraft.it\/rotary-2024\/wp-content\/uploads\/brb_media\/00117109_2-post-lift-spo-65-m-im-in20334-ru-2005-12-screen-pdf-116x150.png","description":""},{"id":349797,"url":"https:\/\/dev.codekraft.it\/rotary-2024\/wp-content\/uploads\/brb_media\/00521375_2-post-lifts-spo65e-om-en-2022-02.pdf","title":"2 post lifts SPO65E OM en 2022 02","mpn":"","thumbnail":"https:\/\/dev.codekraft.it\/rotary-2024\/wp-content\/uploads\/brb_media\/00521375_2-post-lifts-spo65e-om-en-2022-02-pdf-116x150.png","description":""},{"id":349798,"url":"https:\/\/dev.codekraft.it\/rotary-2024\/wp-content\/uploads\/brb_media\/00494820_om-spo-4-enrevb.pdf","title":"OM SPO 4 EN(revB)","mpn":"","thumbnail":"https:\/\/dev.codekraft.it\/rotary-2024\/wp-content\/uploads\/brb_media\/00494820_om-spo-4-enrevb-pdf-116x150.png","description":""}],"brb_media_safety_datasheets":"","brb_media_spare_parts":[],"_cdmm_p_id":"372454","_company":"Elektron","_gtin":"","accessories":[{"id":378734,"mpn":"FJ6216MB","name":"Kit tamponi","description":"Mandrino, lunga | per Mercedes Sprinter, VW Crafter - anteriore \/ per SPO65 | 1 set \/ 2 pezzi","thumbnail":"https:\/\/dev.codekraft.it\/rotary-2024\/wp-content\/uploads\/brb_media\/00209398_sprinter-crafter-support-mi-150x150.png","url":"https:\/\/dev.codekraft.it\/rotary-2024\/it\/prodotti\/accessori-ponti-sollevatori-it\/dispositivi-di-trasporto-del-carico-it\/kit-tamponi-2\/"},{"id":378740,"mpn":"FJ6217MB","name":"Kit tamponi","description":"Piastra di supporto, cuscinetto in gomma, rotondo | per SPO65 | 1 set \/ 4 pezzi","thumbnail":"https:\/\/dev.codekraft.it\/rotary-2024\/wp-content\/uploads\/brb_media\/00209395_spo-65-turntables-set-mi-150x150.png","url":"https:\/\/dev.codekraft.it\/rotary-2024\/it\/prodotti\/accessori-ponti-sollevatori-it\/dispositivi-di-trasporto-del-carico-it\/kit-tamponi-3\/"},{"id":379105,"mpn":"FJ6211C","name":"Kit tamponi","description":"Prisma | per Mercedes Sprinter, VW Crafter - posteriore \/ per SPO65E | 1 set \/ 2 pezzi","thumbnail":"https:\/\/dev.codekraft.it\/rotary-2024\/wp-content\/uploads\/brb_media\/00398116_spo55-vehicle-safety-catch-adapter-mi-fj6210c-150x150.png","url":"https:\/\/dev.codekraft.it\/rotary-2024\/it\/prodotti\/accessori-ponti-sollevatori-it\/dispositivi-di-trasporto-del-carico-it\/kit-tamponi-4\/"},{"id":381119,"mpn":"128667","name":"Supporti per morsetto ruota","description":"Completo, 4 x 1300 kg | per SPO65E | 1 set \/ 4 pezzi","thumbnail":"https:\/\/dev.codekraft.it\/rotary-2024\/wp-content\/uploads\/brb_media\/00524047_2-post-lift-128667-mi-150x150.png","url":"https:\/\/dev.codekraft.it\/rotary-2024\/it\/prodotti\/accessori-ponti-sollevatori-it\/accessori-ponti-sollevatori-a-2-colonne-it\/supporti-per-morsetto-ruota-2\/"},{"id":382559,"mpn":"VSG.2CALL.901163","name":"Kit adattatori","description":"Kit adattatori per tamponi per presa telaio \u00d8 120 mm (1 set, 2 pz), per piattaforma girevole","thumbnail":"https:\/\/dev.codekraft.it\/rotary-2024\/wp-content\/uploads\/brb_media\/00524050_2-post-lift-fj6353-1-mi-150x150.png","url":"https:\/\/dev.codekraft.it\/rotary-2024\/it\/prodotti\/accessori-ponti-sollevatori-it\/accessori-ponti-sollevatori-a-2-colonne-it\/kit-adattatori\/"},{"id":381095,"mpn":"FJ6212C","name":"Distanziali per tamponi","description":"80 mm | per SPO65E | 1 set \/ 4 pezzi","thumbnail":"https:\/\/dev.codekraft.it\/rotary-2024\/wp-content\/uploads\/brb_media\/00489180_fj6212c-mi-150x150.jpg","url":"https:\/\/dev.codekraft.it\/rotary-2024\/it\/prodotti\/accessori-ponti-sollevatori-it\/accessori-ponti-sollevatori-a-2-colonne-it\/distanziali-per-tamponi-2\/"},{"id":379057,"mpn":"115684","name":"Riduttore","description":"\u00d8 2,75\u2033 a 2\u2033, adattatore per il montaggio degli accessori SPOA3T\/SP040\/SPO55 | per SPO65 | 1 pezzo","thumbnail":"https:\/\/dev.codekraft.it\/rotary-2024\/wp-content\/uploads\/brb_media\/00524045_2-post-lift-115684-mi-150x150.png","url":"https:\/\/dev.codekraft.it\/rotary-2024\/it\/prodotti\/accessori-ponti-sollevatori-it\/dispositivi-di-trasporto-del-carico-it\/riduttore\/"},{"id":383973,"mpn":"VSG.2CALL.902818","name":"Kit rampe innalzamento veicolo","description":"Altezza rampa 60 mm, per veicoli estremamente bassi | 1 set \/ 2 pezzi","thumbnail":"https:\/\/dev.codekraft.it\/rotary-2024\/wp-content\/uploads\/brb_media\/00509501_2-post-lift-vsg2call902818-mi-150x150.png","url":"https:\/\/dev.codekraft.it\/rotary-2024\/it\/prodotti\/accessori-ponti-sollevatori-it\/accessori-ponti-sollevatori-a-2-colonne-it\/kit-rampe-innalzamento-veicolo\/"},{"id":383979,"mpn":"VSG.2CALL.902085","name":"Kit cavalletti per assetto","description":"1 set \/ 4 pezzi","thumbnail":"https:\/\/dev.codekraft.it\/rotary-2024\/wp-content\/uploads\/brb_media\/00509503_2-post-lift-vsg2call902085-mi-150x150.png","url":"https:\/\/dev.codekraft.it\/rotary-2024\/it\/prodotti\/accessori-ponti-sollevatori-it\/accessori-ponti-sollevatori-a-2-colonne-it\/kit-cavalletti-per-assetto\/"},{"id":384191,"mpn":"VSG.2CALL.902511","name":"Supporto per utensili","description":"Supporto ergonomico per avvitatore pneumatico","thumbnail":"https:\/\/dev.codekraft.it\/rotary-2024\/wp-content\/uploads\/brb_media\/00511003_2-post-lift-vsg2call902511-mi-150x150.png","url":"https:\/\/dev.codekraft.it\/rotary-2024\/it\/prodotti\/accessori-ponti-sollevatori-it\/accessori-ponti-sollevatori-a-2-colonne-it\/supporto-per-utensili\/"}],"components":[],"related":[],"page_logo_src":"https:\/\/dev.codekraft.it\/rotary-2024\/wp-content\/uploads\/2024\/05\/cropped-rotary-logo-2022.png","lang":"it","translations":{"it":378818,"en":378815,"de":378816,"fr":378817,"es":378819,"ru":378820},"pll_sync_post":[],"_links":{"self":[{"href":"https:\/\/dev.codekraft.it\/rotary-2024\/wp-json\/wp\/v2\/product\/378818","targetHints":{"allow":["GET"]}}],"collection":[{"href":"https:\/\/dev.codekraft.it\/rotary-2024\/wp-json\/wp\/v2\/product"}],"about":[{"href":"https:\/\/dev.codekraft.it\/rotary-2024\/wp-json\/wp\/v2\/types\/product"}],"wp:featuredmedia":[{"embeddable":true,"href":"https:\/\/dev.codekraft.it\/rotary-2024\/wp-json\/wp\/v2\/media\/350338"}],"wp:attachment":[{"href":"https:\/\/dev.codekraft.it\/rotary-2024\/wp-json\/wp\/v2\/media?parent=378818"}],"wp:term":[{"taxonomy":"product_brand","embeddable":true,"href":"https:\/\/dev.codekraft.it\/rotary-2024\/wp-json\/wp\/v2\/product_brand?post=378818"},{"taxonomy":"product_cat","embeddable":true,"href":"https:\/\/dev.codekraft.it\/rotary-2024\/wp-json\/wp\/v2\/product_cat?post=378818"},{"taxonomy":"product_tag","embeddable":true,"href":"https:\/\/dev.codekraft.it\/rotary-2024\/wp-json\/wp\/v2\/product_tag?post=378818"},{"taxonomy":"product_approvals","embeddable":true,"href":"https:\/\/dev.codekraft.it\/rotary-2024\/wp-json\/wp\/v2\/product_approvals?post=378818"},{"taxonomy":"product_application","embeddable":true,"href":"https:\/\/dev.codekraft.it\/rotary-2024\/wp-json\/wp\/v2\/product_application?post=378818"}],"curies":[{"name":"wp","href":"https:\/\/api.w.org\/{rel}","templated":true}]}}