{"id":378817,"date":"2025-04-01T06:23:30","date_gmt":"2025-04-01T06:23:30","guid":{"rendered":"https:\/\/dev.codekraft.it\/rotary-2024\/products\/uncategorized\/pont-elevateur-a-2-colonnes-vas-6355a\/"},"modified":"2025-04-01T06:23:30","modified_gmt":"2025-04-01T06:23:30","slug":"pont-elevateur-a-2-colonnes-vas-6355a","status":"publish","type":"product","link":"https:\/\/dev.codekraft.it\/rotary-2024\/fr\/produits\/ponts-elevateurs-fr\/ponts-elevateurs-a-2-colonnes-fr\/pont-elevateur-a-2-colonnes-vas-6355a\/","title":{"rendered":"Pont \u00e9l\u00e9vateur \u00e0 2 colonnes VAS 6355A"},"content":{"rendered":"<p>Les ponts \u00e9l\u00e9vateurs \u00e0 2 colonnes \u00e9lectrohydrauliques de la s\u00e9rie VAS 6355 A sont convaincants par une \u00e9tonnante surface de prise, et sont particuli\u00e8rement con\u00e7us comme espace de travail pour camionnettes.<\/p>\n<ul>\n<li>S\u00e9curit\u00e9 maximum avec le concept 3PSS rotatif<\/li>\n<li>Plage de prise des camionnettes et des v\u00e9hicules d\u2019urgence aux camping-cars\u00a0<\/li>\n<\/ul>\n<ul>\n<li>Les bras porteurs aux dimensions particuli\u00e8rement g\u00e9n\u00e9reuses assurent la prise s\u00fbre des transporteurs lourds, des v\u00e9hicules d\u2019urgence et des camping-cars<\/li>\n<\/ul>\n<ul>\n<li>Le concept 3PSS (Syst\u00e8me de s\u00e9curit\u00e9 de phase 3) inclut :\n<ul>\n<li>Des linguets de s\u00e9curit\u00e9 m\u00e9caniques sur les deux c\u00f4t\u00e9s avec actionnement automatique<\/li>\n<li>Des poulies de synchronisation sans charge qui s\u00e9curisent la charge pendant le levage et l\u2019abaissement<\/li>\n<li>Syst\u00e8me hydraulique s\u00e9curis\u00e9 par valve de non-retour avec cylindre haute pression ne n\u00e9cessitant aucune maintenance dans les deux colonnes<\/li>\n<\/ul>\n<\/li>\n<\/ul>\n<ul>\n<li>La largeur de retrait maximum avec des dimensions externes minimum et la construction sans ch\u00e2ssis assurent un acc\u00e8s facile \u00e0 la plateforme de levage<\/li>\n<li>Le profil double S des colonnes \u00e9l\u00e9vatrices permet une stabilit\u00e9 maximum avec un encombrement minimum. La surface de contact des chariots de levage guid\u00e9s dans les colonnes \u00e9l\u00e9vatrices s\u2019accro\u00eet consid\u00e9rablement aussi.<\/li>\n<li>Les plateaux tournants sont enfichables et peuvent \u00eatre \u00e9tendus ou remplac\u00e9s par des accessoires de mani\u00e8re stable et \u00e0 peu de frais.<\/li>\n<\/ul>\n<ul>\n<li>Pour une ergonomie et une \u00e9conomie suppl\u00e9mentaires, le 2e panneau de commande est en s\u00e9rie sur le VAS 6355 A. Une unit\u00e9 de commande est \u00e9quip\u00e9e d\u2019une connexion 220 V (associ\u00e9e \u00e0 16 amp\u00e8res pour les outils manuels \u00e9lectriques) et la deuxi\u00e8me unit\u00e9 de commande, d\u2019un dispositif de pr\u00e9paration \u00e0 air comprim\u00e9.<\/li>\n<li>La coupure de s\u00e9curit\u00e9 sup\u00e9rieure prot\u00e8ge avec efficacit\u00e9 les v\u00e9hicules d\u2019une hauteur globale \u00e9lev\u00e9e de tout risque de dommages pendant le levage.<\/li>\n<li>La conception \u00e9lectrohydraulique avec une seule unit\u00e9 garantit un fonctionnement \u00e0 faible consommation d\u2018\u00e9nergie et des temps de levage et d\u2019abaissement rapides.<\/li>\n<li>Fix\u00e9e \u00e0 la partie sup\u00e9rieure de la colonne \u00e9l\u00e9vatrice, l\u2019unit\u00e9 est prot\u00e9g\u00e9e des influences externes et permet plus de libert\u00e9 de mouvement.<\/li>\n<li>L\u2019unit\u00e9 hydraulique rotative garantit une facilit\u00e9 d\u2019entretien maximum ainsi que des co\u00fbts de fonctionnement moindres<\/li>\n<li>Les bras porteurs sont automatiquement verrouill\u00e9s pendant le levage. Une fois la plateforme compl\u00e8tement abaiss\u00e9e, ce dispositif de verrouillage se rel\u00e2che automatiquement. La grille particuli\u00e8rement fine et une fonction de d\u00e9verrouillage manuelle contribuent \u00e0 faciliter le fonctionnement.<\/li>\n<\/ul>\n","protected":false},"excerpt":{"rendered":"<p>6,5 t, \u00e9lectrohydraulique, double panneau de commande, bras porteurs 4 x 3-pi\u00e8ces, asym\u00e9trique, hauteur totale de 5432 mm<\/p>\n","protected":false},"featured_media":350338,"template":"","meta":[],"product_cat":[1033380],"product_tag":[1034197,1034180],"product_approvals":[1013890,1013873,1013907,1013992,1013924,1013975,1013958,1013941],"product_application":[],"class_list":{"0":"post-378817","1":"product","2":"type-product","3":"status-publish","4":"has-post-thumbnail","6":"product_cat-ponts-elevateurs-a-2-colonnes-fr","7":"product_tag-motor-homes-fr","8":"product_tag-light-commercial-fr","9":"product_approvals-audi-fr","10":"product_approvals-bentley-fr","11":"product_approvals-bugatti-fr","12":"product_approvals-lamborghini-fr","13":"product_approvals-porsche-fr","14":"product_approvals-seat-fr","15":"product_approvals-skoda-fr","16":"product_approvals-vw-fr","18":"first","19":"instock","20":"shipping-taxable","21":"product-type-simple"},"approvals":[{"term_id":1013890,"name":"Audi","slug":"audi-fr","term_group":0,"term_taxonomy_id":1013889,"taxonomy":"product_approvals","description":"","parent":0,"count":26,"filter":"raw"},{"term_id":1013873,"name":"Bentley","slug":"bentley-fr","term_group":0,"term_taxonomy_id":1013872,"taxonomy":"product_approvals","description":"","parent":0,"count":26,"filter":"raw"},{"term_id":1013907,"name":"Bugatti","slug":"bugatti-fr","term_group":0,"term_taxonomy_id":1013906,"taxonomy":"product_approvals","description":"","parent":0,"count":26,"filter":"raw"},{"term_id":1013992,"name":"Lamborghini","slug":"lamborghini-fr","term_group":0,"term_taxonomy_id":1013991,"taxonomy":"product_approvals","description":"","parent":0,"count":26,"filter":"raw"},{"term_id":1013924,"name":"Porsche","slug":"porsche-fr","term_group":0,"term_taxonomy_id":1013923,"taxonomy":"product_approvals","description":"","parent":0,"count":24,"filter":"raw"},{"term_id":1013975,"name":"Seat","slug":"seat-fr","term_group":0,"term_taxonomy_id":1013974,"taxonomy":"product_approvals","description":"","parent":0,"count":26,"filter":"raw"},{"term_id":1013958,"name":"Skoda","slug":"skoda-fr","term_group":0,"term_taxonomy_id":1013957,"taxonomy":"product_approvals","description":"","parent":0,"count":23,"filter":"raw"},{"term_id":1013941,"name":"VW","slug":"vw-fr","term_group":0,"term_taxonomy_id":1013940,"taxonomy":"product_approvals","description":"","parent":0,"count":26,"filter":"raw"}],"application":[],"brb_media_brochure":[{"id":350312,"url":"https:\/\/dev.codekraft.it\/rotary-2024\/wp-content\/uploads\/brb_media\/00409949_vw-approvals-br-127168-de-2019-04-screen.pdf","title":"vw approvals br 127168 de 2019 04 screen","thumbnail":"https:\/\/dev.codekraft.it\/rotary-2024\/wp-content\/uploads\/brb_media\/00409949_vw-approvals-br-127168-de-2019-04-screen-pdf-106x150.png","description":""},{"id":350313,"url":"https:\/\/dev.codekraft.it\/rotary-2024\/wp-content\/uploads\/brb_media\/00409950_vw-approvals-br-127169-en-2019-04-screen.pdf","title":"vw approvals br 127169 en 2019 04 screen","thumbnail":"https:\/\/dev.codekraft.it\/rotary-2024\/wp-content\/uploads\/brb_media\/00409950_vw-approvals-br-127169-en-2019-04-screen-pdf-106x150.png","description":""},{"id":350314,"url":"https:\/\/dev.codekraft.it\/rotary-2024\/wp-content\/uploads\/brb_media\/00409951_vw-approvals-br-127170-fr-2019-04-screen.pdf","title":"vw approvals br 127170 fr 2019 04 screen","thumbnail":"https:\/\/dev.codekraft.it\/rotary-2024\/wp-content\/uploads\/brb_media\/00409951_vw-approvals-br-127170-fr-2019-04-screen-pdf-106x150.png","description":""},{"id":350315,"url":"https:\/\/dev.codekraft.it\/rotary-2024\/wp-content\/uploads\/brb_media\/00409952_vw-approvals-br-127171-it-2019-04-screen.pdf","title":"vw approvals br 127171 it 2019 04 screen","thumbnail":"https:\/\/dev.codekraft.it\/rotary-2024\/wp-content\/uploads\/brb_media\/00409952_vw-approvals-br-127171-it-2019-04-screen-pdf-106x150.png","description":""},{"id":350316,"url":"https:\/\/dev.codekraft.it\/rotary-2024\/wp-content\/uploads\/brb_media\/00409953_vw-approvals-br-127172-es-2019-04-screen.pdf","title":"vw approvals br 127172 es 2019 04 screen","thumbnail":"https:\/\/dev.codekraft.it\/rotary-2024\/wp-content\/uploads\/brb_media\/00409953_vw-approvals-br-127172-es-2019-04-screen-pdf-106x150.png","description":""},{"id":350317,"url":"https:\/\/dev.codekraft.it\/rotary-2024\/wp-content\/uploads\/brb_media\/00409954_vw-approvals-br-127173-ru-2019-04-screen.pdf","title":"vw approvals br 127173 ru 2019 04 screen","thumbnail":"https:\/\/dev.codekraft.it\/rotary-2024\/wp-content\/uploads\/brb_media\/00409954_vw-approvals-br-127173-ru-2019-04-screen-pdf-106x150.png","description":""}],"brb_media_drawing":[{"id":349799,"url":"https:\/\/dev.codekraft.it\/rotary-2024\/wp-content\/uploads\/brb_media\/00469296_2-post-lift_spo65e-lwb_8614.pdf","title":"2 Post Lift SPO65E LWB 8614","thumbnail":"https:\/\/dev.codekraft.it\/rotary-2024\/wp-content\/uploads\/brb_media\/00469296_2-post-lift_spo65e-lwb_8614-pdf-150x105.png","description":""},{"id":349801,"url":"https:\/\/dev.codekraft.it\/rotary-2024\/wp-content\/uploads\/brb_media\/00407433_2-post-lift_spo65-lwb_bo_8904.pdf","title":"2 post lift spo65 lwb bo 8904","thumbnail":"https:\/\/dev.codekraft.it\/rotary-2024\/wp-content\/uploads\/brb_media\/00407433_2-post-lift_spo65-lwb_bo_8904-pdf-150x106.png","description":""},{"id":349800,"url":"https:\/\/dev.codekraft.it\/rotary-2024\/wp-content\/uploads\/brb_media\/00407435_2-post-lift_spo65e-lwb_8680.pdf","title":"2 post lift spo65e lwb 8680","thumbnail":"https:\/\/dev.codekraft.it\/rotary-2024\/wp-content\/uploads\/brb_media\/00407435_2-post-lift_spo65e-lwb_8680-pdf-150x105.png","description":""}],"brb_media_manuals":[{"id":349779,"url":"https:\/\/dev.codekraft.it\/rotary-2024\/wp-content\/uploads\/brb_media\/00265248_2-post-lift-spo-65-om-om20166-de-2013-03.pdf","title":"2 post lift spo 65 om om20166 de 2013 03","thumbnail":"https:\/\/dev.codekraft.it\/rotary-2024\/wp-content\/uploads\/brb_media\/00265248_2-post-lift-spo-65-om-om20166-de-2013-03-pdf-116x150.png","description":""},{"id":349780,"url":"https:\/\/dev.codekraft.it\/rotary-2024\/wp-content\/uploads\/brb_media\/00265249_2-post-lift-spo-65-om-om20166-en-2013-03.pdf","title":"2 post lift spo 65 om om20166 en 2013 03","thumbnail":"https:\/\/dev.codekraft.it\/rotary-2024\/wp-content\/uploads\/brb_media\/00265249_2-post-lift-spo-65-om-om20166-en-2013-03-pdf-116x150.png","description":""},{"id":349781,"url":"https:\/\/dev.codekraft.it\/rotary-2024\/wp-content\/uploads\/brb_media\/00265251_2-post-lift-spo-65-om-om20166-fr-2013-03.pdf","title":"2 post lift spo 65 om om20166 fr 2013 03","thumbnail":"https:\/\/dev.codekraft.it\/rotary-2024\/wp-content\/uploads\/brb_media\/00265251_2-post-lift-spo-65-om-om20166-fr-2013-03-pdf-116x150.png","description":""},{"id":349782,"url":"https:\/\/dev.codekraft.it\/rotary-2024\/wp-content\/uploads\/brb_media\/00265252_2-post-lift-spo-65-om-om20166-it-2013-03.pdf","title":"2 post lift spo 65 om om20166 it 2013 03","thumbnail":"https:\/\/dev.codekraft.it\/rotary-2024\/wp-content\/uploads\/brb_media\/00265252_2-post-lift-spo-65-om-om20166-it-2013-03-pdf-116x150.png","description":""},{"id":349783,"url":"https:\/\/dev.codekraft.it\/rotary-2024\/wp-content\/uploads\/brb_media\/00265250_2-post-lift-spo-65-om-om20166-es-2013-03.pdf","title":"2 post lift spo 65 om om20166 es 2013 03","thumbnail":"https:\/\/dev.codekraft.it\/rotary-2024\/wp-content\/uploads\/brb_media\/00265250_2-post-lift-spo-65-om-om20166-es-2013-03-pdf-116x150.png","description":""},{"id":349784,"url":"https:\/\/dev.codekraft.it\/rotary-2024\/wp-content\/uploads\/brb_media\/00158695_2-post-lift-spo-65-e-sp-pb26013-de-2011-07.pdf","title":"2 post lift spo 65 e sp pb26013 de 2011 07","thumbnail":"https:\/\/dev.codekraft.it\/rotary-2024\/wp-content\/uploads\/brb_media\/00158695_2-post-lift-spo-65-e-sp-pb26013-de-2011-07-pdf-116x150.png","description":""},{"id":349785,"url":"https:\/\/dev.codekraft.it\/rotary-2024\/wp-content\/uploads\/brb_media\/00158696_2-post-lift-spo-65-e-sp-pb26013-en-2011-07.pdf","title":"2 post lift spo 65 e sp pb26013 en 2011 07","thumbnail":"https:\/\/dev.codekraft.it\/rotary-2024\/wp-content\/uploads\/brb_media\/00158696_2-post-lift-spo-65-e-sp-pb26013-en-2011-07-pdf-116x150.png","description":""},{"id":349786,"url":"https:\/\/dev.codekraft.it\/rotary-2024\/wp-content\/uploads\/brb_media\/00158698_2-post-lift-spo-65-e-sp-pb26013-fr-2011-07.pdf","title":"2 post lift spo 65 e sp pb26013 fr 2011 07","thumbnail":"https:\/\/dev.codekraft.it\/rotary-2024\/wp-content\/uploads\/brb_media\/00158698_2-post-lift-spo-65-e-sp-pb26013-fr-2011-07-pdf-116x150.png","description":""},{"id":349787,"url":"https:\/\/dev.codekraft.it\/rotary-2024\/wp-content\/uploads\/brb_media\/00158699_2-post-lift-spo-65-e-sp-pb26013-it-2011-07.pdf","title":"2 post lift spo 65 e sp pb26013 it 2011 07","thumbnail":"https:\/\/dev.codekraft.it\/rotary-2024\/wp-content\/uploads\/brb_media\/00158699_2-post-lift-spo-65-e-sp-pb26013-it-2011-07-pdf-116x150.png","description":""},{"id":349788,"url":"https:\/\/dev.codekraft.it\/rotary-2024\/wp-content\/uploads\/brb_media\/00158697_2-post-lift-spo-65-e-sp-pb26013-es-2011-07.pdf","title":"2 post lift spo 65 e sp pb26013 es 2011 07","thumbnail":"https:\/\/dev.codekraft.it\/rotary-2024\/wp-content\/uploads\/brb_media\/00158697_2-post-lift-spo-65-e-sp-pb26013-es-2011-07-pdf-116x150.png","description":""},{"id":349789,"url":"https:\/\/dev.codekraft.it\/rotary-2024\/wp-content\/uploads\/brb_media\/00335076_2-post-lift-spo65e-im-in20334-de-2016-03.pdf","title":"2 post lift spo65e im in20334 de 2016 03","thumbnail":"https:\/\/dev.codekraft.it\/rotary-2024\/wp-content\/uploads\/brb_media\/00335076_2-post-lift-spo65e-im-in20334-de-2016-03-pdf-116x150.png","description":""},{"id":349790,"url":"https:\/\/dev.codekraft.it\/rotary-2024\/wp-content\/uploads\/brb_media\/00335077_2-post-lift-spo65e-im-in20334-en-2016-03.pdf","title":"2 post lift spo65e im in20334 en 2016 03","thumbnail":"https:\/\/dev.codekraft.it\/rotary-2024\/wp-content\/uploads\/brb_media\/00335077_2-post-lift-spo65e-im-in20334-en-2016-03-pdf-116x150.png","description":""},{"id":349791,"url":"https:\/\/dev.codekraft.it\/rotary-2024\/wp-content\/uploads\/brb_media\/00335078_2-post-lift-spo65e-im-in20334-fr-2016-03.pdf","title":"2 post lift spo65e im in20334 fr 2016 03","thumbnail":"https:\/\/dev.codekraft.it\/rotary-2024\/wp-content\/uploads\/brb_media\/00335078_2-post-lift-spo65e-im-in20334-fr-2016-03-pdf-116x150.png","description":""},{"id":349792,"url":"https:\/\/dev.codekraft.it\/rotary-2024\/wp-content\/uploads\/brb_media\/00335079_2-post-lift-spo65e-im-in20334-it-2016-03.pdf","title":"2 post lift spo65e im in20334 it 2016 03","thumbnail":"https:\/\/dev.codekraft.it\/rotary-2024\/wp-content\/uploads\/brb_media\/00335079_2-post-lift-spo65e-im-in20334-it-2016-03-pdf-116x150.png","description":""},{"id":349793,"url":"https:\/\/dev.codekraft.it\/rotary-2024\/wp-content\/uploads\/brb_media\/00335080_2-post-lift-spo65e-im-in20334-es-2016-03.pdf","title":"2 post lift spo65e im in20334 es 2016 03","thumbnail":"https:\/\/dev.codekraft.it\/rotary-2024\/wp-content\/uploads\/brb_media\/00335080_2-post-lift-spo65e-im-in20334-es-2016-03-pdf-116x150.png","description":""},{"id":349794,"url":"https:\/\/dev.codekraft.it\/rotary-2024\/wp-content\/uploads\/brb_media\/00116906_2-post-lift-spo-65-m-om-om20166-ru-2005-04-screen.pdf","title":"2 post lift spo 65 m om om20166 ru 2005 04 screen","thumbnail":"https:\/\/dev.codekraft.it\/rotary-2024\/wp-content\/uploads\/brb_media\/00116906_2-post-lift-spo-65-m-om-om20166-ru-2005-04-screen-pdf-116x150.png","description":""},{"id":349795,"url":"https:\/\/dev.codekraft.it\/rotary-2024\/wp-content\/uploads\/brb_media\/00117108_2-post-lift-spo-65-m-sp-pb26013-ru-2005-12-screen.pdf","title":"2 post lift spo 65 m sp pb26013 ru 2005 12 screen","thumbnail":"https:\/\/dev.codekraft.it\/rotary-2024\/wp-content\/uploads\/brb_media\/00117108_2-post-lift-spo-65-m-sp-pb26013-ru-2005-12-screen-pdf-116x150.png","description":""},{"id":349796,"url":"https:\/\/dev.codekraft.it\/rotary-2024\/wp-content\/uploads\/brb_media\/00117109_2-post-lift-spo-65-m-im-in20334-ru-2005-12-screen.pdf","title":"2 post lift spo 65 m im in20334 ru 2005 12 screen","thumbnail":"https:\/\/dev.codekraft.it\/rotary-2024\/wp-content\/uploads\/brb_media\/00117109_2-post-lift-spo-65-m-im-in20334-ru-2005-12-screen-pdf-116x150.png","description":""},{"id":349797,"url":"https:\/\/dev.codekraft.it\/rotary-2024\/wp-content\/uploads\/brb_media\/00521375_2-post-lifts-spo65e-om-en-2022-02.pdf","title":"2 post lifts SPO65E OM en 2022 02","thumbnail":"https:\/\/dev.codekraft.it\/rotary-2024\/wp-content\/uploads\/brb_media\/00521375_2-post-lifts-spo65e-om-en-2022-02-pdf-116x150.png","description":""},{"id":349798,"url":"https:\/\/dev.codekraft.it\/rotary-2024\/wp-content\/uploads\/brb_media\/00494820_om-spo-4-enrevb.pdf","title":"OM SPO 4 EN(revB)","thumbnail":"https:\/\/dev.codekraft.it\/rotary-2024\/wp-content\/uploads\/brb_media\/00494820_om-spo-4-enrevb-pdf-116x150.png","description":""}],"brb_media_safety_datasheets":"","brb_media_spare_parts":[],"_cdmm_p_id":"372454","_company":"Elektron","_gtin":"","accessories":[{"id":378733,"cdmm_p_id":"347652","name":"Kit tampons","description":"Goujon, longue | pour Mercedes Sprinter, VW Crafter - avant \/ pour SPO65 | 1 jeu \/ 2 pi\u00e8ces","thumbnail":"https:\/\/dev.codekraft.it\/rotary-2024\/wp-content\/uploads\/brb_media\/00209398_sprinter-crafter-support-mi-150x150.png","url":"https:\/\/dev.codekraft.it\/rotary-2024\/fr\/produits\/accessoires-ponts-elevateurs-fr\/systemes-de-transport-prise-de-charge-fr\/kit-tampons-2\/"},{"id":378739,"cdmm_p_id":"347653","name":"Kit tampons","description":"Plaque de support, support en caoutchouc, rond | pour SPO65 | 1 jeu \/ 4 pi\u00e8ces","thumbnail":"https:\/\/dev.codekraft.it\/rotary-2024\/wp-content\/uploads\/brb_media\/00209395_spo-65-turntables-set-mi-150x150.png","url":"https:\/\/dev.codekraft.it\/rotary-2024\/fr\/produits\/accessoires-ponts-elevateurs-fr\/systemes-de-transport-prise-de-charge-fr\/kit-tampons-3\/"},{"id":379104,"cdmm_p_id":"455836","name":"Kit tampons","description":"Prisme | pour Mercedes Sprinter, VW Crafter - arri\u00e8re \/ pour SPO65E | 1 jeu \/ 2 pi\u00e8ces","thumbnail":"https:\/\/dev.codekraft.it\/rotary-2024\/wp-content\/uploads\/brb_media\/00398116_spo55-vehicle-safety-catch-adapter-mi-fj6210c-150x150.png","url":"https:\/\/dev.codekraft.it\/rotary-2024\/fr\/produits\/accessoires-ponts-elevateurs-fr\/systemes-de-transport-prise-de-charge-fr\/kit-tampons-4\/"},{"id":381118,"cdmm_p_id":"497219","name":"Logements des griffes de roues","description":"Complet, 4 x 1300 kg | pour SPO55E | 1 jeu \/ 4 pi\u00e8ces","thumbnail":"https:\/\/dev.codekraft.it\/rotary-2024\/wp-content\/uploads\/brb_media\/00524047_2-post-lift-128667-mi-150x150.png","url":"https:\/\/dev.codekraft.it\/rotary-2024\/fr\/produits\/accessoires-ponts-elevateurs-fr\/accessoires-ponts-elevateurs-a-2-colonnes-fr\/logements-des-griffes-de-roues-2\/"},{"id":382558,"cdmm_p_id":"500910","name":"Kit adaptateurs","description":"Kit adaptateurs pour tampons pour prise chassis \u00d8 120 mm (1 jeu, 2 pi\u00e8ces), pour plateau tournant","thumbnail":"https:\/\/dev.codekraft.it\/rotary-2024\/wp-content\/uploads\/brb_media\/00524050_2-post-lift-fj6353-1-mi-150x150.png","url":"https:\/\/dev.codekraft.it\/rotary-2024\/fr\/produits\/accessoires-ponts-elevateurs-fr\/accessoires-ponts-elevateurs-a-2-colonnes-fr\/kit-adaptateurs\/"},{"id":381094,"cdmm_p_id":"497215","name":"Rallonges d&#039;adaptateur","description":"80 mm | pour SPO65E | 1 jeu \/ 4 pi\u00e8ces","thumbnail":"https:\/\/dev.codekraft.it\/rotary-2024\/wp-content\/uploads\/brb_media\/00489180_fj6212c-mi-150x150.jpg","url":"https:\/\/dev.codekraft.it\/rotary-2024\/fr\/produits\/accessoires-ponts-elevateurs-fr\/accessoires-ponts-elevateurs-a-2-colonnes-fr\/rallonges-dadaptateur-2\/"},{"id":379056,"cdmm_p_id":"444149","name":"R\u00e9ducteur","description":"\u00d8 2,75\u2033 \u00e0 2\u2033, adaptateur pour recevoir les accessoires SPOA3T\/SP040\/SPO55 | pour SPO65 | 1 pi\u00e8ce","thumbnail":"https:\/\/dev.codekraft.it\/rotary-2024\/wp-content\/uploads\/brb_media\/00524045_2-post-lift-115684-mi-150x150.png","url":"https:\/\/dev.codekraft.it\/rotary-2024\/fr\/produits\/accessoires-ponts-elevateurs-fr\/systemes-de-transport-prise-de-charge-fr\/reducteur\/"},{"id":383972,"cdmm_p_id":"502811","name":"Kit de supports pour rehausser les v\u00e9hicules","description":"Hauteur de rampe 60 mm, pour v\u00e9hicules extr\u00eamement bas | 1 jeu \/ 2 pi\u00e8ces","thumbnail":"https:\/\/dev.codekraft.it\/rotary-2024\/wp-content\/uploads\/brb_media\/00509501_2-post-lift-vsg2call902818-mi-150x150.png","url":"https:\/\/dev.codekraft.it\/rotary-2024\/fr\/produits\/accessoires-ponts-elevateurs-fr\/accessoires-ponts-elevateurs-a-2-colonnes-fr\/kit-de-supports-pour-rehausser-les-vehicules\/"},{"id":383978,"cdmm_p_id":"502814","name":"Kit de supports pour le contr\u00f4le de g\u00e9om\u00e9trie","description":"1 jeu \/ 4 pi\u00e8ces","thumbnail":"https:\/\/dev.codekraft.it\/rotary-2024\/wp-content\/uploads\/brb_media\/00509503_2-post-lift-vsg2call902085-mi-150x150.png","url":"https:\/\/dev.codekraft.it\/rotary-2024\/fr\/produits\/accessoires-ponts-elevateurs-fr\/accessoires-ponts-elevateurs-a-2-colonnes-fr\/kit-de-supports-pour-le-controle-de-geometrie\/"},{"id":384190,"cdmm_p_id":"503071","name":"Support d&#039;outil","description":"Support pour outillage pneumatique, ergonomique","thumbnail":"https:\/\/dev.codekraft.it\/rotary-2024\/wp-content\/uploads\/brb_media\/00511003_2-post-lift-vsg2call902511-mi-150x150.png","url":"https:\/\/dev.codekraft.it\/rotary-2024\/fr\/produits\/accessoires-ponts-elevateurs-fr\/accessoires-ponts-elevateurs-a-2-colonnes-fr\/support-doutil\/"}],"components":[],"related":[],"similar":[{"id":378805,"cdmm_p_id":"372452","name":"Pont \u00e9l\u00e9vateur \u00e0 2 colonnes VAS 6353A","description":"3,5 t, \u00e9lectrohydraulique, fonctionnement par bouton-poussoir, bras porteurs 3-pi\u00e8ces \u00e0 l'avant, asym\u00e9trique, hauteur totale de 4170 mm","thumbnail":"https:\/\/dev.codekraft.it\/rotary-2024\/wp-content\/uploads\/brb_media\/00409223_2-post-lift-spoa-3t-vas6353-mi-150x150.png","url":"https:\/\/dev.codekraft.it\/rotary-2024\/fr\/produits\/ponts-elevateurs-fr\/ponts-elevateurs-a-2-colonnes-fr\/pont-elevateur-a-2-colonnes-vas-6353a\/"},{"id":378811,"cdmm_p_id":"372453","name":"Pont \u00e9l\u00e9vateur \u00e0 2 colonnes VAS 6354A","description":"4,5 t, \u00e9lectrohydraulique, double panneau de commande, bras porteurs 3-pi\u00e8ces \u00e0 l'avant, asym\u00e9trique, hauteur totale de 4170 mm","thumbnail":"https:\/\/dev.codekraft.it\/rotary-2024\/wp-content\/uploads\/brb_media\/00040939_2-post-lift-spo-40-54-mi-150x150.png","url":"https:\/\/dev.codekraft.it\/rotary-2024\/fr\/produits\/ponts-elevateurs-fr\/ponts-elevateurs-a-2-colonnes-fr\/pont-elevateur-a-2-colonnes-vas-6354a\/"},{"id":378442,"cdmm_p_id":"32649","name":"Pont \u00e9l\u00e9vateur \u00e0 2 colonnes SPO65E-LWB","description":"6,5 t, \u00e9lectrohydraulique, double panneau de commande, bras porteurs 4 x 3-pi\u00e8ces, asym\u00e9trique,\u00a0hauteur totale de 5028 mm","thumbnail":"https:\/\/dev.codekraft.it\/rotary-2024\/wp-content\/uploads\/brb_media\/00113865_2-post-lift-spo-65-e-mi-150x150.png","url":"https:\/\/dev.codekraft.it\/rotary-2024\/fr\/produits\/ponts-elevateurs-fr\/ponts-elevateurs-a-2-colonnes-fr\/pont-elevateur-a-2-colonnes-spo65e-lwb\/"},{"id":379020,"cdmm_p_id":"423426","name":"Pont \u00e9l\u00e9vateur \u00e0 2 colonnes SPO65E-EH2-LWB","description":"6,5 t, \u00e9lectrohydraulique, double panneau de commande, bras porteurs 4 x 3-pi\u00e8ces, asym\u00e9trique, hauteur totale de 5432 mm","thumbnail":"https:\/\/dev.codekraft.it\/rotary-2024\/wp-content\/uploads\/brb_media\/00113865_2-post-lift-spo-65-e-mi-150x150.png","url":"https:\/\/dev.codekraft.it\/rotary-2024\/fr\/produits\/ponts-elevateurs-fr\/ponts-elevateurs-a-2-colonnes-fr\/pont-elevateur-a-2-colonnes-spo65e-eh2-lwb\/"},{"id":379092,"cdmm_p_id":"455829","name":"Pont \u00e9l\u00e9vateur \u00e0 2 colonnes SPO65E-MB","description":"6,5 t, \u00e9lectrohydraulique, double panneau de commande, bras porteurs 4 x 3-pi\u00e8ces, asym\u00e9trique, hauteur totale de 5028 mm","thumbnail":"https:\/\/dev.codekraft.it\/rotary-2024\/wp-content\/uploads\/brb_media\/00472790_spo40_54i_2020-150x150.png","url":"https:\/\/dev.codekraft.it\/rotary-2024\/fr\/produits\/ponts-elevateurs-fr\/ponts-elevateurs-a-2-colonnes-fr\/pont-elevateur-a-2-colonnes-spo65e-mb\/"}],"lang":"fr","translations":{"fr":378817,"en":378815,"de":378816,"it":378818,"es":378819,"ru":378820},"pll_sync_post":[],"_links":{"self":[{"href":"https:\/\/dev.codekraft.it\/rotary-2024\/wp-json\/wp\/v2\/product\/378817","targetHints":{"allow":["GET"]}}],"collection":[{"href":"https:\/\/dev.codekraft.it\/rotary-2024\/wp-json\/wp\/v2\/product"}],"about":[{"href":"https:\/\/dev.codekraft.it\/rotary-2024\/wp-json\/wp\/v2\/types\/product"}],"wp:featuredmedia":[{"embeddable":true,"href":"https:\/\/dev.codekraft.it\/rotary-2024\/wp-json\/wp\/v2\/media\/350338"}],"wp:attachment":[{"href":"https:\/\/dev.codekraft.it\/rotary-2024\/wp-json\/wp\/v2\/media?parent=378817"}],"wp:term":[{"taxonomy":"product_cat","embeddable":true,"href":"https:\/\/dev.codekraft.it\/rotary-2024\/wp-json\/wp\/v2\/product_cat?post=378817"},{"taxonomy":"product_tag","embeddable":true,"href":"https:\/\/dev.codekraft.it\/rotary-2024\/wp-json\/wp\/v2\/product_tag?post=378817"},{"taxonomy":"product_approvals","embeddable":true,"href":"https:\/\/dev.codekraft.it\/rotary-2024\/wp-json\/wp\/v2\/product_approvals?post=378817"},{"taxonomy":"product_application","embeddable":true,"href":"https:\/\/dev.codekraft.it\/rotary-2024\/wp-json\/wp\/v2\/product_application?post=378817"}],"curies":[{"name":"wp","href":"https:\/\/api.w.org\/{rel}","templated":true}]}}