{"id":378816,"date":"2025-04-01T06:23:30","date_gmt":"2025-04-01T06:23:30","guid":{"rendered":"https:\/\/dev.codekraft.it\/rotary-2024\/products\/uncategorized\/2-saulen-hebebuhne-vas-6355a\/"},"modified":"2025-04-01T06:23:30","modified_gmt":"2025-04-01T06:23:30","slug":"2-saulen-hebebuhne-vas-6355a","status":"publish","type":"product","link":"https:\/\/dev.codekraft.it\/rotary-2024\/produkte\/hebebuhnen-de\/2-saulen-hebebuhnen-de\/2-saulen-hebebuhne-vas-6355a\/","title":{"rendered":"2-S\u00e4ulen-Hebeb\u00fchne VAS 6355A"},"content":{"rendered":"<p>Die elektro-hydraulischen 2-S\u00e4ulen Hebeb\u00fchnen der VAS 6355 A -Serie \u00fcberzeugen durch einen \u00fcberragenden Aufnahmebereich, sie eignen sich insbesondere f\u00fcr Transporter Arbeitspl\u00e4tze.<\/p>\n<ul>\n<li>Maximale Sicherheit mit Rotary 3PSS-Concept<\/li>\n<li>Aufnahmebereich Transporter, Einsatzfahrzeuge und Wohnmobile<\/li>\n<\/ul>\n<ul>\n<li>Die besonders gro\u00dfz\u00fcgig dimensionierten Tragarme erlauben die sichere Aufnahme von schweren Transportern, Einsatzfahrzeugen und Wohnmobilen<\/li>\n<\/ul>\n<ul>\n<li>3PSS Concept (3 Phase Security System) beinhaltet:\n<ul>\n<li>Beidseitig integrierte mechanische Sicherheitsklinken mit automatischer Bet\u00e4tigung<\/li>\n<li>Lastfrei gelagerte Synchronisations-Seilz\u00fcge sichern die Last w\u00e4hrend des Hub- und Senkvorgangs<\/li>\n<li>Durch R\u00fcckschlagventil gesichertes Hydrauliksystem inklusive wartungsfreier Hochdruckzylinder in beiden S\u00e4ulen<\/li>\n<\/ul>\n<\/li>\n<\/ul>\n<ul>\n<li>Die maximale Durchfahrbreite bei minimalen Au\u00dfenabmessungen sowie die grundrahmenfreie Konstruktion gew\u00e4hrleisten ein problemloses Befahren der Hebeb\u00fchne<\/li>\n<li>Das Doppel S-Profil der Hubs\u00e4ulen erm\u00f6glicht h\u00f6chste Stabilit\u00e4t bei minimalem Raumbedarf. Die Kontaktfl\u00e4che der in den Hubs\u00e4ulen gef\u00fchrten Hubschlitten wird dar\u00fcber hinaus deutlich vergr\u00f6\u00dfert.<\/li>\n<li>Die Drehteller sind steckbar und k\u00f6nnen mit Aufsatzst\u00fccken stabil und kosteng\u00fcnstig verl\u00e4ngert oder ersetzt werden.<\/li>\n<\/ul>\n<ul>\n<li>F\u00fcr ein Plus an Ergonomie und Wirtschaftlichkeit ist das 2. Bedienteil bei der VAS 6355 A serienm\u00e4\u00dfig. Eine Bedieneinheit ist mit einem 220 V Anschluss (mit 16 Ampere f\u00fcr elektrische Handwerkzeuge abgesichert) und das zweite mit einer Druckluftvorbereitung ausgestattet.<\/li>\n<li>Die obere Sicherheitsabschaltung sch\u00fctzt Fahrzeuge mit gr\u00f6\u00dferer Bauh\u00f6he wirkungsvoll vor Besch\u00e4digungen beim Heben.<\/li>\n<li>Die elektro-hydraulische Bauweise mit lediglich einem Aggregat sorgt f\u00fcr einen energiesparenden Betrieb bei schnellen Hub- und Senkzeiten.<\/li>\n<li>Angeflanscht am oberen Bereich der Hubs\u00e4ule ist das Aggregat gesch\u00fctzt vor \u00e4u\u00dferen Einfl\u00fcssen und erm\u00f6glicht mehr Bewegungsfreiheit.<\/li>\n<li>Rotary Hydraulik steht f\u00fcr maximale Servicefreundlichkeit bei minimalen Betriebskosten<\/li>\n<li>Die Tragarme werden beim Anheben automatisch arretiert. Ist die B\u00fchne vollst\u00e4ndig abgesenkt wird diese Arretierung selbst\u00e4ndig gel\u00f6st. Die besonders feine Rasterung und eine manuelle Entriegelungs-Funktion erweitern den Bedienungskomfort.<\/li>\n<\/ul>\n","protected":false},"excerpt":{"rendered":"<p>6,5 t, elektrohydraulisch, Doppelsteuerpult, Tragarme 3-teilig, symmetrisch, Gesamth\u00f6he 5432 mm<\/p>\n","protected":false},"featured_media":350338,"template":"","meta":[],"product_cat":[1033360],"product_tag":[1034178,1034195],"product_approvals":[1013887,1013870,1013904,1013989,1013921,1013972,1013955,1013938],"product_application":[],"class_list":{"0":"post-378816","1":"product","2":"type-product","3":"status-publish","4":"has-post-thumbnail","6":"product_cat-2-saulen-hebebuhnen-de","7":"product_tag-light-commercial-de","8":"product_tag-motor-homes-de","9":"product_approvals-audi-de","10":"product_approvals-bentley-de","11":"product_approvals-bugatti-de","12":"product_approvals-lamborghini-de","13":"product_approvals-porsche-de","14":"product_approvals-seat-de","15":"product_approvals-skoda-de","16":"product_approvals-vw-de","18":"first","19":"instock","20":"shipping-taxable","21":"product-type-simple"},"approvals":[{"term_id":1013887,"name":"Audi","slug":"audi-de","term_group":0,"term_taxonomy_id":1013886,"taxonomy":"product_approvals","description":"","parent":0,"count":26,"filter":"raw"},{"term_id":1013870,"name":"Bentley","slug":"bentley-de","term_group":0,"term_taxonomy_id":1013869,"taxonomy":"product_approvals","description":"","parent":0,"count":26,"filter":"raw"},{"term_id":1013904,"name":"Bugatti","slug":"bugatti-de","term_group":0,"term_taxonomy_id":1013903,"taxonomy":"product_approvals","description":"","parent":0,"count":26,"filter":"raw"},{"term_id":1013989,"name":"Lamborghini","slug":"lamborghini-de","term_group":0,"term_taxonomy_id":1013988,"taxonomy":"product_approvals","description":"","parent":0,"count":26,"filter":"raw"},{"term_id":1013921,"name":"Porsche","slug":"porsche-de","term_group":0,"term_taxonomy_id":1013920,"taxonomy":"product_approvals","description":"","parent":0,"count":24,"filter":"raw"},{"term_id":1013972,"name":"Seat","slug":"seat-de","term_group":0,"term_taxonomy_id":1013971,"taxonomy":"product_approvals","description":"","parent":0,"count":26,"filter":"raw"},{"term_id":1013955,"name":"Skoda","slug":"skoda-de","term_group":0,"term_taxonomy_id":1013954,"taxonomy":"product_approvals","description":"","parent":0,"count":23,"filter":"raw"},{"term_id":1013938,"name":"VW","slug":"vw-de","term_group":0,"term_taxonomy_id":1013937,"taxonomy":"product_approvals","description":"","parent":0,"count":26,"filter":"raw"}],"application":[],"brb_media_brochure":[{"id":350312,"url":"https:\/\/dev.codekraft.it\/rotary-2024\/wp-content\/uploads\/brb_media\/00409949_vw-approvals-br-127168-de-2019-04-screen.pdf","title":"vw approvals br 127168 de 2019 04 screen","thumbnail":"https:\/\/dev.codekraft.it\/rotary-2024\/wp-content\/uploads\/brb_media\/00409949_vw-approvals-br-127168-de-2019-04-screen-pdf-106x150.png","description":""},{"id":350313,"url":"https:\/\/dev.codekraft.it\/rotary-2024\/wp-content\/uploads\/brb_media\/00409950_vw-approvals-br-127169-en-2019-04-screen.pdf","title":"vw approvals br 127169 en 2019 04 screen","thumbnail":"https:\/\/dev.codekraft.it\/rotary-2024\/wp-content\/uploads\/brb_media\/00409950_vw-approvals-br-127169-en-2019-04-screen-pdf-106x150.png","description":""},{"id":350314,"url":"https:\/\/dev.codekraft.it\/rotary-2024\/wp-content\/uploads\/brb_media\/00409951_vw-approvals-br-127170-fr-2019-04-screen.pdf","title":"vw approvals br 127170 fr 2019 04 screen","thumbnail":"https:\/\/dev.codekraft.it\/rotary-2024\/wp-content\/uploads\/brb_media\/00409951_vw-approvals-br-127170-fr-2019-04-screen-pdf-106x150.png","description":""},{"id":350315,"url":"https:\/\/dev.codekraft.it\/rotary-2024\/wp-content\/uploads\/brb_media\/00409952_vw-approvals-br-127171-it-2019-04-screen.pdf","title":"vw approvals br 127171 it 2019 04 screen","thumbnail":"https:\/\/dev.codekraft.it\/rotary-2024\/wp-content\/uploads\/brb_media\/00409952_vw-approvals-br-127171-it-2019-04-screen-pdf-106x150.png","description":""},{"id":350316,"url":"https:\/\/dev.codekraft.it\/rotary-2024\/wp-content\/uploads\/brb_media\/00409953_vw-approvals-br-127172-es-2019-04-screen.pdf","title":"vw approvals br 127172 es 2019 04 screen","thumbnail":"https:\/\/dev.codekraft.it\/rotary-2024\/wp-content\/uploads\/brb_media\/00409953_vw-approvals-br-127172-es-2019-04-screen-pdf-106x150.png","description":""},{"id":350317,"url":"https:\/\/dev.codekraft.it\/rotary-2024\/wp-content\/uploads\/brb_media\/00409954_vw-approvals-br-127173-ru-2019-04-screen.pdf","title":"vw approvals br 127173 ru 2019 04 screen","thumbnail":"https:\/\/dev.codekraft.it\/rotary-2024\/wp-content\/uploads\/brb_media\/00409954_vw-approvals-br-127173-ru-2019-04-screen-pdf-106x150.png","description":""}],"brb_media_drawing":[{"id":349799,"url":"https:\/\/dev.codekraft.it\/rotary-2024\/wp-content\/uploads\/brb_media\/00469296_2-post-lift_spo65e-lwb_8614.pdf","title":"2 Post Lift SPO65E LWB 8614","thumbnail":"https:\/\/dev.codekraft.it\/rotary-2024\/wp-content\/uploads\/brb_media\/00469296_2-post-lift_spo65e-lwb_8614-pdf-150x105.png","description":""},{"id":349801,"url":"https:\/\/dev.codekraft.it\/rotary-2024\/wp-content\/uploads\/brb_media\/00407433_2-post-lift_spo65-lwb_bo_8904.pdf","title":"2 post lift spo65 lwb bo 8904","thumbnail":"https:\/\/dev.codekraft.it\/rotary-2024\/wp-content\/uploads\/brb_media\/00407433_2-post-lift_spo65-lwb_bo_8904-pdf-150x106.png","description":""},{"id":349800,"url":"https:\/\/dev.codekraft.it\/rotary-2024\/wp-content\/uploads\/brb_media\/00407435_2-post-lift_spo65e-lwb_8680.pdf","title":"2 post lift spo65e lwb 8680","thumbnail":"https:\/\/dev.codekraft.it\/rotary-2024\/wp-content\/uploads\/brb_media\/00407435_2-post-lift_spo65e-lwb_8680-pdf-150x105.png","description":""}],"brb_media_manuals":[{"id":349779,"url":"https:\/\/dev.codekraft.it\/rotary-2024\/wp-content\/uploads\/brb_media\/00265248_2-post-lift-spo-65-om-om20166-de-2013-03.pdf","title":"2 post lift spo 65 om om20166 de 2013 03","thumbnail":"https:\/\/dev.codekraft.it\/rotary-2024\/wp-content\/uploads\/brb_media\/00265248_2-post-lift-spo-65-om-om20166-de-2013-03-pdf-116x150.png","description":""},{"id":349780,"url":"https:\/\/dev.codekraft.it\/rotary-2024\/wp-content\/uploads\/brb_media\/00265249_2-post-lift-spo-65-om-om20166-en-2013-03.pdf","title":"2 post lift spo 65 om om20166 en 2013 03","thumbnail":"https:\/\/dev.codekraft.it\/rotary-2024\/wp-content\/uploads\/brb_media\/00265249_2-post-lift-spo-65-om-om20166-en-2013-03-pdf-116x150.png","description":""},{"id":349781,"url":"https:\/\/dev.codekraft.it\/rotary-2024\/wp-content\/uploads\/brb_media\/00265251_2-post-lift-spo-65-om-om20166-fr-2013-03.pdf","title":"2 post lift spo 65 om om20166 fr 2013 03","thumbnail":"https:\/\/dev.codekraft.it\/rotary-2024\/wp-content\/uploads\/brb_media\/00265251_2-post-lift-spo-65-om-om20166-fr-2013-03-pdf-116x150.png","description":""},{"id":349782,"url":"https:\/\/dev.codekraft.it\/rotary-2024\/wp-content\/uploads\/brb_media\/00265252_2-post-lift-spo-65-om-om20166-it-2013-03.pdf","title":"2 post lift spo 65 om om20166 it 2013 03","thumbnail":"https:\/\/dev.codekraft.it\/rotary-2024\/wp-content\/uploads\/brb_media\/00265252_2-post-lift-spo-65-om-om20166-it-2013-03-pdf-116x150.png","description":""},{"id":349783,"url":"https:\/\/dev.codekraft.it\/rotary-2024\/wp-content\/uploads\/brb_media\/00265250_2-post-lift-spo-65-om-om20166-es-2013-03.pdf","title":"2 post lift spo 65 om om20166 es 2013 03","thumbnail":"https:\/\/dev.codekraft.it\/rotary-2024\/wp-content\/uploads\/brb_media\/00265250_2-post-lift-spo-65-om-om20166-es-2013-03-pdf-116x150.png","description":""},{"id":349784,"url":"https:\/\/dev.codekraft.it\/rotary-2024\/wp-content\/uploads\/brb_media\/00158695_2-post-lift-spo-65-e-sp-pb26013-de-2011-07.pdf","title":"2 post lift spo 65 e sp pb26013 de 2011 07","thumbnail":"https:\/\/dev.codekraft.it\/rotary-2024\/wp-content\/uploads\/brb_media\/00158695_2-post-lift-spo-65-e-sp-pb26013-de-2011-07-pdf-116x150.png","description":""},{"id":349785,"url":"https:\/\/dev.codekraft.it\/rotary-2024\/wp-content\/uploads\/brb_media\/00158696_2-post-lift-spo-65-e-sp-pb26013-en-2011-07.pdf","title":"2 post lift spo 65 e sp pb26013 en 2011 07","thumbnail":"https:\/\/dev.codekraft.it\/rotary-2024\/wp-content\/uploads\/brb_media\/00158696_2-post-lift-spo-65-e-sp-pb26013-en-2011-07-pdf-116x150.png","description":""},{"id":349786,"url":"https:\/\/dev.codekraft.it\/rotary-2024\/wp-content\/uploads\/brb_media\/00158698_2-post-lift-spo-65-e-sp-pb26013-fr-2011-07.pdf","title":"2 post lift spo 65 e sp pb26013 fr 2011 07","thumbnail":"https:\/\/dev.codekraft.it\/rotary-2024\/wp-content\/uploads\/brb_media\/00158698_2-post-lift-spo-65-e-sp-pb26013-fr-2011-07-pdf-116x150.png","description":""},{"id":349787,"url":"https:\/\/dev.codekraft.it\/rotary-2024\/wp-content\/uploads\/brb_media\/00158699_2-post-lift-spo-65-e-sp-pb26013-it-2011-07.pdf","title":"2 post lift spo 65 e sp pb26013 it 2011 07","thumbnail":"https:\/\/dev.codekraft.it\/rotary-2024\/wp-content\/uploads\/brb_media\/00158699_2-post-lift-spo-65-e-sp-pb26013-it-2011-07-pdf-116x150.png","description":""},{"id":349788,"url":"https:\/\/dev.codekraft.it\/rotary-2024\/wp-content\/uploads\/brb_media\/00158697_2-post-lift-spo-65-e-sp-pb26013-es-2011-07.pdf","title":"2 post lift spo 65 e sp pb26013 es 2011 07","thumbnail":"https:\/\/dev.codekraft.it\/rotary-2024\/wp-content\/uploads\/brb_media\/00158697_2-post-lift-spo-65-e-sp-pb26013-es-2011-07-pdf-116x150.png","description":""},{"id":349789,"url":"https:\/\/dev.codekraft.it\/rotary-2024\/wp-content\/uploads\/brb_media\/00335076_2-post-lift-spo65e-im-in20334-de-2016-03.pdf","title":"2 post lift spo65e im in20334 de 2016 03","thumbnail":"https:\/\/dev.codekraft.it\/rotary-2024\/wp-content\/uploads\/brb_media\/00335076_2-post-lift-spo65e-im-in20334-de-2016-03-pdf-116x150.png","description":""},{"id":349790,"url":"https:\/\/dev.codekraft.it\/rotary-2024\/wp-content\/uploads\/brb_media\/00335077_2-post-lift-spo65e-im-in20334-en-2016-03.pdf","title":"2 post lift spo65e im in20334 en 2016 03","thumbnail":"https:\/\/dev.codekraft.it\/rotary-2024\/wp-content\/uploads\/brb_media\/00335077_2-post-lift-spo65e-im-in20334-en-2016-03-pdf-116x150.png","description":""},{"id":349791,"url":"https:\/\/dev.codekraft.it\/rotary-2024\/wp-content\/uploads\/brb_media\/00335078_2-post-lift-spo65e-im-in20334-fr-2016-03.pdf","title":"2 post lift spo65e im in20334 fr 2016 03","thumbnail":"https:\/\/dev.codekraft.it\/rotary-2024\/wp-content\/uploads\/brb_media\/00335078_2-post-lift-spo65e-im-in20334-fr-2016-03-pdf-116x150.png","description":""},{"id":349792,"url":"https:\/\/dev.codekraft.it\/rotary-2024\/wp-content\/uploads\/brb_media\/00335079_2-post-lift-spo65e-im-in20334-it-2016-03.pdf","title":"2 post lift spo65e im in20334 it 2016 03","thumbnail":"https:\/\/dev.codekraft.it\/rotary-2024\/wp-content\/uploads\/brb_media\/00335079_2-post-lift-spo65e-im-in20334-it-2016-03-pdf-116x150.png","description":""},{"id":349793,"url":"https:\/\/dev.codekraft.it\/rotary-2024\/wp-content\/uploads\/brb_media\/00335080_2-post-lift-spo65e-im-in20334-es-2016-03.pdf","title":"2 post lift spo65e im in20334 es 2016 03","thumbnail":"https:\/\/dev.codekraft.it\/rotary-2024\/wp-content\/uploads\/brb_media\/00335080_2-post-lift-spo65e-im-in20334-es-2016-03-pdf-116x150.png","description":""},{"id":349794,"url":"https:\/\/dev.codekraft.it\/rotary-2024\/wp-content\/uploads\/brb_media\/00116906_2-post-lift-spo-65-m-om-om20166-ru-2005-04-screen.pdf","title":"2 post lift spo 65 m om om20166 ru 2005 04 screen","thumbnail":"https:\/\/dev.codekraft.it\/rotary-2024\/wp-content\/uploads\/brb_media\/00116906_2-post-lift-spo-65-m-om-om20166-ru-2005-04-screen-pdf-116x150.png","description":""},{"id":349795,"url":"https:\/\/dev.codekraft.it\/rotary-2024\/wp-content\/uploads\/brb_media\/00117108_2-post-lift-spo-65-m-sp-pb26013-ru-2005-12-screen.pdf","title":"2 post lift spo 65 m sp pb26013 ru 2005 12 screen","thumbnail":"https:\/\/dev.codekraft.it\/rotary-2024\/wp-content\/uploads\/brb_media\/00117108_2-post-lift-spo-65-m-sp-pb26013-ru-2005-12-screen-pdf-116x150.png","description":""},{"id":349796,"url":"https:\/\/dev.codekraft.it\/rotary-2024\/wp-content\/uploads\/brb_media\/00117109_2-post-lift-spo-65-m-im-in20334-ru-2005-12-screen.pdf","title":"2 post lift spo 65 m im in20334 ru 2005 12 screen","thumbnail":"https:\/\/dev.codekraft.it\/rotary-2024\/wp-content\/uploads\/brb_media\/00117109_2-post-lift-spo-65-m-im-in20334-ru-2005-12-screen-pdf-116x150.png","description":""},{"id":349797,"url":"https:\/\/dev.codekraft.it\/rotary-2024\/wp-content\/uploads\/brb_media\/00521375_2-post-lifts-spo65e-om-en-2022-02.pdf","title":"2 post lifts SPO65E OM en 2022 02","thumbnail":"https:\/\/dev.codekraft.it\/rotary-2024\/wp-content\/uploads\/brb_media\/00521375_2-post-lifts-spo65e-om-en-2022-02-pdf-116x150.png","description":""},{"id":349798,"url":"https:\/\/dev.codekraft.it\/rotary-2024\/wp-content\/uploads\/brb_media\/00494820_om-spo-4-enrevb.pdf","title":"OM SPO 4 EN(revB)","thumbnail":"https:\/\/dev.codekraft.it\/rotary-2024\/wp-content\/uploads\/brb_media\/00494820_om-spo-4-enrevb-pdf-116x150.png","description":""}],"brb_media_safety_datasheets":"","brb_media_spare_parts":[],"_cdmm_p_id":"372454","_company":"Elektron","_gtin":"","accessories":[{"id":378732,"cdmm_p_id":"347652","name":"Aufnahmeadapter","description":"Dorn, lang | f\u00fcr Mercedes Sprinter, VW Crafter - vorn \/ f\u00fcr SPO65 | 1 Satz \/ 2 St\u00fcck","thumbnail":"https:\/\/dev.codekraft.it\/rotary-2024\/wp-content\/uploads\/brb_media\/00209398_sprinter-crafter-support-mi-150x150.png","url":"https:\/\/dev.codekraft.it\/rotary-2024\/produkte\/zubehor-hebebuhnen-de\/lastaufnahmemittel-de\/aufnahmeadapter-2\/"},{"id":378738,"cdmm_p_id":"347653","name":"Aufnahmeadapter","description":"Tragteller, Gummiauflage, rund | f\u00fcr SPO65 | 1 Satz \/ 4 St\u00fcck","thumbnail":"https:\/\/dev.codekraft.it\/rotary-2024\/wp-content\/uploads\/brb_media\/00209395_spo-65-turntables-set-mi-150x150.png","url":"https:\/\/dev.codekraft.it\/rotary-2024\/produkte\/zubehor-hebebuhnen-de\/lastaufnahmemittel-de\/aufnahmeadapter-3\/"},{"id":379103,"cdmm_p_id":"455836","name":"Aufnahmeadapter","description":"Prisma | f\u00fcr Mercedes Sprinter, VW Crafter - hinten \/ f\u00fcr SPO65E | 1 Satz \/ 2 St\u00fcck","thumbnail":"https:\/\/dev.codekraft.it\/rotary-2024\/wp-content\/uploads\/brb_media\/00398116_spo55-vehicle-safety-catch-adapter-mi-fj6210c-150x150.png","url":"https:\/\/dev.codekraft.it\/rotary-2024\/produkte\/zubehor-hebebuhnen-de\/lastaufnahmemittel-de\/aufnahmeadapter-4\/"},{"id":381117,"cdmm_p_id":"497219","name":"Radgreiferaufnahmen","description":"Komplett, 4 x 1300 kg | f\u00fcr SPO65E | 1 Satz \/ 4 St\u00fcck","thumbnail":"https:\/\/dev.codekraft.it\/rotary-2024\/wp-content\/uploads\/brb_media\/00524047_2-post-lift-128667-mi-150x150.png","url":"https:\/\/dev.codekraft.it\/rotary-2024\/produkte\/zubehor-hebebuhnen-de\/zubehor-2-saulen-hebebuhnen-de\/radgreiferaufnahmen-2\/"},{"id":382557,"cdmm_p_id":"500910","name":"Adapter-Satz","description":"Adapter-Satz f\u00fcr Tragteller zur Rahmenaufnahme \u00d8 120 mm (1 Satz, 2 St.)","thumbnail":"https:\/\/dev.codekraft.it\/rotary-2024\/wp-content\/uploads\/brb_media\/00524050_2-post-lift-fj6353-1-mi-150x150.png","url":"https:\/\/dev.codekraft.it\/rotary-2024\/produkte\/zubehor-hebebuhnen-de\/zubehor-2-saulen-hebebuhnen-de\/adapter-satz\/"},{"id":381093,"cdmm_p_id":"497215","name":"Adapterverl\u00e4ngerungen","description":"80 mm | f\u00fcr SPO65E | 1 Satz \/ 4 St\u00fcck","thumbnail":"https:\/\/dev.codekraft.it\/rotary-2024\/wp-content\/uploads\/brb_media\/00489180_fj6212c-mi-150x150.jpg","url":"https:\/\/dev.codekraft.it\/rotary-2024\/produkte\/zubehor-hebebuhnen-de\/zubehor-2-saulen-hebebuhnen-de\/adapterverlangerungen-2\/"},{"id":379055,"cdmm_p_id":"444149","name":"Reduzierst\u00fcck","description":"\u00d8 2,75\u2033 auf 2\u2033, Adapter zur Aufnahme von Zubeh\u00f6r SPOA3T\/SP040\/SPO55 | f\u00fcr SPO65 | 1 St\u00fcck","thumbnail":"https:\/\/dev.codekraft.it\/rotary-2024\/wp-content\/uploads\/brb_media\/00524045_2-post-lift-115684-mi-150x150.png","url":"https:\/\/dev.codekraft.it\/rotary-2024\/produkte\/zubehor-hebebuhnen-de\/lastaufnahmemittel-de\/reduzierstuck\/"},{"id":383971,"cdmm_p_id":"502811","name":"Rampen","description":"Rampenh\u00f6he 60 mm, f\u00fcr extrem niedrige Fahrzeuge | 1 Satz \/ 4 St\u00fcck","thumbnail":"https:\/\/dev.codekraft.it\/rotary-2024\/wp-content\/uploads\/brb_media\/00509501_2-post-lift-vsg2call902818-mi-150x150.png","url":"https:\/\/dev.codekraft.it\/rotary-2024\/produkte\/zubehor-hebebuhnen-de\/zubehor-2-saulen-hebebuhnen-de\/rampen\/"},{"id":383977,"cdmm_p_id":"502814","name":"Achsmessb\u00f6cke","description":"1 Satz \/ 4 St\u00fcck","thumbnail":"https:\/\/dev.codekraft.it\/rotary-2024\/wp-content\/uploads\/brb_media\/00509503_2-post-lift-vsg2call902085-mi-150x150.png","url":"https:\/\/dev.codekraft.it\/rotary-2024\/produkte\/zubehor-hebebuhnen-de\/zubehor-2-saulen-hebebuhnen-de\/achsmessbocke\/"},{"id":384189,"cdmm_p_id":"503071","name":"Werkzeughalterung","description":"Ergonomische Halterung f\u00fcr Druckluftschrauber","thumbnail":"https:\/\/dev.codekraft.it\/rotary-2024\/wp-content\/uploads\/brb_media\/00511003_2-post-lift-vsg2call902511-mi-150x150.png","url":"https:\/\/dev.codekraft.it\/rotary-2024\/produkte\/zubehor-hebebuhnen-de\/zubehor-2-saulen-hebebuhnen-de\/werkzeughalterung\/"}],"components":[],"related":[],"similar":[{"id":378804,"cdmm_p_id":"372452","name":"2-S\u00e4ulen-Hebeb\u00fchne VAS 6353A","description":"3,5 t, elektrohydraulisch, Drucktaster-Bedienung, Tragarme vorne 3-teilig, asymmetrisch, Gesamth\u00f6he 4170 mm","thumbnail":"https:\/\/dev.codekraft.it\/rotary-2024\/wp-content\/uploads\/brb_media\/00409223_2-post-lift-spoa-3t-vas6353-mi-150x150.png","url":"https:\/\/dev.codekraft.it\/rotary-2024\/produkte\/hebebuhnen-de\/2-saulen-hebebuhnen-de\/2-saulen-hebebuhne-vas-6353a\/"},{"id":378810,"cdmm_p_id":"372453","name":"2-S\u00e4ulen-Hebeb\u00fchne VAS 6354A","description":"4,5 t, elektrohydraulisch, Doppelsteuerpult, Tragarme vorne 3-teilig, asymmetrisch, Gesamth\u00f6he 4170 mm","thumbnail":"https:\/\/dev.codekraft.it\/rotary-2024\/wp-content\/uploads\/brb_media\/00040939_2-post-lift-spo-40-54-mi-150x150.png","url":"https:\/\/dev.codekraft.it\/rotary-2024\/produkte\/hebebuhnen-de\/2-saulen-hebebuhnen-de\/2-saulen-hebebuhne-vas-6354a\/"},{"id":378441,"cdmm_p_id":"32649","name":"2-S\u00e4ulen-Hebeb\u00fchne SPO65E-LWB","description":"6,5 t, elektrohydraulisch, Doppelsteuerpult, Tragarme 3-teilig, symmetrisch, Gesamth\u00f6he 5028 mm","thumbnail":"https:\/\/dev.codekraft.it\/rotary-2024\/wp-content\/uploads\/brb_media\/00113865_2-post-lift-spo-65-e-mi-150x150.png","url":"https:\/\/dev.codekraft.it\/rotary-2024\/produkte\/hebebuhnen-de\/2-saulen-hebebuhnen-de\/2-saulen-hebebuhne-spo65e-lwb\/"},{"id":379019,"cdmm_p_id":"423426","name":"2-S\u00e4ulen-Hebeb\u00fchne SPO65E-EH2-LWB","description":"6,5 t, elektrohydraulisch, Doppelsteuerpult, Tragarme 3-teilig, symmetrisch, Gesamth\u00f6he 5432 mm","thumbnail":"https:\/\/dev.codekraft.it\/rotary-2024\/wp-content\/uploads\/brb_media\/00113865_2-post-lift-spo-65-e-mi-150x150.png","url":"https:\/\/dev.codekraft.it\/rotary-2024\/produkte\/hebebuhnen-de\/2-saulen-hebebuhnen-de\/2-saulen-hebebuhne-spo65e-eh2-lwb\/"},{"id":379091,"cdmm_p_id":"455829","name":"2-S\u00e4ulen-Hebeb\u00fchne SPO65E-MB","description":"6,5 t, elektrohydraulisch, Doppelsteuerpult, Tragarme 3-teilig, symmetrisch, Gesamth\u00f6he 5028 mm","thumbnail":"https:\/\/dev.codekraft.it\/rotary-2024\/wp-content\/uploads\/brb_media\/00472790_spo40_54i_2020-150x150.png","url":"https:\/\/dev.codekraft.it\/rotary-2024\/produkte\/hebebuhnen-de\/2-saulen-hebebuhnen-de\/2-saulen-hebebuhne-spo65e-mb\/"}],"lang":"de","translations":{"de":378816,"en":378815,"fr":378817,"it":378818,"es":378819,"ru":378820},"pll_sync_post":[],"_links":{"self":[{"href":"https:\/\/dev.codekraft.it\/rotary-2024\/wp-json\/wp\/v2\/product\/378816","targetHints":{"allow":["GET"]}}],"collection":[{"href":"https:\/\/dev.codekraft.it\/rotary-2024\/wp-json\/wp\/v2\/product"}],"about":[{"href":"https:\/\/dev.codekraft.it\/rotary-2024\/wp-json\/wp\/v2\/types\/product"}],"wp:featuredmedia":[{"embeddable":true,"href":"https:\/\/dev.codekraft.it\/rotary-2024\/wp-json\/wp\/v2\/media\/350338"}],"wp:attachment":[{"href":"https:\/\/dev.codekraft.it\/rotary-2024\/wp-json\/wp\/v2\/media?parent=378816"}],"wp:term":[{"taxonomy":"product_cat","embeddable":true,"href":"https:\/\/dev.codekraft.it\/rotary-2024\/wp-json\/wp\/v2\/product_cat?post=378816"},{"taxonomy":"product_tag","embeddable":true,"href":"https:\/\/dev.codekraft.it\/rotary-2024\/wp-json\/wp\/v2\/product_tag?post=378816"},{"taxonomy":"product_approvals","embeddable":true,"href":"https:\/\/dev.codekraft.it\/rotary-2024\/wp-json\/wp\/v2\/product_approvals?post=378816"},{"taxonomy":"product_application","embeddable":true,"href":"https:\/\/dev.codekraft.it\/rotary-2024\/wp-json\/wp\/v2\/product_application?post=378816"}],"curies":[{"name":"wp","href":"https:\/\/api.w.org\/{rel}","templated":true}]}}