{"id":378804,"date":"2025-10-28T11:42:00","date_gmt":"2025-10-28T11:42:00","guid":{"rendered":"https:\/\/dev.codekraft.it\/rotary-2024\/products\/uncategorized\/2-saulen-hebebuhne-vas-6353a\/"},"modified":"2025-10-28T11:42:00","modified_gmt":"2025-10-28T11:42:00","slug":"2-saulen-hebebuhne-vas-6353a","status":"publish","type":"product","link":"https:\/\/dev.codekraft.it\/rotary-2024\/produkte\/hebebuhnen-de\/2-saulen-hebebuhnen-de\/2-saulen-hebebuhne-vas-6353a\/","title":{"rendered":"2-S\u00e4ulen-Hebeb\u00fchne VAS 6353A"},"content":{"rendered":"<p>Die elektro-hydraulische 2-S\u00e4ulen Hebeb\u00fchne der VAS 6353 A-Serie \u00fcberzeugen durch einen \u00fcberragenden Aufnahmebereich. Bei der Steuerung stehen eine manuelle und eine elektrische Variante zur Auswahl.<\/p>\n<p>VAS 6353 A bietet aufgrund der asymmetrischen Bauweise einen flexiblen Aufnahmebereich vom UP! bis zu gro\u00dfen Vans (z.B. VW T6 lang)<\/p>\n<ul>\n<li>Maximale Sicherheit mit Rotary 3PSS-Concept<\/li>\n<li>Aufnahmebereich bis VW T6 lang<\/li>\n<\/ul>\n<ul>\n<li>3PSS Concept (3 Phase Security System) beinhaltet:\n<ul>\n<li>Beidseitig integrierte mechanische Sicherheitsklinken mit automatischer Bet\u00e4tigung<\/li>\n<li>Lastfrei gelagerte Synchronisations-Seilz\u00fcge sichern die Last w\u00e4hrend des Hub- und Senkvorgangs<\/li>\n<li>Durch R\u00fcckschlagventil gesichertes Hydrauliksystem inklusive wartungsfreier Hochdruckzylinder in beiden S\u00e4ulen<\/li>\n<\/ul>\n<\/li>\n<\/ul>\n<ul>\n<li>Das asymmetrische S\u00e4ulen- und Tragarmdesign erm\u00f6glicht eine optimale T\u00fcrfreiheit<\/li>\n<li>Die maximale Durchfahrbreite bei minimalen Au\u00dfenabmessungen sowie die grundrahmenfreie Konstruktion gew\u00e4hrleisten ein problemloses Befahren der Hebeb\u00fchne<\/li>\n<li>Die Drehteller sind steckbar und k\u00f6nnen mit Aufsatzst\u00fccken stabil und kosteng\u00fcnstig verl\u00e4ngert oder ersetzt werden.<\/li>\n<li>Typ VAS 6814 mit Sportwagen-Tragarmen verf\u00fcgbar.<\/li>\n<\/ul>\n<ul>\n<li>F\u00fcr ein Plus an Ergonomie und Wirtschaftlichkeit kann ein 2. Bedienteil (bei VAS 6353 A) gew\u00e4hlt werden. In diesem Falle ist ein Bedieneinheit mit einem 220 V Anschluss (mit 16 Ampere f\u00fcr elektrische Handwerkzeuge abgesichert) und das zweite mit einer Druckluftvorbereitung ausgestattet.<\/li>\n<li>Die obere Sicherheitsabschaltung sch\u00fctzt Fahrzeuge mit gr\u00f6\u00dferer Bauh\u00f6he wirkungsvoll vor Besch\u00e4digungen beim Heben.<\/li>\n<li>Die elektro-hydraulische Bauweise mit lediglich einem Aggregat sorgt f\u00fcr einen energiesparenden Betrieb bei schnellen Hub- und Senkzeiten.<\/li>\n<li>Angeflanscht am oberen Bereich der Hubs\u00e4ule ist das Aggregat gesch\u00fctzt vor \u00e4u\u00dferen Einfl\u00fcssen und erm\u00f6glicht mehr Bewegungsfreiheit.<\/li>\n<li>Rotary Hydraulik steht f\u00fcr maximale Servicefreundlichkeit bei minimalen Betriebskosten<\/li>\n<li>Die Tragarme werden beim Anheben automatisch arretiert. Ist die B\u00fchne vollst\u00e4ndig abgesenkt wird diese Arretierung selbst\u00e4ndig gel\u00f6st. Die besonders feine Rasterung und eine manuelle Entriegelungs-Funktion erweitern den Bedienungskomfort.<\/li>\n<\/ul>\n","protected":false},"excerpt":{"rendered":"<p>3,5 t, elektrohydraulisch, Drucktaster-Bedienung, Tragarme vorne 3-teilig, asymmetrisch, Gesamth\u00f6he 4170 mm<\/p>\n","protected":false},"featured_media":350311,"template":"","meta":[],"product_cat":[1033360],"product_tag":[1034161],"product_approvals":[1013887,1013870,1013904,1013989,1013921,1013972,1013955,1013938],"product_application":[],"class_list":{"0":"post-378804","1":"product","2":"type-product","3":"status-publish","4":"has-post-thumbnail","6":"product_cat-2-saulen-hebebuhnen-de","7":"product_tag-passenger-cars-de","8":"product_approvals-audi-de","9":"product_approvals-bentley-de","10":"product_approvals-bugatti-de","11":"product_approvals-lamborghini-de","12":"product_approvals-porsche-de","13":"product_approvals-seat-de","14":"product_approvals-skoda-de","15":"product_approvals-vw-de","17":"first","18":"instock","19":"shipping-taxable","20":"product-type-simple"},"approvals":[{"term_id":1013887,"name":"Audi","slug":"audi-de","term_group":0,"term_taxonomy_id":1013886,"taxonomy":"product_approvals","description":"","parent":0,"count":26,"filter":"raw"},{"term_id":1013870,"name":"Bentley","slug":"bentley-de","term_group":0,"term_taxonomy_id":1013869,"taxonomy":"product_approvals","description":"","parent":0,"count":26,"filter":"raw"},{"term_id":1013904,"name":"Bugatti","slug":"bugatti-de","term_group":0,"term_taxonomy_id":1013903,"taxonomy":"product_approvals","description":"","parent":0,"count":26,"filter":"raw"},{"term_id":1013989,"name":"Lamborghini","slug":"lamborghini-de","term_group":0,"term_taxonomy_id":1013988,"taxonomy":"product_approvals","description":"","parent":0,"count":26,"filter":"raw"},{"term_id":1013921,"name":"Porsche","slug":"porsche-de","term_group":0,"term_taxonomy_id":1013920,"taxonomy":"product_approvals","description":"","parent":0,"count":24,"filter":"raw"},{"term_id":1013972,"name":"Seat","slug":"seat-de","term_group":0,"term_taxonomy_id":1013971,"taxonomy":"product_approvals","description":"","parent":0,"count":26,"filter":"raw"},{"term_id":1013955,"name":"Skoda","slug":"skoda-de","term_group":0,"term_taxonomy_id":1013954,"taxonomy":"product_approvals","description":"","parent":0,"count":23,"filter":"raw"},{"term_id":1013938,"name":"VW","slug":"vw-de","term_group":0,"term_taxonomy_id":1013937,"taxonomy":"product_approvals","description":"","parent":0,"count":26,"filter":"raw"}],"application":[],"brb_media_brochure":[{"id":350312,"url":"https:\/\/dev.codekraft.it\/rotary-2024\/wp-content\/uploads\/brb_media\/00409949_vw-approvals-br-127168-de-2019-04-screen.pdf","title":"vw approvals br 127168 de 2019 04 screen","thumbnail":"https:\/\/dev.codekraft.it\/rotary-2024\/wp-content\/uploads\/brb_media\/00409949_vw-approvals-br-127168-de-2019-04-screen-pdf-106x150.png","description":""},{"id":350313,"url":"https:\/\/dev.codekraft.it\/rotary-2024\/wp-content\/uploads\/brb_media\/00409950_vw-approvals-br-127169-en-2019-04-screen.pdf","title":"vw approvals br 127169 en 2019 04 screen","thumbnail":"https:\/\/dev.codekraft.it\/rotary-2024\/wp-content\/uploads\/brb_media\/00409950_vw-approvals-br-127169-en-2019-04-screen-pdf-106x150.png","description":""},{"id":350314,"url":"https:\/\/dev.codekraft.it\/rotary-2024\/wp-content\/uploads\/brb_media\/00409951_vw-approvals-br-127170-fr-2019-04-screen.pdf","title":"vw approvals br 127170 fr 2019 04 screen","thumbnail":"https:\/\/dev.codekraft.it\/rotary-2024\/wp-content\/uploads\/brb_media\/00409951_vw-approvals-br-127170-fr-2019-04-screen-pdf-106x150.png","description":""},{"id":350315,"url":"https:\/\/dev.codekraft.it\/rotary-2024\/wp-content\/uploads\/brb_media\/00409952_vw-approvals-br-127171-it-2019-04-screen.pdf","title":"vw approvals br 127171 it 2019 04 screen","thumbnail":"https:\/\/dev.codekraft.it\/rotary-2024\/wp-content\/uploads\/brb_media\/00409952_vw-approvals-br-127171-it-2019-04-screen-pdf-106x150.png","description":""},{"id":350316,"url":"https:\/\/dev.codekraft.it\/rotary-2024\/wp-content\/uploads\/brb_media\/00409953_vw-approvals-br-127172-es-2019-04-screen.pdf","title":"vw approvals br 127172 es 2019 04 screen","thumbnail":"https:\/\/dev.codekraft.it\/rotary-2024\/wp-content\/uploads\/brb_media\/00409953_vw-approvals-br-127172-es-2019-04-screen-pdf-106x150.png","description":""},{"id":350317,"url":"https:\/\/dev.codekraft.it\/rotary-2024\/wp-content\/uploads\/brb_media\/00409954_vw-approvals-br-127173-ru-2019-04-screen.pdf","title":"vw approvals br 127173 ru 2019 04 screen","thumbnail":"https:\/\/dev.codekraft.it\/rotary-2024\/wp-content\/uploads\/brb_media\/00409954_vw-approvals-br-127173-ru-2019-04-screen-pdf-106x150.png","description":""}],"brb_media_drawing":[{"id":349866,"url":"https:\/\/dev.codekraft.it\/rotary-2024\/wp-content\/uploads\/brb_media\/00407403_2-post-lift_spoa3ts-5_8615.pdf","title":"2 post lift spoa3ts 5 8615","thumbnail":"https:\/\/dev.codekraft.it\/rotary-2024\/wp-content\/uploads\/brb_media\/00407403_2-post-lift_spoa3ts-5_8615-pdf-150x106.png","description":""},{"id":349870,"url":"https:\/\/dev.codekraft.it\/rotary-2024\/wp-content\/uploads\/brb_media\/00407404_2-post-lift_spoa3ts-5_8640.pdf","title":"2 post lift spoa3ts 5 8640","thumbnail":"https:\/\/dev.codekraft.it\/rotary-2024\/wp-content\/uploads\/brb_media\/00407404_2-post-lift_spoa3ts-5_8640-pdf-150x106.png","description":""},{"id":349869,"url":"https:\/\/dev.codekraft.it\/rotary-2024\/wp-content\/uploads\/brb_media\/00407405_2-post-lift-spoa3t-5-af_8834.pdf","title":"2 post lift spoa3t 5 af 8834","thumbnail":"https:\/\/dev.codekraft.it\/rotary-2024\/wp-content\/uploads\/brb_media\/00407405_2-post-lift-spoa3t-5-af_8834-pdf-150x106.png","description":""},{"id":349872,"url":"https:\/\/dev.codekraft.it\/rotary-2024\/wp-content\/uploads\/brb_media\/00407617_2-post-lift-spoa3t-5-af_vw_8825.pdf","title":"2 post lift spoa3t 5 af vw 8825","thumbnail":"https:\/\/dev.codekraft.it\/rotary-2024\/wp-content\/uploads\/brb_media\/00407617_2-post-lift-spoa3t-5-af_vw_8825-pdf-150x106.png","description":""},{"id":349867,"url":"https:\/\/dev.codekraft.it\/rotary-2024\/wp-content\/uploads\/brb_media\/00407406_2-post-lift_da_spoa3ts-5-ap_8569.pdf","title":"2 post lift da spoa3ts 5 ap 8569","thumbnail":"https:\/\/dev.codekraft.it\/rotary-2024\/wp-content\/uploads\/brb_media\/00407406_2-post-lift_da_spoa3ts-5-ap_8569-pdf-150x106.png","description":""},{"id":349868,"url":"https:\/\/dev.codekraft.it\/rotary-2024\/wp-content\/uploads\/brb_media\/00407407_2-post-lift_da_spoa3ts-5-sc_8684.pdf","title":"2 post lift da spoa3ts 5 sc 8684","thumbnail":"https:\/\/dev.codekraft.it\/rotary-2024\/wp-content\/uploads\/brb_media\/00407407_2-post-lift_da_spoa3ts-5-sc_8684-pdf-150x106.png","description":""},{"id":349871,"url":"https:\/\/dev.codekraft.it\/rotary-2024\/wp-content\/uploads\/brb_media\/00407616_2-post-lift_spoa3ts-5-sc_8686.pdf","title":"2 post lift spoa3ts 5 sc 8686","thumbnail":"https:\/\/dev.codekraft.it\/rotary-2024\/wp-content\/uploads\/brb_media\/00407616_2-post-lift_spoa3ts-5-sc_8686-pdf-150x106.png","description":""},{"id":349865,"url":"https:\/\/dev.codekraft.it\/rotary-2024\/wp-content\/uploads\/brb_media\/00407615_spoa3ts-5_mit_bmw_1_3.pdf","title":"spoa3ts 5 mit bmw 1 3","thumbnail":"https:\/\/dev.codekraft.it\/rotary-2024\/wp-content\/uploads\/brb_media\/00407615_spoa3ts-5_mit_bmw_1_3-pdf-150x106.png","description":""}],"brb_media_manuals":[{"id":378489,"url":"https:\/\/dev.codekraft.it\/rotary-2024\/wp-content\/uploads\/brb_media\/00550427_2-post-lift-spoa3t_om-sp-tb_spo-3-de_2025-03-rev-g.pdf","title":"2 Post Lift SPOA3T OM SP TB SPO 3 DE 2025 03 Rev G","thumbnail":"https:\/\/dev.codekraft.it\/rotary-2024\/wp-content\/uploads\/brb_media\/00550427_2-post-lift-spoa3t_om-sp-tb_spo-3-de_2025-03-rev-g-pdf-106x150.png","description":""},{"id":349856,"url":"https:\/\/dev.codekraft.it\/rotary-2024\/wp-content\/uploads\/brb_media\/00470985_2-post-lift-om-spo-3\uff08reva1en.pdf","title":"2 Post Lift OM SPO 3\uff08revA1)(en)","thumbnail":"https:\/\/dev.codekraft.it\/rotary-2024\/wp-content\/uploads\/brb_media\/00470985_2-post-lift-om-spo-3\uff08reva1en-pdf-116x150.png","description":""},{"id":349857,"url":"https:\/\/dev.codekraft.it\/rotary-2024\/wp-content\/uploads\/brb_media\/00466373_2-post-lift-om-spo-3-ef-bc-88reva1-fr-.pdf","title":"2 post lift om spo 3 EF BC 88reva1 fr","thumbnail":"https:\/\/dev.codekraft.it\/rotary-2024\/wp-content\/uploads\/brb_media\/00466373_2-post-lift-om-spo-3-ef-bc-88reva1-fr--pdf-116x150.png","description":""},{"id":349859,"url":"https:\/\/dev.codekraft.it\/rotary-2024\/wp-content\/uploads\/brb_media\/00466375_2-post-lift-om-spo-3-ef-bc-88reva1-it-.pdf","title":"2 post lift om spo 3 EF BC 88reva1 it","thumbnail":"https:\/\/dev.codekraft.it\/rotary-2024\/wp-content\/uploads\/brb_media\/00466375_2-post-lift-om-spo-3-ef-bc-88reva1-it--pdf-116x150.png","description":""},{"id":349858,"url":"https:\/\/dev.codekraft.it\/rotary-2024\/wp-content\/uploads\/brb_media\/00466372_2-post-lift-om-spo-3-ef-bc-88reva1-es-.pdf","title":"2 post lift om spo 3 EF BC 88reva1 es","thumbnail":"https:\/\/dev.codekraft.it\/rotary-2024\/wp-content\/uploads\/brb_media\/00466372_2-post-lift-om-spo-3-ef-bc-88reva1-es--pdf-116x150.png","description":""},{"id":349860,"url":"https:\/\/dev.codekraft.it\/rotary-2024\/wp-content\/uploads\/brb_media\/00466376_2-post-lift-om-spo-3-ef-bc-88reva1-rus-.pdf","title":"2 post lift om spo 3 EF BC 88reva1 rus","thumbnail":"https:\/\/dev.codekraft.it\/rotary-2024\/wp-content\/uploads\/brb_media\/00466376_2-post-lift-om-spo-3-ef-bc-88reva1-rus--pdf-116x150.png","description":""},{"id":349861,"url":"https:\/\/dev.codekraft.it\/rotary-2024\/wp-content\/uploads\/brb_media\/00466369_2-post-lift-om-spo-3-ef-bc-88reva1-cz-.pdf","title":"2 post lift om spo 3 EF BC 88reva1 cz","thumbnail":"https:\/\/dev.codekraft.it\/rotary-2024\/wp-content\/uploads\/brb_media\/00466369_2-post-lift-om-spo-3-ef-bc-88reva1-cz--pdf-116x150.png","description":""},{"id":349862,"url":"https:\/\/dev.codekraft.it\/rotary-2024\/wp-content\/uploads\/brb_media\/00466370_2-post-lift-om-spo-3-ef-bc-88reva1-dutch-.pdf","title":"2 post lift om spo 3 EF BC 88reva1 dutch","thumbnail":"https:\/\/dev.codekraft.it\/rotary-2024\/wp-content\/uploads\/brb_media\/00466370_2-post-lift-om-spo-3-ef-bc-88reva1-dutch--pdf-116x150.png","description":""},{"id":349863,"url":"https:\/\/dev.codekraft.it\/rotary-2024\/wp-content\/uploads\/brb_media\/00466378_2-post-lift-om-spo-3-ef-bc-88reva1-sw-.pdf","title":"2 post lift om spo 3 EF BC 88reva1 sw","thumbnail":"https:\/\/dev.codekraft.it\/rotary-2024\/wp-content\/uploads\/brb_media\/00466378_2-post-lift-om-spo-3-ef-bc-88reva1-sw--pdf-116x150.png","description":""},{"id":349864,"url":"https:\/\/dev.codekraft.it\/rotary-2024\/wp-content\/uploads\/brb_media\/00466377_2-post-lift-om-spo-3-ef-bc-88reva1-slov-.pdf","title":"2 post lift om spo 3 EF BC 88reva1 slov","thumbnail":"https:\/\/dev.codekraft.it\/rotary-2024\/wp-content\/uploads\/brb_media\/00466377_2-post-lift-om-spo-3-ef-bc-88reva1-slov--pdf-116x150.png","description":""}],"brb_media_safety_datasheets":"","brb_media_spare_parts":[],"_cdmm_p_id":"372452","_company":"Elektron","_gtin":"","accessories":[{"id":378606,"cdmm_p_id":"302194","name":"Aufnahmeadapter","description":"Dorn, kurz | f\u00fcr Mercedes Sprinter, VW Crafter - vorn \/ f\u00fcr SPO54 | 1 Satz \/ 2 St\u00fcck","thumbnail":"https:\/\/dev.codekraft.it\/rotary-2024\/wp-content\/uploads\/brb_media\/00170442_spoa-40-support-kit-mercedes-sprinter-mi-150x150.png","url":"https:\/\/dev.codekraft.it\/rotary-2024\/produkte\/zubehor-hebebuhnen-de\/lastaufnahmemittel-de\/aufnahmeadapter\/"},{"id":381087,"cdmm_p_id":"497214","name":"Aufnahmeadapter","description":"Tragteller, Gummiauflage, rund | \u00d8 80 mm | 1 Satz \/ 4 St\u00fcck","thumbnail":"https:\/\/dev.codekraft.it\/rotary-2024\/wp-content\/uploads\/brb_media\/00535980_2-post-lift-fj6216c-mi-150x150.png","url":"https:\/\/dev.codekraft.it\/rotary-2024\/produkte\/zubehor-hebebuhnen-de\/lastaufnahmemittel-de\/aufnahmeadapter-7\/"},{"id":382527,"cdmm_p_id":"500905","name":"Aufnahmeadapter","description":"Tragteller, Gummiauflage, rechteckig | f\u00fcr Tesla | 1 Satz \/ 4 St\u00fcck","thumbnail":"https:\/\/dev.codekraft.it\/rotary-2024\/wp-content\/uploads\/brb_media\/00505100_2-post-lift-vsg2call901538-mi-150x150.png","url":"https:\/\/dev.codekraft.it\/rotary-2024\/produkte\/zubehor-hebebuhnen-de\/lastaufnahmemittel-de\/aufnahmeadapter-8\/"},{"id":382533,"cdmm_p_id":"500906","name":"Aufnahmeadapter","description":"Tragteller, Zentrierpilz | f\u00fcr Fiat 500E, 500 ABARTH | 2-stufig | 1 Satz \/ 4 St\u00fcck","thumbnail":"https:\/\/dev.codekraft.it\/rotary-2024\/wp-content\/uploads\/brb_media\/00505105_2-post-lift-vsg2call902023-mi-150x150.png","url":"https:\/\/dev.codekraft.it\/rotary-2024\/produkte\/zubehor-hebebuhnen-de\/lastaufnahmemittel-de\/aufnahmeadapter-9\/"},{"id":382539,"cdmm_p_id":"500907","name":"Aufnahmeadapter","description":"Prisma | f\u00fcr VW-MEB-Plattform-E-Fahrzeuge | 1 Satz \/ 4 St\u00fcck","thumbnail":"https:\/\/dev.codekraft.it\/rotary-2024\/wp-content\/uploads\/brb_media\/00509505_2-post-lift-vsg2call902146-mi-150x150.png","url":"https:\/\/dev.codekraft.it\/rotary-2024\/produkte\/zubehor-hebebuhnen-de\/lastaufnahmemittel-de\/aufnahmeadapter-10\/"},{"id":382563,"cdmm_p_id":"500912","name":"Aufnahmeadapter","description":"Tragteller, U-Aufnahme | 1 Satz \/ 4 St\u00fcck","thumbnail":"https:\/\/dev.codekraft.it\/rotary-2024\/wp-content\/uploads\/brb_media\/00505104_2-post-lift-vsg2call901330-mi-150x150.png","url":"https:\/\/dev.codekraft.it\/rotary-2024\/produkte\/zubehor-hebebuhnen-de\/lastaufnahmemittel-de\/aufnahmeadapter-11\/"},{"id":384183,"cdmm_p_id":"503070","name":"Aufnahmeadapter","description":"Prisma | f\u00fcr Mercedes G-Klasse - vorn und hinten | 1 Satz \/ 4 St\u00fcck","thumbnail":"https:\/\/dev.codekraft.it\/rotary-2024\/wp-content\/uploads\/brb_media\/00511001_2-post-lift-vsg2call901859-mi-150x150.png","url":"https:\/\/dev.codekraft.it\/rotary-2024\/produkte\/zubehor-hebebuhnen-de\/lastaufnahmemittel-de\/aufnahmeadapter-14\/"},{"id":379824,"cdmm_p_id":"472439","name":"Aufnahmeadapter","description":"Prisma | f\u00fcr Mercedes Sprinter, VW Crafter - hinten \/ f\u00fcr SPO54\/55 | 1 Satz \/ 2 St\u00fcck","thumbnail":"https:\/\/dev.codekraft.it\/rotary-2024\/wp-content\/uploads\/brb_media\/00528243_spo55-vehicle-safety-catch-adapter-mi-fj6210c-150x150.png","url":"https:\/\/dev.codekraft.it\/rotary-2024\/produkte\/zubehor-hebebuhnen-de\/lastaufnahmemittel-de\/aufnahmeadapter-5\/"},{"id":384177,"cdmm_p_id":"503068","name":"Aufnahmeadapter","description":"Dorn | f\u00fcr Fiat Ducato, Peugeot Boxer, Citro\u00ebn Jumper - vorn und hinten | 1 Satz \/ 4 St\u00fcck","thumbnail":"https:\/\/dev.codekraft.it\/rotary-2024\/wp-content\/uploads\/brb_media\/00510999_2-post-lift-vsg2call901606-mi-150x150.png","url":"https:\/\/dev.codekraft.it\/rotary-2024\/produkte\/zubehor-hebebuhnen-de\/lastaufnahmemittel-de\/aufnahmeadapter-13\/"},{"id":384171,"cdmm_p_id":"503067","name":"Aufnahmeadapter","description":"Prisma, Dorn | f\u00fcr Mercedes Sprinter, VW Crafter | 1 Satz \/ 6 St\u00fcck","thumbnail":"https:\/\/dev.codekraft.it\/rotary-2024\/wp-content\/uploads\/brb_media\/00511000_2-post-lift-vsg2call901712-mi-150x150.png","url":"https:\/\/dev.codekraft.it\/rotary-2024\/produkte\/zubehor-hebebuhnen-de\/lastaufnahmemittel-de\/aufnahmeadapter-12\/"},{"id":381255,"cdmm_p_id":"497248","name":"Hilfsb\u00fcgel","description":"F\u00fcr Grundplatten SPO3T | 1 Satz \/ 2 St\u00fcck","thumbnail":"https:\/\/dev.codekraft.it\/rotary-2024\/wp-content\/uploads\/brb_media\/00524052_2-post-lift-gp-spoa3t-mi-150x150.png","url":"https:\/\/dev.codekraft.it\/rotary-2024\/produkte\/zubehor-hebebuhnen-de\/zubehor-2-saulen-hebebuhnen-de\/hilfsbugel\/"},{"id":378988,"cdmm_p_id":"422676","name":"Zweite Bedieneinheit","description":"F\u00fcr SPOA3TS - Nicht geeignet f\u00fcr EV-Hebeb\u00fchnen | 1 St\u00fcck","thumbnail":"https:\/\/dev.codekraft.it\/rotary-2024\/wp-content\/uploads\/brb_media\/00312548-150x150.png","url":"https:\/\/dev.codekraft.it\/rotary-2024\/produkte\/zubehor-hebebuhnen-de\/zubehor-2-saulen-hebebuhnen-de\/zweite-bedieneinheit\/"},{"id":382545,"cdmm_p_id":"500908","name":"Adapterverl\u00e4ngerungen f\u00fcr elektromechanische Hebeb\u00fchnen","description":"4 x 89 mm, 4 x 127 mm, inkl. 2 Halterungen zur Montage an den S\u00e4ulen | 1 Satz \/ 8 St\u00fcck","thumbnail":"https:\/\/dev.codekraft.it\/rotary-2024\/wp-content\/uploads\/brb_media\/00508736_2-post-lift-vsg2call901071-mi-150x150.png","url":"https:\/\/dev.codekraft.it\/rotary-2024\/produkte\/zubehor-hebebuhnen-de\/zubehor-2-saulen-hebebuhnen-de\/adapterverlangerungen-fur-elektromechanische-hebebuhnen\/"},{"id":382551,"cdmm_p_id":"500909","name":"Adapterverl\u00e4ngerungen","description":"4 x 200 mm, inkl. Halterung zur Montage an den S\u00e4ulen | 1 Satz \/ 4 St\u00fcck","thumbnail":"https:\/\/dev.codekraft.it\/rotary-2024\/wp-content\/uploads\/brb_media\/00505099_2-post-lift-vsg2call901248-mi-150x150.png","url":"https:\/\/dev.codekraft.it\/rotary-2024\/produkte\/zubehor-hebebuhnen-de\/zubehor-2-saulen-hebebuhnen-de\/adapterverlangerungen-3\/"},{"id":383971,"cdmm_p_id":"502811","name":"Rampen","description":"Rampenh\u00f6he 60 mm, f\u00fcr extrem niedrige Fahrzeuge | 1 Satz \/ 4 St\u00fcck","thumbnail":"https:\/\/dev.codekraft.it\/rotary-2024\/wp-content\/uploads\/brb_media\/00509501_2-post-lift-vsg2call902818-mi-150x150.png","url":"https:\/\/dev.codekraft.it\/rotary-2024\/produkte\/zubehor-hebebuhnen-de\/zubehor-2-saulen-hebebuhnen-de\/rampen\/"},{"id":383977,"cdmm_p_id":"502814","name":"Achsmessb\u00f6cke","description":"1 Satz \/ 4 St\u00fcck","thumbnail":"https:\/\/dev.codekraft.it\/rotary-2024\/wp-content\/uploads\/brb_media\/00509503_2-post-lift-vsg2call902085-mi-150x150.png","url":"https:\/\/dev.codekraft.it\/rotary-2024\/produkte\/zubehor-hebebuhnen-de\/zubehor-2-saulen-hebebuhnen-de\/achsmessbocke\/"},{"id":384189,"cdmm_p_id":"503071","name":"Werkzeughalterung","description":"Ergonomische Halterung f\u00fcr Druckluftschrauber","thumbnail":"https:\/\/dev.codekraft.it\/rotary-2024\/wp-content\/uploads\/brb_media\/00511003_2-post-lift-vsg2call902511-mi-150x150.png","url":"https:\/\/dev.codekraft.it\/rotary-2024\/produkte\/zubehor-hebebuhnen-de\/zubehor-2-saulen-hebebuhnen-de\/werkzeughalterung\/"}],"components":[],"related":[],"similar":[{"id":378490,"cdmm_p_id":"177334","name":"2-S\u00e4ulen-Hebeb\u00fchne SPOA3TS-5-EH1","description":"3,5 t, elektrohydraulisch, Drucktaster-Bedienung, Tragarme vorne 3-teilig, asymmetrisch, Gesamth\u00f6he 3865 mm","thumbnail":"https:\/\/dev.codekraft.it\/rotary-2024\/wp-content\/uploads\/brb_media\/00448014_2-post-lift-spoa-3t-e-control-mi-150x150.png","url":"https:\/\/dev.codekraft.it\/rotary-2024\/produkte\/hebebuhnen-de\/2-saulen-hebebuhnen-de\/2-saulen-hebebuhne-spoa3ts-5-eh1\/"},{"id":378496,"cdmm_p_id":"177354","name":"2-S\u00e4ulen-Hebeb\u00fchne SPOA3TS-5-EH2","description":"3,5 t, elektrohydraulisch, Drucktaster-Bedienung, Tragarme vorne 3-teilig, asymmetrisch, Gesamth\u00f6he 4170 mm","thumbnail":"https:\/\/dev.codekraft.it\/rotary-2024\/wp-content\/uploads\/brb_media\/00448014_2-post-lift-spoa-3t-e-control-mi-150x150.png","url":"https:\/\/dev.codekraft.it\/rotary-2024\/produkte\/hebebuhnen-de\/2-saulen-hebebuhnen-de\/2-saulen-hebebuhne-spoa3ts-5-eh2\/"},{"id":380004,"cdmm_p_id":"475849","name":"2-S\u00e4ulen-Hebeb\u00fchne VAS 6814","description":"3,5 t, elektrohydraulisch, Drucktaster-Bedienung, Tragarme vorne und hinten 3-teilig, asymmetrisch, Gesamth\u00f6he 4080 mm","thumbnail":"https:\/\/dev.codekraft.it\/rotary-2024\/wp-content\/uploads\/brb_media\/00409223_2-post-lift-spoa-3t-vas6353-mi-150x150.png","url":"https:\/\/dev.codekraft.it\/rotary-2024\/produkte\/hebebuhnen-de\/2-saulen-hebebuhnen-de\/2-saulen-hebebuhne-vas-6814\/"},{"id":380662,"cdmm_p_id":"490331","name":"2-S\u00e4ulen-Hebeb\u00fchne SPOA3TS-5-EH2-MB","description":"3,5 t, elektrohydraulisch, Drucktaster-Bedienung, Tragarme vorne 3-teilig, asymmetrisch, Gesamth\u00f6he 4070 mm","thumbnail":"https:\/\/dev.codekraft.it\/rotary-2024\/wp-content\/uploads\/brb_media\/00439587_2-post-lift-spoa3ts-5-mb-mi-150x150.png","url":"https:\/\/dev.codekraft.it\/rotary-2024\/produkte\/hebebuhnen-de\/2-saulen-hebebuhnen-de\/2-saulen-hebebuhne-spoa3ts-5-eh2-mb\/"}],"page_logo_src":"https:\/\/dev.codekraft.it\/rotary-2024\/wp-content\/uploads\/2024\/05\/cropped-rotary-logo-2022.png","lang":"de","translations":{"de":378804,"en":378803,"fr":378805,"it":378806,"es":378807,"ru":378808},"pll_sync_post":[],"_links":{"self":[{"href":"https:\/\/dev.codekraft.it\/rotary-2024\/wp-json\/wp\/v2\/product\/378804","targetHints":{"allow":["GET"]}}],"collection":[{"href":"https:\/\/dev.codekraft.it\/rotary-2024\/wp-json\/wp\/v2\/product"}],"about":[{"href":"https:\/\/dev.codekraft.it\/rotary-2024\/wp-json\/wp\/v2\/types\/product"}],"wp:featuredmedia":[{"embeddable":true,"href":"https:\/\/dev.codekraft.it\/rotary-2024\/wp-json\/wp\/v2\/media\/350311"}],"wp:attachment":[{"href":"https:\/\/dev.codekraft.it\/rotary-2024\/wp-json\/wp\/v2\/media?parent=378804"}],"wp:term":[{"taxonomy":"product_cat","embeddable":true,"href":"https:\/\/dev.codekraft.it\/rotary-2024\/wp-json\/wp\/v2\/product_cat?post=378804"},{"taxonomy":"product_tag","embeddable":true,"href":"https:\/\/dev.codekraft.it\/rotary-2024\/wp-json\/wp\/v2\/product_tag?post=378804"},{"taxonomy":"product_approvals","embeddable":true,"href":"https:\/\/dev.codekraft.it\/rotary-2024\/wp-json\/wp\/v2\/product_approvals?post=378804"},{"taxonomy":"product_application","embeddable":true,"href":"https:\/\/dev.codekraft.it\/rotary-2024\/wp-json\/wp\/v2\/product_application?post=378804"}],"curies":[{"name":"wp","href":"https:\/\/api.w.org\/{rel}","templated":true}]}}