{"id":378798,"date":"2025-12-11T10:04:35","date_gmt":"2025-12-11T10:04:35","guid":{"rendered":"https:\/\/dev.codekraft.it\/rotary-2024\/products\/uncategorized\/2-saulen-hebebuhne-spoa40m-5-eh1\/"},"modified":"2025-12-11T10:04:35","modified_gmt":"2025-12-11T10:04:35","slug":"2-saulen-hebebuhne-spoa40m-5-eh1","status":"publish","type":"product","link":"https:\/\/dev.codekraft.it\/rotary-2024\/produkte\/hebebuhnen-de\/2-saulen-hebebuhnen-de\/2-saulen-hebebuhne-spoa40m-5-eh1\/","title":{"rendered":"2-S\u00e4ulen-Hebeb\u00fchne SPOA40M-5-EH1"},"content":{"rendered":"<p>Die elektro-hydraulische 2-S\u00e4ulen Hebeb\u00fchnen der SPO-Serie \u00fcberzeugen durch einen \u00fcberragenden Aufnahmebereich. Bei der Steuerung stehen eine manuelle und eine elektrische Variante zur Auswahl, ebenso verschiedene S\u00e4ulenh\u00f6hen.<\/p>\n<ul>\n<li>SPOA40-5 die Tragarmvariante f\u00fcr gepanzerte Pkw<\/li>\n<\/ul>\n<ul>\n<li>SPO-Serie &#8211; die meist verkaufte Hebeb\u00fchne der Welt<\/li>\n<li>Maximale Sicherheit mit Rotary 3PSS-Concept<\/li>\n<li>Aufnahmebereich von SMART bis Transporter (SPO40)<\/li>\n<\/ul>\n<ul>\n<li>3PSS Concept (3 Phase Security System) beinhaltet:\n<ul>\n<li>Beidseitig integrierte mechanische Sicherheitsklinken mit automatischer Bet\u00e4tigung<\/li>\n<li>Lastfrei gelagerte Synchronisations-Seilz\u00fcge sichern die Last w\u00e4hrend des Hub- und Senkvorgangs<\/li>\n<li>Durch R\u00fcckschlagventil gesichertes Hydrauliksystem inklusive wartungsfreier Hochdruckzylinder in beiden S\u00e4ulen<\/li>\n<\/ul>\n<\/li>\n<\/ul>\n<ul>\n<li>Die maximale Durchfahrbreite bei minimalen Au\u00dfenabmessungen sowie die grundrahmenfreie Konstruktion gew\u00e4hrleisten ein problemloses Befahren der Hebeb\u00fchne<\/li>\n<li>Das Doppel S-Profil der Hubs\u00e4ulen erm\u00f6glicht h\u00f6chste Stabilit\u00e4t bei minimalem Raumbedarf. Die Kontaktfl\u00e4che der in den Hubs\u00e4ulen gef\u00fchrten Hubschlitten wird dar\u00fcber hinaus deutlich vergr\u00f6\u00dfert.<\/li>\n<li>Die Drehteller sind steckbar und k\u00f6nnen mit Aufsatzst\u00fccken stabil und kosteng\u00fcnstig verl\u00e4ngert oder ersetzt werden.<\/li>\n<\/ul>\n<ul>\n<li>F\u00fcr ein Plus an Ergonomie und Wirtschaftlichkeit ist das 2. Bedienteil bei der SPO40 serienm\u00e4\u00dfig. Eine Bedieneinheit ist mit einem 220 V Anschluss (mit 16 Ampere f\u00fcr elektrische Handwerkzeuge abgesichert) und das zweite mit einer Druckluftvorbereitung ausgestattet.<\/li>\n<li>Die obere Sicherheitsabschaltung sch\u00fctzt Fahrzeuge mit gr\u00f6\u00dferer Bauh\u00f6he wirkungsvoll vor Besch\u00e4digungen beim Heben.<\/li>\n<li>Die elektro-hydraulische Bauweise mit lediglich einem Aggregat sorgt f\u00fcr einen energiesparenden Betrieb bei schnellen Hub- und Senkzeiten.<\/li>\n<li>Angeflanscht am oberen Bereich der Hubs\u00e4ule ist das Aggregat gesch\u00fctzt vor \u00e4u\u00dferen Einfl\u00fcssen und erm\u00f6glicht mehr Bewegungsfreiheit.<\/li>\n<li>Rotary Hydraulik steht f\u00fcr maximale Servicefreundlichkeit bei minimalen Betriebskosten<\/li>\n<li>Die Tragarme werden beim Anheben automatisch arretiert. Ist die B\u00fchne vollst\u00e4ndig abgesenkt wird diese Arretierung selbst\u00e4ndig gel\u00f6st. Die besonders feine Rasterung und eine manuelle Entriegelungs-Funktion erweitern den Bedienungskomfort.<\/li>\n<\/ul>\n","protected":false},"excerpt":{"rendered":"<p>4,5 t, elektrohydraulisch, manuelle Bedienung, Tragarme vorne 3-teilig, asymmetrisch, Gesamth\u00f6he 3865 mm<\/p>\n","protected":false},"featured_media":349892,"template":"","meta":[],"product_cat":[1033360],"product_tag":[1034161],"product_approvals":[],"product_application":[],"class_list":{"0":"post-378798","1":"product","2":"type-product","3":"status-publish","4":"has-post-thumbnail","6":"product_cat-2-saulen-hebebuhnen-de","7":"product_tag-passenger-cars-de","9":"first","10":"instock","11":"shipping-taxable","12":"product-type-simple"},"approvals":[],"application":[],"brb_media_brochure":[{"id":349893,"url":"https:\/\/dev.codekraft.it\/rotary-2024\/wp-content\/uploads\/brb_media\/00409796_2-post-lift-spo-a-40m-spo-a-40e-br-126497-de-2019-04-screen.pdf","title":"2 post lift spo a 40m spo a 40e br 126497 de 2019 04 screen","thumbnail":"https:\/\/dev.codekraft.it\/rotary-2024\/wp-content\/uploads\/brb_media\/00409796_2-post-lift-spo-a-40m-spo-a-40e-br-126497-de-2019-04-screen-pdf-106x150.png","description":""},{"id":349894,"url":"https:\/\/dev.codekraft.it\/rotary-2024\/wp-content\/uploads\/brb_media\/00409797_2-post-lift-spo-a-40m-spo-a-40e-br-126498-en-2019-04-screen.pdf","title":"2 post lift spo a 40m spo a 40e br 126498 en 2019 04 screen","thumbnail":"https:\/\/dev.codekraft.it\/rotary-2024\/wp-content\/uploads\/brb_media\/00409797_2-post-lift-spo-a-40m-spo-a-40e-br-126498-en-2019-04-screen-pdf-106x150.png","description":""},{"id":349895,"url":"https:\/\/dev.codekraft.it\/rotary-2024\/wp-content\/uploads\/brb_media\/00409798_2-post-lift-spo-a-40m-spo-a-40e-br-126499-fr-2019-04-screen.pdf","title":"2 post lift spo a 40m spo a 40e br 126499 fr 2019 04 screen","thumbnail":"https:\/\/dev.codekraft.it\/rotary-2024\/wp-content\/uploads\/brb_media\/00409798_2-post-lift-spo-a-40m-spo-a-40e-br-126499-fr-2019-04-screen-pdf-106x150.png","description":""},{"id":349896,"url":"https:\/\/dev.codekraft.it\/rotary-2024\/wp-content\/uploads\/brb_media\/00409799_2-post-lift-spo-a-40m-spo-a-40e-br-126500-it-2019-04-screen.pdf","title":"2 post lift spo a 40m spo a 40e br 126500 it 2019 04 screen","thumbnail":"https:\/\/dev.codekraft.it\/rotary-2024\/wp-content\/uploads\/brb_media\/00409799_2-post-lift-spo-a-40m-spo-a-40e-br-126500-it-2019-04-screen-pdf-106x150.png","description":""},{"id":349897,"url":"https:\/\/dev.codekraft.it\/rotary-2024\/wp-content\/uploads\/brb_media\/00409800_2-post-lift-spo-a-40m-spo-a-40e-br-126501-es-2019-04-screen.pdf","title":"2 post lift spo a 40m spo a 40e br 126501 es 2019 04 screen","thumbnail":"https:\/\/dev.codekraft.it\/rotary-2024\/wp-content\/uploads\/brb_media\/00409800_2-post-lift-spo-a-40m-spo-a-40e-br-126501-es-2019-04-screen-pdf-106x150.png","description":""},{"id":349898,"url":"https:\/\/dev.codekraft.it\/rotary-2024\/wp-content\/uploads\/brb_media\/00409801_2-post-lift-spo-a-40m-spo-a-40e-br-126502-ru-2019-04-screen.pdf","title":"2 post lift spo a 40m spo a 40e br 126502 ru 2019 04 screen","thumbnail":"https:\/\/dev.codekraft.it\/rotary-2024\/wp-content\/uploads\/brb_media\/00409801_2-post-lift-spo-a-40m-spo-a-40e-br-126502-ru-2019-04-screen-pdf-106x150.png","description":""}],"brb_media_drawing":[{"id":349917,"url":"https:\/\/dev.codekraft.it\/rotary-2024\/wp-content\/uploads\/brb_media\/00407423_2-post-lift-spoa40e-5_8806.pdf","title":"2 post lift spoa40e 5 8806","thumbnail":"https:\/\/dev.codekraft.it\/rotary-2024\/wp-content\/uploads\/brb_media\/00407423_2-post-lift-spoa40e-5_8806-pdf-150x106.png","description":""},{"id":349918,"url":"https:\/\/dev.codekraft.it\/rotary-2024\/wp-content\/uploads\/brb_media\/00407424_2-post-lift-spoa40e-5_8807.pdf","title":"2 post lift spoa40e 5 8807","thumbnail":"https:\/\/dev.codekraft.it\/rotary-2024\/wp-content\/uploads\/brb_media\/00407424_2-post-lift-spoa40e-5_8807-pdf-150x105.png","description":""}],"brb_media_manuals":[{"id":378502,"url":"https:\/\/dev.codekraft.it\/rotary-2024\/wp-content\/uploads\/brb_media\/00550475_2-post-lift-spo40_om-dc-sp-tb_om-spo-2-de_2025-03-rev-f.pdf","title":"2 Post Lift SPO40 OM DC SP TB OM SPO 2 DE 2025 03 Rev F","thumbnail":"https:\/\/dev.codekraft.it\/rotary-2024\/wp-content\/uploads\/brb_media\/00550475_2-post-lift-spo40_om-dc-sp-tb_om-spo-2-de_2025-03-rev-f-pdf-106x150.png","description":""}],"brb_media_safety_datasheets":"","brb_media_spare_parts":[],"_cdmm_p_id":"348075","_company":"Elektron","_gtin":"4057612497083","accessories":[{"id":378453,"cdmm_p_id":"40658","name":"Adapterverl\u00e4ngerungen","description":"4 x 89 mm, 4 x 127 mm, inkl. 2 Haltern zur Montage an den S\u00e4ulen | f\u00fcr SPOA40 | 1 Satz \/ 8 St\u00fcck","thumbnail":"https:\/\/dev.codekraft.it\/rotary-2024\/wp-content\/uploads\/brb_media\/00040944_spoa-40-adapter-extension-set-02-89mm-127mm-mi-150x150.png","url":"https:\/\/dev.codekraft.it\/rotary-2024\/produkte\/zubehor-hebebuhnen-de\/zubehor-2-saulen-hebebuhnen-de\/adapterverlangerungen\/"},{"id":383983,"cdmm_p_id":"502815","name":"Werkzeug-Ablageschalen","description":"Magnetisch | 1 Satz \/ 2 St\u00fcck","thumbnail":"https:\/\/dev.codekraft.it\/rotary-2024\/wp-content\/uploads\/brb_media\/00509504_2-post-lift-vsg2call902641-mi-150x150.png","url":"https:\/\/dev.codekraft.it\/rotary-2024\/produkte\/zubehor-hebebuhnen-de\/zubehor-2-saulen-hebebuhnen-de\/werkzeug-ablageschalen\/"},{"id":381087,"cdmm_p_id":"497214","name":"Aufnahmeadapter","description":"Tragteller, Gummiauflage, rund | \u00d8 80 mm | 1 Satz \/ 4 St\u00fcck","thumbnail":"https:\/\/dev.codekraft.it\/rotary-2024\/wp-content\/uploads\/brb_media\/00535980_2-post-lift-fj6216c-mi-150x150.png","url":"https:\/\/dev.codekraft.it\/rotary-2024\/produkte\/zubehor-hebebuhnen-de\/lastaufnahmemittel-de\/aufnahmeadapter-7\/"},{"id":382527,"cdmm_p_id":"500905","name":"Aufnahmeadapter","description":"Tragteller, Gummiauflage, rechteckig | f\u00fcr Tesla | 1 Satz \/ 4 St\u00fcck","thumbnail":"https:\/\/dev.codekraft.it\/rotary-2024\/wp-content\/uploads\/brb_media\/00505100_2-post-lift-vsg2call901538-mi-150x150.png","url":"https:\/\/dev.codekraft.it\/rotary-2024\/produkte\/zubehor-hebebuhnen-de\/lastaufnahmemittel-de\/aufnahmeadapter-8\/"},{"id":382533,"cdmm_p_id":"500906","name":"Aufnahmeadapter","description":"Tragteller, Zentrierpilz | f\u00fcr Fiat 500E, 500 ABARTH | 2-stufig | 1 Satz \/ 4 St\u00fcck","thumbnail":"https:\/\/dev.codekraft.it\/rotary-2024\/wp-content\/uploads\/brb_media\/00505105_2-post-lift-vsg2call902023-mi-150x150.png","url":"https:\/\/dev.codekraft.it\/rotary-2024\/produkte\/zubehor-hebebuhnen-de\/lastaufnahmemittel-de\/aufnahmeadapter-9\/"},{"id":382539,"cdmm_p_id":"500907","name":"Aufnahmeadapter","description":"Prisma | f\u00fcr VW-MEB-Plattform-E-Fahrzeuge | 1 Satz \/ 4 St\u00fcck","thumbnail":"https:\/\/dev.codekraft.it\/rotary-2024\/wp-content\/uploads\/brb_media\/00509505_2-post-lift-vsg2call902146-mi-150x150.png","url":"https:\/\/dev.codekraft.it\/rotary-2024\/produkte\/zubehor-hebebuhnen-de\/lastaufnahmemittel-de\/aufnahmeadapter-10\/"},{"id":382563,"cdmm_p_id":"500912","name":"Aufnahmeadapter","description":"Tragteller, U-Aufnahme | 1 Satz \/ 4 St\u00fcck","thumbnail":"https:\/\/dev.codekraft.it\/rotary-2024\/wp-content\/uploads\/brb_media\/00505104_2-post-lift-vsg2call901330-mi-150x150.png","url":"https:\/\/dev.codekraft.it\/rotary-2024\/produkte\/zubehor-hebebuhnen-de\/lastaufnahmemittel-de\/aufnahmeadapter-11\/"},{"id":384183,"cdmm_p_id":"503070","name":"Aufnahmeadapter","description":"Prisma | f\u00fcr Mercedes G-Klasse - vorn und hinten | 1 Satz \/ 4 St\u00fcck","thumbnail":"https:\/\/dev.codekraft.it\/rotary-2024\/wp-content\/uploads\/brb_media\/00511001_2-post-lift-vsg2call901859-mi-150x150.png","url":"https:\/\/dev.codekraft.it\/rotary-2024\/produkte\/zubehor-hebebuhnen-de\/lastaufnahmemittel-de\/aufnahmeadapter-14\/"},{"id":384177,"cdmm_p_id":"503068","name":"Aufnahmeadapter","description":"Dorn | f\u00fcr Fiat Ducato, Peugeot Boxer, Citro\u00ebn Jumper - vorn und hinten | 1 Satz \/ 4 St\u00fcck","thumbnail":"https:\/\/dev.codekraft.it\/rotary-2024\/wp-content\/uploads\/brb_media\/00510999_2-post-lift-vsg2call901606-mi-150x150.png","url":"https:\/\/dev.codekraft.it\/rotary-2024\/produkte\/zubehor-hebebuhnen-de\/lastaufnahmemittel-de\/aufnahmeadapter-13\/"},{"id":384171,"cdmm_p_id":"503067","name":"Aufnahmeadapter","description":"Prisma, Dorn | f\u00fcr Mercedes Sprinter, VW Crafter | 1 Satz \/ 6 St\u00fcck","thumbnail":"https:\/\/dev.codekraft.it\/rotary-2024\/wp-content\/uploads\/brb_media\/00511000_2-post-lift-vsg2call901712-mi-150x150.png","url":"https:\/\/dev.codekraft.it\/rotary-2024\/produkte\/zubehor-hebebuhnen-de\/lastaufnahmemittel-de\/aufnahmeadapter-12\/"},{"id":382162,"cdmm_p_id":"499831","name":"Hilfsb\u00fcgel","description":"F\u00fcr Grundplatten SPO\/A40 | 1 Satz \/ 2 St\u00fcck","thumbnail":"https:\/\/dev.codekraft.it\/rotary-2024\/wp-content\/uploads\/brb_media\/00524051_2-post-lift-gp-spo40y-mi-150x150.png","url":"https:\/\/dev.codekraft.it\/rotary-2024\/produkte\/zubehor-hebebuhnen-de\/zubehor-2-saulen-hebebuhnen-de\/hilfsbugel-2\/"},{"id":382551,"cdmm_p_id":"500909","name":"Adapterverl\u00e4ngerungen","description":"4 x 200 mm, inkl. Halterung zur Montage an den S\u00e4ulen | 1 Satz \/ 4 St\u00fcck","thumbnail":"https:\/\/dev.codekraft.it\/rotary-2024\/wp-content\/uploads\/brb_media\/00505099_2-post-lift-vsg2call901248-mi-150x150.png","url":"https:\/\/dev.codekraft.it\/rotary-2024\/produkte\/zubehor-hebebuhnen-de\/zubehor-2-saulen-hebebuhnen-de\/adapterverlangerungen-3\/"},{"id":382557,"cdmm_p_id":"500910","name":"Adapter-Satz","description":"Adapter-Satz f\u00fcr Tragteller zur Rahmenaufnahme \u00d8 120 mm (1 Satz, 2 St.)","thumbnail":"https:\/\/dev.codekraft.it\/rotary-2024\/wp-content\/uploads\/brb_media\/00524050_2-post-lift-fj6353-1-mi-150x150.png","url":"https:\/\/dev.codekraft.it\/rotary-2024\/produkte\/zubehor-hebebuhnen-de\/zubehor-2-saulen-hebebuhnen-de\/adapter-satz\/"},{"id":383971,"cdmm_p_id":"502811","name":"Rampen","description":"Rampenh\u00f6he 60 mm, f\u00fcr extrem niedrige Fahrzeuge | 1 Satz \/ 4 St\u00fcck","thumbnail":"https:\/\/dev.codekraft.it\/rotary-2024\/wp-content\/uploads\/brb_media\/00509501_2-post-lift-vsg2call902818-mi-150x150.png","url":"https:\/\/dev.codekraft.it\/rotary-2024\/produkte\/zubehor-hebebuhnen-de\/zubehor-2-saulen-hebebuhnen-de\/rampen\/"},{"id":383977,"cdmm_p_id":"502814","name":"Achsmessb\u00f6cke","description":"1 Satz \/ 4 St\u00fcck","thumbnail":"https:\/\/dev.codekraft.it\/rotary-2024\/wp-content\/uploads\/brb_media\/00509503_2-post-lift-vsg2call902085-mi-150x150.png","url":"https:\/\/dev.codekraft.it\/rotary-2024\/produkte\/zubehor-hebebuhnen-de\/zubehor-2-saulen-hebebuhnen-de\/achsmessbocke\/"},{"id":384189,"cdmm_p_id":"503071","name":"Werkzeughalterung","description":"Ergonomische Halterung f\u00fcr Druckluftschrauber","thumbnail":"https:\/\/dev.codekraft.it\/rotary-2024\/wp-content\/uploads\/brb_media\/00511003_2-post-lift-vsg2call902511-mi-150x150.png","url":"https:\/\/dev.codekraft.it\/rotary-2024\/produkte\/zubehor-hebebuhnen-de\/zubehor-2-saulen-hebebuhnen-de\/werkzeughalterung\/"}],"components":[],"related":[],"similar":[{"id":378594,"cdmm_p_id":"287496","name":"2-S\u00e4ulen-Hebeb\u00fchne SPOA40E-5-EH1","description":"4,5 t, elektrohydraulisch, Doppelsteuerpult, Tragarme vorne 3-teilig, asymmetrisch, Gesamth\u00f6he 3865 mm","thumbnail":"https:\/\/dev.codekraft.it\/rotary-2024\/wp-content\/uploads\/brb_media\/00040939_2-post-lift-spo-40-54-mi-150x150.png","url":"https:\/\/dev.codekraft.it\/rotary-2024\/produkte\/hebebuhnen-de\/2-saulen-hebebuhnen-de\/2-saulen-hebebuhne-spoa40e-5-eh1\/"},{"id":378509,"cdmm_p_id":"178341","name":"2-S\u00e4ulen-Hebeb\u00fchne SPO40M-5-EH1","description":"4,5 t, elektrohydraulisch, manuelle Bedienung, Tragarme 4 x 3-teilig, symmetrisch, Gesamth\u00f6he 3865 mm","thumbnail":"https:\/\/dev.codekraft.it\/rotary-2024\/wp-content\/uploads\/brb_media\/00040939_2-post-lift-spo-40-54-mi-150x150.png","url":"https:\/\/dev.codekraft.it\/rotary-2024\/produkte\/hebebuhnen-de\/2-saulen-hebebuhnen-de\/2-saulen-hebebuhne-spo40m-5-eh1\/"},{"id":378527,"cdmm_p_id":"183251","name":"2-S\u00e4ulen-Hebeb\u00fchne SPO40E-5-EH1","description":"4,5 t, elektrohydraulisch, Doppelsteuerpult, Tragarme 4 x 3-teilig, symmetrisch, Gesamth\u00f6he 3865 mm","thumbnail":"https:\/\/dev.codekraft.it\/rotary-2024\/wp-content\/uploads\/brb_media\/00040939_2-post-lift-spo-40-54-mi-150x150.png","url":"https:\/\/dev.codekraft.it\/rotary-2024\/produkte\/hebebuhnen-de\/2-saulen-hebebuhnen-de\/2-saulen-hebebuhne-spo40e-5-eh1\/"}],"lang":"de","translations":{"de":378798,"en":378797,"fr":378799,"it":378800,"es":378801,"ru":378802},"pll_sync_post":[],"_links":{"self":[{"href":"https:\/\/dev.codekraft.it\/rotary-2024\/wp-json\/wp\/v2\/product\/378798","targetHints":{"allow":["GET"]}}],"collection":[{"href":"https:\/\/dev.codekraft.it\/rotary-2024\/wp-json\/wp\/v2\/product"}],"about":[{"href":"https:\/\/dev.codekraft.it\/rotary-2024\/wp-json\/wp\/v2\/types\/product"}],"wp:featuredmedia":[{"embeddable":true,"href":"https:\/\/dev.codekraft.it\/rotary-2024\/wp-json\/wp\/v2\/media\/349892"}],"wp:attachment":[{"href":"https:\/\/dev.codekraft.it\/rotary-2024\/wp-json\/wp\/v2\/media?parent=378798"}],"wp:term":[{"taxonomy":"product_cat","embeddable":true,"href":"https:\/\/dev.codekraft.it\/rotary-2024\/wp-json\/wp\/v2\/product_cat?post=378798"},{"taxonomy":"product_tag","embeddable":true,"href":"https:\/\/dev.codekraft.it\/rotary-2024\/wp-json\/wp\/v2\/product_tag?post=378798"},{"taxonomy":"product_approvals","embeddable":true,"href":"https:\/\/dev.codekraft.it\/rotary-2024\/wp-json\/wp\/v2\/product_approvals?post=378798"},{"taxonomy":"product_application","embeddable":true,"href":"https:\/\/dev.codekraft.it\/rotary-2024\/wp-json\/wp\/v2\/product_application?post=378798"}],"curies":[{"name":"wp","href":"https:\/\/api.w.org\/{rel}","templated":true}]}}