{"id":378615,"date":"2025-12-11T10:11:22","date_gmt":"2025-12-11T10:11:22","guid":{"rendered":"https:\/\/dev.codekraft.it\/rotary-2024\/products\/uncategorized\/elevador-de-2-columnas-spoa3tm-5-eh2\/"},"modified":"2025-12-11T10:11:22","modified_gmt":"2025-12-11T10:11:22","slug":"elevador-de-2-columnas-spoa3tm-5-eh2","status":"publish","type":"product","link":"https:\/\/dev.codekraft.it\/rotary-2024\/es\/productos\/elevadores-es\/elevadores-de-2-columnas-es\/elevador-de-2-columnas-spoa3tm-5-eh2\/","title":{"rendered":"Elevador de 2 columnas SPOA3TM-5-EH2"},"content":{"rendered":"<p>Los elevadores de 2 columnas electro-hidr\u00e1ulicos de la serie SPO convencen por un \u00e1rea de recogida sobresaliente. El sistema de control est\u00e1 disponible en versi\u00f3n manual y el\u00e9ctrica, as\u00ed como diferentes alturas de columna.<\/p>\n<ul>\n<li>SPOA3TM-5 ofrece un alcance de recogida flexible desde SMART a furgonetas grandes (p. ej. VW T6 largo) debido a su dise\u00f1o asim\u00e9trico<\/li>\n<\/ul>\n<ul>\n<li>Serie SPO &#8211; el elevador mejor vendido en el mundo<\/li>\n<li>M\u00e1xima seguridad con el concepto Rotary 3PSS<\/li>\n<li>Alcance de recogida hasta VW T6 largo<\/li>\n<\/ul>\n<ul>\n<li>El concepto 3PSS (Sistema de Seguridad de 3 Fases) incluye:\n<ul>\n<li>Enganches de seguridad mec\u00e1nicos integrados en ambos lados con accionamiento autom\u00e1tico<\/li>\n<li>Poleas de sincronizaci\u00f3n de carga libre aseguran la carga durante el proceso de elevaci\u00f3n y descenso<\/li>\n<li>Sistema hidr\u00e1ulico asegurado por v\u00e1lvula antirretorno que incluye cilindro de alta presi\u00f3n sin mantenimiento en ambos postes<\/li>\n<\/ul>\n<\/li>\n<\/ul>\n<ul>\n<li>El dise\u00f1o de brazo de soporte y postes asim\u00e9tricos permite una holgura \u00f3ptima de puertas<\/li>\n<li>La anchura de conducci\u00f3n m\u00e1xima con dimensiones externas m\u00ednimas y la construcci\u00f3n sin un bastidor de base aseguran un acceso sin problema a la plataforma elevadora.<\/li>\n<li>La placas rotatorias son enchufables y pueden ser extendidas o sustituidas de manera fiable y rentable con implementos.<\/li>\n<\/ul>\n<ul>\n<li>Para un plus en ergonom\u00eda y econom\u00eda, se puede seleccionar el 2\u00ba panel de control (para SPOA 3 TS). Se equipa una unidad de control con una conexi\u00f3n de 220 V (con fusible de 16 amperios para herramientas de mano el\u00e9ctricas) y la segunda con preparaci\u00f3n de aire comprimido.<\/li>\n<li>El apagado de seguridad superior protege eficazmente los veh\u00edculos con una mayor altura total contra da\u00f1os durante la elevaci\u00f3n.<\/li>\n<li>La dise\u00f1o electro-hidr\u00e1ulico con \u00fanicamente una unidad asegura funcionamiento con ahorro de energ\u00eda con r\u00e1pidos tiempos de elevaci\u00f3n y descenso.<\/li>\n<li>Embridada a la parte superior de la de columna de elevaci\u00f3n, la unidad est\u00e1 protegida de las influencias externas y permite m\u00e1s libertad de movimiento.<\/li>\n<li>Pedestales hidr\u00e1ulicos rotatorios para m\u00e1xima facilidad de servicio con m\u00ednimos costes operativos<\/li>\n<li>Los brazos de soporte se bloquean autom\u00e1ticamente durante la elevaci\u00f3n. Una vez la plataforma est\u00e1 completamente bajada, este dispositivo de bloqueo se libera autom\u00e1ticamente. La rejilla particularmente fina y una funci\u00f3n de desbloqueo manual mejoran la facilidad de funcionamiento.<\/li>\n<\/ul>\n","protected":false},"excerpt":{"rendered":"<p>3,5 t, electrohidr\u00e1ulico, funcionamiento manual , brazos de soporte de 3 secciones delanteros x 4, asim\u00e9trico, altura total 4170 mm<\/p>\n","protected":false},"featured_media":349848,"template":"","meta":[],"product_brand":[],"product_cat":[1033420],"product_tag":[1034169],"product_approvals":[],"product_application":[],"class_list":{"0":"post-378615","1":"product","2":"type-product","3":"status-publish","4":"has-post-thumbnail","6":"product_cat-elevadores-de-2-columnas-es","7":"product_tag-passenger-cars-es","9":"first","10":"instock","11":"shipping-taxable","12":"product-type-simple"},"approvals":[],"application":[],"brb_media_brochure":[{"id":349849,"url":"https:\/\/dev.codekraft.it\/rotary-2024\/wp-content\/uploads\/brb_media\/00409754_2-post-lift-spoa3tm-spoa3ts-br-126491-de-2019-04-screen.pdf","title":"2 post lift spoa3tm spoa3ts br 126491 de 2019 04 screen","mpn":"","thumbnail":"https:\/\/dev.codekraft.it\/rotary-2024\/wp-content\/uploads\/brb_media\/00409754_2-post-lift-spoa3tm-spoa3ts-br-126491-de-2019-04-screen-pdf-106x150.png","description":""},{"id":349850,"url":"https:\/\/dev.codekraft.it\/rotary-2024\/wp-content\/uploads\/brb_media\/00409755_2-post-lift-spoa3tm-spoa3ts-br-126492-en-2019-04-screen.pdf","title":"2 post lift spoa3tm spoa3ts br 126492 en 2019 04 screen","mpn":"","thumbnail":"https:\/\/dev.codekraft.it\/rotary-2024\/wp-content\/uploads\/brb_media\/00409755_2-post-lift-spoa3tm-spoa3ts-br-126492-en-2019-04-screen-pdf-106x150.png","description":""},{"id":349851,"url":"https:\/\/dev.codekraft.it\/rotary-2024\/wp-content\/uploads\/brb_media\/00409756_2-post-lift-spoa3tm-spoa3ts-br-126493-fr-2019-04-screen.pdf","title":"2 post lift spoa3tm spoa3ts br 126493 fr 2019 04 screen","mpn":"","thumbnail":"https:\/\/dev.codekraft.it\/rotary-2024\/wp-content\/uploads\/brb_media\/00409756_2-post-lift-spoa3tm-spoa3ts-br-126493-fr-2019-04-screen-pdf-106x150.png","description":""},{"id":349852,"url":"https:\/\/dev.codekraft.it\/rotary-2024\/wp-content\/uploads\/brb_media\/00409757_2-post-lift-spoa3tm-spoa3ts-br-126494-it-2019-04-screen.pdf","title":"2 post lift spoa3tm spoa3ts br 126494 it 2019 04 screen","mpn":"","thumbnail":"https:\/\/dev.codekraft.it\/rotary-2024\/wp-content\/uploads\/brb_media\/00409757_2-post-lift-spoa3tm-spoa3ts-br-126494-it-2019-04-screen-pdf-106x150.png","description":""},{"id":349853,"url":"https:\/\/dev.codekraft.it\/rotary-2024\/wp-content\/uploads\/brb_media\/00409758_2-post-lift-spoa3tm-spoa3ts-br-126495-es-2019-04-screen.pdf","title":"2 post lift spoa3tm spoa3ts br 126495 es 2019 04 screen","mpn":"","thumbnail":"https:\/\/dev.codekraft.it\/rotary-2024\/wp-content\/uploads\/brb_media\/00409758_2-post-lift-spoa3tm-spoa3ts-br-126495-es-2019-04-screen-pdf-106x150.png","description":""},{"id":349854,"url":"https:\/\/dev.codekraft.it\/rotary-2024\/wp-content\/uploads\/brb_media\/00409759_2-post-lift-spoa3tm-spoa3ts-br-126496-ru-2019-04-screen.pdf","title":"2 post lift spoa3tm spoa3ts br 126496 ru 2019 04 screen","mpn":"","thumbnail":"https:\/\/dev.codekraft.it\/rotary-2024\/wp-content\/uploads\/brb_media\/00409759_2-post-lift-spoa3tm-spoa3ts-br-126496-ru-2019-04-screen-pdf-106x150.png","description":""}],"brb_media_drawing":[{"id":349865,"url":"https:\/\/dev.codekraft.it\/rotary-2024\/wp-content\/uploads\/brb_media\/00407615_spoa3ts-5_mit_bmw_1_3.pdf","title":"spoa3ts 5 mit bmw 1 3","mpn":"","thumbnail":"https:\/\/dev.codekraft.it\/rotary-2024\/wp-content\/uploads\/brb_media\/00407615_spoa3ts-5_mit_bmw_1_3-pdf-150x106.png","description":""},{"id":349866,"url":"https:\/\/dev.codekraft.it\/rotary-2024\/wp-content\/uploads\/brb_media\/00407403_2-post-lift_spoa3ts-5_8615.pdf","title":"2 post lift spoa3ts 5 8615","mpn":"","thumbnail":"https:\/\/dev.codekraft.it\/rotary-2024\/wp-content\/uploads\/brb_media\/00407403_2-post-lift_spoa3ts-5_8615-pdf-150x106.png","description":""},{"id":349867,"url":"https:\/\/dev.codekraft.it\/rotary-2024\/wp-content\/uploads\/brb_media\/00407406_2-post-lift_da_spoa3ts-5-ap_8569.pdf","title":"2 post lift da spoa3ts 5 ap 8569","mpn":"","thumbnail":"https:\/\/dev.codekraft.it\/rotary-2024\/wp-content\/uploads\/brb_media\/00407406_2-post-lift_da_spoa3ts-5-ap_8569-pdf-150x106.png","description":""},{"id":349868,"url":"https:\/\/dev.codekraft.it\/rotary-2024\/wp-content\/uploads\/brb_media\/00407407_2-post-lift_da_spoa3ts-5-sc_8684.pdf","title":"2 post lift da spoa3ts 5 sc 8684","mpn":"","thumbnail":"https:\/\/dev.codekraft.it\/rotary-2024\/wp-content\/uploads\/brb_media\/00407407_2-post-lift_da_spoa3ts-5-sc_8684-pdf-150x106.png","description":""},{"id":349869,"url":"https:\/\/dev.codekraft.it\/rotary-2024\/wp-content\/uploads\/brb_media\/00407405_2-post-lift-spoa3t-5-af_8834.pdf","title":"2 post lift spoa3t 5 af 8834","mpn":"","thumbnail":"https:\/\/dev.codekraft.it\/rotary-2024\/wp-content\/uploads\/brb_media\/00407405_2-post-lift-spoa3t-5-af_8834-pdf-150x106.png","description":""},{"id":349870,"url":"https:\/\/dev.codekraft.it\/rotary-2024\/wp-content\/uploads\/brb_media\/00407404_2-post-lift_spoa3ts-5_8640.pdf","title":"2 post lift spoa3ts 5 8640","mpn":"","thumbnail":"https:\/\/dev.codekraft.it\/rotary-2024\/wp-content\/uploads\/brb_media\/00407404_2-post-lift_spoa3ts-5_8640-pdf-150x106.png","description":""},{"id":349871,"url":"https:\/\/dev.codekraft.it\/rotary-2024\/wp-content\/uploads\/brb_media\/00407616_2-post-lift_spoa3ts-5-sc_8686.pdf","title":"2 post lift spoa3ts 5 sc 8686","mpn":"","thumbnail":"https:\/\/dev.codekraft.it\/rotary-2024\/wp-content\/uploads\/brb_media\/00407616_2-post-lift_spoa3ts-5-sc_8686-pdf-150x106.png","description":""},{"id":349872,"url":"https:\/\/dev.codekraft.it\/rotary-2024\/wp-content\/uploads\/brb_media\/00407617_2-post-lift-spoa3t-5-af_vw_8825.pdf","title":"2 post lift spoa3t 5 af vw 8825","mpn":"","thumbnail":"https:\/\/dev.codekraft.it\/rotary-2024\/wp-content\/uploads\/brb_media\/00407617_2-post-lift-spoa3t-5-af_vw_8825-pdf-150x106.png","description":""}],"brb_media_manuals":[{"id":378489,"url":"https:\/\/dev.codekraft.it\/rotary-2024\/wp-content\/uploads\/brb_media\/00550427_2-post-lift-spoa3t_om-sp-tb_spo-3-de_2025-03-rev-g.pdf","title":"2 Post Lift SPOA3T OM SP TB SPO 3 DE 2025 03 Rev G","mpn":"","thumbnail":"https:\/\/dev.codekraft.it\/rotary-2024\/wp-content\/uploads\/brb_media\/00550427_2-post-lift-spoa3t_om-sp-tb_spo-3-de_2025-03-rev-g-pdf-106x150.png","description":""},{"id":349856,"url":"https:\/\/dev.codekraft.it\/rotary-2024\/wp-content\/uploads\/brb_media\/00470985_2-post-lift-om-spo-3\uff08reva1en.pdf","title":"2 Post Lift OM SPO 3\uff08revA1)(en)","mpn":"","thumbnail":"https:\/\/dev.codekraft.it\/rotary-2024\/wp-content\/uploads\/brb_media\/00470985_2-post-lift-om-spo-3\uff08reva1en-pdf-116x150.png","description":""},{"id":349857,"url":"https:\/\/dev.codekraft.it\/rotary-2024\/wp-content\/uploads\/brb_media\/00466373_2-post-lift-om-spo-3-ef-bc-88reva1-fr-.pdf","title":"2 post lift om spo 3 EF BC 88reva1 fr","mpn":"","thumbnail":"https:\/\/dev.codekraft.it\/rotary-2024\/wp-content\/uploads\/brb_media\/00466373_2-post-lift-om-spo-3-ef-bc-88reva1-fr--pdf-116x150.png","description":""},{"id":349859,"url":"https:\/\/dev.codekraft.it\/rotary-2024\/wp-content\/uploads\/brb_media\/00466375_2-post-lift-om-spo-3-ef-bc-88reva1-it-.pdf","title":"2 post lift om spo 3 EF BC 88reva1 it","mpn":"","thumbnail":"https:\/\/dev.codekraft.it\/rotary-2024\/wp-content\/uploads\/brb_media\/00466375_2-post-lift-om-spo-3-ef-bc-88reva1-it--pdf-116x150.png","description":""},{"id":349858,"url":"https:\/\/dev.codekraft.it\/rotary-2024\/wp-content\/uploads\/brb_media\/00466372_2-post-lift-om-spo-3-ef-bc-88reva1-es-.pdf","title":"2 post lift om spo 3 EF BC 88reva1 es","mpn":"","thumbnail":"https:\/\/dev.codekraft.it\/rotary-2024\/wp-content\/uploads\/brb_media\/00466372_2-post-lift-om-spo-3-ef-bc-88reva1-es--pdf-116x150.png","description":""},{"id":349860,"url":"https:\/\/dev.codekraft.it\/rotary-2024\/wp-content\/uploads\/brb_media\/00466376_2-post-lift-om-spo-3-ef-bc-88reva1-rus-.pdf","title":"2 post lift om spo 3 EF BC 88reva1 rus","mpn":"","thumbnail":"https:\/\/dev.codekraft.it\/rotary-2024\/wp-content\/uploads\/brb_media\/00466376_2-post-lift-om-spo-3-ef-bc-88reva1-rus--pdf-116x150.png","description":""},{"id":349861,"url":"https:\/\/dev.codekraft.it\/rotary-2024\/wp-content\/uploads\/brb_media\/00466369_2-post-lift-om-spo-3-ef-bc-88reva1-cz-.pdf","title":"2 post lift om spo 3 EF BC 88reva1 cz","mpn":"","thumbnail":"https:\/\/dev.codekraft.it\/rotary-2024\/wp-content\/uploads\/brb_media\/00466369_2-post-lift-om-spo-3-ef-bc-88reva1-cz--pdf-116x150.png","description":""},{"id":349862,"url":"https:\/\/dev.codekraft.it\/rotary-2024\/wp-content\/uploads\/brb_media\/00466370_2-post-lift-om-spo-3-ef-bc-88reva1-dutch-.pdf","title":"2 post lift om spo 3 EF BC 88reva1 dutch","mpn":"","thumbnail":"https:\/\/dev.codekraft.it\/rotary-2024\/wp-content\/uploads\/brb_media\/00466370_2-post-lift-om-spo-3-ef-bc-88reva1-dutch--pdf-116x150.png","description":""},{"id":349863,"url":"https:\/\/dev.codekraft.it\/rotary-2024\/wp-content\/uploads\/brb_media\/00466378_2-post-lift-om-spo-3-ef-bc-88reva1-sw-.pdf","title":"2 post lift om spo 3 EF BC 88reva1 sw","mpn":"","thumbnail":"https:\/\/dev.codekraft.it\/rotary-2024\/wp-content\/uploads\/brb_media\/00466378_2-post-lift-om-spo-3-ef-bc-88reva1-sw--pdf-116x150.png","description":""},{"id":349864,"url":"https:\/\/dev.codekraft.it\/rotary-2024\/wp-content\/uploads\/brb_media\/00466377_2-post-lift-om-spo-3-ef-bc-88reva1-slov-.pdf","title":"2 post lift om spo 3 EF BC 88reva1 slov","mpn":"","thumbnail":"https:\/\/dev.codekraft.it\/rotary-2024\/wp-content\/uploads\/brb_media\/00466377_2-post-lift-om-spo-3-ef-bc-88reva1-slov--pdf-116x150.png","description":""}],"brb_media_safety_datasheets":"","brb_media_spare_parts":[],"_cdmm_p_id":"322501","_company":"Elektron","_gtin":"4057612493412","accessories":[{"id":378450,"mpn":"FJ6199","name":"Extensiones de adaptadores para elevadores electrohidr\u00e1ulico","description":"4 x 89 mm, 4 x 127 mm, incl. 2 soportes para montaje en los pilares | 1 juego \/ 8 piezas","thumbnail":"https:\/\/dev.codekraft.it\/rotary-2024\/wp-content\/uploads\/brb_media\/00495751_2-post-lift-spoa3ts-ev-adapter-extension-89-127-di-150x150.png","url":"https:\/\/dev.codekraft.it\/rotary-2024\/es\/productos\/accesorios-elevadores-es\/accesorios-elevadores-de-2-columnas-es\/extensiones-de-adaptadores-para-elevadores-electrohidraulico\/"},{"id":383986,"mpn":"VSG.2CALL.902641","name":"Bandejas para herramientas","description":"Magn\u00e9tico | 1 juego \/ 2 piezas","thumbnail":"https:\/\/dev.codekraft.it\/rotary-2024\/wp-content\/uploads\/brb_media\/00509504_2-post-lift-vsg2call902641-mi-150x150.png","url":"https:\/\/dev.codekraft.it\/rotary-2024\/es\/productos\/accesorios-elevadores-es\/accesorios-elevadores-de-2-columnas-es\/bandejas-para-herramientas\/"},{"id":381090,"mpn":"FJ6216C","name":"Juego de tacos","description":"Placa de soporte, almohadilla de goma, redondo | \u00d8 80 mm | 1 juego \/ 4 piezas","thumbnail":"https:\/\/dev.codekraft.it\/rotary-2024\/wp-content\/uploads\/brb_media\/00535980_2-post-lift-fj6216c-mi-150x150.png","url":"https:\/\/dev.codekraft.it\/rotary-2024\/es\/productos\/accesorios-elevadores-es\/dispositivos-de-transporte-de-carga-es\/juego-de-tacos-7\/"},{"id":382530,"mpn":"VSG.2CALL.901538","name":"Juego de tacos","description":"Placa de soporte, almohadilla de goma, rectangular | para Tesla | 1 juego \/ 4 piezas","thumbnail":"https:\/\/dev.codekraft.it\/rotary-2024\/wp-content\/uploads\/brb_media\/00505100_2-post-lift-vsg2call901538-mi-150x150.png","url":"https:\/\/dev.codekraft.it\/rotary-2024\/es\/productos\/accesorios-elevadores-es\/dispositivos-de-transporte-de-carga-es\/juego-de-tacos-8\/"},{"id":382536,"mpn":"VSG.2CALL.902023","name":"Juego de tacos","description":"Placa de apoyo, seta de centrado | para Fiat 500E, 500 ABARTH | 2 etapas | 1 juego \/ 4 piezas","thumbnail":"https:\/\/dev.codekraft.it\/rotary-2024\/wp-content\/uploads\/brb_media\/00505105_2-post-lift-vsg2call902023-mi-150x150.png","url":"https:\/\/dev.codekraft.it\/rotary-2024\/es\/productos\/accesorios-elevadores-es\/dispositivos-de-transporte-de-carga-es\/juego-de-tacos-9\/"},{"id":382542,"mpn":"VSG.2CALL.902146","name":"Juego de tacos","description":"Prisma | para plataforma VW MEB e-veh\u00edculos | 1 juego \/ 4 piezas","thumbnail":"https:\/\/dev.codekraft.it\/rotary-2024\/wp-content\/uploads\/brb_media\/00509505_2-post-lift-vsg2call902146-mi-150x150.png","url":"https:\/\/dev.codekraft.it\/rotary-2024\/es\/productos\/accesorios-elevadores-es\/dispositivos-de-transporte-de-carga-es\/juego-de-tacos-10\/"},{"id":382566,"mpn":"VSG.2CALL.901330","name":"Juego de tacos","description":"Disco de soporte, soporte en U | 1 juego \/ 4 piezas","thumbnail":"https:\/\/dev.codekraft.it\/rotary-2024\/wp-content\/uploads\/brb_media\/00505104_2-post-lift-vsg2call901330-mi-150x150.png","url":"https:\/\/dev.codekraft.it\/rotary-2024\/es\/productos\/accesorios-elevadores-es\/dispositivos-de-transporte-de-carga-es\/juego-de-tacos-11\/"},{"id":384186,"mpn":"VSG.2CALL.901859","name":"Juego de tacos","description":"Prisma | para Mercedes Clase G - delanteros y traseros | 1 juego \/ 4 piezas","thumbnail":"https:\/\/dev.codekraft.it\/rotary-2024\/wp-content\/uploads\/brb_media\/00511001_2-post-lift-vsg2call901859-mi-150x150.png","url":"https:\/\/dev.codekraft.it\/rotary-2024\/es\/productos\/accesorios-elevadores-es\/dispositivos-de-transporte-de-carga-es\/juego-de-tacos-14\/"},{"id":384180,"mpn":"VSG.2CALL.901606","name":"Juego de tacos","description":"Mandril | para Fiat Ducato, Peugeot Boxer, Citro\u00ebn Jumper - delanteros y traseros | 1 juego \/ 4 piezas","thumbnail":"https:\/\/dev.codekraft.it\/rotary-2024\/wp-content\/uploads\/brb_media\/00510999_2-post-lift-vsg2call901606-mi-150x150.png","url":"https:\/\/dev.codekraft.it\/rotary-2024\/es\/productos\/accesorios-elevadores-es\/dispositivos-de-transporte-de-carga-es\/juego-de-tacos-13\/"},{"id":384174,"mpn":"VSG.2CALL.901712","name":"Juego de tacos","description":"Prisma, mandril | para Mercedes Sprinter, VW Crafter | 1 juego \/ 6 piezas","thumbnail":"https:\/\/dev.codekraft.it\/rotary-2024\/wp-content\/uploads\/brb_media\/00511000_2-post-lift-vsg2call901712-mi-150x150.png","url":"https:\/\/dev.codekraft.it\/rotary-2024\/es\/productos\/accesorios-elevadores-es\/dispositivos-de-transporte-de-carga-es\/juego-de-tacos-12\/"},{"id":382560,"mpn":"VSG.2CALL.901163","name":"Juego de adaptadores","description":"Juego de adaptadores para tacos para levantamiento del chasis \u00d8 120 mm (1 juego con 2 unidades), para plataforma giratoria","thumbnail":"https:\/\/dev.codekraft.it\/rotary-2024\/wp-content\/uploads\/brb_media\/00524050_2-post-lift-fj6353-1-mi-150x150.png","url":"https:\/\/dev.codekraft.it\/rotary-2024\/es\/productos\/accesorios-elevadores-es\/accesorios-elevadores-de-2-columnas-es\/juego-de-adaptadores\/"},{"id":381258,"mpn":"GP-SPOA3T","name":"Soporte auxiliar","description":"Para placa base SPO3T | 1 juego \/ 2 piezas","thumbnail":"https:\/\/dev.codekraft.it\/rotary-2024\/wp-content\/uploads\/brb_media\/00524052_2-post-lift-gp-spoa3t-mi-150x150.png","url":"https:\/\/dev.codekraft.it\/rotary-2024\/es\/productos\/accesorios-elevadores-es\/accesorios-elevadores-de-2-columnas-es\/soporte-auxiliar\/"},{"id":378991,"mpn":"CONTROL-SPOA3TC-NB","name":"Segunda unidad de control","description":"Para SPOA3TS - no apto para EV | 1 pieza","thumbnail":"https:\/\/dev.codekraft.it\/rotary-2024\/wp-content\/uploads\/brb_media\/00312548-150x150.png","url":"https:\/\/dev.codekraft.it\/rotary-2024\/es\/productos\/accesorios-elevadores-es\/accesorios-elevadores-de-2-columnas-es\/segunda-unidad-de-control\/"},{"id":382554,"mpn":"VSG.2CALL.901248","name":"Extensiones de adaptadores","description":"4 x 200 mm, incl. soporte para montaje en los pilares | 1 juego \/ 4 pieza","thumbnail":"https:\/\/dev.codekraft.it\/rotary-2024\/wp-content\/uploads\/brb_media\/00505099_2-post-lift-vsg2call901248-mi-150x150.png","url":"https:\/\/dev.codekraft.it\/rotary-2024\/es\/productos\/accesorios-elevadores-es\/accesorios-elevadores-de-2-columnas-es\/extensiones-de-adaptadores-3\/"},{"id":383974,"mpn":"VSG.2CALL.902818","name":"Juego de rampitas","description":"Altura de rampa 60 mm, para veh\u00edculos extremadamente bajos | 1 juego \/ 2 piezas","thumbnail":"https:\/\/dev.codekraft.it\/rotary-2024\/wp-content\/uploads\/brb_media\/00509501_2-post-lift-vsg2call902818-mi-150x150.png","url":"https:\/\/dev.codekraft.it\/rotary-2024\/es\/productos\/accesorios-elevadores-es\/accesorios-elevadores-de-2-columnas-es\/juego-de-rampitas\/"},{"id":383980,"mpn":"VSG.2CALL.902085","name":"Soportes de alineaci\u00f3n de ruedas","description":"1 juego \/ 4 piezas","thumbnail":"https:\/\/dev.codekraft.it\/rotary-2024\/wp-content\/uploads\/brb_media\/00509503_2-post-lift-vsg2call902085-mi-150x150.png","url":"https:\/\/dev.codekraft.it\/rotary-2024\/es\/productos\/accesorios-elevadores-es\/accesorios-elevadores-de-2-columnas-es\/soportes-de-alineacion-de-ruedas\/"},{"id":384192,"mpn":"VSG.2CALL.902511","name":"Soporte para herramientas","description":"Soporte ergon\u00f3mico para destornillador neum\u00e1tico","thumbnail":"https:\/\/dev.codekraft.it\/rotary-2024\/wp-content\/uploads\/brb_media\/00511003_2-post-lift-vsg2call902511-mi-150x150.png","url":"https:\/\/dev.codekraft.it\/rotary-2024\/es\/productos\/accesorios-elevadores-es\/accesorios-elevadores-de-2-columnas-es\/soporte-para-herramientas\/"}],"components":[],"related":[],"page_logo_src":"https:\/\/dev.codekraft.it\/rotary-2024\/wp-content\/uploads\/2024\/05\/cropped-rotary-logo-2022.png","lang":"es","translations":{"es":378615,"en":378611,"de":378612,"fr":378613,"it":378614,"ru":378616},"pll_sync_post":[],"_links":{"self":[{"href":"https:\/\/dev.codekraft.it\/rotary-2024\/wp-json\/wp\/v2\/product\/378615","targetHints":{"allow":["GET"]}}],"collection":[{"href":"https:\/\/dev.codekraft.it\/rotary-2024\/wp-json\/wp\/v2\/product"}],"about":[{"href":"https:\/\/dev.codekraft.it\/rotary-2024\/wp-json\/wp\/v2\/types\/product"}],"wp:featuredmedia":[{"embeddable":true,"href":"https:\/\/dev.codekraft.it\/rotary-2024\/wp-json\/wp\/v2\/media\/349848"}],"wp:attachment":[{"href":"https:\/\/dev.codekraft.it\/rotary-2024\/wp-json\/wp\/v2\/media?parent=378615"}],"wp:term":[{"taxonomy":"product_brand","embeddable":true,"href":"https:\/\/dev.codekraft.it\/rotary-2024\/wp-json\/wp\/v2\/product_brand?post=378615"},{"taxonomy":"product_cat","embeddable":true,"href":"https:\/\/dev.codekraft.it\/rotary-2024\/wp-json\/wp\/v2\/product_cat?post=378615"},{"taxonomy":"product_tag","embeddable":true,"href":"https:\/\/dev.codekraft.it\/rotary-2024\/wp-json\/wp\/v2\/product_tag?post=378615"},{"taxonomy":"product_approvals","embeddable":true,"href":"https:\/\/dev.codekraft.it\/rotary-2024\/wp-json\/wp\/v2\/product_approvals?post=378615"},{"taxonomy":"product_application","embeddable":true,"href":"https:\/\/dev.codekraft.it\/rotary-2024\/wp-json\/wp\/v2\/product_application?post=378615"}],"curies":[{"name":"wp","href":"https:\/\/api.w.org\/{rel}","templated":true}]}}