{"id":378583,"date":"2025-12-11T10:10:52","date_gmt":"2025-12-11T10:10:52","guid":{"rendered":"https:\/\/dev.codekraft.it\/rotary-2024\/products\/uncategorized\/traverse-dessieu-ateb-s2-2\/"},"modified":"2025-12-11T10:10:52","modified_gmt":"2025-12-11T10:10:52","slug":"traverse-dessieu-ateb-s2-2","status":"publish","type":"product","link":"https:\/\/dev.codekraft.it\/rotary-2024\/fr\/produits\/accessoires-ponts-elevateurs-fr\/systemes-de-soutien-fr\/traverse-dessieu-ateb-s2-2\/","title":{"rendered":"Traverse d&#039;essieu ATEB S2"},"content":{"rendered":"<ul>\n<li>Plages de r\u00e9glage 200 mm \u00e0 620 mm \/ 830 mm \u00e0 1500 mm<\/li>\n<li>Capacit\u00e9 de charge des bras r\u00e9tract\u00e9s 15 t, enti\u00e8rement d\u00e9ploy\u00e9s 7,5 t<\/li>\n<\/ul>\n<p><strong>\u00c9tendue de la prestation :<\/strong><\/p>\n<ul>\n<li>Traverse<\/li>\n<li>2 pi\u00e8ces coulissantes<\/li>\n<li>2 tampons \u00ab\u00a0X\u00a0\u00bb<\/li>\n<li>2\u00a0tampons \u00ab\u00a0P\u00a0\u00bb &#8211; support \u00e0 t\u00eate de champignon<\/li>\n<\/ul>\n","protected":false},"excerpt":{"rendered":"<p>7,5\/15 t, \u00d8 de goujon 45\/55 mm, plage de r\u00e9glage 200 &#8211; 620\/830 &#8211; 1500 mm | barre stabilisatrice sp\u00e9ciale pour fixer la sellerie des bus EvoBus, et en particulier la s\u00e9rie CITARO | incl. 4 tampons et 2 pi\u00e8ces coulissantes<\/p>\n","protected":false},"featured_media":374306,"template":"","meta":[],"product_cat":[1033972],"product_tag":[1034145,1034128,1034197,1034262,1034180,1034231,1034214,1034163],"product_approvals":[],"product_application":[],"class_list":{"0":"post-378583","1":"product","2":"type-product","3":"status-publish","4":"has-post-thumbnail","6":"product_cat-systemes-de-soutien-fr","7":"product_tag-buses-fr","8":"product_tag-trucks-fr","9":"product_tag-motor-homes-fr","10":"product_tag-remorques-fr","11":"product_tag-light-commercial-fr","12":"product_tag-tracked-vehicles-fr","13":"product_tag-agricultural-machines-fr","14":"product_tag-passenger-cars-fr","16":"first","17":"instock","18":"shipping-taxable","19":"product-type-simple"},"approvals":[],"application":[],"brb_media_brochure":"","brb_media_drawing":"","brb_media_manuals":[{"id":377177,"url":"https:\/\/dev.codekraft.it\/rotary-2024\/wp-content\/uploads\/brb_media\/00535454_supporting-device-om-sp-129500-multi-2024-10-revb.pdf","title":"supporting device om sp 129500 multi 2024 10 revb","thumbnail":"https:\/\/dev.codekraft.it\/rotary-2024\/wp-content\/uploads\/brb_media\/00535454_supporting-device-om-sp-129500-multi-2024-10-revb-pdf-106x150.png","description":""}],"brb_media_safety_datasheets":"","brb_media_spare_parts":[],"_cdmm_p_id":"263118","_company":"Elektron","_gtin":"4057612135855","accessories":[],"components":[],"related":[],"similar":[],"lang":"fr","translations":{"fr":378583,"en":378581,"de":378582,"it":378584,"es":378585,"ru":378586},"pll_sync_post":[],"_links":{"self":[{"href":"https:\/\/dev.codekraft.it\/rotary-2024\/wp-json\/wp\/v2\/product\/378583","targetHints":{"allow":["GET"]}}],"collection":[{"href":"https:\/\/dev.codekraft.it\/rotary-2024\/wp-json\/wp\/v2\/product"}],"about":[{"href":"https:\/\/dev.codekraft.it\/rotary-2024\/wp-json\/wp\/v2\/types\/product"}],"wp:featuredmedia":[{"embeddable":true,"href":"https:\/\/dev.codekraft.it\/rotary-2024\/wp-json\/wp\/v2\/media\/374306"}],"wp:attachment":[{"href":"https:\/\/dev.codekraft.it\/rotary-2024\/wp-json\/wp\/v2\/media?parent=378583"}],"wp:term":[{"taxonomy":"product_cat","embeddable":true,"href":"https:\/\/dev.codekraft.it\/rotary-2024\/wp-json\/wp\/v2\/product_cat?post=378583"},{"taxonomy":"product_tag","embeddable":true,"href":"https:\/\/dev.codekraft.it\/rotary-2024\/wp-json\/wp\/v2\/product_tag?post=378583"},{"taxonomy":"product_approvals","embeddable":true,"href":"https:\/\/dev.codekraft.it\/rotary-2024\/wp-json\/wp\/v2\/product_approvals?post=378583"},{"taxonomy":"product_application","embeddable":true,"href":"https:\/\/dev.codekraft.it\/rotary-2024\/wp-json\/wp\/v2\/product_application?post=378583"}],"curies":[{"name":"wp","href":"https:\/\/api.w.org\/{rel}","templated":true}]}}