{"id":378559,"date":"2025-12-11T10:10:46","date_gmt":"2025-12-11T10:10:46","guid":{"rendered":"https:\/\/dev.codekraft.it\/rotary-2024\/products\/uncategorized\/pont-elevateur-a-4-colonnes-sm40-47\/"},"modified":"2025-12-11T10:10:46","modified_gmt":"2025-12-11T10:10:46","slug":"pont-elevateur-a-4-colonnes-sm40-47","status":"publish","type":"product","link":"https:\/\/dev.codekraft.it\/rotary-2024\/fr\/produits\/ponts-elevateurs-fr\/ponts-elevateurs-a-4-colonnes-fr\/pont-elevateur-a-4-colonnes-sm40-47\/","title":{"rendered":"Pont \u00e9l\u00e9vateur \u00e0 4 colonnes SM40-47"},"content":{"rendered":"<p>Les ponts \u00e9l\u00e9vateurs \u00e0 4 colonnes \u00e9lectrohydrauliques de la s\u00e9rie SM sont disponibles en diverses versions.<\/p>\n<ul>\n<li>SM40-47, voie de niveau d\u2019une longueur de 4700 mm<\/li>\n<\/ul>\n<ul>\n<li>Voies stables, larges<\/li>\n<li>Kit d\u2019alignement des roues pr\u00e9cis, disponible en option<\/li>\n<li>Adapt\u00e9s \u00e0 toutes les voitures et camionnettes \u00e0 long empattement<\/li>\n<\/ul>\n<ul>\n<li>Tous les ponts \u00e9l\u00e9vateurs \u00e0 4 colonnes sont \u00e9quip\u00e9s d\u2019un dispositif d\u2019abaissement avec verrouillage pneumatique.<\/li>\n<li>Les larges voies permettent une conduite s\u00fbre et confortable des petites voitures aux camionnettes ou SUV sans avoir \u00e0 changer la largeur de la voie.<\/li>\n<li>Le profil moul\u00e9 \u00e0 froid de la surface de roulement offre une grande rigidit\u00e9.<\/li>\n<li>Les rails int\u00e9gr\u00e9s dans la surface de roulement permettent de recevoir tous les v\u00e9rins de poutre disponibles dans le commerce.<\/li>\n<li>Un kit d\u2019alignement des roues (AK) avec plaques coulissantes est particuli\u00e8rement disponible pour les activit\u00e9s d\u2019alignement des roues pr\u00e9cises.<\/li>\n<li>Les encoches int\u00e9gr\u00e9es de la surface d\u2019acc\u00e8s permettent le montage de toutes les tables standards rotatives. Si aucun plateau tournant n\u2019est utilis\u00e9, les encoches peuvent \u00eatre compl\u00e8tement ferm\u00e9es avec les pi\u00e8ces de remplissage fournies.<\/li>\n<li>Les barres \u00e0 cliquets r\u00e9glables dans les colonnes \u00e9l\u00e9vatrices permettent un positionnement enti\u00e8rement horizontal du pont \u00e9l\u00e9vateur &#8211; ce qui est important pour fournir un travail pr\u00e9cis lors de l\u2019utilisation du pont comme pont d\u2019alignement des roues. Cela assure un r\u00e9glage de la g\u00e9om\u00e9trie pr\u00e9cis et un niveau \u00e9lev\u00e9 de s\u00e9curit\u00e9 au travail.<\/li>\n<li>Les mod\u00e8les avec traverse de levage (LT) disposent d\u2019une extension progressive pour d\u00e9ployer la traverse de levage.<\/li>\n<\/ul>\n<ul>\n<li>Les fonctions de levage et d\u2019abaissement sur le dispositif d\u2019abaissement sont faciles \u00e0 contr\u00f4ler gr\u00e2ce aux boutons de fonctionnement.<\/li>\n<li>Prot\u00e9g\u00e9 des influences ext\u00e9rieures, le cylindre de levage ne n\u00e9cessitant aucune maintenance est positionn\u00e9 sous la surface de roulement.<\/li>\n<li>L\u2019unit\u00e9 hydraulique, calme et puissante, assure un levage performant et des temps de levage et d\u2019abaissement courts.<\/li>\n<\/ul>\n","protected":false},"excerpt":{"rendered":"<p>4,0 t, \u00e9lectrohydraulique, longueur de voie de 4700 mm, alignement facultatif des roues<\/p>\n","protected":false},"featured_media":350041,"template":"","meta":[],"product_cat":[1033496],"product_tag":[1034163],"product_approvals":[1016687],"product_application":[],"class_list":{"0":"post-378559","1":"product","2":"type-product","3":"status-publish","4":"has-post-thumbnail","6":"product_cat-ponts-elevateurs-a-4-colonnes-fr","7":"product_tag-passenger-cars-fr","8":"product_approvals-opel-fr","10":"first","11":"instock","12":"shipping-taxable","13":"product-type-simple"},"approvals":[{"term_id":1016687,"name":"Opel","slug":"opel-fr","term_group":0,"term_taxonomy_id":1016686,"taxonomy":"product_approvals","description":"","parent":0,"count":4,"filter":"raw"}],"application":[],"brb_media_brochure":[{"id":349995,"url":"https:\/\/dev.codekraft.it\/rotary-2024\/wp-content\/uploads\/brb_media\/00409845_4-post-lift-sm40-sm40lt-br-126509-de-2019-04-screen.pdf","title":"4 post lift sm40 sm40lt br 126509 de 2019 04 screen","thumbnail":"https:\/\/dev.codekraft.it\/rotary-2024\/wp-content\/uploads\/brb_media\/00409845_4-post-lift-sm40-sm40lt-br-126509-de-2019-04-screen-pdf-106x150.png","description":""},{"id":349996,"url":"https:\/\/dev.codekraft.it\/rotary-2024\/wp-content\/uploads\/brb_media\/00409846_4-post-lift-sm40-sm40lt-br-126510-en-2019-04-screen.pdf","title":"4 post lift sm40 sm40lt br 126510 en 2019 04 screen","thumbnail":"https:\/\/dev.codekraft.it\/rotary-2024\/wp-content\/uploads\/brb_media\/00409846_4-post-lift-sm40-sm40lt-br-126510-en-2019-04-screen-pdf-106x150.png","description":""},{"id":349997,"url":"https:\/\/dev.codekraft.it\/rotary-2024\/wp-content\/uploads\/brb_media\/00409847_4-post-lift-sm40-sm40lt-br-126511-fr-2019-04-screen.pdf","title":"4 post lift sm40 sm40lt br 126511 fr 2019 04 screen","thumbnail":"https:\/\/dev.codekraft.it\/rotary-2024\/wp-content\/uploads\/brb_media\/00409847_4-post-lift-sm40-sm40lt-br-126511-fr-2019-04-screen-pdf-106x150.png","description":""},{"id":349998,"url":"https:\/\/dev.codekraft.it\/rotary-2024\/wp-content\/uploads\/brb_media\/00409848_4-post-lift-sm40-sm40lt-br-126512-it-2019-04-screen.pdf","title":"4 post lift sm40 sm40lt br 126512 it 2019 04 screen","thumbnail":"https:\/\/dev.codekraft.it\/rotary-2024\/wp-content\/uploads\/brb_media\/00409848_4-post-lift-sm40-sm40lt-br-126512-it-2019-04-screen-pdf-106x150.png","description":""},{"id":349999,"url":"https:\/\/dev.codekraft.it\/rotary-2024\/wp-content\/uploads\/brb_media\/00409849_4-post-lift-sm40-sm40lt-br-126513-es-2019-04-screen.pdf","title":"4 post lift sm40 sm40lt br 126513 es 2019 04 screen","thumbnail":"https:\/\/dev.codekraft.it\/rotary-2024\/wp-content\/uploads\/brb_media\/00409849_4-post-lift-sm40-sm40lt-br-126513-es-2019-04-screen-pdf-106x150.png","description":""},{"id":350000,"url":"https:\/\/dev.codekraft.it\/rotary-2024\/wp-content\/uploads\/brb_media\/00409850_4-post-lift-sm40-sm40lt-br-126514-ru-2019-04-screen.pdf","title":"4 post lift sm40 sm40lt br 126514 ru 2019 04 screen","thumbnail":"https:\/\/dev.codekraft.it\/rotary-2024\/wp-content\/uploads\/brb_media\/00409850_4-post-lift-sm40-sm40lt-br-126514-ru-2019-04-screen-pdf-106x150.png","description":""}],"brb_media_drawing":[{"id":350042,"url":"https:\/\/dev.codekraft.it\/rotary-2024\/wp-content\/uploads\/brb_media\/00407444_4-post-lift_bfp_sm40_47n_8831.pdf","title":"4 post lift bfp sm40 47n 8831","thumbnail":"https:\/\/dev.codekraft.it\/rotary-2024\/wp-content\/uploads\/brb_media\/00407444_4-post-lift_bfp_sm40_47n_8831-pdf-150x105.png","description":""},{"id":350043,"url":"https:\/\/dev.codekraft.it\/rotary-2024\/wp-content\/uploads\/brb_media\/00407445_4-post-lift_da_sm40_47n_8631.pdf","title":"4 post lift da sm40 47n 8631","thumbnail":"https:\/\/dev.codekraft.it\/rotary-2024\/wp-content\/uploads\/brb_media\/00407445_4-post-lift_da_sm40_47n_8631-pdf-150x105.png","description":""},{"id":350044,"url":"https:\/\/dev.codekraft.it\/rotary-2024\/wp-content\/uploads\/brb_media\/00407446_4-post-lift_kfp_sm40_47n_8789.pdf","title":"4 post lift kfp sm40 47n 8789","thumbnail":"https:\/\/dev.codekraft.it\/rotary-2024\/wp-content\/uploads\/brb_media\/00407446_4-post-lift_kfp_sm40_47n_8789-pdf-150x105.png","description":""},{"id":350045,"url":"https:\/\/dev.codekraft.it\/rotary-2024\/wp-content\/uploads\/brb_media\/00407447_4-post-lift_rfp_sm40_47n_8629.pdf","title":"4 post lift rfp sm40 47n 8629","thumbnail":"https:\/\/dev.codekraft.it\/rotary-2024\/wp-content\/uploads\/brb_media\/00407447_4-post-lift_rfp_sm40_47n_8629-pdf-150x106.png","description":""}],"brb_media_manuals":[{"id":375263,"url":"https:\/\/dev.codekraft.it\/rotary-2024\/wp-content\/uploads\/brb_media\/00535453_4-post-lift-sm-40-40lt-55-60-om-om20121-de-2024-08-rev-e.pdf","title":"4 post lift sm 40 40lt 55 60 om om20121 de 2024 08 rev e","thumbnail":"https:\/\/dev.codekraft.it\/rotary-2024\/wp-content\/uploads\/brb_media\/00535453_4-post-lift-sm-40-40lt-55-60-om-om20121-de-2024-08-rev-e-pdf-106x150.png","description":""},{"id":350002,"url":"https:\/\/dev.codekraft.it\/rotary-2024\/wp-content\/uploads\/brb_media\/00228028_4-post-lift-sm-40-40lt-55-60-om-om20121-en-2013-03.pdf","title":"4 post lift sm 40 40lt 55 60 om om20121 en 2013 03","thumbnail":"https:\/\/dev.codekraft.it\/rotary-2024\/wp-content\/uploads\/brb_media\/00228028_4-post-lift-sm-40-40lt-55-60-om-om20121-en-2013-03-pdf-106x150.png","description":""},{"id":350003,"url":"https:\/\/dev.codekraft.it\/rotary-2024\/wp-content\/uploads\/brb_media\/00228029_4-post-lift-sm-40-40lt-55-60-om-om20121-fr-2013-03.pdf","title":"4 post lift sm 40 40lt 55 60 om om20121 fr 2013 03","thumbnail":"https:\/\/dev.codekraft.it\/rotary-2024\/wp-content\/uploads\/brb_media\/00228029_4-post-lift-sm-40-40lt-55-60-om-om20121-fr-2013-03-pdf-106x150.png","description":""},{"id":350004,"url":"https:\/\/dev.codekraft.it\/rotary-2024\/wp-content\/uploads\/brb_media\/00228030_4-post-lift-sm-40-40lt-55-60-om-om20121-it-2013-03.pdf","title":"4 post lift sm 40 40lt 55 60 om om20121 it 2013 03","thumbnail":"https:\/\/dev.codekraft.it\/rotary-2024\/wp-content\/uploads\/brb_media\/00228030_4-post-lift-sm-40-40lt-55-60-om-om20121-it-2013-03-pdf-106x150.png","description":""},{"id":350005,"url":"https:\/\/dev.codekraft.it\/rotary-2024\/wp-content\/uploads\/brb_media\/00228031_4-post-lift-sm-40-40lt-55-60-om-om20121-es-2013-03.pdf","title":"4 post lift sm 40 40lt 55 60 om om20121 es 2013 03","thumbnail":"https:\/\/dev.codekraft.it\/rotary-2024\/wp-content\/uploads\/brb_media\/00228031_4-post-lift-sm-40-40lt-55-60-om-om20121-es-2013-03-pdf-106x150.png","description":""},{"id":350006,"url":"https:\/\/dev.codekraft.it\/rotary-2024\/wp-content\/uploads\/brb_media\/00228032_4-post-lift-sm-40-40lt-55-60-om-om20121-ru-2013-03.pdf","title":"4 post lift sm 40 40lt 55 60 om om20121 ru 2013 03","thumbnail":"https:\/\/dev.codekraft.it\/rotary-2024\/wp-content\/uploads\/brb_media\/00228032_4-post-lift-sm-40-40lt-55-60-om-om20121-ru-2013-03-pdf-106x150.png","description":""}],"brb_media_safety_datasheets":"","brb_media_spare_parts":[],"_cdmm_p_id":"252660","_company":"Elektron","_gtin":"4057612616620","accessories":[{"id":378460,"cdmm_p_id":"40728","name":"Traverse de levage pour SM40-SM65 | 2,6 t","description":"2,6 t","thumbnail":"https:\/\/dev.codekraft.it\/rotary-2024\/wp-content\/uploads\/brb_media\/00041709_jacking-beam-rj-x26-1-mi-150x150.png","url":"https:\/\/dev.codekraft.it\/rotary-2024\/fr\/produits\/accessoires-ponts-elevateurs-fr\/accessoires-ponts-elevateurs-a-4-colonnes-fr\/traverse-de-levage-pour-sm40-sm65-26-t\/"},{"id":378466,"cdmm_p_id":"59184","name":"Tampons en caoutchouc","description":"160 x 120 x 80 mm | 1 jeu \/ 4 pi\u00e8ces","thumbnail":"https:\/\/dev.codekraft.it\/rotary-2024\/wp-content\/uploads\/brb_media\/00287553-150x150.png","url":"https:\/\/dev.codekraft.it\/rotary-2024\/fr\/produits\/accessoires-ponts-elevateurs-fr\/accessoires-ponts-a-doubles-ciseaux-fr\/tampons-en-caoutchouc\/"},{"id":378953,"cdmm_p_id":"421935","name":"Kit d\u2019alignement des roues STD for SM40-47","description":"Standard | Type N, incl. 2 plaques mouvantes | pour pont \u00e9l\u00e9vateur \u00e0 4 colonnes SM40-47 | Gris (RAL 7040)","thumbnail":"https:\/\/dev.codekraft.it\/rotary-2024\/wp-content\/uploads\/brb_media\/00309596_4-post-lift-sheet-metal-construction-di-150x150.png","url":"https:\/\/dev.codekraft.it\/rotary-2024\/fr\/produits\/accessoires-ponts-elevateurs-fr\/accessoires-ponts-elevateurs-a-4-colonnes-fr\/kit-dalignement-des-roues-std-for-sm40-47\/"},{"id":379550,"cdmm_p_id":"471302","name":"Kit d\u2019alignement des roues P for SM40-47","description":"Premium | Type N, hauteur 50 mm, compos\u00e9s de t\u00f4les de remplissage et de 2 plaques coulissantes, sans plateau tournant | pour pont \u00e9l\u00e9vateur \u00e0 4 colonnes SM40-47 | Gris (RAL 7015) | prolongateur de rampe EXRMP-SM40N recommand\u00e9","thumbnail":"","url":"https:\/\/dev.codekraft.it\/rotary-2024\/fr\/produits\/accessoires-ponts-elevateurs-fr\/accessoires-ponts-elevateurs-a-4-colonnes-fr\/kit-dalignement-des-roues-p-for-sm40-47\/"},{"id":381148,"cdmm_p_id":"497225","name":"Prolongateurs de fixation 130 mm, pour traverse de levage 2,6 t","description":"Adaptateur pour RJ-X26-2F\/3F (1 jeu \/ 2 pi\u00e8ces)","thumbnail":"https:\/\/dev.codekraft.it\/rotary-2024\/wp-content\/uploads\/brb_media\/00489186_fj6171-2kit-mi-150x150.jpg","url":"https:\/\/dev.codekraft.it\/rotary-2024\/fr\/produits\/accessoires-ponts-elevateurs-fr\/accessoires-ponts-elevateurs-a-4-colonnes-fr\/prolongateurs-de-fixation-130-mm-pour-traverse-de-levage-26-t\/"},{"id":378983,"cdmm_p_id":"421940","name":"Traverse de levage pour SM65 | 4,0 t","description":"4,0 t","thumbnail":"https:\/\/dev.codekraft.it\/rotary-2024\/wp-content\/uploads\/brb_media\/00309601_jacking-beam-rj-x40-1-mi-150x150.png","url":"https:\/\/dev.codekraft.it\/rotary-2024\/fr\/produits\/accessoires-ponts-elevateurs-fr\/accessoires-ponts-elevateurs-a-4-colonnes-fr\/traverse-de-levage-pour-sm65-40-t\/"},{"id":378959,"cdmm_p_id":"421936","name":"Kit de mise \u00e0 niveau Air supply","description":"Pour traverse de levage","thumbnail":"https:\/\/dev.codekraft.it\/rotary-2024\/wp-content\/uploads\/brb_media\/00312549_4-post-lift-air-supply-di-150x150.png","url":"https:\/\/dev.codekraft.it\/rotary-2024\/fr\/produits\/accessoires-ponts-elevateurs-fr\/accessoires-ponts-elevateurs-a-4-colonnes-fr\/kit-de-mise-a-niveau-air-supply\/"},{"id":378941,"cdmm_p_id":"421933","name":"Kit d&#039;\u00e9clairage LED 4 fois, 24 V, 4300 mm","description":"","thumbnail":"https:\/\/dev.codekraft.it\/rotary-2024\/wp-content\/uploads\/brb_media\/00309594_s40_50_detail-beleuchtungskit_web-150x150.png","url":"https:\/\/dev.codekraft.it\/rotary-2024\/fr\/produits\/accessoires-ponts-elevateurs-fr\/accessoires-ponts-elevateurs-a-4-colonnes-fr\/kit-declairage-led-4-fois-24-v-4300-mm\/"},{"id":378977,"cdmm_p_id":"421939","name":"Kit de rampes d&#039;acc\u00e8s","description":"Rampes suppl\u00e9mentaires, 900 mm","thumbnail":"https:\/\/dev.codekraft.it\/rotary-2024\/wp-content\/uploads\/brb_media\/00309599-150x150.png","url":"https:\/\/dev.codekraft.it\/rotary-2024\/fr\/produits\/accessoires-ponts-elevateurs-fr\/accessoires-ponts-elevateurs-a-4-colonnes-fr\/kit-de-rampes-dacces\/"},{"id":378965,"cdmm_p_id":"421937","name":"Kit d\u2018extension pour rampes","description":"","thumbnail":"https:\/\/dev.codekraft.it\/rotary-2024\/wp-content\/uploads\/brb_media\/00393015_4-post-lift-extension-kit-for-ramps-di-150x150.png","url":"https:\/\/dev.codekraft.it\/rotary-2024\/fr\/produits\/accessoires-ponts-elevateurs-fr\/accessoires-ponts-elevateurs-a-4-colonnes-fr\/kit-dextension-pour-rampes\/"},{"id":381124,"cdmm_p_id":"497221","name":"Kit d&#039;encastrement SMxxN\/B, avec but\u00e9e CE, sans kit de parall\u00e9lisme","description":"4 rampes courtes, pour SM40-SM65","thumbnail":"https:\/\/dev.codekraft.it\/rotary-2024\/wp-content\/uploads\/brb_media\/00489182_dzrmp-sm1nc-mi-150x150.jpg","url":"https:\/\/dev.codekraft.it\/rotary-2024\/fr\/produits\/accessoires-ponts-elevateurs-fr\/accessoires-ponts-elevateurs-a-4-colonnes-fr\/kit-dencastrement-smxxn-b-avec-butee-ce-sans-kit-de-parallelisme\/"},{"id":381130,"cdmm_p_id":"497222","name":"Kit d&#039;encastrement SM40N\/B, avec but\u00e9e CE, avec kit de parall\u00e9lisme","description":"4 rampes courtes, pour SM40","thumbnail":"https:\/\/dev.codekraft.it\/rotary-2024\/wp-content\/uploads\/brb_media\/00489183_dzrmp-sm3nc-mi-150x150.png","url":"https:\/\/dev.codekraft.it\/rotary-2024\/fr\/produits\/accessoires-ponts-elevateurs-fr\/accessoires-ponts-elevateurs-a-4-colonnes-fr\/kit-dencastrement-sm40n-b-avec-butee-ce-avec-kit-de-parallelisme\/"},{"id":378917,"cdmm_p_id":"418362","name":"Tampons en caoutchouc","description":"160 x 120 x 40 mm | 1 jeu \/ 4 pi\u00e8ces","thumbnail":"https:\/\/dev.codekraft.it\/rotary-2024\/wp-content\/uploads\/brb_media\/00393013_4-post-lift-rubber-pads-40mm-150x150.png","url":"https:\/\/dev.codekraft.it\/rotary-2024\/fr\/produits\/accessoires-ponts-elevateurs-fr\/accessoires-ponts-elevateurs-basse-levee-fr\/tampons-en-caoutchouc-2\/"}],"components":[],"related":[],"similar":[{"id":378565,"cdmm_p_id":"252662","name":"Pont \u00e9l\u00e9vateur \u00e0 4 colonnes SM65-51","description":"6,5 t, \u00e9lectrohydraulique, longueur de voie de 5100 mm, alignement des roues en option","thumbnail":"https:\/\/dev.codekraft.it\/rotary-2024\/wp-content\/uploads\/brb_media\/00349261_4-post-lift-sm-55-mi-150x150.png","url":"https:\/\/dev.codekraft.it\/rotary-2024\/fr\/produits\/ponts-elevateurs-fr\/ponts-elevateurs-a-4-colonnes-fr\/pont-elevateur-a-4-colonnes-sm65-51\/"},{"id":378571,"cdmm_p_id":"252663","name":"Pont \u00e9l\u00e9vateur \u00e0 4 colonnes SM65-55","description":"6,5 t, \u00e9lectrohydraulique, longueur de voie de 5500 mm, alignement des roues en option","thumbnail":"https:\/\/dev.codekraft.it\/rotary-2024\/wp-content\/uploads\/brb_media\/00349261_4-post-lift-sm-55-mi-150x150.png","url":"https:\/\/dev.codekraft.it\/rotary-2024\/fr\/produits\/ponts-elevateurs-fr\/ponts-elevateurs-a-4-colonnes-fr\/pont-elevateur-a-4-colonnes-sm65-55\/"}],"page_logo_src":"https:\/\/dev.codekraft.it\/rotary-2024\/wp-content\/uploads\/2024\/05\/cropped-rotary-logo-2022.png","lang":"fr","translations":{"fr":378559,"en":378557,"de":378558,"it":378560,"es":378561,"ru":378562},"pll_sync_post":[],"_links":{"self":[{"href":"https:\/\/dev.codekraft.it\/rotary-2024\/wp-json\/wp\/v2\/product\/378559","targetHints":{"allow":["GET"]}}],"collection":[{"href":"https:\/\/dev.codekraft.it\/rotary-2024\/wp-json\/wp\/v2\/product"}],"about":[{"href":"https:\/\/dev.codekraft.it\/rotary-2024\/wp-json\/wp\/v2\/types\/product"}],"wp:featuredmedia":[{"embeddable":true,"href":"https:\/\/dev.codekraft.it\/rotary-2024\/wp-json\/wp\/v2\/media\/350041"}],"wp:attachment":[{"href":"https:\/\/dev.codekraft.it\/rotary-2024\/wp-json\/wp\/v2\/media?parent=378559"}],"wp:term":[{"taxonomy":"product_cat","embeddable":true,"href":"https:\/\/dev.codekraft.it\/rotary-2024\/wp-json\/wp\/v2\/product_cat?post=378559"},{"taxonomy":"product_tag","embeddable":true,"href":"https:\/\/dev.codekraft.it\/rotary-2024\/wp-json\/wp\/v2\/product_tag?post=378559"},{"taxonomy":"product_approvals","embeddable":true,"href":"https:\/\/dev.codekraft.it\/rotary-2024\/wp-json\/wp\/v2\/product_approvals?post=378559"},{"taxonomy":"product_application","embeddable":true,"href":"https:\/\/dev.codekraft.it\/rotary-2024\/wp-json\/wp\/v2\/product_application?post=378559"}],"curies":[{"name":"wp","href":"https:\/\/api.w.org\/{rel}","templated":true}]}}