{"id":378553,"date":"2025-12-11T10:10:46","date_gmt":"2025-12-11T10:10:46","guid":{"rendered":"https:\/\/dev.codekraft.it\/rotary-2024\/products\/uncategorized\/pont-elevateur-a-4-colonnes-sm55lt-51\/"},"modified":"2025-12-11T10:10:46","modified_gmt":"2025-12-11T10:10:46","slug":"pont-elevateur-a-4-colonnes-sm55lt-51","status":"publish","type":"product","link":"https:\/\/dev.codekraft.it\/rotary-2024\/fr\/produits\/ponts-elevateurs-fr\/ponts-elevateurs-a-4-colonnes-fr\/pont-elevateur-a-4-colonnes-sm55lt-51\/","title":{"rendered":"Pont \u00e9l\u00e9vateur \u00e0 4 colonnes SM55LT-51"},"content":{"rendered":"<p>Les ponts \u00e9l\u00e9vateurs \u00e0 quatre colonnes \u00e9lectrohydrauliques de la s\u00e9rie SM sont disponibles en diverses versions.<\/p>\n<p>SM55-LT51 5,5 t, avec traverse de levage r\u00e9glable d\u2019une longueur de 5100 mm<\/p>\n<ul>\n<li>Voies stables, larges<\/li>\n<li>Kit d\u2019alignement des roues pr\u00e9cis, disponible en option<\/li>\n<li>Adapt\u00e9s \u00e0 toutes les voitures et camionnettes \u00e0 long empattement<\/li>\n<\/ul>\n<ul>\n<li>Tous les ponts \u00e9l\u00e9vateurs \u00e0 4 colonnes sont \u00e9quip\u00e9s d\u2019un dispositif d\u2019abaissement avec verrouillage pneumatique.<\/li>\n<li>Les larges voies permettent une conduite s\u00fbre et confortable des petites voitures aux camionnettes ou SUV sans avoir \u00e0 changer la largeur de la voie.<\/li>\n<li>Le profil moul\u00e9 \u00e0 froid de la surface de roulement offre une grande rigidit\u00e9.<\/li>\n<li>Les rails int\u00e9gr\u00e9s dans la surface de roulement permettent de recevoir tous les v\u00e9rins de poutre disponibles dans le commerce.<\/li>\n<li>Un kit d\u2019alignement des roues (AK) avec plaques coulissantes est particuli\u00e8rement disponible pour les activit\u00e9s d\u2019alignement des roues pr\u00e9cises.<\/li>\n<li>Les encoches int\u00e9gr\u00e9es de la surface d\u2019acc\u00e8s permettent le montage de toutes les tables standards rotatives. Si aucun plateau tournant n\u2019est utilis\u00e9, les encoches\u00a0 peuvent \u00eatre compl\u00e8tement ferm\u00e9es avec les pi\u00e8ces de remplissage fournies.<\/li>\n<li>Les barres \u00e0 cliquets r\u00e9glables dans les colonnes \u00e9l\u00e9vatrices permettent un positionnement enti\u00e8rement horizontal du pont \u00e9l\u00e9vateur &#8211; ce qui est important pour fournir un travail pr\u00e9cis lors de l\u2019utilisation du pont comme pont d\u2019alignement des roues. Cela assure un r\u00e9glage de la g\u00e9om\u00e9trie pr\u00e9cis et un niveau \u00e9lev\u00e9 de s\u00e9curit\u00e9 au travail.<\/li>\n<li>Les mod\u00e8les avec traverse de levage (LT) disposent d\u2019une extension progressive pour d\u00e9ployer la traverse de levage.<\/li>\n<\/ul>\n<ul>\n<li>Les fonctions de levage et d\u2019abaissement sur le dispositif d\u2019abaissement sont faciles \u00e0 contr\u00f4ler gr\u00e2ce aux boutons de fonctionnement.<\/li>\n<li>Prot\u00e9g\u00e9 des influences ext\u00e9rieures, le cylindre de levage ne n\u00e9cessitant aucune maintenance est positionn\u00e9 sous la surface de roulement.<\/li>\n<li>L\u2019unit\u00e9 hydraulique, calme et puissante, assure un levage performant et des temps de levage et d\u2019abaissement Courts.<\/li>\n<\/ul>\n","protected":false},"excerpt":{"rendered":"<p>5,5 t, \u00e9lectrohydraulique, avec traverse de levage, longueur de voie de 5100 mm, alignement des roues en option<\/p>\n","protected":false},"featured_media":350017,"template":"","meta":[],"product_cat":[1033496],"product_tag":[1034197,1034180,1034163],"product_approvals":[],"product_application":[],"class_list":{"0":"post-378553","1":"product","2":"type-product","3":"status-publish","4":"has-post-thumbnail","6":"product_cat-ponts-elevateurs-a-4-colonnes-fr","7":"product_tag-motor-homes-fr","8":"product_tag-light-commercial-fr","9":"product_tag-passenger-cars-fr","11":"first","12":"instock","13":"shipping-taxable","14":"product-type-simple"},"approvals":[],"application":[],"brb_media_brochure":[{"id":350018,"url":"https:\/\/dev.codekraft.it\/rotary-2024\/wp-content\/uploads\/brb_media\/00409857_4-post-lift-sm55lt-sm65-br-126515-de-2019-04-screen.pdf","title":"4 post lift sm55lt sm65 br 126515 de 2019 04 screen","thumbnail":"https:\/\/dev.codekraft.it\/rotary-2024\/wp-content\/uploads\/brb_media\/00409857_4-post-lift-sm55lt-sm65-br-126515-de-2019-04-screen-pdf-106x150.png","description":""},{"id":350019,"url":"https:\/\/dev.codekraft.it\/rotary-2024\/wp-content\/uploads\/brb_media\/00409858_4-post-lift-sm55lt-sm65-br-126516-en-2019-04-screen.pdf","title":"4 post lift sm55lt sm65 br 126516 en 2019 04 screen","thumbnail":"https:\/\/dev.codekraft.it\/rotary-2024\/wp-content\/uploads\/brb_media\/00409858_4-post-lift-sm55lt-sm65-br-126516-en-2019-04-screen-pdf-106x150.png","description":""},{"id":350020,"url":"https:\/\/dev.codekraft.it\/rotary-2024\/wp-content\/uploads\/brb_media\/00409859_4-post-lift-sm55lt-sm65-br-126517-fr-2019-04-screen.pdf","title":"4 post lift sm55lt sm65 br 126517 fr 2019 04 screen","thumbnail":"https:\/\/dev.codekraft.it\/rotary-2024\/wp-content\/uploads\/brb_media\/00409859_4-post-lift-sm55lt-sm65-br-126517-fr-2019-04-screen-pdf-106x150.png","description":""},{"id":350021,"url":"https:\/\/dev.codekraft.it\/rotary-2024\/wp-content\/uploads\/brb_media\/00409860_4-post-lift-sm55lt-sm65-br-126518-it-2019-04-screen.pdf","title":"4 post lift sm55lt sm65 br 126518 it 2019 04 screen","thumbnail":"https:\/\/dev.codekraft.it\/rotary-2024\/wp-content\/uploads\/brb_media\/00409860_4-post-lift-sm55lt-sm65-br-126518-it-2019-04-screen-pdf-106x150.png","description":""},{"id":350022,"url":"https:\/\/dev.codekraft.it\/rotary-2024\/wp-content\/uploads\/brb_media\/00409861_4-post-lift-sm55lt-sm65-br-126519-es-2019-04-screen.pdf","title":"4 post lift sm55lt sm65 br 126519 es 2019 04 screen","thumbnail":"https:\/\/dev.codekraft.it\/rotary-2024\/wp-content\/uploads\/brb_media\/00409861_4-post-lift-sm55lt-sm65-br-126519-es-2019-04-screen-pdf-106x150.png","description":""},{"id":350023,"url":"https:\/\/dev.codekraft.it\/rotary-2024\/wp-content\/uploads\/brb_media\/00409862_4-post-lift-sm55lt-sm65-br-126520-ru-2019-04-screen.pdf","title":"4 post lift sm55lt sm65 br 126520 ru 2019 04 screen","thumbnail":"https:\/\/dev.codekraft.it\/rotary-2024\/wp-content\/uploads\/brb_media\/00409862_4-post-lift-sm55lt-sm65-br-126520-ru-2019-04-screen-pdf-106x150.png","description":""}],"brb_media_drawing":[{"id":350025,"url":"https:\/\/dev.codekraft.it\/rotary-2024\/wp-content\/uploads\/brb_media\/00407450_4-post-lift_da_sm55lt-51b-ak_8691.pdf","title":"4 post lift da sm55lt 51b ak 8691","thumbnail":"https:\/\/dev.codekraft.it\/rotary-2024\/wp-content\/uploads\/brb_media\/00407450_4-post-lift_da_sm55lt-51b-ak_8691-pdf-150x106.png","description":""},{"id":350026,"url":"https:\/\/dev.codekraft.it\/rotary-2024\/wp-content\/uploads\/brb_media\/00407451_4-post-lift_bfp_sm55lt-51b-ak_8637.pdf","title":"4 post lift bfp sm55lt 51b ak 8637","thumbnail":"https:\/\/dev.codekraft.it\/rotary-2024\/wp-content\/uploads\/brb_media\/00407451_4-post-lift_bfp_sm55lt-51b-ak_8637-pdf-150x105.png","description":""},{"id":350027,"url":"https:\/\/dev.codekraft.it\/rotary-2024\/wp-content\/uploads\/brb_media\/00407452_4-post-lift-kfp-sm55lt-51b-ak_8702.pdf","title":"4 post lift kfp sm55lt 51b ak 8702","thumbnail":"https:\/\/dev.codekraft.it\/rotary-2024\/wp-content\/uploads\/brb_media\/00407452_4-post-lift-kfp-sm55lt-51b-ak_8702-pdf-150x106.png","description":""},{"id":350028,"url":"https:\/\/dev.codekraft.it\/rotary-2024\/wp-content\/uploads\/brb_media\/00419316_4-post-lift_da_sm55lt-51b_9030.pdf","title":"4 post lift da sm55lt 51b 9030","thumbnail":"https:\/\/dev.codekraft.it\/rotary-2024\/wp-content\/uploads\/brb_media\/00419316_4-post-lift_da_sm55lt-51b_9030-pdf-150x105.png","description":""}],"brb_media_manuals":[{"id":350024,"url":"https:\/\/dev.codekraft.it\/rotary-2024\/wp-content\/uploads\/brb_media\/00505061_4-post-lift-sm65-sm55lt-om-dc-sp-de_2023_01_revf.pdf","title":"4 post lift SM65 SM55LT OM DC SP de 2023 01 RevF","thumbnail":"https:\/\/dev.codekraft.it\/rotary-2024\/wp-content\/uploads\/brb_media\/00505061_4-post-lift-sm65-sm55lt-om-dc-sp-de_2023_01_revf-pdf-106x150.png","description":""}],"brb_media_safety_datasheets":"","brb_media_spare_parts":[],"_cdmm_p_id":"252659","_company":"Elektron","_gtin":"4057612468182","accessories":[{"id":378460,"cdmm_p_id":"40728","name":"Traverse de levage pour SM40-SM65 | 2,6 t","description":"2,6 t","thumbnail":"https:\/\/dev.codekraft.it\/rotary-2024\/wp-content\/uploads\/brb_media\/00041709_jacking-beam-rj-x26-1-mi-150x150.png","url":"https:\/\/dev.codekraft.it\/rotary-2024\/fr\/produits\/accessoires-ponts-elevateurs-fr\/accessoires-ponts-elevateurs-a-4-colonnes-fr\/traverse-de-levage-pour-sm40-sm65-26-t\/"},{"id":378466,"cdmm_p_id":"59184","name":"Tampons en caoutchouc","description":"160 x 120 x 80 mm | 1 jeu \/ 4 pi\u00e8ces","thumbnail":"https:\/\/dev.codekraft.it\/rotary-2024\/wp-content\/uploads\/brb_media\/00287553-150x150.png","url":"https:\/\/dev.codekraft.it\/rotary-2024\/fr\/produits\/accessoires-ponts-elevateurs-fr\/accessoires-ponts-a-doubles-ciseaux-fr\/tampons-en-caoutchouc\/"},{"id":379038,"cdmm_p_id":"418445","name":"Kit d\u2019alignement des roues STD for SM55LT-51","description":"Standard | Hauteur 75 mm, compos\u00e9s de t\u00f4les de remplissage et de 4 plaques coulissantes, sans plateau tournant | pour pont \u00e9l\u00e9vateur \u00e0 4 colonnes SM55LT-51 | Gris (RAL 7040) | prolongateur de rampe EXRMP-SM40N recommand\u00e9","thumbnail":"","url":"https:\/\/dev.codekraft.it\/rotary-2024\/fr\/produits\/accessoires-ponts-elevateurs-fr\/accessoires-ponts-elevateurs-a-4-colonnes-fr\/kit-dalignement-des-roues-std-for-sm55lt-51\/"},{"id":379556,"cdmm_p_id":"471346","name":"Kit d\u2019alignement des roues P for SM55LT-51","description":"Premium | Hauteur 75 mm, compos\u00e9s de t\u00f4les de remplissage et de 4 plaques coulissantes, sans plateau tournant | pour pont \u00e9l\u00e9vateur \u00e0 4 colonnes SM55LT-51 | Gris (RAL 7015) | prolongateur de rampe EXRMP-SM40N recommand\u00e9","thumbnail":"","url":"https:\/\/dev.codekraft.it\/rotary-2024\/fr\/produits\/accessoires-ponts-elevateurs-fr\/accessoires-ponts-elevateurs-a-4-colonnes-fr\/kit-dalignement-des-roues-p-for-sm55lt-51\/"},{"id":381148,"cdmm_p_id":"497225","name":"Prolongateurs de fixation 130 mm, pour traverse de levage 2,6 t","description":"Adaptateur pour RJ-X26-2F\/3F (1 jeu \/ 2 pi\u00e8ces)","thumbnail":"https:\/\/dev.codekraft.it\/rotary-2024\/wp-content\/uploads\/brb_media\/00489186_fj6171-2kit-mi-150x150.jpg","url":"https:\/\/dev.codekraft.it\/rotary-2024\/fr\/produits\/accessoires-ponts-elevateurs-fr\/accessoires-ponts-elevateurs-a-4-colonnes-fr\/prolongateurs-de-fixation-130-mm-pour-traverse-de-levage-26-t\/"},{"id":378983,"cdmm_p_id":"421940","name":"Traverse de levage pour SM65 | 4,0 t","description":"4,0 t","thumbnail":"https:\/\/dev.codekraft.it\/rotary-2024\/wp-content\/uploads\/brb_media\/00309601_jacking-beam-rj-x40-1-mi-150x150.png","url":"https:\/\/dev.codekraft.it\/rotary-2024\/fr\/produits\/accessoires-ponts-elevateurs-fr\/accessoires-ponts-elevateurs-a-4-colonnes-fr\/traverse-de-levage-pour-sm65-40-t\/"},{"id":378959,"cdmm_p_id":"421936","name":"Kit de mise \u00e0 niveau Air supply","description":"Pour traverse de levage","thumbnail":"https:\/\/dev.codekraft.it\/rotary-2024\/wp-content\/uploads\/brb_media\/00312549_4-post-lift-air-supply-di-150x150.png","url":"https:\/\/dev.codekraft.it\/rotary-2024\/fr\/produits\/accessoires-ponts-elevateurs-fr\/accessoires-ponts-elevateurs-a-4-colonnes-fr\/kit-de-mise-a-niveau-air-supply\/"},{"id":378947,"cdmm_p_id":"421934","name":"Kit d&#039;\u00e9clairage LED 4 fois, 24 V, 4800 mm","description":"","thumbnail":"https:\/\/dev.codekraft.it\/rotary-2024\/wp-content\/uploads\/brb_media\/00287577_s-40-50-lighting-set-mi-150x150.png","url":"https:\/\/dev.codekraft.it\/rotary-2024\/fr\/produits\/accessoires-ponts-elevateurs-fr\/accessoires-ponts-elevateurs-a-4-colonnes-fr\/kit-declairage-led-4-fois-24-v-4800-mm\/"},{"id":378977,"cdmm_p_id":"421939","name":"Kit de rampes d&#039;acc\u00e8s","description":"Rampes suppl\u00e9mentaires, 900 mm","thumbnail":"https:\/\/dev.codekraft.it\/rotary-2024\/wp-content\/uploads\/brb_media\/00309599-150x150.png","url":"https:\/\/dev.codekraft.it\/rotary-2024\/fr\/produits\/accessoires-ponts-elevateurs-fr\/accessoires-ponts-elevateurs-a-4-colonnes-fr\/kit-de-rampes-dacces\/"},{"id":378965,"cdmm_p_id":"421937","name":"Kit d\u2018extension pour rampes","description":"","thumbnail":"https:\/\/dev.codekraft.it\/rotary-2024\/wp-content\/uploads\/brb_media\/00393015_4-post-lift-extension-kit-for-ramps-di-150x150.png","url":"https:\/\/dev.codekraft.it\/rotary-2024\/fr\/produits\/accessoires-ponts-elevateurs-fr\/accessoires-ponts-elevateurs-a-4-colonnes-fr\/kit-dextension-pour-rampes\/"},{"id":381136,"cdmm_p_id":"497223","name":"Kit d&#039;encastrement SM55LT\/65\/N\/B, avec but\u00e9e CE, avec kit de parall\u00e9lisme","description":"4 rampes courtes, pour SM55LT\/65\/N\/B","thumbnail":"https:\/\/dev.codekraft.it\/rotary-2024\/wp-content\/uploads\/brb_media\/00489184_dzrmp-sm6nc-mi-150x150.jpg","url":"https:\/\/dev.codekraft.it\/rotary-2024\/fr\/produits\/accessoires-ponts-elevateurs-fr\/accessoires-ponts-elevateurs-a-4-colonnes-fr\/kit-dencastrement-sm55lt-65-n-b-avec-butee-ce-avec-kit-de-parallelisme\/"},{"id":381160,"cdmm_p_id":"497227","name":"Inground kit SM55LT51B-AK-V.-7040, avec but\u00e9e CE, avec kit de parall\u00e9lisme","description":"4 rampes courtes, pour SM55LT","thumbnail":"https:\/\/dev.codekraft.it\/rotary-2024\/wp-content\/uploads\/brb_media\/00489188_dzrmp-sm8nc-7040-mi-150x150.jpg","url":"https:\/\/dev.codekraft.it\/rotary-2024\/fr\/produits\/accessoires-ponts-elevateurs-fr\/accessoires-ponts-elevateurs-a-4-colonnes-fr\/inground-kit-sm55lt51b-ak-v-7040-avec-butee-ce-avec-kit-de-parallelisme\/"},{"id":378917,"cdmm_p_id":"418362","name":"Tampons en caoutchouc","description":"160 x 120 x 40 mm | 1 jeu \/ 4 pi\u00e8ces","thumbnail":"https:\/\/dev.codekraft.it\/rotary-2024\/wp-content\/uploads\/brb_media\/00393013_4-post-lift-rubber-pads-40mm-150x150.png","url":"https:\/\/dev.codekraft.it\/rotary-2024\/fr\/produits\/accessoires-ponts-elevateurs-fr\/accessoires-ponts-elevateurs-basse-levee-fr\/tampons-en-caoutchouc-2\/"}],"components":[],"related":[],"similar":[{"id":378547,"cdmm_p_id":"252658","name":"Pont \u00e9l\u00e9vateur \u00e0 4 colonnes SM40LT-47","description":"4,0 t, \u00e9lectrohydraulique, avec traverse de levage, longueur de voie de 4700 mm, alignement facultatif des roues","thumbnail":"https:\/\/dev.codekraft.it\/rotary-2024\/wp-content\/uploads\/brb_media\/00130856_4-post-lift-sm-40-lt-mi-150x150.png","url":"https:\/\/dev.codekraft.it\/rotary-2024\/fr\/produits\/ponts-elevateurs-fr\/ponts-elevateurs-a-4-colonnes-fr\/pont-elevateur-a-4-colonnes-sm40lt-47\/"}],"page_logo_src":"https:\/\/dev.codekraft.it\/rotary-2024\/wp-content\/uploads\/2024\/05\/cropped-rotary-logo-2022.png","lang":"fr","translations":{"fr":378553,"en":378551,"de":378552,"it":378554,"es":378555,"ru":378556},"pll_sync_post":[],"_links":{"self":[{"href":"https:\/\/dev.codekraft.it\/rotary-2024\/wp-json\/wp\/v2\/product\/378553","targetHints":{"allow":["GET"]}}],"collection":[{"href":"https:\/\/dev.codekraft.it\/rotary-2024\/wp-json\/wp\/v2\/product"}],"about":[{"href":"https:\/\/dev.codekraft.it\/rotary-2024\/wp-json\/wp\/v2\/types\/product"}],"wp:featuredmedia":[{"embeddable":true,"href":"https:\/\/dev.codekraft.it\/rotary-2024\/wp-json\/wp\/v2\/media\/350017"}],"wp:attachment":[{"href":"https:\/\/dev.codekraft.it\/rotary-2024\/wp-json\/wp\/v2\/media?parent=378553"}],"wp:term":[{"taxonomy":"product_cat","embeddable":true,"href":"https:\/\/dev.codekraft.it\/rotary-2024\/wp-json\/wp\/v2\/product_cat?post=378553"},{"taxonomy":"product_tag","embeddable":true,"href":"https:\/\/dev.codekraft.it\/rotary-2024\/wp-json\/wp\/v2\/product_tag?post=378553"},{"taxonomy":"product_approvals","embeddable":true,"href":"https:\/\/dev.codekraft.it\/rotary-2024\/wp-json\/wp\/v2\/product_approvals?post=378553"},{"taxonomy":"product_application","embeddable":true,"href":"https:\/\/dev.codekraft.it\/rotary-2024\/wp-json\/wp\/v2\/product_application?post=378553"}],"curies":[{"name":"wp","href":"https:\/\/api.w.org\/{rel}","templated":true}]}}