{"id":378552,"date":"2025-12-11T10:04:35","date_gmt":"2025-12-11T10:04:35","guid":{"rendered":"https:\/\/dev.codekraft.it\/rotary-2024\/products\/uncategorized\/4-saulen-hebebuhne-sm55lt-51\/"},"modified":"2025-12-11T10:04:35","modified_gmt":"2025-12-11T10:04:35","slug":"4-saulen-hebebuhne-sm55lt-51","status":"publish","type":"product","link":"https:\/\/dev.codekraft.it\/rotary-2024\/produkte\/hebebuhnen-de\/4-saulen-hebebuhnen-de\/4-saulen-hebebuhne-sm55lt-51\/","title":{"rendered":"4-S\u00e4ulen-Hebeb\u00fchne SM55LT-51"},"content":{"rendered":"<p>Die elektro-hydraulischen 4-S\u00e4ulen Hebeb\u00fchnen der SM-Serie stehen in zahlreichen Varianten zur Verf\u00fcgung.<\/p>\n<p>SM55-LT51 5,5 t, mit verstellbarem Radfreiheber 5100 mm L\u00e4nge<\/p>\n<ul>\n<li>Breite, stabile Fahrbahnen<\/li>\n<li>Pr\u00e4zises Achsvermessungs-Kit optional verf\u00fcgbar<\/li>\n<li>Geeignet f\u00fcr alle Pkw und Tranporter mit langem Radstand<\/li>\n<\/ul>\n<ul>\n<li>Alle 4-S\u00e4ulen Hebeb\u00fchnen sind mit einer pneumatisch verriegelbaren Absetzvorrichtung ausger\u00fcstet.<\/li>\n<li>Breite Fahrbahnen erlauben das sichere und bequeme Auffahren von kleinen Pkw bis Vans oder SUV ohne die Spurweite der Fahrbahn ver\u00e4ndern zu m\u00fcssen.<\/li>\n<li>Das kaltgeformte Fahrfl\u00e4chenprofil bietet eine hohe Steifigkeit.<\/li>\n<li>Integrierte Laufschienen erlauben den Einsatz von Achsfreihebern<\/li>\n<li>Speziell f\u00fcr pr\u00e4zise Achsvermessungsarbeiten steht ein Achsvermessungs-Kit (AK) mit Verschiebeplatten zur Verf\u00fcgung.<\/li>\n<li>Integrierte Aussparungen in der Fahrfl\u00e4che erm\u00f6glichen die Aufnahme aller handels\u00fcblicher Drehteller. Wird kein Drehteller verwendet, lassen sich die Aussparungen mit serienm\u00e4\u00dfig mitgelieferten F\u00fcllst\u00fccken vollst\u00e4ndig verschlie\u00dfen.<\/li>\n<li>Einstellbare Klinkenleisten in den Hubs\u00e4ulen erm\u00f6glichen eine absolut waagerechte Ausrichtung der Hebeb\u00fchne &#8211; wichtig f\u00fcr pr\u00e4zises Arbeiten beim Einsatz als Achsvermessungs-Hebeb\u00fchne.<\/li>\n<li>Eine exakte Achsvermessung und ein hohes Ma\u00df an Arbeitsplatz-Sicherheit sind damit garantiert.<\/li>\n<li>Modelle mit Radfreiheber (LT) verf\u00fcgen \u00fcber einen stufenlosen Auszug zur Aufnahmeverl\u00e4ngerung des Radfreihebers.<\/li>\n<\/ul>\n<ul>\n<li>Die Funktionen Auf, Ab und Absenken auf die Absetzvorrichtung lassen sich komfortabel \u00fcber Bedientasten steuern.<\/li>\n<li>Vor \u00e4u\u00dferen Einfl\u00fcssen gesch\u00fctzt, ist der wartungsfreie Hub-Zylinder unter der Fahrfl\u00e4che positioniert.<\/li>\n<li>Das leise laufende leistungsf\u00e4hige Hydraulikaggregat sorgt f\u00fcr einen kr\u00e4ftigen Hub und kurze Hub und Senkzeiten.<\/li>\n<\/ul>\n","protected":false},"excerpt":{"rendered":"<p>5,5 t, elektrohydraulisch, mit Radfreiheber, Fahrbahnl\u00e4nge 5100 mm, Achsvermessung optional<\/p>\n","protected":false},"featured_media":350017,"template":"","meta":[],"product_cat":[1033478],"product_tag":[1034161,1034178,1034195],"product_approvals":[],"product_application":[],"class_list":{"0":"post-378552","1":"product","2":"type-product","3":"status-publish","4":"has-post-thumbnail","6":"product_cat-4-saulen-hebebuhnen-de","7":"product_tag-passenger-cars-de","8":"product_tag-light-commercial-de","9":"product_tag-motor-homes-de","11":"first","12":"instock","13":"shipping-taxable","14":"product-type-simple"},"approvals":[],"application":[],"brb_media_brochure":[{"id":350018,"url":"https:\/\/dev.codekraft.it\/rotary-2024\/wp-content\/uploads\/brb_media\/00409857_4-post-lift-sm55lt-sm65-br-126515-de-2019-04-screen.pdf","title":"4 post lift sm55lt sm65 br 126515 de 2019 04 screen","thumbnail":"https:\/\/dev.codekraft.it\/rotary-2024\/wp-content\/uploads\/brb_media\/00409857_4-post-lift-sm55lt-sm65-br-126515-de-2019-04-screen-pdf-106x150.png","description":""},{"id":350019,"url":"https:\/\/dev.codekraft.it\/rotary-2024\/wp-content\/uploads\/brb_media\/00409858_4-post-lift-sm55lt-sm65-br-126516-en-2019-04-screen.pdf","title":"4 post lift sm55lt sm65 br 126516 en 2019 04 screen","thumbnail":"https:\/\/dev.codekraft.it\/rotary-2024\/wp-content\/uploads\/brb_media\/00409858_4-post-lift-sm55lt-sm65-br-126516-en-2019-04-screen-pdf-106x150.png","description":""},{"id":350020,"url":"https:\/\/dev.codekraft.it\/rotary-2024\/wp-content\/uploads\/brb_media\/00409859_4-post-lift-sm55lt-sm65-br-126517-fr-2019-04-screen.pdf","title":"4 post lift sm55lt sm65 br 126517 fr 2019 04 screen","thumbnail":"https:\/\/dev.codekraft.it\/rotary-2024\/wp-content\/uploads\/brb_media\/00409859_4-post-lift-sm55lt-sm65-br-126517-fr-2019-04-screen-pdf-106x150.png","description":""},{"id":350021,"url":"https:\/\/dev.codekraft.it\/rotary-2024\/wp-content\/uploads\/brb_media\/00409860_4-post-lift-sm55lt-sm65-br-126518-it-2019-04-screen.pdf","title":"4 post lift sm55lt sm65 br 126518 it 2019 04 screen","thumbnail":"https:\/\/dev.codekraft.it\/rotary-2024\/wp-content\/uploads\/brb_media\/00409860_4-post-lift-sm55lt-sm65-br-126518-it-2019-04-screen-pdf-106x150.png","description":""},{"id":350022,"url":"https:\/\/dev.codekraft.it\/rotary-2024\/wp-content\/uploads\/brb_media\/00409861_4-post-lift-sm55lt-sm65-br-126519-es-2019-04-screen.pdf","title":"4 post lift sm55lt sm65 br 126519 es 2019 04 screen","thumbnail":"https:\/\/dev.codekraft.it\/rotary-2024\/wp-content\/uploads\/brb_media\/00409861_4-post-lift-sm55lt-sm65-br-126519-es-2019-04-screen-pdf-106x150.png","description":""},{"id":350023,"url":"https:\/\/dev.codekraft.it\/rotary-2024\/wp-content\/uploads\/brb_media\/00409862_4-post-lift-sm55lt-sm65-br-126520-ru-2019-04-screen.pdf","title":"4 post lift sm55lt sm65 br 126520 ru 2019 04 screen","thumbnail":"https:\/\/dev.codekraft.it\/rotary-2024\/wp-content\/uploads\/brb_media\/00409862_4-post-lift-sm55lt-sm65-br-126520-ru-2019-04-screen-pdf-106x150.png","description":""}],"brb_media_drawing":[{"id":350025,"url":"https:\/\/dev.codekraft.it\/rotary-2024\/wp-content\/uploads\/brb_media\/00407450_4-post-lift_da_sm55lt-51b-ak_8691.pdf","title":"4 post lift da sm55lt 51b ak 8691","thumbnail":"https:\/\/dev.codekraft.it\/rotary-2024\/wp-content\/uploads\/brb_media\/00407450_4-post-lift_da_sm55lt-51b-ak_8691-pdf-150x106.png","description":""},{"id":350026,"url":"https:\/\/dev.codekraft.it\/rotary-2024\/wp-content\/uploads\/brb_media\/00407451_4-post-lift_bfp_sm55lt-51b-ak_8637.pdf","title":"4 post lift bfp sm55lt 51b ak 8637","thumbnail":"https:\/\/dev.codekraft.it\/rotary-2024\/wp-content\/uploads\/brb_media\/00407451_4-post-lift_bfp_sm55lt-51b-ak_8637-pdf-150x105.png","description":""},{"id":350027,"url":"https:\/\/dev.codekraft.it\/rotary-2024\/wp-content\/uploads\/brb_media\/00407452_4-post-lift-kfp-sm55lt-51b-ak_8702.pdf","title":"4 post lift kfp sm55lt 51b ak 8702","thumbnail":"https:\/\/dev.codekraft.it\/rotary-2024\/wp-content\/uploads\/brb_media\/00407452_4-post-lift-kfp-sm55lt-51b-ak_8702-pdf-150x106.png","description":""},{"id":350028,"url":"https:\/\/dev.codekraft.it\/rotary-2024\/wp-content\/uploads\/brb_media\/00419316_4-post-lift_da_sm55lt-51b_9030.pdf","title":"4 post lift da sm55lt 51b 9030","thumbnail":"https:\/\/dev.codekraft.it\/rotary-2024\/wp-content\/uploads\/brb_media\/00419316_4-post-lift_da_sm55lt-51b_9030-pdf-150x105.png","description":""}],"brb_media_manuals":[{"id":350024,"url":"https:\/\/dev.codekraft.it\/rotary-2024\/wp-content\/uploads\/brb_media\/00505061_4-post-lift-sm65-sm55lt-om-dc-sp-de_2023_01_revf.pdf","title":"4 post lift SM65 SM55LT OM DC SP de 2023 01 RevF","thumbnail":"https:\/\/dev.codekraft.it\/rotary-2024\/wp-content\/uploads\/brb_media\/00505061_4-post-lift-sm65-sm55lt-om-dc-sp-de_2023_01_revf-pdf-106x150.png","description":""}],"brb_media_safety_datasheets":"","brb_media_spare_parts":[],"_cdmm_p_id":"252659","_company":"Elektron","_gtin":"4057612468182","accessories":[{"id":378459,"cdmm_p_id":"40728","name":"Achsfreiheber f\u00fcr SM40-SM65 | 2,6 t","description":"2,6 t","thumbnail":"https:\/\/dev.codekraft.it\/rotary-2024\/wp-content\/uploads\/brb_media\/00041709_jacking-beam-rj-x26-1-mi-150x150.png","url":"https:\/\/dev.codekraft.it\/rotary-2024\/produkte\/zubehor-hebebuhnen-de\/zubehor-4-saulen-hebebuhnen-de\/achsfreiheber-fur-sm40-sm65-26-t\/"},{"id":378465,"cdmm_p_id":"59184","name":"Gummikl\u00f6tze","description":"Hartgummi-Auflagen, 160 x 120 x 80 mm | 1 Satz \/ 4 St\u00fcck","thumbnail":"https:\/\/dev.codekraft.it\/rotary-2024\/wp-content\/uploads\/brb_media\/00287553-150x150.png","url":"https:\/\/dev.codekraft.it\/rotary-2024\/produkte\/zubehor-hebebuhnen-de\/zubehor-doppelscheren-hebebuhnen-de\/gummiklotze\/"},{"id":379037,"cdmm_p_id":"418445","name":"Achsvermessungskit STD for SM55LT-51","description":"Standard | H\u00f6he 75 mm, bestehend aus F\u00fcllblechen und 4 Verschiebeplatten, ohne Drehteller | f\u00fcr 4-S\u00e4ulen-Hebeb\u00fchne SM55LT-51 | Grau (RAL 7040) | Rampenverl\u00e4ngerung EXRMP-SM40N empfohlen","thumbnail":"","url":"https:\/\/dev.codekraft.it\/rotary-2024\/produkte\/zubehor-hebebuhnen-de\/zubehor-4-saulen-hebebuhnen-de\/achsvermessungskit-std-for-sm55lt-51\/"},{"id":379555,"cdmm_p_id":"471346","name":"Achsvermessungskit P for SM55LT-51","description":"Premium | H\u00f6he 75 mm, bestehend aus F\u00fcllblechen und 4 Verschiebeplatten, ohne Drehteller | f\u00fcr 4-S\u00e4ulen-Hebeb\u00fchne SM55LT-51 | Grau (RAL 7015) | Rampenverl\u00e4ngerung EXRMP-SM40N empfohlen","thumbnail":"","url":"https:\/\/dev.codekraft.it\/rotary-2024\/produkte\/zubehor-hebebuhnen-de\/zubehor-4-saulen-hebebuhnen-de\/achsvermessungskit-p-for-sm55lt-51\/"},{"id":381147,"cdmm_p_id":"497225","name":"Aufnahme-Verl\u00e4ngerungen 130 mm, f\u00fcr Achsheber 2,6 t","description":"Adapter f\u00fcr RJ-X26-2F\/3F (1 Satz \/ 2 St\u00fcck)","thumbnail":"https:\/\/dev.codekraft.it\/rotary-2024\/wp-content\/uploads\/brb_media\/00489186_fj6171-2kit-mi-150x150.jpg","url":"https:\/\/dev.codekraft.it\/rotary-2024\/produkte\/zubehor-hebebuhnen-de\/zubehor-4-saulen-hebebuhnen-de\/aufnahme-verlangerungen-130-mm-fur-achsheber-26-t\/"},{"id":378982,"cdmm_p_id":"421940","name":"Achsfreiheber f\u00fcr SM65 | 4,0 t","description":"4,0 t","thumbnail":"https:\/\/dev.codekraft.it\/rotary-2024\/wp-content\/uploads\/brb_media\/00309601_jacking-beam-rj-x40-1-mi-150x150.png","url":"https:\/\/dev.codekraft.it\/rotary-2024\/produkte\/zubehor-hebebuhnen-de\/zubehor-4-saulen-hebebuhnen-de\/achsfreiheber-fur-sm65-40-t\/"},{"id":378958,"cdmm_p_id":"421936","name":"Nachr\u00fcstsatz Luftversorgungskit","description":"F\u00fcr Achsfreiheber","thumbnail":"https:\/\/dev.codekraft.it\/rotary-2024\/wp-content\/uploads\/brb_media\/00312549_4-post-lift-air-supply-di-150x150.png","url":"https:\/\/dev.codekraft.it\/rotary-2024\/produkte\/zubehor-hebebuhnen-de\/zubehor-4-saulen-hebebuhnen-de\/nachrustsatz-luftversorgungskit\/"},{"id":378946,"cdmm_p_id":"421934","name":"LED-Beleuchtungs-Kit 4-fach, 24 V, 4800 mm","description":"","thumbnail":"https:\/\/dev.codekraft.it\/rotary-2024\/wp-content\/uploads\/brb_media\/00287577_s-40-50-lighting-set-mi-150x150.png","url":"https:\/\/dev.codekraft.it\/rotary-2024\/produkte\/zubehor-hebebuhnen-de\/zubehor-4-saulen-hebebuhnen-de\/led-beleuchtungs-kit-4-fach-24-v-4800-mm\/"},{"id":378976,"cdmm_p_id":"421939","name":"Auffahrrampen-Kit","description":"Zusatzauffahrtsrampen, 900 mm","thumbnail":"https:\/\/dev.codekraft.it\/rotary-2024\/wp-content\/uploads\/brb_media\/00309599-150x150.png","url":"https:\/\/dev.codekraft.it\/rotary-2024\/produkte\/zubehor-hebebuhnen-de\/zubehor-4-saulen-hebebuhnen-de\/auffahrrampen-kit\/"},{"id":378964,"cdmm_p_id":"421937","name":"Verl\u00e4ngerungskit f\u00fcr Auffahrrampe","description":"","thumbnail":"https:\/\/dev.codekraft.it\/rotary-2024\/wp-content\/uploads\/brb_media\/00393015_4-post-lift-extension-kit-for-ramps-di-150x150.png","url":"https:\/\/dev.codekraft.it\/rotary-2024\/produkte\/zubehor-hebebuhnen-de\/zubehor-4-saulen-hebebuhnen-de\/verlangerungskit-fur-auffahrrampe\/"},{"id":381135,"cdmm_p_id":"497223","name":"Unterflureinbausatz SM55LT\/65\/N\/B, mit CE-Stopp, mit Achsvermessungskit","description":"4 kurze Rampen, f\u00fcr SM55LT\/65\/N\/B","thumbnail":"https:\/\/dev.codekraft.it\/rotary-2024\/wp-content\/uploads\/brb_media\/00489184_dzrmp-sm6nc-mi-150x150.jpg","url":"https:\/\/dev.codekraft.it\/rotary-2024\/produkte\/zubehor-hebebuhnen-de\/zubehor-4-saulen-hebebuhnen-de\/unterflureinbausatz-sm55lt-65-n-b-mit-ce-stopp-mit-achsvermessungskit\/"},{"id":381159,"cdmm_p_id":"497227","name":"Unterflureinbausatz SM55LT51B-AK-V.-7040, mit CE-Stop, mit Achsvermessungskit","description":"4 kurzen Rampen, f\u00fcr SM55LT","thumbnail":"https:\/\/dev.codekraft.it\/rotary-2024\/wp-content\/uploads\/brb_media\/00489188_dzrmp-sm8nc-7040-mi-150x150.jpg","url":"https:\/\/dev.codekraft.it\/rotary-2024\/produkte\/zubehor-hebebuhnen-de\/zubehor-4-saulen-hebebuhnen-de\/unterflureinbausatz-sm55lt51b-ak-v-7040-mit-ce-stop-mit-achsvermessungskit\/"},{"id":378916,"cdmm_p_id":"418362","name":"Gummikl\u00f6tze","description":"Hartgummi-Auflagen, 160 x 120 x 40 mm | 1 Satz \/ 4 St\u00fcck","thumbnail":"https:\/\/dev.codekraft.it\/rotary-2024\/wp-content\/uploads\/brb_media\/00393013_4-post-lift-rubber-pads-40mm-150x150.png","url":"https:\/\/dev.codekraft.it\/rotary-2024\/produkte\/zubehor-hebebuhnen-de\/zubehor-kurzhub-hebebuhnen-de\/gummiklotze-2\/"}],"components":[],"related":[],"similar":[{"id":378546,"cdmm_p_id":"252658","name":"4-S\u00e4ulen-Hebeb\u00fchne SM40LT-47","description":"4,0 t, elektrohydraulisch, mit Radfreiheber, Fahrbahnl\u00e4nge 4700 mm, Achsvermessung optional","thumbnail":"https:\/\/dev.codekraft.it\/rotary-2024\/wp-content\/uploads\/brb_media\/00130856_4-post-lift-sm-40-lt-mi-150x150.png","url":"https:\/\/dev.codekraft.it\/rotary-2024\/produkte\/hebebuhnen-de\/4-saulen-hebebuhnen-de\/4-saulen-hebebuhne-sm40lt-47\/"}],"page_logo_src":"https:\/\/dev.codekraft.it\/rotary-2024\/wp-content\/uploads\/2024\/05\/cropped-rotary-logo-2022.png","lang":"de","translations":{"de":378552,"en":378551,"fr":378553,"it":378554,"es":378555,"ru":378556},"pll_sync_post":[],"_links":{"self":[{"href":"https:\/\/dev.codekraft.it\/rotary-2024\/wp-json\/wp\/v2\/product\/378552","targetHints":{"allow":["GET"]}}],"collection":[{"href":"https:\/\/dev.codekraft.it\/rotary-2024\/wp-json\/wp\/v2\/product"}],"about":[{"href":"https:\/\/dev.codekraft.it\/rotary-2024\/wp-json\/wp\/v2\/types\/product"}],"wp:featuredmedia":[{"embeddable":true,"href":"https:\/\/dev.codekraft.it\/rotary-2024\/wp-json\/wp\/v2\/media\/350017"}],"wp:attachment":[{"href":"https:\/\/dev.codekraft.it\/rotary-2024\/wp-json\/wp\/v2\/media?parent=378552"}],"wp:term":[{"taxonomy":"product_cat","embeddable":true,"href":"https:\/\/dev.codekraft.it\/rotary-2024\/wp-json\/wp\/v2\/product_cat?post=378552"},{"taxonomy":"product_tag","embeddable":true,"href":"https:\/\/dev.codekraft.it\/rotary-2024\/wp-json\/wp\/v2\/product_tag?post=378552"},{"taxonomy":"product_approvals","embeddable":true,"href":"https:\/\/dev.codekraft.it\/rotary-2024\/wp-json\/wp\/v2\/product_approvals?post=378552"},{"taxonomy":"product_application","embeddable":true,"href":"https:\/\/dev.codekraft.it\/rotary-2024\/wp-json\/wp\/v2\/product_application?post=378552"}],"curies":[{"name":"wp","href":"https:\/\/api.w.org\/{rel}","templated":true}]}}