{"id":378546,"date":"2025-12-11T10:04:35","date_gmt":"2025-12-11T10:04:35","guid":{"rendered":"https:\/\/dev.codekraft.it\/rotary-2024\/products\/uncategorized\/4-saulen-hebebuhne-sm40lt-47\/"},"modified":"2025-12-11T10:04:35","modified_gmt":"2025-12-11T10:04:35","slug":"4-saulen-hebebuhne-sm40lt-47","status":"publish","type":"product","link":"https:\/\/dev.codekraft.it\/rotary-2024\/produkte\/hebebuhnen-de\/4-saulen-hebebuhnen-de\/4-saulen-hebebuhne-sm40lt-47\/","title":{"rendered":"4-S\u00e4ulen-Hebeb\u00fchne SM40LT-47"},"content":{"rendered":"<p>Die elektro-hydraulischen 4-S\u00e4ulen Hebeb\u00fchnen der SM-Serie stehen in zahlreichen Varianten zur Verf\u00fcgung.<\/p>\n<ul>\n<li>SM40-LT47, mit verstellbarem Radfreiheber<\/li>\n<\/ul>\n<ul>\n<li>Breite, stabile Fahrbahnen<\/li>\n<li>Pr\u00e4zises Achsvermessungs-Kit optional verf\u00fcgbar<\/li>\n<li>Geeignet f\u00fcr alle Pkw und Vans mit langem Radstand<\/li>\n<\/ul>\n<ul>\n<li>Alle 4-S\u00e4ulen Hebeb\u00fchnen sind mit einer pneumatisch verriegelbaren Absetzvorrichtung ausger\u00fcstet.<\/li>\n<li>Breite Fahrbahnen erlauben das sichere und bequeme Auffahren von kleinen Pkw bis Vans oder SUV ohne die Spurweite der Fahrbahn ver\u00e4ndern zu m\u00fcssen.<\/li>\n<li>Das kaltgeformte Fahrfl\u00e4chenprofil bietet eine hohe Steifigkeit.<\/li>\n<li>Integrierte Laufschienen erlauben den Einsatz von Achsfreihebern<\/li>\n<li>Speziell f\u00fcr pr\u00e4zise Achsvermessungsarbeiten steht ein Achsvermessungs-Kit (AK) mit Verschiebeplatten zur Verf\u00fcgung.<\/li>\n<li>Integrierte Aussparungen in der Fahrfl\u00e4che erm\u00f6glichen die Aufnahme aller handels\u00fcblicher Drehteller. Wird kein Drehteller verwendet, lassen sich die Aussparungen mit serienm\u00e4\u00dfig mitgelieferten F\u00fcllst\u00fccken vollst\u00e4ndig verschlie\u00dfen.<\/li>\n<li>Einstellbare Klinkenleisten in den Hubs\u00e4ulen erm\u00f6glichen eine absolut waagerechte Ausrichtung der Hebeb\u00fchne &#8211; wichtig f\u00fcr pr\u00e4zises Arbeiten beim Einsatz als Achsvermessungs-Hebeb\u00fchne. Eine exakte Achsvermessung und ein hohes Ma\u00df an Arbeitsplatz-Sicherheit sind damit garantiert.<\/li>\n<li>Modelle mit Radfreiheber (LT) verf\u00fcgen \u00fcber einen stufenlosen Auszug zur Aufnahmeverl\u00e4ngerung des Radfreihebers.<\/li>\n<\/ul>\n<ul>\n<li>Die Funktionen Auf, Ab und Absenken auf die Absetzvorrichtung lassen sich komfortabel \u00fcber Bedientasten steuern.<\/li>\n<li>Vor \u00e4u\u00dferen Einfl\u00fcssen gesch\u00fctzt, ist der wartungsfreie Hub-Zylinder unter der Fahrfl\u00e4che positioniert.<\/li>\n<li>Das leise laufende leistungsf\u00e4hige Hydraulikaggregat sorgt f\u00fcr einen kr\u00e4ftigen Hub und kurze Hub und Senkzeiten.<\/li>\n<\/ul>\n","protected":false},"excerpt":{"rendered":"<p>4,0 t, elektrohydraulisch, mit Radfreiheber, Fahrbahnl\u00e4nge 4700 mm, Achsvermessung optional<\/p>\n","protected":false},"featured_media":349994,"template":"","meta":[],"product_cat":[1033478],"product_tag":[1034161],"product_approvals":[],"product_application":[],"class_list":{"0":"post-378546","1":"product","2":"type-product","3":"status-publish","4":"has-post-thumbnail","6":"product_cat-4-saulen-hebebuhnen-de","7":"product_tag-passenger-cars-de","9":"first","10":"instock","11":"shipping-taxable","12":"product-type-simple"},"approvals":[],"application":[],"brb_media_brochure":[{"id":349995,"url":"https:\/\/dev.codekraft.it\/rotary-2024\/wp-content\/uploads\/brb_media\/00409845_4-post-lift-sm40-sm40lt-br-126509-de-2019-04-screen.pdf","title":"4 post lift sm40 sm40lt br 126509 de 2019 04 screen","thumbnail":"https:\/\/dev.codekraft.it\/rotary-2024\/wp-content\/uploads\/brb_media\/00409845_4-post-lift-sm40-sm40lt-br-126509-de-2019-04-screen-pdf-106x150.png","description":""},{"id":349996,"url":"https:\/\/dev.codekraft.it\/rotary-2024\/wp-content\/uploads\/brb_media\/00409846_4-post-lift-sm40-sm40lt-br-126510-en-2019-04-screen.pdf","title":"4 post lift sm40 sm40lt br 126510 en 2019 04 screen","thumbnail":"https:\/\/dev.codekraft.it\/rotary-2024\/wp-content\/uploads\/brb_media\/00409846_4-post-lift-sm40-sm40lt-br-126510-en-2019-04-screen-pdf-106x150.png","description":""},{"id":349997,"url":"https:\/\/dev.codekraft.it\/rotary-2024\/wp-content\/uploads\/brb_media\/00409847_4-post-lift-sm40-sm40lt-br-126511-fr-2019-04-screen.pdf","title":"4 post lift sm40 sm40lt br 126511 fr 2019 04 screen","thumbnail":"https:\/\/dev.codekraft.it\/rotary-2024\/wp-content\/uploads\/brb_media\/00409847_4-post-lift-sm40-sm40lt-br-126511-fr-2019-04-screen-pdf-106x150.png","description":""},{"id":349998,"url":"https:\/\/dev.codekraft.it\/rotary-2024\/wp-content\/uploads\/brb_media\/00409848_4-post-lift-sm40-sm40lt-br-126512-it-2019-04-screen.pdf","title":"4 post lift sm40 sm40lt br 126512 it 2019 04 screen","thumbnail":"https:\/\/dev.codekraft.it\/rotary-2024\/wp-content\/uploads\/brb_media\/00409848_4-post-lift-sm40-sm40lt-br-126512-it-2019-04-screen-pdf-106x150.png","description":""},{"id":349999,"url":"https:\/\/dev.codekraft.it\/rotary-2024\/wp-content\/uploads\/brb_media\/00409849_4-post-lift-sm40-sm40lt-br-126513-es-2019-04-screen.pdf","title":"4 post lift sm40 sm40lt br 126513 es 2019 04 screen","thumbnail":"https:\/\/dev.codekraft.it\/rotary-2024\/wp-content\/uploads\/brb_media\/00409849_4-post-lift-sm40-sm40lt-br-126513-es-2019-04-screen-pdf-106x150.png","description":""},{"id":350000,"url":"https:\/\/dev.codekraft.it\/rotary-2024\/wp-content\/uploads\/brb_media\/00409850_4-post-lift-sm40-sm40lt-br-126514-ru-2019-04-screen.pdf","title":"4 post lift sm40 sm40lt br 126514 ru 2019 04 screen","thumbnail":"https:\/\/dev.codekraft.it\/rotary-2024\/wp-content\/uploads\/brb_media\/00409850_4-post-lift-sm40-sm40lt-br-126514-ru-2019-04-screen-pdf-106x150.png","description":""}],"brb_media_drawing":[{"id":378545,"url":"https:\/\/dev.codekraft.it\/rotary-2024\/wp-content\/uploads\/brb_media\/00539873_4-post-lift-sm40lt-47-td-8655-en-2017-03.pdf","title":"4 Post Lift SM40LT 47 TD 8655 en 2017 03","thumbnail":"https:\/\/dev.codekraft.it\/rotary-2024\/wp-content\/uploads\/brb_media\/00539873_4-post-lift-sm40lt-47-td-8655-en-2017-03-pdf-150x105.png","description":""}],"brb_media_manuals":[{"id":375263,"url":"https:\/\/dev.codekraft.it\/rotary-2024\/wp-content\/uploads\/brb_media\/00535453_4-post-lift-sm-40-40lt-55-60-om-om20121-de-2024-08-rev-e.pdf","title":"4 post lift sm 40 40lt 55 60 om om20121 de 2024 08 rev e","thumbnail":"https:\/\/dev.codekraft.it\/rotary-2024\/wp-content\/uploads\/brb_media\/00535453_4-post-lift-sm-40-40lt-55-60-om-om20121-de-2024-08-rev-e-pdf-106x150.png","description":""},{"id":350002,"url":"https:\/\/dev.codekraft.it\/rotary-2024\/wp-content\/uploads\/brb_media\/00228028_4-post-lift-sm-40-40lt-55-60-om-om20121-en-2013-03.pdf","title":"4 post lift sm 40 40lt 55 60 om om20121 en 2013 03","thumbnail":"https:\/\/dev.codekraft.it\/rotary-2024\/wp-content\/uploads\/brb_media\/00228028_4-post-lift-sm-40-40lt-55-60-om-om20121-en-2013-03-pdf-106x150.png","description":""},{"id":350003,"url":"https:\/\/dev.codekraft.it\/rotary-2024\/wp-content\/uploads\/brb_media\/00228029_4-post-lift-sm-40-40lt-55-60-om-om20121-fr-2013-03.pdf","title":"4 post lift sm 40 40lt 55 60 om om20121 fr 2013 03","thumbnail":"https:\/\/dev.codekraft.it\/rotary-2024\/wp-content\/uploads\/brb_media\/00228029_4-post-lift-sm-40-40lt-55-60-om-om20121-fr-2013-03-pdf-106x150.png","description":""},{"id":350004,"url":"https:\/\/dev.codekraft.it\/rotary-2024\/wp-content\/uploads\/brb_media\/00228030_4-post-lift-sm-40-40lt-55-60-om-om20121-it-2013-03.pdf","title":"4 post lift sm 40 40lt 55 60 om om20121 it 2013 03","thumbnail":"https:\/\/dev.codekraft.it\/rotary-2024\/wp-content\/uploads\/brb_media\/00228030_4-post-lift-sm-40-40lt-55-60-om-om20121-it-2013-03-pdf-106x150.png","description":""},{"id":350005,"url":"https:\/\/dev.codekraft.it\/rotary-2024\/wp-content\/uploads\/brb_media\/00228031_4-post-lift-sm-40-40lt-55-60-om-om20121-es-2013-03.pdf","title":"4 post lift sm 40 40lt 55 60 om om20121 es 2013 03","thumbnail":"https:\/\/dev.codekraft.it\/rotary-2024\/wp-content\/uploads\/brb_media\/00228031_4-post-lift-sm-40-40lt-55-60-om-om20121-es-2013-03-pdf-106x150.png","description":""},{"id":350006,"url":"https:\/\/dev.codekraft.it\/rotary-2024\/wp-content\/uploads\/brb_media\/00228032_4-post-lift-sm-40-40lt-55-60-om-om20121-ru-2013-03.pdf","title":"4 post lift sm 40 40lt 55 60 om om20121 ru 2013 03","thumbnail":"https:\/\/dev.codekraft.it\/rotary-2024\/wp-content\/uploads\/brb_media\/00228032_4-post-lift-sm-40-40lt-55-60-om-om20121-ru-2013-03-pdf-106x150.png","description":""}],"brb_media_safety_datasheets":"","brb_media_spare_parts":[],"_cdmm_p_id":"252658","_company":"Elektron","_gtin":"4057612465433","accessories":[{"id":378459,"cdmm_p_id":"40728","name":"Achsfreiheber f\u00fcr SM40-SM65 | 2,6 t","description":"2,6 t","thumbnail":"https:\/\/dev.codekraft.it\/rotary-2024\/wp-content\/uploads\/brb_media\/00041709_jacking-beam-rj-x26-1-mi-150x150.png","url":"https:\/\/dev.codekraft.it\/rotary-2024\/produkte\/zubehor-hebebuhnen-de\/zubehor-4-saulen-hebebuhnen-de\/achsfreiheber-fur-sm40-sm65-26-t\/"},{"id":378465,"cdmm_p_id":"59184","name":"Gummikl\u00f6tze","description":"Hartgummi-Auflagen, 160 x 120 x 80 mm | 1 Satz \/ 4 St\u00fcck","thumbnail":"https:\/\/dev.codekraft.it\/rotary-2024\/wp-content\/uploads\/brb_media\/00287553-150x150.png","url":"https:\/\/dev.codekraft.it\/rotary-2024\/produkte\/zubehor-hebebuhnen-de\/zubehor-doppelscheren-hebebuhnen-de\/gummiklotze\/"},{"id":379049,"cdmm_p_id":"440105","name":"Achsvermessungskit STD for SM40LT-47","description":"Standard | N-Type, H\u00f6he 50 mm, bestehend aus F\u00fcllblechen und 2 Verschiebeplatten, ohne Drehteller | f\u00fcr 4-S\u00e4ulen-Hebeb\u00fchne SM40LT-47 | Grau (RAL 7040)","thumbnail":"https:\/\/dev.codekraft.it\/rotary-2024\/wp-content\/uploads\/brb_media\/00309598_sm-65-alignment-kit-mi-150x150.png","url":"https:\/\/dev.codekraft.it\/rotary-2024\/produkte\/zubehor-hebebuhnen-de\/zubehor-scheren-hebebuhnen-de\/achsvermessungskit-std-for-sm40lt-47\/"},{"id":381141,"cdmm_p_id":"497224","name":"Achsvermessungskit P for SM40LT-47","description":"Premium | N-Type, H\u00f6he 50 mm, bestehend aus F\u00fcllblechen und 2 Verschiebeplatten, ohne Drehteller | f\u00fcr 4-S\u00e4ulen-Hebeb\u00fchne SM40LT-47 | Grau (RAL 7015) | Rampenverl\u00e4ngerung EXRMP-SM40N empfohlen","thumbnail":"https:\/\/dev.codekraft.it\/rotary-2024\/wp-content\/uploads\/brb_media\/00489185_ak-p-sm40lt47n7015-mi-150x150.jpg","url":"https:\/\/dev.codekraft.it\/rotary-2024\/produkte\/zubehor-hebebuhnen-de\/zubehor-4-saulen-hebebuhnen-de\/achsvermessungskit-p-for-sm40lt-47\/"},{"id":381147,"cdmm_p_id":"497225","name":"Aufnahme-Verl\u00e4ngerungen 130 mm, f\u00fcr Achsheber 2,6 t","description":"Adapter f\u00fcr RJ-X26-2F\/3F (1 Satz \/ 2 St\u00fcck)","thumbnail":"https:\/\/dev.codekraft.it\/rotary-2024\/wp-content\/uploads\/brb_media\/00489186_fj6171-2kit-mi-150x150.jpg","url":"https:\/\/dev.codekraft.it\/rotary-2024\/produkte\/zubehor-hebebuhnen-de\/zubehor-4-saulen-hebebuhnen-de\/aufnahme-verlangerungen-130-mm-fur-achsheber-26-t\/"},{"id":378982,"cdmm_p_id":"421940","name":"Achsfreiheber f\u00fcr SM65 | 4,0 t","description":"4,0 t","thumbnail":"https:\/\/dev.codekraft.it\/rotary-2024\/wp-content\/uploads\/brb_media\/00309601_jacking-beam-rj-x40-1-mi-150x150.png","url":"https:\/\/dev.codekraft.it\/rotary-2024\/produkte\/zubehor-hebebuhnen-de\/zubehor-4-saulen-hebebuhnen-de\/achsfreiheber-fur-sm65-40-t\/"},{"id":378958,"cdmm_p_id":"421936","name":"Nachr\u00fcstsatz Luftversorgungskit","description":"F\u00fcr Achsfreiheber","thumbnail":"https:\/\/dev.codekraft.it\/rotary-2024\/wp-content\/uploads\/brb_media\/00312549_4-post-lift-air-supply-di-150x150.png","url":"https:\/\/dev.codekraft.it\/rotary-2024\/produkte\/zubehor-hebebuhnen-de\/zubehor-4-saulen-hebebuhnen-de\/nachrustsatz-luftversorgungskit\/"},{"id":378940,"cdmm_p_id":"421933","name":"LED-Beleuchtungs-Kit 4-fach, 24 V, 4300 mm","description":"","thumbnail":"https:\/\/dev.codekraft.it\/rotary-2024\/wp-content\/uploads\/brb_media\/00309594_s40_50_detail-beleuchtungskit_web-150x150.png","url":"https:\/\/dev.codekraft.it\/rotary-2024\/produkte\/zubehor-hebebuhnen-de\/zubehor-4-saulen-hebebuhnen-de\/led-beleuchtungs-kit-4-fach-24-v-4300-mm\/"},{"id":378976,"cdmm_p_id":"421939","name":"Auffahrrampen-Kit","description":"Zusatzauffahrtsrampen, 900 mm","thumbnail":"https:\/\/dev.codekraft.it\/rotary-2024\/wp-content\/uploads\/brb_media\/00309599-150x150.png","url":"https:\/\/dev.codekraft.it\/rotary-2024\/produkte\/zubehor-hebebuhnen-de\/zubehor-4-saulen-hebebuhnen-de\/auffahrrampen-kit\/"},{"id":378964,"cdmm_p_id":"421937","name":"Verl\u00e4ngerungskit f\u00fcr Auffahrrampe","description":"","thumbnail":"https:\/\/dev.codekraft.it\/rotary-2024\/wp-content\/uploads\/brb_media\/00393015_4-post-lift-extension-kit-for-ramps-di-150x150.png","url":"https:\/\/dev.codekraft.it\/rotary-2024\/produkte\/zubehor-hebebuhnen-de\/zubehor-4-saulen-hebebuhnen-de\/verlangerungskit-fur-auffahrrampe\/"},{"id":381123,"cdmm_p_id":"497221","name":"Unterflureinbausatz SMxxN\/B, mit CE-Stopp, ohne Achsvermessungskit","description":"4 kurze Rampen, f\u00fcr SM40-SM65","thumbnail":"https:\/\/dev.codekraft.it\/rotary-2024\/wp-content\/uploads\/brb_media\/00489182_dzrmp-sm1nc-mi-150x150.jpg","url":"https:\/\/dev.codekraft.it\/rotary-2024\/produkte\/zubehor-hebebuhnen-de\/zubehor-4-saulen-hebebuhnen-de\/unterflureinbausatz-smxxn-b-mit-ce-stopp-ohne-achsvermessungskit\/"},{"id":381153,"cdmm_p_id":"497226","name":"Unterflureinbausatz SM40LT\/N, mit CE-Stopp, mit Achsvermessungskit","description":"4 kurze Rampen, f\u00fcr SM40LT","thumbnail":"https:\/\/dev.codekraft.it\/rotary-2024\/wp-content\/uploads\/brb_media\/00489187_dzrmp-sm7nc-mi-150x150.jpg","url":"https:\/\/dev.codekraft.it\/rotary-2024\/produkte\/zubehor-hebebuhnen-de\/zubehor-4-saulen-hebebuhnen-de\/unterflureinbausatz-sm40lt-n-mit-ce-stopp-mit-achsvermessungskit\/"},{"id":378916,"cdmm_p_id":"418362","name":"Gummikl\u00f6tze","description":"Hartgummi-Auflagen, 160 x 120 x 40 mm | 1 Satz \/ 4 St\u00fcck","thumbnail":"https:\/\/dev.codekraft.it\/rotary-2024\/wp-content\/uploads\/brb_media\/00393013_4-post-lift-rubber-pads-40mm-150x150.png","url":"https:\/\/dev.codekraft.it\/rotary-2024\/produkte\/zubehor-hebebuhnen-de\/zubehor-kurzhub-hebebuhnen-de\/gummiklotze-2\/"}],"components":[],"related":[],"similar":[{"id":378552,"cdmm_p_id":"252659","name":"4-S\u00e4ulen-Hebeb\u00fchne SM55LT-51","description":"5,5 t, elektrohydraulisch, mit Radfreiheber, Fahrbahnl\u00e4nge 5100 mm, Achsvermessung optional","thumbnail":"https:\/\/dev.codekraft.it\/rotary-2024\/wp-content\/uploads\/brb_media\/00349257_4-post-lift-sm-55-lt-mi-150x150.png","url":"https:\/\/dev.codekraft.it\/rotary-2024\/produkte\/hebebuhnen-de\/4-saulen-hebebuhnen-de\/4-saulen-hebebuhne-sm55lt-51\/"}],"page_logo_src":"https:\/\/dev.codekraft.it\/rotary-2024\/wp-content\/uploads\/2024\/05\/cropped-rotary-logo-2022.png","lang":"de","translations":{"de":378546,"en":378544,"fr":378547,"it":378548,"es":378549,"ru":378550},"pll_sync_post":[],"_links":{"self":[{"href":"https:\/\/dev.codekraft.it\/rotary-2024\/wp-json\/wp\/v2\/product\/378546","targetHints":{"allow":["GET"]}}],"collection":[{"href":"https:\/\/dev.codekraft.it\/rotary-2024\/wp-json\/wp\/v2\/product"}],"about":[{"href":"https:\/\/dev.codekraft.it\/rotary-2024\/wp-json\/wp\/v2\/types\/product"}],"wp:featuredmedia":[{"embeddable":true,"href":"https:\/\/dev.codekraft.it\/rotary-2024\/wp-json\/wp\/v2\/media\/349994"}],"wp:attachment":[{"href":"https:\/\/dev.codekraft.it\/rotary-2024\/wp-json\/wp\/v2\/media?parent=378546"}],"wp:term":[{"taxonomy":"product_cat","embeddable":true,"href":"https:\/\/dev.codekraft.it\/rotary-2024\/wp-json\/wp\/v2\/product_cat?post=378546"},{"taxonomy":"product_tag","embeddable":true,"href":"https:\/\/dev.codekraft.it\/rotary-2024\/wp-json\/wp\/v2\/product_tag?post=378546"},{"taxonomy":"product_approvals","embeddable":true,"href":"https:\/\/dev.codekraft.it\/rotary-2024\/wp-json\/wp\/v2\/product_approvals?post=378546"},{"taxonomy":"product_application","embeddable":true,"href":"https:\/\/dev.codekraft.it\/rotary-2024\/wp-json\/wp\/v2\/product_application?post=378546"}],"curies":[{"name":"wp","href":"https:\/\/api.w.org\/{rel}","templated":true}]}}