{"id":378529,"date":"2025-12-11T10:11:05","date_gmt":"2025-12-11T10:11:05","guid":{"rendered":"https:\/\/dev.codekraft.it\/rotary-2024\/products\/uncategorized\/ponte-sollevatore-a-2-colonne-spo40e-5-eh1\/"},"modified":"2025-12-11T10:11:05","modified_gmt":"2025-12-11T10:11:05","slug":"ponte-sollevatore-a-2-colonne-spo40e-5-eh1","status":"publish","type":"product","link":"https:\/\/dev.codekraft.it\/rotary-2024\/it\/prodotti\/ponti-sollevatori-it\/ponti-sollevatori-a-2-colonne-it\/ponte-sollevatore-a-2-colonne-spo40e-5-eh1\/","title":{"rendered":"Ponte sollevatore a 2 colonne SPO40E-5-EH1"},"content":{"rendered":"<p>Il ponte sollevatore elletroidraulico a 2 colonne della serie SPO convince per la sua incredibile area di sollevamento. Il sistema di controllo \u00e8 disponibile sia in versione manuale che elettronica, nonch\u00e9 differenti altezze per le colonne.<\/p>\n<ul>\n<li>La piattaforma di sollevamento universale SPO40-5 dal design simmetrico offre soluzioni di sollevamento flessibili per SMART fino ai trasportatori con interasse lungo (ad es. il Crafter, lo Sprinter). La struttura dei bracci di supporto consente sia il sollevamento simmetrico che asimmetrico dei veicoli &#8211; senza riposizionamento<\/li>\n<\/ul>\n<ul>\n<li>Serie SPO &#8211; il ponte sollevatore pi\u00f9 venduto al mondo<\/li>\n<li>Massima sicurezza con il design rotativo 3PSS<\/li>\n<li>Gamma di sollevamento dalle SMART ai trasportatori (SPO40)<\/li>\n<\/ul>\n<ul>\n<li>Il design 3PSS (Sistema di sicurezza a 3 fasi) include:\n<ul>\n<li>Fermi di sicurezza meccanici integrati su entrambi i lati ad azionamento automatico<\/li>\n<li>Pulegge di sincronizzazione senza carico per fissare il carico durante il processo di sollevamento e abbassamento<\/li>\n<li>Sistema idraulico fissato dalla valvola di non ritorno e dal cilindro ad alta pressione esente da manutenzione su entrambe le colonne<\/li>\n<li>La massima ampiezza carrabile con le dimensioni esterne minime e la struttura senza telaio di base garantiscono un accesso senza problemi alla piattaforma di sollevamento.<\/li>\n<li>Il doppio profilo a S delle colonne di sollevamento garantisce la massima stabilit\u00e0 con ingombro ridotto. Anche l&#8217;area di contatto dei carrelli di sollevamento guidati nelle colonne di sollevamento \u00e8 stata notevolmente aumentata.<\/li>\n<li>Le piastre rotative sono integrabili e possono essere estese o sostituite con degli accessori in maniera stabile ed economica.<\/li>\n<\/ul>\n<\/li>\n<\/ul>\n<ul>\n<li>Per un vantaggio in termini ergonomici ed economici, il secondo pannello di controllo sull&#8217;SP040 \u00e8 standard. Una centralina \u00e8 dotata di collegamento a 220 V (combinato con quello a 16 ampere per utensili elettrici) e la seconda \u00e8 dotata della preparazione dell&#8217;aria compressa.<\/li>\n<li>L&#8217;arresto di sicurezza superiore protegge in maniera efficace i veicoli aventi un&#8217;altezza complessiva superiore da eventuali danni durante il sollevamento.<\/li>\n<li>Il design elettroidraulico con solamente un&#8217;unit\u00e0 garantisce il funzionamento a risparmio energetico con tempi rapidi di sollevamento e abbassamento.<\/li>\n<li>L&#8217;unit\u00e0, flangiata nella parte superiore della colonna di sollevamento \u00e8 protetta dalle influenze esterne e consente pi\u00f9 libert\u00e0 di movimento.<\/li>\n<li>Supporti idraulici rotativi per una manutenzione facilitata con costi operativi minimi<\/li>\n<li>I bracci di supporto vengono bloccati automaticamente durante il sollevamento. Una volta che la piattaforma \u00e8 stata completamente abbassata, tale dispositivo di bloccaggio viene rilasciato automaticamente. La griglia particolarmente sottile e la funzione di sbloccaggio manuale amplificano la semplicit\u00e0 del funzionamento.<\/li>\n<\/ul>\n","protected":false},"excerpt":{"rendered":"<p>4,5 t, elettroidraulico, doppio quadro comandi, bracci di supporto anteriori a 4 x 3 sezioni, simmetrico, altezza complessiva 3865 mm<\/p>\n","protected":false},"featured_media":349892,"template":"","meta":[],"product_cat":[1033400],"product_tag":[1034166],"product_approvals":[],"product_application":[],"class_list":{"0":"post-378529","1":"product","2":"type-product","3":"status-publish","4":"has-post-thumbnail","6":"product_cat-ponti-sollevatori-a-2-colonne-it","7":"product_tag-passenger-cars-it","9":"first","10":"instock","11":"shipping-taxable","12":"product-type-simple"},"approvals":[],"application":[],"brb_media_brochure":[{"id":349893,"url":"https:\/\/dev.codekraft.it\/rotary-2024\/wp-content\/uploads\/brb_media\/00409796_2-post-lift-spo-a-40m-spo-a-40e-br-126497-de-2019-04-screen.pdf","title":"2 post lift spo a 40m spo a 40e br 126497 de 2019 04 screen","thumbnail":"https:\/\/dev.codekraft.it\/rotary-2024\/wp-content\/uploads\/brb_media\/00409796_2-post-lift-spo-a-40m-spo-a-40e-br-126497-de-2019-04-screen-pdf-106x150.png","description":""},{"id":349894,"url":"https:\/\/dev.codekraft.it\/rotary-2024\/wp-content\/uploads\/brb_media\/00409797_2-post-lift-spo-a-40m-spo-a-40e-br-126498-en-2019-04-screen.pdf","title":"2 post lift spo a 40m spo a 40e br 126498 en 2019 04 screen","thumbnail":"https:\/\/dev.codekraft.it\/rotary-2024\/wp-content\/uploads\/brb_media\/00409797_2-post-lift-spo-a-40m-spo-a-40e-br-126498-en-2019-04-screen-pdf-106x150.png","description":""},{"id":349895,"url":"https:\/\/dev.codekraft.it\/rotary-2024\/wp-content\/uploads\/brb_media\/00409798_2-post-lift-spo-a-40m-spo-a-40e-br-126499-fr-2019-04-screen.pdf","title":"2 post lift spo a 40m spo a 40e br 126499 fr 2019 04 screen","thumbnail":"https:\/\/dev.codekraft.it\/rotary-2024\/wp-content\/uploads\/brb_media\/00409798_2-post-lift-spo-a-40m-spo-a-40e-br-126499-fr-2019-04-screen-pdf-106x150.png","description":""},{"id":349896,"url":"https:\/\/dev.codekraft.it\/rotary-2024\/wp-content\/uploads\/brb_media\/00409799_2-post-lift-spo-a-40m-spo-a-40e-br-126500-it-2019-04-screen.pdf","title":"2 post lift spo a 40m spo a 40e br 126500 it 2019 04 screen","thumbnail":"https:\/\/dev.codekraft.it\/rotary-2024\/wp-content\/uploads\/brb_media\/00409799_2-post-lift-spo-a-40m-spo-a-40e-br-126500-it-2019-04-screen-pdf-106x150.png","description":""},{"id":349897,"url":"https:\/\/dev.codekraft.it\/rotary-2024\/wp-content\/uploads\/brb_media\/00409800_2-post-lift-spo-a-40m-spo-a-40e-br-126501-es-2019-04-screen.pdf","title":"2 post lift spo a 40m spo a 40e br 126501 es 2019 04 screen","thumbnail":"https:\/\/dev.codekraft.it\/rotary-2024\/wp-content\/uploads\/brb_media\/00409800_2-post-lift-spo-a-40m-spo-a-40e-br-126501-es-2019-04-screen-pdf-106x150.png","description":""},{"id":349898,"url":"https:\/\/dev.codekraft.it\/rotary-2024\/wp-content\/uploads\/brb_media\/00409801_2-post-lift-spo-a-40m-spo-a-40e-br-126502-ru-2019-04-screen.pdf","title":"2 post lift spo a 40m spo a 40e br 126502 ru 2019 04 screen","thumbnail":"https:\/\/dev.codekraft.it\/rotary-2024\/wp-content\/uploads\/brb_media\/00409801_2-post-lift-spo-a-40m-spo-a-40e-br-126502-ru-2019-04-screen-pdf-106x150.png","description":""}],"brb_media_drawing":[{"id":349941,"url":"https:\/\/dev.codekraft.it\/rotary-2024\/wp-content\/uploads\/brb_media\/00407422_spo40e-5_8548.pdf","title":"spo40e 5 8548","thumbnail":"https:\/\/dev.codekraft.it\/rotary-2024\/wp-content\/uploads\/brb_media\/00407422_spo40e-5_8548-pdf-150x105.png","description":""},{"id":349942,"url":"https:\/\/dev.codekraft.it\/rotary-2024\/wp-content\/uploads\/brb_media\/00407419_2-post-lift_spo40e-5_8618.pdf","title":"2 post lift spo40e 5 8618","thumbnail":"https:\/\/dev.codekraft.it\/rotary-2024\/wp-content\/uploads\/brb_media\/00407419_2-post-lift_spo40e-5_8618-pdf-150x106.png","description":""},{"id":349943,"url":"https:\/\/dev.codekraft.it\/rotary-2024\/wp-content\/uploads\/brb_media\/00407421_2-post-lift_spo40e-5_8619.pdf","title":"2 post lift spo40e 5 8619","thumbnail":"https:\/\/dev.codekraft.it\/rotary-2024\/wp-content\/uploads\/brb_media\/00407421_2-post-lift_spo40e-5_8619-pdf-150x105.png","description":""},{"id":349944,"url":"https:\/\/dev.codekraft.it\/rotary-2024\/wp-content\/uploads\/brb_media\/00407426_2-post-lift_da_spo40m-5_8690.pdf","title":"2 post lift da spo40m 5 8690","thumbnail":"https:\/\/dev.codekraft.it\/rotary-2024\/wp-content\/uploads\/brb_media\/00407426_2-post-lift_da_spo40m-5_8690-pdf-150x105.png","description":""},{"id":349945,"url":"https:\/\/dev.codekraft.it\/rotary-2024\/wp-content\/uploads\/brb_media\/00407425_2-post-lift_spo40e-5-ap_8846.pdf","title":"2 post lift spo40e 5 ap 8846","thumbnail":"https:\/\/dev.codekraft.it\/rotary-2024\/wp-content\/uploads\/brb_media\/00407425_2-post-lift_spo40e-5-ap_8846-pdf-150x106.png","description":""},{"id":349946,"url":"https:\/\/dev.codekraft.it\/rotary-2024\/wp-content\/uploads\/brb_media\/00407420_2-post-lift_spo40e-5_8734.pdf","title":"2 post lift spo40e 5 8734","thumbnail":"https:\/\/dev.codekraft.it\/rotary-2024\/wp-content\/uploads\/brb_media\/00407420_2-post-lift_spo40e-5_8734-pdf-150x106.png","description":""}],"brb_media_manuals":[{"id":378502,"url":"https:\/\/dev.codekraft.it\/rotary-2024\/wp-content\/uploads\/brb_media\/00550475_2-post-lift-spo40_om-dc-sp-tb_om-spo-2-de_2025-03-rev-f.pdf","title":"2 Post Lift SPO40 OM DC SP TB OM SPO 2 DE 2025 03 Rev F","thumbnail":"https:\/\/dev.codekraft.it\/rotary-2024\/wp-content\/uploads\/brb_media\/00550475_2-post-lift-spo40_om-dc-sp-tb_om-spo-2-de_2025-03-rev-f-pdf-106x150.png","description":""}],"brb_media_safety_datasheets":"","brb_media_spare_parts":[],"_cdmm_p_id":"183251","_company":"Elektron","_gtin":"4057612477290","accessories":[{"id":378455,"cdmm_p_id":"40658","name":"Distanziali per tamponi","description":"4 x 89 mm, 4 x 127 mm, incl. 2 staffe per il montaggio sui pilastri | per SPOA40 | 1 set \/ 8 pezzi","thumbnail":"https:\/\/dev.codekraft.it\/rotary-2024\/wp-content\/uploads\/brb_media\/00040944_spoa-40-adapter-extension-set-02-89mm-127mm-mi-150x150.png","url":"https:\/\/dev.codekraft.it\/rotary-2024\/it\/prodotti\/accessori-ponti-sollevatori-it\/accessori-ponti-sollevatori-a-2-colonne-it\/distanziali-per-tamponi\/"},{"id":383985,"cdmm_p_id":"502815","name":"Vaschette portautensili","description":"Magnetiche | 1 set \/ 2 pezzi","thumbnail":"https:\/\/dev.codekraft.it\/rotary-2024\/wp-content\/uploads\/brb_media\/00509504_2-post-lift-vsg2call902641-mi-150x150.png","url":"https:\/\/dev.codekraft.it\/rotary-2024\/it\/prodotti\/accessori-ponti-sollevatori-it\/accessori-ponti-sollevatori-a-2-colonne-it\/vaschette-portautensili\/"},{"id":381089,"cdmm_p_id":"497214","name":"Kit tamponi","description":"Piastra di supporto, cuscinetto in gomma, rotondo | \u00d8 80 mm | 1 set \/ 4 pezzi","thumbnail":"https:\/\/dev.codekraft.it\/rotary-2024\/wp-content\/uploads\/brb_media\/00535980_2-post-lift-fj6216c-mi-150x150.png","url":"https:\/\/dev.codekraft.it\/rotary-2024\/it\/prodotti\/accessori-ponti-sollevatori-it\/dispositivi-di-trasporto-del-carico-it\/kit-tamponi-7\/"},{"id":382529,"cdmm_p_id":"500905","name":"Kit tamponi","description":"Piastra di supporto, cuscinetto in gomma, rettangolare | per Tesla | 1 set \/ 4 pezzi","thumbnail":"https:\/\/dev.codekraft.it\/rotary-2024\/wp-content\/uploads\/brb_media\/00505100_2-post-lift-vsg2call901538-mi-150x150.png","url":"https:\/\/dev.codekraft.it\/rotary-2024\/it\/prodotti\/accessori-ponti-sollevatori-it\/dispositivi-di-trasporto-del-carico-it\/kit-tamponi-8\/"},{"id":382535,"cdmm_p_id":"500906","name":"Kit tamponi","description":"Piastra di supporto, fungo di centraggio | per Fiat 500E, 500 ABARTH | a 2 stadi | 1 set \/ 4 pezzi","thumbnail":"https:\/\/dev.codekraft.it\/rotary-2024\/wp-content\/uploads\/brb_media\/00505105_2-post-lift-vsg2call902023-mi-150x150.png","url":"https:\/\/dev.codekraft.it\/rotary-2024\/it\/prodotti\/accessori-ponti-sollevatori-it\/dispositivi-di-trasporto-del-carico-it\/kit-tamponi-9\/"},{"id":382541,"cdmm_p_id":"500907","name":"Kit tamponi","description":"Prisma | per piattaforma VW MEB veicoli elettrici | 1 set \/ 4 pezzi","thumbnail":"https:\/\/dev.codekraft.it\/rotary-2024\/wp-content\/uploads\/brb_media\/00509505_2-post-lift-vsg2call902146-mi-150x150.png","url":"https:\/\/dev.codekraft.it\/rotary-2024\/it\/prodotti\/accessori-ponti-sollevatori-it\/dispositivi-di-trasporto-del-carico-it\/kit-tamponi-10\/"},{"id":382565,"cdmm_p_id":"500912","name":"Kit tamponi","description":"Disco di supporto, supporto a U | 1 set \/ 4 pezzi","thumbnail":"https:\/\/dev.codekraft.it\/rotary-2024\/wp-content\/uploads\/brb_media\/00505104_2-post-lift-vsg2call901330-mi-150x150.png","url":"https:\/\/dev.codekraft.it\/rotary-2024\/it\/prodotti\/accessori-ponti-sollevatori-it\/dispositivi-di-trasporto-del-carico-it\/kit-tamponi-11\/"},{"id":384185,"cdmm_p_id":"503070","name":"Kit tamponi","description":"Prisma | per Mercedes Classe G - anteriori e posteriori | 1 set \/ 4 pezzi","thumbnail":"https:\/\/dev.codekraft.it\/rotary-2024\/wp-content\/uploads\/brb_media\/00511001_2-post-lift-vsg2call901859-mi-150x150.png","url":"https:\/\/dev.codekraft.it\/rotary-2024\/it\/prodotti\/accessori-ponti-sollevatori-it\/dispositivi-di-trasporto-del-carico-it\/kit-tamponi-14\/"},{"id":384179,"cdmm_p_id":"503068","name":"Kit tamponi","description":"Mandrino | per Fiat Ducato, Peugeot Boxer, Citro\u00ebn Jumper - anteriori e posteriori | 1 set \/ 4 pezzi","thumbnail":"https:\/\/dev.codekraft.it\/rotary-2024\/wp-content\/uploads\/brb_media\/00510999_2-post-lift-vsg2call901606-mi-150x150.png","url":"https:\/\/dev.codekraft.it\/rotary-2024\/it\/prodotti\/accessori-ponti-sollevatori-it\/dispositivi-di-trasporto-del-carico-it\/kit-tamponi-13\/"},{"id":384173,"cdmm_p_id":"503067","name":"Kit tamponi","description":"Prisma, mandrino | per Mercedes Sprinter, VW Crafter | 1 set \/ 6 pezzi","thumbnail":"https:\/\/dev.codekraft.it\/rotary-2024\/wp-content\/uploads\/brb_media\/00511000_2-post-lift-vsg2call901712-mi-150x150.png","url":"https:\/\/dev.codekraft.it\/rotary-2024\/it\/prodotti\/accessori-ponti-sollevatori-it\/dispositivi-di-trasporto-del-carico-it\/kit-tamponi-12\/"},{"id":382164,"cdmm_p_id":"499831","name":"Supporto ausiliario","description":"Per piastra di base SPO\/A40 | 1 set \/ 2 pezzi","thumbnail":"https:\/\/dev.codekraft.it\/rotary-2024\/wp-content\/uploads\/brb_media\/00524051_2-post-lift-gp-spo40y-mi-150x150.png","url":"https:\/\/dev.codekraft.it\/rotary-2024\/it\/prodotti\/accessori-ponti-sollevatori-it\/accessori-ponti-sollevatori-a-2-colonne-it\/supporto-ausiliario-2\/"},{"id":382553,"cdmm_p_id":"500909","name":"Distanziali per tamponi","description":"4 x 200 mm, incl. staffa per il montaggio sui pilastri | 1 set \/ 4 pezzi","thumbnail":"https:\/\/dev.codekraft.it\/rotary-2024\/wp-content\/uploads\/brb_media\/00505099_2-post-lift-vsg2call901248-mi-150x150.png","url":"https:\/\/dev.codekraft.it\/rotary-2024\/it\/prodotti\/accessori-ponti-sollevatori-it\/accessori-ponti-sollevatori-a-2-colonne-it\/distanziali-per-tamponi-3\/"},{"id":382559,"cdmm_p_id":"500910","name":"Kit adattatori","description":"Kit adattatori per tamponi per presa telaio \u00d8 120 mm (1 set, 2 pz), per piattaforma girevole","thumbnail":"https:\/\/dev.codekraft.it\/rotary-2024\/wp-content\/uploads\/brb_media\/00524050_2-post-lift-fj6353-1-mi-150x150.png","url":"https:\/\/dev.codekraft.it\/rotary-2024\/it\/prodotti\/accessori-ponti-sollevatori-it\/accessori-ponti-sollevatori-a-2-colonne-it\/kit-adattatori\/"},{"id":383973,"cdmm_p_id":"502811","name":"Kit rampe innalzamento veicolo","description":"Altezza rampa 60 mm, per veicoli estremamente bassi | 1 set \/ 2 pezzi","thumbnail":"https:\/\/dev.codekraft.it\/rotary-2024\/wp-content\/uploads\/brb_media\/00509501_2-post-lift-vsg2call902818-mi-150x150.png","url":"https:\/\/dev.codekraft.it\/rotary-2024\/it\/prodotti\/accessori-ponti-sollevatori-it\/accessori-ponti-sollevatori-a-2-colonne-it\/kit-rampe-innalzamento-veicolo\/"},{"id":383979,"cdmm_p_id":"502814","name":"Kit cavalletti per assetto","description":"1 set \/ 4 pezzi","thumbnail":"https:\/\/dev.codekraft.it\/rotary-2024\/wp-content\/uploads\/brb_media\/00509503_2-post-lift-vsg2call902085-mi-150x150.png","url":"https:\/\/dev.codekraft.it\/rotary-2024\/it\/prodotti\/accessori-ponti-sollevatori-it\/accessori-ponti-sollevatori-a-2-colonne-it\/kit-cavalletti-per-assetto\/"},{"id":384191,"cdmm_p_id":"503071","name":"Supporto per utensili","description":"Supporto ergonomico per avvitatore pneumatico","thumbnail":"https:\/\/dev.codekraft.it\/rotary-2024\/wp-content\/uploads\/brb_media\/00511003_2-post-lift-vsg2call902511-mi-150x150.png","url":"https:\/\/dev.codekraft.it\/rotary-2024\/it\/prodotti\/accessori-ponti-sollevatori-it\/accessori-ponti-sollevatori-a-2-colonne-it\/supporto-per-utensili\/"}],"components":[],"related":[],"similar":[{"id":378511,"cdmm_p_id":"178341","name":"Ponte sollevatore a 2 colonne SPO40M-5-EH1","description":"4,5 t, elettroidraulico, funzionamento manuale, bracci di supporto anteriori a 3 sezioni x 4, simmetrico, altezza complessiva 3865 mm","thumbnail":"https:\/\/dev.codekraft.it\/rotary-2024\/wp-content\/uploads\/brb_media\/00040939_2-post-lift-spo-40-54-mi-150x150.png","url":"https:\/\/dev.codekraft.it\/rotary-2024\/it\/prodotti\/ponti-sollevatori-it\/ponti-sollevatori-a-2-colonne-it\/ponte-sollevatore-a-2-colonne-spo40m-5-eh1\/"},{"id":378596,"cdmm_p_id":"287496","name":"Ponte sollevatore a 2 colonne SPOA40E-5-EH1","description":"4,5 t, elettroidraulico, doppio quadro comandi, bracci di supporto anteriori a 3 sezioni, asimmetrico, altezza complessiva 3865 mm","thumbnail":"https:\/\/dev.codekraft.it\/rotary-2024\/wp-content\/uploads\/brb_media\/00040939_2-post-lift-spo-40-54-mi-150x150.png","url":"https:\/\/dev.codekraft.it\/rotary-2024\/it\/prodotti\/ponti-sollevatori-it\/ponti-sollevatori-a-2-colonne-it\/ponte-sollevatore-a-2-colonne-spoa40e-5-eh1\/"},{"id":378800,"cdmm_p_id":"348075","name":"Ponte sollevatore a 2 colonne SPOA40M-5-EH1","description":"4,5 t, elettroidraulico, funzionamento manuale, bracci di supporto anteriori a 3 sezioni, asimmetrico, altezza complessiva 3865 mm","thumbnail":"https:\/\/dev.codekraft.it\/rotary-2024\/wp-content\/uploads\/brb_media\/00040939_2-post-lift-spo-40-54-mi-150x150.png","url":"https:\/\/dev.codekraft.it\/rotary-2024\/it\/prodotti\/ponti-sollevatori-it\/ponti-sollevatori-a-2-colonne-it\/ponte-sollevatore-a-2-colonne-spoa40m-5-eh1\/"}],"lang":"it","translations":{"it":378529,"en":378526,"de":378527,"fr":378528,"es":378530,"ru":378531},"pll_sync_post":[],"_links":{"self":[{"href":"https:\/\/dev.codekraft.it\/rotary-2024\/wp-json\/wp\/v2\/product\/378529","targetHints":{"allow":["GET"]}}],"collection":[{"href":"https:\/\/dev.codekraft.it\/rotary-2024\/wp-json\/wp\/v2\/product"}],"about":[{"href":"https:\/\/dev.codekraft.it\/rotary-2024\/wp-json\/wp\/v2\/types\/product"}],"wp:featuredmedia":[{"embeddable":true,"href":"https:\/\/dev.codekraft.it\/rotary-2024\/wp-json\/wp\/v2\/media\/349892"}],"wp:attachment":[{"href":"https:\/\/dev.codekraft.it\/rotary-2024\/wp-json\/wp\/v2\/media?parent=378529"}],"wp:term":[{"taxonomy":"product_cat","embeddable":true,"href":"https:\/\/dev.codekraft.it\/rotary-2024\/wp-json\/wp\/v2\/product_cat?post=378529"},{"taxonomy":"product_tag","embeddable":true,"href":"https:\/\/dev.codekraft.it\/rotary-2024\/wp-json\/wp\/v2\/product_tag?post=378529"},{"taxonomy":"product_approvals","embeddable":true,"href":"https:\/\/dev.codekraft.it\/rotary-2024\/wp-json\/wp\/v2\/product_approvals?post=378529"},{"taxonomy":"product_application","embeddable":true,"href":"https:\/\/dev.codekraft.it\/rotary-2024\/wp-json\/wp\/v2\/product_application?post=378529"}],"curies":[{"name":"wp","href":"https:\/\/api.w.org\/{rel}","templated":true}]}}