{"id":378510,"date":"2025-10-29T08:19:04","date_gmt":"2025-10-29T08:19:04","guid":{"rendered":"https:\/\/dev.codekraft.it\/rotary-2024\/products\/uncategorized\/pont-elevateur-a-2-colonnes-spo40m-5-eh1\/"},"modified":"2025-10-29T08:19:04","modified_gmt":"2025-10-29T08:19:04","slug":"pont-elevateur-a-2-colonnes-spo40m-5-eh1","status":"publish","type":"product","link":"https:\/\/dev.codekraft.it\/rotary-2024\/fr\/produits\/ponts-elevateurs-fr\/ponts-elevateurs-a-2-colonnes-fr\/pont-elevateur-a-2-colonnes-spo40m-5-eh1\/","title":{"rendered":"Pont \u00e9l\u00e9vateur \u00e0 2 colonnes SPO40M-5-EH1"},"content":{"rendered":"<p>Les ponts \u00e9l\u00e9vateurs \u00e0 2 colonnes \u00e9lectrohydrauliques de la s\u00e9rie SPO sont convaincants par une \u00e9tonnante surface de prise. Le syst\u00e8me de commande est disponible en version \u00e9lectrique et manuelle, avec \u00e9galement diff\u00e9rentes hauteurs de colonne.<\/p>\n<ul>\n<li>SPO40-5, pont \u00e9l\u00e9vateur universel pour une grande vari\u00e9t\u00e9 de v\u00e9hicules, des petites voitures aux camping-cars, montage sym\u00e9trique ou asym\u00e9trique possible &#8211; sans repositionner les v\u00e9hicules<\/li>\n<\/ul>\n<ul>\n<li>S\u00e9rie SPO &#8211; le pont \u00e9l\u00e9vateur le plus vendu dans le monde<\/li>\n<li>S\u00e9curit\u00e9 maximum avec le concept 3PSS rotatif<\/li>\n<li>Plage de prise des SMART au transporteur (SPO40)<\/li>\n<\/ul>\n<ul>\n<li>Le concept 3PSS (Syst\u00e8me de s\u00e9curit\u00e9 de phase 3) inclut :\n<ul>\n<li>Des linguets de s\u00e9curit\u00e9 m\u00e9caniques sur les deux c\u00f4t\u00e9s avec actionnement automatique<\/li>\n<li>Des poulies de synchronisation sans charge qui s\u00e9curisent la charge pendant le levage et l\u2019abaissement<\/li>\n<li>Syst\u00e8me hydraulique s\u00e9curis\u00e9 par valve de non-retour avec cylindre haute pression ne n\u00e9cessitant aucune maintenance dans les deux colonnes<\/li>\n<\/ul>\n<\/li>\n<\/ul>\n<ul>\n<li>La largeur de retrait maximum avec des dimensions externes minimum et la construction sans ch\u00e2ssis assurent un acc\u00e8s facile \u00e0 la plateforme de levage.<\/li>\n<li>Le profil double S des colonnes \u00e9l\u00e9vatrices permet une stabilit\u00e9 maximum avec un encombrement minimum. La surface de contact des chariots de levage guid\u00e9s dans les colonnes \u00e9l\u00e9vatrices s\u2019accro\u00eet consid\u00e9rablement aussi.<\/li>\n<li>Les plateaux tournants sont enfichables et peuvent \u00eatre \u00e9tendus ou remplac\u00e9s par des accessoires de mani\u00e8re stable et \u00e0 peu de frais.<\/li>\n<\/ul>\n<ul>\n<li>Pour une ergonomie et une \u00e9conomie suppl\u00e9mentaires, le 2e panneau de commande est en s\u00e9rie sur le SPO40. Une unit\u00e9 de commande est \u00e9quip\u00e9e d\u2019une connexion 220 V (associ\u00e9e \u00e0 16 amp\u00e8res pour les outils manuels \u00e9lectriques) et la deuxi\u00e8me unit\u00e9 de commande, d\u2019un dispositif de pr\u00e9paration \u00e0 air comprim\u00e9.<\/li>\n<li>La coupure de s\u00e9curit\u00e9 sup\u00e9rieure prot\u00e8ge avec efficacit\u00e9 les v\u00e9hicules d\u2019une hauteur globale \u00e9lev\u00e9e de tout risque de dommages pendant le levage.<\/li>\n<li>La conception \u00e9lectrohydraulique avec une seule unit\u00e9 garantit un fonctionnement \u00e0 faible consommation d\u2018\u00e9nergie et des temps de levage et d\u2019abaissement rapides.<\/li>\n<li>Fix\u00e9e \u00e0 la partie sup\u00e9rieure de la colonne \u00e9l\u00e9vatrice, l\u2019unit\u00e9 est prot\u00e9g\u00e9e des influences externes et permet plus de libert\u00e9 de mouvement.<\/li>\n<li>L\u2019unit\u00e9 hydraulique rotative garantit une facilit\u00e9 d\u2019entretien maximum ainsi que des co\u00fbts de fonctionnement moindres<\/li>\n<li>Les bras porteurs sont automatiquement verrouill\u00e9s pendant le levage. Une fois la plateforme compl\u00e8tement abaiss\u00e9e, ce dispositif de verrouillage se rel\u00e2che automatiquement. La grille particuli\u00e8rement fine et une fonction de d\u00e9verrouillage manuelle contribuent \u00e0 faciliter le fonctionnement.<\/li>\n<\/ul>\n","protected":false},"excerpt":{"rendered":"<p>4,5 t, \u00e9lectrohydraulique, fonctionnement manuel, bras porteurs 4 x 3-pi\u00e8ces \u00e0 l&#8217;avant, sym\u00e9trique, hauteur totale de 3865 mm<\/p>\n","protected":false},"featured_media":349892,"template":"","meta":[],"product_cat":[1033380],"product_tag":[1034163],"product_approvals":[],"product_application":[],"class_list":{"0":"post-378510","1":"product","2":"type-product","3":"status-publish","4":"has-post-thumbnail","6":"product_cat-ponts-elevateurs-a-2-colonnes-fr","7":"product_tag-passenger-cars-fr","9":"first","10":"instock","11":"shipping-taxable","12":"product-type-simple"},"approvals":[],"application":[],"brb_media_brochure":[{"id":349893,"url":"https:\/\/dev.codekraft.it\/rotary-2024\/wp-content\/uploads\/brb_media\/00409796_2-post-lift-spo-a-40m-spo-a-40e-br-126497-de-2019-04-screen.pdf","title":"2 post lift spo a 40m spo a 40e br 126497 de 2019 04 screen","thumbnail":"https:\/\/dev.codekraft.it\/rotary-2024\/wp-content\/uploads\/brb_media\/00409796_2-post-lift-spo-a-40m-spo-a-40e-br-126497-de-2019-04-screen-pdf-106x150.png","description":""},{"id":349894,"url":"https:\/\/dev.codekraft.it\/rotary-2024\/wp-content\/uploads\/brb_media\/00409797_2-post-lift-spo-a-40m-spo-a-40e-br-126498-en-2019-04-screen.pdf","title":"2 post lift spo a 40m spo a 40e br 126498 en 2019 04 screen","thumbnail":"https:\/\/dev.codekraft.it\/rotary-2024\/wp-content\/uploads\/brb_media\/00409797_2-post-lift-spo-a-40m-spo-a-40e-br-126498-en-2019-04-screen-pdf-106x150.png","description":""},{"id":349895,"url":"https:\/\/dev.codekraft.it\/rotary-2024\/wp-content\/uploads\/brb_media\/00409798_2-post-lift-spo-a-40m-spo-a-40e-br-126499-fr-2019-04-screen.pdf","title":"2 post lift spo a 40m spo a 40e br 126499 fr 2019 04 screen","thumbnail":"https:\/\/dev.codekraft.it\/rotary-2024\/wp-content\/uploads\/brb_media\/00409798_2-post-lift-spo-a-40m-spo-a-40e-br-126499-fr-2019-04-screen-pdf-106x150.png","description":""},{"id":349896,"url":"https:\/\/dev.codekraft.it\/rotary-2024\/wp-content\/uploads\/brb_media\/00409799_2-post-lift-spo-a-40m-spo-a-40e-br-126500-it-2019-04-screen.pdf","title":"2 post lift spo a 40m spo a 40e br 126500 it 2019 04 screen","thumbnail":"https:\/\/dev.codekraft.it\/rotary-2024\/wp-content\/uploads\/brb_media\/00409799_2-post-lift-spo-a-40m-spo-a-40e-br-126500-it-2019-04-screen-pdf-106x150.png","description":""},{"id":349897,"url":"https:\/\/dev.codekraft.it\/rotary-2024\/wp-content\/uploads\/brb_media\/00409800_2-post-lift-spo-a-40m-spo-a-40e-br-126501-es-2019-04-screen.pdf","title":"2 post lift spo a 40m spo a 40e br 126501 es 2019 04 screen","thumbnail":"https:\/\/dev.codekraft.it\/rotary-2024\/wp-content\/uploads\/brb_media\/00409800_2-post-lift-spo-a-40m-spo-a-40e-br-126501-es-2019-04-screen-pdf-106x150.png","description":""},{"id":349898,"url":"https:\/\/dev.codekraft.it\/rotary-2024\/wp-content\/uploads\/brb_media\/00409801_2-post-lift-spo-a-40m-spo-a-40e-br-126502-ru-2019-04-screen.pdf","title":"2 post lift spo a 40m spo a 40e br 126502 ru 2019 04 screen","thumbnail":"https:\/\/dev.codekraft.it\/rotary-2024\/wp-content\/uploads\/brb_media\/00409801_2-post-lift-spo-a-40m-spo-a-40e-br-126502-ru-2019-04-screen-pdf-106x150.png","description":""}],"brb_media_drawing":[{"id":349941,"url":"https:\/\/dev.codekraft.it\/rotary-2024\/wp-content\/uploads\/brb_media\/00407422_spo40e-5_8548.pdf","title":"spo40e 5 8548","thumbnail":"https:\/\/dev.codekraft.it\/rotary-2024\/wp-content\/uploads\/brb_media\/00407422_spo40e-5_8548-pdf-150x105.png","description":""},{"id":349942,"url":"https:\/\/dev.codekraft.it\/rotary-2024\/wp-content\/uploads\/brb_media\/00407419_2-post-lift_spo40e-5_8618.pdf","title":"2 post lift spo40e 5 8618","thumbnail":"https:\/\/dev.codekraft.it\/rotary-2024\/wp-content\/uploads\/brb_media\/00407419_2-post-lift_spo40e-5_8618-pdf-150x106.png","description":""},{"id":349943,"url":"https:\/\/dev.codekraft.it\/rotary-2024\/wp-content\/uploads\/brb_media\/00407421_2-post-lift_spo40e-5_8619.pdf","title":"2 post lift spo40e 5 8619","thumbnail":"https:\/\/dev.codekraft.it\/rotary-2024\/wp-content\/uploads\/brb_media\/00407421_2-post-lift_spo40e-5_8619-pdf-150x105.png","description":""},{"id":349944,"url":"https:\/\/dev.codekraft.it\/rotary-2024\/wp-content\/uploads\/brb_media\/00407426_2-post-lift_da_spo40m-5_8690.pdf","title":"2 post lift da spo40m 5 8690","thumbnail":"https:\/\/dev.codekraft.it\/rotary-2024\/wp-content\/uploads\/brb_media\/00407426_2-post-lift_da_spo40m-5_8690-pdf-150x105.png","description":""},{"id":349945,"url":"https:\/\/dev.codekraft.it\/rotary-2024\/wp-content\/uploads\/brb_media\/00407425_2-post-lift_spo40e-5-ap_8846.pdf","title":"2 post lift spo40e 5 ap 8846","thumbnail":"https:\/\/dev.codekraft.it\/rotary-2024\/wp-content\/uploads\/brb_media\/00407425_2-post-lift_spo40e-5-ap_8846-pdf-150x106.png","description":""},{"id":349946,"url":"https:\/\/dev.codekraft.it\/rotary-2024\/wp-content\/uploads\/brb_media\/00407420_2-post-lift_spo40e-5_8734.pdf","title":"2 post lift spo40e 5 8734","thumbnail":"https:\/\/dev.codekraft.it\/rotary-2024\/wp-content\/uploads\/brb_media\/00407420_2-post-lift_spo40e-5_8734-pdf-150x106.png","description":""}],"brb_media_manuals":[{"id":378502,"url":"https:\/\/dev.codekraft.it\/rotary-2024\/wp-content\/uploads\/brb_media\/00550475_2-post-lift-spo40_om-dc-sp-tb_om-spo-2-de_2025-03-rev-f.pdf","title":"2 Post Lift SPO40 OM DC SP TB OM SPO 2 DE 2025 03 Rev F","thumbnail":"https:\/\/dev.codekraft.it\/rotary-2024\/wp-content\/uploads\/brb_media\/00550475_2-post-lift-spo40_om-dc-sp-tb_om-spo-2-de_2025-03-rev-f-pdf-106x150.png","description":""}],"brb_media_safety_datasheets":"","brb_media_spare_parts":[],"_cdmm_p_id":"178341","_company":"Elektron","_gtin":"4057612479508","accessories":[{"id":378454,"cdmm_p_id":"40658","name":"Rallonges d&#039;adaptateur","description":"4 x 89 mm, 4 x 127 mm, y compris 2 supports pour le montage sur les colonnes | pour SPOA40 | 1 jeu \/ 8 pi\u00e8ces","thumbnail":"https:\/\/dev.codekraft.it\/rotary-2024\/wp-content\/uploads\/brb_media\/00040944_spoa-40-adapter-extension-set-02-89mm-127mm-mi-150x150.png","url":"https:\/\/dev.codekraft.it\/rotary-2024\/fr\/produits\/accessoires-ponts-elevateurs-fr\/accessoires-ponts-elevateurs-a-2-colonnes-fr\/rallonges-dadaptateur\/"},{"id":383984,"cdmm_p_id":"502815","name":"Bac pour les outils","description":"Aimant\u00e9es | ensemble de plateaux | 1 jeu \/ 4 pi\u00e8ces","thumbnail":"https:\/\/dev.codekraft.it\/rotary-2024\/wp-content\/uploads\/brb_media\/00509504_2-post-lift-vsg2call902641-mi-150x150.png","url":"https:\/\/dev.codekraft.it\/rotary-2024\/fr\/produits\/accessoires-ponts-elevateurs-fr\/accessoires-ponts-elevateurs-a-2-colonnes-fr\/bac-pour-les-outils\/"},{"id":381088,"cdmm_p_id":"497214","name":"Kit tampons","description":"Plaque de support, support en caoutchouc, rond | \u00d8 80 mm | 1 jeu \/ 4 pi\u00e8ces","thumbnail":"https:\/\/dev.codekraft.it\/rotary-2024\/wp-content\/uploads\/brb_media\/00535980_2-post-lift-fj6216c-mi-150x150.png","url":"https:\/\/dev.codekraft.it\/rotary-2024\/fr\/produits\/accessoires-ponts-elevateurs-fr\/systemes-de-transport-prise-de-charge-fr\/kit-tampons-7\/"},{"id":382528,"cdmm_p_id":"500905","name":"Kit tampons","description":"Plaque de support, support en caoutchouc, rectangulaire | pour Tesla | 1 jeu \/ 4 pi\u00e8ces","thumbnail":"https:\/\/dev.codekraft.it\/rotary-2024\/wp-content\/uploads\/brb_media\/00505100_2-post-lift-vsg2call901538-mi-150x150.png","url":"https:\/\/dev.codekraft.it\/rotary-2024\/fr\/produits\/accessoires-ponts-elevateurs-fr\/systemes-de-transport-prise-de-charge-fr\/kit-tampons-8\/"},{"id":382534,"cdmm_p_id":"500906","name":"Kit tampons","description":"Plateau, champignon de centrage | pour Fiat 500E, 500 ABARTH | 2 niveaux | 1 jeu \/ 4 pi\u00e8ces","thumbnail":"https:\/\/dev.codekraft.it\/rotary-2024\/wp-content\/uploads\/brb_media\/00505105_2-post-lift-vsg2call902023-mi-150x150.png","url":"https:\/\/dev.codekraft.it\/rotary-2024\/fr\/produits\/accessoires-ponts-elevateurs-fr\/systemes-de-transport-prise-de-charge-fr\/kit-tampons-9\/"},{"id":382540,"cdmm_p_id":"500907","name":"Kit tampons","description":"Prisme | pour VW-MEB-Platform-V\u00e9hicules \u00e9lectriques | 1 jeu \/ 4 pi\u00e8ce","thumbnail":"https:\/\/dev.codekraft.it\/rotary-2024\/wp-content\/uploads\/brb_media\/00509505_2-post-lift-vsg2call902146-mi-150x150.png","url":"https:\/\/dev.codekraft.it\/rotary-2024\/fr\/produits\/accessoires-ponts-elevateurs-fr\/systemes-de-transport-prise-de-charge-fr\/kit-tampons-10\/"},{"id":382564,"cdmm_p_id":"500912","name":"Kit tampons","description":"Plateau, logement en U | 1 jeu \/ 4 pi\u00e8ces","thumbnail":"https:\/\/dev.codekraft.it\/rotary-2024\/wp-content\/uploads\/brb_media\/00505104_2-post-lift-vsg2call901330-mi-150x150.png","url":"https:\/\/dev.codekraft.it\/rotary-2024\/fr\/produits\/accessoires-ponts-elevateurs-fr\/systemes-de-transport-prise-de-charge-fr\/kit-tampons-11\/"},{"id":384184,"cdmm_p_id":"503070","name":"Kit tampons","description":"Prisme | pour Mercedes Classe G - l'avant et l'arri\u00e8re | 1 jeu \/ 4 pi\u00e8ces","thumbnail":"https:\/\/dev.codekraft.it\/rotary-2024\/wp-content\/uploads\/brb_media\/00511001_2-post-lift-vsg2call901859-mi-150x150.png","url":"https:\/\/dev.codekraft.it\/rotary-2024\/fr\/produits\/accessoires-ponts-elevateurs-fr\/systemes-de-transport-prise-de-charge-fr\/kit-tampons-14\/"},{"id":384178,"cdmm_p_id":"503068","name":"Kit tampons","description":"Mandrin | pour Fiat Ducato, Peugeot Boxer, Citro\u00ebn Jumper - avant et arri\u00e8re | 1 jeu \/ 4 pi\u00e8ces","thumbnail":"https:\/\/dev.codekraft.it\/rotary-2024\/wp-content\/uploads\/brb_media\/00510999_2-post-lift-vsg2call901606-mi-150x150.png","url":"https:\/\/dev.codekraft.it\/rotary-2024\/fr\/produits\/accessoires-ponts-elevateurs-fr\/systemes-de-transport-prise-de-charge-fr\/kit-tampons-13\/"},{"id":384172,"cdmm_p_id":"503067","name":"Kit tampons","description":"Prisme, mandrin | pour Mercedes Sprinter, VW Crafter | 1 jeu \/ 6 pi\u00e8ces","thumbnail":"https:\/\/dev.codekraft.it\/rotary-2024\/wp-content\/uploads\/brb_media\/00511000_2-post-lift-vsg2call901712-mi-150x150.png","url":"https:\/\/dev.codekraft.it\/rotary-2024\/fr\/produits\/accessoires-ponts-elevateurs-fr\/systemes-de-transport-prise-de-charge-fr\/kit-tampons-12\/"},{"id":382163,"cdmm_p_id":"499831","name":"Arceau auxiliaire","description":"Pour plaque de base SPO\/A40 | 1 jeu \/ 2 pi\u00e8ces","thumbnail":"https:\/\/dev.codekraft.it\/rotary-2024\/wp-content\/uploads\/brb_media\/00524051_2-post-lift-gp-spo40y-mi-150x150.png","url":"https:\/\/dev.codekraft.it\/rotary-2024\/fr\/produits\/accessoires-ponts-elevateurs-fr\/accessoires-ponts-elevateurs-a-2-colonnes-fr\/arceau-auxiliaire-2\/"},{"id":382552,"cdmm_p_id":"500909","name":"Entretoises pour tampons","description":"4 x 200 mm, y compris support pour le montage sur les colonnes | 1 jeu \/ 4 pi\u00e8ces","thumbnail":"https:\/\/dev.codekraft.it\/rotary-2024\/wp-content\/uploads\/brb_media\/00505099_2-post-lift-vsg2call901248-mi-150x150.png","url":"https:\/\/dev.codekraft.it\/rotary-2024\/fr\/produits\/accessoires-ponts-elevateurs-fr\/accessoires-ponts-elevateurs-a-2-colonnes-fr\/entretoises-pour-tampons\/"},{"id":382558,"cdmm_p_id":"500910","name":"Kit adaptateurs","description":"Kit adaptateurs pour tampons pour prise chassis \u00d8 120 mm (1 jeu, 2 pi\u00e8ces), pour plateau tournant","thumbnail":"https:\/\/dev.codekraft.it\/rotary-2024\/wp-content\/uploads\/brb_media\/00524050_2-post-lift-fj6353-1-mi-150x150.png","url":"https:\/\/dev.codekraft.it\/rotary-2024\/fr\/produits\/accessoires-ponts-elevateurs-fr\/accessoires-ponts-elevateurs-a-2-colonnes-fr\/kit-adaptateurs\/"},{"id":383972,"cdmm_p_id":"502811","name":"Kit de supports pour rehausser les v\u00e9hicules","description":"Hauteur de rampe 60 mm, pour v\u00e9hicules extr\u00eamement bas | 1 jeu \/ 2 pi\u00e8ces","thumbnail":"https:\/\/dev.codekraft.it\/rotary-2024\/wp-content\/uploads\/brb_media\/00509501_2-post-lift-vsg2call902818-mi-150x150.png","url":"https:\/\/dev.codekraft.it\/rotary-2024\/fr\/produits\/accessoires-ponts-elevateurs-fr\/accessoires-ponts-elevateurs-a-2-colonnes-fr\/kit-de-supports-pour-rehausser-les-vehicules\/"},{"id":383978,"cdmm_p_id":"502814","name":"Kit de supports pour le contr\u00f4le de g\u00e9om\u00e9trie","description":"1 jeu \/ 4 pi\u00e8ces","thumbnail":"https:\/\/dev.codekraft.it\/rotary-2024\/wp-content\/uploads\/brb_media\/00509503_2-post-lift-vsg2call902085-mi-150x150.png","url":"https:\/\/dev.codekraft.it\/rotary-2024\/fr\/produits\/accessoires-ponts-elevateurs-fr\/accessoires-ponts-elevateurs-a-2-colonnes-fr\/kit-de-supports-pour-le-controle-de-geometrie\/"},{"id":384190,"cdmm_p_id":"503071","name":"Support d&#039;outil","description":"Support pour outillage pneumatique, ergonomique","thumbnail":"https:\/\/dev.codekraft.it\/rotary-2024\/wp-content\/uploads\/brb_media\/00511003_2-post-lift-vsg2call902511-mi-150x150.png","url":"https:\/\/dev.codekraft.it\/rotary-2024\/fr\/produits\/accessoires-ponts-elevateurs-fr\/accessoires-ponts-elevateurs-a-2-colonnes-fr\/support-doutil\/"}],"components":[],"related":[],"similar":[{"id":378595,"cdmm_p_id":"287496","name":"Pont \u00e9l\u00e9vateur \u00e0 2 colonnes SPOA40E-5-EH1","description":"4,5 t, \u00e9lectrohydraulique, double panneau de commande, bras porteurs 3-pi\u00e8ces \u00e0 l'avant, asym\u00e9trique, hauteur totale de 3865 mm","thumbnail":"https:\/\/dev.codekraft.it\/rotary-2024\/wp-content\/uploads\/brb_media\/00040939_2-post-lift-spo-40-54-mi-150x150.png","url":"https:\/\/dev.codekraft.it\/rotary-2024\/fr\/produits\/ponts-elevateurs-fr\/ponts-elevateurs-a-2-colonnes-fr\/pont-elevateur-a-2-colonnes-spoa40e-5-eh1\/"},{"id":378528,"cdmm_p_id":"183251","name":"Pont \u00e9l\u00e9vateur \u00e0 2 colonnes SPO40E-5-EH1","description":"4,5 t, \u00e9lectrohydraulique, double panneau de commande, bras porteurs 4 x 3-pi\u00e8ces \u00e0 l'avant, sym\u00e9trique, hauteur totale de 3865 mm","thumbnail":"https:\/\/dev.codekraft.it\/rotary-2024\/wp-content\/uploads\/brb_media\/00040939_2-post-lift-spo-40-54-mi-150x150.png","url":"https:\/\/dev.codekraft.it\/rotary-2024\/fr\/produits\/ponts-elevateurs-fr\/ponts-elevateurs-a-2-colonnes-fr\/pont-elevateur-a-2-colonnes-spo40e-5-eh1\/"},{"id":378799,"cdmm_p_id":"348075","name":"Pont \u00e9l\u00e9vateur \u00e0 2 colonnes SPOA40M-5-EH1","description":"4,5 t, \u00e9lectrohydraulique, fonctionnement manuel, bras porteurs 3-pi\u00e8ces \u00e0 l'avant, asym\u00e9trique, hauteur totale de 3865 mm","thumbnail":"https:\/\/dev.codekraft.it\/rotary-2024\/wp-content\/uploads\/brb_media\/00040939_2-post-lift-spo-40-54-mi-150x150.png","url":"https:\/\/dev.codekraft.it\/rotary-2024\/fr\/produits\/ponts-elevateurs-fr\/ponts-elevateurs-a-2-colonnes-fr\/pont-elevateur-a-2-colonnes-spoa40m-5-eh1\/"}],"page_logo_src":"https:\/\/dev.codekraft.it\/rotary-2024\/wp-content\/uploads\/2024\/05\/cropped-rotary-logo-2022.png","lang":"fr","translations":{"fr":378510,"en":378508,"de":378509,"it":378511,"es":378512,"ru":378513},"pll_sync_post":[],"_links":{"self":[{"href":"https:\/\/dev.codekraft.it\/rotary-2024\/wp-json\/wp\/v2\/product\/378510","targetHints":{"allow":["GET"]}}],"collection":[{"href":"https:\/\/dev.codekraft.it\/rotary-2024\/wp-json\/wp\/v2\/product"}],"about":[{"href":"https:\/\/dev.codekraft.it\/rotary-2024\/wp-json\/wp\/v2\/types\/product"}],"wp:featuredmedia":[{"embeddable":true,"href":"https:\/\/dev.codekraft.it\/rotary-2024\/wp-json\/wp\/v2\/media\/349892"}],"wp:attachment":[{"href":"https:\/\/dev.codekraft.it\/rotary-2024\/wp-json\/wp\/v2\/media?parent=378510"}],"wp:term":[{"taxonomy":"product_cat","embeddable":true,"href":"https:\/\/dev.codekraft.it\/rotary-2024\/wp-json\/wp\/v2\/product_cat?post=378510"},{"taxonomy":"product_tag","embeddable":true,"href":"https:\/\/dev.codekraft.it\/rotary-2024\/wp-json\/wp\/v2\/product_tag?post=378510"},{"taxonomy":"product_approvals","embeddable":true,"href":"https:\/\/dev.codekraft.it\/rotary-2024\/wp-json\/wp\/v2\/product_approvals?post=378510"},{"taxonomy":"product_application","embeddable":true,"href":"https:\/\/dev.codekraft.it\/rotary-2024\/wp-json\/wp\/v2\/product_application?post=378510"}],"curies":[{"name":"wp","href":"https:\/\/api.w.org\/{rel}","templated":true}]}}