{"id":378497,"date":"2025-12-11T10:10:44","date_gmt":"2025-12-11T10:10:44","guid":{"rendered":"https:\/\/dev.codekraft.it\/rotary-2024\/products\/uncategorized\/pont-elevateur-a-2-colonnes-spoa3ts-5-eh2\/"},"modified":"2025-12-11T10:10:44","modified_gmt":"2025-12-11T10:10:44","slug":"pont-elevateur-a-2-colonnes-spoa3ts-5-eh2","status":"publish","type":"product","link":"https:\/\/dev.codekraft.it\/rotary-2024\/fr\/produits\/ponts-elevateurs-fr\/ponts-elevateurs-a-2-colonnes-fr\/pont-elevateur-a-2-colonnes-spoa3ts-5-eh2\/","title":{"rendered":"Pont \u00e9l\u00e9vateur \u00e0 2 colonnes SPOA3TS-5-EH2"},"content":{"rendered":"<p>Les ponts \u00e9l\u00e9vateurs \u00e0 2 colonnes \u00e9lectrohydrauliques de s\u00e9rie SPO sont convaincants par une \u00e9tonnante surface de prise. Le syst\u00e8me de commande est disponible en version \u00e9lectrique et manuelle, avec \u00e9galement diff\u00e9rentes hauteurs de colonne.<\/p>\n<ul>\n<li>Le SPOA3TS-5 offre une plage de prise flexible des SMART aux grandes camionnettes (p. ex. le VW T6 long) en raison de son design asym\u00e9trique<\/li>\n<\/ul>\n<ul>\n<li>S\u00e9rie SPO &#8211; le pont \u00e9l\u00e9vateur le plus vendu dans le monde<\/li>\n<li>S\u00e9curit\u00e9 maximum avec le concept 3PSS rotatif<\/li>\n<li>Plage de prise jusqu\u2019au VW T6 long<\/li>\n<\/ul>\n<ul>\n<li>Le concept 3PSS (Syst\u00e8me de s\u00e9curit\u00e9 de phase 3) inclut :\n<ul>\n<li>Des linguets de s\u00e9curit\u00e9 m\u00e9caniques sur les deux c\u00f4t\u00e9s avec actionnement automatique<\/li>\n<li>Des poulies de synchronisation sans charge qui s\u00e9curisent la charge pendant le levage et l\u2019abaissement<\/li>\n<li>Syst\u00e8me hydraulique s\u00e9curis\u00e9 par valve de non-retour avec cylindre haute pression ne n\u00e9cessitant aucune maintenance dans les deux colonnes<\/li>\n<\/ul>\n<\/li>\n<\/ul>\n<ul>\n<li>Le design asym\u00e9trique du bras porteur et des colonnes garantit un passage de porte optimal<\/li>\n<li>La largeur de retrait maximum avec des dimensions externes minimum et la construction sans ch\u00e2ssis assurent un acc\u00e8s facile \u00e0 la plateforme de levage<\/li>\n<li>Les plateaux tournants sont enfichables et peuvent \u00eatre \u00e9tendus ou remplac\u00e9s de mani\u00e8re fiable et s\u00fbre au moyen d\u2019accessoires.<\/li>\n<\/ul>\n<ul>\n<li>Pour une ergonomie et une \u00e9conomie suppl\u00e9mentaires, un 2e panneau de commande (pour SPOA 3 TS) peut \u00eatre s\u00e9lectionn\u00e9. Dans ce cas, une unit\u00e9 de commande est \u00e9quip\u00e9e d\u2019une connexion 220 V (associ\u00e9e \u00e0 16 amp\u00e8res pour les outils manuels \u00e9lectriques) et la deuxi\u00e8me unit\u00e9 de commande, d\u2019un dispositif de pr\u00e9paration \u00e0 air comprim\u00e9.<\/li>\n<li>La coupure de s\u00e9curit\u00e9 sup\u00e9rieure prot\u00e8ge avec efficacit\u00e9 les v\u00e9hicules d\u2019une hauteur globale \u00e9lev\u00e9e de tout risque de dommages pendant le levage.<\/li>\n<li>La conception \u00e9lectrohydraulique avec une seule unit\u00e9 garantit un fonctionnement \u00e0 faible consommation d\u2018\u00e9nergie et des temps de levage et d\u2019abaissement rapides.<\/li>\n<li>Fix\u00e9e \u00e0 la partie sup\u00e9rieure de la colonne \u00e9l\u00e9vatrice, l\u2019unit\u00e9 est prot\u00e9g\u00e9e des influences externes et permet plus de libert\u00e9 de mouvement.<\/li>\n<li>L\u2019unit\u00e9 hydraulique rotative garantit une facilit\u00e9 d\u2019entretien maximum ainsi que des co\u00fbts de fonctionnement moindres<\/li>\n<li>Les bras porteurs sont automatiquement verrouill\u00e9s pendant le levage. Une fois la plateforme compl\u00e8tement abaiss\u00e9e, ce dispositif de verrouillage se rel\u00e2che automatiquement. La grille particuli\u00e8rement fine et une fonction de d\u00e9verrouillage manuelle contribuent \u00e0 faciliter le fonctionnement.<\/li>\n<\/ul>\n","protected":false},"excerpt":{"rendered":"<p>3,5 t, \u00e9lectrohydraulique, fonctionnement par bouton-poussoir, bras porteurs 3-pi\u00e8ces \u00e0 l&#8217;avant, asym\u00e9trique, hauteur totale de 4170 mm<\/p>\n","protected":false},"featured_media":349848,"template":"","meta":[],"product_brand":[],"product_cat":[1033380],"product_tag":[1034163],"product_approvals":[],"product_application":[],"class_list":{"0":"post-378497","1":"product","2":"type-product","3":"status-publish","4":"has-post-thumbnail","6":"product_cat-ponts-elevateurs-a-2-colonnes-fr","7":"product_tag-passenger-cars-fr","9":"first","10":"instock","11":"shipping-taxable","12":"product-type-simple"},"approvals":[],"application":[],"brb_media_brochure":[{"id":349849,"url":"https:\/\/dev.codekraft.it\/rotary-2024\/wp-content\/uploads\/brb_media\/00409754_2-post-lift-spoa3tm-spoa3ts-br-126491-de-2019-04-screen.pdf","title":"2 post lift spoa3tm spoa3ts br 126491 de 2019 04 screen","mpn":"","thumbnail":"https:\/\/dev.codekraft.it\/rotary-2024\/wp-content\/uploads\/brb_media\/00409754_2-post-lift-spoa3tm-spoa3ts-br-126491-de-2019-04-screen-pdf-106x150.png","description":""},{"id":349850,"url":"https:\/\/dev.codekraft.it\/rotary-2024\/wp-content\/uploads\/brb_media\/00409755_2-post-lift-spoa3tm-spoa3ts-br-126492-en-2019-04-screen.pdf","title":"2 post lift spoa3tm spoa3ts br 126492 en 2019 04 screen","mpn":"","thumbnail":"https:\/\/dev.codekraft.it\/rotary-2024\/wp-content\/uploads\/brb_media\/00409755_2-post-lift-spoa3tm-spoa3ts-br-126492-en-2019-04-screen-pdf-106x150.png","description":""},{"id":349851,"url":"https:\/\/dev.codekraft.it\/rotary-2024\/wp-content\/uploads\/brb_media\/00409756_2-post-lift-spoa3tm-spoa3ts-br-126493-fr-2019-04-screen.pdf","title":"2 post lift spoa3tm spoa3ts br 126493 fr 2019 04 screen","mpn":"","thumbnail":"https:\/\/dev.codekraft.it\/rotary-2024\/wp-content\/uploads\/brb_media\/00409756_2-post-lift-spoa3tm-spoa3ts-br-126493-fr-2019-04-screen-pdf-106x150.png","description":""},{"id":349852,"url":"https:\/\/dev.codekraft.it\/rotary-2024\/wp-content\/uploads\/brb_media\/00409757_2-post-lift-spoa3tm-spoa3ts-br-126494-it-2019-04-screen.pdf","title":"2 post lift spoa3tm spoa3ts br 126494 it 2019 04 screen","mpn":"","thumbnail":"https:\/\/dev.codekraft.it\/rotary-2024\/wp-content\/uploads\/brb_media\/00409757_2-post-lift-spoa3tm-spoa3ts-br-126494-it-2019-04-screen-pdf-106x150.png","description":""},{"id":349853,"url":"https:\/\/dev.codekraft.it\/rotary-2024\/wp-content\/uploads\/brb_media\/00409758_2-post-lift-spoa3tm-spoa3ts-br-126495-es-2019-04-screen.pdf","title":"2 post lift spoa3tm spoa3ts br 126495 es 2019 04 screen","mpn":"","thumbnail":"https:\/\/dev.codekraft.it\/rotary-2024\/wp-content\/uploads\/brb_media\/00409758_2-post-lift-spoa3tm-spoa3ts-br-126495-es-2019-04-screen-pdf-106x150.png","description":""},{"id":349854,"url":"https:\/\/dev.codekraft.it\/rotary-2024\/wp-content\/uploads\/brb_media\/00409759_2-post-lift-spoa3tm-spoa3ts-br-126496-ru-2019-04-screen.pdf","title":"2 post lift spoa3tm spoa3ts br 126496 ru 2019 04 screen","mpn":"","thumbnail":"https:\/\/dev.codekraft.it\/rotary-2024\/wp-content\/uploads\/brb_media\/00409759_2-post-lift-spoa3tm-spoa3ts-br-126496-ru-2019-04-screen-pdf-106x150.png","description":""}],"brb_media_drawing":[{"id":349866,"url":"https:\/\/dev.codekraft.it\/rotary-2024\/wp-content\/uploads\/brb_media\/00407403_2-post-lift_spoa3ts-5_8615.pdf","title":"2 post lift spoa3ts 5 8615","mpn":"","thumbnail":"https:\/\/dev.codekraft.it\/rotary-2024\/wp-content\/uploads\/brb_media\/00407403_2-post-lift_spoa3ts-5_8615-pdf-150x106.png","description":""},{"id":349867,"url":"https:\/\/dev.codekraft.it\/rotary-2024\/wp-content\/uploads\/brb_media\/00407406_2-post-lift_da_spoa3ts-5-ap_8569.pdf","title":"2 post lift da spoa3ts 5 ap 8569","mpn":"","thumbnail":"https:\/\/dev.codekraft.it\/rotary-2024\/wp-content\/uploads\/brb_media\/00407406_2-post-lift_da_spoa3ts-5-ap_8569-pdf-150x106.png","description":""},{"id":349868,"url":"https:\/\/dev.codekraft.it\/rotary-2024\/wp-content\/uploads\/brb_media\/00407407_2-post-lift_da_spoa3ts-5-sc_8684.pdf","title":"2 post lift da spoa3ts 5 sc 8684","mpn":"","thumbnail":"https:\/\/dev.codekraft.it\/rotary-2024\/wp-content\/uploads\/brb_media\/00407407_2-post-lift_da_spoa3ts-5-sc_8684-pdf-150x106.png","description":""},{"id":349869,"url":"https:\/\/dev.codekraft.it\/rotary-2024\/wp-content\/uploads\/brb_media\/00407405_2-post-lift-spoa3t-5-af_8834.pdf","title":"2 post lift spoa3t 5 af 8834","mpn":"","thumbnail":"https:\/\/dev.codekraft.it\/rotary-2024\/wp-content\/uploads\/brb_media\/00407405_2-post-lift-spoa3t-5-af_8834-pdf-150x106.png","description":""},{"id":349870,"url":"https:\/\/dev.codekraft.it\/rotary-2024\/wp-content\/uploads\/brb_media\/00407404_2-post-lift_spoa3ts-5_8640.pdf","title":"2 post lift spoa3ts 5 8640","mpn":"","thumbnail":"https:\/\/dev.codekraft.it\/rotary-2024\/wp-content\/uploads\/brb_media\/00407404_2-post-lift_spoa3ts-5_8640-pdf-150x106.png","description":""},{"id":349865,"url":"https:\/\/dev.codekraft.it\/rotary-2024\/wp-content\/uploads\/brb_media\/00407615_spoa3ts-5_mit_bmw_1_3.pdf","title":"spoa3ts 5 mit bmw 1 3","mpn":"","thumbnail":"https:\/\/dev.codekraft.it\/rotary-2024\/wp-content\/uploads\/brb_media\/00407615_spoa3ts-5_mit_bmw_1_3-pdf-150x106.png","description":""},{"id":349871,"url":"https:\/\/dev.codekraft.it\/rotary-2024\/wp-content\/uploads\/brb_media\/00407616_2-post-lift_spoa3ts-5-sc_8686.pdf","title":"2 post lift spoa3ts 5 sc 8686","mpn":"","thumbnail":"https:\/\/dev.codekraft.it\/rotary-2024\/wp-content\/uploads\/brb_media\/00407616_2-post-lift_spoa3ts-5-sc_8686-pdf-150x106.png","description":""},{"id":349872,"url":"https:\/\/dev.codekraft.it\/rotary-2024\/wp-content\/uploads\/brb_media\/00407617_2-post-lift-spoa3t-5-af_vw_8825.pdf","title":"2 post lift spoa3t 5 af vw 8825","mpn":"","thumbnail":"https:\/\/dev.codekraft.it\/rotary-2024\/wp-content\/uploads\/brb_media\/00407617_2-post-lift-spoa3t-5-af_vw_8825-pdf-150x106.png","description":""}],"brb_media_manuals":[{"id":378489,"url":"https:\/\/dev.codekraft.it\/rotary-2024\/wp-content\/uploads\/brb_media\/00550427_2-post-lift-spoa3t_om-sp-tb_spo-3-de_2025-03-rev-g.pdf","title":"2 Post Lift SPOA3T OM SP TB SPO 3 DE 2025 03 Rev G","mpn":"","thumbnail":"https:\/\/dev.codekraft.it\/rotary-2024\/wp-content\/uploads\/brb_media\/00550427_2-post-lift-spoa3t_om-sp-tb_spo-3-de_2025-03-rev-g-pdf-106x150.png","description":""},{"id":349856,"url":"https:\/\/dev.codekraft.it\/rotary-2024\/wp-content\/uploads\/brb_media\/00470985_2-post-lift-om-spo-3\uff08reva1en.pdf","title":"2 Post Lift OM SPO 3\uff08revA1)(en)","mpn":"","thumbnail":"https:\/\/dev.codekraft.it\/rotary-2024\/wp-content\/uploads\/brb_media\/00470985_2-post-lift-om-spo-3\uff08reva1en-pdf-116x150.png","description":""},{"id":349857,"url":"https:\/\/dev.codekraft.it\/rotary-2024\/wp-content\/uploads\/brb_media\/00466373_2-post-lift-om-spo-3-ef-bc-88reva1-fr-.pdf","title":"2 post lift om spo 3 EF BC 88reva1 fr","mpn":"","thumbnail":"https:\/\/dev.codekraft.it\/rotary-2024\/wp-content\/uploads\/brb_media\/00466373_2-post-lift-om-spo-3-ef-bc-88reva1-fr--pdf-116x150.png","description":""},{"id":349859,"url":"https:\/\/dev.codekraft.it\/rotary-2024\/wp-content\/uploads\/brb_media\/00466375_2-post-lift-om-spo-3-ef-bc-88reva1-it-.pdf","title":"2 post lift om spo 3 EF BC 88reva1 it","mpn":"","thumbnail":"https:\/\/dev.codekraft.it\/rotary-2024\/wp-content\/uploads\/brb_media\/00466375_2-post-lift-om-spo-3-ef-bc-88reva1-it--pdf-116x150.png","description":""},{"id":349858,"url":"https:\/\/dev.codekraft.it\/rotary-2024\/wp-content\/uploads\/brb_media\/00466372_2-post-lift-om-spo-3-ef-bc-88reva1-es-.pdf","title":"2 post lift om spo 3 EF BC 88reva1 es","mpn":"","thumbnail":"https:\/\/dev.codekraft.it\/rotary-2024\/wp-content\/uploads\/brb_media\/00466372_2-post-lift-om-spo-3-ef-bc-88reva1-es--pdf-116x150.png","description":""},{"id":349860,"url":"https:\/\/dev.codekraft.it\/rotary-2024\/wp-content\/uploads\/brb_media\/00466376_2-post-lift-om-spo-3-ef-bc-88reva1-rus-.pdf","title":"2 post lift om spo 3 EF BC 88reva1 rus","mpn":"","thumbnail":"https:\/\/dev.codekraft.it\/rotary-2024\/wp-content\/uploads\/brb_media\/00466376_2-post-lift-om-spo-3-ef-bc-88reva1-rus--pdf-116x150.png","description":""},{"id":349861,"url":"https:\/\/dev.codekraft.it\/rotary-2024\/wp-content\/uploads\/brb_media\/00466369_2-post-lift-om-spo-3-ef-bc-88reva1-cz-.pdf","title":"2 post lift om spo 3 EF BC 88reva1 cz","mpn":"","thumbnail":"https:\/\/dev.codekraft.it\/rotary-2024\/wp-content\/uploads\/brb_media\/00466369_2-post-lift-om-spo-3-ef-bc-88reva1-cz--pdf-116x150.png","description":""},{"id":349862,"url":"https:\/\/dev.codekraft.it\/rotary-2024\/wp-content\/uploads\/brb_media\/00466370_2-post-lift-om-spo-3-ef-bc-88reva1-dutch-.pdf","title":"2 post lift om spo 3 EF BC 88reva1 dutch","mpn":"","thumbnail":"https:\/\/dev.codekraft.it\/rotary-2024\/wp-content\/uploads\/brb_media\/00466370_2-post-lift-om-spo-3-ef-bc-88reva1-dutch--pdf-116x150.png","description":""},{"id":349863,"url":"https:\/\/dev.codekraft.it\/rotary-2024\/wp-content\/uploads\/brb_media\/00466378_2-post-lift-om-spo-3-ef-bc-88reva1-sw-.pdf","title":"2 post lift om spo 3 EF BC 88reva1 sw","mpn":"","thumbnail":"https:\/\/dev.codekraft.it\/rotary-2024\/wp-content\/uploads\/brb_media\/00466378_2-post-lift-om-spo-3-ef-bc-88reva1-sw--pdf-116x150.png","description":""},{"id":349864,"url":"https:\/\/dev.codekraft.it\/rotary-2024\/wp-content\/uploads\/brb_media\/00466377_2-post-lift-om-spo-3-ef-bc-88reva1-slov-.pdf","title":"2 post lift om spo 3 EF BC 88reva1 slov","mpn":"","thumbnail":"https:\/\/dev.codekraft.it\/rotary-2024\/wp-content\/uploads\/brb_media\/00466377_2-post-lift-om-spo-3-ef-bc-88reva1-slov--pdf-116x150.png","description":""}],"brb_media_safety_datasheets":"","brb_media_spare_parts":[],"_cdmm_p_id":"177354","_company":"Elektron","_gtin":"4057612494242","accessories":[{"id":378448,"mpn":"FJ6199","name":"Entretoises pour tampons pour \u00e9l\u00e9vateurs \u00e9lectrohydrauliques","description":"4 x 89 mm, 4 x 127 mm, y compris 2 supports pour le montage sur les colonnes | 1 jeu \/ 8 pi\u00e8ces","thumbnail":"https:\/\/dev.codekraft.it\/rotary-2024\/wp-content\/uploads\/brb_media\/00495751_2-post-lift-spoa3ts-ev-adapter-extension-89-127-di-150x150.png","url":"https:\/\/dev.codekraft.it\/rotary-2024\/fr\/produits\/accessoires-ponts-elevateurs-fr\/accessoires-ponts-elevateurs-a-2-colonnes-fr\/entretoises-pour-tampons-pour-elevateurs-electrohydrauliques\/"},{"id":383984,"mpn":"VSG.2CALL.902641","name":"Bac pour les outils","description":"Aimant\u00e9es | ensemble de plateaux | 1 jeu \/ 4 pi\u00e8ces","thumbnail":"https:\/\/dev.codekraft.it\/rotary-2024\/wp-content\/uploads\/brb_media\/00509504_2-post-lift-vsg2call902641-mi-150x150.png","url":"https:\/\/dev.codekraft.it\/rotary-2024\/fr\/produits\/accessoires-ponts-elevateurs-fr\/accessoires-ponts-elevateurs-a-2-colonnes-fr\/bac-pour-les-outils\/"},{"id":381088,"mpn":"FJ6216C","name":"Kit tampons","description":"Plaque de support, support en caoutchouc, rond | \u00d8 80 mm | 1 jeu \/ 4 pi\u00e8ces","thumbnail":"https:\/\/dev.codekraft.it\/rotary-2024\/wp-content\/uploads\/brb_media\/00535980_2-post-lift-fj6216c-mi-150x150.png","url":"https:\/\/dev.codekraft.it\/rotary-2024\/fr\/produits\/accessoires-ponts-elevateurs-fr\/systemes-de-transport-prise-de-charge-fr\/kit-tampons-7\/"},{"id":382528,"mpn":"VSG.2CALL.901538","name":"Kit tampons","description":"Plaque de support, support en caoutchouc, rectangulaire | pour Tesla | 1 jeu \/ 4 pi\u00e8ces","thumbnail":"https:\/\/dev.codekraft.it\/rotary-2024\/wp-content\/uploads\/brb_media\/00505100_2-post-lift-vsg2call901538-mi-150x150.png","url":"https:\/\/dev.codekraft.it\/rotary-2024\/fr\/produits\/accessoires-ponts-elevateurs-fr\/systemes-de-transport-prise-de-charge-fr\/kit-tampons-8\/"},{"id":382534,"mpn":"VSG.2CALL.902023","name":"Kit tampons","description":"Plateau, champignon de centrage | pour Fiat 500E, 500 ABARTH | 2 niveaux | 1 jeu \/ 4 pi\u00e8ces","thumbnail":"https:\/\/dev.codekraft.it\/rotary-2024\/wp-content\/uploads\/brb_media\/00505105_2-post-lift-vsg2call902023-mi-150x150.png","url":"https:\/\/dev.codekraft.it\/rotary-2024\/fr\/produits\/accessoires-ponts-elevateurs-fr\/systemes-de-transport-prise-de-charge-fr\/kit-tampons-9\/"},{"id":382540,"mpn":"VSG.2CALL.902146","name":"Kit tampons","description":"Prisme | pour VW-MEB-Platform-V\u00e9hicules \u00e9lectriques | 1 jeu \/ 4 pi\u00e8ce","thumbnail":"https:\/\/dev.codekraft.it\/rotary-2024\/wp-content\/uploads\/brb_media\/00509505_2-post-lift-vsg2call902146-mi-150x150.png","url":"https:\/\/dev.codekraft.it\/rotary-2024\/fr\/produits\/accessoires-ponts-elevateurs-fr\/systemes-de-transport-prise-de-charge-fr\/kit-tampons-10\/"},{"id":382564,"mpn":"VSG.2CALL.901330","name":"Kit tampons","description":"Plateau, logement en U | 1 jeu \/ 4 pi\u00e8ces","thumbnail":"https:\/\/dev.codekraft.it\/rotary-2024\/wp-content\/uploads\/brb_media\/00505104_2-post-lift-vsg2call901330-mi-150x150.png","url":"https:\/\/dev.codekraft.it\/rotary-2024\/fr\/produits\/accessoires-ponts-elevateurs-fr\/systemes-de-transport-prise-de-charge-fr\/kit-tampons-11\/"},{"id":384184,"mpn":"VSG.2CALL.901859","name":"Kit tampons","description":"Prisme | pour Mercedes Classe G - l'avant et l'arri\u00e8re | 1 jeu \/ 4 pi\u00e8ces","thumbnail":"https:\/\/dev.codekraft.it\/rotary-2024\/wp-content\/uploads\/brb_media\/00511001_2-post-lift-vsg2call901859-mi-150x150.png","url":"https:\/\/dev.codekraft.it\/rotary-2024\/fr\/produits\/accessoires-ponts-elevateurs-fr\/systemes-de-transport-prise-de-charge-fr\/kit-tampons-14\/"},{"id":384178,"mpn":"VSG.2CALL.901606","name":"Kit tampons","description":"Mandrin | pour Fiat Ducato, Peugeot Boxer, Citro\u00ebn Jumper - avant et arri\u00e8re | 1 jeu \/ 4 pi\u00e8ces","thumbnail":"https:\/\/dev.codekraft.it\/rotary-2024\/wp-content\/uploads\/brb_media\/00510999_2-post-lift-vsg2call901606-mi-150x150.png","url":"https:\/\/dev.codekraft.it\/rotary-2024\/fr\/produits\/accessoires-ponts-elevateurs-fr\/systemes-de-transport-prise-de-charge-fr\/kit-tampons-13\/"},{"id":384172,"mpn":"VSG.2CALL.901712","name":"Kit tampons","description":"Prisme, mandrin | pour Mercedes Sprinter, VW Crafter | 1 jeu \/ 6 pi\u00e8ces","thumbnail":"https:\/\/dev.codekraft.it\/rotary-2024\/wp-content\/uploads\/brb_media\/00511000_2-post-lift-vsg2call901712-mi-150x150.png","url":"https:\/\/dev.codekraft.it\/rotary-2024\/fr\/produits\/accessoires-ponts-elevateurs-fr\/systemes-de-transport-prise-de-charge-fr\/kit-tampons-12\/"},{"id":382558,"mpn":"VSG.2CALL.901163","name":"Kit adaptateurs","description":"Kit adaptateurs pour tampons pour prise chassis \u00d8 120 mm (1 jeu, 2 pi\u00e8ces), pour plateau tournant","thumbnail":"https:\/\/dev.codekraft.it\/rotary-2024\/wp-content\/uploads\/brb_media\/00524050_2-post-lift-fj6353-1-mi-150x150.png","url":"https:\/\/dev.codekraft.it\/rotary-2024\/fr\/produits\/accessoires-ponts-elevateurs-fr\/accessoires-ponts-elevateurs-a-2-colonnes-fr\/kit-adaptateurs\/"},{"id":381256,"mpn":"GP-SPOA3T","name":"Arceau auxiliaire","description":"Pour plaque de base SPO3T | 1 jeu \/ 2 pi\u00e8ces","thumbnail":"https:\/\/dev.codekraft.it\/rotary-2024\/wp-content\/uploads\/brb_media\/00524052_2-post-lift-gp-spoa3t-mi-150x150.png","url":"https:\/\/dev.codekraft.it\/rotary-2024\/fr\/produits\/accessoires-ponts-elevateurs-fr\/accessoires-ponts-elevateurs-a-2-colonnes-fr\/arceau-auxiliaire\/"},{"id":378989,"mpn":"CONTROL-SPOA3TC-NB","name":"Deuxi\u00e8me unit\u00e9 de commande","description":"Pour SPOA3TS - Non compatible EV | 1 pi\u00e8ce","thumbnail":"https:\/\/dev.codekraft.it\/rotary-2024\/wp-content\/uploads\/brb_media\/00312548-150x150.png","url":"https:\/\/dev.codekraft.it\/rotary-2024\/fr\/produits\/accessoires-ponts-elevateurs-fr\/accessoires-ponts-elevateurs-a-2-colonnes-fr\/deuxieme-unite-de-commande\/"},{"id":382552,"mpn":"VSG.2CALL.901248","name":"Entretoises pour tampons","description":"4 x 200 mm, y compris support pour le montage sur les colonnes | 1 jeu \/ 4 pi\u00e8ces","thumbnail":"https:\/\/dev.codekraft.it\/rotary-2024\/wp-content\/uploads\/brb_media\/00505099_2-post-lift-vsg2call901248-mi-150x150.png","url":"https:\/\/dev.codekraft.it\/rotary-2024\/fr\/produits\/accessoires-ponts-elevateurs-fr\/accessoires-ponts-elevateurs-a-2-colonnes-fr\/entretoises-pour-tampons\/"},{"id":383972,"mpn":"VSG.2CALL.902818","name":"Kit de supports pour rehausser les v\u00e9hicules","description":"Hauteur de rampe 60 mm, pour v\u00e9hicules extr\u00eamement bas | 1 jeu \/ 2 pi\u00e8ces","thumbnail":"https:\/\/dev.codekraft.it\/rotary-2024\/wp-content\/uploads\/brb_media\/00509501_2-post-lift-vsg2call902818-mi-150x150.png","url":"https:\/\/dev.codekraft.it\/rotary-2024\/fr\/produits\/accessoires-ponts-elevateurs-fr\/accessoires-ponts-elevateurs-a-2-colonnes-fr\/kit-de-supports-pour-rehausser-les-vehicules\/"},{"id":383978,"mpn":"VSG.2CALL.902085","name":"Kit de supports pour le contr\u00f4le de g\u00e9om\u00e9trie","description":"1 jeu \/ 4 pi\u00e8ces","thumbnail":"https:\/\/dev.codekraft.it\/rotary-2024\/wp-content\/uploads\/brb_media\/00509503_2-post-lift-vsg2call902085-mi-150x150.png","url":"https:\/\/dev.codekraft.it\/rotary-2024\/fr\/produits\/accessoires-ponts-elevateurs-fr\/accessoires-ponts-elevateurs-a-2-colonnes-fr\/kit-de-supports-pour-le-controle-de-geometrie\/"},{"id":384190,"mpn":"VSG.2CALL.902511","name":"Support d&#039;outil","description":"Support pour outillage pneumatique, ergonomique","thumbnail":"https:\/\/dev.codekraft.it\/rotary-2024\/wp-content\/uploads\/brb_media\/00511003_2-post-lift-vsg2call902511-mi-150x150.png","url":"https:\/\/dev.codekraft.it\/rotary-2024\/fr\/produits\/accessoires-ponts-elevateurs-fr\/accessoires-ponts-elevateurs-a-2-colonnes-fr\/support-doutil\/"}],"components":[],"related":[],"page_logo_src":"https:\/\/dev.codekraft.it\/rotary-2024\/wp-content\/uploads\/2024\/05\/cropped-rotary-logo-2022.png","lang":"fr","translations":{"fr":378497,"en":378495,"de":378496,"it":378498,"es":378499,"ru":378500},"pll_sync_post":[],"_links":{"self":[{"href":"https:\/\/dev.codekraft.it\/rotary-2024\/wp-json\/wp\/v2\/product\/378497","targetHints":{"allow":["GET"]}}],"collection":[{"href":"https:\/\/dev.codekraft.it\/rotary-2024\/wp-json\/wp\/v2\/product"}],"about":[{"href":"https:\/\/dev.codekraft.it\/rotary-2024\/wp-json\/wp\/v2\/types\/product"}],"wp:featuredmedia":[{"embeddable":true,"href":"https:\/\/dev.codekraft.it\/rotary-2024\/wp-json\/wp\/v2\/media\/349848"}],"wp:attachment":[{"href":"https:\/\/dev.codekraft.it\/rotary-2024\/wp-json\/wp\/v2\/media?parent=378497"}],"wp:term":[{"taxonomy":"product_brand","embeddable":true,"href":"https:\/\/dev.codekraft.it\/rotary-2024\/wp-json\/wp\/v2\/product_brand?post=378497"},{"taxonomy":"product_cat","embeddable":true,"href":"https:\/\/dev.codekraft.it\/rotary-2024\/wp-json\/wp\/v2\/product_cat?post=378497"},{"taxonomy":"product_tag","embeddable":true,"href":"https:\/\/dev.codekraft.it\/rotary-2024\/wp-json\/wp\/v2\/product_tag?post=378497"},{"taxonomy":"product_approvals","embeddable":true,"href":"https:\/\/dev.codekraft.it\/rotary-2024\/wp-json\/wp\/v2\/product_approvals?post=378497"},{"taxonomy":"product_application","embeddable":true,"href":"https:\/\/dev.codekraft.it\/rotary-2024\/wp-json\/wp\/v2\/product_application?post=378497"}],"curies":[{"name":"wp","href":"https:\/\/api.w.org\/{rel}","templated":true}]}}