{"id":378244,"date":"2024-06-20T10:13:57","date_gmt":"2024-06-20T10:13:57","guid":{"rendered":"https:\/\/dev.codekraft.it\/rotary-2024\/products\/uncategorized\/reservoir-dair-comprime-construction-horizontale-k-1500-16\/"},"modified":"2024-06-20T10:13:57","modified_gmt":"2024-06-20T10:13:57","slug":"reservoir-dair-comprime-construction-horizontale-k-1500-16","status":"publish","type":"product","link":"https:\/\/dev.codekraft.it\/rotary-2024\/fr\/produits\/technologie-de-lair-comprime-fr\/reservoirs-dair-comprime-fr\/reservoir-dair-comprime-construction-horizontale-k-1500-16\/","title":{"rendered":"R\u00e9servoir d\u2019air comprim\u00e9, construction horizontale K 1500\/16"},"content":{"rendered":"","protected":false},"excerpt":{"rendered":"<p>16 bar, peint, construction horizontale<\/p>\n","protected":false},"featured_media":349602,"template":"","meta":[],"product_cat":[1033700],"product_tag":[1034145,1034128,1034197,1035648,1035682,1034262,1035665,1034180,1034231,1034214,1034163],"product_approvals":[],"product_application":[],"class_list":{"0":"post-378244","1":"product","2":"type-product","3":"status-publish","4":"has-post-thumbnail","6":"product_cat-reservoirs-dair-comprime-fr","7":"product_tag-buses-fr","8":"product_tag-trucks-fr","9":"product_tag-motor-homes-fr","10":"product_tag-motorbikes-fr","11":"product_tag-quad-bikes-fr","12":"product_tag-remorques-fr","13":"product_tag-scooter-fr","14":"product_tag-light-commercial-fr","15":"product_tag-tracked-vehicles-fr","16":"product_tag-agricultural-machines-fr","17":"product_tag-passenger-cars-fr","19":"first","20":"instock","21":"shipping-taxable","22":"product-type-simple"},"approvals":[],"application":[],"brb_media_brochure":"","brb_media_drawing":"","brb_media_manuals":"","brb_media_safety_datasheets":"","brb_media_spare_parts":[],"_cdmm_p_id":"1912","_company":"Elektron","_gtin":"4057612485059","accessories":[{"id":385905,"cdmm_p_id":"962","name":"Support \u00e9lastique","description":"Pour r\u00e9cipients sous pression couch\u00e9s avec volume > 500 l","thumbnail":"https:\/\/dev.codekraft.it\/rotary-2024\/wp-content\/uploads\/brb_media\/00022851_air-receiver-vibration-mounts-web-mid-150x150.png","url":"https:\/\/dev.codekraft.it\/rotary-2024\/fr\/produits\/technologie-de-lair-comprime-fr\/reservoirs-dair-comprime-fr\/support-elastique-2\/"},{"id":385977,"cdmm_p_id":"1870","name":"Armature","description":"","thumbnail":"","url":"https:\/\/dev.codekraft.it\/rotary-2024\/fr\/produits\/accessoires-technologie-de-lair-comprime-fr\/accessoires-compresseurs-a-pistons-fr\/armature-17\/"}],"components":[],"related":[],"similar":[],"lang":"fr","translations":{"fr":378244,"en":378242,"de":378243,"it":378245,"es":378246,"ru":378247},"pll_sync_post":[],"_links":{"self":[{"href":"https:\/\/dev.codekraft.it\/rotary-2024\/wp-json\/wp\/v2\/product\/378244","targetHints":{"allow":["GET"]}}],"collection":[{"href":"https:\/\/dev.codekraft.it\/rotary-2024\/wp-json\/wp\/v2\/product"}],"about":[{"href":"https:\/\/dev.codekraft.it\/rotary-2024\/wp-json\/wp\/v2\/types\/product"}],"wp:featuredmedia":[{"embeddable":true,"href":"https:\/\/dev.codekraft.it\/rotary-2024\/wp-json\/wp\/v2\/media\/349602"}],"wp:attachment":[{"href":"https:\/\/dev.codekraft.it\/rotary-2024\/wp-json\/wp\/v2\/media?parent=378244"}],"wp:term":[{"taxonomy":"product_cat","embeddable":true,"href":"https:\/\/dev.codekraft.it\/rotary-2024\/wp-json\/wp\/v2\/product_cat?post=378244"},{"taxonomy":"product_tag","embeddable":true,"href":"https:\/\/dev.codekraft.it\/rotary-2024\/wp-json\/wp\/v2\/product_tag?post=378244"},{"taxonomy":"product_approvals","embeddable":true,"href":"https:\/\/dev.codekraft.it\/rotary-2024\/wp-json\/wp\/v2\/product_approvals?post=378244"},{"taxonomy":"product_application","embeddable":true,"href":"https:\/\/dev.codekraft.it\/rotary-2024\/wp-json\/wp\/v2\/product_application?post=378244"}],"curies":[{"name":"wp","href":"https:\/\/api.w.org\/{rel}","templated":true}]}}