{"id":378106,"date":"2024-06-20T10:13:55","date_gmt":"2024-06-20T10:13:55","guid":{"rendered":"https:\/\/dev.codekraft.it\/rotary-2024\/products\/uncategorized\/regulateurs-portables-de-pression-des-pneus-pneujet\/"},"modified":"2024-06-20T10:13:55","modified_gmt":"2024-06-20T10:13:55","slug":"regulateurs-portables-de-pression-des-pneus-pneujet","status":"publish","type":"product","link":"https:\/\/dev.codekraft.it\/rotary-2024\/fr\/produits\/service-de-pneus-fr\/gonfleur-manometres-pression-pneu-fr\/regulateurs-portables-de-pression-des-pneus-pneujet\/","title":{"rendered":"R\u00e9gulateurs portables de pression des pneus Pneujet"},"content":{"rendered":"<ul>\n<li><strong>Capuchon de protection en caoutchouc FLEX4:<\/strong> Il prot\u00e8ge de fa\u00e7on fiable la m\u00e9canique du manom\u00e8tre de pr\u00e9cision des chocs ext\u00e9rieurs.\n<li><strong>Protection contre la surpression:<\/strong> Des m\u00e9canismes de protection int\u00e9gr\u00e9s emp\u00eachent le manom\u00e8tre d&#8217;\u00eatre endommag\u00e9 en cas d&#8217;alimentation excessive involontaire en pression.\n<li><strong>Manom\u00e8tre de pr\u00e9cision \u00e0 la lecture facile:<\/strong> Un grand cadran de 80 mm permet une inscription avec de grands signes et \u00e0 la lecture optimale.\n<li><strong>Conception au poids optimis\u00e9:<\/strong> Gr\u00e2ce \u00e0 l&#8217;utilisation d&#8217;alliages l\u00e9gers d&#8217;aluminium et de mati\u00e8res plastiques r\u00e9sistantes aux chocs, le poids total est r\u00e9duit au minimum.\n<li><strong>Protection contre les flambages int\u00e9gr\u00e9e:<\/strong> Elle permet de stabiliser le tuyau de gonflage \u00e0 la sortie et assure ainsi une longue dur\u00e9e de vie et une usure bien moindre de l&#8217;appareil.\n<li><strong>Tuyau de gonflage de 500 mm de longueur:<\/strong> M\u00eame des valves difficilement accessibles peuvent \u00eatre atteintes de fa\u00e7on optimale, la libert\u00e9 de mouvement est toujours conserv\u00e9e.\n<li><strong>\u0152illet de suspension int\u00e9gr\u00e9:<\/strong> Avec l&#8217;\u0153illet de suspension int\u00e9gr\u00e9 dans le levier de commande, le r\u00e9gulateur de pression des pneus peut \u00eatre rapidement et facilement aliment\u00e9. es chutes dues \u00e0 des flexibles qui tra\u00eenent <strong>sont ainsi \u00e9vit\u00e9es efficacement.<\/strong>\n<li><strong>Construction ergonomique:<\/strong>les dimensions compactes avec un manom\u00e8tre de pr\u00e9cision \u00e0 la lecture optimale plaisent autant aux droitiers qu&#8217;aux gauchers, aussi bien \u00e0 ceux qui ont de grandes mains qu&#8217;\u00e0 ceux ayant de petites mains.\n<li><strong>Commande \u00e0 un levier:<\/strong> Toutes les fonctions de commande peuvent \u00eatre appel\u00e9es d&#8217;une main : le contr\u00f4le, le gonflage et l&#8217;\u00e9chappement de l&#8217;air.<\/li>\n<\/ul>\n","protected":false},"excerpt":{"rendered":"<p>0-25 bar (0-350 psi), Tuyau de gonflage avec adaptateur \u00e0 vis \u00e0 clapet<\/p>\n","protected":false},"featured_media":349104,"template":"","meta":[],"product_brand":[],"product_cat":[1033600],"product_tag":[1036465,1034145,1034128,1034197,1035648,1035682,1034262,1035665,1034180,1034214,1034163],"product_approvals":[],"product_application":[],"class_list":{"0":"post-378106","1":"product","2":"type-product","3":"status-publish","4":"has-post-thumbnail","6":"product_cat-gonfleur-manometres-pression-pneu-fr","7":"product_tag-airplanes-fr","8":"product_tag-buses-fr","9":"product_tag-trucks-fr","10":"product_tag-motor-homes-fr","11":"product_tag-motorbikes-fr","12":"product_tag-quad-bikes-fr","13":"product_tag-remorques-fr","14":"product_tag-scooter-fr","15":"product_tag-light-commercial-fr","16":"product_tag-agricultural-machines-fr","17":"product_tag-passenger-cars-fr","19":"first","20":"instock","21":"shipping-taxable","22":"product-type-simple"},"approvals":[],"application":[],"brb_media_brochure":[{"id":349032,"url":"https:\/\/dev.codekraft.it\/rotary-2024\/wp-content\/uploads\/brb_media\/00355450_tyre-pressure-regulator-br-110086-de-2016-12-screen.pdf","title":"tyre pressure regulator br 110086 de 2016 12 screen","mpn":"","thumbnail":"https:\/\/dev.codekraft.it\/rotary-2024\/wp-content\/uploads\/brb_media\/00355450_tyre-pressure-regulator-br-110086-de-2016-12-screen-pdf-150x106.png","description":""},{"id":349033,"url":"https:\/\/dev.codekraft.it\/rotary-2024\/wp-content\/uploads\/brb_media\/00224232_reifendruckregler_en_2010_11_screen.pdf","title":"reifendruckregler en 2010 11 screen","mpn":"","thumbnail":"https:\/\/dev.codekraft.it\/rotary-2024\/wp-content\/uploads\/brb_media\/00224232_reifendruckregler_en_2010_11_screen-pdf-106x150.png","description":""},{"id":349034,"url":"https:\/\/dev.codekraft.it\/rotary-2024\/wp-content\/uploads\/brb_media\/00355454_tyre-pressure-regulator-br-110090-es-2016-12-screen.pdf","title":"tyre pressure regulator br 110090 es 2016 12 screen","mpn":"","thumbnail":"https:\/\/dev.codekraft.it\/rotary-2024\/wp-content\/uploads\/brb_media\/00355454_tyre-pressure-regulator-br-110090-es-2016-12-screen-pdf-150x106.png","description":""},{"id":349035,"url":"https:\/\/dev.codekraft.it\/rotary-2024\/wp-content\/uploads\/brb_media\/00355452_tyre-pressure-regulator-br-110088-fr-2016-12-screen.pdf","title":"tyre pressure regulator br 110088 fr 2016 12 screen","mpn":"","thumbnail":"https:\/\/dev.codekraft.it\/rotary-2024\/wp-content\/uploads\/brb_media\/00355452_tyre-pressure-regulator-br-110088-fr-2016-12-screen-pdf-150x106.png","description":""},{"id":349036,"url":"https:\/\/dev.codekraft.it\/rotary-2024\/wp-content\/uploads\/brb_media\/00355453_tyre-pressure-regulator-br-110089-it-2016-12-screen.pdf","title":"tyre pressure regulator br 110089 it 2016 12 screen","mpn":"","thumbnail":"https:\/\/dev.codekraft.it\/rotary-2024\/wp-content\/uploads\/brb_media\/00355453_tyre-pressure-regulator-br-110089-it-2016-12-screen-pdf-150x106.png","description":""},{"id":349037,"url":"https:\/\/dev.codekraft.it\/rotary-2024\/wp-content\/uploads\/brb_media\/00355456_tyre-pressure-regulator-br-110087-ru-2016-12-screen.pdf","title":"tyre pressure regulator br 110087 ru 2016 12 screen","mpn":"","thumbnail":"https:\/\/dev.codekraft.it\/rotary-2024\/wp-content\/uploads\/brb_media\/00355456_tyre-pressure-regulator-br-110087-ru-2016-12-screen-pdf-150x106.png","description":""}],"brb_media_drawing":"","brb_media_manuals":[{"id":349105,"url":"https:\/\/dev.codekraft.it\/rotary-2024\/wp-content\/uploads\/brb_media\/00022333_tyre-inflator-pneurex-pneufix-pneujet-pneumax-om-sp-de-en-fr-1999-10-screen.pdf","title":"tyre inflator pneurex pneufix pneujet pneumax om sp de en fr 1999 10 screen","mpn":"","thumbnail":"https:\/\/dev.codekraft.it\/rotary-2024\/wp-content\/uploads\/brb_media\/00022333_tyre-inflator-pneurex-pneufix-pneujet-pneumax-om-sp-de-en-fr-1999-10-screen-pdf-106x150.png","description":""}],"brb_media_safety_datasheets":"","brb_media_spare_parts":[],"_cdmm_p_id":"558","_company":"Elektron","_gtin":"4057612001495","accessories":[],"components":[],"related":[],"page_logo_src":"https:\/\/dev.codekraft.it\/rotary-2024\/wp-content\/uploads\/2026\/04\/rotary-negative-logo.png","lang":"fr","translations":{"fr":378106,"en":378104,"de":378105,"it":378107,"es":378108,"ru":378109},"pll_sync_post":[],"_links":{"self":[{"href":"https:\/\/dev.codekraft.it\/rotary-2024\/wp-json\/wp\/v2\/product\/378106","targetHints":{"allow":["GET"]}}],"collection":[{"href":"https:\/\/dev.codekraft.it\/rotary-2024\/wp-json\/wp\/v2\/product"}],"about":[{"href":"https:\/\/dev.codekraft.it\/rotary-2024\/wp-json\/wp\/v2\/types\/product"}],"wp:featuredmedia":[{"embeddable":true,"href":"https:\/\/dev.codekraft.it\/rotary-2024\/wp-json\/wp\/v2\/media\/349104"}],"wp:attachment":[{"href":"https:\/\/dev.codekraft.it\/rotary-2024\/wp-json\/wp\/v2\/media?parent=378106"}],"wp:term":[{"taxonomy":"product_brand","embeddable":true,"href":"https:\/\/dev.codekraft.it\/rotary-2024\/wp-json\/wp\/v2\/product_brand?post=378106"},{"taxonomy":"product_cat","embeddable":true,"href":"https:\/\/dev.codekraft.it\/rotary-2024\/wp-json\/wp\/v2\/product_cat?post=378106"},{"taxonomy":"product_tag","embeddable":true,"href":"https:\/\/dev.codekraft.it\/rotary-2024\/wp-json\/wp\/v2\/product_tag?post=378106"},{"taxonomy":"product_approvals","embeddable":true,"href":"https:\/\/dev.codekraft.it\/rotary-2024\/wp-json\/wp\/v2\/product_approvals?post=378106"},{"taxonomy":"product_application","embeddable":true,"href":"https:\/\/dev.codekraft.it\/rotary-2024\/wp-json\/wp\/v2\/product_application?post=378106"}],"curies":[{"name":"wp","href":"https:\/\/api.w.org\/{rel}","templated":true}]}}