{"id":378105,"date":"2024-06-20T10:13:52","date_gmt":"2024-06-20T10:13:52","guid":{"rendered":"https:\/\/dev.codekraft.it\/rotary-2024\/products\/uncategorized\/tragbarer-reifendruckregler-pneujet\/"},"modified":"2024-06-20T10:13:52","modified_gmt":"2024-06-20T10:13:52","slug":"tragbarer-reifendruckregler-pneujet","status":"publish","type":"product","link":"https:\/\/dev.codekraft.it\/rotary-2024\/produkte\/reifenservice-de\/reifenfuller-reifendruckprufer-de\/tragbarer-reifendruckregler-pneujet\/","title":{"rendered":"Tragbarer Reifendruckregler Pneujet"},"content":{"rendered":"<ul>\n<li><strong>FLEX4 Gummi-Schutzkappe:<\/strong> Sch\u00fctzt die Mechanik des Pr\u00e4zisions-Manometers zuverl\u00e4ssig vor externen St\u00f6\u00dfen.<\/li>\n<li><strong>\u00dcberdrucksicher:<\/strong> Integrierte Schutzmechanismen verhindern Sch\u00e4den am Manometer bei versehentlicher Druck\u00fcberversorgung.<\/li>\n<li><strong>Leicht ablesbares Pr\u00e4zisions-Manometer:<\/strong> Das 80 mm gro\u00dfe Zifferblatt bietet viel Platz f\u00fcr eine gro\u00dfz\u00fcgige, optimal ablesbare Beschriftung.<\/li>\n<li><strong>Gewichtsoptimierte Bauweise:<\/strong> Durch die Verwendung leichter Aluminiumlegierungen und schlagfester Kunststoffe wird das Gesamtgewicht auf ein Minimum reduziert.<\/li>\n<li><strong>Integrierter Knickschutz:<\/strong> Stabilisiert den F\u00fcllschlauch am Ausgang und sorgt damit f\u00fcr eine lange Lebensdauer und deutlich geringeren Verschlei\u00df.<\/li>\n<li><strong>500 mm langer F\u00fcllschlauch:<\/strong> Selbst schwer zug\u00e4ngliche Ventile k\u00f6nnen damit optimal erreicht werden \u2013 die Bewegungsfreiheit bleibt dabei stets erhalten.<\/li>\n<li><strong>Integrierte Aufh\u00e4nge\u00f6se:<\/strong> Mit der im Bedienhebel integrierten Aufh\u00e4nge\u00f6se kann der Reifendruckregler schnell und einfach versorgt werden. Stoperfallen durch herumliegende Schl\u00e4uche werden dadurch wirksam vermieden.<\/li>\n<li><strong>Ergonomische Bauform:<\/strong> Die kompakten Abmessungen mit optimal ablesbarem Pr\u00e4zisions-Manometer sprechen Rechts- und Linksh\u00e4nder, sowohl mit gro\u00dfen als auch kleinen H\u00e4nden, gleicherma\u00dfen an.<\/li>\n<li><strong>Einhebelbedienung:<\/strong> Alle Bedienfunktionen sind mit einer Hand abrufbar: Pr\u00fcfen, F\u00fcllen und Ablassen.<\/li>\n<\/ul>\n","protected":false},"excerpt":{"rendered":"<p>0-25 bar (0-350 psi), F\u00fcllschlauch mit Ventilschraubadapter<\/p>\n","protected":false},"featured_media":349104,"template":"","meta":[],"product_cat":[1033584],"product_tag":[1034260,1034143,1036463,1034212,1034126,1035646,1035663,1034161,1035680,1034178,1034195],"product_approvals":[],"product_application":[],"class_list":{"0":"post-378105","1":"product","2":"type-product","3":"status-publish","4":"has-post-thumbnail","6":"product_cat-reifenfuller-reifendruckprufer-de","7":"product_tag-anhanger-de","8":"product_tag-buses-de","9":"product_tag-airplanes-de","10":"product_tag-agricultural-machines-de","11":"product_tag-trucks-de","12":"product_tag-motorbikes-de","13":"product_tag-scooter-de","14":"product_tag-passenger-cars-de","15":"product_tag-quad-bikes-de","16":"product_tag-light-commercial-de","17":"product_tag-motor-homes-de","19":"first","20":"instock","21":"shipping-taxable","22":"product-type-simple"},"approvals":[],"application":[],"brb_media_brochure":[{"id":349032,"url":"https:\/\/dev.codekraft.it\/rotary-2024\/wp-content\/uploads\/brb_media\/00355450_tyre-pressure-regulator-br-110086-de-2016-12-screen.pdf","title":"tyre pressure regulator br 110086 de 2016 12 screen","thumbnail":"https:\/\/dev.codekraft.it\/rotary-2024\/wp-content\/uploads\/brb_media\/00355450_tyre-pressure-regulator-br-110086-de-2016-12-screen-pdf-150x106.png","description":""},{"id":349033,"url":"https:\/\/dev.codekraft.it\/rotary-2024\/wp-content\/uploads\/brb_media\/00224232_reifendruckregler_en_2010_11_screen.pdf","title":"reifendruckregler en 2010 11 screen","thumbnail":"https:\/\/dev.codekraft.it\/rotary-2024\/wp-content\/uploads\/brb_media\/00224232_reifendruckregler_en_2010_11_screen-pdf-106x150.png","description":""},{"id":349034,"url":"https:\/\/dev.codekraft.it\/rotary-2024\/wp-content\/uploads\/brb_media\/00355454_tyre-pressure-regulator-br-110090-es-2016-12-screen.pdf","title":"tyre pressure regulator br 110090 es 2016 12 screen","thumbnail":"https:\/\/dev.codekraft.it\/rotary-2024\/wp-content\/uploads\/brb_media\/00355454_tyre-pressure-regulator-br-110090-es-2016-12-screen-pdf-150x106.png","description":""},{"id":349035,"url":"https:\/\/dev.codekraft.it\/rotary-2024\/wp-content\/uploads\/brb_media\/00355452_tyre-pressure-regulator-br-110088-fr-2016-12-screen.pdf","title":"tyre pressure regulator br 110088 fr 2016 12 screen","thumbnail":"https:\/\/dev.codekraft.it\/rotary-2024\/wp-content\/uploads\/brb_media\/00355452_tyre-pressure-regulator-br-110088-fr-2016-12-screen-pdf-150x106.png","description":""},{"id":349036,"url":"https:\/\/dev.codekraft.it\/rotary-2024\/wp-content\/uploads\/brb_media\/00355453_tyre-pressure-regulator-br-110089-it-2016-12-screen.pdf","title":"tyre pressure regulator br 110089 it 2016 12 screen","thumbnail":"https:\/\/dev.codekraft.it\/rotary-2024\/wp-content\/uploads\/brb_media\/00355453_tyre-pressure-regulator-br-110089-it-2016-12-screen-pdf-150x106.png","description":""},{"id":349037,"url":"https:\/\/dev.codekraft.it\/rotary-2024\/wp-content\/uploads\/brb_media\/00355456_tyre-pressure-regulator-br-110087-ru-2016-12-screen.pdf","title":"tyre pressure regulator br 110087 ru 2016 12 screen","thumbnail":"https:\/\/dev.codekraft.it\/rotary-2024\/wp-content\/uploads\/brb_media\/00355456_tyre-pressure-regulator-br-110087-ru-2016-12-screen-pdf-150x106.png","description":""}],"brb_media_drawing":"","brb_media_manuals":[{"id":349105,"url":"https:\/\/dev.codekraft.it\/rotary-2024\/wp-content\/uploads\/brb_media\/00022333_tyre-inflator-pneurex-pneufix-pneujet-pneumax-om-sp-de-en-fr-1999-10-screen.pdf","title":"tyre inflator pneurex pneufix pneujet pneumax om sp de en fr 1999 10 screen","thumbnail":"https:\/\/dev.codekraft.it\/rotary-2024\/wp-content\/uploads\/brb_media\/00022333_tyre-inflator-pneurex-pneufix-pneujet-pneumax-om-sp-de-en-fr-1999-10-screen-pdf-106x150.png","description":""}],"brb_media_safety_datasheets":"","brb_media_spare_parts":[],"_cdmm_p_id":"558","_company":"Elektron","_gtin":"4057612001495","accessories":[],"components":[],"related":[],"similar":[{"id":378099,"cdmm_p_id":"559","name":"Tragbarer Reifendruckregler Pneujet 1","description":"0-25 bar (0-350psi), F\u00fcllschlauch mit doppelseitigem Tankstellenadapter","thumbnail":"https:\/\/dev.codekraft.it\/rotary-2024\/wp-content\/uploads\/brb_media\/00022562_portable-tyre-inflator-pneujet-1-mi-150x150.png","url":"https:\/\/dev.codekraft.it\/rotary-2024\/produkte\/reifenservice-de\/reifenfuller-reifendruckprufer-de\/tragbarer-reifendruckregler-pneujet-1\/"}],"lang":"de","translations":{"de":378105,"en":378104,"fr":378106,"it":378107,"es":378108,"ru":378109},"pll_sync_post":[],"_links":{"self":[{"href":"https:\/\/dev.codekraft.it\/rotary-2024\/wp-json\/wp\/v2\/product\/378105","targetHints":{"allow":["GET"]}}],"collection":[{"href":"https:\/\/dev.codekraft.it\/rotary-2024\/wp-json\/wp\/v2\/product"}],"about":[{"href":"https:\/\/dev.codekraft.it\/rotary-2024\/wp-json\/wp\/v2\/types\/product"}],"wp:featuredmedia":[{"embeddable":true,"href":"https:\/\/dev.codekraft.it\/rotary-2024\/wp-json\/wp\/v2\/media\/349104"}],"wp:attachment":[{"href":"https:\/\/dev.codekraft.it\/rotary-2024\/wp-json\/wp\/v2\/media?parent=378105"}],"wp:term":[{"taxonomy":"product_cat","embeddable":true,"href":"https:\/\/dev.codekraft.it\/rotary-2024\/wp-json\/wp\/v2\/product_cat?post=378105"},{"taxonomy":"product_tag","embeddable":true,"href":"https:\/\/dev.codekraft.it\/rotary-2024\/wp-json\/wp\/v2\/product_tag?post=378105"},{"taxonomy":"product_approvals","embeddable":true,"href":"https:\/\/dev.codekraft.it\/rotary-2024\/wp-json\/wp\/v2\/product_approvals?post=378105"},{"taxonomy":"product_application","embeddable":true,"href":"https:\/\/dev.codekraft.it\/rotary-2024\/wp-json\/wp\/v2\/product_application?post=378105"}],"curies":[{"name":"wp","href":"https:\/\/api.w.org\/{rel}","templated":true}]}}