{"id":378094,"date":"2024-06-20T10:13:54","date_gmt":"2024-06-20T10:13:54","guid":{"rendered":"https:\/\/dev.codekraft.it\/rotary-2024\/products\/uncategorized\/regulateurs-portables-de-pression-des-pneus-pneumax\/"},"modified":"2024-06-20T10:13:54","modified_gmt":"2024-06-20T10:13:54","slug":"regulateurs-portables-de-pression-des-pneus-pneumax","status":"publish","type":"product","link":"https:\/\/dev.codekraft.it\/rotary-2024\/fr\/produits\/service-de-pneus-fr\/gonfleur-manometres-pression-pneu-fr\/regulateurs-portables-de-pression-des-pneus-pneumax\/","title":{"rendered":"R\u00e9gulateurs portables de pression des pneus Pneumax"},"content":{"rendered":"<ul>\n<li><strong>Capuchon de protection en caoutchouc FLEX4:<\/strong> Il prot\u00e8ge de fa\u00e7on fiable la m\u00e9canique du manom\u00e8tre de pr\u00e9cision des chocs ext\u00e9rieurs.<\/li>\n<li><strong>Protection contre la surpression:<\/strong> Des m\u00e9canismes de protection int\u00e9gr\u00e9s emp\u00eachent le manom\u00e8tre d&#8217;\u00eatre endommag\u00e9 en cas d&#8217;alimentation excessive involontaire en pression.<\/li>\n<li><strong>Manom\u00e8tre de pr\u00e9cision \u00e0 la lecture facile:<\/strong> Un grand cadran de 63 mm permet une inscription avec de grands signes et \u00e0 la lecture optimale.<\/li>\n<li><strong>Conception au poids optimis\u00e9:<\/strong> Gr\u00e2ce \u00e0 l&#8217;utilisation d&#8217;alliages l\u00e9gers d&#8217;aluminium et de mati\u00e8res plastiques r\u00e9sistantes aux chocs, le poids total est r\u00e9duit au minimum.<\/li>\n<li><strong>Tuyau de gonflage de 300 mm de longueur:<\/strong> M\u00eame des valves difficilement accessibles peuvent \u00eatre atteintes de fa\u00e7on optimale, la libert\u00e9 de mouvement est toujours conserv\u00e9e.<\/li>\n<li><strong>Construction ergonomique:<\/strong> Les dimensions compactes avec un manom\u00e8tre de pr\u00e9cision \u00e0 la lecture optimale plaisent autant aux droitiers qu&#8217;aux gauchers, aussi bien \u00e0 ceux qui ont de grandes mains qu&#8217;\u00e0 ceux ayant de petites mains.<\/li>\n<\/ul>\n","protected":false},"excerpt":{"rendered":"<p>0-10 bar (0-140 psi), Tuyau de gonflage nipple enfichable de levier<\/p>\n","protected":false},"featured_media":349031,"template":"","meta":[],"product_cat":[1033600],"product_tag":[1034163],"product_approvals":[],"product_application":[],"class_list":{"0":"post-378094","1":"product","2":"type-product","3":"status-publish","4":"has-post-thumbnail","6":"product_cat-gonfleur-manometres-pression-pneu-fr","7":"product_tag-passenger-cars-fr","9":"first","10":"instock","11":"shipping-taxable","12":"product-type-simple"},"approvals":[],"application":[],"brb_media_brochure":[{"id":349032,"url":"https:\/\/dev.codekraft.it\/rotary-2024\/wp-content\/uploads\/brb_media\/00355450_tyre-pressure-regulator-br-110086-de-2016-12-screen.pdf","title":"tyre pressure regulator br 110086 de 2016 12 screen","thumbnail":"https:\/\/dev.codekraft.it\/rotary-2024\/wp-content\/uploads\/brb_media\/00355450_tyre-pressure-regulator-br-110086-de-2016-12-screen-pdf-150x106.png","description":""},{"id":349033,"url":"https:\/\/dev.codekraft.it\/rotary-2024\/wp-content\/uploads\/brb_media\/00224232_reifendruckregler_en_2010_11_screen.pdf","title":"reifendruckregler en 2010 11 screen","thumbnail":"https:\/\/dev.codekraft.it\/rotary-2024\/wp-content\/uploads\/brb_media\/00224232_reifendruckregler_en_2010_11_screen-pdf-106x150.png","description":""},{"id":349034,"url":"https:\/\/dev.codekraft.it\/rotary-2024\/wp-content\/uploads\/brb_media\/00355454_tyre-pressure-regulator-br-110090-es-2016-12-screen.pdf","title":"tyre pressure regulator br 110090 es 2016 12 screen","thumbnail":"https:\/\/dev.codekraft.it\/rotary-2024\/wp-content\/uploads\/brb_media\/00355454_tyre-pressure-regulator-br-110090-es-2016-12-screen-pdf-150x106.png","description":""},{"id":349035,"url":"https:\/\/dev.codekraft.it\/rotary-2024\/wp-content\/uploads\/brb_media\/00355452_tyre-pressure-regulator-br-110088-fr-2016-12-screen.pdf","title":"tyre pressure regulator br 110088 fr 2016 12 screen","thumbnail":"https:\/\/dev.codekraft.it\/rotary-2024\/wp-content\/uploads\/brb_media\/00355452_tyre-pressure-regulator-br-110088-fr-2016-12-screen-pdf-150x106.png","description":""},{"id":349036,"url":"https:\/\/dev.codekraft.it\/rotary-2024\/wp-content\/uploads\/brb_media\/00355453_tyre-pressure-regulator-br-110089-it-2016-12-screen.pdf","title":"tyre pressure regulator br 110089 it 2016 12 screen","thumbnail":"https:\/\/dev.codekraft.it\/rotary-2024\/wp-content\/uploads\/brb_media\/00355453_tyre-pressure-regulator-br-110089-it-2016-12-screen-pdf-150x106.png","description":""},{"id":349037,"url":"https:\/\/dev.codekraft.it\/rotary-2024\/wp-content\/uploads\/brb_media\/00355456_tyre-pressure-regulator-br-110087-ru-2016-12-screen.pdf","title":"tyre pressure regulator br 110087 ru 2016 12 screen","thumbnail":"https:\/\/dev.codekraft.it\/rotary-2024\/wp-content\/uploads\/brb_media\/00355456_tyre-pressure-regulator-br-110087-ru-2016-12-screen-pdf-150x106.png","description":""}],"brb_media_drawing":"","brb_media_manuals":[{"id":349038,"url":"https:\/\/dev.codekraft.it\/rotary-2024\/wp-content\/uploads\/brb_media\/00406525_tyre-inflator-pneurex-wurth-om-123333-de-en-fr-2018-08-rev-b.pdf","title":"tyre inflator pneurex wurth om 123333 de en fr 2018 08 rev b","thumbnail":"https:\/\/dev.codekraft.it\/rotary-2024\/wp-content\/uploads\/brb_media\/00406525_tyre-inflator-pneurex-wurth-om-123333-de-en-fr-2018-08-rev-b-pdf-106x150.png","description":""},{"id":349039,"url":"https:\/\/dev.codekraft.it\/rotary-2024\/wp-content\/uploads\/brb_media\/00406526_tyre-inflator-pneurex-wurth-sp-25097-de-2016-02-a.pdf","title":"tyre inflator pneurex wurth sp 25097 de 2016 02 a","thumbnail":"https:\/\/dev.codekraft.it\/rotary-2024\/wp-content\/uploads\/brb_media\/00406526_tyre-inflator-pneurex-wurth-sp-25097-de-2016-02-a-pdf-150x106.png","description":""}],"brb_media_safety_datasheets":"","brb_media_spare_parts":[],"_cdmm_p_id":"548","_company":"Elektron","_gtin":"4057612001136","accessories":[],"components":[],"related":[],"similar":[{"id":378088,"cdmm_p_id":"549","name":"R\u00e9gulateurs portables de pression des pneus Pneumax Kombi","description":"0-10 bar (0-140 psi), Tuyau de gonflage nipple enfichable de levier\/ adaptateur de valve pour pneus de bicyclette","thumbnail":"https:\/\/dev.codekraft.it\/rotary-2024\/wp-content\/uploads\/brb_media\/00022564_portable-tyre-inflator-pneumax-mi-150x150.png","url":"https:\/\/dev.codekraft.it\/rotary-2024\/fr\/produits\/service-de-pneus-fr\/gonfleur-manometres-pression-pneu-fr\/regulateurs-portables-de-pression-des-pneus-pneumax-kombi\/"}],"lang":"fr","translations":{"fr":378094,"en":378092,"de":378093,"it":378095,"es":378096,"ru":378097},"pll_sync_post":[],"_links":{"self":[{"href":"https:\/\/dev.codekraft.it\/rotary-2024\/wp-json\/wp\/v2\/product\/378094","targetHints":{"allow":["GET"]}}],"collection":[{"href":"https:\/\/dev.codekraft.it\/rotary-2024\/wp-json\/wp\/v2\/product"}],"about":[{"href":"https:\/\/dev.codekraft.it\/rotary-2024\/wp-json\/wp\/v2\/types\/product"}],"wp:featuredmedia":[{"embeddable":true,"href":"https:\/\/dev.codekraft.it\/rotary-2024\/wp-json\/wp\/v2\/media\/349031"}],"wp:attachment":[{"href":"https:\/\/dev.codekraft.it\/rotary-2024\/wp-json\/wp\/v2\/media?parent=378094"}],"wp:term":[{"taxonomy":"product_cat","embeddable":true,"href":"https:\/\/dev.codekraft.it\/rotary-2024\/wp-json\/wp\/v2\/product_cat?post=378094"},{"taxonomy":"product_tag","embeddable":true,"href":"https:\/\/dev.codekraft.it\/rotary-2024\/wp-json\/wp\/v2\/product_tag?post=378094"},{"taxonomy":"product_approvals","embeddable":true,"href":"https:\/\/dev.codekraft.it\/rotary-2024\/wp-json\/wp\/v2\/product_approvals?post=378094"},{"taxonomy":"product_application","embeddable":true,"href":"https:\/\/dev.codekraft.it\/rotary-2024\/wp-json\/wp\/v2\/product_application?post=378094"}],"curies":[{"name":"wp","href":"https:\/\/api.w.org\/{rel}","templated":true}]}}