{"id":378087,"date":"2024-06-20T10:13:52","date_gmt":"2024-06-20T10:13:52","guid":{"rendered":"https:\/\/dev.codekraft.it\/rotary-2024\/products\/uncategorized\/tragbarer-reifendruckregler-pneumax-kombi\/"},"modified":"2024-06-20T10:13:52","modified_gmt":"2024-06-20T10:13:52","slug":"tragbarer-reifendruckregler-pneumax-kombi","status":"publish","type":"product","link":"https:\/\/dev.codekraft.it\/rotary-2024\/produkte\/reifenservice-de\/reifenfuller-reifendruckprufer-de\/tragbarer-reifendruckregler-pneumax-kombi\/","title":{"rendered":"Tragbarer Reifendruckregler Pneumax Kombi"},"content":{"rendered":"<ul>\n<li><strong>FLEX4 Gummi-Schutzkappe:<\/strong> Sch\u00fctzt die Mechanik des Pr\u00e4zisions-Manometers zuverl\u00e4ssig vor externen St\u00f6\u00dfen.<\/li>\n<li><strong>\u00dcberdrucksicher:<\/strong> Integrierte Schutzmechanismen verhindern Sch\u00e4den am Manometer bei versehentlicher Druck\u00fcberversorgung.<\/li>\n<li><strong>Leicht ablesbares Pr\u00e4zisions-Manometer: <\/strong>Das 63 mm gro\u00dfe Zifferblatt bietet viel Platz f\u00fcr eine gro\u00dfz\u00fcgige, optimal ablesbare Beschriftung.<\/li>\n<li><strong>Gewichtsoptimierte Bauweise:<\/strong> Durch die Verwendung leichter Aluminiumlegierungen und schlagfester Kunststoffe wird das Gesamtgewicht auf ein Minimum reduziert.<\/li>\n<li><strong>300mm langer F\u00fcllschlauch:<\/strong> Selbst schwer zug\u00e4ngliche Ventile k\u00f6nnen damit optimal erreicht werden \u2013 die Bewegungsfreiheit bleibt dabei stets erhalten.<\/li>\n<li><strong>Ergonomische Bauform:<\/strong> Die kompakten Abmessungen mit optimal ablesbarem Pr\u00e4zisions-Manometer sprechen Rechts- und Linksh\u00e4nder, sowohl mit gro\u00dfen als auch kleinen H\u00e4nden, gleicherma\u00dfen an.<\/li>\n<\/ul>\n","protected":false},"excerpt":{"rendered":"<p>0-10 bar (0-140psi), F\u00fcllschlauch mit Hebelstecknippel\/Ventiladapter f\u00fcr Fahrradreifen<\/p>\n","protected":false},"featured_media":349031,"template":"","meta":[],"product_brand":[],"product_cat":[1033584],"product_tag":[1036427,1034161],"product_approvals":[],"product_application":[],"class_list":{"0":"post-378087","1":"product","2":"type-product","3":"status-publish","4":"has-post-thumbnail","6":"product_cat-reifenfuller-reifendruckprufer-de","7":"product_tag-bicycles-de","8":"product_tag-passenger-cars-de","10":"first","11":"instock","12":"shipping-taxable","13":"product-type-simple"},"approvals":[],"application":[],"brb_media_brochure":[{"id":349032,"url":"https:\/\/dev.codekraft.it\/rotary-2024\/wp-content\/uploads\/brb_media\/00355450_tyre-pressure-regulator-br-110086-de-2016-12-screen.pdf","title":"tyre pressure regulator br 110086 de 2016 12 screen","mpn":"","thumbnail":"https:\/\/dev.codekraft.it\/rotary-2024\/wp-content\/uploads\/brb_media\/00355450_tyre-pressure-regulator-br-110086-de-2016-12-screen-pdf-150x106.png","description":""},{"id":349033,"url":"https:\/\/dev.codekraft.it\/rotary-2024\/wp-content\/uploads\/brb_media\/00224232_reifendruckregler_en_2010_11_screen.pdf","title":"reifendruckregler en 2010 11 screen","mpn":"","thumbnail":"https:\/\/dev.codekraft.it\/rotary-2024\/wp-content\/uploads\/brb_media\/00224232_reifendruckregler_en_2010_11_screen-pdf-106x150.png","description":""},{"id":349034,"url":"https:\/\/dev.codekraft.it\/rotary-2024\/wp-content\/uploads\/brb_media\/00355454_tyre-pressure-regulator-br-110090-es-2016-12-screen.pdf","title":"tyre pressure regulator br 110090 es 2016 12 screen","mpn":"","thumbnail":"https:\/\/dev.codekraft.it\/rotary-2024\/wp-content\/uploads\/brb_media\/00355454_tyre-pressure-regulator-br-110090-es-2016-12-screen-pdf-150x106.png","description":""},{"id":349035,"url":"https:\/\/dev.codekraft.it\/rotary-2024\/wp-content\/uploads\/brb_media\/00355452_tyre-pressure-regulator-br-110088-fr-2016-12-screen.pdf","title":"tyre pressure regulator br 110088 fr 2016 12 screen","mpn":"","thumbnail":"https:\/\/dev.codekraft.it\/rotary-2024\/wp-content\/uploads\/brb_media\/00355452_tyre-pressure-regulator-br-110088-fr-2016-12-screen-pdf-150x106.png","description":""},{"id":349036,"url":"https:\/\/dev.codekraft.it\/rotary-2024\/wp-content\/uploads\/brb_media\/00355453_tyre-pressure-regulator-br-110089-it-2016-12-screen.pdf","title":"tyre pressure regulator br 110089 it 2016 12 screen","mpn":"","thumbnail":"https:\/\/dev.codekraft.it\/rotary-2024\/wp-content\/uploads\/brb_media\/00355453_tyre-pressure-regulator-br-110089-it-2016-12-screen-pdf-150x106.png","description":""},{"id":349037,"url":"https:\/\/dev.codekraft.it\/rotary-2024\/wp-content\/uploads\/brb_media\/00355456_tyre-pressure-regulator-br-110087-ru-2016-12-screen.pdf","title":"tyre pressure regulator br 110087 ru 2016 12 screen","mpn":"","thumbnail":"https:\/\/dev.codekraft.it\/rotary-2024\/wp-content\/uploads\/brb_media\/00355456_tyre-pressure-regulator-br-110087-ru-2016-12-screen-pdf-150x106.png","description":""}],"brb_media_drawing":"","brb_media_manuals":[{"id":349038,"url":"https:\/\/dev.codekraft.it\/rotary-2024\/wp-content\/uploads\/brb_media\/00406525_tyre-inflator-pneurex-wurth-om-123333-de-en-fr-2018-08-rev-b.pdf","title":"tyre inflator pneurex wurth om 123333 de en fr 2018 08 rev b","mpn":"","thumbnail":"https:\/\/dev.codekraft.it\/rotary-2024\/wp-content\/uploads\/brb_media\/00406525_tyre-inflator-pneurex-wurth-om-123333-de-en-fr-2018-08-rev-b-pdf-106x150.png","description":""},{"id":349039,"url":"https:\/\/dev.codekraft.it\/rotary-2024\/wp-content\/uploads\/brb_media\/00406526_tyre-inflator-pneurex-wurth-sp-25097-de-2016-02-a.pdf","title":"tyre inflator pneurex wurth sp 25097 de 2016 02 a","mpn":"","thumbnail":"https:\/\/dev.codekraft.it\/rotary-2024\/wp-content\/uploads\/brb_media\/00406526_tyre-inflator-pneurex-wurth-sp-25097-de-2016-02-a-pdf-150x106.png","description":""}],"brb_media_safety_datasheets":"","brb_media_spare_parts":[],"_cdmm_p_id":"549","_company":"Elektron","_gtin":"4057612001150","accessories":[],"components":[],"related":[],"page_logo_src":"https:\/\/dev.codekraft.it\/rotary-2024\/wp-content\/uploads\/2024\/05\/cropped-rotary-logo-2022.png","lang":"de","translations":{"de":378087,"en":378086,"fr":378088,"it":378089,"es":378090,"ru":378091},"pll_sync_post":[],"_links":{"self":[{"href":"https:\/\/dev.codekraft.it\/rotary-2024\/wp-json\/wp\/v2\/product\/378087","targetHints":{"allow":["GET"]}}],"collection":[{"href":"https:\/\/dev.codekraft.it\/rotary-2024\/wp-json\/wp\/v2\/product"}],"about":[{"href":"https:\/\/dev.codekraft.it\/rotary-2024\/wp-json\/wp\/v2\/types\/product"}],"wp:featuredmedia":[{"embeddable":true,"href":"https:\/\/dev.codekraft.it\/rotary-2024\/wp-json\/wp\/v2\/media\/349031"}],"wp:attachment":[{"href":"https:\/\/dev.codekraft.it\/rotary-2024\/wp-json\/wp\/v2\/media?parent=378087"}],"wp:term":[{"taxonomy":"product_brand","embeddable":true,"href":"https:\/\/dev.codekraft.it\/rotary-2024\/wp-json\/wp\/v2\/product_brand?post=378087"},{"taxonomy":"product_cat","embeddable":true,"href":"https:\/\/dev.codekraft.it\/rotary-2024\/wp-json\/wp\/v2\/product_cat?post=378087"},{"taxonomy":"product_tag","embeddable":true,"href":"https:\/\/dev.codekraft.it\/rotary-2024\/wp-json\/wp\/v2\/product_tag?post=378087"},{"taxonomy":"product_approvals","embeddable":true,"href":"https:\/\/dev.codekraft.it\/rotary-2024\/wp-json\/wp\/v2\/product_approvals?post=378087"},{"taxonomy":"product_application","embeddable":true,"href":"https:\/\/dev.codekraft.it\/rotary-2024\/wp-json\/wp\/v2\/product_application?post=378087"}],"curies":[{"name":"wp","href":"https:\/\/api.w.org\/{rel}","templated":true}]}}