{"id":378076,"date":"2024-06-20T10:13:54","date_gmt":"2024-06-20T10:13:54","guid":{"rendered":"https:\/\/dev.codekraft.it\/rotary-2024\/products\/uncategorized\/regulateurs-portables-de-pression-des-pneus-pneurex\/"},"modified":"2024-06-20T10:13:54","modified_gmt":"2024-06-20T10:13:54","slug":"regulateurs-portables-de-pression-des-pneus-pneurex","status":"publish","type":"product","link":"https:\/\/dev.codekraft.it\/rotary-2024\/fr\/produits\/service-de-pneus-fr\/gonfleur-manometres-pression-pneu-fr\/regulateurs-portables-de-pression-des-pneus-pneurex\/","title":{"rendered":"R\u00e9gulateurs portables de pression des pneus Pneurex"},"content":{"rendered":"<p>Le r\u00e9gulateur de pression de pneus haute performance PNEUREX est pratique et id\u00e9al pour le premier gonflage complet des pneus.<\/p>\n<ul>\n<li>Manom\u00e8tre de pr\u00e9cision r\u00e9sistant \u00e0 la surpression \u00d8 80 mm<\/li>\n<li>Avec poign\u00e9e en aluminium robuste et capuchon de protection en caoutchouc<\/li>\n<li>Fonctionne avec un levier unique, calibrage possible<\/li>\n<\/ul>\n<ul>\n<li>Avec la commande \u00e0 levier unique, qui convient \u00e9galement aux droitiers et aux gauchers, la pression de l&#8217;air peut \u00eatre intuitivement v\u00e9rifi\u00e9e, charg\u00e9e et d\u00e9charg\u00e9e directement sur le v\u00e9hicule.<\/li>\n<li>Des m\u00e9canismes de protection int\u00e9gr\u00e9s emp\u00eachent d&#8217;endommager le manom\u00e8tre en cas de surpression accidentelle.<\/li>\n<li>L&#8217;utilisation d&#8217;alliages d&#8217;aluminium l\u00e9gers et de plastiques r\u00e9sistant aux chocs r\u00e9duit au minimum le poids total du r\u00e9gulateur de pneu PNEUREX.<\/li>\n<li>Gr\u00e2ce au tuyau de gonflage de 500 mm de long avec mamelon \u00e0 levier, m\u00eame les valves difficiles d&#8217;acc\u00e8s peuvent \u00eatre atteintes de mani\u00e8re optimale ; la libert\u00e9 de mouvement est toujours maintenue.<\/li>\n<li>Le r\u00e9gulateur de pression de pneus peut \u00eatre fourni rapidement et facilement avec l&#8217;\u0153illet de suspension int\u00e9gr\u00e9 dans le levier de commande. Les risques de d\u00e9clenchement caus\u00e9s par les tuyaux qui tra\u00eenent sont ainsi \u00e9vit\u00e9s.<\/li>\n<li>Homologation PTB : tous les r\u00e9gulateurs de pression de pneus BLITZ sont approuv\u00e9s par l&#8217;Institut National de M\u00e9trologie (Physikalisch-Technische Bundesanstalt) Braunschweig (PTB). Les r\u00e9gulateurs de pression de pneus BLITZ r\u00e9pondent aux exigences l\u00e9gales de calibrage en vigueur en Allemagne.<\/li>\n<\/ul>\n<ul>\n<li>Avec le levier unique, toutes les fonctions peuvent \u00eatre activ\u00e9es d&#8217;une seule main : v\u00e9rification, gonflage et d\u00e9gonflage.<\/li>\n<li>Le grand cadran de 80 mm offre beaucoup d&#8217;espace pour un \u00e9tiquetage g\u00e9n\u00e9reux et facile \u00e0 lire.<\/li>\n<li>Le capuchon de protection en caoutchouc FLEX4 prot\u00e8ge de mani\u00e8re fiable les composants m\u00e9caniques du manom\u00e8tre de pr\u00e9cision contre les chocs externes.<\/li>\n<li>La protection contre le pliage int\u00e9gr\u00e9e stabilise le tuyau de gonflage \u00e0 la sortie et assure ainsi une longue dur\u00e9e de vie et une usure nettement moindre.<\/li>\n<li>Pr\u00e9cision de lecture selon la norme EEC\/86\/217<\/li>\n<\/ul>\n","protected":false},"excerpt":{"rendered":"<p>0-4 bar (0-58 psi), Tuyau de gonflage avec nipple enfichable de levier<\/p>\n","protected":false},"featured_media":349055,"template":"","meta":[],"product_brand":[],"product_cat":[1033600],"product_tag":[1034145,1034128,1034197,1035648,1035682,1034262,1035665,1034180,1034214,1034163],"product_approvals":[1014533],"product_application":[],"class_list":{"0":"post-378076","1":"product","2":"type-product","3":"status-publish","4":"has-post-thumbnail","6":"product_cat-gonfleur-manometres-pression-pneu-fr","7":"product_tag-buses-fr","8":"product_tag-trucks-fr","9":"product_tag-motor-homes-fr","10":"product_tag-motorbikes-fr","11":"product_tag-quad-bikes-fr","12":"product_tag-remorques-fr","13":"product_tag-scooter-fr","14":"product_tag-light-commercial-fr","15":"product_tag-agricultural-machines-fr","16":"product_tag-passenger-cars-fr","17":"product_approvals-mercedes-benz-fr","19":"first","20":"instock","21":"shipping-taxable","22":"product-type-simple"},"approvals":[{"term_id":1014533,"name":"Mercedes-Benz","slug":"mercedes-benz-fr","term_group":0,"term_taxonomy_id":1014532,"taxonomy":"product_approvals","description":"","parent":0,"count":43,"filter":"raw"}],"application":[],"brb_media_brochure":[{"id":349032,"url":"https:\/\/dev.codekraft.it\/rotary-2024\/wp-content\/uploads\/brb_media\/00355450_tyre-pressure-regulator-br-110086-de-2016-12-screen.pdf","title":"tyre pressure regulator br 110086 de 2016 12 screen","mpn":"","thumbnail":"https:\/\/dev.codekraft.it\/rotary-2024\/wp-content\/uploads\/brb_media\/00355450_tyre-pressure-regulator-br-110086-de-2016-12-screen-pdf-150x106.png","description":""},{"id":349033,"url":"https:\/\/dev.codekraft.it\/rotary-2024\/wp-content\/uploads\/brb_media\/00224232_reifendruckregler_en_2010_11_screen.pdf","title":"reifendruckregler en 2010 11 screen","mpn":"","thumbnail":"https:\/\/dev.codekraft.it\/rotary-2024\/wp-content\/uploads\/brb_media\/00224232_reifendruckregler_en_2010_11_screen-pdf-106x150.png","description":""},{"id":349034,"url":"https:\/\/dev.codekraft.it\/rotary-2024\/wp-content\/uploads\/brb_media\/00355454_tyre-pressure-regulator-br-110090-es-2016-12-screen.pdf","title":"tyre pressure regulator br 110090 es 2016 12 screen","mpn":"","thumbnail":"https:\/\/dev.codekraft.it\/rotary-2024\/wp-content\/uploads\/brb_media\/00355454_tyre-pressure-regulator-br-110090-es-2016-12-screen-pdf-150x106.png","description":""},{"id":349035,"url":"https:\/\/dev.codekraft.it\/rotary-2024\/wp-content\/uploads\/brb_media\/00355452_tyre-pressure-regulator-br-110088-fr-2016-12-screen.pdf","title":"tyre pressure regulator br 110088 fr 2016 12 screen","mpn":"","thumbnail":"https:\/\/dev.codekraft.it\/rotary-2024\/wp-content\/uploads\/brb_media\/00355452_tyre-pressure-regulator-br-110088-fr-2016-12-screen-pdf-150x106.png","description":""},{"id":349036,"url":"https:\/\/dev.codekraft.it\/rotary-2024\/wp-content\/uploads\/brb_media\/00355453_tyre-pressure-regulator-br-110089-it-2016-12-screen.pdf","title":"tyre pressure regulator br 110089 it 2016 12 screen","mpn":"","thumbnail":"https:\/\/dev.codekraft.it\/rotary-2024\/wp-content\/uploads\/brb_media\/00355453_tyre-pressure-regulator-br-110089-it-2016-12-screen-pdf-150x106.png","description":""},{"id":349037,"url":"https:\/\/dev.codekraft.it\/rotary-2024\/wp-content\/uploads\/brb_media\/00355456_tyre-pressure-regulator-br-110087-ru-2016-12-screen.pdf","title":"tyre pressure regulator br 110087 ru 2016 12 screen","mpn":"","thumbnail":"https:\/\/dev.codekraft.it\/rotary-2024\/wp-content\/uploads\/brb_media\/00355456_tyre-pressure-regulator-br-110087-ru-2016-12-screen-pdf-150x106.png","description":""},{"id":349056,"url":"https:\/\/dev.codekraft.it\/rotary-2024\/wp-content\/uploads\/brb_media\/00472565_mercedes-benz-portfolio-br-128719-de-2021-03_screen.pdf","title":"Mercedes Benz Portfolio BR 128719 de 2021 03 screen","mpn":"","thumbnail":"https:\/\/dev.codekraft.it\/rotary-2024\/wp-content\/uploads\/brb_media\/00472565_mercedes-benz-portfolio-br-128719-de-2021-03_screen-pdf-106x150.png","description":""},{"id":349057,"url":"https:\/\/dev.codekraft.it\/rotary-2024\/wp-content\/uploads\/brb_media\/00472566_mercedes-benz-portfolio-br-128720-en-2021-03_screen.pdf","title":"Mercedes Benz Portfolio BR 128720 en 2021 03 screen","mpn":"","thumbnail":"https:\/\/dev.codekraft.it\/rotary-2024\/wp-content\/uploads\/brb_media\/00472566_mercedes-benz-portfolio-br-128720-en-2021-03_screen-pdf-106x150.png","description":""},{"id":349058,"url":"https:\/\/dev.codekraft.it\/rotary-2024\/wp-content\/uploads\/brb_media\/00472570_mercedes-benz-portfolio-br-128721-fr-2021-03_screen.pdf","title":"Mercedes Benz Portfolio BR 128721 fr 2021 03 screen","mpn":"","thumbnail":"https:\/\/dev.codekraft.it\/rotary-2024\/wp-content\/uploads\/brb_media\/00472570_mercedes-benz-portfolio-br-128721-fr-2021-03_screen-pdf-106x150.png","description":""},{"id":349059,"url":"https:\/\/dev.codekraft.it\/rotary-2024\/wp-content\/uploads\/brb_media\/00472567_mercedes-benz-portfolio-br-128722-it-2021-03_screen.pdf","title":"Mercedes Benz Portfolio BR 128722 it 2021 03 screen","mpn":"","thumbnail":"https:\/\/dev.codekraft.it\/rotary-2024\/wp-content\/uploads\/brb_media\/00472567_mercedes-benz-portfolio-br-128722-it-2021-03_screen-pdf-106x150.png","description":""},{"id":349060,"url":"https:\/\/dev.codekraft.it\/rotary-2024\/wp-content\/uploads\/brb_media\/00472568_mercedes-benz-portfolio-br-128723-es-2021-03_screen.pdf","title":"Mercedes Benz Portfolio BR 128723 es 2021 03 screen","mpn":"","thumbnail":"https:\/\/dev.codekraft.it\/rotary-2024\/wp-content\/uploads\/brb_media\/00472568_mercedes-benz-portfolio-br-128723-es-2021-03_screen-pdf-106x150.png","description":""},{"id":349061,"url":"https:\/\/dev.codekraft.it\/rotary-2024\/wp-content\/uploads\/brb_media\/00472569_mercedes-benz-portfolio-br-128724-ru-2021-03_screen.pdf","title":"Mercedes Benz Portfolio BR 128724 ru 2021 03 screen","mpn":"","thumbnail":"https:\/\/dev.codekraft.it\/rotary-2024\/wp-content\/uploads\/brb_media\/00472569_mercedes-benz-portfolio-br-128724-ru-2021-03_screen-pdf-106x150.png","description":""}],"brb_media_drawing":"","brb_media_manuals":[{"id":349038,"url":"https:\/\/dev.codekraft.it\/rotary-2024\/wp-content\/uploads\/brb_media\/00406525_tyre-inflator-pneurex-wurth-om-123333-de-en-fr-2018-08-rev-b.pdf","title":"tyre inflator pneurex wurth om 123333 de en fr 2018 08 rev b","mpn":"","thumbnail":"https:\/\/dev.codekraft.it\/rotary-2024\/wp-content\/uploads\/brb_media\/00406525_tyre-inflator-pneurex-wurth-om-123333-de-en-fr-2018-08-rev-b-pdf-106x150.png","description":""},{"id":349039,"url":"https:\/\/dev.codekraft.it\/rotary-2024\/wp-content\/uploads\/brb_media\/00406526_tyre-inflator-pneurex-wurth-sp-25097-de-2016-02-a.pdf","title":"tyre inflator pneurex wurth sp 25097 de 2016 02 a","mpn":"","thumbnail":"https:\/\/dev.codekraft.it\/rotary-2024\/wp-content\/uploads\/brb_media\/00406526_tyre-inflator-pneurex-wurth-sp-25097-de-2016-02-a-pdf-150x106.png","description":""}],"brb_media_safety_datasheets":"","brb_media_spare_parts":[],"_cdmm_p_id":"550","_company":"Elektron","_gtin":"4057612026320","accessories":[],"components":[],"related":[],"page_logo_src":"https:\/\/dev.codekraft.it\/rotary-2024\/wp-content\/uploads\/2024\/05\/cropped-rotary-logo-2022.png","lang":"fr","translations":{"fr":378076,"en":378074,"de":378075,"it":378077,"es":378078,"ru":378079},"pll_sync_post":[],"_links":{"self":[{"href":"https:\/\/dev.codekraft.it\/rotary-2024\/wp-json\/wp\/v2\/product\/378076","targetHints":{"allow":["GET"]}}],"collection":[{"href":"https:\/\/dev.codekraft.it\/rotary-2024\/wp-json\/wp\/v2\/product"}],"about":[{"href":"https:\/\/dev.codekraft.it\/rotary-2024\/wp-json\/wp\/v2\/types\/product"}],"wp:featuredmedia":[{"embeddable":true,"href":"https:\/\/dev.codekraft.it\/rotary-2024\/wp-json\/wp\/v2\/media\/349055"}],"wp:attachment":[{"href":"https:\/\/dev.codekraft.it\/rotary-2024\/wp-json\/wp\/v2\/media?parent=378076"}],"wp:term":[{"taxonomy":"product_brand","embeddable":true,"href":"https:\/\/dev.codekraft.it\/rotary-2024\/wp-json\/wp\/v2\/product_brand?post=378076"},{"taxonomy":"product_cat","embeddable":true,"href":"https:\/\/dev.codekraft.it\/rotary-2024\/wp-json\/wp\/v2\/product_cat?post=378076"},{"taxonomy":"product_tag","embeddable":true,"href":"https:\/\/dev.codekraft.it\/rotary-2024\/wp-json\/wp\/v2\/product_tag?post=378076"},{"taxonomy":"product_approvals","embeddable":true,"href":"https:\/\/dev.codekraft.it\/rotary-2024\/wp-json\/wp\/v2\/product_approvals?post=378076"},{"taxonomy":"product_application","embeddable":true,"href":"https:\/\/dev.codekraft.it\/rotary-2024\/wp-json\/wp\/v2\/product_application?post=378076"}],"curies":[{"name":"wp","href":"https:\/\/api.w.org\/{rel}","templated":true}]}}