{"id":378069,"date":"2024-06-20T10:13:52","date_gmt":"2024-06-20T10:13:52","guid":{"rendered":"https:\/\/dev.codekraft.it\/rotary-2024\/products\/uncategorized\/tragbarer-reifendruckregler-pneurex-1-2\/"},"modified":"2024-06-20T10:13:52","modified_gmt":"2024-06-20T10:13:52","slug":"tragbarer-reifendruckregler-pneurex-1-2","status":"publish","type":"product","link":"https:\/\/dev.codekraft.it\/rotary-2024\/produkte\/reifenservice-de\/reifenfuller-reifendruckprufer-de\/tragbarer-reifendruckregler-pneurex-1-2\/","title":{"rendered":"Tragbarer Reifendruckregler Pneurex 1"},"content":{"rendered":"<p>Der handliche Hochleistungs-Reifendruckregler PNEUREX eignet sich hervorragend zur erstmaligen Komplettf\u00fcllung von Reifen.<\/p>\n<ul>\n<li>\u00dcberdrucksicheres Pr\u00e4zisionsmanometer \u00d8 80 mm<\/li>\n<li>Mit stabilem Aluminium-Griff und Gummi-Schutzkappe<\/li>\n<li>Einhebelbedienung, eichf\u00e4hig<\/li>\n<\/ul>\n<ul>\n<li>Mit der f\u00fcr Rechts- und Linksh\u00e4nder gleicherma\u00dfen geeigneten Einhebelbedienung l\u00e4sst sich der Luftdruck direkt am Fahrzeug intuitiv pr\u00fcfen, f\u00fcllen und ablassen.<\/li>\n<li>Integrierte Schutzmechanismen verhindern Sch\u00e4den am Manometer bei versehentlicher Druck\u00fcberversorgung.<\/li>\n<li>Durch die Verwendung leichter Aluminiumlegierungen und schlagfester Kunststoffe wird das Gesamtgewicht des PNEUREX Reifenreglers auf ein Minimum reduziert.<\/li>\n<li>Durch den 500 mm langen F\u00fcllschlauch mit Hebelstecknippel k\u00f6nnen selbst schwer zug\u00e4ngliche Ventile optimal erreicht werden, die Bewegungsfreiheit bleibt damit stets erhalten.<\/li>\n<li>Mit der im Bedienhebel integrierten Aufh\u00e4nge\u00f6se kann der Reifendruckregler schnell und einfach versorgt werden. Stolperfallen durch herumliegende Schl\u00e4uche werden damit vermieden.<\/li>\n<li>PTB-Zulassung: Alle BLITZ Reifendruckregler besitzen die Zulassung durch die Physikalisch-Technische Bundesanstalt Braunschweig (PTB). Die in Deutschland bestehende Eichpflicht wird bei BLITZ Reifendruckreglern erf\u00fcllt.<\/li>\n<\/ul>\n<ul>\n<li>Durch die Einhebelbedienung sind alle Bedienfunktionen mit einer Hand abrufbar: Pr\u00fcfen, F\u00fcllen und Ablassen.<\/li>\n<li>Das 80 mm gro\u00dfe Ziffernblatt bietet viel Platz f\u00fcr eine gro\u00dfz\u00fcgige, optimal ablesbare Beschriftung.<\/li>\n<li>Die FLEX4-Gummi-Schutzkappe sch\u00fctzt die Mechanik des Pr\u00e4zisions-Manometers zuverl\u00e4ssig vor externen St\u00f6\u00dfen.<\/li>\n<li>Der integrierte Knickschutz stabilisiert den F\u00fcllschlauch am Ausgang und sorgt damit f\u00fcr eine lange Lebensdauer und deutlich geringeren Verschlei\u00df.<\/li>\n<\/ul>\n","protected":false},"excerpt":{"rendered":"<p>0-12 bar (0-170 psi, F\u00fcllschlauch mit doppelseitigem Tankstellenstecker<\/p>\n","protected":false},"featured_media":349090,"template":"","meta":[],"product_brand":[],"product_cat":[1033584],"product_tag":[1034260,1034143,1034212,1034126,1035646,1035663,1034161,1035680,1034178,1034195],"product_approvals":[1014530],"product_application":[],"class_list":{"0":"post-378069","1":"product","2":"type-product","3":"status-publish","4":"has-post-thumbnail","6":"product_cat-reifenfuller-reifendruckprufer-de","7":"product_tag-anhanger-de","8":"product_tag-buses-de","9":"product_tag-agricultural-machines-de","10":"product_tag-trucks-de","11":"product_tag-motorbikes-de","12":"product_tag-scooter-de","13":"product_tag-passenger-cars-de","14":"product_tag-quad-bikes-de","15":"product_tag-light-commercial-de","16":"product_tag-motor-homes-de","17":"product_approvals-mercedes-benz-de","19":"first","20":"instock","21":"shipping-taxable","22":"product-type-simple"},"approvals":[{"term_id":1014530,"name":"Mercedes-Benz","slug":"mercedes-benz-de","term_group":0,"term_taxonomy_id":1014529,"taxonomy":"product_approvals","description":"","parent":0,"count":43,"filter":"raw"}],"application":[],"brb_media_brochure":[{"id":349032,"url":"https:\/\/dev.codekraft.it\/rotary-2024\/wp-content\/uploads\/brb_media\/00355450_tyre-pressure-regulator-br-110086-de-2016-12-screen.pdf","title":"tyre pressure regulator br 110086 de 2016 12 screen","mpn":"","thumbnail":"https:\/\/dev.codekraft.it\/rotary-2024\/wp-content\/uploads\/brb_media\/00355450_tyre-pressure-regulator-br-110086-de-2016-12-screen-pdf-150x106.png","description":""},{"id":349033,"url":"https:\/\/dev.codekraft.it\/rotary-2024\/wp-content\/uploads\/brb_media\/00224232_reifendruckregler_en_2010_11_screen.pdf","title":"reifendruckregler en 2010 11 screen","mpn":"","thumbnail":"https:\/\/dev.codekraft.it\/rotary-2024\/wp-content\/uploads\/brb_media\/00224232_reifendruckregler_en_2010_11_screen-pdf-106x150.png","description":""},{"id":349034,"url":"https:\/\/dev.codekraft.it\/rotary-2024\/wp-content\/uploads\/brb_media\/00355454_tyre-pressure-regulator-br-110090-es-2016-12-screen.pdf","title":"tyre pressure regulator br 110090 es 2016 12 screen","mpn":"","thumbnail":"https:\/\/dev.codekraft.it\/rotary-2024\/wp-content\/uploads\/brb_media\/00355454_tyre-pressure-regulator-br-110090-es-2016-12-screen-pdf-150x106.png","description":""},{"id":349035,"url":"https:\/\/dev.codekraft.it\/rotary-2024\/wp-content\/uploads\/brb_media\/00355452_tyre-pressure-regulator-br-110088-fr-2016-12-screen.pdf","title":"tyre pressure regulator br 110088 fr 2016 12 screen","mpn":"","thumbnail":"https:\/\/dev.codekraft.it\/rotary-2024\/wp-content\/uploads\/brb_media\/00355452_tyre-pressure-regulator-br-110088-fr-2016-12-screen-pdf-150x106.png","description":""},{"id":349036,"url":"https:\/\/dev.codekraft.it\/rotary-2024\/wp-content\/uploads\/brb_media\/00355453_tyre-pressure-regulator-br-110089-it-2016-12-screen.pdf","title":"tyre pressure regulator br 110089 it 2016 12 screen","mpn":"","thumbnail":"https:\/\/dev.codekraft.it\/rotary-2024\/wp-content\/uploads\/brb_media\/00355453_tyre-pressure-regulator-br-110089-it-2016-12-screen-pdf-150x106.png","description":""},{"id":349037,"url":"https:\/\/dev.codekraft.it\/rotary-2024\/wp-content\/uploads\/brb_media\/00355456_tyre-pressure-regulator-br-110087-ru-2016-12-screen.pdf","title":"tyre pressure regulator br 110087 ru 2016 12 screen","mpn":"","thumbnail":"https:\/\/dev.codekraft.it\/rotary-2024\/wp-content\/uploads\/brb_media\/00355456_tyre-pressure-regulator-br-110087-ru-2016-12-screen-pdf-150x106.png","description":""},{"id":349056,"url":"https:\/\/dev.codekraft.it\/rotary-2024\/wp-content\/uploads\/brb_media\/00472565_mercedes-benz-portfolio-br-128719-de-2021-03_screen.pdf","title":"Mercedes Benz Portfolio BR 128719 de 2021 03 screen","mpn":"","thumbnail":"https:\/\/dev.codekraft.it\/rotary-2024\/wp-content\/uploads\/brb_media\/00472565_mercedes-benz-portfolio-br-128719-de-2021-03_screen-pdf-106x150.png","description":""},{"id":349057,"url":"https:\/\/dev.codekraft.it\/rotary-2024\/wp-content\/uploads\/brb_media\/00472566_mercedes-benz-portfolio-br-128720-en-2021-03_screen.pdf","title":"Mercedes Benz Portfolio BR 128720 en 2021 03 screen","mpn":"","thumbnail":"https:\/\/dev.codekraft.it\/rotary-2024\/wp-content\/uploads\/brb_media\/00472566_mercedes-benz-portfolio-br-128720-en-2021-03_screen-pdf-106x150.png","description":""},{"id":349058,"url":"https:\/\/dev.codekraft.it\/rotary-2024\/wp-content\/uploads\/brb_media\/00472570_mercedes-benz-portfolio-br-128721-fr-2021-03_screen.pdf","title":"Mercedes Benz Portfolio BR 128721 fr 2021 03 screen","mpn":"","thumbnail":"https:\/\/dev.codekraft.it\/rotary-2024\/wp-content\/uploads\/brb_media\/00472570_mercedes-benz-portfolio-br-128721-fr-2021-03_screen-pdf-106x150.png","description":""},{"id":349059,"url":"https:\/\/dev.codekraft.it\/rotary-2024\/wp-content\/uploads\/brb_media\/00472567_mercedes-benz-portfolio-br-128722-it-2021-03_screen.pdf","title":"Mercedes Benz Portfolio BR 128722 it 2021 03 screen","mpn":"","thumbnail":"https:\/\/dev.codekraft.it\/rotary-2024\/wp-content\/uploads\/brb_media\/00472567_mercedes-benz-portfolio-br-128722-it-2021-03_screen-pdf-106x150.png","description":""},{"id":349060,"url":"https:\/\/dev.codekraft.it\/rotary-2024\/wp-content\/uploads\/brb_media\/00472568_mercedes-benz-portfolio-br-128723-es-2021-03_screen.pdf","title":"Mercedes Benz Portfolio BR 128723 es 2021 03 screen","mpn":"","thumbnail":"https:\/\/dev.codekraft.it\/rotary-2024\/wp-content\/uploads\/brb_media\/00472568_mercedes-benz-portfolio-br-128723-es-2021-03_screen-pdf-106x150.png","description":""},{"id":349061,"url":"https:\/\/dev.codekraft.it\/rotary-2024\/wp-content\/uploads\/brb_media\/00472569_mercedes-benz-portfolio-br-128724-ru-2021-03_screen.pdf","title":"Mercedes Benz Portfolio BR 128724 ru 2021 03 screen","mpn":"","thumbnail":"https:\/\/dev.codekraft.it\/rotary-2024\/wp-content\/uploads\/brb_media\/00472569_mercedes-benz-portfolio-br-128724-ru-2021-03_screen-pdf-106x150.png","description":""}],"brb_media_drawing":"","brb_media_manuals":[{"id":349038,"url":"https:\/\/dev.codekraft.it\/rotary-2024\/wp-content\/uploads\/brb_media\/00406525_tyre-inflator-pneurex-wurth-om-123333-de-en-fr-2018-08-rev-b.pdf","title":"tyre inflator pneurex wurth om 123333 de en fr 2018 08 rev b","mpn":"","thumbnail":"https:\/\/dev.codekraft.it\/rotary-2024\/wp-content\/uploads\/brb_media\/00406525_tyre-inflator-pneurex-wurth-om-123333-de-en-fr-2018-08-rev-b-pdf-106x150.png","description":""},{"id":349039,"url":"https:\/\/dev.codekraft.it\/rotary-2024\/wp-content\/uploads\/brb_media\/00406526_tyre-inflator-pneurex-wurth-sp-25097-de-2016-02-a.pdf","title":"tyre inflator pneurex wurth sp 25097 de 2016 02 a","mpn":"","thumbnail":"https:\/\/dev.codekraft.it\/rotary-2024\/wp-content\/uploads\/brb_media\/00406526_tyre-inflator-pneurex-wurth-sp-25097-de-2016-02-a-pdf-150x106.png","description":""}],"brb_media_safety_datasheets":"","brb_media_spare_parts":[],"_cdmm_p_id":"555","_company":"Elektron","_gtin":"4057612026627","accessories":[],"components":[],"related":[],"page_logo_src":"https:\/\/dev.codekraft.it\/rotary-2024\/wp-content\/uploads\/2024\/05\/cropped-rotary-logo-2022.png","lang":"de","translations":{"de":378069,"en":378068,"fr":378070,"it":378071,"es":378072,"ru":378073},"pll_sync_post":[],"_links":{"self":[{"href":"https:\/\/dev.codekraft.it\/rotary-2024\/wp-json\/wp\/v2\/product\/378069","targetHints":{"allow":["GET"]}}],"collection":[{"href":"https:\/\/dev.codekraft.it\/rotary-2024\/wp-json\/wp\/v2\/product"}],"about":[{"href":"https:\/\/dev.codekraft.it\/rotary-2024\/wp-json\/wp\/v2\/types\/product"}],"wp:featuredmedia":[{"embeddable":true,"href":"https:\/\/dev.codekraft.it\/rotary-2024\/wp-json\/wp\/v2\/media\/349090"}],"wp:attachment":[{"href":"https:\/\/dev.codekraft.it\/rotary-2024\/wp-json\/wp\/v2\/media?parent=378069"}],"wp:term":[{"taxonomy":"product_brand","embeddable":true,"href":"https:\/\/dev.codekraft.it\/rotary-2024\/wp-json\/wp\/v2\/product_brand?post=378069"},{"taxonomy":"product_cat","embeddable":true,"href":"https:\/\/dev.codekraft.it\/rotary-2024\/wp-json\/wp\/v2\/product_cat?post=378069"},{"taxonomy":"product_tag","embeddable":true,"href":"https:\/\/dev.codekraft.it\/rotary-2024\/wp-json\/wp\/v2\/product_tag?post=378069"},{"taxonomy":"product_approvals","embeddable":true,"href":"https:\/\/dev.codekraft.it\/rotary-2024\/wp-json\/wp\/v2\/product_approvals?post=378069"},{"taxonomy":"product_application","embeddable":true,"href":"https:\/\/dev.codekraft.it\/rotary-2024\/wp-json\/wp\/v2\/product_application?post=378069"}],"curies":[{"name":"wp","href":"https:\/\/api.w.org\/{rel}","templated":true}]}}