{"id":378047,"date":"2024-06-20T10:14:03","date_gmt":"2024-06-20T10:14:03","guid":{"rendered":"https:\/\/dev.codekraft.it\/rotary-2024\/products\/uncategorized\/regolatore-di-pressione-per-pneumatici-portatile-pneustar-2\/"},"modified":"2024-06-20T10:14:03","modified_gmt":"2024-06-20T10:14:03","slug":"regolatore-di-pressione-per-pneumatici-portatile-pneustar-2","status":"publish","type":"product","link":"https:\/\/dev.codekraft.it\/rotary-2024\/it\/prodotti\/servizio-gomme-it\/gonfiatore-pneumatici-it\/regolatore-di-pressione-per-pneumatici-portatile-pneustar-2\/","title":{"rendered":"Regolatore di pressione per pneumatici portatile Pneustar 2"},"content":{"rendered":"<p>Il regolatore di gonfiaggio pneumatici portatile Pneustar 2 con serbatoio di riserva consente di trasportare aria compressa in qualsiasi momento.<\/p>\n<ul>\n<li>Regolatore di gonfiaggio pneumatici portatile<\/li>\n<li>Serbatoio di riserva di aria compressa con un volume di riempimento di 6 l<\/li>\n<li>Dispositivo automatico di gonfiaggio<\/li>\n<\/ul>\n<ul>\n<li>Manometro di precisione inclinato (\u00d8 160 mm): Garantisce un drenaggio dell&#8217;acqua ottimale e una perfetta leggibilit\u00e0 non abbagliante.<\/li>\n<li>Serbatoio di riserva di aria compressa: Alimentazione di aria compressa in versione zincata con un volume di gonfiaggio di 6 I.<\/li>\n<li>Disco di sicurezza sostituibile: La praticit\u00e0 \u00e8 una priorit\u00e0 &#8211; per ridurre i costi di manutenzione.<\/li>\n<li>Ampia distanza tra la campana di gonfiaggio e il manometro: Protegge il manometro di precisione quando si solleva il regolatore di pressione dal dispositivo di gonfiaggio.<\/li>\n<li>Tubo di gonfiaggio lungo 800 mm: In congiunzione con la doppia bocchetta per stazioni di servizio fornita come standard, anche le valvole difficilmente accessibili possono essere raggiunte &#8211; le mani rimangono pulite in qualsiasi momento.<\/li>\n<li>Design dal peso ottimizzato: Utilizzando leghe di alluminio leggere e plastica resistente all&#8217;impatto, il peso complessivo \u00e8 ridotto al minimo.<\/li>\n<li>Sicuro contro la sovrapressione fino a 16 bar: In caso di un&#8217;accidentale alimentazione eccessiva di pressione, il meccanismo di protezione integrato impedisce che il manometro venga danneggiato.<\/li>\n<li>Approvazione PTB: Tutti i regolatori di gonfiaggio per pneumatici BLITZ sono stati approvati dal PTB (Physikalisch-Technische Bundesanstalt Braunschweig).<\/li>\n<li>Baricentro: Il design intelligente garantisce un elevato livello di stabilit\u00e0.<\/li>\n<\/ul>\n<ul>\n<li>Impugnatura in gomma ergonomica: Il materiale antiscivolo e sicuro per la pelle garantisce un grande comfort quando si trasporta il regolatore di gonfiaggio per pneumatici.<\/li>\n<li>Piede di supporto in elastomero: Le forti propriet\u00e0 di smorzamento del materiale servono a proteggere il manometro in caso di caduta accidentale.<\/li>\n<li>Due pulsanti di comando: I pulsanti che rendono semplice l&#8217;erogazione di aria compressa sono protetti contro l&#8217;acqua e la polvere e vengono utilizzati per il gonfiaggio e lo sgonfiaggio.<\/li>\n<li>Dispositivo automatico di gonfiaggio: Il dispositivo di gonfiaggio, costituito da una campana di gonfiaggio e una valvola di gonfiaggio (controparte), viene anche utilizzato per alloggiare il regolatore di gonfiaggio per pneumatici.<\/li>\n<\/ul>\n","protected":false},"excerpt":{"rendered":"<p>0-10 bar (0-140 psi), Tubo flessibile con connettore per distributori a due lati<\/p>\n","protected":false},"featured_media":349123,"template":"","meta":[],"product_brand":[],"product_cat":[1033616],"product_tag":[1034166,1034148,1034131,1034200,1034183,1034217,1035651,1035685,1035668,1034251,1034234],"product_approvals":[1014536],"product_application":[],"class_list":{"0":"post-378047","1":"product","2":"type-product","3":"status-publish","4":"has-post-thumbnail","6":"product_cat-gonfiatore-pneumatici-it","7":"product_tag-passenger-cars-it","8":"product_tag-buses-it","9":"product_tag-trucks-it","10":"product_tag-motor-homes-it","11":"product_tag-light-commercial-it","12":"product_tag-agricultural-machines-it","13":"product_tag-motorbikes-it","14":"product_tag-quad-bikes-it","15":"product_tag-scooter-it","16":"product_tag-trailer-it","17":"product_tag-tracked-vehicles-it","18":"product_approvals-mercedes-benz-it","20":"first","21":"instock","22":"shipping-taxable","23":"product-type-simple"},"approvals":[{"term_id":1014536,"name":"Mercedes-Benz","slug":"mercedes-benz-it","term_group":0,"term_taxonomy_id":1014535,"taxonomy":"product_approvals","description":"","parent":0,"count":43,"filter":"raw"}],"application":[],"brb_media_brochure":[{"id":349032,"url":"https:\/\/dev.codekraft.it\/rotary-2024\/wp-content\/uploads\/brb_media\/00355450_tyre-pressure-regulator-br-110086-de-2016-12-screen.pdf","title":"tyre pressure regulator br 110086 de 2016 12 screen","mpn":"","thumbnail":"https:\/\/dev.codekraft.it\/rotary-2024\/wp-content\/uploads\/brb_media\/00355450_tyre-pressure-regulator-br-110086-de-2016-12-screen-pdf-150x106.png","description":""},{"id":349033,"url":"https:\/\/dev.codekraft.it\/rotary-2024\/wp-content\/uploads\/brb_media\/00224232_reifendruckregler_en_2010_11_screen.pdf","title":"reifendruckregler en 2010 11 screen","mpn":"","thumbnail":"https:\/\/dev.codekraft.it\/rotary-2024\/wp-content\/uploads\/brb_media\/00224232_reifendruckregler_en_2010_11_screen-pdf-106x150.png","description":""},{"id":349035,"url":"https:\/\/dev.codekraft.it\/rotary-2024\/wp-content\/uploads\/brb_media\/00355452_tyre-pressure-regulator-br-110088-fr-2016-12-screen.pdf","title":"tyre pressure regulator br 110088 fr 2016 12 screen","mpn":"","thumbnail":"https:\/\/dev.codekraft.it\/rotary-2024\/wp-content\/uploads\/brb_media\/00355452_tyre-pressure-regulator-br-110088-fr-2016-12-screen-pdf-150x106.png","description":""},{"id":349036,"url":"https:\/\/dev.codekraft.it\/rotary-2024\/wp-content\/uploads\/brb_media\/00355453_tyre-pressure-regulator-br-110089-it-2016-12-screen.pdf","title":"tyre pressure regulator br 110089 it 2016 12 screen","mpn":"","thumbnail":"https:\/\/dev.codekraft.it\/rotary-2024\/wp-content\/uploads\/brb_media\/00355453_tyre-pressure-regulator-br-110089-it-2016-12-screen-pdf-150x106.png","description":""},{"id":349034,"url":"https:\/\/dev.codekraft.it\/rotary-2024\/wp-content\/uploads\/brb_media\/00355454_tyre-pressure-regulator-br-110090-es-2016-12-screen.pdf","title":"tyre pressure regulator br 110090 es 2016 12 screen","mpn":"","thumbnail":"https:\/\/dev.codekraft.it\/rotary-2024\/wp-content\/uploads\/brb_media\/00355454_tyre-pressure-regulator-br-110090-es-2016-12-screen-pdf-150x106.png","description":""},{"id":349037,"url":"https:\/\/dev.codekraft.it\/rotary-2024\/wp-content\/uploads\/brb_media\/00355456_tyre-pressure-regulator-br-110087-ru-2016-12-screen.pdf","title":"tyre pressure regulator br 110087 ru 2016 12 screen","mpn":"","thumbnail":"https:\/\/dev.codekraft.it\/rotary-2024\/wp-content\/uploads\/brb_media\/00355456_tyre-pressure-regulator-br-110087-ru-2016-12-screen-pdf-150x106.png","description":""},{"id":349056,"url":"https:\/\/dev.codekraft.it\/rotary-2024\/wp-content\/uploads\/brb_media\/00472565_mercedes-benz-portfolio-br-128719-de-2021-03_screen.pdf","title":"Mercedes Benz Portfolio BR 128719 de 2021 03 screen","mpn":"","thumbnail":"https:\/\/dev.codekraft.it\/rotary-2024\/wp-content\/uploads\/brb_media\/00472565_mercedes-benz-portfolio-br-128719-de-2021-03_screen-pdf-106x150.png","description":""},{"id":349057,"url":"https:\/\/dev.codekraft.it\/rotary-2024\/wp-content\/uploads\/brb_media\/00472566_mercedes-benz-portfolio-br-128720-en-2021-03_screen.pdf","title":"Mercedes Benz Portfolio BR 128720 en 2021 03 screen","mpn":"","thumbnail":"https:\/\/dev.codekraft.it\/rotary-2024\/wp-content\/uploads\/brb_media\/00472566_mercedes-benz-portfolio-br-128720-en-2021-03_screen-pdf-106x150.png","description":""},{"id":349058,"url":"https:\/\/dev.codekraft.it\/rotary-2024\/wp-content\/uploads\/brb_media\/00472570_mercedes-benz-portfolio-br-128721-fr-2021-03_screen.pdf","title":"Mercedes Benz Portfolio BR 128721 fr 2021 03 screen","mpn":"","thumbnail":"https:\/\/dev.codekraft.it\/rotary-2024\/wp-content\/uploads\/brb_media\/00472570_mercedes-benz-portfolio-br-128721-fr-2021-03_screen-pdf-106x150.png","description":""},{"id":349059,"url":"https:\/\/dev.codekraft.it\/rotary-2024\/wp-content\/uploads\/brb_media\/00472567_mercedes-benz-portfolio-br-128722-it-2021-03_screen.pdf","title":"Mercedes Benz Portfolio BR 128722 it 2021 03 screen","mpn":"","thumbnail":"https:\/\/dev.codekraft.it\/rotary-2024\/wp-content\/uploads\/brb_media\/00472567_mercedes-benz-portfolio-br-128722-it-2021-03_screen-pdf-106x150.png","description":""},{"id":349060,"url":"https:\/\/dev.codekraft.it\/rotary-2024\/wp-content\/uploads\/brb_media\/00472568_mercedes-benz-portfolio-br-128723-es-2021-03_screen.pdf","title":"Mercedes Benz Portfolio BR 128723 es 2021 03 screen","mpn":"","thumbnail":"https:\/\/dev.codekraft.it\/rotary-2024\/wp-content\/uploads\/brb_media\/00472568_mercedes-benz-portfolio-br-128723-es-2021-03_screen-pdf-106x150.png","description":""},{"id":349061,"url":"https:\/\/dev.codekraft.it\/rotary-2024\/wp-content\/uploads\/brb_media\/00472569_mercedes-benz-portfolio-br-128724-ru-2021-03_screen.pdf","title":"Mercedes Benz Portfolio BR 128724 ru 2021 03 screen","mpn":"","thumbnail":"https:\/\/dev.codekraft.it\/rotary-2024\/wp-content\/uploads\/brb_media\/00472569_mercedes-benz-portfolio-br-128724-ru-2021-03_screen-pdf-106x150.png","description":""}],"brb_media_drawing":"","brb_media_manuals":[{"id":349124,"url":"https:\/\/dev.codekraft.it\/rotary-2024\/wp-content\/uploads\/brb_media\/00359334_tyre-inflator-pneustar-2-wurth-om-de-en-fr-1999-10-print.pdf","title":"tyre inflator pneustar 2 wurth om de en fr 1999 10 print","mpn":"","thumbnail":"https:\/\/dev.codekraft.it\/rotary-2024\/wp-content\/uploads\/brb_media\/00359334_tyre-inflator-pneustar-2-wurth-om-de-en-fr-1999-10-print-pdf-106x150.png","description":""},{"id":349125,"url":"https:\/\/dev.codekraft.it\/rotary-2024\/wp-content\/uploads\/brb_media\/00022334_tyre-inflator-pneustar-2-wurth-om-de-en-fr-1999-10-screen.pdf","title":"tyre inflator pneustar 2 wurth om de en fr 1999 10 screen","mpn":"","thumbnail":"https:\/\/dev.codekraft.it\/rotary-2024\/wp-content\/uploads\/brb_media\/00022334_tyre-inflator-pneustar-2-wurth-om-de-en-fr-1999-10-screen-pdf-106x150.png","description":""},{"id":349126,"url":"https:\/\/dev.codekraft.it\/rotary-2024\/wp-content\/uploads\/brb_media\/00359335_tyre-inflator-pneustar-2-om-cn-1999-10-screen.pdf","title":"tyre inflator pneustar 2 om cn 1999 10 screen","mpn":"","thumbnail":"https:\/\/dev.codekraft.it\/rotary-2024\/wp-content\/uploads\/brb_media\/00359335_tyre-inflator-pneustar-2-om-cn-1999-10-screen-pdf-106x150.png","description":""},{"id":349127,"url":"https:\/\/dev.codekraft.it\/rotary-2024\/wp-content\/uploads\/brb_media\/00022335_tyre-inflator-pneustar-2-om-de-en-fr-1999-10-screen.pdf","title":"tyre inflator pneustar 2 om de en fr 1999 10 screen","mpn":"","thumbnail":"https:\/\/dev.codekraft.it\/rotary-2024\/wp-content\/uploads\/brb_media\/00022335_tyre-inflator-pneustar-2-om-de-en-fr-1999-10-screen-pdf-106x150.png","description":""},{"id":349128,"url":"https:\/\/dev.codekraft.it\/rotary-2024\/wp-content\/uploads\/brb_media\/00359336_tyre-inflator-pneustar-2-om-de-en-fr-1999-10-tyre-inflator-print.pdf","title":"tyre inflator pneustar 2 om de en fr 1999 10 tyre inflator print","mpn":"","thumbnail":"https:\/\/dev.codekraft.it\/rotary-2024\/wp-content\/uploads\/brb_media\/00359336_tyre-inflator-pneustar-2-om-de-en-fr-1999-10-tyre-inflator-print-pdf-106x150.png","description":""},{"id":349129,"url":"https:\/\/dev.codekraft.it\/rotary-2024\/wp-content\/uploads\/brb_media\/00359337_tyre-inflator-pneutest-sp-2544-de-1999-03.pdf","title":"tyre inflator pneutest sp 2544 de 1999 03","mpn":"","thumbnail":"https:\/\/dev.codekraft.it\/rotary-2024\/wp-content\/uploads\/brb_media\/00359337_tyre-inflator-pneutest-sp-2544-de-1999-03-pdf-106x150.png","description":""}],"brb_media_safety_datasheets":"","brb_media_spare_parts":[],"_cdmm_p_id":"561","_company":"Elektron","_gtin":"4057612001259","accessories":[],"components":[],"related":[],"page_logo_src":"https:\/\/dev.codekraft.it\/rotary-2024\/wp-content\/uploads\/2024\/05\/cropped-rotary-logo-2022.png","lang":"it","translations":{"it":378047,"en":378044,"de":378045,"fr":378046,"es":378048,"ru":378049},"pll_sync_post":[],"_links":{"self":[{"href":"https:\/\/dev.codekraft.it\/rotary-2024\/wp-json\/wp\/v2\/product\/378047","targetHints":{"allow":["GET"]}}],"collection":[{"href":"https:\/\/dev.codekraft.it\/rotary-2024\/wp-json\/wp\/v2\/product"}],"about":[{"href":"https:\/\/dev.codekraft.it\/rotary-2024\/wp-json\/wp\/v2\/types\/product"}],"wp:featuredmedia":[{"embeddable":true,"href":"https:\/\/dev.codekraft.it\/rotary-2024\/wp-json\/wp\/v2\/media\/349123"}],"wp:attachment":[{"href":"https:\/\/dev.codekraft.it\/rotary-2024\/wp-json\/wp\/v2\/media?parent=378047"}],"wp:term":[{"taxonomy":"product_brand","embeddable":true,"href":"https:\/\/dev.codekraft.it\/rotary-2024\/wp-json\/wp\/v2\/product_brand?post=378047"},{"taxonomy":"product_cat","embeddable":true,"href":"https:\/\/dev.codekraft.it\/rotary-2024\/wp-json\/wp\/v2\/product_cat?post=378047"},{"taxonomy":"product_tag","embeddable":true,"href":"https:\/\/dev.codekraft.it\/rotary-2024\/wp-json\/wp\/v2\/product_tag?post=378047"},{"taxonomy":"product_approvals","embeddable":true,"href":"https:\/\/dev.codekraft.it\/rotary-2024\/wp-json\/wp\/v2\/product_approvals?post=378047"},{"taxonomy":"product_application","embeddable":true,"href":"https:\/\/dev.codekraft.it\/rotary-2024\/wp-json\/wp\/v2\/product_application?post=378047"}],"curies":[{"name":"wp","href":"https:\/\/api.w.org\/{rel}","templated":true}]}}