{"id":378045,"date":"2024-06-20T10:13:52","date_gmt":"2024-06-20T10:13:52","guid":{"rendered":"https:\/\/dev.codekraft.it\/rotary-2024\/products\/uncategorized\/tragbarer-reifendruckregler-pneustar-2\/"},"modified":"2024-06-20T10:13:52","modified_gmt":"2024-06-20T10:13:52","slug":"tragbarer-reifendruckregler-pneustar-2","status":"publish","type":"product","link":"https:\/\/dev.codekraft.it\/rotary-2024\/produkte\/reifenservice-de\/reifenfuller-reifendruckprufer-de\/tragbarer-reifendruckregler-pneustar-2\/","title":{"rendered":"Tragbarer Reifendruckregler Pneustar 2"},"content":{"rendered":"<p>Der tragbare Reifendruckf\u00fcller Pneustar 2 mit Vorratsbeh\u00e4lter f\u00fchrt Druckluft immer mit an Bord.<\/p>\n<ul>\n<li>Tragbarer Reifendruckf\u00fcller<\/li>\n<li>Druckluft-Vorratsbeh\u00e4lter mit 6 l F\u00fcllvolumen<\/li>\n<li>Automatische F\u00fcllvorrichtung<\/li>\n<\/ul>\n<ul>\n<li>Schr\u00e4g gestelltes Pr\u00e4zisions-Manometer (\u00d8 160 mm): Sorgt f\u00fcr optimalen Wasserablauf und spiegelfreie Ablesbarkeit.<\/li>\n<li>Druckluft-Vorratsbeh\u00e4lter: Der mobile Druckluftvorrat in verzinkter Ausf\u00fchrung mit 6 l F\u00fcllvolumen.<\/li>\n<li>Auswechselbare Sicherheitsscheibe: Servicefreundlichkeit wird gro\u00df geschrieben &#8211; zur Reduzierung der Wartungskosten.<\/li>\n<li>Gro\u00dfer Abstand zwischen F\u00fcllglocke und Manometer: Sch\u00fctzt das Pr\u00e4zisions-Manometer beim Abheben des Reifendruckreglers von der F\u00fcllvorrichtung.<\/li>\n<li>800 mm langer F\u00fcllschlauch: In Verbindung mit dem serienm\u00e4\u00dfigen doppelseitigen Tankstellenstecker k\u00f6nnen selbst schwer zug\u00e4ngliche Ventile optimal erreicht werden &#8211; die H\u00e4nde bleiben dabei immer sauber.<\/li>\n<li>Gewichtsoptimierte Bauweise: Durch die Verwendung leichter Aluminiumlegierungen und schlagfester Kunststoffe wird das Gesamtgewicht auf ein Minimum reduziert.<\/li>\n<li>\u00dcberdrucksicher bis 16 bar: Integrierte Schutzmechanismen verhindern Sch\u00e4den am Manometer bei versehentlicher Druck\u00fcberversorgung.<\/li>\n<li>PTB-Zulassung: Alle BLITZ-Reifendruckregler besitzen die Zulassung durch die Physikalisch-Technische Bundesanstalt Braunschweig (PTB).<\/li>\n<li>Niedriger Schwerpunkt: Die intelliegente Konstruktion sorgt f\u00fcr eine besonders hohe Standsicherheit.<\/li>\n<\/ul>\n<ul>\n<li>Ergonomischer Gummihaltegriff: Das griffige, hautsympathische Material sorgt f\u00fcr angenehmen Tragekomfort des Reifendruckreglers.<\/li>\n<li>Elastomer-Absetzf\u00fc\u00dfe: Die starkd\u00e4mpfende Materialeigenschaft dient zum Schutz des Manometers bei unsanftem Absetzen.<\/li>\n<li>Zweiknopf-Bedienung: Die gut dosierbaren, wasser- und staubgesch\u00fctzten Bedienkn\u00f6pfe dienen zum Bef\u00fcllen und Ablassen.<\/li>\n<li>Automatische Nachf\u00fcllvorrichtung: Die Nachf\u00fcllvorrichtung, bestehend aus F\u00fcllglocke und F\u00fcllventil (Gegenst\u00fcck), dient gleichzeitig zur Aufbewahrung des Reifendruckreglers.<\/li>\n<\/ul>\n","protected":false},"excerpt":{"rendered":"<p>0-10 bar (0-140 psi), F\u00fcllschlauch mit doppelseitigem Tankstellenstecker<\/p>\n","protected":false},"featured_media":349123,"template":"","meta":[],"product_brand":[],"product_cat":[1033584],"product_tag":[1034260,1034143,1034229,1034212,1034126,1035646,1035663,1034161,1035680,1034178,1034195],"product_approvals":[1014530],"product_application":[],"class_list":{"0":"post-378045","1":"product","2":"type-product","3":"status-publish","4":"has-post-thumbnail","6":"product_cat-reifenfuller-reifendruckprufer-de","7":"product_tag-anhanger-de","8":"product_tag-buses-de","9":"product_tag-tracked-vehicles-de","10":"product_tag-agricultural-machines-de","11":"product_tag-trucks-de","12":"product_tag-motorbikes-de","13":"product_tag-scooter-de","14":"product_tag-passenger-cars-de","15":"product_tag-quad-bikes-de","16":"product_tag-light-commercial-de","17":"product_tag-motor-homes-de","18":"product_approvals-mercedes-benz-de","20":"first","21":"instock","22":"shipping-taxable","23":"product-type-simple"},"approvals":[{"term_id":1014530,"name":"Mercedes-Benz","slug":"mercedes-benz-de","term_group":0,"term_taxonomy_id":1014529,"taxonomy":"product_approvals","description":"","parent":0,"count":43,"filter":"raw"}],"application":[],"brb_media_brochure":[{"id":349032,"url":"https:\/\/dev.codekraft.it\/rotary-2024\/wp-content\/uploads\/brb_media\/00355450_tyre-pressure-regulator-br-110086-de-2016-12-screen.pdf","title":"tyre pressure regulator br 110086 de 2016 12 screen","mpn":"","thumbnail":"https:\/\/dev.codekraft.it\/rotary-2024\/wp-content\/uploads\/brb_media\/00355450_tyre-pressure-regulator-br-110086-de-2016-12-screen-pdf-150x106.png","description":""},{"id":349033,"url":"https:\/\/dev.codekraft.it\/rotary-2024\/wp-content\/uploads\/brb_media\/00224232_reifendruckregler_en_2010_11_screen.pdf","title":"reifendruckregler en 2010 11 screen","mpn":"","thumbnail":"https:\/\/dev.codekraft.it\/rotary-2024\/wp-content\/uploads\/brb_media\/00224232_reifendruckregler_en_2010_11_screen-pdf-106x150.png","description":""},{"id":349035,"url":"https:\/\/dev.codekraft.it\/rotary-2024\/wp-content\/uploads\/brb_media\/00355452_tyre-pressure-regulator-br-110088-fr-2016-12-screen.pdf","title":"tyre pressure regulator br 110088 fr 2016 12 screen","mpn":"","thumbnail":"https:\/\/dev.codekraft.it\/rotary-2024\/wp-content\/uploads\/brb_media\/00355452_tyre-pressure-regulator-br-110088-fr-2016-12-screen-pdf-150x106.png","description":""},{"id":349036,"url":"https:\/\/dev.codekraft.it\/rotary-2024\/wp-content\/uploads\/brb_media\/00355453_tyre-pressure-regulator-br-110089-it-2016-12-screen.pdf","title":"tyre pressure regulator br 110089 it 2016 12 screen","mpn":"","thumbnail":"https:\/\/dev.codekraft.it\/rotary-2024\/wp-content\/uploads\/brb_media\/00355453_tyre-pressure-regulator-br-110089-it-2016-12-screen-pdf-150x106.png","description":""},{"id":349034,"url":"https:\/\/dev.codekraft.it\/rotary-2024\/wp-content\/uploads\/brb_media\/00355454_tyre-pressure-regulator-br-110090-es-2016-12-screen.pdf","title":"tyre pressure regulator br 110090 es 2016 12 screen","mpn":"","thumbnail":"https:\/\/dev.codekraft.it\/rotary-2024\/wp-content\/uploads\/brb_media\/00355454_tyre-pressure-regulator-br-110090-es-2016-12-screen-pdf-150x106.png","description":""},{"id":349037,"url":"https:\/\/dev.codekraft.it\/rotary-2024\/wp-content\/uploads\/brb_media\/00355456_tyre-pressure-regulator-br-110087-ru-2016-12-screen.pdf","title":"tyre pressure regulator br 110087 ru 2016 12 screen","mpn":"","thumbnail":"https:\/\/dev.codekraft.it\/rotary-2024\/wp-content\/uploads\/brb_media\/00355456_tyre-pressure-regulator-br-110087-ru-2016-12-screen-pdf-150x106.png","description":""},{"id":349056,"url":"https:\/\/dev.codekraft.it\/rotary-2024\/wp-content\/uploads\/brb_media\/00472565_mercedes-benz-portfolio-br-128719-de-2021-03_screen.pdf","title":"Mercedes Benz Portfolio BR 128719 de 2021 03 screen","mpn":"","thumbnail":"https:\/\/dev.codekraft.it\/rotary-2024\/wp-content\/uploads\/brb_media\/00472565_mercedes-benz-portfolio-br-128719-de-2021-03_screen-pdf-106x150.png","description":""},{"id":349057,"url":"https:\/\/dev.codekraft.it\/rotary-2024\/wp-content\/uploads\/brb_media\/00472566_mercedes-benz-portfolio-br-128720-en-2021-03_screen.pdf","title":"Mercedes Benz Portfolio BR 128720 en 2021 03 screen","mpn":"","thumbnail":"https:\/\/dev.codekraft.it\/rotary-2024\/wp-content\/uploads\/brb_media\/00472566_mercedes-benz-portfolio-br-128720-en-2021-03_screen-pdf-106x150.png","description":""},{"id":349058,"url":"https:\/\/dev.codekraft.it\/rotary-2024\/wp-content\/uploads\/brb_media\/00472570_mercedes-benz-portfolio-br-128721-fr-2021-03_screen.pdf","title":"Mercedes Benz Portfolio BR 128721 fr 2021 03 screen","mpn":"","thumbnail":"https:\/\/dev.codekraft.it\/rotary-2024\/wp-content\/uploads\/brb_media\/00472570_mercedes-benz-portfolio-br-128721-fr-2021-03_screen-pdf-106x150.png","description":""},{"id":349059,"url":"https:\/\/dev.codekraft.it\/rotary-2024\/wp-content\/uploads\/brb_media\/00472567_mercedes-benz-portfolio-br-128722-it-2021-03_screen.pdf","title":"Mercedes Benz Portfolio BR 128722 it 2021 03 screen","mpn":"","thumbnail":"https:\/\/dev.codekraft.it\/rotary-2024\/wp-content\/uploads\/brb_media\/00472567_mercedes-benz-portfolio-br-128722-it-2021-03_screen-pdf-106x150.png","description":""},{"id":349060,"url":"https:\/\/dev.codekraft.it\/rotary-2024\/wp-content\/uploads\/brb_media\/00472568_mercedes-benz-portfolio-br-128723-es-2021-03_screen.pdf","title":"Mercedes Benz Portfolio BR 128723 es 2021 03 screen","mpn":"","thumbnail":"https:\/\/dev.codekraft.it\/rotary-2024\/wp-content\/uploads\/brb_media\/00472568_mercedes-benz-portfolio-br-128723-es-2021-03_screen-pdf-106x150.png","description":""},{"id":349061,"url":"https:\/\/dev.codekraft.it\/rotary-2024\/wp-content\/uploads\/brb_media\/00472569_mercedes-benz-portfolio-br-128724-ru-2021-03_screen.pdf","title":"Mercedes Benz Portfolio BR 128724 ru 2021 03 screen","mpn":"","thumbnail":"https:\/\/dev.codekraft.it\/rotary-2024\/wp-content\/uploads\/brb_media\/00472569_mercedes-benz-portfolio-br-128724-ru-2021-03_screen-pdf-106x150.png","description":""}],"brb_media_drawing":"","brb_media_manuals":[{"id":349124,"url":"https:\/\/dev.codekraft.it\/rotary-2024\/wp-content\/uploads\/brb_media\/00359334_tyre-inflator-pneustar-2-wurth-om-de-en-fr-1999-10-print.pdf","title":"tyre inflator pneustar 2 wurth om de en fr 1999 10 print","mpn":"","thumbnail":"https:\/\/dev.codekraft.it\/rotary-2024\/wp-content\/uploads\/brb_media\/00359334_tyre-inflator-pneustar-2-wurth-om-de-en-fr-1999-10-print-pdf-106x150.png","description":""},{"id":349125,"url":"https:\/\/dev.codekraft.it\/rotary-2024\/wp-content\/uploads\/brb_media\/00022334_tyre-inflator-pneustar-2-wurth-om-de-en-fr-1999-10-screen.pdf","title":"tyre inflator pneustar 2 wurth om de en fr 1999 10 screen","mpn":"","thumbnail":"https:\/\/dev.codekraft.it\/rotary-2024\/wp-content\/uploads\/brb_media\/00022334_tyre-inflator-pneustar-2-wurth-om-de-en-fr-1999-10-screen-pdf-106x150.png","description":""},{"id":349126,"url":"https:\/\/dev.codekraft.it\/rotary-2024\/wp-content\/uploads\/brb_media\/00359335_tyre-inflator-pneustar-2-om-cn-1999-10-screen.pdf","title":"tyre inflator pneustar 2 om cn 1999 10 screen","mpn":"","thumbnail":"https:\/\/dev.codekraft.it\/rotary-2024\/wp-content\/uploads\/brb_media\/00359335_tyre-inflator-pneustar-2-om-cn-1999-10-screen-pdf-106x150.png","description":""},{"id":349127,"url":"https:\/\/dev.codekraft.it\/rotary-2024\/wp-content\/uploads\/brb_media\/00022335_tyre-inflator-pneustar-2-om-de-en-fr-1999-10-screen.pdf","title":"tyre inflator pneustar 2 om de en fr 1999 10 screen","mpn":"","thumbnail":"https:\/\/dev.codekraft.it\/rotary-2024\/wp-content\/uploads\/brb_media\/00022335_tyre-inflator-pneustar-2-om-de-en-fr-1999-10-screen-pdf-106x150.png","description":""},{"id":349128,"url":"https:\/\/dev.codekraft.it\/rotary-2024\/wp-content\/uploads\/brb_media\/00359336_tyre-inflator-pneustar-2-om-de-en-fr-1999-10-tyre-inflator-print.pdf","title":"tyre inflator pneustar 2 om de en fr 1999 10 tyre inflator print","mpn":"","thumbnail":"https:\/\/dev.codekraft.it\/rotary-2024\/wp-content\/uploads\/brb_media\/00359336_tyre-inflator-pneustar-2-om-de-en-fr-1999-10-tyre-inflator-print-pdf-106x150.png","description":""},{"id":349129,"url":"https:\/\/dev.codekraft.it\/rotary-2024\/wp-content\/uploads\/brb_media\/00359337_tyre-inflator-pneutest-sp-2544-de-1999-03.pdf","title":"tyre inflator pneutest sp 2544 de 1999 03","mpn":"","thumbnail":"https:\/\/dev.codekraft.it\/rotary-2024\/wp-content\/uploads\/brb_media\/00359337_tyre-inflator-pneutest-sp-2544-de-1999-03-pdf-106x150.png","description":""}],"brb_media_safety_datasheets":"","brb_media_spare_parts":[],"_cdmm_p_id":"561","_company":"Elektron","_gtin":"4057612001259","accessories":[],"components":[],"related":[],"page_logo_src":"https:\/\/dev.codekraft.it\/rotary-2024\/wp-content\/uploads\/2024\/05\/cropped-rotary-logo-2022.png","lang":"de","translations":{"de":378045,"en":378044,"fr":378046,"it":378047,"es":378048,"ru":378049},"pll_sync_post":[],"_links":{"self":[{"href":"https:\/\/dev.codekraft.it\/rotary-2024\/wp-json\/wp\/v2\/product\/378045","targetHints":{"allow":["GET"]}}],"collection":[{"href":"https:\/\/dev.codekraft.it\/rotary-2024\/wp-json\/wp\/v2\/product"}],"about":[{"href":"https:\/\/dev.codekraft.it\/rotary-2024\/wp-json\/wp\/v2\/types\/product"}],"wp:featuredmedia":[{"embeddable":true,"href":"https:\/\/dev.codekraft.it\/rotary-2024\/wp-json\/wp\/v2\/media\/349123"}],"wp:attachment":[{"href":"https:\/\/dev.codekraft.it\/rotary-2024\/wp-json\/wp\/v2\/media?parent=378045"}],"wp:term":[{"taxonomy":"product_brand","embeddable":true,"href":"https:\/\/dev.codekraft.it\/rotary-2024\/wp-json\/wp\/v2\/product_brand?post=378045"},{"taxonomy":"product_cat","embeddable":true,"href":"https:\/\/dev.codekraft.it\/rotary-2024\/wp-json\/wp\/v2\/product_cat?post=378045"},{"taxonomy":"product_tag","embeddable":true,"href":"https:\/\/dev.codekraft.it\/rotary-2024\/wp-json\/wp\/v2\/product_tag?post=378045"},{"taxonomy":"product_approvals","embeddable":true,"href":"https:\/\/dev.codekraft.it\/rotary-2024\/wp-json\/wp\/v2\/product_approvals?post=378045"},{"taxonomy":"product_application","embeddable":true,"href":"https:\/\/dev.codekraft.it\/rotary-2024\/wp-json\/wp\/v2\/product_application?post=378045"}],"curies":[{"name":"wp","href":"https:\/\/api.w.org\/{rel}","templated":true}]}}