{"id":378040,"date":"2024-06-20T10:13:55","date_gmt":"2024-06-20T10:13:55","guid":{"rendered":"https:\/\/dev.codekraft.it\/rotary-2024\/products\/uncategorized\/regulateurs-portables-de-pression-des-pneus-pneustar-2-n2\/"},"modified":"2024-06-20T10:13:55","modified_gmt":"2024-06-20T10:13:55","slug":"regulateurs-portables-de-pression-des-pneus-pneustar-2-n2","status":"publish","type":"product","link":"https:\/\/dev.codekraft.it\/rotary-2024\/fr\/produits\/service-de-pneus-fr\/gonfleur-manometres-pression-pneu-fr\/regulateurs-portables-de-pression-des-pneus-pneustar-2-n2\/","title":{"rendered":"R\u00e9gulateurs portables de pression des pneus Pneustar 2 N2"},"content":{"rendered":"<ul>\n<li><strong>Manom\u00e8tre de pr\u00e9cision plac\u00e9 de fa\u00e7on inclin\u00e9e (\u00d8 160 mm):<\/strong> Il permet un \u00e9coulement optimal de l\u2019eau et une lecture non r\u00e9fl\u00e9chissante.<\/li>\n<li><strong>R\u00e9servoir de stockage de l\u2019air comprim\u00e9: <\/strong>La r\u00e9serve d\u2019air comprim\u00e9 mobile dans un mod\u00e8le galvanis\u00e9 avec un volume de gonflage de 6 l\n<li>Disque de s\u00e9curit\u00e9 \u00e9changeable: Le service apr\u00e8s-vente joue un r\u00f4le important chez nous afin de r\u00e9duire les co\u00fbts de maintenance.<\/li>\n<li><strong>Grande distance entre la cloche de gonflage et le manom\u00e8tre:<\/strong> Elle permet de prot\u00e9ger le manom\u00e8tre de pr\u00e9cision lors du retrait par \u00e9l\u00e9vation du r\u00e9gulateur de la pression des pneus du dispositif de gonflage.<\/li>\n<li><strong>Poign\u00e9e ergonomique en caoutchouc:<\/strong> Le mat\u00e9riel antid\u00e9rapant, qui n\u2019ab\u00eeme pas la peau, permet un confort de port agr\u00e9able du r\u00e9gulateur de pression des pneus.<\/li>\n<li><strong>Tuyau de gonflage de 800 mm de longueur:<\/strong> En liaison avec un connecteur pour station-service en s\u00e9rie bilat\u00e9ral, m\u00eame des valves difficilement accessibles peuvent \u00eatre atteintes de fa\u00e7on optimale et les mains restent toujours propres.<\/li>\n<li><strong>Conception au poids optimis\u00e9:<\/strong> Gr\u00e2ce \u00e0 l\u2019utilisation d\u2019alliages l\u00e9gers d\u2019aluminium et de mati\u00e8res plastiques r\u00e9sistantes aux chocs, le poids total est r\u00e9duit au minimum.<\/li>\n<li><strong>Protection contre la surpression jusqu\u2019\u00e0 16 bars:<\/strong> Des m\u00e9canismes de protection int\u00e9gr\u00e9s emp\u00eachent le manom\u00e8tre d\u2019\u00eatre endommag\u00e9 en cas d\u2019alimentation excessive involontaire en pression.<\/li>\n<li><strong>Dispositif de gonflage automatique:<\/strong> Le dispositif de gonflage, compos\u00e9 de la cloche de gonflage et de la valve de gonflage (pendant), sert \u00e9galement \u00e0 <strong>ranger le r\u00e9gulateur de la pression des pneus.<\/strong>\n<li><strong>Commande \u00e0 deux boutons:<\/strong> Les boutons de commande, facilement r\u00e9glables, prot\u00e9g\u00e9s de l\u2019eau et de la poussi\u00e8re, servent au gonflage et \u00e0 l\u2019\u00e9chappement de l\u2019air.<\/li>\n<li><strong>Autorisation PTB:<\/strong> Tous les r\u00e9gulateurs de pression des pneus BLITZ disposent de l\u2019autorisation de l\u2019Institut f\u00e9d\u00e9ral physicotechnique de Braunschweig (PTB).<\/li>\n<li><strong>Pieds de support en \u00e9lastom\u00e8re:<\/strong> la propri\u00e9t\u00e9 d\u2019amortissement \u00e9lev\u00e9 du mat\u00e9riau sert \u00e0 la protection du manom\u00e8tre en cas de pose brutale.<\/li>\n<li><strong>Centre de gravit\u00e9 bas:<\/strong> La construction intelligente veuille \u00e0 une stabilit\u00e9 statique particuli\u00e8rement \u00e9lev\u00e9e.<\/li>\n<\/ul>\n","protected":false},"excerpt":{"rendered":"<p>0-10 bar (0-140 psi), pour le remplissage avec azote, Tuyau de gonflage avec connecteur pour station-service bilat\u00e9ral<\/p>\n","protected":false},"featured_media":349137,"template":"","meta":[],"product_brand":[],"product_cat":[1033600],"product_tag":[1034145,1034128,1034197,1035648,1035682,1034262,1035665,1034180,1034214,1034163],"product_approvals":[],"product_application":[],"class_list":{"0":"post-378040","1":"product","2":"type-product","3":"status-publish","4":"has-post-thumbnail","6":"product_cat-gonfleur-manometres-pression-pneu-fr","7":"product_tag-buses-fr","8":"product_tag-trucks-fr","9":"product_tag-motor-homes-fr","10":"product_tag-motorbikes-fr","11":"product_tag-quad-bikes-fr","12":"product_tag-remorques-fr","13":"product_tag-scooter-fr","14":"product_tag-light-commercial-fr","15":"product_tag-agricultural-machines-fr","16":"product_tag-passenger-cars-fr","18":"first","19":"instock","20":"shipping-taxable","21":"product-type-simple"},"approvals":[],"application":[],"brb_media_brochure":[{"id":349032,"url":"https:\/\/dev.codekraft.it\/rotary-2024\/wp-content\/uploads\/brb_media\/00355450_tyre-pressure-regulator-br-110086-de-2016-12-screen.pdf","title":"tyre pressure regulator br 110086 de 2016 12 screen","mpn":"","thumbnail":"https:\/\/dev.codekraft.it\/rotary-2024\/wp-content\/uploads\/brb_media\/00355450_tyre-pressure-regulator-br-110086-de-2016-12-screen-pdf-150x106.png","description":""},{"id":349033,"url":"https:\/\/dev.codekraft.it\/rotary-2024\/wp-content\/uploads\/brb_media\/00224232_reifendruckregler_en_2010_11_screen.pdf","title":"reifendruckregler en 2010 11 screen","mpn":"","thumbnail":"https:\/\/dev.codekraft.it\/rotary-2024\/wp-content\/uploads\/brb_media\/00224232_reifendruckregler_en_2010_11_screen-pdf-106x150.png","description":""},{"id":349035,"url":"https:\/\/dev.codekraft.it\/rotary-2024\/wp-content\/uploads\/brb_media\/00355452_tyre-pressure-regulator-br-110088-fr-2016-12-screen.pdf","title":"tyre pressure regulator br 110088 fr 2016 12 screen","mpn":"","thumbnail":"https:\/\/dev.codekraft.it\/rotary-2024\/wp-content\/uploads\/brb_media\/00355452_tyre-pressure-regulator-br-110088-fr-2016-12-screen-pdf-150x106.png","description":""},{"id":349036,"url":"https:\/\/dev.codekraft.it\/rotary-2024\/wp-content\/uploads\/brb_media\/00355453_tyre-pressure-regulator-br-110089-it-2016-12-screen.pdf","title":"tyre pressure regulator br 110089 it 2016 12 screen","mpn":"","thumbnail":"https:\/\/dev.codekraft.it\/rotary-2024\/wp-content\/uploads\/brb_media\/00355453_tyre-pressure-regulator-br-110089-it-2016-12-screen-pdf-150x106.png","description":""},{"id":349034,"url":"https:\/\/dev.codekraft.it\/rotary-2024\/wp-content\/uploads\/brb_media\/00355454_tyre-pressure-regulator-br-110090-es-2016-12-screen.pdf","title":"tyre pressure regulator br 110090 es 2016 12 screen","mpn":"","thumbnail":"https:\/\/dev.codekraft.it\/rotary-2024\/wp-content\/uploads\/brb_media\/00355454_tyre-pressure-regulator-br-110090-es-2016-12-screen-pdf-150x106.png","description":""}],"brb_media_drawing":"","brb_media_manuals":[{"id":349124,"url":"https:\/\/dev.codekraft.it\/rotary-2024\/wp-content\/uploads\/brb_media\/00359334_tyre-inflator-pneustar-2-wurth-om-de-en-fr-1999-10-print.pdf","title":"tyre inflator pneustar 2 wurth om de en fr 1999 10 print","mpn":"","thumbnail":"https:\/\/dev.codekraft.it\/rotary-2024\/wp-content\/uploads\/brb_media\/00359334_tyre-inflator-pneustar-2-wurth-om-de-en-fr-1999-10-print-pdf-106x150.png","description":""},{"id":349125,"url":"https:\/\/dev.codekraft.it\/rotary-2024\/wp-content\/uploads\/brb_media\/00022334_tyre-inflator-pneustar-2-wurth-om-de-en-fr-1999-10-screen.pdf","title":"tyre inflator pneustar 2 wurth om de en fr 1999 10 screen","mpn":"","thumbnail":"https:\/\/dev.codekraft.it\/rotary-2024\/wp-content\/uploads\/brb_media\/00022334_tyre-inflator-pneustar-2-wurth-om-de-en-fr-1999-10-screen-pdf-106x150.png","description":""},{"id":349126,"url":"https:\/\/dev.codekraft.it\/rotary-2024\/wp-content\/uploads\/brb_media\/00359335_tyre-inflator-pneustar-2-om-cn-1999-10-screen.pdf","title":"tyre inflator pneustar 2 om cn 1999 10 screen","mpn":"","thumbnail":"https:\/\/dev.codekraft.it\/rotary-2024\/wp-content\/uploads\/brb_media\/00359335_tyre-inflator-pneustar-2-om-cn-1999-10-screen-pdf-106x150.png","description":""},{"id":349127,"url":"https:\/\/dev.codekraft.it\/rotary-2024\/wp-content\/uploads\/brb_media\/00022335_tyre-inflator-pneustar-2-om-de-en-fr-1999-10-screen.pdf","title":"tyre inflator pneustar 2 om de en fr 1999 10 screen","mpn":"","thumbnail":"https:\/\/dev.codekraft.it\/rotary-2024\/wp-content\/uploads\/brb_media\/00022335_tyre-inflator-pneustar-2-om-de-en-fr-1999-10-screen-pdf-106x150.png","description":""},{"id":349128,"url":"https:\/\/dev.codekraft.it\/rotary-2024\/wp-content\/uploads\/brb_media\/00359336_tyre-inflator-pneustar-2-om-de-en-fr-1999-10-tyre-inflator-print.pdf","title":"tyre inflator pneustar 2 om de en fr 1999 10 tyre inflator print","mpn":"","thumbnail":"https:\/\/dev.codekraft.it\/rotary-2024\/wp-content\/uploads\/brb_media\/00359336_tyre-inflator-pneustar-2-om-de-en-fr-1999-10-tyre-inflator-print-pdf-106x150.png","description":""},{"id":349129,"url":"https:\/\/dev.codekraft.it\/rotary-2024\/wp-content\/uploads\/brb_media\/00359337_tyre-inflator-pneutest-sp-2544-de-1999-03.pdf","title":"tyre inflator pneutest sp 2544 de 1999 03","mpn":"","thumbnail":"https:\/\/dev.codekraft.it\/rotary-2024\/wp-content\/uploads\/brb_media\/00359337_tyre-inflator-pneutest-sp-2544-de-1999-03-pdf-106x150.png","description":""}],"brb_media_safety_datasheets":"","brb_media_spare_parts":[],"_cdmm_p_id":"562","_company":"Elektron","_gtin":"4057612128840","accessories":[],"components":[],"related":[],"page_logo_src":"https:\/\/dev.codekraft.it\/rotary-2024\/wp-content\/uploads\/2024\/05\/cropped-rotary-logo-2022.png","lang":"fr","translations":{"fr":378040,"en":378038,"de":378039,"it":378041,"es":378042,"ru":378043},"pll_sync_post":[],"_links":{"self":[{"href":"https:\/\/dev.codekraft.it\/rotary-2024\/wp-json\/wp\/v2\/product\/378040","targetHints":{"allow":["GET"]}}],"collection":[{"href":"https:\/\/dev.codekraft.it\/rotary-2024\/wp-json\/wp\/v2\/product"}],"about":[{"href":"https:\/\/dev.codekraft.it\/rotary-2024\/wp-json\/wp\/v2\/types\/product"}],"wp:featuredmedia":[{"embeddable":true,"href":"https:\/\/dev.codekraft.it\/rotary-2024\/wp-json\/wp\/v2\/media\/349137"}],"wp:attachment":[{"href":"https:\/\/dev.codekraft.it\/rotary-2024\/wp-json\/wp\/v2\/media?parent=378040"}],"wp:term":[{"taxonomy":"product_brand","embeddable":true,"href":"https:\/\/dev.codekraft.it\/rotary-2024\/wp-json\/wp\/v2\/product_brand?post=378040"},{"taxonomy":"product_cat","embeddable":true,"href":"https:\/\/dev.codekraft.it\/rotary-2024\/wp-json\/wp\/v2\/product_cat?post=378040"},{"taxonomy":"product_tag","embeddable":true,"href":"https:\/\/dev.codekraft.it\/rotary-2024\/wp-json\/wp\/v2\/product_tag?post=378040"},{"taxonomy":"product_approvals","embeddable":true,"href":"https:\/\/dev.codekraft.it\/rotary-2024\/wp-json\/wp\/v2\/product_approvals?post=378040"},{"taxonomy":"product_application","embeddable":true,"href":"https:\/\/dev.codekraft.it\/rotary-2024\/wp-json\/wp\/v2\/product_application?post=378040"}],"curies":[{"name":"wp","href":"https:\/\/api.w.org\/{rel}","templated":true}]}}