{"id":378039,"date":"2024-06-20T10:13:52","date_gmt":"2024-06-20T10:13:52","guid":{"rendered":"https:\/\/dev.codekraft.it\/rotary-2024\/products\/uncategorized\/tragbarer-reifendruckregler-pneustar-2-n2\/"},"modified":"2024-06-20T10:13:52","modified_gmt":"2024-06-20T10:13:52","slug":"tragbarer-reifendruckregler-pneustar-2-n2","status":"publish","type":"product","link":"https:\/\/dev.codekraft.it\/rotary-2024\/produkte\/reifenservice-de\/reifenfuller-reifendruckprufer-de\/tragbarer-reifendruckregler-pneustar-2-n2\/","title":{"rendered":"Tragbarer Reifendruckregler Pneustar 2 N2"},"content":{"rendered":"<ul>\n<li><strong>Schr\u00e4g gestelltes Pr\u00e4zisions-Manometer (\u00d8 160 mm):<\/strong> Sorgt f\u00fcr optimalen Wasserablauf und spiegelfreie Ablesbarkeit.<\/li>\n<li><strong>Druckluft-Vorratsbeh\u00e4lter:<\/strong> Der mobile Druckluftvorrat in verzinkter Ausf\u00fchrung mit 6 l F\u00fcllvolumen.<\/li>\n<li><strong>Auswechselbare Sicherheitsscheibe:<\/strong> Servicefreundlichkeit wird gro\u00df geschrieben \u2013 zur Reduzierung der Wartungskosten.<\/li>\n<li><strong>Gro\u00dfer Abstand zwischen F\u00fcllglocke und Manometer:<\/strong> Sch\u00fctzt das Pr\u00e4zisions-Manometer beim Abheben des Reifendruckreglers von der F\u00fcllvorrichtung.<\/li>\n<li><strong>Ergonomischer Gummihaltegriff:<\/strong> Das griffige, hautsympatische Material sorgt f\u00fcr angenehmen Tragekomfort des Reifendruckreglers.<\/li>\n<li><strong>800 mm langer F\u00fcllschlauch:<\/strong> In Verbindung mit dem serienm\u00e4\u00dfigen doppelseitigen Tankstellenstecker k\u00f6nnen selbst schwer zug\u00e4ngliche Ventile optimal erreicht werden \u2013 die H\u00e4nde bleiben dabei immer sauber.<\/li>\n<li><strong>Gewichtsoptimierte Bauweise:<\/strong> Durch die Verwendung leichter Aluminiumlegierungen und schlagfester Kunststoffe wird das Gesamtgewicht auf ein Minimum reduziert.<\/li>\n<li><strong>\u00dcberdrucksicher bis 16 bar:<\/strong> Integrierte Schutzmechanismen verhindern Sch\u00e4den am Manometer bei versehentlicher Druck\u00fcberversorgung.<\/li>\n<li><strong>Automatische Nachf\u00fcllvorrichtung:<\/strong> Die Nachf\u00fcllvorrichtung, bestehend aus F\u00fcllglocke und F\u00fcllventil (Gegenst\u00fcck), dient gleichzeitig zur Aufbewahrung des Reifendruckreglers.<\/li>\n<li><strong>Zweiknopf-Bedienung:<\/strong> Die gut dosierbaren, wasser- und staubgesch\u00fctzten Bedienkn\u00f6pfe dienen zum Bef\u00fcllen und Ablassen.<\/li>\n<li><strong>PTB-Zulassung:<\/strong> Alle BLITZ-Reifendruckregler besitzen die Zulassung durch die Physikalisch-Technische Bundesanstalt Braunschweig (PTB).<\/li>\n<li><strong>Elastomer-Absetzf\u00fc\u00dfe:<\/strong> Die starkd\u00e4mpfende Materialeigenschaft dient zum Schutz des Manometers bei unsanftem Absetzen.<\/li>\n<li><strong>Niedriger Schwerpunkt:<\/strong> Die intelliegente Konstruktion sorgt f\u00fcr eine besonders hohe Standsicherheit.<\/li>\n<\/ul>\n","protected":false},"excerpt":{"rendered":"<p>0-10 bar (0-140 psi), zur Bef\u00fcllung mit Stickstoff, F\u00fcllschlauch mit doppelseitigem Tankstellenstecker<\/p>\n","protected":false},"featured_media":349137,"template":"","meta":[],"product_brand":[],"product_cat":[1033584],"product_tag":[1034260,1034143,1034212,1034126,1035646,1035663,1034161,1035680,1034178,1034195],"product_approvals":[],"product_application":[],"class_list":{"0":"post-378039","1":"product","2":"type-product","3":"status-publish","4":"has-post-thumbnail","6":"product_cat-reifenfuller-reifendruckprufer-de","7":"product_tag-anhanger-de","8":"product_tag-buses-de","9":"product_tag-agricultural-machines-de","10":"product_tag-trucks-de","11":"product_tag-motorbikes-de","12":"product_tag-scooter-de","13":"product_tag-passenger-cars-de","14":"product_tag-quad-bikes-de","15":"product_tag-light-commercial-de","16":"product_tag-motor-homes-de","18":"first","19":"instock","20":"shipping-taxable","21":"product-type-simple"},"approvals":[],"application":[],"brb_media_brochure":[{"id":349032,"url":"https:\/\/dev.codekraft.it\/rotary-2024\/wp-content\/uploads\/brb_media\/00355450_tyre-pressure-regulator-br-110086-de-2016-12-screen.pdf","title":"tyre pressure regulator br 110086 de 2016 12 screen","mpn":"","thumbnail":"https:\/\/dev.codekraft.it\/rotary-2024\/wp-content\/uploads\/brb_media\/00355450_tyre-pressure-regulator-br-110086-de-2016-12-screen-pdf-150x106.png","description":""},{"id":349033,"url":"https:\/\/dev.codekraft.it\/rotary-2024\/wp-content\/uploads\/brb_media\/00224232_reifendruckregler_en_2010_11_screen.pdf","title":"reifendruckregler en 2010 11 screen","mpn":"","thumbnail":"https:\/\/dev.codekraft.it\/rotary-2024\/wp-content\/uploads\/brb_media\/00224232_reifendruckregler_en_2010_11_screen-pdf-106x150.png","description":""},{"id":349035,"url":"https:\/\/dev.codekraft.it\/rotary-2024\/wp-content\/uploads\/brb_media\/00355452_tyre-pressure-regulator-br-110088-fr-2016-12-screen.pdf","title":"tyre pressure regulator br 110088 fr 2016 12 screen","mpn":"","thumbnail":"https:\/\/dev.codekraft.it\/rotary-2024\/wp-content\/uploads\/brb_media\/00355452_tyre-pressure-regulator-br-110088-fr-2016-12-screen-pdf-150x106.png","description":""},{"id":349036,"url":"https:\/\/dev.codekraft.it\/rotary-2024\/wp-content\/uploads\/brb_media\/00355453_tyre-pressure-regulator-br-110089-it-2016-12-screen.pdf","title":"tyre pressure regulator br 110089 it 2016 12 screen","mpn":"","thumbnail":"https:\/\/dev.codekraft.it\/rotary-2024\/wp-content\/uploads\/brb_media\/00355453_tyre-pressure-regulator-br-110089-it-2016-12-screen-pdf-150x106.png","description":""},{"id":349034,"url":"https:\/\/dev.codekraft.it\/rotary-2024\/wp-content\/uploads\/brb_media\/00355454_tyre-pressure-regulator-br-110090-es-2016-12-screen.pdf","title":"tyre pressure regulator br 110090 es 2016 12 screen","mpn":"","thumbnail":"https:\/\/dev.codekraft.it\/rotary-2024\/wp-content\/uploads\/brb_media\/00355454_tyre-pressure-regulator-br-110090-es-2016-12-screen-pdf-150x106.png","description":""}],"brb_media_drawing":"","brb_media_manuals":[{"id":349124,"url":"https:\/\/dev.codekraft.it\/rotary-2024\/wp-content\/uploads\/brb_media\/00359334_tyre-inflator-pneustar-2-wurth-om-de-en-fr-1999-10-print.pdf","title":"tyre inflator pneustar 2 wurth om de en fr 1999 10 print","mpn":"","thumbnail":"https:\/\/dev.codekraft.it\/rotary-2024\/wp-content\/uploads\/brb_media\/00359334_tyre-inflator-pneustar-2-wurth-om-de-en-fr-1999-10-print-pdf-106x150.png","description":""},{"id":349125,"url":"https:\/\/dev.codekraft.it\/rotary-2024\/wp-content\/uploads\/brb_media\/00022334_tyre-inflator-pneustar-2-wurth-om-de-en-fr-1999-10-screen.pdf","title":"tyre inflator pneustar 2 wurth om de en fr 1999 10 screen","mpn":"","thumbnail":"https:\/\/dev.codekraft.it\/rotary-2024\/wp-content\/uploads\/brb_media\/00022334_tyre-inflator-pneustar-2-wurth-om-de-en-fr-1999-10-screen-pdf-106x150.png","description":""},{"id":349126,"url":"https:\/\/dev.codekraft.it\/rotary-2024\/wp-content\/uploads\/brb_media\/00359335_tyre-inflator-pneustar-2-om-cn-1999-10-screen.pdf","title":"tyre inflator pneustar 2 om cn 1999 10 screen","mpn":"","thumbnail":"https:\/\/dev.codekraft.it\/rotary-2024\/wp-content\/uploads\/brb_media\/00359335_tyre-inflator-pneustar-2-om-cn-1999-10-screen-pdf-106x150.png","description":""},{"id":349127,"url":"https:\/\/dev.codekraft.it\/rotary-2024\/wp-content\/uploads\/brb_media\/00022335_tyre-inflator-pneustar-2-om-de-en-fr-1999-10-screen.pdf","title":"tyre inflator pneustar 2 om de en fr 1999 10 screen","mpn":"","thumbnail":"https:\/\/dev.codekraft.it\/rotary-2024\/wp-content\/uploads\/brb_media\/00022335_tyre-inflator-pneustar-2-om-de-en-fr-1999-10-screen-pdf-106x150.png","description":""},{"id":349128,"url":"https:\/\/dev.codekraft.it\/rotary-2024\/wp-content\/uploads\/brb_media\/00359336_tyre-inflator-pneustar-2-om-de-en-fr-1999-10-tyre-inflator-print.pdf","title":"tyre inflator pneustar 2 om de en fr 1999 10 tyre inflator print","mpn":"","thumbnail":"https:\/\/dev.codekraft.it\/rotary-2024\/wp-content\/uploads\/brb_media\/00359336_tyre-inflator-pneustar-2-om-de-en-fr-1999-10-tyre-inflator-print-pdf-106x150.png","description":""},{"id":349129,"url":"https:\/\/dev.codekraft.it\/rotary-2024\/wp-content\/uploads\/brb_media\/00359337_tyre-inflator-pneutest-sp-2544-de-1999-03.pdf","title":"tyre inflator pneutest sp 2544 de 1999 03","mpn":"","thumbnail":"https:\/\/dev.codekraft.it\/rotary-2024\/wp-content\/uploads\/brb_media\/00359337_tyre-inflator-pneutest-sp-2544-de-1999-03-pdf-106x150.png","description":""}],"brb_media_safety_datasheets":"","brb_media_spare_parts":[],"_cdmm_p_id":"562","_company":"Elektron","_gtin":"4057612128840","accessories":[],"components":[],"related":[],"page_logo_src":"https:\/\/dev.codekraft.it\/rotary-2024\/wp-content\/uploads\/2024\/05\/cropped-rotary-logo-2022.png","lang":"de","translations":{"de":378039,"en":378038,"fr":378040,"it":378041,"es":378042,"ru":378043},"pll_sync_post":[],"_links":{"self":[{"href":"https:\/\/dev.codekraft.it\/rotary-2024\/wp-json\/wp\/v2\/product\/378039","targetHints":{"allow":["GET"]}}],"collection":[{"href":"https:\/\/dev.codekraft.it\/rotary-2024\/wp-json\/wp\/v2\/product"}],"about":[{"href":"https:\/\/dev.codekraft.it\/rotary-2024\/wp-json\/wp\/v2\/types\/product"}],"wp:featuredmedia":[{"embeddable":true,"href":"https:\/\/dev.codekraft.it\/rotary-2024\/wp-json\/wp\/v2\/media\/349137"}],"wp:attachment":[{"href":"https:\/\/dev.codekraft.it\/rotary-2024\/wp-json\/wp\/v2\/media?parent=378039"}],"wp:term":[{"taxonomy":"product_brand","embeddable":true,"href":"https:\/\/dev.codekraft.it\/rotary-2024\/wp-json\/wp\/v2\/product_brand?post=378039"},{"taxonomy":"product_cat","embeddable":true,"href":"https:\/\/dev.codekraft.it\/rotary-2024\/wp-json\/wp\/v2\/product_cat?post=378039"},{"taxonomy":"product_tag","embeddable":true,"href":"https:\/\/dev.codekraft.it\/rotary-2024\/wp-json\/wp\/v2\/product_tag?post=378039"},{"taxonomy":"product_approvals","embeddable":true,"href":"https:\/\/dev.codekraft.it\/rotary-2024\/wp-json\/wp\/v2\/product_approvals?post=378039"},{"taxonomy":"product_application","embeddable":true,"href":"https:\/\/dev.codekraft.it\/rotary-2024\/wp-json\/wp\/v2\/product_application?post=378039"}],"curies":[{"name":"wp","href":"https:\/\/api.w.org\/{rel}","templated":true}]}}